{"id":4446,"date":"2025-10-22T08:01:53","date_gmt":"2025-10-22T08:01:53","guid":{"rendered":"https:\/\/vapestornado.com\/?post_type=product&#038;p=4446"},"modified":"2025-12-12T09:47:39","modified_gmt":"2025-12-12T09:47:39","slug":"stagbar-king-40000-40k-puff-rechargeable-disposable-vape-shop-online","status":"publish","type":"product","link":"https:\/\/vapestornado.com\/sl\/product\/stagbar-king-40000-40k-puff-rechargeable-disposable-vape-shop-online\/","title":{"rendered":"Stagbar King 40000 40K Puff Napolnjenega Enkratnega Vape Trgovina Na Spletu"},"content":{"rendered":"<h2 data-pm-slice=\"1 1 []\">Stagbar King 40000 Vpihov Polnilna Vape za Enkratno Uporabo \u2013 Zasnovan za Dolgotrajno Mo\u010d &amp; Hitra Dostava iz EU Skladi\u0161\u010da<\/h2>\n<p data-start=\"1208\" data-end=\"1450\"><strong data-start=\"119\" data-end=\"141\">Stagbar King 40000<\/strong> je zgrajen za dolgotrajno dnevno uporabo s potegom, ki ga lahko dejansko prilagodi\u0161. Ponuja <strong data-start=\"217\" data-end=\"239\">do 40.000 pufov<\/strong>, deluje na <strong data-start=\"248\" data-end=\"266\">Mre\u017ena tuljava 1,0 \u03a9<\/strong> za gladek okus in stabilen meglen, ter dodaja <strong data-start=\"314\" data-end=\"336\">nastavljivim pretokom zraka<\/strong> tako da isti naprava lahko deluje tesno kot MTL ali odprto in zra\u010dno za ve\u010dje oblake. <strong data-start=\"416\" data-end=\"435\">polnjenje tipa C<\/strong> skrbi, da je \u010das med uporabo kratek, kar je razlika med kon\u010danjem naprave in njenim zgodnjim zavr\u017eenjem. Za kupce, ki primerjajo <strong data-start=\"560\" data-end=\"586\">ceno ponovno polnljivega vaporizatorja<\/strong> po Evropi, Stagbar King 40K stoji v obmo\u010dju vrednosti, ne da bi se po\u010dutila poceni v roki.<\/p>\n<h3 data-start=\"905\" data-end=\"956\">Zakaj je enkratna naprava Stagbar King 40k pametnej\u0161a izbira za dolgotrajno uporabo?<\/h3>\n<ul data-start=\"958\" data-end=\"2345\">\n<li data-start=\"958\" data-end=\"1255\">\n<p data-start=\"960\" data-end=\"1255\"><strong data-start=\"960\" data-end=\"1010\">40K \u017eivljenjska doba, ki ima smisel za redno uporabo.<\/strong> The <strong data-start=\"1015\" data-end=\"1037\">Stagbar King 40000<\/strong> je zasnovan za te\u017eke rutine in dolge tedne. Na trgih, kot je <strong data-start=\"1101\" data-end=\"1156\">Nem\u010diji, \u0160paniji, Poljski, Franciji in na Nizozemskem<\/strong>, ta vrsta naprave z visoko kapaciteto zmanj\u0161uje ponovne nakupe in odpravlja problem 'vedno brez vaporizatorjev'.<\/p>\n<\/li>\n<li data-start=\"1257\" data-end=\"1554\">\n<p data-start=\"1259\" data-end=\"1554\"><strong data-start=\"1259\" data-end=\"1316\">Prilagodljiv pretok zraka, ki spreminja ob\u010dutek naprave.<\/strong> The <strong data-start=\"1321\" data-end=\"1371\">Stagbar King 40K prilagodljiv pretok zraka na voljo za enkratno uporabo<\/strong> lahko deluje tesno za poteg v slogu cigarete ali odprete za bolj ohlapne poteke in ve\u010dje oblake. To je prakti\u010dna funkcija, ne le marketin\u0161ki trik\u2014ena naprava pokriva razli\u010dne situacije \u010dez dan.<\/p>\n<\/li>\n<li data-start=\"1556\" data-end=\"1776\">\n<p data-start=\"1558\" data-end=\"1776\"><strong data-start=\"1558\" data-end=\"1597\">U\u010dinkovitost mre\u017ene tuljave ostaja gladka.<\/strong> The <strong data-start=\"1602\" data-end=\"1620\">Mre\u017ena tuljava 1,0 \u03a9<\/strong> je zasnovan za enakomerno segrevanje, kar pomaga ohranjati okus dosledno skozi dolgo uporabo in se izogniti ostri, suhi kon\u010dni fazi okusa, ki ga razvijejo mnoge naprave z visokim \u0161tevilom potegov.<\/p>\n<\/li>\n<li data-start=\"1778\" data-end=\"2075\">\n<p data-start=\"1780\" data-end=\"2075\"><strong data-start=\"1780\" data-end=\"1829\">Ponovna polnitev, ki \u0161\u010diti vrednost.<\/strong> S <strong data-start=\"1835\" data-end=\"1854\">polnjenje tipa C<\/strong>, je <strong data-start=\"1860\" data-end=\"1906\">Stagbar King 40000 ponovno polnljiva enkratna naprava<\/strong> se lahko hitro napolni. To je pomembno, ko si pozoren na <strong data-start=\"1978\" data-end=\"2004\">ceno ponovno polnljivega vaporizatorja<\/strong>\u2014a naprava naj traja, dokler ni uporabljena, ne dokler baterija ne preneha delovati.<\/p>\n<\/li>\n<li data-start=\"2077\" data-end=\"2345\">\n<p data-start=\"2079\" data-end=\"2345\"><strong data-start=\"2079\" data-end=\"2126\">\u010cista alternativa za trajne pod sisteme.<\/strong> Nekateri uporabniki raje <strong data-start=\"2145\" data-end=\"2161\">stagbar pods<\/strong> ali druge platforme za polnjenje za udobje, vendar no\u010dejo upravljati z dopolnili in deli. Stagbar King 40K ohranja preprost postopek \u00bbodpri in vdi\u0161i\u00ab, hkrati pa je \u0161e vedno polnjen.<\/p>\n<\/li>\n<\/ul>\n<p><strong><span style=\"color: #ff0000;\">Dodajte Amy na WhatsApp in prejmite takoj\u0161en odgovor ter kupon za vape!<\/span><\/strong><\/p>\n<p><img fetchpriority=\"high\" decoding=\"async\" class=\"size-full wp-image-2932\" src=\"https:\/\/vapestornado.com\/wp-content\/uploads\/2024\/12\/Vape-Wholesale.jpg\" alt=\"Vape Veleprodaja\" width=\"229\" height=\"300\" \/><\/p>\n<h3><a href=\"https:\/\/wa.me\/8617776015835\" target=\"_blank\" rel=\"noopener\"><span style=\"color: #ff0000;\"><strong>WhatsApp: +386 17776015835<\/strong><\/span><\/a><\/h3>\n<p>&nbsp;<\/p>\n<h2><strong>Stagbar King 40000 Vpihov Lastnosti Izdelka<\/strong><\/h2>\n<table>\n<thead>\n<tr>\n<th>Zna\u010dilnosti<\/th>\n<th>specifikacije<\/th>\n<th>podrobnosti<\/th>\n<\/tr>\n<\/thead>\n<tbody>\n<tr>\n<td>Ime izdelka<\/td>\n<td>Stagbar King 40000 \/ Stagbar King 40K<\/td>\n<td>Visoko zmogljiv, polnjen enkratno uporabo vape<\/td>\n<\/tr>\n<tr>\n<td>Zmogljivost vdihovanja<\/td>\n<td>Do 40.000 potegov<\/td>\n<td>Zgrajena za dalj\u0161o dnevno uporabo in manj zamenjav<\/td>\n<\/tr>\n<tr>\n<td>Vrsta Tuljave<\/td>\n<td>Mre\u017ena tuljava 1,0 \u03a9<\/td>\n<td>Enakomerna toplota za gladek paro in stabilen okus<\/td>\n<\/tr>\n<tr>\n<td>Zra\u010dni tok<\/td>\n<td>Nastavljiv sistem pretoka zraka<\/td>\n<td>Preklapljajte med tesnej\u0161im MTL in bolj zra\u010dno DTL vdihem<\/td>\n<\/tr>\n<tr>\n<td>Polnjenje<\/td>\n<td>Type-C polnjenje<\/td>\n<td>Hitra polnitev na vrhu za zmanj\u0161anje \u010dasa izpada<\/td>\n<\/tr>\n<tr>\n<td>Razpon okusov<\/td>\n<td>Ve\u010d kot 10 okusov<\/td>\n<td>Vklju\u010duje profile, kot so Red Bull, Me\u0161ano jagodi\u010devje, Seks na pla\u017ei, Borovnica z malinami<\/td>\n<\/tr>\n<tr>\n<td>Postavitev<\/td>\n<td>Maloprodaja + veleprodaja<\/td>\n<td>Mo\u010dno primerna za trgovino z elektronskimi cigaretami in spletne velike naro\u010dila<\/td>\n<\/tr>\n<tr>\n<td>Profil uporabnika<\/td>\n<td>Odrasli uporabniki<\/td>\n<td>Zasnovano za odrasle vaperje, ki \u017eelijo dolgo \u017eivljenjsko dobo in nadzor<\/td>\n<\/tr>\n<\/tbody>\n<\/table>\n<h2 class=\"product-title\"><strong>Seznam okusov Stagbar King 40000 Puf Vape<\/strong><\/h2>\n<p>1. Coco loco<br \/>\n2. Sex on the beach<br \/>\n3. Lemon Lime<br \/>\n4. Red Bull<br \/>\n5.Ledena Lubenica<br \/>\n6. Me\u0161ano jagodi\u010devje<br \/>\n7. Jagoda Kiwi<br \/>\n8. Banana Ice<br \/>\n9. Borovnica, malina<br \/>\n10. Jagoda grozdje<\/p>\n<p>&nbsp;<\/p>\n<figure id=\"attachment_4442\" aria-describedby=\"caption-attachment-4442\" style=\"width: 300px\" class=\"wp-caption alignnone\"><img decoding=\"async\" class=\"size-medium wp-image-4442\" src=\"https:\/\/vapestornado.com\/wp-content\/uploads\/2025\/10\/Stagbar-King-40000-40K-Puff-Disposable-E-Vape-300x300.webp\" alt=\"Stagbar King 40000 40K Puf Disposable E Vape\" width=\"300\" height=\"300\" srcset=\"https:\/\/vapestornado.com\/wp-content\/uploads\/2025\/10\/Stagbar-King-40000-40K-Puff-Disposable-E-Vape-300x300.webp 300w, https:\/\/vapestornado.com\/wp-content\/uploads\/2025\/10\/Stagbar-King-40000-40K-Puff-Disposable-E-Vape-150x150.webp 150w, https:\/\/vapestornado.com\/wp-content\/uploads\/2025\/10\/Stagbar-King-40000-40K-Puff-Disposable-E-Vape-768x768.webp 768w, https:\/\/vapestornado.com\/wp-content\/uploads\/2025\/10\/Stagbar-King-40000-40K-Puff-Disposable-E-Vape-12x12.webp 12w, https:\/\/vapestornado.com\/wp-content\/uploads\/2025\/10\/Stagbar-King-40000-40K-Puff-Disposable-E-Vape-600x600.webp 600w, https:\/\/vapestornado.com\/wp-content\/uploads\/2025\/10\/Stagbar-King-40000-40K-Puff-Disposable-E-Vape-100x100.webp 100w, https:\/\/vapestornado.com\/wp-content\/uploads\/2025\/10\/Stagbar-King-40000-40K-Puff-Disposable-E-Vape.webp 800w\" sizes=\"(max-width: 300px) 100vw, 300px\" \/><figcaption id=\"caption-attachment-4442\" class=\"wp-caption-text\">Stagbar King 40000 40K Puf Disposable E Vape<\/figcaption><\/figure>\n<figure id=\"attachment_4441\" aria-describedby=\"caption-attachment-4441\" style=\"width: 300px\" class=\"wp-caption alignnone\"><img decoding=\"async\" class=\"size-medium wp-image-4441\" src=\"https:\/\/vapestornado.com\/wp-content\/uploads\/2025\/10\/Stagbar-King-40K-Puff-Disposable-Vape-Bulk-Buy-300x300.webp\" alt=\"Stagbar King 40K Puf Disposable Vape Veliko Nakupovanje\" width=\"300\" height=\"300\" srcset=\"https:\/\/vapestornado.com\/wp-content\/uploads\/2025\/10\/Stagbar-King-40K-Puff-Disposable-Vape-Bulk-Buy-300x300.webp 300w, https:\/\/vapestornado.com\/wp-content\/uploads\/2025\/10\/Stagbar-King-40K-Puff-Disposable-Vape-Bulk-Buy-150x150.webp 150w, https:\/\/vapestornado.com\/wp-content\/uploads\/2025\/10\/Stagbar-King-40K-Puff-Disposable-Vape-Bulk-Buy-768x768.webp 768w, https:\/\/vapestornado.com\/wp-content\/uploads\/2025\/10\/Stagbar-King-40K-Puff-Disposable-Vape-Bulk-Buy-12x12.webp 12w, https:\/\/vapestornado.com\/wp-content\/uploads\/2025\/10\/Stagbar-King-40K-Puff-Disposable-Vape-Bulk-Buy-600x600.webp 600w, https:\/\/vapestornado.com\/wp-content\/uploads\/2025\/10\/Stagbar-King-40K-Puff-Disposable-Vape-Bulk-Buy-100x100.webp 100w, https:\/\/vapestornado.com\/wp-content\/uploads\/2025\/10\/Stagbar-King-40K-Puff-Disposable-Vape-Bulk-Buy.webp 800w\" sizes=\"(max-width: 300px) 100vw, 300px\" \/><figcaption id=\"caption-attachment-4441\" class=\"wp-caption-text\">Stagbar King 40K Puf Disposable Vape Veliko Nakupovanje<\/figcaption><\/figure>\n<div class=\"flex-shrink-0 flex flex-col relative items-end\">\n<div class=\"pt-0\">\n<div class=\"gizmo-bot-avatar flex h-8 w-8 items-center justify-center overflow-hidden rounded-full\">\n<div class=\"relative p-1 rounded-sm flex items-center justify-center bg-token-main-surface-primary text-token-text-primary h-8 w-8\">\n<h2 data-start=\"1200\" data-end=\"1487\">Vapes Tornado \u2013 Va\u0161a veleprodajna spletna trgovina za vrhunske blagovne znamke vape<\/h2>\n<p data-start=\"1200\" data-end=\"1487\"><strong data-start=\"141\" data-end=\"177\">Spletna trgovina Vapes Tornado<\/strong> je va\u0161 zaupanja vreden vir za <strong data-start=\"205\" data-end=\"270\">premium enkratne vape in veleprodajne e-cigarette v Sloveniji<\/strong>. Ponosno predstavljamo najbolj prodajane blagovne znamke, kot so <strong data-start=\"307\" data-end=\"362\"><a href=\"https:\/\/vapestornado.com\/sl\/product\/randm-12000-puffs-fumot-digital-disposable-vape-wholesale-price\/\">Fumot VAPE<\/a>, <a href=\"https:\/\/vapestornado.com\/sl\/product\/waspe-150k-150000-puff-6-in-1-disposable-vape-pen-cartridge-best-wholesale-price-in-poland\/\">WASPE VAPE<\/a>, <\/strong><strong data-start=\"307\" data-end=\"362\"><a href=\"https:\/\/vapestornado.com\/sl\/product\/vozol-gear-shisha-25k-25000-puffs-best-dtl-disposable-vape-hookah-cheap-price\/\">VOZIL BAR VAPE<\/a>, \u00a0 Bang Vape<\/strong>, in \u0161e ve\u010d, zagotavljamo kakovost in raznolikost za vsakega kupca. Ne glede na to, ali ste posamezni uporabnik ali veleprodajni kupec, dostavljamo <strong data-start=\"481\" data-end=\"550\">visoko zmogljive naprave, elegantne zasnove in konkuren\u010dne cene<\/strong> za va\u0161e potrebe.<\/p>\n<h2 data-start=\"2064\" data-end=\"2115\">Pogosta vpra\u0161anja o Stagbar King 40k Puf Airflow Nastavljivem Vape<\/h2>\n<ol data-start=\"3233\" data-end=\"4438\">\n<li data-start=\"3233\" data-end=\"3479\">\n<p data-start=\"3236\" data-end=\"3479\"><strong data-start=\"3236\" data-end=\"3335\">Kako se obnese Stagbar King 40000 40K Puff polnljiva enkratna naprava za te\u017eke dnevne uporabnike?<\/strong><br data-start=\"3335\" data-end=\"3338\" \/>Njegova visoka kapaciteta za vdihe je zasnovana za dolge rutine, polnjenje s Type-C pa omogo\u010da uporabo skozi celotno \u017eivljenjsko dobo naprave, ne da bi se zgodaj iztro\u0161ila.<\/p>\n<\/li>\n<li data-start=\"3481\" data-end=\"3705\">\n<p data-start=\"3484\" data-end=\"3705\"><strong data-start=\"3484\" data-end=\"3573\">Kaj spremeni prilagodljiv pretok zraka na enkratni napravi Stagbar King 40K?<\/strong><br data-start=\"3573\" data-end=\"3576\" \/>Omogo\u010da vam, da zo\u017eite poteg za MTL-style vdihe ali ga odprete za bolj prost DTL ob\u010dutek z ve\u010djimi oblaki, odvisno od trenutka.<\/p>\n<\/li>\n<li data-start=\"3707\" data-end=\"3924\">\n<p data-start=\"3710\" data-end=\"3924\"><strong data-start=\"3710\" data-end=\"3793\">Ali mesh tuljava 1.0\u03a9 v Stagbar King 40000 pomaga, da okus ostane dosleden?<\/strong><br data-start=\"3793\" data-end=\"3796\" \/>Da. Mre\u017ene tuljave se segrejejo bolj enakomerno kot osnovne \u017ei\u010dne tuljave, kar pomaga, da je para bolj gladka in okus ostaja bolj stabilen skozi dalj\u0161o uporabo.<\/p>\n<\/li>\n<li data-start=\"3926\" data-end=\"4147\">\n<p data-start=\"3929\" data-end=\"4147\"><strong data-start=\"3929\" data-end=\"4008\">Kako se Stagbar King 40000 primerja z Stagbar pods v vsakodnevni udobnosti?<\/strong><br data-start=\"4008\" data-end=\"4011\" \/>Stagbar King 40000 ohranja udobje, ki ga ljudje imajo radi v <strong data-start=\"4067\" data-end=\"4083\">stagbar pods<\/strong>\u2014ponovno polnjenje\u2014 brez upravljanja s pods, polnili ali dodatnimi deli.<\/p>\n<\/li>\n<li data-start=\"4149\" data-end=\"4438\">\n<p data-start=\"4152\" data-end=\"4438\"><strong data-start=\"4152\" data-end=\"4267\">Je Stagbar King 40000 smiselna izbira za trgovino z elektronskimi cigaretami, osredoto\u010deno na vaperje s cenovno dostopnimi mo\u017enostmi?<\/strong><br data-start=\"4267\" data-end=\"4270\" \/>Da. Ponuja visok \u0161t. vdiha, nadzor pretoka zraka, zmogljivost mre\u017ene tuljave in Type-C polnjenje\u2014lastnosti, ki podpirajo kupce, osredoto\u010dene na vrednost, brez zavajanja.<\/p>\n<\/li>\n<\/ol>\n<\/div>\n<\/div>\n<\/div>\n<\/div>","protected":false},"excerpt":{"rendered":"<div class=\"flex flex-col text-sm @w-xl\/main:pt-header-height pb-25\">\n<article class=\"text-token-text-primary w-full focus:outline-none [--shadow-height:45px] has-data-writing-block:pointer-events-none has-data-writing-block:-mt-(--shadow-height) has-data-writing-block:pt-(--shadow-height) [&amp;:has([data-writing-block])&gt;*]:pointer-events-auto scroll-mt-[calc(var(--header-height)+min(200px,max(70px,20svh)))]\" dir=\"auto\" tabindex=\"-1\" data-turn-id=\"a4553bcb-7aea-49d6-9fac-81ba76f7aa52\" data-testid=\"conversation-turn-52\" data-scroll-anchor=\"true\" data-turn=\"assistant\">\n<div class=\"text-base my-auto mx-auto pb-10 [--thread-content-margin:--spacing(4)] @w-sm\/main:[--thread-content-margin:--spacing(6)] @w-lg\/main:[--thread-content-margin:--spacing(16)] px-(--thread-content-margin)\">\n<div class=\"[--thread-content-max-width:40rem] @w-lg\/main:[--thread-content-max-width:48rem] mx-auto max-w-(--thread-content-max-width) flex-1 group\/turn-messages focus-visible:outline-hidden relative flex w-full min-w-0 flex-col agent-turn\" tabindex=\"-1\">\n<div class=\"flex max-w-full flex-col grow\">\n<div class=\"min-h-8 text-message relative flex w-full flex-col items-end gap-2 text-start break-words whitespace-normal [.text-message+&amp;]:mt-1\" dir=\"auto\" data-message-author-role=\"assistant\" data-message-id=\"337d04d0-1322-4696-922d-486732393dc5\" data-message-model-slug=\"gpt-5-2-thinking\">\n<div class=\"flex w-full flex-col gap-1 empty:hidden first:pt-[1px]\">\n<div class=\"markdown prose dark:prose-invert w-full break-words light markdown-new-styling\">\n<p data-start=\"4468\" data-end=\"4743\" data-is-last-node=\"\" data-is-only-node=\"\">Stagbar King 40000 (Stagbar King 40K) ponovno polnljiva enkratna vape z 40.000 vdihi, mre\u017eno tuljavo 1.0\u03a9, nastavljivim pretokom zraka in polnjenjem Type-C. Mo\u010dna konsistenca okusa, velik nadzor oblaka in konkuren\u010dna cena za vaperje, ki se polnijo, za trgovino z elektronskimi cigaretami in spletno prodajo.<\/p>\n<\/div>\n<\/div>\n<\/div>\n<\/div>\n<div class=\"z-0 flex min-h-[46px] justify-start\"><\/div>\n<\/div>\n<\/div>\n<\/article>\n<\/div>\n<p><strong>Dodajte Amyin WhatsApp, da dobite pravi odgovor in ceno s popustom!<\/strong><\/p>\n<p><img fetchpriority=\"high\" decoding=\"async\" class=\"size-full wp-image-2932\" src=\"https:\/\/vapestornado.com\/wp-content\/uploads\/2024\/12\/Vape-Wholesale.jpg\" alt=\"Vape Veleprodaja\" width=\"229\" height=\"300\" \/><\/p>\n<h3><a href=\"https:\/\/wa.me\/8617776015835\"><span style=\"color: #ff0000;\"><strong>WhatsApp: +386 17776015835<\/strong><\/span><\/a><\/h3>","protected":false},"featured_media":4440,"comment_status":"open","ping_status":"closed","template":"","meta":{"_acf_changed":false,"_uag_custom_page_level_css":"","_lmt_disableupdate":"no","_lmt_disable":"","_monsterinsights_skip_tracking":false,"_monsterinsights_sitenote_active":false,"_monsterinsights_sitenote_note":"","_monsterinsights_sitenote_category":0,"site-sidebar-layout":"default","site-content-layout":"","ast-site-content-layout":"default","site-content-style":"default","site-sidebar-style":"default","ast-global-header-display":"","ast-banner-title-visibility":"","ast-main-header-display":"","ast-hfb-above-header-display":"","ast-hfb-below-header-display":"","ast-hfb-mobile-header-display":"","site-post-title":"","ast-breadcrumbs-content":"","ast-featured-img":"","footer-sml-layout":"","ast-disable-related-posts":"","theme-transparent-header-meta":"default","adv-header-id-meta":"","stick-header-meta":"","header-above-stick-meta":"","header-main-stick-meta":"","header-below-stick-meta":"","astra-migrate-meta-layouts":"set","ast-page-background-enabled":"default","ast-page-background-meta":{"desktop":{"background-color":"","background-image":"","background-repeat":"repeat","background-position":"center center","background-size":"auto","background-attachment":"scroll","background-type":"","background-media":"","overlay-type":"","overlay-color":"","overlay-opacity":"","overlay-gradient":""},"tablet":{"background-color":"","background-image":"","background-repeat":"repeat","background-position":"center center","background-size":"auto","background-attachment":"scroll","background-type":"","background-media":"","overlay-type":"","overlay-color":"","overlay-opacity":"","overlay-gradient":""},"mobile":{"background-color":"","background-image":"","background-repeat":"repeat","background-position":"center center","background-size":"auto","background-attachment":"scroll","background-type":"","background-media":"","overlay-type":"","overlay-color":"","overlay-opacity":"","overlay-gradient":""}},"ast-content-background-meta":{"desktop":{"background-color":"var(--ast-global-color-5)","background-image":"","background-repeat":"repeat","background-position":"center center","background-size":"auto","background-attachment":"scroll","background-type":"","background-media":"","overlay-type":"","overlay-color":"","overlay-opacity":"","overlay-gradient":""},"tablet":{"background-color":"var(--ast-global-color-5)","background-image":"","background-repeat":"repeat","background-position":"center center","background-size":"auto","background-attachment":"scroll","background-type":"","background-media":"","overlay-type":"","overlay-color":"","overlay-opacity":"","overlay-gradient":""},"mobile":{"background-color":"var(--ast-global-color-5)","background-image":"","background-repeat":"repeat","background-position":"center center","background-size":"auto","background-attachment":"scroll","background-type":"","background-media":"","overlay-type":"","overlay-color":"","overlay-opacity":"","overlay-gradient":""}},"_joinchat":[]},"product_brand":[],"product_cat":[65,152,156,142,492,357,146],"product_tag":[396,368,390,401,400,393,397],"class_list":{"0":"post-4446","1":"product","2":"type-product","3":"status-publish","4":"has-post-thumbnail","6":"product_cat-40000-puff","7":"product_cat-buy-disposable-vapes-in-cermany","8":"product_cat-buy-disposable-vapes-in-poland","9":"product_cat-digital-box-disposable-vapes","10":"product_cat-eu-warehouse","11":"product_cat-flavor-adjustable-vape","12":"product_cat-rechargeable-disposable-vapes","13":"product_tag-disposable-cigarette","14":"product_tag-disposable-vapor","15":"product_tag-online-vape-shop","16":"product_tag-stag-bar-king-40k","17":"product_tag-stagbar-king-40000","18":"product_tag-vape-cartridge","19":"product_tag-vapor","20":"desktop-align-left","21":"tablet-align-left","22":"mobile-align-left","24":"first","25":"instock","26":"sale","27":"shipping-taxable","28":"purchasable","29":"product-type-simple"},"acf":[],"uagb_featured_image_src":{"full":["https:\/\/vapestornado.com\/wp-content\/uploads\/2025\/10\/Stag-bar-King-40000-40K-Puffs-Disposable-Vape-Pod.webp",800,800,false],"thumbnail":["https:\/\/vapestornado.com\/wp-content\/uploads\/2025\/10\/Stag-bar-King-40000-40K-Puffs-Disposable-Vape-Pod-150x150.webp",150,150,true],"medium":["https:\/\/vapestornado.com\/wp-content\/uploads\/2025\/10\/Stag-bar-King-40000-40K-Puffs-Disposable-Vape-Pod-300x300.webp",300,300,true],"medium_large":["https:\/\/vapestornado.com\/wp-content\/uploads\/2025\/10\/Stag-bar-King-40000-40K-Puffs-Disposable-Vape-Pod-768x768.webp",768,768,true],"large":["https:\/\/vapestornado.com\/wp-content\/uploads\/2025\/10\/Stag-bar-King-40000-40K-Puffs-Disposable-Vape-Pod.webp",800,800,false],"1536x1536":["https:\/\/vapestornado.com\/wp-content\/uploads\/2025\/10\/Stag-bar-King-40000-40K-Puffs-Disposable-Vape-Pod.webp",800,800,false],"2048x2048":["https:\/\/vapestornado.com\/wp-content\/uploads\/2025\/10\/Stag-bar-King-40000-40K-Puffs-Disposable-Vape-Pod.webp",800,800,false],"trp-custom-language-flag":["https:\/\/vapestornado.com\/wp-content\/uploads\/2025\/10\/Stag-bar-King-40000-40K-Puffs-Disposable-Vape-Pod-12x12.webp",12,12,true],"woocommerce_thumbnail":["https:\/\/vapestornado.com\/wp-content\/uploads\/2025\/10\/Stag-bar-King-40000-40K-Puffs-Disposable-Vape-Pod-300x300.webp",300,300,true],"woocommerce_single":["https:\/\/vapestornado.com\/wp-content\/uploads\/2025\/10\/Stag-bar-King-40000-40K-Puffs-Disposable-Vape-Pod-600x600.webp",600,600,true],"woocommerce_gallery_thumbnail":["https:\/\/vapestornado.com\/wp-content\/uploads\/2025\/10\/Stag-bar-King-40000-40K-Puffs-Disposable-Vape-Pod-100x100.webp",100,100,true]},"uagb_author_info":{"display_name":"ESAMY","author_link":"https:\/\/vapestornado.com\/sl\/author\/"},"uagb_comment_info":1,"uagb_excerpt":"Stagbar King 40000 (Stagbar King 40K) rechargeable disposable vape with 40,000 puffs, 1.0\u03a9 mesh coil, adjustable airflow and Type-C charging. Strong flavour consistency, big cloud control, and competitive vaper recargable price for electronic cigarette shop and online sales. Add Amy's whatsapp to get right reply and discount price! WhatsApp: +86 17776015835","_links":{"self":[{"href":"https:\/\/vapestornado.com\/sl\/wp-json\/wp\/v2\/product\/4446","targetHints":{"allow":["GET"]}}],"collection":[{"href":"https:\/\/vapestornado.com\/sl\/wp-json\/wp\/v2\/product"}],"about":[{"href":"https:\/\/vapestornado.com\/sl\/wp-json\/wp\/v2\/types\/product"}],"replies":[{"embeddable":true,"href":"https:\/\/vapestornado.com\/sl\/wp-json\/wp\/v2\/comments?post=4446"}],"wp:featuredmedia":[{"embeddable":true,"href":"https:\/\/vapestornado.com\/sl\/wp-json\/wp\/v2\/media\/4440"}],"wp:attachment":[{"href":"https:\/\/vapestornado.com\/sl\/wp-json\/wp\/v2\/media?parent=4446"}],"wp:term":[{"taxonomy":"product_brand","embeddable":true,"href":"https:\/\/vapestornado.com\/sl\/wp-json\/wp\/v2\/product_brand?post=4446"},{"taxonomy":"product_cat","embeddable":true,"href":"https:\/\/vapestornado.com\/sl\/wp-json\/wp\/v2\/product_cat?post=4446"},{"taxonomy":"product_tag","embeddable":true,"href":"https:\/\/vapestornado.com\/sl\/wp-json\/wp\/v2\/product_tag?post=4446"}],"curies":[{"name":"wp","href":"https:\/\/api.w.org\/{rel}","templated":true}]}}