{"id":4438,"date":"2025-10-20T04:17:46","date_gmt":"2025-10-20T04:17:46","guid":{"rendered":"https:\/\/vapestornado.com\/?post_type=product&#038;p=4438"},"modified":"2025-12-12T09:51:23","modified_gmt":"2025-12-12T09:51:23","slug":"bang-legend-120000-120k-puff-5-in-1-flavor-switch-disposable-vape","status":"publish","type":"product","link":"https:\/\/vapestornado.com\/sl\/product\/bang-legend-120000-120k-puff-5-in-1-flavor-switch-disposable-vape\/","title":{"rendered":"Bang Legend 120000 120.000 Vdihov 5 v 1 Okus Preklop Enkratna Vape"},"content":{"rendered":"<h2 data-pm-slice=\"1 1 []\">Bang Legend 120000 Enkratna e-cigaretka \u2014 Bang Legend 120k 5-v-1 Preklop okusa &amp; 120.000 vdihov<\/h2>\n<p data-start=\"1107\" data-end=\"1364\"><strong data-start=\"103\" data-end=\"125\">Bang Legend 120000<\/strong> je visoko zmogljiva naprava <strong data-start=\"145\" data-end=\"160\">E-cigaret<\/strong> zasnovano za uporabnike, ki \u017eelijo en napravo za cel mesec (in \u0161e ve\u010d), brez da bi ostali ujete na enem okusu. Ponuja do <strong data-start=\"301\" data-end=\"318\">120.000 potegov<\/strong> in doda <strong data-start=\"330\" data-end=\"355\">5-v-1 preklop okusa<\/strong> tako da lahko takoj menjavate med petimi me\u0161anicami. A <strong data-start=\"407\" data-end=\"427\">mre\u017ena tuljava<\/strong> ohranja paro gosto in okus mo\u010dan, medtem ko <strong data-start=\"473\" data-end=\"495\">nastavljivim pretokom zraka<\/strong> vam omogo\u010da preklapljanje med tesnej\u0161im MTL potegom in polnej\u0161im, zra\u010dnim vdihom. The <strong data-start=\"568\" data-end=\"599\">Polnilna baterija Type-C<\/strong> in <strong data-start=\"604\" data-end=\"625\">LED pametni zaslon<\/strong> naj bo prakti\u010dno: hitro polnjenje, spremljanje baterije in teko\u010dine, ter nadaljevanje.<\/p>\n<h3 data-start=\"1136\" data-end=\"1187\">Poudarki zmogljivosti (SEO bogato, uporabniku osredoto\u010deno)<\/h3>\n<ul data-start=\"1189\" data-end=\"2704\">\n<li data-start=\"1189\" data-end=\"1518\">\n<p data-start=\"1191\" data-end=\"1518\"><strong data-start=\"1191\" data-end=\"1235\">120K vzdr\u017eljivosti zasnovano za te\u017eke rutine.<\/strong> The <strong data-start=\"1240\" data-end=\"1285\">Bang Legend 120000 enkratna e-cigaretka<\/strong> je namenjena uporabnikom, ki prehitro porabijo standardne enkratne naprave. V <strong data-start=\"1358\" data-end=\"1403\">Sloveniji, Sloveniji, Poljski, Franciji in Italiji<\/strong>, te naprave v tej razred zmagajo, ker zmanj\u0161ujejo ponovne nakupe in poenostavljajo vsakodnevno no\u0161enje \u2014 ena enota, dolgo trajanje.<\/p>\n<\/li>\n<li data-start=\"1520\" data-end=\"1834\">\n<p data-start=\"1522\" data-end=\"1834\"><strong data-start=\"1522\" data-end=\"1566\">5 okusov prepre\u010duje \u201cenak okusni utrujenost\u201d.<\/strong> The <strong data-start=\"1571\" data-end=\"1613\">Bang Legend 120k 5-v-1 preklop okusa<\/strong> re\u0161uje glavno slabost ultra-visokih vdihovalnih naprav: dolgo\u010dasje. Menjava okusov v sekundah ohranja napravo zabavno skozi dolgo uporabo, kar izbolj\u0161uje dejanske stopnje dokon\u010danja v resni\u010dnem svetu v primerjavi z enokosnimi visokovdihovnimi palicami.<\/p>\n<\/li>\n<li data-start=\"1836\" data-end=\"2060\">\n<p data-start=\"1838\" data-end=\"2060\"><strong data-start=\"1838\" data-end=\"1887\">Mre\u017ena tuljava ostaja gosta in gladka.<\/strong> The <strong data-start=\"1892\" data-end=\"1912\">mre\u017ena tuljava<\/strong> enakomerno razporeja toploto, podpira gosto paro in mo\u010dan prenos okusa brez grobih, suhostnih potegov, ki se lahko pojavijo pozno v \u017eivljenjski dobi naprave.<\/p>\n<\/li>\n<li data-start=\"2062\" data-end=\"2358\">\n<p data-start=\"2064\" data-end=\"2358\"><strong data-start=\"2064\" data-end=\"2111\">Prilagodljiv pretok zraka za MTL ali polnej\u0161e vdihavanje.<\/strong> Nastavitev pretoka zraka vam omogo\u010da, da zo\u017eite poteg za ob\u010dutek, podoben cigareti, ali ga odprete za bolj odprt vdih. Ta prilagodljivost pomaga ex-odvisnikom od kajenja in izku\u0161enim vaperjem uporabljati isto napravo v razli\u010dnih situacijah \u2014 odmorih na delu, potovanjih ali no\u010dnem \u017eivljenju.<\/p>\n<\/li>\n<li data-start=\"2360\" data-end=\"2704\">\n<p data-start=\"2362\" data-end=\"2704\"><strong data-start=\"2362\" data-end=\"2414\">Vrednost pripravljena za veleprodajo po poceni ceni na vdih.<\/strong> Za katerokoli <strong data-start=\"2423\" data-end=\"2447\">Veleprodajalec cigaret<\/strong> ali maloprodajni kupec, ki primerja mo\u017enosti z visoko kapaciteto, <strong data-start=\"2501\" data-end=\"2523\">Bang Legend 120000<\/strong> je enostavno postaviti: masivno \u0161tevilo vdihov, preklapljanje med ve\u010d okusi, pametna prikazovalna enota in mo\u017enost polnjenja\u2014lastnosti, ki upravi\u010dujejo ponovljivo povpra\u0161evanje, hkrati pa ohranjajo stro\u0161ek na vdih privla\u010den.<\/p>\n<\/li>\n<\/ul>\n<p><strong><span style=\"color: #ff0000;\">Dodajte Amy na WhatsApp in prejmite takoj\u0161en odgovor ter kupon za vape!<\/span><\/strong><\/p>\n<p><img fetchpriority=\"high\" decoding=\"async\" class=\"size-full wp-image-2932\" src=\"https:\/\/vapestornado.com\/wp-content\/uploads\/2024\/12\/Vape-Wholesale.jpg\" alt=\"Vape Veleprodaja\" width=\"229\" height=\"300\" \/><\/p>\n<h3><a href=\"https:\/\/wa.me\/8617776015835\" target=\"_blank\" rel=\"noopener\"><span style=\"color: #ff0000;\"><strong>WhatsApp: +386 17776015835<\/strong><\/span><\/a><\/h3>\n<p>&nbsp;<\/p>\n<h2><strong>Bang Legend 120000 Vdihov 5 v 1 Izpostavljene lastnosti izdelka<\/strong><\/h2>\n<table>\n<thead>\n<tr>\n<th>Zna\u010dilnosti<\/th>\n<th>specifikacije<\/th>\n<th>podrobnosti<\/th>\n<\/tr>\n<\/thead>\n<tbody>\n<tr>\n<td>Ime izdelka<\/td>\n<td>Bang Legend 120000 \/ Bang Legend 120k<\/td>\n<td>E-cigareta za enostavno preklapljanje okusov 5-v-1 za enkratno uporabo<\/td>\n<\/tr>\n<tr>\n<td>Zmogljivost vdihovanja<\/td>\n<td>Do 120.000 vdihov<\/td>\n<td>Ultra dolga \u017eivljenjska doba za te\u017eke ali pogoste uporabnike<\/td>\n<\/tr>\n<tr>\n<td>Sistem okusa<\/td>\n<td>5-v-1 preklop okusa<\/td>\n<td>Pet vnaprej nalo\u017eenih okusov v eni napravi, takoj\u0161nje preklapljanje<\/td>\n<\/tr>\n<tr>\n<td>Vrsta Tuljave<\/td>\n<td>Mre\u017ena tuljava<\/td>\n<td>Enakomerno segrevanje za gost dim in mo\u010dan okus<\/td>\n<\/tr>\n<tr>\n<td>Polnjenje<\/td>\n<td>Type-C polnjenje<\/td>\n<td>Hitra polnjenja za ohranjanje uporabnosti naprave skozi celotno \u017eivljenjsko dobo<\/td>\n<\/tr>\n<tr>\n<td>Zra\u010dni tok<\/td>\n<td>Nastavljiv pretok zraka<\/td>\n<td>Nastavitev vle\u010denja od tesnej\u0161ega MTL do bolj odprtega vdihavanja<\/td>\n<\/tr>\n<tr>\n<td>Zaslon<\/td>\n<td>LED pametni zaslon<\/td>\n<td>Jasno prikazuje ravni baterije in e-teko\u010dine<\/td>\n<\/tr>\n<tr>\n<td>Postavitev<\/td>\n<td>Maloprodaja + veleprodaja<\/td>\n<td>Zasnovano za kategorijo z visoko prometnostjo zamenjave vape in velike naro\u010dila<\/td>\n<\/tr>\n<\/tbody>\n<\/table>\n<figure id=\"attachment_4437\" aria-describedby=\"caption-attachment-4437\" style=\"width: 300px\" class=\"wp-caption alignnone\"><img decoding=\"async\" class=\"size-medium wp-image-4437\" src=\"https:\/\/vapestornado.com\/wp-content\/uploads\/2025\/10\/Newest-Bang-Legend-120K-Puff-5-In-1-Flavor-Switch-Vape-Cheap-Price-300x300.webp\" alt=\"Najnovej\u0161i Bang Legend 120K vdihov 5 v 1 Okusni preklop Vape poceni cena\" width=\"300\" height=\"300\" srcset=\"https:\/\/vapestornado.com\/wp-content\/uploads\/2025\/10\/Newest-Bang-Legend-120K-Puff-5-In-1-Flavor-Switch-Vape-Cheap-Price-300x300.webp 300w, https:\/\/vapestornado.com\/wp-content\/uploads\/2025\/10\/Newest-Bang-Legend-120K-Puff-5-In-1-Flavor-Switch-Vape-Cheap-Price-150x150.webp 150w, https:\/\/vapestornado.com\/wp-content\/uploads\/2025\/10\/Newest-Bang-Legend-120K-Puff-5-In-1-Flavor-Switch-Vape-Cheap-Price-768x768.webp 768w, https:\/\/vapestornado.com\/wp-content\/uploads\/2025\/10\/Newest-Bang-Legend-120K-Puff-5-In-1-Flavor-Switch-Vape-Cheap-Price-12x12.webp 12w, https:\/\/vapestornado.com\/wp-content\/uploads\/2025\/10\/Newest-Bang-Legend-120K-Puff-5-In-1-Flavor-Switch-Vape-Cheap-Price-600x600.webp 600w, https:\/\/vapestornado.com\/wp-content\/uploads\/2025\/10\/Newest-Bang-Legend-120K-Puff-5-In-1-Flavor-Switch-Vape-Cheap-Price-100x100.webp 100w, https:\/\/vapestornado.com\/wp-content\/uploads\/2025\/10\/Newest-Bang-Legend-120K-Puff-5-In-1-Flavor-Switch-Vape-Cheap-Price.webp 800w\" sizes=\"(max-width: 300px) 100vw, 300px\" \/><figcaption id=\"caption-attachment-4437\" class=\"wp-caption-text\">Najnovej\u0161i Bang Legend 120K vdihov 5 v 1 Okusni preklop Vape poceni cena<\/figcaption><\/figure>\n<figure id=\"attachment_4435\" aria-describedby=\"caption-attachment-4435\" style=\"width: 300px\" class=\"wp-caption alignnone\"><img decoding=\"async\" class=\"size-medium wp-image-4435\" src=\"https:\/\/vapestornado.com\/wp-content\/uploads\/2025\/10\/Bang-Legend-120000-Puff-120k-Disposable-Pod-300x300.webp\" alt=\"Bang Legend 120000 vdihov 120k enkratna podloga\" width=\"300\" height=\"300\" srcset=\"https:\/\/vapestornado.com\/wp-content\/uploads\/2025\/10\/Bang-Legend-120000-Puff-120k-Disposable-Pod-300x300.webp 300w, https:\/\/vapestornado.com\/wp-content\/uploads\/2025\/10\/Bang-Legend-120000-Puff-120k-Disposable-Pod-150x150.webp 150w, https:\/\/vapestornado.com\/wp-content\/uploads\/2025\/10\/Bang-Legend-120000-Puff-120k-Disposable-Pod-768x768.webp 768w, https:\/\/vapestornado.com\/wp-content\/uploads\/2025\/10\/Bang-Legend-120000-Puff-120k-Disposable-Pod-12x12.webp 12w, https:\/\/vapestornado.com\/wp-content\/uploads\/2025\/10\/Bang-Legend-120000-Puff-120k-Disposable-Pod-600x600.webp 600w, https:\/\/vapestornado.com\/wp-content\/uploads\/2025\/10\/Bang-Legend-120000-Puff-120k-Disposable-Pod-100x100.webp 100w, https:\/\/vapestornado.com\/wp-content\/uploads\/2025\/10\/Bang-Legend-120000-Puff-120k-Disposable-Pod.webp 800w\" sizes=\"(max-width: 300px) 100vw, 300px\" \/><figcaption id=\"caption-attachment-4435\" class=\"wp-caption-text\">Bang Legend 120000 vdihov 120k enkratna podloga<\/figcaption><\/figure>\n<h2 class=\"product-title\"><strong>Bang Legend 120000 vdihov 5 v 1 seznam okusov<\/strong><\/h2>\n<p>1. Energetski napitek \/ Borovni\u010dev \u010de\u0161njev \/ Jabol\u010dni grozd \/ Lubenica z dragim sadjem \/ Mamba<\/p>\n<p>2. Energetski napitek \/ Peaches Ice \/ Mango Ice \/ Goji Berry \/ \u010crni ribez<\/p>\n<p>3. Borovni\u010dev malina \/ Breskev mango lubenica \/ \u010crni \u010de\u0161njev Coca-Cola \/ Grozd \u010drni ribez led \/ Mango breskev marelica<\/p>\n<p>4. Borovni\u010dev malina \/ \u010crni zmaj led \/ Duh Candy \/ Fuji led \/ Lubenica kisla breskev<\/p>\n<p>5.Modri borovni\u010dev led\/Kivi Passion Fruit Guava\/Tri meloni\/Peach Pineapple \/Strastni poljub<\/p>\n<p>6.Modri borovni\u010dev led\/Watermelon Bubble Gum\/Kislo jabolko malina \/Lotus sadje mango melona\/Strastni sadni kivi limona<\/p>\n<p>7.Watermelon Ice\/Zme\u0161ane jagode\/Jabolko hru\u0161ka\/Modri borovni\u010dev meta\/Poletni \u010das<\/p>\n<p>8.Watermelon Ice\/Jagoda mango\/Kalifornijska \u010de\u0161nja\/Modri borovni\u010dev breskev led\/Mehko sadje<\/p>\n<p>9.Jagoda Watermelon\/Grozdni led\/Rde\u010di Mojito\/Bananin led\/Limonka<\/p>\n<p>10.Jagoda Watermelon\/Cantaloupe jabolko\/Kola led\/Mango breskev\/Ljubezen 66<\/p>\n<p>11.Jagoda kivi \/Jagoda banana\/Li\u010di led\/Watermelon Berry \/Strastni sadni mango<\/p>\n<p>12.Jagoda kivi\/Modri borovni\u010dev Watermelon\/Fudge medved\/Modri borovni\u010dev Bubble Gum\/Kisli mango ananas<\/p>\n<p>&nbsp;<\/p>\n<div class=\"flex-shrink-0 flex flex-col relative items-end\">\n<div class=\"pt-0\">\n<div class=\"gizmo-bot-avatar flex h-8 w-8 items-center justify-center overflow-hidden rounded-full\">\n<div class=\"relative p-1 rounded-sm flex items-center justify-center bg-token-main-surface-primary text-token-text-primary h-8 w-8\">\n<h2 data-start=\"1200\" data-end=\"1487\">Vapes Tornado \u2013 Va\u0161a veleprodajna spletna trgovina za vrhunske blagovne znamke vape<\/h2>\n<p data-start=\"1200\" data-end=\"1487\"><strong data-start=\"141\" data-end=\"177\">Spletna trgovina Vapes Tornado<\/strong> je va\u0161 zaupanja vreden vir za <strong data-start=\"205\" data-end=\"270\">premium enkratne vape in veleprodajne e-cigarette v Sloveniji<\/strong>. Ponosno predstavljamo najbolj prodajane blagovne znamke, kot so <strong data-start=\"307\" data-end=\"362\"><a href=\"https:\/\/vapestornado.com\/sl\/product\/randm-12000-puffs-fumot-digital-disposable-vape-wholesale-price\/\">Fumot VAPE<\/a>, <a href=\"https:\/\/vapestornado.com\/sl\/product\/waspe-150k-150000-puff-6-in-1-disposable-vape-pen-cartridge-best-wholesale-price-in-poland\/\">WASPE VAPE<\/a>, <\/strong><strong data-start=\"307\" data-end=\"362\"><a href=\"https:\/\/vapestornado.com\/sl\/product\/vozol-gear-shisha-25k-25000-puffs-best-dtl-disposable-vape-hookah-cheap-price\/\">VOZIL BAR VAPE<\/a>, \u00a0 Bang Vape<\/strong>, in \u0161e ve\u010d, zagotavljamo kakovost in raznolikost za vsakega kupca. Ne glede na to, ali ste posamezni uporabnik ali veleprodajni kupec, dostavljamo <strong data-start=\"481\" data-end=\"550\">visoko zmogljive naprave, elegantne zasnove in konkuren\u010dne cene<\/strong> za va\u0161e potrebe.<\/p>\n<h2 data-start=\"2064\" data-end=\"2115\">Pogosta vpra\u0161anja o Bang Legend 120000 Puff Switch Vape<\/h2>\n<ol data-start=\"3569\" data-end=\"4841\">\n<li data-start=\"3569\" data-end=\"3838\">\n<p data-start=\"3572\" data-end=\"3838\"><strong data-start=\"3572\" data-end=\"3675\">Kako Bang Legend 120000 5-v-1 preklapljiva e-cigareta ostaja u\u017eiva\u0161ka skozi dolgo uporabo?<\/strong><br data-start=\"3675\" data-end=\"3678\" \/>Pet vgrajenih okusov prepre\u010duje monotonijo. Preklapljanje me\u0161anic ohranja sve\u017eino okusa, kar je klju\u010dno na napravi, zasnovani za trajanje dlje kot obi\u010dajne enkratne uporabe.<\/p>\n<\/li>\n<li data-start=\"3840\" data-end=\"4081\">\n<p data-start=\"3843\" data-end=\"4081\"><strong data-start=\"3843\" data-end=\"3943\">Ali mre\u017ena tuljava Bang Legend 120k pomaga vzdr\u017eevati gostoto pare pri visokem \u0161tevilu vdihov?<\/strong><br data-start=\"3943\" data-end=\"3946\" \/>Da. Mre\u017ene tuljave enakomerno razporejajo toploto v primerjavi z osnovnimi \u017ei\u010dnatimi tuljavami, kar podpira gladek dim in stabilen okus tudi pri dolgotrajni uporabi.<\/p>\n<\/li>\n<li data-start=\"4083\" data-end=\"4341\">\n<p data-start=\"4086\" data-end=\"4341\"><strong data-start=\"4086\" data-end=\"4190\">Kak\u0161na je prakti\u010dna korist nastavljivega pretoka zraka na enkratni e-cigaretki Bang Legend 120000?<\/strong><br data-start=\"4190\" data-end=\"4193\" \/>Omogo\u010da vam, da zo\u017eite poteg za cigaretni slog ali ga odprete za polnej\u0161i vdih, tako da naprava ustreza razli\u010dnim rutinam brez dodatne opreme.<\/p>\n<\/li>\n<li data-start=\"4343\" data-end=\"4562\">\n<p data-start=\"4346\" data-end=\"4562\"><strong data-start=\"4346\" data-end=\"4433\">Ali je potrebna polnjenje s Type-C na napravi z 120.000 potegi, kot je Bang Legend 120k?<\/strong><br data-start=\"4433\" data-end=\"4436\" \/>Absolutno. Polnjenje s Type-C prepre\u010duje zgodnje zavr\u017eene zaradi nizke baterije, kar pomaga napravi dose\u010di celoten predviden \u017eivljenjski cikel.<\/p>\n<\/li>\n<li data-start=\"4564\" data-end=\"4841\">\n<p data-start=\"4567\" data-end=\"4841\"><strong data-start=\"4567\" data-end=\"4674\">Zakaj kupci veletrgovcev cigaret ocenjujejo Bang Legend 120000 kot mo\u010dno poceni mo\u017enost na poteg v ceni?<\/strong><br data-start=\"4674\" data-end=\"4677\" \/>Ker zelo visok \u0161t. potegov, ve\u010dbarvno preklapljanje in zasnova z mo\u017enostjo polnjenja naredijo stro\u0161ek na poteg konkuren\u010den, medtem ko nabor funkcij ohranja visoko povpra\u0161evanje potro\u0161nikov.<\/p>\n<\/li>\n<\/ol>\n<\/div>\n<\/div>\n<\/div>\n<\/div>","protected":false},"excerpt":{"rendered":"<div class=\"flex flex-col text-sm @w-xl\/main:pt-header-height pb-25\">\n<article class=\"text-token-text-primary w-full focus:outline-none [--shadow-height:45px] has-data-writing-block:pointer-events-none has-data-writing-block:-mt-(--shadow-height) has-data-writing-block:pt-(--shadow-height) [&amp;:has([data-writing-block])&gt;*]:pointer-events-auto scroll-mt-[calc(var(--header-height)+min(200px,max(70px,20svh)))]\" dir=\"auto\" tabindex=\"-1\" data-turn-id=\"1216eed0-d089-4251-926f-eb67c4e27f78\" data-testid=\"conversation-turn-54\" data-scroll-anchor=\"true\" data-turn=\"assistant\">\n<div class=\"text-base my-auto mx-auto pb-10 [--thread-content-margin:--spacing(4)] @w-sm\/main:[--thread-content-margin:--spacing(6)] @w-lg\/main:[--thread-content-margin:--spacing(16)] px-(--thread-content-margin)\">\n<div class=\"[--thread-content-max-width:40rem] @w-lg\/main:[--thread-content-max-width:48rem] mx-auto max-w-(--thread-content-max-width) flex-1 group\/turn-messages focus-visible:outline-hidden relative flex w-full min-w-0 flex-col agent-turn\" tabindex=\"-1\">\n<div class=\"flex max-w-full flex-col grow\">\n<div class=\"min-h-8 text-message relative flex w-full flex-col items-end gap-2 text-start break-words whitespace-normal [.text-message+&amp;]:mt-1\" dir=\"auto\" data-message-author-role=\"assistant\" data-message-id=\"d248b401-75f3-45e9-8935-fcbc0a13d11e\" data-message-model-slug=\"gpt-5-2-thinking\">\n<div class=\"flex w-full flex-col gap-1 empty:hidden first:pt-[1px]\">\n<div class=\"markdown prose dark:prose-invert w-full break-words light markdown-new-styling\">\n<p data-start=\"4871\" data-end=\"5142\" data-is-last-node=\"\" data-is-only-node=\"\">Bang Legend 120000 (Bang Legend 120k) enkratni e-cigaret z 120.000 vdihi, 5-v-1 zamenjavo okusa, mre\u017eno tuljavo, nastavljivim pretokom zraka, polnjenjem Type-C in pametnim LED zaslonom. Cenej\u0161a mo\u017enost na debelo za veleprodajalce cigaret in slovenske vape trgovine.<\/p>\n<\/div>\n<\/div>\n<\/div>\n<\/div>\n<\/div>\n<\/div>\n<\/article>\n<\/div>\n<p><strong>Dodajte Amyin WhatsApp, da dobite pravi odgovor in ceno s popustom!<\/strong><\/p>\n<p><img fetchpriority=\"high\" decoding=\"async\" class=\"size-full wp-image-2932\" src=\"https:\/\/vapestornado.com\/wp-content\/uploads\/2024\/12\/Vape-Wholesale.jpg\" alt=\"Vape Veleprodaja\" width=\"229\" height=\"300\" \/><\/p>\n<h3><a href=\"https:\/\/wa.me\/8617776015835\"><span style=\"color: #ff0000;\"><strong>WhatsApp: +386 17776015835<\/strong><\/span><\/a><\/h3>","protected":false},"featured_media":4432,"comment_status":"open","ping_status":"closed","template":"","meta":{"_acf_changed":false,"_uag_custom_page_level_css":"","_lmt_disableupdate":"no","_lmt_disable":"","_monsterinsights_skip_tracking":false,"_monsterinsights_sitenote_active":false,"_monsterinsights_sitenote_note":"","_monsterinsights_sitenote_category":0,"site-sidebar-layout":"default","site-content-layout":"","ast-site-content-layout":"default","site-content-style":"default","site-sidebar-style":"default","ast-global-header-display":"","ast-banner-title-visibility":"","ast-main-header-display":"","ast-hfb-above-header-display":"","ast-hfb-below-header-display":"","ast-hfb-mobile-header-display":"","site-post-title":"","ast-breadcrumbs-content":"","ast-featured-img":"","footer-sml-layout":"","ast-disable-related-posts":"","theme-transparent-header-meta":"default","adv-header-id-meta":"","stick-header-meta":"","header-above-stick-meta":"","header-main-stick-meta":"","header-below-stick-meta":"","astra-migrate-meta-layouts":"set","ast-page-background-enabled":"default","ast-page-background-meta":{"desktop":{"background-color":"","background-image":"","background-repeat":"repeat","background-position":"center center","background-size":"auto","background-attachment":"scroll","background-type":"","background-media":"","overlay-type":"","overlay-color":"","overlay-opacity":"","overlay-gradient":""},"tablet":{"background-color":"","background-image":"","background-repeat":"repeat","background-position":"center center","background-size":"auto","background-attachment":"scroll","background-type":"","background-media":"","overlay-type":"","overlay-color":"","overlay-opacity":"","overlay-gradient":""},"mobile":{"background-color":"","background-image":"","background-repeat":"repeat","background-position":"center center","background-size":"auto","background-attachment":"scroll","background-type":"","background-media":"","overlay-type":"","overlay-color":"","overlay-opacity":"","overlay-gradient":""}},"ast-content-background-meta":{"desktop":{"background-color":"var(--ast-global-color-5)","background-image":"","background-repeat":"repeat","background-position":"center center","background-size":"auto","background-attachment":"scroll","background-type":"","background-media":"","overlay-type":"","overlay-color":"","overlay-opacity":"","overlay-gradient":""},"tablet":{"background-color":"var(--ast-global-color-5)","background-image":"","background-repeat":"repeat","background-position":"center center","background-size":"auto","background-attachment":"scroll","background-type":"","background-media":"","overlay-type":"","overlay-color":"","overlay-opacity":"","overlay-gradient":""},"mobile":{"background-color":"var(--ast-global-color-5)","background-image":"","background-repeat":"repeat","background-position":"center center","background-size":"auto","background-attachment":"scroll","background-type":"","background-media":"","overlay-type":"","overlay-color":"","overlay-opacity":"","overlay-gradient":""}},"_joinchat":[]},"product_brand":[],"product_cat":[347,62,152,156,142,357,146],"product_tag":[398,399,396,368,390,393,386,397],"class_list":{"0":"post-4438","1":"product","2":"type-product","3":"status-publish","4":"has-post-thumbnail","6":"product_cat-120000-puff","7":"product_cat-bang-vape","8":"product_cat-buy-disposable-vapes-in-cermany","9":"product_cat-buy-disposable-vapes-in-poland","10":"product_cat-digital-box-disposable-vapes","11":"product_cat-flavor-adjustable-vape","12":"product_cat-rechargeable-disposable-vapes","13":"product_tag-bang-legend-120000","14":"product_tag-bang-legend-120k","15":"product_tag-disposable-cigarette","16":"product_tag-disposable-vapor","17":"product_tag-online-vape-shop","18":"product_tag-vape-cartridge","19":"product_tag-vape-pen","20":"product_tag-vapor","21":"desktop-align-left","22":"tablet-align-left","23":"mobile-align-left","25":"first","26":"instock","27":"sale","28":"shipping-taxable","29":"purchasable","30":"product-type-simple"},"acf":[],"uagb_featured_image_src":{"full":["https:\/\/vapestornado.com\/wp-content\/uploads\/2025\/10\/BANG-LEGEND-120K-Puffs-Screen-Disposable-Vape.webp",800,800,false],"thumbnail":["https:\/\/vapestornado.com\/wp-content\/uploads\/2025\/10\/BANG-LEGEND-120K-Puffs-Screen-Disposable-Vape-150x150.webp",150,150,true],"medium":["https:\/\/vapestornado.com\/wp-content\/uploads\/2025\/10\/BANG-LEGEND-120K-Puffs-Screen-Disposable-Vape-300x300.webp",300,300,true],"medium_large":["https:\/\/vapestornado.com\/wp-content\/uploads\/2025\/10\/BANG-LEGEND-120K-Puffs-Screen-Disposable-Vape-768x768.webp",768,768,true],"large":["https:\/\/vapestornado.com\/wp-content\/uploads\/2025\/10\/BANG-LEGEND-120K-Puffs-Screen-Disposable-Vape.webp",800,800,false],"1536x1536":["https:\/\/vapestornado.com\/wp-content\/uploads\/2025\/10\/BANG-LEGEND-120K-Puffs-Screen-Disposable-Vape.webp",800,800,false],"2048x2048":["https:\/\/vapestornado.com\/wp-content\/uploads\/2025\/10\/BANG-LEGEND-120K-Puffs-Screen-Disposable-Vape.webp",800,800,false],"trp-custom-language-flag":["https:\/\/vapestornado.com\/wp-content\/uploads\/2025\/10\/BANG-LEGEND-120K-Puffs-Screen-Disposable-Vape-12x12.webp",12,12,true],"woocommerce_thumbnail":["https:\/\/vapestornado.com\/wp-content\/uploads\/2025\/10\/BANG-LEGEND-120K-Puffs-Screen-Disposable-Vape-300x300.webp",300,300,true],"woocommerce_single":["https:\/\/vapestornado.com\/wp-content\/uploads\/2025\/10\/BANG-LEGEND-120K-Puffs-Screen-Disposable-Vape-600x600.webp",600,600,true],"woocommerce_gallery_thumbnail":["https:\/\/vapestornado.com\/wp-content\/uploads\/2025\/10\/BANG-LEGEND-120K-Puffs-Screen-Disposable-Vape-100x100.webp",100,100,true]},"uagb_author_info":{"display_name":"ESAMY","author_link":"https:\/\/vapestornado.com\/sl\/author\/"},"uagb_comment_info":0,"uagb_excerpt":"Bang Legend 120000 (Bang Legend 120k) disposable E-cigarette with 120,000 puffs, 5-in-1 flavour switch, mesh coil engine, adjustable airflow, Type-C recharge and LED smart display. Wholesale-friendly cheap price per puff option for Cigarette wholesaler and EU vape shops. Add Amy's whatsapp to get right reply and discount price! WhatsApp: +86 17776015835","_links":{"self":[{"href":"https:\/\/vapestornado.com\/sl\/wp-json\/wp\/v2\/product\/4438","targetHints":{"allow":["GET"]}}],"collection":[{"href":"https:\/\/vapestornado.com\/sl\/wp-json\/wp\/v2\/product"}],"about":[{"href":"https:\/\/vapestornado.com\/sl\/wp-json\/wp\/v2\/types\/product"}],"replies":[{"embeddable":true,"href":"https:\/\/vapestornado.com\/sl\/wp-json\/wp\/v2\/comments?post=4438"}],"wp:featuredmedia":[{"embeddable":true,"href":"https:\/\/vapestornado.com\/sl\/wp-json\/wp\/v2\/media\/4432"}],"wp:attachment":[{"href":"https:\/\/vapestornado.com\/sl\/wp-json\/wp\/v2\/media?parent=4438"}],"wp:term":[{"taxonomy":"product_brand","embeddable":true,"href":"https:\/\/vapestornado.com\/sl\/wp-json\/wp\/v2\/product_brand?post=4438"},{"taxonomy":"product_cat","embeddable":true,"href":"https:\/\/vapestornado.com\/sl\/wp-json\/wp\/v2\/product_cat?post=4438"},{"taxonomy":"product_tag","embeddable":true,"href":"https:\/\/vapestornado.com\/sl\/wp-json\/wp\/v2\/product_tag?post=4438"}],"curies":[{"name":"wp","href":"https:\/\/api.w.org\/{rel}","templated":true}]}}