{"id":4430,"date":"2025-10-15T09:50:23","date_gmt":"2025-10-15T09:50:23","guid":{"rendered":"https:\/\/vapestornado.com\/?post_type=product&#038;p=4430"},"modified":"2025-10-31T09:51:16","modified_gmt":"2025-10-31T09:51:16","slug":"fihp-120k-6-in1-multi-flavors-120000-puff-disposable-vape-pen-cheap-price","status":"publish","type":"product","link":"https:\/\/vapestornado.com\/sl\/product\/fihp-120k-6-in1-multi-flavors-120000-puff-disposable-vape-pen-cheap-price\/","title":{"rendered":"FIHP 120K 6 v 1 Ve\u010d okusov 120000 vdihov enkratna vape pisalo po ugodni ceni"},"content":{"rendered":"<h2 data-pm-slice=\"1 1 []\">FIHP 120K 6-v-1 ve\u010d okusov 120000 vdihov enkratno vape pisalo \u2014 najbolj\u0161i poceni vape v Evropi<\/h2>\n<p data-start=\"104\" data-end=\"592\">The <strong data-start=\"108\" data-end=\"146\">FIHP 120K vdihov enkratno vape pisalo<\/strong> je zasnovano za tiste, ki \u017eelijo ogromno mo\u010d, bogat okus in pravo raznolikost v enem elegantnem dizajnu. Ponuja neverjetno <strong data-start=\"272\" data-end=\"288\">120000 vdihov<\/strong>, ta <strong data-start=\"295\" data-end=\"315\">FIHP 120000 vdihov<\/strong> naprava je predpolnjena z <strong data-start=\"344\" data-end=\"372\">64 mL vrhunskega e-teko\u010dine<\/strong> in <strong data-start=\"379\" data-end=\"416\">6-v-1 sistem za preklapljanje med ve\u010d okusi<\/strong>, ki uporabnikom ponuja \u0161est \u017eivahnih okusnih mo\u017enosti v enem vapeu. Idealna izbira za veletrgovce v Sloveniji in mlade vape uporabnike, ki i\u0161\u010dejo <strong data-start=\"543\" data-end=\"558\">poceni vape<\/strong> ki nikoli ne sklepajo kompromisov glede kakovosti.<\/p>\n<p data-start=\"594\" data-end=\"1161\">Napaja ga <strong data-start=\"607\" data-end=\"638\">650mAh polnilno baterijo<\/strong> in je opremljen z <strong data-start=\"657\" data-end=\"681\">hitro polnjenje Type-C<\/strong>, je <strong data-start=\"687\" data-end=\"714\">FIHP 120k vdihov vape pisalo<\/strong> zagotavlja neprekinjeno vapeanje skozi ves dan. Naprava <strong data-start=\"757\" data-end=\"775\">dvojna mre\u017easta tuljava<\/strong> ustvarja gost dim in mo\u010dan okus od prvega vdihavanja do zadnjega, medtem ko <strong data-start=\"860\" data-end=\"881\">pametni LED zaslon<\/strong> prikazuje nivo baterije in e-teko\u010dine v realnem \u010dasu. Z <strong data-start=\"932\" data-end=\"970\">mo\u017enostmi nikotinske mo\u010di 2% in 5%<\/strong>ta naprava popolnoma uravnava zmogljivost, zadovoljstvo in dostopnost \u2014 zaradi \u010desar je ena izmed <strong data-start=\"1071\" data-end=\"1084\">najbolj\u0161i vape<\/strong> mo\u017enosti tako za prilo\u017enostne uporabnike kot za trgovce, ki \u017eelijo pove\u010dati dobi\u010dek.<\/p>\n<p data-start=\"1163\" data-end=\"1524\">Slogovno, vzdr\u017eljivo in polno funkcij, <strong data-start=\"1211\" data-end=\"1251\">FIHP 120K 6-v-1 enkratna vape pisalka<\/strong> preoblikuje pomen visoke kapacitete enkratnih vape naprav. Ne glede na to, ali je za osebno u\u017eivanje ali veleprodajno dobavo, ta vape zagotavlja mo\u010d, okus in vrednost, ki jih zahteva slovenska vape skupnost. Na voljo zdaj po najbolj\u0161i veleprodajni ceni preko Vapestornado<strong data-start=\"1493\" data-end=\"1523\">\u00a0spletna trgovina z vape izdelki<\/strong>.<\/p>\n<p><strong><span style=\"color: #ff0000;\">Dodajte Amy na WhatsApp in prejmite takoj\u0161en odgovor ter kupon za vape!<\/span><\/strong><\/p>\n<p><img fetchpriority=\"high\" decoding=\"async\" class=\"size-full wp-image-2932\" src=\"https:\/\/vapestornado.com\/wp-content\/uploads\/2024\/12\/Vape-Wholesale.jpg\" alt=\"Vape Veleprodaja\" width=\"229\" height=\"300\" \/><\/p>\n<h3><a href=\"https:\/\/wa.me\/8617776015835\" target=\"_blank\" rel=\"noopener\"><span style=\"color: #ff0000;\"><strong>WhatsApp: +386 17776015835<\/strong><\/span><\/a><\/h3>\n<p>&nbsp;<\/p>\n<h2><strong>FIHP 120K Puff 6 v 1 Lastnosti izdelka<\/strong><\/h2>\n<ul>\n<li data-start=\"1555\" data-end=\"1630\">\n<p data-start=\"1557\" data-end=\"1630\"><strong data-start=\"1557\" data-end=\"1574\">120000 vdihov:<\/strong> Dolgotrajna zmogljivost za dosledno zadovoljstvo.<\/p>\n<\/li>\n<li data-start=\"1631\" data-end=\"1728\">\n<p data-start=\"1633\" data-end=\"1728\"><strong data-start=\"1633\" data-end=\"1658\">6-v-1 sistem okusov:<\/strong> Takoj\u0161nja menjava med \u0161estimi prednapolnjenimi okusi za neprekinjeno raznolikost.<\/p>\n<\/li>\n<li data-start=\"1729\" data-end=\"1799\">\n<p data-start=\"1731\" data-end=\"1799\"><strong data-start=\"1731\" data-end=\"1758\">64mL kapaciteta e-teko\u010dine:<\/strong> Izjemno velik rezervoar zagotavlja tedne uporabe.<\/p>\n<\/li>\n<li data-start=\"1800\" data-end=\"1885\">\n<p data-start=\"1802\" data-end=\"1885\"><strong data-start=\"1802\" data-end=\"1834\">650mAh polnilna baterija:<\/strong> Kompakten in u\u010dinkovit s hitrim polnjenjem Type-C.<\/p>\n<\/li>\n<li data-start=\"1886\" data-end=\"1974\">\n<p data-start=\"1888\" data-end=\"1974\"><strong data-start=\"1888\" data-end=\"1914\">Dvojna mre\u017easta tuljava:<\/strong> Izbolj\u0161ana gostota pare in pristna dostava okusa.<\/p>\n<\/li>\n<li data-start=\"1975\" data-end=\"2050\">\n<p data-start=\"1977\" data-end=\"2050\"><strong data-start=\"1977\" data-end=\"1999\">Pameten LED zaslon:<\/strong> Spremljanje mo\u010di in nivoja teko\u010dine v realnem \u010dasu.<\/p>\n<\/li>\n<li data-start=\"2051\" data-end=\"2125\">\n<p data-start=\"2053\" data-end=\"2125\"><strong data-start=\"2053\" data-end=\"2073\">Mo\u017enosti nikotina:<\/strong> Na voljo v 2% in 5% za prilagodljive potrebe vapeanja.<\/p>\n<\/li>\n<\/ul>\n<figure id=\"attachment_4429\" aria-describedby=\"caption-attachment-4429\" style=\"width: 300px\" class=\"wp-caption alignnone\"><img decoding=\"async\" class=\"size-medium wp-image-4429\" src=\"https:\/\/vapestornado.com\/wp-content\/uploads\/2025\/10\/Newest-FIHP-120000-120k-Puffs-Dispsable-Vape-Kit-300x300.webp\" alt=\"Najnovej\u0161i FIHP 120000 120k vdihov enkratni vape komplet\" width=\"300\" height=\"300\" srcset=\"https:\/\/vapestornado.com\/wp-content\/uploads\/2025\/10\/Newest-FIHP-120000-120k-Puffs-Dispsable-Vape-Kit-300x300.webp 300w, https:\/\/vapestornado.com\/wp-content\/uploads\/2025\/10\/Newest-FIHP-120000-120k-Puffs-Dispsable-Vape-Kit-150x150.webp 150w, https:\/\/vapestornado.com\/wp-content\/uploads\/2025\/10\/Newest-FIHP-120000-120k-Puffs-Dispsable-Vape-Kit-768x768.webp 768w, https:\/\/vapestornado.com\/wp-content\/uploads\/2025\/10\/Newest-FIHP-120000-120k-Puffs-Dispsable-Vape-Kit-12x12.webp 12w, https:\/\/vapestornado.com\/wp-content\/uploads\/2025\/10\/Newest-FIHP-120000-120k-Puffs-Dispsable-Vape-Kit-600x600.webp 600w, https:\/\/vapestornado.com\/wp-content\/uploads\/2025\/10\/Newest-FIHP-120000-120k-Puffs-Dispsable-Vape-Kit-100x100.webp 100w, https:\/\/vapestornado.com\/wp-content\/uploads\/2025\/10\/Newest-FIHP-120000-120k-Puffs-Dispsable-Vape-Kit.webp 800w\" sizes=\"(max-width: 300px) 100vw, 300px\" \/><figcaption id=\"caption-attachment-4429\" class=\"wp-caption-text\">Najnovej\u0161i FIHP 120000 120k vdihov enkratni vape komplet<\/figcaption><\/figure>\n<h2 class=\"product-title\"><strong>FIHP 120K 120000 Puff 6 v 1 seznam okusov<\/strong><\/h2>\n<p data-start=\"2550\" data-end=\"2736\">1. Lubenica led &amp; Red Bull &amp; Jagoda kivi &amp; Borovnica led &amp; Limona limeta &amp; Jagoda lubenica<br \/>\n2. Jagoda banana &amp; Dvojna jabolka &amp; Malina lubenica &amp; Kisli mango ananas &amp; Tropsko sadje &amp; Limona breskev<br \/>\n3. Ananas kokos &amp; Modri robid &amp; Me\u0161ane jagode &amp; Mango breskev &amp; Borovnica malina &amp; Jagoda vanilija kola<br \/>\n4. Breskev jagoda &amp; Trojna melona &amp; Grozdje led &amp; \u010crni zmaj led &amp; Pene\u010da \u010de\u0161nja led &amp; Gumijasti medvedek<br \/>\n5. Mavri\u010dni bonboni &amp; \u010ce\u0161nja kola led &amp; Ljubezen 666 &amp; Mango led &amp; Borovnica sladkorna pena &amp; Breskev led<br \/>\n6. Aloe li\u010di led &amp; Ro\u017enata limona &amp; Glacial led &amp; Borovnica mete &amp; \u010crni ribez led &amp; Lubenica limona<\/p>\n<div class=\"flex-shrink-0 flex flex-col relative items-end\">\n<div class=\"pt-0\">\n<div class=\"gizmo-bot-avatar flex h-8 w-8 items-center justify-center overflow-hidden rounded-full\">\n<div class=\"relative p-1 rounded-sm flex items-center justify-center bg-token-main-surface-primary text-token-text-primary h-8 w-8\">\n<h2 data-start=\"1200\" data-end=\"1487\">Vapes Tornado \u2013 Va\u0161a veleprodajna spletna trgovina za vrhunske blagovne znamke vape<\/h2>\n<p data-start=\"1200\" data-end=\"1487\"><strong data-start=\"141\" data-end=\"177\">Spletna trgovina Vapes Tornado<\/strong> je va\u0161 zaupanja vreden vir za <strong data-start=\"205\" data-end=\"270\">premium enkratne vape in veleprodajne e-cigarette v Sloveniji<\/strong>. Ponosno predstavljamo najbolj prodajane blagovne znamke, kot so <strong data-start=\"307\" data-end=\"362\"><a href=\"https:\/\/vapestornado.com\/sl\/product\/randm-12000-puffs-fumot-digital-disposable-vape-wholesale-price\/\">Fumot VAPE<\/a>, <a href=\"https:\/\/vapestornado.com\/sl\/product\/waspe-150k-150000-puff-6-in-1-disposable-vape-pen-cartridge-best-wholesale-price-in-poland\/\">WASPE VAPE<\/a>, <\/strong><strong data-start=\"307\" data-end=\"362\"><a href=\"https:\/\/vapestornado.com\/sl\/product\/vozol-gear-shisha-25k-25000-puffs-best-dtl-disposable-vape-hookah-cheap-price\/\">VOZIL BAR VAPE<\/a>, \u00a0 Bang Vape<\/strong>, in \u0161e ve\u010d, zagotavljamo kakovost in raznolikost za vsakega kupca. Ne glede na to, ali ste posamezni uporabnik ali veleprodajni kupec, dostavljamo <strong data-start=\"481\" data-end=\"550\">visoko zmogljive naprave, elegantne zasnove in konkuren\u010dne cene<\/strong> za va\u0161e potrebe.<\/p>\n<h2 data-start=\"2064\" data-end=\"2115\">Pogosta vpra\u0161anja o FIHP 120K Puff enkratni vape<\/h2>\n<p data-start=\"2159\" data-end=\"2318\"><strong data-start=\"2159\" data-end=\"2233\">1. Koliko okusov ponuja FIHP 120K Puff enkratna vape pisala?<\/strong><br data-start=\"2233\" data-end=\"2236\" \/>Ponuja sistem 6 v 1, ki uporabnikom omogo\u010da u\u017eivanje \u0161estih edinstvenih okusov v eni napravi.<\/p>\n<p data-start=\"2320\" data-end=\"2445\"><strong data-start=\"2320\" data-end=\"2369\">2. Ali je FIHP 120000 Puff vape polnljiv?<\/strong><br data-start=\"2369\" data-end=\"2372\" \/>Da, vklju\u010duje 650mAh polnilno baterijo s hitro Type-C polnjenjem.<\/p>\n<p data-start=\"2447\" data-end=\"2577\"><strong data-start=\"2447\" data-end=\"2511\">3. Katere ravni nikotina so na voljo za FIHP 120k Puff?<\/strong><br data-start=\"2511\" data-end=\"2514\" \/>Lahko izberete med 2% in 5%, glede na va\u0161e \u017eelje.<\/p>\n<p data-start=\"2579\" data-end=\"2743\"><strong data-start=\"2579\" data-end=\"2646\">4. Zakaj je FIHP 120K eden najbolj\u0161ih poceni vape naprav?<\/strong><br data-start=\"2646\" data-end=\"2649\" \/>Nudi \u0161est okusov, 120000 vdihov in kakovost dvojne mre\u017easte tuljave po zelo konkuren\u010dni ceni.<\/p>\n<p data-start=\"2745\" data-end=\"2917\"><strong data-start=\"2745\" data-end=\"2813\">5. Kje lahko kupim FIHP 120000 Puff enkratno vape napravo na debelo?<\/strong><br data-start=\"2813\" data-end=\"2816\" \/>Najbolj\u0161e veleprodajne ponudbe so na voljo pri <strong data-start=\"2858\" data-end=\"2888\">Vapes Tornado spletna trgovina z vape izdelki<\/strong>, zaupanja vredni distributerji v Sloveniji.<\/p>\n<\/div>\n<\/div>\n<\/div>\n<\/div>","protected":false},"excerpt":{"rendered":"<p data-start=\"3204\" data-end=\"3282\">FIHP 120K 6-v-1 120000 vdihov enkratna vape pisalo | Poceni vape na debelo<\/p>\n<p data-start=\"3286\" data-end=\"3358\">Kupite FIHP 120000 vdihov vape pisalo | Najbolj\u0161i 6-v-1 enkratni vape v Evropi<\/p>\n<p data-start=\"3362\" data-end=\"3446\">FIHP 120K vdihov enkratni vape \u2013 Velika zmogljivost, ve\u010d okusov, najbolj\u0161a veleprodajna cena<\/p>\n<p><strong>Dodajte Amyin WhatsApp, da dobite pravi odgovor in ceno s popustom!<\/strong><\/p>\n<p><img fetchpriority=\"high\" decoding=\"async\" class=\"size-full wp-image-2932\" src=\"https:\/\/vapestornado.com\/wp-content\/uploads\/2024\/12\/Vape-Wholesale.jpg\" alt=\"Vape Veleprodaja\" width=\"229\" height=\"300\" \/><\/p>\n<h3><a href=\"https:\/\/wa.me\/8617776015835\"><span style=\"color: #ff0000;\"><strong>WhatsApp: +386 17776015835<\/strong><\/span><\/a><\/h3>","protected":false},"featured_media":4428,"comment_status":"open","ping_status":"closed","template":"","meta":{"_acf_changed":false,"_uag_custom_page_level_css":"","_lmt_disableupdate":"no","_lmt_disable":"","_monsterinsights_skip_tracking":false,"_monsterinsights_sitenote_active":false,"_monsterinsights_sitenote_note":"","_monsterinsights_sitenote_category":0,"site-sidebar-layout":"default","site-content-layout":"","ast-site-content-layout":"default","site-content-style":"default","site-sidebar-style":"default","ast-global-header-display":"","ast-banner-title-visibility":"","ast-main-header-display":"","ast-hfb-above-header-display":"","ast-hfb-below-header-display":"","ast-hfb-mobile-header-display":"","site-post-title":"","ast-breadcrumbs-content":"","ast-featured-img":"","footer-sml-layout":"","ast-disable-related-posts":"","theme-transparent-header-meta":"default","adv-header-id-meta":"","stick-header-meta":"","header-above-stick-meta":"","header-main-stick-meta":"","header-below-stick-meta":"","astra-migrate-meta-layouts":"set","ast-page-background-enabled":"default","ast-page-background-meta":{"desktop":{"background-color":"","background-image":"","background-repeat":"repeat","background-position":"center center","background-size":"auto","background-attachment":"scroll","background-type":"","background-media":"","overlay-type":"","overlay-color":"","overlay-opacity":"","overlay-gradient":""},"tablet":{"background-color":"","background-image":"","background-repeat":"repeat","background-position":"center center","background-size":"auto","background-attachment":"scroll","background-type":"","background-media":"","overlay-type":"","overlay-color":"","overlay-opacity":"","overlay-gradient":""},"mobile":{"background-color":"","background-image":"","background-repeat":"repeat","background-position":"center center","background-size":"auto","background-attachment":"scroll","background-type":"","background-media":"","overlay-type":"","overlay-color":"","overlay-opacity":"","overlay-gradient":""}},"ast-content-background-meta":{"desktop":{"background-color":"var(--ast-global-color-5)","background-image":"","background-repeat":"repeat","background-position":"center center","background-size":"auto","background-attachment":"scroll","background-type":"","background-media":"","overlay-type":"","overlay-color":"","overlay-opacity":"","overlay-gradient":""},"tablet":{"background-color":"var(--ast-global-color-5)","background-image":"","background-repeat":"repeat","background-position":"center center","background-size":"auto","background-attachment":"scroll","background-type":"","background-media":"","overlay-type":"","overlay-color":"","overlay-opacity":"","overlay-gradient":""},"mobile":{"background-color":"var(--ast-global-color-5)","background-image":"","background-repeat":"repeat","background-position":"center center","background-size":"auto","background-attachment":"scroll","background-type":"","background-media":"","overlay-type":"","overlay-color":"","overlay-opacity":"","overlay-gradient":""}},"_joinchat":[]},"product_brand":[],"product_cat":[347,154,142,144,146,60],"product_tag":[387,287,368,388,395,390,393,386],"class_list":{"0":"post-4430","1":"product","2":"type-product","3":"status-publish","4":"has-post-thumbnail","6":"product_cat-120000-puff","7":"product_cat-buy-disposable-vapes-in-netherlands","8":"product_cat-digital-box-disposable-vapes","9":"product_cat-low-nicotine-disposable-vapes","10":"product_cat-rechargeable-disposable-vapes","11":"product_cat-waspe-fihp-vape","12":"product_tag-cigarette-vapor","13":"product_tag-disposable-vape-pen","14":"product_tag-disposable-vapor","15":"product_tag-e-vape","16":"product_tag-fihp-120k","17":"product_tag-online-vape-shop","18":"product_tag-vape-cartridge","19":"product_tag-vape-pen","20":"desktop-align-left","21":"tablet-align-left","22":"mobile-align-left","24":"first","25":"instock","26":"sale","27":"shipping-taxable","28":"purchasable","29":"product-type-simple"},"acf":[],"uagb_featured_image_src":{"full":["https:\/\/vapestornado.com\/wp-content\/uploads\/2025\/10\/FIHP-Multi-120000-puffs-Original-Disposable-Vape.webp",800,800,false],"thumbnail":["https:\/\/vapestornado.com\/wp-content\/uploads\/2025\/10\/FIHP-Multi-120000-puffs-Original-Disposable-Vape-150x150.webp",150,150,true],"medium":["https:\/\/vapestornado.com\/wp-content\/uploads\/2025\/10\/FIHP-Multi-120000-puffs-Original-Disposable-Vape-300x300.webp",300,300,true],"medium_large":["https:\/\/vapestornado.com\/wp-content\/uploads\/2025\/10\/FIHP-Multi-120000-puffs-Original-Disposable-Vape-768x768.webp",768,768,true],"large":["https:\/\/vapestornado.com\/wp-content\/uploads\/2025\/10\/FIHP-Multi-120000-puffs-Original-Disposable-Vape.webp",800,800,false],"1536x1536":["https:\/\/vapestornado.com\/wp-content\/uploads\/2025\/10\/FIHP-Multi-120000-puffs-Original-Disposable-Vape.webp",800,800,false],"2048x2048":["https:\/\/vapestornado.com\/wp-content\/uploads\/2025\/10\/FIHP-Multi-120000-puffs-Original-Disposable-Vape.webp",800,800,false],"trp-custom-language-flag":["https:\/\/vapestornado.com\/wp-content\/uploads\/2025\/10\/FIHP-Multi-120000-puffs-Original-Disposable-Vape-12x12.webp",12,12,true],"woocommerce_thumbnail":["https:\/\/vapestornado.com\/wp-content\/uploads\/2025\/10\/FIHP-Multi-120000-puffs-Original-Disposable-Vape-300x300.webp",300,300,true],"woocommerce_single":["https:\/\/vapestornado.com\/wp-content\/uploads\/2025\/10\/FIHP-Multi-120000-puffs-Original-Disposable-Vape-600x600.webp",600,600,true],"woocommerce_gallery_thumbnail":["https:\/\/vapestornado.com\/wp-content\/uploads\/2025\/10\/FIHP-Multi-120000-puffs-Original-Disposable-Vape-100x100.webp",100,100,true]},"uagb_author_info":{"display_name":"ESAMY","author_link":"https:\/\/vapestornado.com\/sl\/author\/"},"uagb_comment_info":1,"uagb_excerpt":"FIHP 120K 6-in-1 120000 Puff Disposable Vape Pen | Cheap Vapes for Wholesale Buy FIHP 120000 Puff Vape Pen | Best 6-in-1 Disposable Vapes in Europe FIHP 120K Puff Disposable Vape \u2013 Big Capacity, Multi Flavors, Best Wholesale Price Add Amy's whatsapp to get right reply and discount price! WhatsApp: +86 17776015835","_links":{"self":[{"href":"https:\/\/vapestornado.com\/sl\/wp-json\/wp\/v2\/product\/4430","targetHints":{"allow":["GET"]}}],"collection":[{"href":"https:\/\/vapestornado.com\/sl\/wp-json\/wp\/v2\/product"}],"about":[{"href":"https:\/\/vapestornado.com\/sl\/wp-json\/wp\/v2\/types\/product"}],"replies":[{"embeddable":true,"href":"https:\/\/vapestornado.com\/sl\/wp-json\/wp\/v2\/comments?post=4430"}],"wp:featuredmedia":[{"embeddable":true,"href":"https:\/\/vapestornado.com\/sl\/wp-json\/wp\/v2\/media\/4428"}],"wp:attachment":[{"href":"https:\/\/vapestornado.com\/sl\/wp-json\/wp\/v2\/media?parent=4430"}],"wp:term":[{"taxonomy":"product_brand","embeddable":true,"href":"https:\/\/vapestornado.com\/sl\/wp-json\/wp\/v2\/product_brand?post=4430"},{"taxonomy":"product_cat","embeddable":true,"href":"https:\/\/vapestornado.com\/sl\/wp-json\/wp\/v2\/product_cat?post=4430"},{"taxonomy":"product_tag","embeddable":true,"href":"https:\/\/vapestornado.com\/sl\/wp-json\/wp\/v2\/product_tag?post=4430"}],"curies":[{"name":"wp","href":"https:\/\/api.w.org\/{rel}","templated":true}]}}