{"id":4411,"date":"2025-10-05T07:54:46","date_gmt":"2025-10-05T07:54:46","guid":{"rendered":"https:\/\/vapestornado.com\/?post_type=product&#038;p=4411"},"modified":"2025-09-30T09:13:19","modified_gmt":"2025-09-30T09:13:19","slug":"aivono-flame-30000-puffs-disposable-e-vapor-wholesale-at-low-price","status":"publish","type":"product","link":"https:\/\/vapestornado.com\/sl\/product\/aivono-flame-30000-puffs-disposable-e-vapor-wholesale-at-low-price\/","title":{"rendered":"AIVONO FLAME 30000 Vdihov Enkratni E Vape na debelo po nizki ceni"},"content":{"rendered":"<h2 data-pm-slice=\"1 1 []\">AIVONO FLAME 30000 Enostaven vape \u2013 Debelov E Vapor pisalo<\/h2>\n<p data-start=\"232\" data-end=\"653\">The <strong data-start=\"236\" data-end=\"278\">AIVONO FLAME 30000 Enostaven vape pisalo<\/strong> je zasnovan za evropski veleprodajni trg, z dosegom do <strong data-start=\"340\" data-end=\"356\">30.000 vpihov<\/strong> iz <strong data-start=\"364\" data-end=\"386\">25mL e-tekilinske posode<\/strong>. Zasnovan kot vrhunska <strong data-start=\"410\" data-end=\"420\">e vape<\/strong> mo\u017enost, omogo\u010da uporabnikom popolno zadovoljstvo z <strong data-start=\"471\" data-end=\"490\">parni tobak<\/strong> alternativo z bogatim okusom in gladkim potegom. Trgovci imajo koristi od njegove dolgo\u017eivosti, kar zmanj\u0161uje pogostost zamenjave in pove\u010duje prodajne mo\u017enosti.<\/p>\n<p data-start=\"655\" data-end=\"1065\">Napaja ga <strong data-start=\"668\" data-end=\"720\">650mAh ponovno polnljiva baterija z Type-C polnjenjem<\/strong>, je <strong data-start=\"726\" data-end=\"746\">AIVONO PLAMEN 30k<\/strong> je izdelan za dosledno delovanje. The <strong data-start=\"787\" data-end=\"810\">1.2\u03a9 dvojna mre\u017easta tuljava<\/strong> ustvarja goste oblake in \u010disto okusno jasnost, medtem ko <strong data-start=\"868\" data-end=\"898\">nastavljiv 2-stopenjski pretok zraka<\/strong> omogo\u010da uporabnikom izbiro med tesnej\u0161im vdihom MTL ali bolj spro\u0161\u010denim RDL ob\u010dutkom. Njegov <strong data-start=\"972\" data-end=\"992\">LED dvojni prikaz<\/strong> uporabnikom omogo\u010da nadzor, prikazuje realno raven baterije in e-tekila.<\/p>\n<p data-start=\"1067\" data-end=\"1483\">Na voljo po veleprodajnih cenah prek zaupanja vrednih <strong data-start=\"1114\" data-end=\"1134\">spletna trgovina z vape izdelki<\/strong> partnerji, ti <strong data-start=\"1149\" data-end=\"1171\">AIVONO PLAMEN 30000<\/strong> prihaja v vrhunskih okusih, kot so Mango Ice, Grape Ice, Blueberry Ice, Blueberry Raspberry Pomegranate in Strawberry Watermelon. Z <strong data-start=\"1300\" data-end=\"1325\">za\u0161\u010dito z otro\u0161kim zaklepanjem<\/strong> in trpe\u017eno konstrukcijo, ta enkratni<strong data-start=\"1368\" data-end=\"1393\">\u00a0e-cigareta<\/strong> je pametna izbira za distributerje in kon\u010dne uporabnike v Sloveniji.<\/p>\n<p><strong><span style=\"color: #ff0000;\">Dodajte Amy na WhatsApp in prejmite takoj\u0161en odgovor ter kupon za vape!<\/span><\/strong><\/p>\n<p><img fetchpriority=\"high\" decoding=\"async\" class=\"size-full wp-image-2932\" src=\"https:\/\/vapestornado.com\/wp-content\/uploads\/2024\/12\/Vape-Wholesale.jpg\" alt=\"Vape Veleprodaja\" width=\"229\" height=\"300\" \/><\/p>\n<h3><a href=\"https:\/\/wa.me\/8617776015835\" target=\"_blank\" rel=\"noopener\"><span style=\"color: #ff0000;\"><strong>WhatsApp: +386 17776015835<\/strong><\/span><\/a><\/h3>\n<p>&nbsp;<\/p>\n<h2><strong>AIVONO AIM FLAME 30000 Puf Funkcije izdelka<\/strong><\/h2>\n<ul>\n<li data-start=\"1288\" data-end=\"1365\">\n<p data-start=\"1290\" data-end=\"1365\"><strong data-start=\"1290\" data-end=\"1312\">Do 30.000 potiskov<\/strong> \u2013 Zgrajen za dalj\u0161o uporabo in u\u010dinkovitost na debelo.<\/p>\n<\/li>\n<li data-start=\"1366\" data-end=\"1439\">\n<p data-start=\"1368\" data-end=\"1439\"><strong data-start=\"1368\" data-end=\"1390\">25mL e-tekilinske posode<\/strong> \u2013 Dalj\u0161e seje vapinga brez zamenjav.<\/p>\n<\/li>\n<li data-start=\"1440\" data-end=\"1518\">\n<p data-start=\"1442\" data-end=\"1518\"><strong data-start=\"1442\" data-end=\"1473\">650mAh polnilno baterijo<\/strong> \u2013 Hitro <strong data-start=\"1481\" data-end=\"1500\">polnjenje tipa C<\/strong> ga pripravi.<\/p>\n<\/li>\n<li data-start=\"1519\" data-end=\"1596\">\n<p data-start=\"1521\" data-end=\"1596\"><strong data-start=\"1521\" data-end=\"1546\">Dvojna mre\u017easta tuljava (1.2\u03a9)<\/strong> \u2013 Bogatej\u0161i okus in bolj gladka konsistenca pare.<\/p>\n<\/li>\n<li data-start=\"1597\" data-end=\"1672\">\n<p data-start=\"1599\" data-end=\"1672\"><strong data-start=\"1599\" data-end=\"1629\">2-stopenjsko nastavljiv pretok zraka<\/strong> \u2013 Preklapljajte med <strong data-start=\"1647\" data-end=\"1669\">MTL in DTL vapingom<\/strong>.<\/p>\n<\/li>\n<li data-start=\"1673\" data-end=\"1736\">\n<p data-start=\"1675\" data-end=\"1736\"><strong data-start=\"1675\" data-end=\"1696\">Za\u0161\u010dita z otro\u0161kim zaklepanjem<\/strong> \u2013 Dodana za\u0161\u010dita za mir v du\u0161i.<\/p>\n<\/li>\n<li data-start=\"1737\" data-end=\"1804\">\n<p data-start=\"1739\" data-end=\"1804\"><strong data-start=\"1739\" data-end=\"1759\">LED dvojni prikaz<\/strong> \u2013 Sledenje e-teko\u010dini in bateriji v realnem \u010dasu.<\/p>\n<\/li>\n<\/ul>\n<p>&nbsp;<\/p>\n<figure id=\"attachment_4409\" aria-describedby=\"caption-attachment-4409\" style=\"width: 300px\" class=\"wp-caption alignnone\"><img decoding=\"async\" class=\"size-medium wp-image-4409\" src=\"https:\/\/vapestornado.com\/wp-content\/uploads\/2025\/09\/Aivono-Flame-30k-30000-Puffs-Disposable-Vape-Box-300x300.webp\" alt=\"Aivono Flame 30k 30000 Potiskov Enkratni Vape Box\" width=\"300\" height=\"300\" srcset=\"https:\/\/vapestornado.com\/wp-content\/uploads\/2025\/09\/Aivono-Flame-30k-30000-Puffs-Disposable-Vape-Box-300x300.webp 300w, https:\/\/vapestornado.com\/wp-content\/uploads\/2025\/09\/Aivono-Flame-30k-30000-Puffs-Disposable-Vape-Box-150x150.webp 150w, https:\/\/vapestornado.com\/wp-content\/uploads\/2025\/09\/Aivono-Flame-30k-30000-Puffs-Disposable-Vape-Box-768x768.webp 768w, https:\/\/vapestornado.com\/wp-content\/uploads\/2025\/09\/Aivono-Flame-30k-30000-Puffs-Disposable-Vape-Box-12x12.webp 12w, https:\/\/vapestornado.com\/wp-content\/uploads\/2025\/09\/Aivono-Flame-30k-30000-Puffs-Disposable-Vape-Box-600x600.webp 600w, https:\/\/vapestornado.com\/wp-content\/uploads\/2025\/09\/Aivono-Flame-30k-30000-Puffs-Disposable-Vape-Box-100x100.webp 100w, https:\/\/vapestornado.com\/wp-content\/uploads\/2025\/09\/Aivono-Flame-30k-30000-Puffs-Disposable-Vape-Box.webp 800w\" sizes=\"(max-width: 300px) 100vw, 300px\" \/><figcaption id=\"caption-attachment-4409\" class=\"wp-caption-text\">Aivono Flame 30k 30000 Potiskov Enkratni Vape Box<\/figcaption><\/figure>\n<p>&nbsp;<\/p>\n<h2 class=\"product-title\"><strong>Seznam okusov za AIVONOFLAME 30000 Puff<\/strong><\/h2>\n<p data-start=\"2550\" data-end=\"2736\">1. Mango Ice<br \/>\n2. Rape Ice<br \/>\n3.Borovnica led<br \/>\n4. Borovnica Rde\u010da malina Granatno jabolko<br \/>\n5.Jagoda lubenica<\/p>\n<div class=\"flex-shrink-0 flex flex-col relative items-end\">\n<div class=\"pt-0\">\n<div class=\"gizmo-bot-avatar flex h-8 w-8 items-center justify-center overflow-hidden rounded-full\">\n<div class=\"relative p-1 rounded-sm flex items-center justify-center bg-token-main-surface-primary text-token-text-primary h-8 w-8\">\n<h2 data-start=\"1200\" data-end=\"1487\">Vapes Tornado \u2013 Va\u0161a veleprodajna spletna trgovina za vrhunske blagovne znamke vape<\/h2>\n<p data-start=\"1200\" data-end=\"1487\"><strong data-start=\"141\" data-end=\"177\">Spletna trgovina Vapes Tornado<\/strong> je va\u0161 zaupanja vreden vir za <strong data-start=\"205\" data-end=\"270\">premium enkratne vape in veleprodajne e-cigarette v Sloveniji<\/strong>. Ponosno predstavljamo najbolj prodajane blagovne znamke, kot so <strong data-start=\"307\" data-end=\"362\"><a href=\"https:\/\/vapestornado.com\/sl\/product\/randm-12000-puffs-fumot-digital-disposable-vape-wholesale-price\/\">Fumot VAPE<\/a>, <a href=\"https:\/\/vapestornado.com\/sl\/product\/original-wga-ultra-35k-35000-puff-rechargeable-crystal-disposable-nicotine-vape-best-discount-price\/\">WGA VAPE<\/a>, <\/strong><strong data-start=\"307\" data-end=\"362\"><a href=\"https:\/\/vapestornado.com\/sl\/product\/vozol-gear-shisha-25k-25000-puffs-best-dtl-disposable-vape-hookah-cheap-price\/\">VOZIL BAR VAPE<\/a>, \u00a0 Bang Vape<\/strong>, in \u0161e ve\u010d, zagotavljamo kakovost in raznolikost za vsakega kupca. Ne glede na to, ali ste posamezni uporabnik ali veleprodajni kupec, dostavljamo <strong data-start=\"481\" data-end=\"550\">visoko zmogljive naprave, elegantne zasnove in konkuren\u010dne cene<\/strong> za va\u0161e potrebe.<\/p>\n<h2 data-start=\"2064\" data-end=\"2115\">Pogosta vpra\u0161anja o AIVONO 30000 Puff Disposable Vape<\/h2>\n<p data-start=\"1856\" data-end=\"2020\"><strong data-start=\"1856\" data-end=\"1903\">1. Kako dolgo traja AIVONO FLAME 30K?<\/strong><br data-start=\"1903\" data-end=\"1906\" \/>Vsaka naprava zagotavlja do <strong data-start=\"1933\" data-end=\"1949\">30.000 vpihov<\/strong>, zaradi \u010desar je eden najdalj trajajo\u010dih enkratnih vape naprav v svoji razredu.<\/p>\n<p data-start=\"2022\" data-end=\"2154\"><strong data-start=\"2022\" data-end=\"2057\">2. Je baterija polnilna?<\/strong><br data-start=\"2057\" data-end=\"2060\" \/>Da. Ima <strong data-start=\"2081\" data-end=\"2112\">650mAh polnilno baterijo<\/strong> in <strong data-start=\"2117\" data-end=\"2132\">priklju\u010dkom Type-C<\/strong> za hitro polnjenje.<\/p>\n<p data-start=\"2156\" data-end=\"2307\"><strong data-start=\"2156\" data-end=\"2198\">3. Ali podpira nastavljiv pretok zraka?<\/strong><br data-start=\"2198\" data-end=\"2201\" \/>Da. <strong data-start=\"2210\" data-end=\"2234\">dvojni nadzor pretoka zraka<\/strong> omogo\u010da uporabnikom preklapljanje med <strong data-start=\"2261\" data-end=\"2280\">tesnimi MTL vdihi<\/strong> in <strong data-start=\"2285\" data-end=\"2304\">spro\u0161\u010denimi DTL udarci<\/strong>.<\/p>\n<p data-start=\"2309\" data-end=\"2532\"><strong data-start=\"2309\" data-end=\"2358\">4. Kaj naredi ta izdelek bolj\u0161o izbiro za veleprodajne kupce?<\/strong><br data-start=\"2358\" data-end=\"2361\" \/>The <strong data-start=\"2365\" data-end=\"2426\">velika kapaciteta za dim, polnilni dizajn in LED zaslon<\/strong> pove\u010duje zadovoljstvo strank in ponovne nakupe, zaradi \u010desar je idealen za <strong data-start=\"2496\" data-end=\"2529\">distributerje spletnih trgovin z vape izdelki<\/strong>.<\/p>\n<p data-start=\"2534\" data-end=\"2693\"><strong data-start=\"2534\" data-end=\"2568\">5. Katere okuse je na voljo?<\/strong><br data-start=\"2568\" data-end=\"2571\" \/>Najbolj priljubljeni okusi vklju\u010dujejo <strong data-start=\"2591\" data-end=\"2690\">Mango Ice, Grape Ice, Blueberry Ice, Blueberry Raspberry Pomegranate in Strawberry Watermelon<\/strong>.<\/p>\n<\/div>\n<\/div>\n<\/div>\n<\/div>","protected":false},"excerpt":{"rendered":"<p data-start=\"2637\" data-end=\"2714\">AIVONO FLAME 30000 Enostaven e-cigaretni vlo\u017eek \u2013 30K vdihov E Vapor na debelo Evropa<br \/>\nKupite AIVONO FLAME 30K vdihov LED prikaz E Shisha pisalo \u2013 Spletna trgovina za vape EU<br \/>\nAIVONO FLAME 30000 Vdihov Elektronska cigareta Vapor \u2013 Najbolj\u0161i na debelo enostavni vape<\/p>\n<p><strong>Dodajte Amyin WhatsApp, da dobite pravi odgovor in ceno s popustom!<\/strong><\/p>\n<p><img fetchpriority=\"high\" decoding=\"async\" class=\"size-full wp-image-2932\" src=\"https:\/\/vapestornado.com\/wp-content\/uploads\/2024\/12\/Vape-Wholesale.jpg\" alt=\"Vape Veleprodaja\" width=\"229\" height=\"300\" \/><\/p>\n<h3><a href=\"https:\/\/wa.me\/8617776015835\"><span style=\"color: #ff0000;\"><strong>WhatsApp: +386 17776015835<\/strong><\/span><\/a><\/h3>","protected":false},"featured_media":4405,"comment_status":"open","ping_status":"closed","template":"","meta":{"_acf_changed":false,"_uag_custom_page_level_css":"","_lmt_disableupdate":"no","_lmt_disable":"","_monsterinsights_skip_tracking":false,"_monsterinsights_sitenote_active":false,"_monsterinsights_sitenote_note":"","_monsterinsights_sitenote_category":0,"site-sidebar-layout":"default","site-content-layout":"","ast-site-content-layout":"default","site-content-style":"default","site-sidebar-style":"default","ast-global-header-display":"","ast-banner-title-visibility":"","ast-main-header-display":"","ast-hfb-above-header-display":"","ast-hfb-below-header-display":"","ast-hfb-mobile-header-display":"","site-post-title":"","ast-breadcrumbs-content":"","ast-featured-img":"","footer-sml-layout":"","ast-disable-related-posts":"","theme-transparent-header-meta":"default","adv-header-id-meta":"","stick-header-meta":"","header-above-stick-meta":"","header-main-stick-meta":"","header-below-stick-meta":"","astra-migrate-meta-layouts":"set","ast-page-background-enabled":"default","ast-page-background-meta":{"desktop":{"background-color":"","background-image":"","background-repeat":"repeat","background-position":"center center","background-size":"auto","background-attachment":"scroll","background-type":"","background-media":"","overlay-type":"","overlay-color":"","overlay-opacity":"","overlay-gradient":""},"tablet":{"background-color":"","background-image":"","background-repeat":"repeat","background-position":"center center","background-size":"auto","background-attachment":"scroll","background-type":"","background-media":"","overlay-type":"","overlay-color":"","overlay-opacity":"","overlay-gradient":""},"mobile":{"background-color":"","background-image":"","background-repeat":"repeat","background-position":"center center","background-size":"auto","background-attachment":"scroll","background-type":"","background-media":"","overlay-type":"","overlay-color":"","overlay-opacity":"","overlay-gradient":""}},"ast-content-background-meta":{"desktop":{"background-color":"var(--ast-global-color-5)","background-image":"","background-repeat":"repeat","background-position":"center center","background-size":"auto","background-attachment":"scroll","background-type":"","background-media":"","overlay-type":"","overlay-color":"","overlay-opacity":"","overlay-gradient":""},"tablet":{"background-color":"var(--ast-global-color-5)","background-image":"","background-repeat":"repeat","background-position":"center center","background-size":"auto","background-attachment":"scroll","background-type":"","background-media":"","overlay-type":"","overlay-color":"","overlay-opacity":"","overlay-gradient":""},"mobile":{"background-color":"var(--ast-global-color-5)","background-image":"","background-repeat":"repeat","background-position":"center center","background-size":"auto","background-attachment":"scroll","background-type":"","background-media":"","overlay-type":"","overlay-color":"","overlay-opacity":"","overlay-gradient":""}},"_joinchat":[]},"product_brand":[],"product_cat":[67,176,150,151,142,146],"product_tag":[389,387,388,390,386],"class_list":{"0":"post-4411","1":"product","2":"type-product","3":"status-publish","4":"has-post-thumbnail","6":"product_cat-30000-puff","7":"product_cat-aivono-vape","8":"product_cat-buy-disposable-vapes-in-belgium","9":"product_cat-buy-disposable-vapes-in-france","10":"product_cat-digital-box-disposable-vapes","11":"product_cat-rechargeable-disposable-vapes","12":"product_tag-aivono-flame-30000","13":"product_tag-cigarette-vapor","14":"product_tag-e-vape","15":"product_tag-online-vape-shop","16":"product_tag-vape-pen","17":"desktop-align-left","18":"tablet-align-left","19":"mobile-align-left","21":"first","22":"instock","23":"sale","24":"shipping-taxable","25":"purchasable","26":"product-type-simple"},"acf":[],"uagb_featured_image_src":{"full":["https:\/\/vapestornado.com\/wp-content\/uploads\/2025\/09\/Aivono-30k-30000-Puffs-Disposable-Vape-Vaper.webp",800,800,false],"thumbnail":["https:\/\/vapestornado.com\/wp-content\/uploads\/2025\/09\/Aivono-30k-30000-Puffs-Disposable-Vape-Vaper-150x150.webp",150,150,true],"medium":["https:\/\/vapestornado.com\/wp-content\/uploads\/2025\/09\/Aivono-30k-30000-Puffs-Disposable-Vape-Vaper-300x300.webp",300,300,true],"medium_large":["https:\/\/vapestornado.com\/wp-content\/uploads\/2025\/09\/Aivono-30k-30000-Puffs-Disposable-Vape-Vaper-768x768.webp",768,768,true],"large":["https:\/\/vapestornado.com\/wp-content\/uploads\/2025\/09\/Aivono-30k-30000-Puffs-Disposable-Vape-Vaper.webp",800,800,false],"1536x1536":["https:\/\/vapestornado.com\/wp-content\/uploads\/2025\/09\/Aivono-30k-30000-Puffs-Disposable-Vape-Vaper.webp",800,800,false],"2048x2048":["https:\/\/vapestornado.com\/wp-content\/uploads\/2025\/09\/Aivono-30k-30000-Puffs-Disposable-Vape-Vaper.webp",800,800,false],"trp-custom-language-flag":["https:\/\/vapestornado.com\/wp-content\/uploads\/2025\/09\/Aivono-30k-30000-Puffs-Disposable-Vape-Vaper-12x12.webp",12,12,true],"woocommerce_thumbnail":["https:\/\/vapestornado.com\/wp-content\/uploads\/2025\/09\/Aivono-30k-30000-Puffs-Disposable-Vape-Vaper-300x300.webp",300,300,true],"woocommerce_single":["https:\/\/vapestornado.com\/wp-content\/uploads\/2025\/09\/Aivono-30k-30000-Puffs-Disposable-Vape-Vaper-600x600.webp",600,600,true],"woocommerce_gallery_thumbnail":["https:\/\/vapestornado.com\/wp-content\/uploads\/2025\/09\/Aivono-30k-30000-Puffs-Disposable-Vape-Vaper-100x100.webp",100,100,true]},"uagb_author_info":{"display_name":"ESAMY","author_link":"https:\/\/vapestornado.com\/sl\/author\/"},"uagb_comment_info":0,"uagb_excerpt":"AIVONO FLAME 30000 Disposable Vape Pen \u2013 30K Puff E Vapor Wholesale Europe Buy AIVONO FLAME 30K Puff LED Display E Shisha Pen \u2013 Online Vape Shop EU AIVONO FLAME 30000 Puffs Electronic Cigarette Vapor \u2013 Best Wholesale Disposable Vape Add Amy's whatsapp to get right reply and discount price! WhatsApp: +86 17776015835","_links":{"self":[{"href":"https:\/\/vapestornado.com\/sl\/wp-json\/wp\/v2\/product\/4411","targetHints":{"allow":["GET"]}}],"collection":[{"href":"https:\/\/vapestornado.com\/sl\/wp-json\/wp\/v2\/product"}],"about":[{"href":"https:\/\/vapestornado.com\/sl\/wp-json\/wp\/v2\/types\/product"}],"replies":[{"embeddable":true,"href":"https:\/\/vapestornado.com\/sl\/wp-json\/wp\/v2\/comments?post=4411"}],"wp:featuredmedia":[{"embeddable":true,"href":"https:\/\/vapestornado.com\/sl\/wp-json\/wp\/v2\/media\/4405"}],"wp:attachment":[{"href":"https:\/\/vapestornado.com\/sl\/wp-json\/wp\/v2\/media?parent=4411"}],"wp:term":[{"taxonomy":"product_brand","embeddable":true,"href":"https:\/\/vapestornado.com\/sl\/wp-json\/wp\/v2\/product_brand?post=4411"},{"taxonomy":"product_cat","embeddable":true,"href":"https:\/\/vapestornado.com\/sl\/wp-json\/wp\/v2\/product_cat?post=4411"},{"taxonomy":"product_tag","embeddable":true,"href":"https:\/\/vapestornado.com\/sl\/wp-json\/wp\/v2\/product_tag?post=4411"}],"curies":[{"name":"wp","href":"https:\/\/api.w.org\/{rel}","templated":true}]}}