{"id":4410,"date":"2025-10-02T03:56:17","date_gmt":"2025-10-02T03:56:17","guid":{"rendered":"https:\/\/vapestornado.com\/?post_type=product&#038;p=4410"},"modified":"2025-09-30T08:04:32","modified_gmt":"2025-09-30T08:04:32","slug":"aivono-fatmax-50k-puff-smart-screen-disposable-e-shisha-hookah-bar","status":"publish","type":"product","link":"https:\/\/vapestornado.com\/sl\/product\/aivono-fatmax-50k-puff-smart-screen-disposable-e-shisha-hookah-bar\/","title":{"rendered":"AIVONO FATMAX 50K Puff Pametna zaslon za enkratno uporabo E Shisha Hookah Bar"},"content":{"rendered":"<h2 data-pm-slice=\"1 1 []\">AIVONO FATMAX 50K Enkratna Shisha Hookah Bar \u2013 Pametna zaslonka E Shisha<\/h2>\n<p data-start=\"242\" data-end=\"546\">The <strong data-start=\"246\" data-end=\"267\">AIVONO FATMAX 50K<\/strong> je naslednja raven <strong data-start=\"284\" data-end=\"309\">elektronska shisha bar<\/strong> zasnovana za dolgo trajanje in drzno aromo. Vsaka naprava je prednapolnjena z <strong data-start=\"679\" data-end=\"707\">30 mL vrhunske e-tekline<\/strong>, ki zagotavlja do <strong data-start=\"726\" data-end=\"749\">50.000 gladkih vapov<\/strong>\u2014popolna za dolgoro\u010dno uporabo brez pogostih zamenjav. Zgrajena z natan\u010dno zasnovo mre\u017ene tuljave,, \u00a0ta <strong data-start=\"452\" data-end=\"480\">enkratni shisha hookah<\/strong> nudi gladek vapor, bogat okus in dosledno zadovoljstvo.<\/p>\n<p data-start=\"548\" data-end=\"851\">Zaradi <strong data-start=\"552\" data-end=\"609\">800mAh polnljiva baterija z hitrim polnjenjem Type-C<\/strong> zagotavlja zanesljive seje. Za razliko od obi\u010dajnih enkratnih vapov, FATMAX 50K prihaja z <strong data-start=\"1144\" data-end=\"1169\">jasnim digitalnim prikazom<\/strong> ki prikazuje <strong data-start=\"1181\" data-end=\"1233\">dejansko raven e-tekline in odstotek baterije<\/strong>, prepre\u010duje suhe udare in ugibanje. Na voljo v <strong data-start=\"744\" data-end=\"785\">0%, 2%, 3% in 5% jakosti nikotina<\/strong>, FATMAX 50K zadovoljuje \u0161irok spekter uporabnikov \u2014 od tistih, ki imajo raje <strong data-start=\"1673\" data-end=\"1703\">nic-free izku\u0161njo shishe<\/strong> do vaperjev, ki \u017eelijo <strong data-start=\"1725\" data-end=\"1746\">mo\u010dan grlo udarec<\/strong>.<\/p>\n<p data-start=\"853\" data-end=\"1034\">Kompakten, a zmogljiv, <strong data-start=\"879\" data-end=\"909\">AIVONO FATMAX 50K e shisha<\/strong> je <strong data-start=\"917\" data-end=\"947\">najbolj\u0161i na voljo za enkratno uporabo hookah bar<\/strong> za veletrgovce in mlade odrasle potro\u0161nike, ki i\u0161\u010dejo stil, vzdr\u017eljivost in udobje.<\/p>\n<p><strong><span style=\"color: #ff0000;\">Dodajte Amy na WhatsApp in prejmite takoj\u0161en odgovor ter kupon za vape!<\/span><\/strong><\/p>\n<p><img fetchpriority=\"high\" decoding=\"async\" class=\"size-full wp-image-2932\" src=\"https:\/\/vapestornado.com\/wp-content\/uploads\/2024\/12\/Vape-Wholesale.jpg\" alt=\"Vape Veleprodaja\" width=\"229\" height=\"300\" \/><\/p>\n<h3><a href=\"https:\/\/wa.me\/8617776015835\" target=\"_blank\" rel=\"noopener\"><span style=\"color: #ff0000;\"><strong>WhatsApp: +386 17776015835<\/strong><\/span><\/a><\/h3>\n<p>&nbsp;<\/p>\n<h2><strong>AIVONO FATMAX 50K Puff lastnosti izdelka<\/strong><\/h2>\n<ul>\n<li data-start=\"1069\" data-end=\"1112\">\n<p data-start=\"1071\" data-end=\"1112\">Do <strong data-start=\"1077\" data-end=\"1093\">50.000 vdihov<\/strong> z 30mL rezervoarjem<\/p>\n<\/li>\n<li data-start=\"1113\" data-end=\"1169\">\n<p data-start=\"1115\" data-end=\"1169\"><strong data-start=\"1115\" data-end=\"1133\">0.6\u03a9 mre\u017easta tuljava<\/strong> za gladke oblake in poln okus<\/p>\n<\/li>\n<li data-start=\"1170\" data-end=\"1229\">\n<p data-start=\"1172\" data-end=\"1229\"><strong data-start=\"1172\" data-end=\"1193\">Pametna LED zaslonka<\/strong> za spremljanje baterije in e-tek\u010dine<\/p>\n<\/li>\n<li data-start=\"1230\" data-end=\"1287\">\n<p data-start=\"1232\" data-end=\"1287\"><strong data-start=\"1232\" data-end=\"1270\">800mAh polnljiva baterija Type-C<\/strong> za dalj\u0161o uporabo<\/p>\n<\/li>\n<li data-start=\"1288\" data-end=\"1340\">\n<p data-start=\"1290\" data-end=\"1340\">Fleksibilnost nikotina: <strong data-start=\"1312\" data-end=\"1330\">0%, 2%, 3%, 5%<\/strong> mo\u017enosti<\/p>\n<\/li>\n<li data-start=\"1341\" data-end=\"1405\">\n<p data-start=\"1343\" data-end=\"1405\">Dihanje neposredno v plju\u010da (DTL) za izku\u0161njo podobno shishi<\/p>\n<\/li>\n<\/ul>\n<figure id=\"attachment_4400\" aria-describedby=\"caption-attachment-4400\" style=\"width: 800px\" class=\"wp-caption alignnone\"><img decoding=\"async\" class=\"wp-image-4400 size-full\" src=\"https:\/\/vapestornado.com\/wp-content\/uploads\/2025\/09\/Aivono-50000-Puff-50k-Disposable-E-Shisha-Hookah.webp\" alt=\"Aivono 50000 Vdihov 50k Enkratna E Shisha Vapa Hookah\" width=\"800\" height=\"800\" srcset=\"https:\/\/vapestornado.com\/wp-content\/uploads\/2025\/09\/Aivono-50000-Puff-50k-Disposable-E-Shisha-Hookah.webp 800w, https:\/\/vapestornado.com\/wp-content\/uploads\/2025\/09\/Aivono-50000-Puff-50k-Disposable-E-Shisha-Hookah-300x300.webp 300w, https:\/\/vapestornado.com\/wp-content\/uploads\/2025\/09\/Aivono-50000-Puff-50k-Disposable-E-Shisha-Hookah-150x150.webp 150w, https:\/\/vapestornado.com\/wp-content\/uploads\/2025\/09\/Aivono-50000-Puff-50k-Disposable-E-Shisha-Hookah-768x768.webp 768w, https:\/\/vapestornado.com\/wp-content\/uploads\/2025\/09\/Aivono-50000-Puff-50k-Disposable-E-Shisha-Hookah-12x12.webp 12w, https:\/\/vapestornado.com\/wp-content\/uploads\/2025\/09\/Aivono-50000-Puff-50k-Disposable-E-Shisha-Hookah-600x600.webp 600w, https:\/\/vapestornado.com\/wp-content\/uploads\/2025\/09\/Aivono-50000-Puff-50k-Disposable-E-Shisha-Hookah-100x100.webp 100w\" sizes=\"(max-width: 800px) 100vw, 800px\" \/><figcaption id=\"caption-attachment-4400\" class=\"wp-caption-text\">Aivono 50000 Vdihov 50k Enkratna E Shisha Vapa Hookah<\/figcaption><\/figure>\n<h2 class=\"product-title\"><strong>Seznam okusov AIVONO FATMAX 50000 Puff<\/strong><\/h2>\n<p data-start=\"2550\" data-end=\"2736\">1. Vi\u0161nja Rde\u010da malina<\/p>\n<p data-start=\"2550\" data-end=\"2736\">2. Dva jabolka<\/p>\n<p data-start=\"2550\" data-end=\"2736\">3. Grozdna meta<\/p>\n<p data-start=\"2550\" data-end=\"2736\">4. Borovni\u010dev gumi<\/p>\n<p data-start=\"2550\" data-end=\"2736\">5. Ljubezen 66<\/p>\n<p data-start=\"2550\" data-end=\"2736\">6. Jasni sanj<\/p>\n<p data-start=\"2550\" data-end=\"2736\">7. Bujno led<\/p>\n<p data-start=\"2550\" data-end=\"2736\">8. Breskva led<\/p>\n<p data-start=\"2550\" data-end=\"2736\">9. Jagodi\u010dev led<\/p>\n<p data-start=\"2550\" data-end=\"2736\">10. Jagoda Punch<\/p>\n<div class=\"flex-shrink-0 flex flex-col relative items-end\">\n<div class=\"pt-0\">\n<div class=\"gizmo-bot-avatar flex h-8 w-8 items-center justify-center overflow-hidden rounded-full\">\n<div class=\"relative p-1 rounded-sm flex items-center justify-center bg-token-main-surface-primary text-token-text-primary h-8 w-8\">\n<h2 data-start=\"1200\" data-end=\"1487\">Vapes Tornado \u2013 Va\u0161a veleprodajna spletna trgovina za vrhunske blagovne znamke vape<\/h2>\n<p data-start=\"1200\" data-end=\"1487\"><strong data-start=\"141\" data-end=\"177\">Spletna trgovina Vapes Tornado<\/strong> je va\u0161 zaupanja vreden vir za <strong data-start=\"205\" data-end=\"270\">premium enkratne vape in veleprodajne e-cigarette v Sloveniji<\/strong>. Ponosno predstavljamo najbolj prodajane blagovne znamke, kot so <strong data-start=\"307\" data-end=\"362\"><a href=\"https:\/\/vapestornado.com\/sl\/product\/vozol-gear-shisha-25k-25000-puffs-best-dtl-disposable-vape-hookah-cheap-price\/\">VOZIL BAR VAPE<\/a>, <a href=\"https:\/\/vapestornado.com\/sl\/product\/randm-12000-puffs-fumot-digital-disposable-vape-wholesale-price\/\">Fumot VAPE<\/a>, <a href=\"https:\/\/vapestornado.com\/sl\/product\/original-wga-ultra-35k-35000-puff-rechargeable-crystal-disposable-nicotine-vape-best-discount-price\/\">WGA VAPE<\/a>, Bang Vape<\/strong>, in \u0161e ve\u010d, zagotavljamo kakovost in raznolikost za vsakega kupca. Ne glede na to, ali ste posamezni uporabnik ali veleprodajni kupec, dostavljamo <strong data-start=\"481\" data-end=\"550\">visoko zmogljive naprave, elegantne zasnove in konkuren\u010dne cene<\/strong> za va\u0161e potrebe.<\/p>\n<h2 data-start=\"2064\" data-end=\"2115\">Pogosta vpra\u0161anja o AIVONO FATMAX 50K Puff Disposable Vape<\/h2>\n<p data-start=\"1456\" data-end=\"1582\"><strong data-start=\"1456\" data-end=\"1504\">1. Kako dolgo traja AIVONO 50K?<\/strong><br data-start=\"1504\" data-end=\"1507\" \/>Nudi do <strong data-start=\"1525\" data-end=\"1541\">50.000 vdihov<\/strong>, zaradi \u010desar je idealen za dolgoro\u010dno vapiranje.<\/p>\n<p data-start=\"1584\" data-end=\"1703\"><strong data-start=\"1584\" data-end=\"1622\">2. Je FATMAX 50000 pufov polnljiv?<\/strong><br data-start=\"1622\" data-end=\"1625\" \/>Da, vklju\u010duje <strong data-start=\"1645\" data-end=\"1683\">800mAh polnljiva baterija Type-C<\/strong> za dolgotrajno uporabo.<\/p>\n<p data-start=\"1705\" data-end=\"1837\"><strong data-start=\"1705\" data-end=\"1750\">3. Katere jakosti nikotina so na voljo?<\/strong><br data-start=\"1750\" data-end=\"1753\" \/>Naprava podpira <strong data-start=\"1773\" data-end=\"1803\">0%, 2%, 3% in 5% nikotin<\/strong> za prilagajanje razli\u010dnim \u017eeljam.<\/p>\n<p data-start=\"1839\" data-end=\"1956\"><strong data-start=\"1839\" data-end=\"1868\">4. Ali ima zaslon?<\/strong><br data-start=\"1868\" data-end=\"1871\" \/>Da, <strong data-start=\"1880\" data-end=\"1901\">pametni LED zaslon<\/strong> prikazuje tako raven baterije kot ravni e-tekline v realnem \u010dasu.<\/p>\n<p data-start=\"1958\" data-end=\"2195\"><strong data-start=\"1958\" data-end=\"2017\">5. Je ta shisha bar primeren za veleprodajo v Evropi?<\/strong><br data-start=\"2017\" data-end=\"2020\" \/>Seveda. The <strong data-start=\"2036\" data-end=\"2057\">AIVONO FATMAX 50K<\/strong> zdru\u017euje visok \u0161t. pufov, moder design in prilagodljive mo\u017enosti nikotina, zaradi \u010desar je popoln za <strong data-start=\"2151\" data-end=\"2192\">evropski veleprodajni trg disposable shishe<\/strong>.<\/p>\n<\/div>\n<\/div>\n<\/div>\n<\/div>","protected":false},"excerpt":{"rendered":"<p data-start=\"2473\" data-end=\"2550\">AIVONO FATMAX 50K Puff E Shisha \u2013 Pametna zaslonka za enkratno uporabo Shisha Hookah Bar<\/p>\n<p data-start=\"2554\" data-end=\"2633\">Najbolj\u0161a veleprodajna enkratna Shisha Hookah \u2013 AIVONO FATMAX 50K Elektronska Shisha<\/p>\n<p data-start=\"2637\" data-end=\"2714\">AIVONO FATMAX 50K Pametna zaslonka E Shisha Bar \u2013 50.000 Puff enkratna Hookah<\/p>\n<p><strong>Dodajte Amyin WhatsApp, da dobite pravi odgovor in ceno s popustom!<\/strong><\/p>\n<p><img fetchpriority=\"high\" decoding=\"async\" class=\"size-full wp-image-2932\" src=\"https:\/\/vapestornado.com\/wp-content\/uploads\/2024\/12\/Vape-Wholesale.jpg\" alt=\"Vape Veleprodaja\" width=\"229\" height=\"300\" \/><\/p>\n<h3><a href=\"https:\/\/wa.me\/8617776015835\"><span style=\"color: #ff0000;\"><strong>WhatsApp: +386 17776015835<\/strong><\/span><\/a><\/h3>","protected":false},"featured_media":4404,"comment_status":"open","ping_status":"closed","template":"","meta":{"_acf_changed":false,"_uag_custom_page_level_css":"","_lmt_disableupdate":"no","_lmt_disable":"","_monsterinsights_skip_tracking":false,"_monsterinsights_sitenote_active":false,"_monsterinsights_sitenote_note":"","_monsterinsights_sitenote_category":0,"site-sidebar-layout":"default","site-content-layout":"","ast-site-content-layout":"default","site-content-style":"default","site-sidebar-style":"default","ast-global-header-display":"","ast-banner-title-visibility":"","ast-main-header-display":"","ast-hfb-above-header-display":"","ast-hfb-below-header-display":"","ast-hfb-mobile-header-display":"","site-post-title":"","ast-breadcrumbs-content":"","ast-featured-img":"","footer-sml-layout":"","ast-disable-related-posts":"","theme-transparent-header-meta":"default","adv-header-id-meta":"","stick-header-meta":"","header-above-stick-meta":"","header-main-stick-meta":"","header-below-stick-meta":"","astra-migrate-meta-layouts":"set","ast-page-background-enabled":"default","ast-page-background-meta":{"desktop":{"background-color":"","background-image":"","background-repeat":"repeat","background-position":"center center","background-size":"auto","background-attachment":"scroll","background-type":"","background-media":"","overlay-type":"","overlay-color":"","overlay-opacity":"","overlay-gradient":""},"tablet":{"background-color":"","background-image":"","background-repeat":"repeat","background-position":"center center","background-size":"auto","background-attachment":"scroll","background-type":"","background-media":"","overlay-type":"","overlay-color":"","overlay-opacity":"","overlay-gradient":""},"mobile":{"background-color":"","background-image":"","background-repeat":"repeat","background-position":"center center","background-size":"auto","background-attachment":"scroll","background-type":"","background-media":"","overlay-type":"","overlay-color":"","overlay-opacity":"","overlay-gradient":""}},"ast-content-background-meta":{"desktop":{"background-color":"var(--ast-global-color-5)","background-image":"","background-repeat":"repeat","background-position":"center center","background-size":"auto","background-attachment":"scroll","background-type":"","background-media":"","overlay-type":"","overlay-color":"","overlay-opacity":"","overlay-gradient":""},"tablet":{"background-color":"var(--ast-global-color-5)","background-image":"","background-repeat":"repeat","background-position":"center center","background-size":"auto","background-attachment":"scroll","background-type":"","background-media":"","overlay-type":"","overlay-color":"","overlay-opacity":"","overlay-gradient":""},"mobile":{"background-color":"var(--ast-global-color-5)","background-image":"","background-repeat":"repeat","background-position":"center center","background-size":"auto","background-attachment":"scroll","background-type":"","background-media":"","overlay-type":"","overlay-color":"","overlay-opacity":"","overlay-gradient":""}},"_joinchat":[]},"product_brand":[],"product_cat":[344,176,149,153,156,158,142,143,144,146],"product_tag":[385,355,380,368,381],"class_list":{"0":"post-4410","1":"product","2":"type-product","3":"status-publish","4":"has-post-thumbnail","6":"product_cat-80000-puff","7":"product_cat-aivono-vape","8":"product_cat-buy-disposable-vapes-in-austria","9":"product_cat-buy-disposable-vapes-in-italy","10":"product_cat-buy-disposable-vapes-in-poland","11":"product_cat-buy-disposable-vapes-in-spain","12":"product_cat-digital-box-disposable-vapes","13":"product_cat-dual-mesh-disposable-vapes","14":"product_cat-low-nicotine-disposable-vapes","15":"product_cat-rechargeable-disposable-vapes","16":"product_tag-aivono-fatbear-80k","17":"product_tag-big-puff-vape","18":"product_tag-disposable-vapes-online","19":"product_tag-disposable-vapor","20":"product_tag-vapes-online-wholesale","21":"desktop-align-left","22":"tablet-align-left","23":"mobile-align-left","25":"first","26":"instock","27":"sale","28":"shipping-taxable","29":"purchasable","30":"product-type-simple"},"acf":[],"uagb_featured_image_src":{"full":["https:\/\/vapestornado.com\/wp-content\/uploads\/2025\/09\/Big-Puff-50k-Disposable-E-Shisha-Hookah-Wholesale.webp",800,800,false],"thumbnail":["https:\/\/vapestornado.com\/wp-content\/uploads\/2025\/09\/Big-Puff-50k-Disposable-E-Shisha-Hookah-Wholesale-150x150.webp",150,150,true],"medium":["https:\/\/vapestornado.com\/wp-content\/uploads\/2025\/09\/Big-Puff-50k-Disposable-E-Shisha-Hookah-Wholesale-300x300.webp",300,300,true],"medium_large":["https:\/\/vapestornado.com\/wp-content\/uploads\/2025\/09\/Big-Puff-50k-Disposable-E-Shisha-Hookah-Wholesale-768x768.webp",768,768,true],"large":["https:\/\/vapestornado.com\/wp-content\/uploads\/2025\/09\/Big-Puff-50k-Disposable-E-Shisha-Hookah-Wholesale.webp",800,800,false],"1536x1536":["https:\/\/vapestornado.com\/wp-content\/uploads\/2025\/09\/Big-Puff-50k-Disposable-E-Shisha-Hookah-Wholesale.webp",800,800,false],"2048x2048":["https:\/\/vapestornado.com\/wp-content\/uploads\/2025\/09\/Big-Puff-50k-Disposable-E-Shisha-Hookah-Wholesale.webp",800,800,false],"trp-custom-language-flag":["https:\/\/vapestornado.com\/wp-content\/uploads\/2025\/09\/Big-Puff-50k-Disposable-E-Shisha-Hookah-Wholesale-12x12.webp",12,12,true],"woocommerce_thumbnail":["https:\/\/vapestornado.com\/wp-content\/uploads\/2025\/09\/Big-Puff-50k-Disposable-E-Shisha-Hookah-Wholesale-300x300.webp",300,300,true],"woocommerce_single":["https:\/\/vapestornado.com\/wp-content\/uploads\/2025\/09\/Big-Puff-50k-Disposable-E-Shisha-Hookah-Wholesale-600x600.webp",600,600,true],"woocommerce_gallery_thumbnail":["https:\/\/vapestornado.com\/wp-content\/uploads\/2025\/09\/Big-Puff-50k-Disposable-E-Shisha-Hookah-Wholesale-100x100.webp",100,100,true]},"uagb_author_info":{"display_name":"ESAMY","author_link":"https:\/\/vapestornado.com\/sl\/author\/"},"uagb_comment_info":0,"uagb_excerpt":"AIVONO FATMAX 50K Puff E Shisha \u2013 Smart Screen Disposable Shisha Hookah Bar Best Wholesale Disposable Shisha Hookah \u2013 AIVONO FATMAX 50K Electronic Shisha AIVONO FATMAX 50K Smart Screen E Shisha Bar \u2013 50,000 Puff Disposable Hookah Add Amy's whatsapp to get right reply and discount price! WhatsApp: +86 17776015835","_links":{"self":[{"href":"https:\/\/vapestornado.com\/sl\/wp-json\/wp\/v2\/product\/4410","targetHints":{"allow":["GET"]}}],"collection":[{"href":"https:\/\/vapestornado.com\/sl\/wp-json\/wp\/v2\/product"}],"about":[{"href":"https:\/\/vapestornado.com\/sl\/wp-json\/wp\/v2\/types\/product"}],"replies":[{"embeddable":true,"href":"https:\/\/vapestornado.com\/sl\/wp-json\/wp\/v2\/comments?post=4410"}],"wp:featuredmedia":[{"embeddable":true,"href":"https:\/\/vapestornado.com\/sl\/wp-json\/wp\/v2\/media\/4404"}],"wp:attachment":[{"href":"https:\/\/vapestornado.com\/sl\/wp-json\/wp\/v2\/media?parent=4410"}],"wp:term":[{"taxonomy":"product_brand","embeddable":true,"href":"https:\/\/vapestornado.com\/sl\/wp-json\/wp\/v2\/product_brand?post=4410"},{"taxonomy":"product_cat","embeddable":true,"href":"https:\/\/vapestornado.com\/sl\/wp-json\/wp\/v2\/product_cat?post=4410"},{"taxonomy":"product_tag","embeddable":true,"href":"https:\/\/vapestornado.com\/sl\/wp-json\/wp\/v2\/product_tag?post=4410"}],"curies":[{"name":"wp","href":"https:\/\/api.w.org\/{rel}","templated":true}]}}