{"id":4369,"date":"2025-09-20T09:23:19","date_gmt":"2025-09-20T09:23:19","guid":{"rendered":"https:\/\/vapestornado.com\/?post_type=product&#038;p=4369"},"modified":"2025-09-23T08:18:09","modified_gmt":"2025-09-23T08:18:09","slug":"okso-70000-puff-3-in-1-flavor-adjustable-disposable-vape-pod","status":"publish","type":"product","link":"https:\/\/vapestornado.com\/sl\/product\/okso-70000-puff-3-in-1-flavor-adjustable-disposable-vape-pod\/","title":{"rendered":"OKSO 70000 Puff 3 v 1 Okus Nastavljiv Enkratni Vape Pod"},"content":{"rendered":"<h2 data-pm-slice=\"1 1 []\">OKSO 70000 Puff 3 v 1 Okus Nastavljiv Enkratni Vape Pod<\/h2>\n<p data-start=\"204\" data-end=\"627\">The <strong data-start=\"208\" data-end=\"247\">OKSO 70000 Puff Enkratni Vape Pod<\/strong> je zasnovan za vaperje, ki \u017eelijo najve\u010djo zmogljivost in raznolikost v eni elegantni napravi. Z <strong data-start=\"338\" data-end=\"367\">impresivnim \u0161tevilom vdihov 70k<\/strong>, a <strong data-start=\"371\" data-end=\"395\">sistemom okusa 3-v-1<\/strong>in <strong data-start=\"401\" data-end=\"423\">nastavljivim pretokom zraka<\/strong>, postavlja nov standard za dolgo trajajo\u010de enkratne vape. Vsak pod vsebuje <strong data-start=\"498\" data-end=\"526\">48mL e-soka (16mL \u00d7 3)<\/strong>, kar vam omogo\u010da tri drzno izbiro okusa v eni napravi \u2014 brezhibno preklapljajte in u\u017eivajte v sve\u017eem okusu kadarkoli.<\/p>\n<p data-start=\"629\" data-end=\"1100\">The <strong data-start=\"633\" data-end=\"650\">OKSO 70k Puf<\/strong> je opremljen z <strong data-start=\"671\" data-end=\"702\">tehnologijo trojne mre\u017easte tuljave<\/strong> za gladek, gost dim in dosleden okus od za\u010detka do konca. Njegov <strong data-start=\"774\" data-end=\"812\">650mAh Type-C polnilna baterija<\/strong> in <strong data-start=\"817\" data-end=\"839\">LED zaslon<\/strong> vas obve\u0161\u010da o ravni olja in mo\u010di, zagotavlja ni\u010d presene\u010denj. Zasnovan z mislijo na vaperje v Sloveniji, ta pod uravnote\u017ei <strong data-start=\"959\" data-end=\"976\">veliko kapaciteto<\/strong>, <strong data-start=\"978\" data-end=\"1000\">fleksibilnost okusa<\/strong>in <strong data-start=\"1006\" data-end=\"1023\">modernega dizajna<\/strong>, zaradi \u010desar je eden izmed <strong data-start=\"1046\" data-end=\"1097\">najbolj\u0161ih prilagodljivih enkratnih vapejev z okusom leta 2025<\/strong>.<\/p>\n<p data-start=\"1102\" data-end=\"1247\">Ne glede na to, ali za <strong data-start=\"1114\" data-end=\"1134\">veleprodajni kupci<\/strong> or <strong data-start=\"1138\" data-end=\"1158\">posamezni uporabniki<\/strong>, je <strong data-start=\"1164\" data-end=\"1183\">OKSO 70000 vdihov<\/strong> je vrhunska izbira na trgu enkratnih vapov.<\/p>\n<p><strong><span style=\"color: #ff0000;\">Dodajte Amy na WhatsApp in prejmite takoj\u0161en odgovor ter kupon za vape!<\/span><\/strong><\/p>\n<p><img fetchpriority=\"high\" decoding=\"async\" class=\"size-full wp-image-2932\" src=\"https:\/\/vapestornado.com\/wp-content\/uploads\/2024\/12\/Vape-Wholesale.jpg\" alt=\"Vape Veleprodaja\" width=\"229\" height=\"300\" \/><\/p>\n<h3><a href=\"https:\/\/wa.me\/8617776015835\" target=\"_blank\" rel=\"noopener\"><span style=\"color: #ff0000;\"><strong>WhatsApp: +386 17776015835<\/strong><\/span><\/a><\/h3>\n<p>&nbsp;<\/p>\n<h2><strong>OKSO 70000 Vrhunske lastnosti izdelka<\/strong><\/h2>\n<p>Vdihi: 70000 vdihov<br \/>\nJedro: Mre\u017ena tuljava *3<br \/>\nE-teko\u010dina: 48ml (16ml*3)<br \/>\nNikotin: 0%\/2%\/3%\/5%<br \/>\nBaterija: 650mAh, polnjenje Type C<br \/>\nLED zaslon za prikaz olja in baterije<br \/>\nTe\u017ea izdelka: 134,5g\/kom<br \/>\nVelikost izdelka: 45*44*127mm<\/p>\n<figure id=\"attachment_4365\" aria-describedby=\"caption-attachment-4365\" style=\"width: 300px\" class=\"wp-caption alignnone\"><img decoding=\"async\" class=\"size-medium wp-image-4365\" src=\"https:\/\/vapestornado.com\/wp-content\/uploads\/2025\/09\/OKSO-3in1-70000-Puffs-Disposable-Vape-300x300.webp\" alt=\"OKSO 3 v 1 70000 Vdihov enkratni vaporizator\" width=\"300\" height=\"300\" srcset=\"https:\/\/vapestornado.com\/wp-content\/uploads\/2025\/09\/OKSO-3in1-70000-Puffs-Disposable-Vape-300x300.webp 300w, https:\/\/vapestornado.com\/wp-content\/uploads\/2025\/09\/OKSO-3in1-70000-Puffs-Disposable-Vape-150x150.webp 150w, https:\/\/vapestornado.com\/wp-content\/uploads\/2025\/09\/OKSO-3in1-70000-Puffs-Disposable-Vape-768x768.webp 768w, https:\/\/vapestornado.com\/wp-content\/uploads\/2025\/09\/OKSO-3in1-70000-Puffs-Disposable-Vape-12x12.webp 12w, https:\/\/vapestornado.com\/wp-content\/uploads\/2025\/09\/OKSO-3in1-70000-Puffs-Disposable-Vape-600x600.webp 600w, https:\/\/vapestornado.com\/wp-content\/uploads\/2025\/09\/OKSO-3in1-70000-Puffs-Disposable-Vape-100x100.webp 100w, https:\/\/vapestornado.com\/wp-content\/uploads\/2025\/09\/OKSO-3in1-70000-Puffs-Disposable-Vape.webp 800w\" sizes=\"(max-width: 300px) 100vw, 300px\" \/><figcaption id=\"caption-attachment-4365\" class=\"wp-caption-text\">OKSO 3 v 1 70000 Vdihov enkratni vaporizator<\/figcaption><\/figure>\n<h2 class=\"product-title\"><strong>Seznam okusov OKSO 70000 vdihov<\/strong><\/h2>\n<p data-start=\"2550\" data-end=\"2736\">1. Borovnica Rde\u010da malina\\Me\u0161ano jagodi\u010devje\\Jabolko breskev<br \/>\n2. Melona led\\Gospod Modri\\Zelena grozdna melona<br \/>\n3. Jagoda led\\D\u017eungelski sok\\Zmajasta melona<br \/>\n4. Grozdna led\\\u010crni ribez led\\Jagodni d\u017eem<br \/>\n5. Vi\u0161nja led\\Dva jabolka\\Jagoda malina vi\u0161nja led<br \/>\n6. So\u010dna breskev\\Vi\u0161njeva cola\\Mehak sladkarijasti vi\u0161njev okus<br \/>\n7. Jagoda kiviji\\Melona \u017eve\u010dilni gumi\\Tropski mango led<br \/>\n8. Kiwi Passion Fruit Guava\\Cola ledeno\\Passion Fruit Mango ledeno<br \/>\n9. Ananas ledeno\\Jagoda Watermelon\\Jagoda Grozdje<br \/>\n10. Sve\u017e meta\\Limonka Lime\\Watermelon Mojito<\/p>\n<div class=\"flex-shrink-0 flex flex-col relative items-end\">\n<div class=\"pt-0\">\n<div class=\"gizmo-bot-avatar flex h-8 w-8 items-center justify-center overflow-hidden rounded-full\">\n<div class=\"relative p-1 rounded-sm flex items-center justify-center bg-token-main-surface-primary text-token-text-primary h-8 w-8\">\n<h2 data-start=\"1200\" data-end=\"1487\">Vapes Tornado \u2013 Va\u0161a spletna trgovina na debelo za vrhunske blagovne znamke vape v Evropi<\/h2>\n<p data-start=\"1200\" data-end=\"1487\"><strong data-start=\"213\" data-end=\"248\">Spletna trgovina Vapes Tornado<\/strong> Vapes Tornado \u2013 va\u0161e veleprodajno sredi\u0161\u010de za vrhunske blagovne znamke vape v Evropi<strong data-start=\"403\" data-end=\"431\">\u00a0priljubljenimi znamkami vejpov<\/strong>, vklju\u010dno z <strong data-start=\"443\" data-end=\"502\"><a href=\"https:\/\/vapestornado.com\/sl\/product-category\/elf-bar-vape\/\">ELF BAR VAPE<\/a>, Vapme VAPE, <a href=\"https:\/\/vapestornado.com\/sl\/product\/vozol-gear-power-20k-20000-puffs-vape-rechargeable-disposable-box-bulk-buy-cheap-price\/\">VOZOL VAPE<\/a><\/strong><strong data-start=\"443\" data-end=\"502\">in <a href=\"https:\/\/vapestornado.com\/sl\/product-category\/bang-vape\/\">Bang Vape<\/a><\/strong>. Na\u0161a trgovina je zasnovana za posamezne stranke in kupce na debelo, saj ponuja zanesljive izdelke, ki zdru\u017eujejo mo\u010dno zmogljivost, eleganten dizajn in konkuren\u010dne cene.<\/p>\n<h2 data-start=\"2064\" data-end=\"2115\">Pogosta vpra\u0161anja o OKSO 70000 Puff Disposable Vape<\/h2>\n<p data-start=\"1275\" data-end=\"1451\"><strong data-start=\"1275\" data-end=\"1351\">Q1: Koliko potegov zagotavlja OKSO 70000 Puff Disposable Vape Pod?<\/strong><br data-start=\"1351\" data-end=\"1354\" \/>A1: Do <strong data-start=\"1364\" data-end=\"1380\">70.000 potegov<\/strong> zaradi svoje velike kapacitete 48 mL e-zalije in u\u010dinkovite mre\u017ene tuljave.<\/p>\n<p data-start=\"1453\" data-end=\"1655\"><strong data-start=\"1453\" data-end=\"1528\">Q2: Kaj naredi OKSO 70k Puff druga\u010dnega od drugih enkratnih vapov?<\/strong><br data-start=\"1528\" data-end=\"1531\" \/>O2: Pona\u0161a se z <strong data-start=\"1549\" data-end=\"1573\">sistemom okusa 3-v-1<\/strong> z nastavljivim pretokom zraka, ki vam omogo\u010da u\u017eivanje treh vrhunskih okusov v eni napravi.<\/p>\n<p data-start=\"1657\" data-end=\"1813\"><strong data-start=\"1657\" data-end=\"1701\">Q3: Je OKSO 70000 Puff polnjenek?<\/strong><br data-start=\"1701\" data-end=\"1704\" \/>A3: Da, ima <strong data-start=\"1722\" data-end=\"1760\">650mAh Type-C polnilna baterija<\/strong> z LED zaslonom, ki prikazuje stanje olja in baterije.<\/p>\n<p data-start=\"1815\" data-end=\"1979\"><strong data-start=\"1815\" data-end=\"1893\">Q4: Katere nikotinske jakosti so na voljo za OKSO 70k Disposable Vape?<\/strong><br data-start=\"1893\" data-end=\"1896\" \/>A4: Mo\u017enosti vklju\u010dujejo <strong data-start=\"1916\" data-end=\"1946\">0%, 2%, 3% in 5% nikotin<\/strong> za razli\u010dne preference.<\/p>\n<p data-start=\"1981\" data-end=\"2177\"><strong data-start=\"1981\" data-end=\"2047\">Q5: Za koga je zasnovan OKSO 70k Puff Disposable Vape Pod?<\/strong><br data-start=\"2047\" data-end=\"2050\" \/>A5: Je idealen za <strong data-start=\"2069\" data-end=\"2119\">mo\u0161ke potro\u0161nike starih od 25 do 35 let na trgu Slovenije<\/strong> ki \u017eelijo dolgo trajajo\u010do, polno okusa izku\u0161njo vapinga.<\/p>\n<\/div>\n<\/div>\n<\/div>\n<\/div>","protected":false},"excerpt":{"rendered":"<p data-start=\"2514\" data-end=\"2583\"><strong data-start=\"2514\" data-end=\"2581\">OKSO 70K Puff 3-v-1 Enkratna Vape \u2013 Veliki Vdihi, Ve\u010dji Okusi<\/strong><\/p>\n<p data-start=\"2587\" data-end=\"2663\"><strong data-start=\"2587\" data-end=\"2661\">Na debelo OKSO 70000 Puff Vape Pod \u2013 Trojni Okus, Nastavljiv Zra\u010dni Pretok<\/strong><\/p>\n<p data-start=\"2667\" data-end=\"2739\"><strong data-start=\"2667\" data-end=\"2737\">OKSO 70000 Enkratni Vape Pod \u2013 Najbolj\u0161i 70K Puff Vape 2025 EU Trg<\/strong><\/p>\n<p><strong>Dodajte Amyin WhatsApp, da dobite pravi odgovor in ceno s popustom!<\/strong><\/p>\n<p><img fetchpriority=\"high\" decoding=\"async\" class=\"size-full wp-image-2932\" src=\"https:\/\/vapestornado.com\/wp-content\/uploads\/2024\/12\/Vape-Wholesale.jpg\" alt=\"Vape Veleprodaja\" width=\"229\" height=\"300\" \/><\/p>\n<h3><a href=\"https:\/\/wa.me\/8617776015835\"><span style=\"color: #ff0000;\"><strong>WhatsApp: +386 17776015835<\/strong><\/span><\/a><\/h3>","protected":false},"featured_media":4364,"comment_status":"open","ping_status":"closed","template":"","meta":{"_acf_changed":false,"_uag_custom_page_level_css":"","_lmt_disableupdate":"no","_lmt_disable":"","_monsterinsights_skip_tracking":false,"_monsterinsights_sitenote_active":false,"_monsterinsights_sitenote_note":"","_monsterinsights_sitenote_category":0,"site-sidebar-layout":"default","site-content-layout":"","ast-site-content-layout":"default","site-content-style":"default","site-sidebar-style":"default","ast-global-header-display":"","ast-banner-title-visibility":"","ast-main-header-display":"","ast-hfb-above-header-display":"","ast-hfb-below-header-display":"","ast-hfb-mobile-header-display":"","site-post-title":"","ast-breadcrumbs-content":"","ast-featured-img":"","footer-sml-layout":"","ast-disable-related-posts":"","theme-transparent-header-meta":"default","adv-header-id-meta":"","stick-header-meta":"","header-above-stick-meta":"","header-main-stick-meta":"","header-below-stick-meta":"","astra-migrate-meta-layouts":"set","ast-page-background-enabled":"default","ast-page-background-meta":{"desktop":{"background-color":"","background-image":"","background-repeat":"repeat","background-position":"center center","background-size":"auto","background-attachment":"scroll","background-type":"","background-media":"","overlay-type":"","overlay-color":"","overlay-opacity":"","overlay-gradient":""},"tablet":{"background-color":"","background-image":"","background-repeat":"repeat","background-position":"center center","background-size":"auto","background-attachment":"scroll","background-type":"","background-media":"","overlay-type":"","overlay-color":"","overlay-opacity":"","overlay-gradient":""},"mobile":{"background-color":"","background-image":"","background-repeat":"repeat","background-position":"center center","background-size":"auto","background-attachment":"scroll","background-type":"","background-media":"","overlay-type":"","overlay-color":"","overlay-opacity":"","overlay-gradient":""}},"ast-content-background-meta":{"desktop":{"background-color":"var(--ast-global-color-5)","background-image":"","background-repeat":"repeat","background-position":"center center","background-size":"auto","background-attachment":"scroll","background-type":"","background-media":"","overlay-type":"","overlay-color":"","overlay-opacity":"","overlay-gradient":""},"tablet":{"background-color":"var(--ast-global-color-5)","background-image":"","background-repeat":"repeat","background-position":"center center","background-size":"auto","background-attachment":"scroll","background-type":"","background-media":"","overlay-type":"","overlay-color":"","overlay-opacity":"","overlay-gradient":""},"mobile":{"background-color":"var(--ast-global-color-5)","background-image":"","background-repeat":"repeat","background-position":"center center","background-size":"auto","background-attachment":"scroll","background-type":"","background-media":"","overlay-type":"","overlay-color":"","overlay-opacity":"","overlay-gradient":""}},"_joinchat":[]},"product_brand":[],"product_cat":[149,153,156,158,142,143,144,146],"product_tag":[368,374,375,376],"class_list":{"0":"post-4369","1":"product","2":"type-product","3":"status-publish","4":"has-post-thumbnail","6":"product_cat-buy-disposable-vapes-in-austria","7":"product_cat-buy-disposable-vapes-in-italy","8":"product_cat-buy-disposable-vapes-in-poland","9":"product_cat-buy-disposable-vapes-in-spain","10":"product_cat-digital-box-disposable-vapes","11":"product_cat-dual-mesh-disposable-vapes","12":"product_cat-low-nicotine-disposable-vapes","13":"product_cat-rechargeable-disposable-vapes","14":"product_tag-disposable-vapor","15":"product_tag-okso-70000-puff","16":"product_tag-okso-70k-puff","17":"product_tag-okso-vape","18":"desktop-align-left","19":"tablet-align-left","20":"mobile-align-left","22":"first","23":"instock","24":"sale","25":"shipping-taxable","26":"purchasable","27":"product-type-simple"},"acf":[],"uagb_featured_image_src":{"full":["https:\/\/vapestornado.com\/wp-content\/uploads\/2025\/09\/OKSO-3-IN-1-70000-PUFF-Disposable-Vape-Wholesale-Price.webp",800,800,false],"thumbnail":["https:\/\/vapestornado.com\/wp-content\/uploads\/2025\/09\/OKSO-3-IN-1-70000-PUFF-Disposable-Vape-Wholesale-Price-150x150.webp",150,150,true],"medium":["https:\/\/vapestornado.com\/wp-content\/uploads\/2025\/09\/OKSO-3-IN-1-70000-PUFF-Disposable-Vape-Wholesale-Price-300x300.webp",300,300,true],"medium_large":["https:\/\/vapestornado.com\/wp-content\/uploads\/2025\/09\/OKSO-3-IN-1-70000-PUFF-Disposable-Vape-Wholesale-Price-768x768.webp",768,768,true],"large":["https:\/\/vapestornado.com\/wp-content\/uploads\/2025\/09\/OKSO-3-IN-1-70000-PUFF-Disposable-Vape-Wholesale-Price.webp",800,800,false],"1536x1536":["https:\/\/vapestornado.com\/wp-content\/uploads\/2025\/09\/OKSO-3-IN-1-70000-PUFF-Disposable-Vape-Wholesale-Price.webp",800,800,false],"2048x2048":["https:\/\/vapestornado.com\/wp-content\/uploads\/2025\/09\/OKSO-3-IN-1-70000-PUFF-Disposable-Vape-Wholesale-Price.webp",800,800,false],"trp-custom-language-flag":["https:\/\/vapestornado.com\/wp-content\/uploads\/2025\/09\/OKSO-3-IN-1-70000-PUFF-Disposable-Vape-Wholesale-Price-12x12.webp",12,12,true],"woocommerce_thumbnail":["https:\/\/vapestornado.com\/wp-content\/uploads\/2025\/09\/OKSO-3-IN-1-70000-PUFF-Disposable-Vape-Wholesale-Price-300x300.webp",300,300,true],"woocommerce_single":["https:\/\/vapestornado.com\/wp-content\/uploads\/2025\/09\/OKSO-3-IN-1-70000-PUFF-Disposable-Vape-Wholesale-Price-600x600.webp",600,600,true],"woocommerce_gallery_thumbnail":["https:\/\/vapestornado.com\/wp-content\/uploads\/2025\/09\/OKSO-3-IN-1-70000-PUFF-Disposable-Vape-Wholesale-Price-100x100.webp",100,100,true]},"uagb_author_info":{"display_name":"ESAMY","author_link":"https:\/\/vapestornado.com\/sl\/author\/"},"uagb_comment_info":1,"uagb_excerpt":"OKSO 70K Puff 3-in-1 Disposable Vape \u2013 Big Puffs, Bigger Flavor Wholesale OKSO 70000 Puff Vape Pod \u2013 Triple Flavor, Adjustable Airflow OKSO 70000 Disposable Vape Pod \u2013 Best 70K Puff Vape 2025 EU Market Add Amy's whatsapp to get right reply and discount price! WhatsApp: +86 17776015835","_links":{"self":[{"href":"https:\/\/vapestornado.com\/sl\/wp-json\/wp\/v2\/product\/4369","targetHints":{"allow":["GET"]}}],"collection":[{"href":"https:\/\/vapestornado.com\/sl\/wp-json\/wp\/v2\/product"}],"about":[{"href":"https:\/\/vapestornado.com\/sl\/wp-json\/wp\/v2\/types\/product"}],"replies":[{"embeddable":true,"href":"https:\/\/vapestornado.com\/sl\/wp-json\/wp\/v2\/comments?post=4369"}],"wp:featuredmedia":[{"embeddable":true,"href":"https:\/\/vapestornado.com\/sl\/wp-json\/wp\/v2\/media\/4364"}],"wp:attachment":[{"href":"https:\/\/vapestornado.com\/sl\/wp-json\/wp\/v2\/media?parent=4369"}],"wp:term":[{"taxonomy":"product_brand","embeddable":true,"href":"https:\/\/vapestornado.com\/sl\/wp-json\/wp\/v2\/product_brand?post=4369"},{"taxonomy":"product_cat","embeddable":true,"href":"https:\/\/vapestornado.com\/sl\/wp-json\/wp\/v2\/product_cat?post=4369"},{"taxonomy":"product_tag","embeddable":true,"href":"https:\/\/vapestornado.com\/sl\/wp-json\/wp\/v2\/product_tag?post=4369"}],"curies":[{"name":"wp","href":"https:\/\/api.w.org\/{rel}","templated":true}]}}