{"id":4363,"date":"2025-09-20T03:33:56","date_gmt":"2025-09-20T03:33:56","guid":{"rendered":"https:\/\/vapestornado.com\/?post_type=product&#038;p=4363"},"modified":"2025-09-20T06:28:53","modified_gmt":"2025-09-20T06:28:53","slug":"bang-box-turbo-42000-puff-dual-vaping-mode-touch-screen-disposable-vape","status":"publish","type":"product","link":"https:\/\/vapestornado.com\/sl\/product\/bang-box-turbo-42000-puff-dual-vaping-mode-touch-screen-disposable-vape\/","title":{"rendered":"Bang Box Turbo 42000 Vpihov Dvojni Na\u010din Vape za Enkratno Uporabo z Zaslonom na Dotik"},"content":{"rendered":"<h2 data-pm-slice=\"1 1 []\">Bang Box Turbo 42000 Vpihov \u2013 Vape za enkratno uporabo z zaslonom na dotik in dvojnim na\u010dinom uparjanja<\/h2>\n<p data-start=\"272\" data-end=\"659\">The <strong data-start=\"276\" data-end=\"300\">Bang Box Turbo 42000<\/strong> je narejen za uporabnike vape, ki \u017eelijo mo\u010d, stil in nadzor v eni napravi. S svojim <strong data-start=\"380\" data-end=\"400\">dvojni na\u010din uparjanja<\/strong>, lahko preklapljate med <strong data-start=\"425\" data-end=\"462\">obi\u010dajnim na\u010dinom (do 42.000 vpihov)<\/strong> or <strong data-start=\"466\" data-end=\"495\">pulznim na\u010dinom (30.000 vpihov)<\/strong> za mo\u010dnej\u0161i udarec. Zaradi te prilagodljivosti je idealna izbira za <b>razli\u010dne uporabnike vape<\/b> ki i\u0161\u010dejo vape za enkratno uporabo, ki se prilagaja njihovemu \u017eivljenjskemu slogu.<\/p>\n<p data-start=\"661\" data-end=\"989\">Opremljen z <strong data-start=\"677\" data-end=\"703\">3D ukrivljen zaslon na dotik<\/strong>, je <strong data-start=\"709\" data-end=\"741\">Bang Box 42k Enostaven za uporabo Vape Pod<\/strong>\u00a0vas sproti obve\u0161\u010da o \u017eivljenjski dobi baterije in nivojih e-teko\u010dine. Brez ugibanja \u2013 samo jasne in zanesljive informacije na prvi pogled. The <strong data-start=\"878\" data-end=\"902\">28mL prednapolnjen rezervoar<\/strong> v kombinaciji z <strong data-start=\"917\" data-end=\"935\">mre\u017easto tuljavo<\/strong> zagotavlja drzne, gladke okuse od za\u010detka do konca.<\/p>\n<p data-start=\"991\" data-end=\"1263\">Napaja ga <strong data-start=\"1004\" data-end=\"1042\">750mAh Type-C polnilna baterija<\/strong>, Bang Box Turbo 42000 zagotavlja dolgotrajne seje brez prekinitev. Izberite \u017eeleno mo\u010d z <strong data-start=\"1161\" data-end=\"1201\">mo\u017enostmi nikotina 0%, 2%, 3% ali 5%<\/strong>, zaradi \u010desar je primeren tako za ob\u010dasne kot izku\u0161ene uporabnike.<\/p>\n<p data-start=\"1265\" data-end=\"1583\">Izbire okusov vklju\u010dujejo <strong data-start=\"1288\" data-end=\"1362\">Strawberry Watermelon, Mexico Mango, Miami Mint, Grape B Pop in ve\u010d<\/strong>, kar vam daje \u0161iroko paleto sadnih, ledenih in sladkih me\u0161anic, da bo vsak vdih vznemirljiv. S svojo kompaktno, a vrhunsko zasnovo je ta <strong data-start=\"1493\" data-end=\"1525\">Vape za enkratno uporabo z zaslonom na dotik<\/strong> ni le naprava \u2013 je izjava v modernem vejpanju.<\/p>\n<h3 data-start=\"1585\" data-end=\"1624\">Zakaj kupiti Bang Box Turbo 42000?<\/h3>\n<ul data-start=\"1625\" data-end=\"1935\">\n<li data-start=\"1625\" data-end=\"1693\">\n<p data-start=\"1627\" data-end=\"1693\"><strong data-start=\"1627\" data-end=\"1647\">Dvojni na\u010din vejpanja<\/strong>: Obi\u010dajen ali pulzni za prilagojeno zadovoljstvo<\/p>\n<\/li>\n<li data-start=\"1694\" data-end=\"1760\">\n<p data-start=\"1696\" data-end=\"1760\"><strong data-start=\"1696\" data-end=\"1720\">Zaslon na dotik<\/strong>: Spremljanje olja in baterije v realnem \u010dasu<\/p>\n<\/li>\n<li data-start=\"1761\" data-end=\"1815\">\n<p data-start=\"1763\" data-end=\"1815\"><strong data-start=\"1763\" data-end=\"1780\">Ogromna zmogljivost<\/strong>: 42.000 vdihov z 28 ml e-teko\u010dine<\/p>\n<\/li>\n<li data-start=\"1816\" data-end=\"1875\">\n<p data-start=\"1818\" data-end=\"1875\"><strong data-start=\"1818\" data-end=\"1831\">Mre\u017easta tuljava<\/strong>: Gladki oblaki in poln okus vsaki\u010d<\/p>\n<\/li>\n<li data-start=\"1876\" data-end=\"1935\">\n<p data-start=\"1878\" data-end=\"1935\"><strong data-start=\"1878\" data-end=\"1894\">Polnilna<\/strong>: 750mAh Type-C baterija za udobje<\/p>\n<\/li>\n<\/ul>\n<p><strong><span style=\"color: #ff0000;\">Dodajte Amy na WhatsApp in prejmite takoj\u0161en odgovor ter kupon za vape!<\/span><\/strong><\/p>\n<p><img fetchpriority=\"high\" decoding=\"async\" class=\"size-full wp-image-2932\" src=\"https:\/\/vapestornado.com\/wp-content\/uploads\/2024\/12\/Vape-Wholesale.jpg\" alt=\"Vape Veleprodaja\" width=\"229\" height=\"300\" \/><\/p>\n<h3><a href=\"https:\/\/wa.me\/8617776015835\" target=\"_blank\" rel=\"noopener\"><span style=\"color: #ff0000;\"><strong>WhatsApp: +386 17776015835<\/strong><\/span><\/a><\/h3>\n<p>&nbsp;<\/p>\n<h2><strong>Lastnosti izdelka Bang Box Turbo 42000 Puff<\/strong><\/h2>\n<p>Vdihov: 42.000 vdihov (obi\u010dajni na\u010din)<br \/>\n30.000 vdihov (pulzni na\u010din)<br \/>\nDvojni na\u010din vapinga<br \/>\nTeko\u010dina: 28 ml predhodno napolnjena<br \/>\nNikotin: 0% 2% 3% 5%<br \/>\nJedro: Mre\u017easta tuljava 1.0 \u03a9<br \/>\nBaterija: 750 mAh s Type-C polnjenjem<br \/>\n3D ukrivljen zaslon za olje in baterijo<\/p>\n<figure id=\"attachment_4359\" aria-describedby=\"caption-attachment-4359\" style=\"width: 300px\" class=\"wp-caption alignnone\"><img decoding=\"async\" class=\"size-medium wp-image-4359\" src=\"https:\/\/vapestornado.com\/wp-content\/uploads\/2025\/09\/Bang-Box-Turbo-42000-Puff-Dispsoable-Vape-Mod-Kits-300x300.webp\" alt=\"Bang Box Turbo 42000 Vpihov Mod Komplet za enkratno uporabo Vape\" width=\"300\" height=\"300\" srcset=\"https:\/\/vapestornado.com\/wp-content\/uploads\/2025\/09\/Bang-Box-Turbo-42000-Puff-Dispsoable-Vape-Mod-Kits-300x300.webp 300w, https:\/\/vapestornado.com\/wp-content\/uploads\/2025\/09\/Bang-Box-Turbo-42000-Puff-Dispsoable-Vape-Mod-Kits-1024x1024.webp 1024w, https:\/\/vapestornado.com\/wp-content\/uploads\/2025\/09\/Bang-Box-Turbo-42000-Puff-Dispsoable-Vape-Mod-Kits-150x150.webp 150w, https:\/\/vapestornado.com\/wp-content\/uploads\/2025\/09\/Bang-Box-Turbo-42000-Puff-Dispsoable-Vape-Mod-Kits-768x768.webp 768w, https:\/\/vapestornado.com\/wp-content\/uploads\/2025\/09\/Bang-Box-Turbo-42000-Puff-Dispsoable-Vape-Mod-Kits-12x12.webp 12w, https:\/\/vapestornado.com\/wp-content\/uploads\/2025\/09\/Bang-Box-Turbo-42000-Puff-Dispsoable-Vape-Mod-Kits-600x600.webp 600w, https:\/\/vapestornado.com\/wp-content\/uploads\/2025\/09\/Bang-Box-Turbo-42000-Puff-Dispsoable-Vape-Mod-Kits-100x100.webp 100w, https:\/\/vapestornado.com\/wp-content\/uploads\/2025\/09\/Bang-Box-Turbo-42000-Puff-Dispsoable-Vape-Mod-Kits.webp 1500w\" sizes=\"(max-width: 300px) 100vw, 300px\" \/><figcaption id=\"caption-attachment-4359\" class=\"wp-caption-text\">Bang Box Turbo 42000 Vpihov Mod Komplet za enkratno uporabo Vape<\/figcaption><\/figure>\n<h2 class=\"product-title\"><strong>Seznam okusov Bang Box Turbo 42000 Vpihov<\/strong><\/h2>\n<p data-start=\"2550\" data-end=\"2736\">1. Jagodna lubenica<br \/>\n2. Divje jagode<br \/>\n3.Modra malina led<br \/>\n4.Borovnica Lubenica<br \/>\n5. Kislo jabolko z ledom<br \/>\n6. Limeta, jagodi\u010devje, pomaran\u010da<br \/>\n7. Mehi\u0161ki mango<br \/>\n8. Miami Mint<br \/>\n9.Lubenica Led<br \/>\n10. Sladka \u010de\u0161nja<br \/>\n11. Grozdni B Pop<br \/>\n12. Robidov B Pop<\/p>\n<div class=\"flex-shrink-0 flex flex-col relative items-end\">\n<div class=\"pt-0\">\n<div class=\"gizmo-bot-avatar flex h-8 w-8 items-center justify-center overflow-hidden rounded-full\">\n<div class=\"relative p-1 rounded-sm flex items-center justify-center bg-token-main-surface-primary text-token-text-primary h-8 w-8\">\n<h2 data-start=\"1200\" data-end=\"1487\">Vapes Tornado \u2013 Va\u0161a spletna trgovina na debelo za vrhunske blagovne znamke vape v Evropi<\/h2>\n<p data-start=\"1200\" data-end=\"1487\"><strong data-start=\"213\" data-end=\"248\">Spletna trgovina Vapes Tornado<\/strong> Vapes Tornado \u2013 va\u0161e veleprodajno sredi\u0161\u010de za vrhunske blagovne znamke vape v Evropi<strong data-start=\"403\" data-end=\"431\">\u00a0priljubljenimi znamkami vejpov<\/strong>, vklju\u010dno z <strong data-start=\"443\" data-end=\"502\"><a href=\"https:\/\/vapestornado.com\/sl\/product-category\/elf-bar-vape\/\">ELF BAR VAPE<\/a>, Vapme VAPE, <a href=\"https:\/\/vapestornado.com\/sl\/product\/vozol-gear-power-20k-20000-puffs-vape-rechargeable-disposable-box-bulk-buy-cheap-price\/\">VOZOL VAPE<\/a><\/strong><strong data-start=\"443\" data-end=\"502\">in <a href=\"https:\/\/vapestornado.com\/sl\/product-category\/bang-vape\/\">Bang Vape<\/a><\/strong>. Na\u0161a trgovina je zasnovana za posamezne stranke in kupce na debelo, saj ponuja zanesljive izdelke, ki zdru\u017eujejo mo\u010dno zmogljivost, eleganten dizajn in konkuren\u010dne cene.<\/p>\n<h2 data-start=\"2064\" data-end=\"2115\">Pogosta vpra\u0161anja o Bang Box 42k Vpihov Vape za enkratno uporabo<\/h2>\n<p data-start=\"1990\" data-end=\"2128\"><strong data-start=\"1990\" data-end=\"2049\">1. Koliko vpihov lahko zagotovi Bang Box Turbo 42000?<\/strong><br data-start=\"2049\" data-end=\"2052\" \/>Do <strong data-start=\"2058\" data-end=\"2090\">42.000 vpihov v obi\u010dajnem na\u010dinu<\/strong> in <strong data-start=\"2095\" data-end=\"2125\">30.000 vpihov v pulznem na\u010dinu<\/strong>.<\/p>\n<p data-start=\"2130\" data-end=\"2311\"><strong data-start=\"2130\" data-end=\"2202\">2. Kaj naredi Bang Box 42k edinstvenega v primerjavi z drugimi izdelki za enkratno uporabo?<\/strong><br data-start=\"2202\" data-end=\"2205\" \/>Ponuja <strong data-start=\"2217\" data-end=\"2237\">dvojni na\u010din uparjanja<\/strong> in <strong data-start=\"2244\" data-end=\"2263\">3D zaslon na dotik<\/strong>, ki uporabnikom omogo\u010da nadzor in prilagajanje.<\/p>\n<p data-start=\"2313\" data-end=\"2441\"><strong data-start=\"2313\" data-end=\"2361\">3. Ali je Bang Box Turbo 42000 mogo\u010de ponovno napolniti?<\/strong><br data-start=\"2361\" data-end=\"2364\" \/>Da, vklju\u010duje <strong data-start=\"2383\" data-end=\"2421\">750mAh Type-C polnilna baterija<\/strong> za dolgotrajno uporabo.<\/p>\n<p data-start=\"2443\" data-end=\"2548\"><strong data-start=\"2443\" data-end=\"2484\">4. Katere ravni nikotina so na voljo?<\/strong><br data-start=\"2484\" data-end=\"2487\" \/>Izbirate lahko med <strong data-start=\"2507\" data-end=\"2545\">0%, 2%, 3% ali 5% jakost nikotina<\/strong>.<\/p>\n<p data-start=\"2550\" data-end=\"2736\"><strong data-start=\"2550\" data-end=\"2611\">5. Katere so priljubljene arome pri Bang Box Turbo 42000?<\/strong><br data-start=\"2611\" data-end=\"2614\" \/>Mo\u017enosti vklju\u010dujejo <strong data-start=\"2630\" data-end=\"2723\">Jagoda Melona, Modra Razz Led, Mehki Mango, Miami Mint, Sladka \u010de\u0161nja, Grape B Pop<\/strong>, in \u0161e ve\u010d.<\/p>\n<\/div>\n<\/div>\n<\/div>\n<\/div>","protected":false},"excerpt":{"rendered":"<p>The <strong data-start=\"2783\" data-end=\"2812\">Bang Box Turbo 42000 Vpihov<\/strong> zdru\u017euje <strong data-start=\"2822\" data-end=\"2842\">dvojni na\u010din uparjanja<\/strong>, a <strong data-start=\"2846\" data-end=\"2870\">zaslon na dotik<\/strong>in <strong data-start=\"2876\" data-end=\"2892\">42000 vpihov<\/strong> drznega okusa. Z <strong data-start=\"2916\" data-end=\"2947\">750 mAh polnilno baterijo<\/strong> in <strong data-start=\"2952\" data-end=\"2969\">prostornino 28 ml<\/strong>je pametna izbira za kupce na debelo po vsej Evropi.<\/p>\n<p><strong>Dodajte Amyin WhatsApp, da dobite pravi odgovor in ceno s popustom!<\/strong><\/p>\n<p><img fetchpriority=\"high\" decoding=\"async\" class=\"size-full wp-image-2932\" src=\"https:\/\/vapestornado.com\/wp-content\/uploads\/2024\/12\/Vape-Wholesale.jpg\" alt=\"Vape Veleprodaja\" width=\"229\" height=\"300\" \/><\/p>\n<h3><a href=\"https:\/\/wa.me\/8617776015835\"><span style=\"color: #ff0000;\"><strong>WhatsApp: +386 17776015835<\/strong><\/span><\/a><\/h3>","protected":false},"featured_media":4360,"comment_status":"open","ping_status":"closed","template":"","meta":{"_acf_changed":false,"_uag_custom_page_level_css":"","_lmt_disableupdate":"no","_lmt_disable":"","_monsterinsights_skip_tracking":false,"_monsterinsights_sitenote_active":false,"_monsterinsights_sitenote_note":"","_monsterinsights_sitenote_category":0,"site-sidebar-layout":"default","site-content-layout":"","ast-site-content-layout":"default","site-content-style":"default","site-sidebar-style":"default","ast-global-header-display":"","ast-banner-title-visibility":"","ast-main-header-display":"","ast-hfb-above-header-display":"","ast-hfb-below-header-display":"","ast-hfb-mobile-header-display":"","site-post-title":"","ast-breadcrumbs-content":"","ast-featured-img":"","footer-sml-layout":"","ast-disable-related-posts":"","theme-transparent-header-meta":"default","adv-header-id-meta":"","stick-header-meta":"","header-above-stick-meta":"","header-main-stick-meta":"","header-below-stick-meta":"","astra-migrate-meta-layouts":"set","ast-page-background-enabled":"default","ast-page-background-meta":{"desktop":{"background-color":"","background-image":"","background-repeat":"repeat","background-position":"center center","background-size":"auto","background-attachment":"scroll","background-type":"","background-media":"","overlay-type":"","overlay-color":"","overlay-opacity":"","overlay-gradient":""},"tablet":{"background-color":"","background-image":"","background-repeat":"repeat","background-position":"center center","background-size":"auto","background-attachment":"scroll","background-type":"","background-media":"","overlay-type":"","overlay-color":"","overlay-opacity":"","overlay-gradient":""},"mobile":{"background-color":"","background-image":"","background-repeat":"repeat","background-position":"center center","background-size":"auto","background-attachment":"scroll","background-type":"","background-media":"","overlay-type":"","overlay-color":"","overlay-opacity":"","overlay-gradient":""}},"ast-content-background-meta":{"desktop":{"background-color":"var(--ast-global-color-5)","background-image":"","background-repeat":"repeat","background-position":"center center","background-size":"auto","background-attachment":"scroll","background-type":"","background-media":"","overlay-type":"","overlay-color":"","overlay-opacity":"","overlay-gradient":""},"tablet":{"background-color":"var(--ast-global-color-5)","background-image":"","background-repeat":"repeat","background-position":"center center","background-size":"auto","background-attachment":"scroll","background-type":"","background-media":"","overlay-type":"","overlay-color":"","overlay-opacity":"","overlay-gradient":""},"mobile":{"background-color":"var(--ast-global-color-5)","background-image":"","background-repeat":"repeat","background-position":"center center","background-size":"auto","background-attachment":"scroll","background-type":"","background-media":"","overlay-type":"","overlay-color":"","overlay-opacity":"","overlay-gradient":""}},"_joinchat":{"telephone":"17776015835"}},"product_brand":[],"product_cat":[62,64,151,153,156,158,142,143,144,146],"product_tag":[372,371,369,370,368,373],"class_list":{"0":"post-4363","1":"product","2":"type-product","3":"status-publish","4":"has-post-thumbnail","6":"product_cat-bang-vape","7":"product_cat-bangbox-vape","8":"product_cat-buy-disposable-vapes-in-france","9":"product_cat-buy-disposable-vapes-in-italy","10":"product_cat-buy-disposable-vapes-in-poland","11":"product_cat-buy-disposable-vapes-in-spain","12":"product_cat-digital-box-disposable-vapes","13":"product_cat-dual-mesh-disposable-vapes","14":"product_cat-low-nicotine-disposable-vapes","15":"product_cat-rechargeable-disposable-vapes","16":"product_tag-bang-box-42k","17":"product_tag-bang-box-turbo-42000","18":"product_tag-buy-disposable-vape-online","19":"product_tag-disposable-vape-bulk-buy","20":"product_tag-disposable-vapor","21":"product_tag-touch-screen-disposable-vape","22":"desktop-align-left","23":"tablet-align-left","24":"mobile-align-left","26":"first","27":"instock","28":"sale","29":"shipping-taxable","30":"purchasable","31":"product-type-simple"},"acf":[],"uagb_featured_image_src":{"full":["https:\/\/vapestornado.com\/wp-content\/uploads\/2025\/09\/Bang-Box-Turbo-42000-Puff-Touch-Screen-Vape.webp",1000,1000,false],"thumbnail":["https:\/\/vapestornado.com\/wp-content\/uploads\/2025\/09\/Bang-Box-Turbo-42000-Puff-Touch-Screen-Vape-150x150.webp",150,150,true],"medium":["https:\/\/vapestornado.com\/wp-content\/uploads\/2025\/09\/Bang-Box-Turbo-42000-Puff-Touch-Screen-Vape-300x300.webp",300,300,true],"medium_large":["https:\/\/vapestornado.com\/wp-content\/uploads\/2025\/09\/Bang-Box-Turbo-42000-Puff-Touch-Screen-Vape-768x768.webp",768,768,true],"large":["https:\/\/vapestornado.com\/wp-content\/uploads\/2025\/09\/Bang-Box-Turbo-42000-Puff-Touch-Screen-Vape.webp",1000,1000,false],"1536x1536":["https:\/\/vapestornado.com\/wp-content\/uploads\/2025\/09\/Bang-Box-Turbo-42000-Puff-Touch-Screen-Vape.webp",1000,1000,false],"2048x2048":["https:\/\/vapestornado.com\/wp-content\/uploads\/2025\/09\/Bang-Box-Turbo-42000-Puff-Touch-Screen-Vape.webp",1000,1000,false],"trp-custom-language-flag":["https:\/\/vapestornado.com\/wp-content\/uploads\/2025\/09\/Bang-Box-Turbo-42000-Puff-Touch-Screen-Vape-12x12.webp",12,12,true],"woocommerce_thumbnail":["https:\/\/vapestornado.com\/wp-content\/uploads\/2025\/09\/Bang-Box-Turbo-42000-Puff-Touch-Screen-Vape-300x300.webp",300,300,true],"woocommerce_single":["https:\/\/vapestornado.com\/wp-content\/uploads\/2025\/09\/Bang-Box-Turbo-42000-Puff-Touch-Screen-Vape-600x600.webp",600,600,true],"woocommerce_gallery_thumbnail":["https:\/\/vapestornado.com\/wp-content\/uploads\/2025\/09\/Bang-Box-Turbo-42000-Puff-Touch-Screen-Vape-100x100.webp",100,100,true]},"uagb_author_info":{"display_name":"ESAMY","author_link":"https:\/\/vapestornado.com\/sl\/author\/"},"uagb_comment_info":1,"uagb_excerpt":"The Bang Box Turbo 42000 Puff combines dual vaping mode, a touch screen display, and 42000 puffs of bold flavor. With a 750mAh rechargeable battery and 28mL capacity, it\u2019s the smart choice for bulk wholesale buyers across Europe. Add Amy's whatsapp to get right reply and discount price! WhatsApp: +86 17776015835","_links":{"self":[{"href":"https:\/\/vapestornado.com\/sl\/wp-json\/wp\/v2\/product\/4363","targetHints":{"allow":["GET"]}}],"collection":[{"href":"https:\/\/vapestornado.com\/sl\/wp-json\/wp\/v2\/product"}],"about":[{"href":"https:\/\/vapestornado.com\/sl\/wp-json\/wp\/v2\/types\/product"}],"replies":[{"embeddable":true,"href":"https:\/\/vapestornado.com\/sl\/wp-json\/wp\/v2\/comments?post=4363"}],"wp:featuredmedia":[{"embeddable":true,"href":"https:\/\/vapestornado.com\/sl\/wp-json\/wp\/v2\/media\/4360"}],"wp:attachment":[{"href":"https:\/\/vapestornado.com\/sl\/wp-json\/wp\/v2\/media?parent=4363"}],"wp:term":[{"taxonomy":"product_brand","embeddable":true,"href":"https:\/\/vapestornado.com\/sl\/wp-json\/wp\/v2\/product_brand?post=4363"},{"taxonomy":"product_cat","embeddable":true,"href":"https:\/\/vapestornado.com\/sl\/wp-json\/wp\/v2\/product_cat?post=4363"},{"taxonomy":"product_tag","embeddable":true,"href":"https:\/\/vapestornado.com\/sl\/wp-json\/wp\/v2\/product_tag?post=4363"}],"curies":[{"name":"wp","href":"https:\/\/api.w.org\/{rel}","templated":true}]}}