{"id":4355,"date":"2025-09-19T03:35:21","date_gmt":"2025-09-19T03:35:21","guid":{"rendered":"https:\/\/vapestornado.com\/?post_type=product&#038;p=4355"},"modified":"2025-09-19T06:51:26","modified_gmt":"2025-09-19T06:51:26","slug":"uzy-60000-puff-60k-disposable-vapor-3-in-1-triple-flavor-bulk-buy-online","status":"publish","type":"product","link":"https:\/\/vapestornado.com\/sl\/product\/uzy-60000-puff-60k-disposable-vapor-3-in-1-triple-flavor-bulk-buy-online\/","title":{"rendered":"UZY 60000 Vpihov 60k Enkratna Vape 3 v 1 Trojni Okus Nakup na Spletu v Razsutem Stanju"},"content":{"rendered":"<h2 data-pm-slice=\"1 1 []\">UZY 60000 Vpihov 3-v-1 Razpolo\u017eljivi Vapor s Trojnim Okusom \u2013 Nakup na Debelo Preko Spleta po Najbolj\u0161i Ceni<\/h2>\n<p data-start=\"312\" data-end=\"738\">The <strong data-start=\"316\" data-end=\"351\">UZY 60000 Vpihov Priprava za enkratno uporabo<\/strong> je narejen za uporabnike, ki \u017eelijo raznolikost, mo\u010d in zanesljivost v eni napravi. Z impresivno <strong data-start=\"447\" data-end=\"468\">zmogljivostjo 60k vpihov<\/strong> in edinstven <strong data-start=\"482\" data-end=\"513\">3-v-1 sistemom trojnega okusa<\/strong>, vsaka naprava oddaja <strong data-start=\"536\" data-end=\"556\">54 ml e-teko\u010dine<\/strong> razdeljeno v tri lo\u010dene komore, kar ohranja vsak okus sve\u017e in izrazit. UZY 60000 puff vape je odli\u010dna izbira za<strong data-start=\"662\" data-end=\"702\"> uporabnike <\/strong>ki zahtevajo zmogljivost in stil.<\/p>\n<p data-start=\"740\" data-end=\"1112\">Opremljen z <strong data-start=\"754\" data-end=\"785\">tehnologijo trojne mre\u017easte tuljave<\/strong>, UZY 60k zagotavlja gladek vapor in bogat okus pri vsakem vdihu. The <strong data-start=\"854\" data-end=\"875\">pametni LED zaslon<\/strong> vas obve\u0161\u010da o nivoju baterije in e-teko\u010dine, tako da vam nikoli ne bo nepri\u010dakovano zmanjkalo. Poganja ga mo\u010dna <strong data-start=\"984\" data-end=\"1041\">850mAh polnilna baterija s hitrim polnjenjem Type-C<\/strong>, \u010das nedelovanja je minimalen, zaradi \u010desar je to zanesljiva naprava za vsakodnevno uporabo.<\/p>\n<p data-start=\"1114\" data-end=\"1403\">Na voljo v <strong data-start=\"1127\" data-end=\"1167\">0%, 2%, 3% in 5% jakosti nikotina<\/strong>, ustreza vsem \u017eeljam \u2013 od lahkega, prilo\u017enostnega vapinga do mo\u010dnej\u0161ega udarca. The <strong data-start=\"1248\" data-end=\"1282\">modern dizajn, ki ga je navdihnil kristal<\/strong> ni samo vrhunski na otip, ampak tudi izgleda ostro in privla\u010dno za mlade odrasle, ki cenijo tako funkcijo kot estetiko.<\/p>\n<p data-start=\"1405\" data-end=\"1739\">Za <strong data-start=\"1409\" data-end=\"1434\">kupce na debelo<\/strong>, UZY 60000 Puff izstopa kot <strong data-start=\"1471\" data-end=\"1518\">najbolje prodajan izdelek v kategoriji razpolo\u017eljivih vape<\/strong>, zdru\u017euje <strong data-start=\"1530\" data-end=\"1612\">dolgotrajno delovanje, pristne okuse in konkuren\u010dne veleprodajne cene<\/strong> ki zagotavlja visoke stopnje dobi\u010dka. \u010ce \u017eelite <strong data-start=\"1664\" data-end=\"1694\">kupiti vape za enkratno uporabo na spletu<\/strong> za va\u0161o trgovino je UZY 60k varna izbira.<\/p>\n<p><strong><span style=\"color: #ff0000;\">Dodajte Amy na WhatsApp in prejmite takoj\u0161en odgovor ter kupon za vape!<\/span><\/strong><\/p>\n<p><img fetchpriority=\"high\" decoding=\"async\" class=\"size-full wp-image-2932\" src=\"https:\/\/vapestornado.com\/wp-content\/uploads\/2024\/12\/Vape-Wholesale.jpg\" alt=\"Vape Veleprodaja\" width=\"229\" height=\"300\" \/><\/p>\n<h3><a href=\"https:\/\/wa.me\/8617776015835\" target=\"_blank\" rel=\"noopener\"><span style=\"color: #ff0000;\"><strong>WhatsApp: +386 17776015835<\/strong><\/span><\/a><\/h3>\n<p>&nbsp;<\/p>\n<h2><strong>Zna\u010dilnosti izdelka UZY 60000 Puff<\/strong><\/h2>\n<p>Vpihov: 60000 Vpihov<br \/>\n3 v 1 Trojni okusi<br \/>\nDvojna Mre\u017easta Tuljava<br \/>\nE-teko\u010dina: 54 ml (18 ml + 18 ml + 18 ml)<br \/>\nNikotin: 0%\/2%\/3%\/5%<br \/>\nBaterija: 850mah<br \/>\nPolnjenje: Vrata za polnjenje Type-C<br \/>\nLED zaslon (pametni zaslon) prikazuje nivo baterije in e-teko\u010dine<br \/>\nPrilagoditev mo\u010di: razli\u010dici Pro in Max<br \/>\nTe\u017ea izdelka: 120 g\/kos<\/p>\n<figure id=\"attachment_4354\" aria-describedby=\"caption-attachment-4354\" style=\"width: 800px\" class=\"wp-caption alignnone\"><img decoding=\"async\" class=\"wp-image-4354 size-full\" src=\"https:\/\/vapestornado.com\/wp-content\/uploads\/2025\/09\/UZY-Triple-Flavor-60000-60K-Puffs-Disposable-Vape.webp\" alt=\"UZY Triple Flavor 60000 60K Vpihov Vape za enkratno uporabo\" width=\"800\" height=\"800\" srcset=\"https:\/\/vapestornado.com\/wp-content\/uploads\/2025\/09\/UZY-Triple-Flavor-60000-60K-Puffs-Disposable-Vape.webp 800w, https:\/\/vapestornado.com\/wp-content\/uploads\/2025\/09\/UZY-Triple-Flavor-60000-60K-Puffs-Disposable-Vape-300x300.webp 300w, https:\/\/vapestornado.com\/wp-content\/uploads\/2025\/09\/UZY-Triple-Flavor-60000-60K-Puffs-Disposable-Vape-150x150.webp 150w, https:\/\/vapestornado.com\/wp-content\/uploads\/2025\/09\/UZY-Triple-Flavor-60000-60K-Puffs-Disposable-Vape-768x768.webp 768w, https:\/\/vapestornado.com\/wp-content\/uploads\/2025\/09\/UZY-Triple-Flavor-60000-60K-Puffs-Disposable-Vape-12x12.webp 12w, https:\/\/vapestornado.com\/wp-content\/uploads\/2025\/09\/UZY-Triple-Flavor-60000-60K-Puffs-Disposable-Vape-600x600.webp 600w, https:\/\/vapestornado.com\/wp-content\/uploads\/2025\/09\/UZY-Triple-Flavor-60000-60K-Puffs-Disposable-Vape-100x100.webp 100w\" sizes=\"(max-width: 800px) 100vw, 800px\" \/><figcaption id=\"caption-attachment-4354\" class=\"wp-caption-text\">UZY Triple Flavor 60000 60K Vpihov Vape za enkratno uporabo<\/figcaption><\/figure>\n<h2 class=\"product-title\"><strong> Seznam okusov UZY 60000 Puff<\/strong><\/h2>\n<p>1. Borovnica Malina \/ Jagoda Kivi \/ Limona Limeta<br \/>\n2. Kivi Pasijonka Guava \/ Borovni\u010dni led \/ Breskev Mango<br \/>\n3. Jagoda Lubenica \/ Cola Led \/ \u010ce\u0161nja Cola<br \/>\n4. Breskov led \/ Jagoda Malina \u010ce\u0161nja Led \/ Dvojni jabol\u010dni led<br \/>\n5. Grozdni led \/ Love 666 (Pasijonka Melona) \/ Jagodni Red Bull<br \/>\n6. Mr Blue \/ Gumijasti medvedek \/ Red Bull Ice<br \/>\n7. Breskev mango ananas \/ Modri \u200b\u200bRazz Led \/ Malina Lubenica<br \/>\n8. Lubenica z ledom \/ Trojna melona z ledom \/ Jagoda banana<br \/>\n9. Poletna breskev z ledom \/ Jagoda z ledom \/ Modra malina z ledom<br \/>\n10. \u010ce\u0161nja z ledom \/ Me\u0161ano jagodi\u010devje \/ \u010crni zmaj z ledom<\/p>\n<div class=\"flex-shrink-0 flex flex-col relative items-end\">\n<div class=\"pt-0\">\n<div class=\"gizmo-bot-avatar flex h-8 w-8 items-center justify-center overflow-hidden rounded-full\">\n<div class=\"relative p-1 rounded-sm flex items-center justify-center bg-token-main-surface-primary text-token-text-primary h-8 w-8\">\n<h2 data-start=\"1200\" data-end=\"1487\">Vapes Tornado \u2013 Va\u0161a spletna trgovina na debelo za vrhunske blagovne znamke vape v Evropi<\/h2>\n<p data-start=\"1200\" data-end=\"1487\"><strong data-start=\"213\" data-end=\"248\">Spletna trgovina Vapes Tornado<\/strong> Vapes Tornado \u2013 va\u0161e veleprodajno sredi\u0161\u010de za vrhunske blagovne znamke vape v Evropi<strong data-start=\"403\" data-end=\"431\">\u00a0priljubljenimi znamkami vejpov<\/strong>, vklju\u010dno z <strong data-start=\"443\" data-end=\"502\"><a href=\"https:\/\/vapestornado.com\/sl\/product\/waspe-aiviou-3-in-1-60000-puffs-disposable-vape-kit-best-price\/\">WASPE VAPE<\/a>, Vapme VAPE, <a href=\"https:\/\/vapestornado.com\/sl\/product\/vozol-gear-power-20k-20000-puffs-vape-rechargeable-disposable-box-bulk-buy-cheap-price\/\">VOZOL VAPE<\/a><\/strong><strong data-start=\"443\" data-end=\"502\">in <a href=\"https:\/\/vapestornado.com\/sl\/product-category\/fumot-vape\/\">FUMOT VAPE<\/a><\/strong>. Na\u0161a trgovina je zasnovana za posamezne stranke in kupce na debelo, saj ponuja zanesljive izdelke, ki zdru\u017eujejo mo\u010dno zmogljivost, eleganten dizajn in konkuren\u010dne cene.<\/p>\n<h2 data-start=\"2064\" data-end=\"2115\">Pogosta vpra\u0161anja o UZY 60000 Puff Disposable Vape<\/h2>\n<p data-start=\"152\" data-end=\"362\"><strong data-start=\"152\" data-end=\"223\">1. Koliko okusov ponuja UZY 60000 Puff Disposable Vapor?<\/strong><br data-start=\"223\" data-end=\"226\" \/>Vsaka naprava vklju\u010duje <strong data-start=\"249\" data-end=\"280\">3-v-1 sistemom trojnega okusa<\/strong>, kar vam daje tri razli\u010dne komore za e-teko\u010dino s skupno <strong data-start=\"342\" data-end=\"359\">prostornino 54 ml<\/strong>.<\/p>\n<p data-start=\"364\" data-end=\"530\"><strong data-start=\"364\" data-end=\"404\">2. Ali je UZY 60k Puff mogo\u010de ponovno napolniti?<\/strong><br data-start=\"404\" data-end=\"407\" \/>Da. Prilo\u017een ima <strong data-start=\"429\" data-end=\"447\">850 mAh<\/strong> in podpira <strong data-start=\"461\" data-end=\"485\">hitro polnjenje Type-C<\/strong>, kar zagotavlja dalj\u0161o uporabo in minimalne prekinitve.<\/p>\n<p data-start=\"532\" data-end=\"731\"><strong data-start=\"532\" data-end=\"599\">3. Katere jakosti nikotina so na voljo za UZY 60000 Puff?<\/strong><br data-start=\"599\" data-end=\"602\" \/>UZY 60k Puff je na voljo v <strong data-start=\"635\" data-end=\"675\">0%, 2%, 3% in 5% jakostih nikotina<\/strong>, zaradi \u010desar je primeren za razli\u010dne \u017eelje pri vejpanju.<\/p>\n<p data-start=\"733\" data-end=\"913\"><strong data-start=\"733\" data-end=\"776\">4. Kako deluje LED pametni zaslon?<\/strong><br data-start=\"776\" data-end=\"779\" \/>Vgrajeni <strong data-start=\"792\" data-end=\"806\">LED zaslon<\/strong> prikazuje <strong data-start=\"813\" data-end=\"855\">odstotek baterije in nivoje e-teko\u010dine<\/strong>, tako da vedno veste, kdaj napolniti ali zamenjati okuse.<\/p>\n<p data-start=\"915\" data-end=\"1149\"><strong data-start=\"915\" data-end=\"989\">5. Zakaj je UZY 60000 Puff priljubljen za veleprodajni nakup v razsutem stanju v Evropi?<\/strong><br data-start=\"989\" data-end=\"992\" \/>Zaradi <strong data-start=\"996\" data-end=\"1086\">dolgo \u0161tevilo vdihov, sistem trojnega okusa, mo\u010dna baterija in konkuren\u010dna veleprodajna cena<\/strong> ga uvr\u0161\u010dajo med najbolje prodajane izbire za distributerje in trgovce na drobno.<\/p>\n<\/div>\n<\/div>\n<\/div>\n<\/div>","protected":false},"excerpt":{"rendered":"<p><strong data-start=\"114\" data-end=\"149\">UZY 60000 Vpihov Priprava za enkratno uporabo<\/strong> zagotavlja <strong data-start=\"159\" data-end=\"184\">3-v-1 trojni okusi<\/strong>, do <strong data-start=\"192\" data-end=\"205\">60k vpihov<\/strong>, in <strong data-start=\"213\" data-end=\"234\">pametni LED zaslon<\/strong> z <strong data-start=\"240\" data-end=\"278\" data-is-only-node=\"\">850 mAh Tip-C polnilna baterija<\/strong>. Idealno za <strong data-start=\"290\" data-end=\"325\">veleprodajne kupce v Evropi<\/strong> iskanje dolgotrajne u\u010dinkovitosti po <strong data-start=\"370\" data-end=\"384\">najbolj\u0161i ceni<\/strong>.<\/p>\n<p><strong>Dodajte Amyin WhatsApp, da dobite pravi odgovor in ceno s popustom!<\/strong><\/p>\n<p><img fetchpriority=\"high\" decoding=\"async\" class=\"size-full wp-image-2932\" src=\"https:\/\/vapestornado.com\/wp-content\/uploads\/2024\/12\/Vape-Wholesale.jpg\" alt=\"Vape Veleprodaja\" width=\"229\" height=\"300\" \/><\/p>\n<h3><a href=\"https:\/\/wa.me\/8617776015835\"><span style=\"color: #ff0000;\"><strong>WhatsApp: +386 17776015835<\/strong><\/span><\/a><\/h3>","protected":false},"featured_media":4353,"comment_status":"open","ping_status":"closed","template":"","meta":{"_acf_changed":false,"_uag_custom_page_level_css":"","_lmt_disableupdate":"no","_lmt_disable":"","_monsterinsights_skip_tracking":false,"_monsterinsights_sitenote_active":false,"_monsterinsights_sitenote_note":"","_monsterinsights_sitenote_category":0,"site-sidebar-layout":"default","site-content-layout":"","ast-site-content-layout":"default","site-content-style":"default","site-sidebar-style":"default","ast-global-header-display":"","ast-banner-title-visibility":"","ast-main-header-display":"","ast-hfb-above-header-display":"","ast-hfb-below-header-display":"","ast-hfb-mobile-header-display":"","site-post-title":"","ast-breadcrumbs-content":"","ast-featured-img":"","footer-sml-layout":"","ast-disable-related-posts":"","theme-transparent-header-meta":"default","adv-header-id-meta":"","stick-header-meta":"","header-above-stick-meta":"","header-main-stick-meta":"","header-below-stick-meta":"","astra-migrate-meta-layouts":"set","ast-page-background-enabled":"default","ast-page-background-meta":{"desktop":{"background-color":"","background-image":"","background-repeat":"repeat","background-position":"center center","background-size":"auto","background-attachment":"scroll","background-type":"","background-media":"","overlay-type":"","overlay-color":"","overlay-opacity":"","overlay-gradient":""},"tablet":{"background-color":"","background-image":"","background-repeat":"repeat","background-position":"center center","background-size":"auto","background-attachment":"scroll","background-type":"","background-media":"","overlay-type":"","overlay-color":"","overlay-opacity":"","overlay-gradient":""},"mobile":{"background-color":"","background-image":"","background-repeat":"repeat","background-position":"center center","background-size":"auto","background-attachment":"scroll","background-type":"","background-media":"","overlay-type":"","overlay-color":"","overlay-opacity":"","overlay-gradient":""}},"ast-content-background-meta":{"desktop":{"background-color":"var(--ast-global-color-5)","background-image":"","background-repeat":"repeat","background-position":"center center","background-size":"auto","background-attachment":"scroll","background-type":"","background-media":"","overlay-type":"","overlay-color":"","overlay-opacity":"","overlay-gradient":""},"tablet":{"background-color":"var(--ast-global-color-5)","background-image":"","background-repeat":"repeat","background-position":"center center","background-size":"auto","background-attachment":"scroll","background-type":"","background-media":"","overlay-type":"","overlay-color":"","overlay-opacity":"","overlay-gradient":""},"mobile":{"background-color":"var(--ast-global-color-5)","background-image":"","background-repeat":"repeat","background-position":"center center","background-size":"auto","background-attachment":"scroll","background-type":"","background-media":"","overlay-type":"","overlay-color":"","overlay-opacity":"","overlay-gradient":""}},"_joinchat":{"telephone":"17776015835"}},"product_brand":[],"product_cat":[343,152,156,158,142,357,144,146,356],"product_tag":[369,370,368,366,367,364],"class_list":{"0":"post-4355","1":"product","2":"type-product","3":"status-publish","4":"has-post-thumbnail","6":"product_cat-60000-puff","7":"product_cat-buy-disposable-vapes-in-cermany","8":"product_cat-buy-disposable-vapes-in-poland","9":"product_cat-buy-disposable-vapes-in-spain","10":"product_cat-digital-box-disposable-vapes","11":"product_cat-flavor-adjustable-vape","12":"product_cat-low-nicotine-disposable-vapes","13":"product_cat-rechargeable-disposable-vapes","14":"product_cat-uzy-vape","15":"product_tag-buy-disposable-vape-online","16":"product_tag-disposable-vape-bulk-buy","17":"product_tag-disposable-vapor","18":"product_tag-uzy-60000-puff","19":"product_tag-uzy-60k-puff","20":"product_tag-wholesale-cheap-price","21":"desktop-align-left","22":"tablet-align-left","23":"mobile-align-left","25":"first","26":"instock","27":"sale","28":"shipping-taxable","29":"purchasable","30":"product-type-simple"},"acf":[],"uagb_featured_image_src":{"full":["https:\/\/vapestornado.com\/wp-content\/uploads\/2025\/09\/UZY-Triple-Flavor-60000-60K-Puffs-Disposable-Vape-BOx.webp",800,800,false],"thumbnail":["https:\/\/vapestornado.com\/wp-content\/uploads\/2025\/09\/UZY-Triple-Flavor-60000-60K-Puffs-Disposable-Vape-BOx-150x150.webp",150,150,true],"medium":["https:\/\/vapestornado.com\/wp-content\/uploads\/2025\/09\/UZY-Triple-Flavor-60000-60K-Puffs-Disposable-Vape-BOx-300x300.webp",300,300,true],"medium_large":["https:\/\/vapestornado.com\/wp-content\/uploads\/2025\/09\/UZY-Triple-Flavor-60000-60K-Puffs-Disposable-Vape-BOx-768x768.webp",768,768,true],"large":["https:\/\/vapestornado.com\/wp-content\/uploads\/2025\/09\/UZY-Triple-Flavor-60000-60K-Puffs-Disposable-Vape-BOx.webp",800,800,false],"1536x1536":["https:\/\/vapestornado.com\/wp-content\/uploads\/2025\/09\/UZY-Triple-Flavor-60000-60K-Puffs-Disposable-Vape-BOx.webp",800,800,false],"2048x2048":["https:\/\/vapestornado.com\/wp-content\/uploads\/2025\/09\/UZY-Triple-Flavor-60000-60K-Puffs-Disposable-Vape-BOx.webp",800,800,false],"trp-custom-language-flag":["https:\/\/vapestornado.com\/wp-content\/uploads\/2025\/09\/UZY-Triple-Flavor-60000-60K-Puffs-Disposable-Vape-BOx-12x12.webp",12,12,true],"woocommerce_thumbnail":["https:\/\/vapestornado.com\/wp-content\/uploads\/2025\/09\/UZY-Triple-Flavor-60000-60K-Puffs-Disposable-Vape-BOx-300x300.webp",300,300,true],"woocommerce_single":["https:\/\/vapestornado.com\/wp-content\/uploads\/2025\/09\/UZY-Triple-Flavor-60000-60K-Puffs-Disposable-Vape-BOx-600x600.webp",600,600,true],"woocommerce_gallery_thumbnail":["https:\/\/vapestornado.com\/wp-content\/uploads\/2025\/09\/UZY-Triple-Flavor-60000-60K-Puffs-Disposable-Vape-BOx-100x100.webp",100,100,true]},"uagb_author_info":{"display_name":"ESAMY","author_link":"https:\/\/vapestornado.com\/sl\/author\/"},"uagb_comment_info":1,"uagb_excerpt":"UZY 60000 Puff Disposable Vapor delivers 3-in-1 triple flavors, up to 60k puffs, and a smart LED display with 850mAh Type-C rechargeable battery. Ideal for bulk wholesale buyers in Europe looking for long-lasting performance at the best price. Add Amy's whatsapp to get right reply and discount price! WhatsApp: +86 17776015835","_links":{"self":[{"href":"https:\/\/vapestornado.com\/sl\/wp-json\/wp\/v2\/product\/4355","targetHints":{"allow":["GET"]}}],"collection":[{"href":"https:\/\/vapestornado.com\/sl\/wp-json\/wp\/v2\/product"}],"about":[{"href":"https:\/\/vapestornado.com\/sl\/wp-json\/wp\/v2\/types\/product"}],"replies":[{"embeddable":true,"href":"https:\/\/vapestornado.com\/sl\/wp-json\/wp\/v2\/comments?post=4355"}],"wp:featuredmedia":[{"embeddable":true,"href":"https:\/\/vapestornado.com\/sl\/wp-json\/wp\/v2\/media\/4353"}],"wp:attachment":[{"href":"https:\/\/vapestornado.com\/sl\/wp-json\/wp\/v2\/media?parent=4355"}],"wp:term":[{"taxonomy":"product_brand","embeddable":true,"href":"https:\/\/vapestornado.com\/sl\/wp-json\/wp\/v2\/product_brand?post=4355"},{"taxonomy":"product_cat","embeddable":true,"href":"https:\/\/vapestornado.com\/sl\/wp-json\/wp\/v2\/product_cat?post=4355"},{"taxonomy":"product_tag","embeddable":true,"href":"https:\/\/vapestornado.com\/sl\/wp-json\/wp\/v2\/product_tag?post=4355"}],"curies":[{"name":"wp","href":"https:\/\/api.w.org\/{rel}","templated":true}]}}