{"id":4339,"date":"2025-09-16T08:10:51","date_gmt":"2025-09-16T08:10:51","guid":{"rendered":"https:\/\/vapestornado.com\/?post_type=product&#038;p=4339"},"modified":"2025-09-16T09:18:02","modified_gmt":"2025-09-16T09:18:02","slug":"bang-leader-110k-110000-puffs-6-in-1-flavors-2-nicotine-disposable-vape-wholesale-price","status":"publish","type":"product","link":"https:\/\/vapestornado.com\/sl\/product\/bang-leader-110k-110000-puffs-6-in-1-flavors-2-nicotine-disposable-vape-wholesale-price\/","title":{"rendered":"Bang Leader 110k 110000 Vpihov 6 v 1 Okusi 2% Nikotinska Vape za Enkratno Uporabo Veleprodajna Cena"},"content":{"rendered":"<h2 data-pm-slice=\"1 1 []\">Bang Leader 110k 110000 Vpihov 6 v 1 Okusi 2% Nikotinska Vape za Enkratno Uporabo Veleprodajna Cena<\/h2>\n<p data-start=\"229\" data-end=\"623\"><strong data-start=\"273\" data-end=\"293\">Bang Leader 110K je<\/strong>\u00a0prava mo\u010d <strong data-start=\"308\" data-end=\"331\">vejp pero za enkratno uporabo<\/strong> zasnovana za zmogljivost in veleprodajno vrednost. Ta naprava, zasnovana z mislijo na evropski trg, zagotavlja ogromno <strong data-start=\"454\" data-end=\"471\">110.000 vdihov<\/strong>, ki jo poganja <strong data-start=\"486\" data-end=\"524\">650mAh Type-C polnilna baterija<\/strong> in podprta z <strong data-start=\"544\" data-end=\"563\">digitalni zaslon<\/strong> ki sledi nivojem olja in baterije za popoln nadzor.<\/p>\n<p data-start=\"625\" data-end=\"1060\">S <strong data-start=\"630\" data-end=\"656\">6-v-1 rotacija okusov<\/strong>, uporabniki u\u017eivajo v vrhunski izku\u0161nji vapinga \u2013 preklapljanje med \u017eivahnimi sadnimi me\u0161anicami in ledeno hladnimi vdihi brez me\u0161anja okusov. Podprto z <strong data-start=\"789\" data-end=\"818\">tehnologijo \u0161tirih mre\u017eastih grelnikov<\/strong>, vsak vdih je gladek, dosleden in zadovoljiv. The <strong data-start=\"873\" data-end=\"902\">mo\u017enosti nikotina 2% in 5%<\/strong> naj bo primeren tako za ob\u010dasne kot za zahtevne uporabnike, neposredno nagovarja uporabnike elektronskih cigaret, ki zahtevajo stil, mo\u010d in vzdr\u017eljivost.<\/p>\n<p data-start=\"1062\" data-end=\"1408\">Za veletrgovce <strong data-start=\"1083\" data-end=\"1110\">Bang Leader 110000 Vdihov<\/strong> ni le elektronska cigareta za enkratno uporabo \u2013 je najbolje prodajan izdelek z velikim povpra\u0161evanjem. Njegova <strong data-start=\"1185\" data-end=\"1203\">vrhunska oblika<\/strong>, visoko \u0161tevilo vdihov in uravnote\u017eeni okusi ustvarjajo visoke maloprodajne mar\u017ee in zmanj\u0161ujejo prito\u017ebe strank, zaradi \u010desar je idealna izbira za kupce, ki kupujejo na debelo in i\u0161\u010dejo <strong data-start=\"1355\" data-end=\"1395\">najbolj\u0161o veleprodajno ceno za vape za enkratno uporabo<\/strong> v Evropi.<\/p>\n<p><strong><span style=\"color: #ff0000;\">Dodajte Amy na WhatsApp in prejmite takoj\u0161en odgovor ter kupon za vape!<\/span><\/strong><\/p>\n<p><img fetchpriority=\"high\" decoding=\"async\" class=\"size-full wp-image-2932\" src=\"https:\/\/vapestornado.com\/wp-content\/uploads\/2024\/12\/Vape-Wholesale.jpg\" alt=\"Vape Veleprodaja\" width=\"229\" height=\"300\" \/><\/p>\n<h3><a href=\"https:\/\/wa.me\/8617776015835\" target=\"_blank\" rel=\"noopener\"><span style=\"color: #ff0000;\"><strong>WhatsApp: +386 17776015835<\/strong><\/span><\/a><\/h3>\n<p>&nbsp;<\/p>\n<h2><strong>Bang Leader 110k 110000 Vdihov Lastnosti izdelka<\/strong><\/h2>\n<p>Vdihov: 110000 Vdihov<br \/>\n6 v 1 \u0160tiri arome<br \/>\nVsebnost nikotina: 2%\/5%<br \/>\nBaterija: 650mah<br \/>\nMo\u017enost ponovnega polnjenja: Type-C<br \/>\nLED zaslon (pametni zaslon) za olje in baterijo<\/p>\n<h2 class=\"product-title\"><strong>Bang Leader 110k Vdihov Seznam okusov<\/strong><\/h2>\n<ol data-start=\"232\" data-end=\"874\">\n<li data-start=\"232\" data-end=\"298\">\n<p data-start=\"235\" data-end=\"298\"><strong data-start=\"235\" data-end=\"296\">Lubenica Led \/ Jagodna Mamba \/ Jagoda Lubenica<\/strong><\/p>\n<\/li>\n<li data-start=\"299\" data-end=\"351\">\n<p data-start=\"302\" data-end=\"351\"><strong data-start=\"302\" data-end=\"349\">Fuji Led \/ Jabolko Grozdje \/ \u010ce\u0161nja Granatno jabolko<\/strong><\/p>\n<\/li>\n<li data-start=\"352\" data-end=\"415\">\n<p data-start=\"355\" data-end=\"415\"><strong data-start=\"355\" data-end=\"413\">Borovnica Led \/ Malina Limona \/ Lubenica \u017dve\u010dilni gumi<\/strong><\/p>\n<\/li>\n<li data-start=\"416\" data-end=\"500\">\n<p data-start=\"419\" data-end=\"500\"><strong data-start=\"419\" data-end=\"498\">Borovnice Maline \/ Kisli Ananas Pomaran\u010de \/ Maline Lubenice<\/strong><\/p>\n<\/li>\n<li data-start=\"501\" data-end=\"556\">\n<p data-start=\"504\" data-end=\"556\"><strong data-start=\"504\" data-end=\"554\">Grozdje Led \/ Mango Breskev \/ Borovnica Lubenica<\/strong><\/p>\n<\/li>\n<li data-start=\"557\" data-end=\"621\">\n<p data-start=\"560\" data-end=\"621\"><strong data-start=\"560\" data-end=\"619\">Jagoda Led \/ Breskev Limona \/ Kivi Pasijonka Guava<\/strong><\/p>\n<\/li>\n<li data-start=\"622\" data-end=\"686\">\n<p data-start=\"625\" data-end=\"686\"><strong data-start=\"625\" data-end=\"684\">Ananas Kokos \/ Borovnica Red Bull \/ Lubenica Led<\/strong><\/p>\n<\/li>\n<li data-start=\"687\" data-end=\"745\">\n<p data-start=\"690\" data-end=\"745\"><strong data-start=\"690\" data-end=\"743\">Jagoda Kivi \/ Borovnica Kokos \/ Me\u0161ano jagodi\u010devje<\/strong><\/p>\n<\/li>\n<li data-start=\"746\" data-end=\"806\">\n<p data-start=\"749\" data-end=\"806\"><strong data-start=\"749\" data-end=\"804\">Limonska Romanca \/ Borovnica Malina \/ Breskev Mentol<\/strong><\/p>\n<\/li>\n<li data-start=\"807\" data-end=\"874\">\n<p data-start=\"811\" data-end=\"874\"><strong data-start=\"811\" data-end=\"872\">Breskev Led \/ \u010crni ribez Ananas Led \/ Zeleno jabolko Kivi<\/strong><\/p>\n<\/li>\n<\/ol>\n<div class=\"flex-shrink-0 flex flex-col relative items-end\">\n<div class=\"pt-0\">\n<div class=\"gizmo-bot-avatar flex h-8 w-8 items-center justify-center overflow-hidden rounded-full\">\n<div class=\"relative p-1 rounded-sm flex items-center justify-center bg-token-main-surface-primary text-token-text-primary h-8 w-8\">\n<figure id=\"attachment_4333\" aria-describedby=\"caption-attachment-4333\" style=\"width: 300px\" class=\"wp-caption alignnone\"><img decoding=\"async\" class=\"size-medium wp-image-4333\" src=\"https:\/\/vapestornado.com\/wp-content\/uploads\/2025\/09\/Bang-110k-110000-Puffs-Disposable-Vape-300x300.webp\" alt=\"Bang 110k 110000 Vdihov Elektronska cigareta za enkratno uporabo\" width=\"300\" height=\"300\" srcset=\"https:\/\/vapestornado.com\/wp-content\/uploads\/2025\/09\/Bang-110k-110000-Puffs-Disposable-Vape-300x300.webp 300w, https:\/\/vapestornado.com\/wp-content\/uploads\/2025\/09\/Bang-110k-110000-Puffs-Disposable-Vape-150x150.webp 150w, https:\/\/vapestornado.com\/wp-content\/uploads\/2025\/09\/Bang-110k-110000-Puffs-Disposable-Vape-768x768.webp 768w, https:\/\/vapestornado.com\/wp-content\/uploads\/2025\/09\/Bang-110k-110000-Puffs-Disposable-Vape-12x12.webp 12w, https:\/\/vapestornado.com\/wp-content\/uploads\/2025\/09\/Bang-110k-110000-Puffs-Disposable-Vape-600x600.webp 600w, https:\/\/vapestornado.com\/wp-content\/uploads\/2025\/09\/Bang-110k-110000-Puffs-Disposable-Vape-100x100.webp 100w, https:\/\/vapestornado.com\/wp-content\/uploads\/2025\/09\/Bang-110k-110000-Puffs-Disposable-Vape.webp 800w\" sizes=\"(max-width: 300px) 100vw, 300px\" \/><figcaption id=\"caption-attachment-4333\" class=\"wp-caption-text\">Bang 110k 110000 Vdihov Elektronska cigareta za enkratno uporabo<\/figcaption><\/figure>\n<h2 data-start=\"435\" data-end=\"491\"><strong data-start=\"439\" data-end=\"489\">Zakaj izbrati Bang Leader 110k Disposable Vape Pen?<\/strong><\/h2>\n<\/div>\n<ul data-start=\"276\" data-end=\"737\">\n<li data-start=\"276\" data-end=\"341\">\n<p data-start=\"278\" data-end=\"341\"><strong data-start=\"281\" data-end=\"298\">110.000 vdihov<\/strong> \u2013 izjemno dolgotrajna vape naprava za enkratno uporabo<\/p>\n<\/li>\n<li data-start=\"342\" data-end=\"424\">\n<p data-start=\"344\" data-end=\"424\"><strong data-start=\"347\" data-end=\"385\">650mAh Type-C polnilna baterija<\/strong> \u2013 u\u010dinkovita mo\u010d s hitrim polnjenjem<\/p>\n<\/li>\n<li data-start=\"425\" data-end=\"499\">\n<p data-start=\"427\" data-end=\"499\"><strong data-start=\"430\" data-end=\"455\">Pametni digitalni zaslon<\/strong> \u2013 prikazuje olje<\/p>\n<\/li>\n<li data-start=\"500\" data-end=\"578\">\n<p data-start=\"502\" data-end=\"578\"><strong data-start=\"505\" data-end=\"529\">6-v-1 oblika okusa<\/strong> \u2013 preklapljanje med \u0161estimi vrhunskimi me\u0161anicami, brez me\u0161anja<\/p>\n<\/li>\n<li data-start=\"579\" data-end=\"655\">\n<p data-start=\"581\" data-end=\"655\"><strong data-start=\"584\" data-end=\"611\">2% \/ 5% mo\u017enosti nikotina<\/strong> \u2013 prilagojeno za evropski mo\u0161ki trg starosti 25\u201335 let<\/p>\n<\/li>\n<li data-start=\"656\" data-end=\"737\">\n<p data-start=\"658\" data-end=\"737\"><strong data-start=\"660\" data-end=\"683\">Veleprodajna prednost<\/strong> \u2013 mo\u010dne mar\u017ee, ponavljajo\u010de se povpra\u0161evanje, nizka stopnja prito\u017eb<\/p>\n<\/li>\n<\/ul>\n<\/div>\n<\/div>\n<\/div>\n<div class=\"flex-shrink-0 flex flex-col relative items-end\">\n<div class=\"pt-0\">\n<div class=\"gizmo-bot-avatar flex h-8 w-8 items-center justify-center overflow-hidden rounded-full\">\n<div class=\"relative p-1 rounded-sm flex items-center justify-center bg-token-main-surface-primary text-token-text-primary h-8 w-8\">\n<h2 data-start=\"1200\" data-end=\"1487\">Kapaciteta 100K vpihov, mo\u017enost ponovnega polnjenja, ve\u010d okusov in vrhunski sistem grelnih glav<\/h2>\n<p data-start=\"1200\" data-end=\"1487\"><strong data-start=\"213\" data-end=\"248\">zagotavljajo odli\u010dno vrednost, zaradi \u010desar je zanesljiva izbira za trgovce na drobno, ki ciljajo na starostno skupino 25\u201335 let.<\/strong> Vapes Tornado \u2013 va\u0161e veleprodajno sredi\u0161\u010de za vrhunske blagovne znamke vape v Evropi <strong data-start=\"403\" data-end=\"431\">najbolj priljubljene blagovne znamke vape<\/strong>, vklju\u010dno z <strong data-start=\"443\" data-end=\"502\"><a href=\"https:\/\/vapestornado.com\/sl\/product\/buy-authentic-waspe-100000-puffs-low-nicotine-disposable-vape-pen-at-wholesale-price\/\">WASPE VAPE<\/a>BANGBOX VAPE <a href=\"https:\/\/vapestornado.com\/sl\/product\/vozol-gear-power-20k-20000-puffs-vape-rechargeable-disposable-box-bulk-buy-cheap-price\/\">VOZOL VAPE<\/a><\/strong><strong data-start=\"443\" data-end=\"502\">in <a href=\"https:\/\/vapestornado.com\/sl\/product-category\/fumot-vape\/\">FUMOT VAPE<\/a><\/strong>. Na\u0161a trgovina je zasnovana za posamezne stranke in kupce na debelo, saj ponuja zanesljive izdelke, ki zdru\u017eujejo mo\u010dno zmogljivost, eleganten dizajn in konkuren\u010dne cene.<\/p>\n<\/div>\n<\/div>\n<\/div>\n<\/div>","protected":false},"excerpt":{"rendered":"<p><strong data-start=\"108\" data-end=\"148\">Bang Leader 110K Vape pisalo za enkratno uporabo<\/strong> zagotavlja ogromno <strong data-start=\"168\" data-end=\"185\">110.000 vdihov<\/strong> z <strong data-start=\"193\" data-end=\"217\">6-v-1 sistem okusov<\/strong>, ki uporabnikom zagotavlja dolgotrajno raznolikost v vsaki napravi. Opremljen z <strong data-start=\"286\" data-end=\"324\">650mAh Type-C polnilna baterija<\/strong>, <strong data-start=\"326\" data-end=\"345\" data-is-only-node=\"\">digitalni zaslon<\/strong>in <strong data-start=\"351\" data-end=\"379\">2% ali 5% nikotinske mo\u017enosti<\/strong>, je zasnovan za gladek okus, zanesljivo delovanje in najve\u010djo vrednost. Popoln za veleprodajne kupce, ki i\u0161\u010dejo <strong data-start=\"497\" data-end=\"537\">najbolj\u0161o veleprodajno ceno za vape za enkratno uporabo<\/strong>.<\/p>\n<p><strong>Dodajte Amyin WhatsApp, da dobite pravi odgovor in ceno s popustom!<\/strong><\/p>\n<p><img fetchpriority=\"high\" decoding=\"async\" class=\"size-full wp-image-2932\" src=\"https:\/\/vapestornado.com\/wp-content\/uploads\/2024\/12\/Vape-Wholesale.jpg\" alt=\"Vape Veleprodaja\" width=\"229\" height=\"300\" \/><\/p>\n<h3><a href=\"https:\/\/wa.me\/8617776015835\"><span style=\"color: #ff0000;\"><strong>WhatsApp: +386 17776015835<\/strong><\/span><\/a><\/h3>","protected":false},"featured_media":4338,"comment_status":"open","ping_status":"closed","template":"","meta":{"_acf_changed":false,"_uag_custom_page_level_css":"","_lmt_disableupdate":"no","_lmt_disable":"","_monsterinsights_skip_tracking":false,"_monsterinsights_sitenote_active":false,"_monsterinsights_sitenote_note":"","_monsterinsights_sitenote_category":0,"site-sidebar-layout":"default","site-content-layout":"","ast-site-content-layout":"default","site-content-style":"default","site-sidebar-style":"default","ast-global-header-display":"","ast-banner-title-visibility":"","ast-main-header-display":"","ast-hfb-above-header-display":"","ast-hfb-below-header-display":"","ast-hfb-mobile-header-display":"","site-post-title":"","ast-breadcrumbs-content":"","ast-featured-img":"","footer-sml-layout":"","ast-disable-related-posts":"","theme-transparent-header-meta":"default","adv-header-id-meta":"","stick-header-meta":"","header-above-stick-meta":"","header-main-stick-meta":"","header-below-stick-meta":"","astra-migrate-meta-layouts":"set","ast-page-background-enabled":"default","ast-page-background-meta":{"desktop":{"background-color":"","background-image":"","background-repeat":"repeat","background-position":"center center","background-size":"auto","background-attachment":"scroll","background-type":"","background-media":"","overlay-type":"","overlay-color":"","overlay-opacity":"","overlay-gradient":""},"tablet":{"background-color":"","background-image":"","background-repeat":"repeat","background-position":"center center","background-size":"auto","background-attachment":"scroll","background-type":"","background-media":"","overlay-type":"","overlay-color":"","overlay-opacity":"","overlay-gradient":""},"mobile":{"background-color":"","background-image":"","background-repeat":"repeat","background-position":"center center","background-size":"auto","background-attachment":"scroll","background-type":"","background-media":"","overlay-type":"","overlay-color":"","overlay-opacity":"","overlay-gradient":""}},"ast-content-background-meta":{"desktop":{"background-color":"var(--ast-global-color-5)","background-image":"","background-repeat":"repeat","background-position":"center center","background-size":"auto","background-attachment":"scroll","background-type":"","background-media":"","overlay-type":"","overlay-color":"","overlay-opacity":"","overlay-gradient":""},"tablet":{"background-color":"var(--ast-global-color-5)","background-image":"","background-repeat":"repeat","background-position":"center center","background-size":"auto","background-attachment":"scroll","background-type":"","background-media":"","overlay-type":"","overlay-color":"","overlay-opacity":"","overlay-gradient":""},"mobile":{"background-color":"var(--ast-global-color-5)","background-image":"","background-repeat":"repeat","background-position":"center center","background-size":"auto","background-attachment":"scroll","background-type":"","background-media":"","overlay-type":"","overlay-color":"","overlay-opacity":"","overlay-gradient":""}},"_joinchat":{"telephone":"17776015835"}},"product_brand":[],"product_cat":[62,152,156,158,142,357,144,146],"product_tag":[360,358,196,355,359,354],"class_list":{"0":"post-4339","1":"product","2":"type-product","3":"status-publish","4":"has-post-thumbnail","6":"product_cat-bang-vape","7":"product_cat-buy-disposable-vapes-in-cermany","8":"product_cat-buy-disposable-vapes-in-poland","9":"product_cat-buy-disposable-vapes-in-spain","10":"product_cat-digital-box-disposable-vapes","11":"product_cat-flavor-adjustable-vape","12":"product_cat-low-nicotine-disposable-vapes","13":"product_cat-rechargeable-disposable-vapes","14":"product_tag-bang-leader-110000-puff","15":"product_tag-bang-leader-110k","16":"product_tag-bang-vape","17":"product_tag-big-puff-vape","18":"product_tag-cheapest-vape","19":"product_tag-flavor-adjustable-vape","20":"desktop-align-left","21":"tablet-align-left","22":"mobile-align-left","24":"first","25":"instock","26":"sale","27":"shipping-taxable","28":"purchasable","29":"product-type-simple"},"acf":[],"uagb_featured_image_src":{"full":["https:\/\/vapestornado.com\/wp-content\/uploads\/2025\/09\/Bang-Leader-110000-Puffs-110K-6-in-1-Flavors-Vape-Pen.webp",800,800,false],"thumbnail":["https:\/\/vapestornado.com\/wp-content\/uploads\/2025\/09\/Bang-Leader-110000-Puffs-110K-6-in-1-Flavors-Vape-Pen-150x150.webp",150,150,true],"medium":["https:\/\/vapestornado.com\/wp-content\/uploads\/2025\/09\/Bang-Leader-110000-Puffs-110K-6-in-1-Flavors-Vape-Pen-300x300.webp",300,300,true],"medium_large":["https:\/\/vapestornado.com\/wp-content\/uploads\/2025\/09\/Bang-Leader-110000-Puffs-110K-6-in-1-Flavors-Vape-Pen-768x768.webp",768,768,true],"large":["https:\/\/vapestornado.com\/wp-content\/uploads\/2025\/09\/Bang-Leader-110000-Puffs-110K-6-in-1-Flavors-Vape-Pen.webp",800,800,false],"1536x1536":["https:\/\/vapestornado.com\/wp-content\/uploads\/2025\/09\/Bang-Leader-110000-Puffs-110K-6-in-1-Flavors-Vape-Pen.webp",800,800,false],"2048x2048":["https:\/\/vapestornado.com\/wp-content\/uploads\/2025\/09\/Bang-Leader-110000-Puffs-110K-6-in-1-Flavors-Vape-Pen.webp",800,800,false],"trp-custom-language-flag":["https:\/\/vapestornado.com\/wp-content\/uploads\/2025\/09\/Bang-Leader-110000-Puffs-110K-6-in-1-Flavors-Vape-Pen-12x12.webp",12,12,true],"woocommerce_thumbnail":["https:\/\/vapestornado.com\/wp-content\/uploads\/2025\/09\/Bang-Leader-110000-Puffs-110K-6-in-1-Flavors-Vape-Pen-300x300.webp",300,300,true],"woocommerce_single":["https:\/\/vapestornado.com\/wp-content\/uploads\/2025\/09\/Bang-Leader-110000-Puffs-110K-6-in-1-Flavors-Vape-Pen-600x600.webp",600,600,true],"woocommerce_gallery_thumbnail":["https:\/\/vapestornado.com\/wp-content\/uploads\/2025\/09\/Bang-Leader-110000-Puffs-110K-6-in-1-Flavors-Vape-Pen-100x100.webp",100,100,true]},"uagb_author_info":{"display_name":"ESAMY","author_link":"https:\/\/vapestornado.com\/sl\/author\/"},"uagb_comment_info":0,"uagb_excerpt":"Bang Leader 110K Disposable Vape Pen delivers a massive 110,000 puffs with a 6-in-1 flavor system, giving users long-lasting variety in every device. Equipped with a 650mAh Type-C rechargeable battery, digital display, and 2% or 5% nicotin options, it\u2019s designed for smooth taste, reliable performance, and maximum value. Perfect for wholesale buyers looking for a&hellip;","_links":{"self":[{"href":"https:\/\/vapestornado.com\/sl\/wp-json\/wp\/v2\/product\/4339","targetHints":{"allow":["GET"]}}],"collection":[{"href":"https:\/\/vapestornado.com\/sl\/wp-json\/wp\/v2\/product"}],"about":[{"href":"https:\/\/vapestornado.com\/sl\/wp-json\/wp\/v2\/types\/product"}],"replies":[{"embeddable":true,"href":"https:\/\/vapestornado.com\/sl\/wp-json\/wp\/v2\/comments?post=4339"}],"wp:featuredmedia":[{"embeddable":true,"href":"https:\/\/vapestornado.com\/sl\/wp-json\/wp\/v2\/media\/4338"}],"wp:attachment":[{"href":"https:\/\/vapestornado.com\/sl\/wp-json\/wp\/v2\/media?parent=4339"}],"wp:term":[{"taxonomy":"product_brand","embeddable":true,"href":"https:\/\/vapestornado.com\/sl\/wp-json\/wp\/v2\/product_brand?post=4339"},{"taxonomy":"product_cat","embeddable":true,"href":"https:\/\/vapestornado.com\/sl\/wp-json\/wp\/v2\/product_cat?post=4339"},{"taxonomy":"product_tag","embeddable":true,"href":"https:\/\/vapestornado.com\/sl\/wp-json\/wp\/v2\/product_tag?post=4339"}],"curies":[{"name":"wp","href":"https:\/\/api.w.org\/{rel}","templated":true}]}}