{"id":4327,"date":"2025-09-03T09:16:53","date_gmt":"2025-09-03T09:16:53","guid":{"rendered":"https:\/\/vapestornado.com\/?post_type=product&#038;p=4327"},"modified":"2025-09-03T09:49:14","modified_gmt":"2025-09-03T09:49:14","slug":"uzy-100000-puff-100k-4-flavors-in-1-disposable-vape-best-wholesale-price-buy-online","status":"publish","type":"product","link":"https:\/\/vapestornado.com\/sl\/product\/uzy-100000-puff-100k-4-flavors-in-1-disposable-vape-best-wholesale-price-buy-online\/","title":{"rendered":"UZY 100000 vdihov 100K 4 okusi v 1 Vape za enkratno uporabo Najbolj\u0161a veleprodajna cena Kupite na spletu"},"content":{"rendered":"<h2 data-pm-slice=\"1 1 []\">UZY 100000 vdihov 100K 4 okusi v 1 Vape za enkratno uporabo Najbolj\u0161a veleprodajna cena Kupite na spletu<\/h2>\n<p data-start=\"340\" data-end=\"672\">The <strong data-start=\"344\" data-end=\"379\">UZY 100000 Puff Vape za enkratno uporabo<\/strong> (znan tudi kot <strong data-start=\"395\" data-end=\"407\">UZY 100K<\/strong>) je ustvarjen za vejpere, ki \u017eelijo <strong data-start=\"438\" data-end=\"493\">najve\u010djo kapaciteto, vrhunski okus in sodoben dizajn<\/strong> v eni napravi. Z neverjetno <strong data-start=\"528\" data-end=\"547\">kapaciteto 100K vdihov<\/strong> in <strong data-start=\"554\" data-end=\"576\">56 ml posodico za e-teko\u010dino<\/strong>, zlahka presega ve\u010dino vejpow za enkratno uporabo, kar ga naredi pametno izbiro za veletrgovce po vsej Evropi.<\/p>\n<h3 data-start=\"674\" data-end=\"702\">Tehnologija \u0161tirih okusov<\/h3>\n<p data-start=\"703\" data-end=\"953\">U\u017eivajte v <strong data-start=\"709\" data-end=\"743\">4 razli\u010dni okusi v 1 napravi<\/strong> brez me\u0161anja med komorami. Z ve\u010d kot <strong data-start=\"787\" data-end=\"820\">10 edinstvenimi kombinacijami okusov<\/strong>, od sadnih me\u0161anic, kot so <em data-start=\"846\" data-end=\"869\">Jagoda Lubenica<\/em> do drznih me\u0161anic, kot je <em data-start=\"889\" data-end=\"912\">Energijska pija\u010da<\/em>, je vsak vdih sve\u017e in druga\u010den.<\/p>\n<h3 data-start=\"955\" data-end=\"982\">Zasnovan za zmogljivost<\/h3>\n<p data-start=\"983\" data-end=\"1259\">Opremljen z <strong data-start=\"997\" data-end=\"1023\">\u0161tirikratnimi mre\u017eastimi grelci (1.0\u03a9)<\/strong>, UZY 100K vape pod za enkratno uporabo zagotavlja gladko paro in bogat okus pri vsakem vdihu. The <strong data-start=\"1095\" data-end=\"1133\">650mAh Type-C polnilna baterija<\/strong> podpira velikost rezervoarja, medtem ko <strong data-start=\"1174\" data-end=\"1195\">LED pametni zaslon<\/strong> prikazuje raven baterije in e-teko\u010dine v realnem \u010dasu za popoln nadzor.<\/p>\n<h3 data-start=\"1261\" data-end=\"1292\">Ve\u010d mo\u017enosti nikotina<\/h3>\n<p data-start=\"1293\" data-end=\"1503\">Izbirajte med <strong data-start=\"1305\" data-end=\"1344\">0%, 2%, 3% ali 5% vsebnostjo nikotina<\/strong>, ta komplet vape peresa za enkratno uporabo nudi prilagojeno izku\u0161njo tako prilo\u017enostnim uporabnikom kot kadilcem. The <strong data-start=\"1416\" data-end=\"1434\">kristalnem dizajnu<\/strong> doda vrhunski videz, hkrati pa ohranja napravo vzdr\u017eljivo in prenosno.<\/p>\n<p><strong><span style=\"color: #ff0000;\">Dodajte Amy na WhatsApp in prejmite takoj\u0161en odgovor ter kupon za vape!<\/span><\/strong><\/p>\n<p><img fetchpriority=\"high\" decoding=\"async\" class=\"size-full wp-image-2932\" src=\"https:\/\/vapestornado.com\/wp-content\/uploads\/2024\/12\/Vape-Wholesale.jpg\" alt=\"Vape Veleprodaja\" width=\"229\" height=\"300\" \/><\/p>\n<h3><a href=\"https:\/\/wa.me\/8617776015835\" target=\"_blank\" rel=\"noopener\"><span style=\"color: #ff0000;\"><strong>WhatsApp: +386 17776015835<\/strong><\/span><\/a><\/h3>\n<p>&nbsp;<\/p>\n<h2><strong>UZY 100000 Puff lastnosti izdelka<\/strong><\/h2>\n<p>Vpihi: 100000 vpihov<br \/>\n4 v 1 \u0160tirje okusi<br \/>\n\u0160tiri mre\u017easte tuljave: 1,0 ohm<br \/>\nE-teko\u010dina: 56 ml<br \/>\nMo\u010d nikotina: 0%\/2%\/3%\/5%<br \/>\nBaterija: 650mah<br \/>\nMo\u017enost ponovnega polnjenja: Type-C<br \/>\nLED zaslon (pametni zaslon) za olje in baterijo<br \/>\nKRISTALNI DIZAJN<br \/>\nTe\u017ea izdelka: 140 g\/kos<br \/>\nKOLI\u010cINA: 120 kosov\/karton, 10 kosov\/\u0161katla<\/p>\n<figure id=\"attachment_4325\" aria-describedby=\"caption-attachment-4325\" style=\"width: 300px\" class=\"wp-caption alignnone\"><img decoding=\"async\" class=\"size-medium wp-image-4325\" src=\"https:\/\/vapestornado.com\/wp-content\/uploads\/2025\/09\/UZY-100K-100000-Puffs-4-in-1-Cheap-Vapes-300x300.webp\" alt=\"UZY 100K 100000 Puffs 4 v 1 poceni vape\" width=\"300\" height=\"300\" srcset=\"https:\/\/vapestornado.com\/wp-content\/uploads\/2025\/09\/UZY-100K-100000-Puffs-4-in-1-Cheap-Vapes-300x300.webp 300w, https:\/\/vapestornado.com\/wp-content\/uploads\/2025\/09\/UZY-100K-100000-Puffs-4-in-1-Cheap-Vapes-150x150.webp 150w, https:\/\/vapestornado.com\/wp-content\/uploads\/2025\/09\/UZY-100K-100000-Puffs-4-in-1-Cheap-Vapes-768x768.webp 768w, https:\/\/vapestornado.com\/wp-content\/uploads\/2025\/09\/UZY-100K-100000-Puffs-4-in-1-Cheap-Vapes-12x12.webp 12w, https:\/\/vapestornado.com\/wp-content\/uploads\/2025\/09\/UZY-100K-100000-Puffs-4-in-1-Cheap-Vapes-600x600.webp 600w, https:\/\/vapestornado.com\/wp-content\/uploads\/2025\/09\/UZY-100K-100000-Puffs-4-in-1-Cheap-Vapes-100x100.webp 100w, https:\/\/vapestornado.com\/wp-content\/uploads\/2025\/09\/UZY-100K-100000-Puffs-4-in-1-Cheap-Vapes.webp 800w\" sizes=\"(max-width: 300px) 100vw, 300px\" \/><figcaption id=\"caption-attachment-4325\" class=\"wp-caption-text\">UZY 100K 100000 Puffs 4 v 1 poceni vape<\/figcaption><\/figure>\n<h2 class=\"product-title\"><strong>UZY 100000 Puff Seznam okusov<\/strong><\/h2>\n<p>01.Jagoda Lubenica<\/p>\n<p>02.Breskev Led<\/p>\n<p>03.Borovnica Led<\/p>\n<p>04.\u010ce\u0161nja Led<\/p>\n<p>05.Borovnica Led<\/p>\n<p>06.Breskev Mango Ananas<\/p>\n<p>07.Me\u0161ano jagodi\u010devje<\/p>\n<p>08.Jagodni led<\/p>\n<p>09.Ledena lubenica<\/p>\n<p>10.Jagoda Mango<\/p>\n<div class=\"flex-shrink-0 flex flex-col relative items-end\">\n<div class=\"pt-0\">\n<div class=\"gizmo-bot-avatar flex h-8 w-8 items-center justify-center overflow-hidden rounded-full\">\n<div class=\"relative p-1 rounded-sm flex items-center justify-center bg-token-main-surface-primary text-token-text-primary h-8 w-8\">\n<h2 data-start=\"435\" data-end=\"491\"><\/h2>\n<h2 data-start=\"435\" data-end=\"491\"><strong data-start=\"439\" data-end=\"489\">Zakaj izbrati UZY 100000 Pufov Vape za enkratno uporabo?<\/strong><\/h2>\n<\/div>\n<ul>\n<li data-start=\"1546\" data-end=\"1620\">\n<p data-start=\"1548\" data-end=\"1620\"><strong data-start=\"1548\" data-end=\"1580\">Neprekosljiva \u017eivljenjska doba 100K pufov<\/strong> \u2013 5x dalj\u0161a od standardnih vapov za enkratno uporabo<\/p>\n<\/li>\n<li data-start=\"1621\" data-end=\"1672\">\n<p data-start=\"1623\" data-end=\"1672\"><strong data-start=\"1623\" data-end=\"1649\">Prava lo\u010ditev okusov<\/strong> \u2013 brez ne\u017eelenega me\u0161anja<\/p>\n<\/li>\n<li data-start=\"1673\" data-end=\"1738\">\n<p data-start=\"1675\" data-end=\"1738\"><strong data-start=\"1675\" data-end=\"1697\">Vrhunske komponente<\/strong> \u2013 manj prito\u017eb, ve\u010d stalnih kupcev<\/p>\n<\/li>\n<li data-start=\"1739\" data-end=\"1809\">\n<p data-start=\"1741\" data-end=\"1809\"><strong data-start=\"1741\" data-end=\"1763\">Veliko povpra\u0161evanje na trgu<\/strong> \u2013 visoke mar\u017ee pri nadaljnji prodaji po dr\u017eavah EU<\/p>\n<\/li>\n<\/ul>\n<\/div>\n<\/div>\n<\/div>\n<div class=\"flex-shrink-0 flex flex-col relative items-end\">\n<div class=\"pt-0\">\n<div class=\"gizmo-bot-avatar flex h-8 w-8 items-center justify-center overflow-hidden rounded-full\">\n<div class=\"relative p-1 rounded-sm flex items-center justify-center bg-token-main-surface-primary text-token-text-primary h-8 w-8\">\n<h2 data-start=\"1200\" data-end=\"1487\">Kapaciteta 100K vpihov, mo\u017enost ponovnega polnjenja, ve\u010d okusov in vrhunski sistem grelnih glav<\/h2>\n<p data-start=\"1200\" data-end=\"1487\"><strong data-start=\"213\" data-end=\"248\">zagotavljajo odli\u010dno vrednost, zaradi \u010desar je zanesljiva izbira za trgovce na drobno, ki ciljajo na starostno skupino 25\u201335 let.<\/strong> Vapes Tornado \u2013 va\u0161e veleprodajno sredi\u0161\u010de za vrhunske blagovne znamke vape v Evropi <strong data-start=\"403\" data-end=\"431\">najbolj priljubljene blagovne znamke vape<\/strong>, vklju\u010dno z <strong data-start=\"443\" data-end=\"502\"><a href=\"https:\/\/vapestornado.com\/sl\/product-category\/aivono-vape\/\">AIVONO VAPE<\/a>BANGBOX VAPE <a href=\"https:\/\/vapestornado.com\/sl\/product-category\/elf-bar-vape\/\">ELF BAR Vape<\/a>in <a href=\"https:\/\/vapestornado.com\/sl\/product-category\/fumot-vape\/\">FUMOT VAPE<\/a><\/strong>. Na\u0161a trgovina je zasnovana za posamezne stranke in kupce na debelo, saj ponuja zanesljive izdelke, ki zdru\u017eujejo mo\u010dno zmogljivost, eleganten dizajn in konkuren\u010dne cene.<\/p>\n<\/div>\n<\/div>\n<\/div>\n<\/div>","protected":false},"excerpt":{"rendered":"<p data-start=\"274\" data-end=\"349\"><strong data-start=\"274\" data-end=\"347\">UZY 100000 Puff 100K Vape za enkratno uporabo, 35000 vdihov, veleprodaja v Evropi<\/strong><\/p>\n<p data-start=\"353\" data-end=\"426\"><strong data-start=\"353\" data-end=\"424\">UZY 100000 Puff 100K Vape za enkratno uporabo z digitalnim zaslonom<\/strong><\/p>\n<p data-start=\"430\" data-end=\"494\"><strong data-start=\"430\" data-end=\"492\">Kupite UZY 100000 Puff 100K Vape na spletu \u2013 najbolj\u0161a cena s popustom<\/strong><\/p>\n<p><strong>Dodajte Amyin WhatsApp, da dobite pravi odgovor in ceno s popustom!<\/strong><\/p>\n<p><img fetchpriority=\"high\" decoding=\"async\" class=\"size-full wp-image-2932\" src=\"https:\/\/vapestornado.com\/wp-content\/uploads\/2024\/12\/Vape-Wholesale.jpg\" alt=\"Vape Veleprodaja\" width=\"229\" height=\"300\" \/><\/p>\n<h3><a href=\"https:\/\/wa.me\/8617776015835\"><span style=\"color: #ff0000;\"><strong>WhatsApp: +386 17776015835<\/strong><\/span><\/a><\/h3>\n<p>&nbsp;<\/p>","protected":false},"featured_media":4323,"comment_status":"open","ping_status":"closed","template":"","meta":{"_acf_changed":false,"_uag_custom_page_level_css":"","_lmt_disableupdate":"no","_lmt_disable":"","_monsterinsights_skip_tracking":false,"_monsterinsights_sitenote_active":false,"_monsterinsights_sitenote_note":"","_monsterinsights_sitenote_category":0,"site-sidebar-layout":"default","site-content-layout":"","ast-site-content-layout":"default","site-content-style":"default","site-sidebar-style":"default","ast-global-header-display":"","ast-banner-title-visibility":"","ast-main-header-display":"","ast-hfb-above-header-display":"","ast-hfb-below-header-display":"","ast-hfb-mobile-header-display":"","site-post-title":"","ast-breadcrumbs-content":"","ast-featured-img":"","footer-sml-layout":"","ast-disable-related-posts":"","theme-transparent-header-meta":"default","adv-header-id-meta":"","stick-header-meta":"","header-above-stick-meta":"","header-main-stick-meta":"","header-below-stick-meta":"","astra-migrate-meta-layouts":"set","ast-page-background-enabled":"default","ast-page-background-meta":{"desktop":{"background-color":"","background-image":"","background-repeat":"repeat","background-position":"center center","background-size":"auto","background-attachment":"scroll","background-type":"","background-media":"","overlay-type":"","overlay-color":"","overlay-opacity":"","overlay-gradient":""},"tablet":{"background-color":"","background-image":"","background-repeat":"repeat","background-position":"center center","background-size":"auto","background-attachment":"scroll","background-type":"","background-media":"","overlay-type":"","overlay-color":"","overlay-opacity":"","overlay-gradient":""},"mobile":{"background-color":"","background-image":"","background-repeat":"repeat","background-position":"center center","background-size":"auto","background-attachment":"scroll","background-type":"","background-media":"","overlay-type":"","overlay-color":"","overlay-opacity":"","overlay-gradient":""}},"ast-content-background-meta":{"desktop":{"background-color":"var(--ast-global-color-5)","background-image":"","background-repeat":"repeat","background-position":"center center","background-size":"auto","background-attachment":"scroll","background-type":"","background-media":"","overlay-type":"","overlay-color":"","overlay-opacity":"","overlay-gradient":""},"tablet":{"background-color":"var(--ast-global-color-5)","background-image":"","background-repeat":"repeat","background-position":"center center","background-size":"auto","background-attachment":"scroll","background-type":"","background-media":"","overlay-type":"","overlay-color":"","overlay-opacity":"","overlay-gradient":""},"mobile":{"background-color":"var(--ast-global-color-5)","background-image":"","background-repeat":"repeat","background-position":"center center","background-size":"auto","background-attachment":"scroll","background-type":"","background-media":"","overlay-type":"","overlay-color":"","overlay-opacity":"","overlay-gradient":""}},"_joinchat":{"telephone":"17776015835"}},"product_brand":[],"product_cat":[346,152,153,156,158,142,357,146,356,171,60],"product_tag":[355,354,350,351,352,353],"class_list":{"0":"post-4327","1":"product","2":"type-product","3":"status-publish","4":"has-post-thumbnail","6":"product_cat-100000-puff","7":"product_cat-buy-disposable-vapes-in-cermany","8":"product_cat-buy-disposable-vapes-in-italy","9":"product_cat-buy-disposable-vapes-in-poland","10":"product_cat-buy-disposable-vapes-in-spain","11":"product_cat-digital-box-disposable-vapes","12":"product_cat-flavor-adjustable-vape","13":"product_cat-rechargeable-disposable-vapes","14":"product_cat-uzy-vape","15":"product_cat-vapsolo-disposable-vapes","16":"product_cat-waspe-fihp-vape","17":"product_tag-big-puff-vape","18":"product_tag-flavor-adjustable-vape","19":"product_tag-four-flavor-disposable-vape","20":"product_tag-uzy-100000-puff","21":"product_tag-uzy-100k","22":"product_tag-uzy-100k-4-in-1","23":"desktop-align-left","24":"tablet-align-left","25":"mobile-align-left","27":"first","28":"instock","29":"sale","30":"shipping-taxable","31":"purchasable","32":"product-type-simple"},"acf":[],"uagb_featured_image_src":{"full":["https:\/\/vapestornado.com\/wp-content\/uploads\/2025\/09\/UZY-100K-100000-Puff-Bulk-Buy-Vape-Online.webp",800,800,false],"thumbnail":["https:\/\/vapestornado.com\/wp-content\/uploads\/2025\/09\/UZY-100K-100000-Puff-Bulk-Buy-Vape-Online-150x150.webp",150,150,true],"medium":["https:\/\/vapestornado.com\/wp-content\/uploads\/2025\/09\/UZY-100K-100000-Puff-Bulk-Buy-Vape-Online-300x300.webp",300,300,true],"medium_large":["https:\/\/vapestornado.com\/wp-content\/uploads\/2025\/09\/UZY-100K-100000-Puff-Bulk-Buy-Vape-Online-768x768.webp",768,768,true],"large":["https:\/\/vapestornado.com\/wp-content\/uploads\/2025\/09\/UZY-100K-100000-Puff-Bulk-Buy-Vape-Online.webp",800,800,false],"1536x1536":["https:\/\/vapestornado.com\/wp-content\/uploads\/2025\/09\/UZY-100K-100000-Puff-Bulk-Buy-Vape-Online.webp",800,800,false],"2048x2048":["https:\/\/vapestornado.com\/wp-content\/uploads\/2025\/09\/UZY-100K-100000-Puff-Bulk-Buy-Vape-Online.webp",800,800,false],"trp-custom-language-flag":["https:\/\/vapestornado.com\/wp-content\/uploads\/2025\/09\/UZY-100K-100000-Puff-Bulk-Buy-Vape-Online-12x12.webp",12,12,true],"woocommerce_thumbnail":["https:\/\/vapestornado.com\/wp-content\/uploads\/2025\/09\/UZY-100K-100000-Puff-Bulk-Buy-Vape-Online-300x300.webp",300,300,true],"woocommerce_single":["https:\/\/vapestornado.com\/wp-content\/uploads\/2025\/09\/UZY-100K-100000-Puff-Bulk-Buy-Vape-Online-600x600.webp",600,600,true],"woocommerce_gallery_thumbnail":["https:\/\/vapestornado.com\/wp-content\/uploads\/2025\/09\/UZY-100K-100000-Puff-Bulk-Buy-Vape-Online-100x100.webp",100,100,true]},"uagb_author_info":{"display_name":"ESAMY","author_link":"https:\/\/vapestornado.com\/sl\/author\/"},"uagb_comment_info":1,"uagb_excerpt":"UZY 100000 Puff 100K Disposable Vape 35000 Puffs Wholesale in Europe UZY 100000 Puff 100K Disposable Vape with Digital Display &amp; Rechargeable Battery Buy UZY 100000 Puff 100K Puff Vape Online \u2013 Best Discount Price Add Amy's whatsapp to get right reply and discount price! WhatsApp: +86 17776015835 &nbsp;","_links":{"self":[{"href":"https:\/\/vapestornado.com\/sl\/wp-json\/wp\/v2\/product\/4327","targetHints":{"allow":["GET"]}}],"collection":[{"href":"https:\/\/vapestornado.com\/sl\/wp-json\/wp\/v2\/product"}],"about":[{"href":"https:\/\/vapestornado.com\/sl\/wp-json\/wp\/v2\/types\/product"}],"replies":[{"embeddable":true,"href":"https:\/\/vapestornado.com\/sl\/wp-json\/wp\/v2\/comments?post=4327"}],"wp:featuredmedia":[{"embeddable":true,"href":"https:\/\/vapestornado.com\/sl\/wp-json\/wp\/v2\/media\/4323"}],"wp:attachment":[{"href":"https:\/\/vapestornado.com\/sl\/wp-json\/wp\/v2\/media?parent=4327"}],"wp:term":[{"taxonomy":"product_brand","embeddable":true,"href":"https:\/\/vapestornado.com\/sl\/wp-json\/wp\/v2\/product_brand?post=4327"},{"taxonomy":"product_cat","embeddable":true,"href":"https:\/\/vapestornado.com\/sl\/wp-json\/wp\/v2\/product_cat?post=4327"},{"taxonomy":"product_tag","embeddable":true,"href":"https:\/\/vapestornado.com\/sl\/wp-json\/wp\/v2\/product_tag?post=4327"}],"curies":[{"name":"wp","href":"https:\/\/api.w.org\/{rel}","templated":true}]}}