{"id":4312,"date":"2025-08-28T08:42:28","date_gmt":"2025-08-28T08:42:28","guid":{"rendered":"https:\/\/vapestornado.com\/?post_type=product&#038;p=4312"},"modified":"2025-08-28T09:33:49","modified_gmt":"2025-08-28T09:33:49","slug":"original-wga-ultra-35k-35000-puff-rechargeable-crystal-disposable-nicotine-vape-best-discount-price","status":"publish","type":"product","link":"https:\/\/vapestornado.com\/sl\/product\/original-wga-ultra-35k-35000-puff-rechargeable-crystal-disposable-nicotine-vape-best-discount-price\/","title":{"rendered":"Original WGA ULTRA 35k 35000 Vpihov Polnilna Kristalna Nikotinska Vape za Enkratno Uporabo Najbolj\u0161a Cena s Popustom"},"content":{"rendered":"<h1 data-pm-slice=\"1 1 []\">Original WGA ULTRA 35k 35000 Vpihov Polnilna Kristalna Nikotinska Vape za Enkratno Uporabo Najbolj\u0161a Cena s Popustom<\/h1>\n<p data-start=\"361\" data-end=\"697\">The <strong data-start=\"425\" data-end=\"466\">WGA Ultra 35k Vape za enkratno uporabo<\/strong> postavlja nov standard za dolgotrajno delovanje in gladek okus v industriji vapinga. Ta zmogljiv izdelek zagotavlja do <strong data-start=\"519\" data-end=\"535\">35.000 vpihih<\/strong>, zaradi \u010desar je eden najtrpe\u017enej\u0161ih vapeov za enkratno uporabo v svoji kategoriji. S popolno velikostjo 108*48*23,6 mm zdru\u017euje stil in prakti\u010dnost za vsakodnevno uporabo.<\/p>\n<h3 data-start=\"699\" data-end=\"741\">35.000 Vpihov, podprtih s 35 mL e-teko\u010dine<\/h3>\n<p data-start=\"742\" data-end=\"1051\">Za razliko od manj\u0161ih izdelkov za enkratno uporabo, ima WGA 35k Vape za enkratno uporabo velikodu\u0161nih <strong data-start=\"817\" data-end=\"847\">35 mL predhodno napolnjene e-teko\u010dine<\/strong>, ki zagotavlja, da je vsaka seja polna okusa. Ne glede na to, ali imate raje mo\u010dan nikotinski udarec ali bolj gladek poteg, je na voljo v <strong data-start=\"969\" data-end=\"998\">2% in 5% nikotinskih mo\u017enostih<\/strong>, kar vam omogo\u010da, da izberete, kaj ustreza va\u0161emu \u017eivljenjskemu slogu.<\/p>\n<h3 data-start=\"1053\" data-end=\"1089\">Polnilna mo\u010d s Type-C<\/h3>\n<p data-start=\"1090\" data-end=\"1396\">Znotraj te kompaktne zasnove je <strong data-start=\"1122\" data-end=\"1153\">550mAh polnilna baterija<\/strong> podprto z <strong data-start=\"1167\" data-end=\"1186\">polnjenje tipa C<\/strong>, ki zagotavlja hitro polnjenje z minimalnimi prekinitvami. Za razliko od obi\u010dajnih izdelkov za enkratno uporabo, ki se kon\u010dajo, ko baterija oslabi, vam ta naprava ponuja najbolj\u0161e iz obeh svetov: priro\u010dnost za enkratno uporabo s polnilno u\u010dinkovitostjo.<\/p>\n<h3 data-start=\"1398\" data-end=\"1425\">Pametni digitalni zaslon<\/h3>\n<p data-start=\"1426\" data-end=\"1715\">Ni\u010d ve\u010d ugibanja. The <strong data-start=\"1448\" data-end=\"1467\">digitalni zaslon<\/strong> jasno prikazuje va\u0161 <strong data-start=\"1487\" data-end=\"1529\">odstotek baterije in nivoje e-teko\u010dine<\/strong>, tako da imate nadzor na vsakem koraku. Zaradi tega je WGA Ultra 35k \u0161e posebej privla\u010den za mo\u0161ke, ki \u017eelijo zanesljivo in preprosto napravo brez te\u017eav z negotovostjo.<\/p>\n<h3 data-start=\"1717\" data-end=\"1756\">Dvojna mre\u017easta tuljava za maksimalen okus<\/h3>\n<p data-start=\"1757\" data-end=\"1990\">Vgrajeni <strong data-start=\"1770\" data-end=\"1788\">dvojna mre\u017easta tuljava<\/strong> izbolj\u0161a vsak vdih, proizvaja goste oblake pare in mo\u010dan, dosleden okus. Ne glede na to, ali u\u017eivate v sadnih me\u0161anicah ali ledenih klasikah, tuljava zagotavlja gladko delovanje brez ostrih ali za\u017eganih vpihov.<\/p>\n<h3 data-start=\"1992\" data-end=\"2019\">30 okusov za raziskovanje<\/h3>\n<p data-start=\"2020\" data-end=\"2342\">S <strong data-start=\"2025\" data-end=\"2048\">30 vznemirljivih okusov<\/strong>, WGA Crystal Ultra 35k ima nekaj za vsako brbon\u010dico. Priljubljene izbire vklju\u010dujejo <strong data-start=\"2130\" data-end=\"2206\">Borovnica Malina, Cola Ice, Red Bull, Mojito, Cactus Ice, Peach Kiss,<\/strong> in <strong data-start=\"2211\" data-end=\"2231\">Led zmajevega sadja<\/strong>. Od osve\u017eilne mete do drznih me\u0161anic sode, ta vape je zasnovan tako, da zadovolji \u0161irok spekter slovenskih okusov.<\/p>\n<p><strong><span style=\"color: #ff0000;\">Dodajte Amy na WhatsApp in prejmite takoj\u0161en odgovor ter kupon za vape!<\/span><\/strong><\/p>\n<p><img fetchpriority=\"high\" decoding=\"async\" class=\"size-full wp-image-2932\" src=\"https:\/\/vapestornado.com\/wp-content\/uploads\/2024\/12\/Vape-Wholesale.jpg\" alt=\"Vape Veleprodaja\" width=\"229\" height=\"300\" \/><\/p>\n<h3><a href=\"https:\/\/wa.me\/8617776015835\" target=\"_blank\" rel=\"noopener\"><span style=\"color: #ff0000;\"><strong>WhatsApp: +386 17776015835<\/strong><\/span><\/a><\/h3>\n<p>&nbsp;<\/p>\n<h2><strong>Lastnosti izdelka WGA ULTRA 35k<\/strong><\/h2>\n<p>&nbsp;<\/p>\n<p>Vpih : 35000 vpihov<br \/>\nE-teko\u010dina : 35 ml<br \/>\nMo\u010d nikotina : 2%\/5%<br \/>\nBaterija : 550 mAh s Type C mo\u017enostjo polnjenja<br \/>\nDigitalni zaslon za olje in e-sok<br \/>\nDvojna Mre\u017easta Tuljava<br \/>\nVelikost izdelka: 108*48*23,6 mm<\/p>\n<figure id=\"attachment_4307\" aria-describedby=\"caption-attachment-4307\" style=\"width: 300px\" class=\"wp-caption alignnone\"><img decoding=\"async\" class=\"size-medium wp-image-4307\" src=\"https:\/\/vapestornado.com\/wp-content\/uploads\/2025\/08\/WGA-35K-Ultra-35000-Puffs-Rechargeable-Disposable-Vape-300x300.webp\" alt=\"WGA Ultra 35K 35000 Vpihov Polnilna Vape za enkratno uporabo\" width=\"300\" height=\"300\" srcset=\"https:\/\/vapestornado.com\/wp-content\/uploads\/2025\/08\/WGA-35K-Ultra-35000-Puffs-Rechargeable-Disposable-Vape-300x300.webp 300w, https:\/\/vapestornado.com\/wp-content\/uploads\/2025\/08\/WGA-35K-Ultra-35000-Puffs-Rechargeable-Disposable-Vape-150x150.webp 150w, https:\/\/vapestornado.com\/wp-content\/uploads\/2025\/08\/WGA-35K-Ultra-35000-Puffs-Rechargeable-Disposable-Vape-768x768.webp 768w, https:\/\/vapestornado.com\/wp-content\/uploads\/2025\/08\/WGA-35K-Ultra-35000-Puffs-Rechargeable-Disposable-Vape-12x12.webp 12w, https:\/\/vapestornado.com\/wp-content\/uploads\/2025\/08\/WGA-35K-Ultra-35000-Puffs-Rechargeable-Disposable-Vape-600x600.webp 600w, https:\/\/vapestornado.com\/wp-content\/uploads\/2025\/08\/WGA-35K-Ultra-35000-Puffs-Rechargeable-Disposable-Vape-100x100.webp 100w, https:\/\/vapestornado.com\/wp-content\/uploads\/2025\/08\/WGA-35K-Ultra-35000-Puffs-Rechargeable-Disposable-Vape.webp 800w\" sizes=\"(max-width: 300px) 100vw, 300px\" \/><figcaption id=\"caption-attachment-4307\" class=\"wp-caption-text\">WGA Ultra 35K 35000 Vpihov Polnilna Vape za enkratno uporabo<\/figcaption><\/figure>\n<h2 class=\"product-title\"><strong>Seznam okusov WGA Crystal ULTRA 35k<\/strong><\/h2>\n<p>1. Borovnica Malina<br \/>\n2. Cola Led<br \/>\n3. Dvojno Jabolko<br \/>\n4. Fanta<br \/>\n5. Red Bull<br \/>\n6. Jagoda Led<br \/>\n7. Grozdje Led<br \/>\n8. Limona Limeta<br \/>\n9. Lubenica Led<br \/>\n10. Sve\u017ea Meta<br \/>\n11. Jagoda Kiwi<br \/>\n12. Kivi Pasijonka Guava<br \/>\n13. Gospod Modri<br \/>\n14. Roza Limonada<br \/>\n15. WGA \u010caj (leden \u010drni \u010daj)<br \/>\n16. Breskov Poljub<br \/>\n17. Li\u010di Meta<br \/>\n18. Soda iz \u010crnega Ribeza<br \/>\n19. Kisla Jabolka Limona<br \/>\n20. Me\u0161ano Jagodi\u010devje<br \/>\n21. Kaktus Kivi<br \/>\n22. Kaktus Led<br \/>\n23. Zmajevo Sadje Led<br \/>\n24. \u010ce\u0161njeva kola<br \/>\n25. Jagoda Redbull<br \/>\n26. Jagoda Lubenica<br \/>\n27. Jager Red Energy<br \/>\n28. Mojito<br \/>\n29. Zeleno Jabolko<br \/>\n30. Mad Blue Ice<\/p>\n<p>&nbsp;<\/p>\n<article class=\"w-full text-token-text-primary focus-visible:outline-2 focus-visible:outline-offset-[-4px]\" dir=\"auto\" data-testid=\"conversation-turn-32\" data-scroll-anchor=\"false\">\n<div class=\"m-auto text-base py-[18px] px-6\">\n<div class=\"mx-auto flex flex-1 text-base gap-4 md:gap-5 lg:gap-6 md:max-w-3xl lg:max-w-[40rem] xl:max-w-[48rem]\">\n<div class=\"group\/conversation-turn relative flex w-full min-w-0 flex-col @xs\/thread:px-0 @sm\/thread:px-1.5 @md\/thread:px-4\">\n<div class=\"flex-col gap-1 md:gap-3\">\n<div class=\"flex max-w-full flex-col flex-grow\">\n<div class=\"min-h-8 text-message flex w-full flex-col items-end gap-2 whitespace-normal break-words text-start [.text-message+&amp;]:mt-5\" dir=\"auto\" data-message-author-role=\"user\" data-message-id=\"ffac41ca-1db4-431b-873a-32c4052956f1\">\n<div class=\"flex w-full flex-col gap-1 empty:hidden items-end rtl:items-start\">\n<div class=\"relative max-w-[var(--user-chat-width,70%)] rounded-3xl bg-token-message-surface px-5 py-2.5\">\n<div class=\"absolute bottom-0 right-full top-0 -mr-3.5 hidden pr-5 pt-2 [.group\/conversation-turn:hover_&amp;]:flex\">\n<div class=\"flex\">\n<article class=\"w-full text-token-text-primary focus-visible:outline-2 focus-visible:outline-offset-[-4px]\" dir=\"auto\" data-testid=\"conversation-turn-39\" data-scroll-anchor=\"true\">\n<div class=\"m-auto text-base py-[18px] px-6\">\n<div class=\"mx-auto flex flex-1 text-base gap-4 md:gap-5 lg:gap-6 md:max-w-3xl lg:max-w-[40rem] xl:max-w-[48rem]\">\n<div class=\"group\/conversation-turn relative flex w-full min-w-0 flex-col agent-turn @xs\/thread:px-0 @sm\/thread:px-1.5 @md\/thread:px-4\">\n<div class=\"flex-col gap-1 md:gap-3\">\n<div class=\"flex max-w-full flex-col flex-grow\">\n<div class=\"min-h-8 text-message flex w-full flex-col items-end gap-2 whitespace-normal break-words text-start [.text-message+&amp;]:mt-5\" dir=\"auto\" data-message-author-role=\"assistant\" data-message-id=\"55a23854-ec57-48dd-bd4f-6118f43d6241\" data-message-model-slug=\"gpt-4o\">\n<div class=\"flex w-full flex-col gap-1 empty:hidden first:pt-[3px]\">\n<div class=\"markdown prose w-full break-words dark:prose-invert light\"><\/div>\n<\/div>\n<\/div>\n<\/div>\n<\/div>\n<\/div>\n<\/div>\n<\/div>\n<\/article>\n<\/div>\n<\/div>\n<\/div>\n<\/div>\n<\/div>\n<\/div>\n<\/div>\n<\/div>\n<\/div>\n<\/div>\n<\/article>\n<h2>Zakaj izbrati WGA ULTRA 35k Vape?<\/h2>\n<div class=\"flex-shrink-0 flex flex-col relative items-end\">\n<div class=\"pt-0\">\n<div class=\"gizmo-bot-avatar flex h-8 w-8 items-center justify-center overflow-hidden rounded-full\">\n<div class=\"relative p-1 rounded-sm flex items-center justify-center bg-token-main-surface-primary text-token-text-primary h-8 w-8\">\n<p data-start=\"313\" data-end=\"860\">The <strong data-start=\"317\" data-end=\"358\">WGA Crystal Ultra 35k Vape za enkratno uporabo<\/strong> je narejen za uporabnike vape, ki \u017eelijo <strong data-start=\"388\" data-end=\"417\">mo\u010d, okus in nadzor<\/strong> v eni elegantni napravi. Z do <strong data-start=\"450\" data-end=\"466\">35.000 vpihih<\/strong>, a <strong data-start=\"470\" data-end=\"493\">35 ml prednapolnjenim rezervoarjem<\/strong>, in <strong data-start=\"501\" data-end=\"519\">dvojna mre\u017easta tuljava<\/strong>, zagotavlja drzen okus z vsakim vdihom. Zaslon <strong data-start=\"566\" data-end=\"591\">pametni digitalni zaslon<\/strong> vas obve\u0161\u010da o nivojih e-teko\u010dine in baterije, medtem ko <strong data-start=\"652\" data-end=\"689\">USB-C polnilna baterija s 550 mAh<\/strong> zagotavlja, da nikoli ne zamudite ritma. Na voljo v <strong data-start=\"734\" data-end=\"757\">30 vznemirljivih okusov<\/strong> in <strong data-start=\"762\" data-end=\"792\">jakostih nikotina 2% ali 5%<\/strong>, je najbolj\u0161a izbira za veleprodajo za vrhunski trg vape v Sloveniji.<\/p>\n<p data-start=\"313\" data-end=\"860\">Primerjajte z <a href=\"https:\/\/vapestornado.com\/sl\/product\/wga-crystal-plus-20000-puff-vape-2-in-1-rechargeable-disposable-vape-wholesale-bulk-buy\/\">WGA 20K<\/a>, WGA 30K je nadgrajen z vi\u0161jo izku\u0161njo vapinga.<\/p>\n<\/div>\n<h3><\/h3>\n<div class=\"relative p-1 rounded-sm flex items-center justify-center bg-token-main-surface-primary text-token-text-primary h-8 w-8\">\n<h2>Pogosta vpra\u0161anja o WGA Crystal ULTRA 35000 e-cigareti za enkratno uporabo<\/h2>\n<\/div>\n<\/div>\n<\/div>\n<\/div>\n<div class=\"flex-shrink-0 flex flex-col relative items-end\">\n<div class=\"pt-0\">\n<div class=\"gizmo-bot-avatar flex h-8 w-8 items-center justify-center overflow-hidden rounded-full\">\n<div class=\"relative p-1 rounded-sm flex items-center justify-center bg-token-main-surface-primary text-token-text-primary h-8 w-8\">\n<div class=\"mb-2 flex gap-3 empty:hidden -ml-2\">\n<p data-start=\"2405\" data-end=\"2541\"><strong data-start=\"2405\" data-end=\"2466\">1. Koliko vdihov zagotavlja WGA Crystal Ultra 35k?<\/strong><br data-start=\"2466\" data-end=\"2469\" \/>Ponuja do <strong data-start=\"2485\" data-end=\"2501\">35.000 vpihih<\/strong>, odvisno od osebnih navad pri vapingu.<\/p>\n<p data-start=\"2543\" data-end=\"2713\"><strong data-start=\"2543\" data-end=\"2594\">2. Ali je WGA 35k Vape za enkratno uporabo mogo\u010de ponovno napolniti?<\/strong><br data-start=\"2594\" data-end=\"2597\" \/>Da, opremljena je z <strong data-start=\"2618\" data-end=\"2656\">550mAh Type-C polnilna baterija<\/strong>, ki vam omogo\u010da ponovno polnjenje med uporabo iste naprave.<\/p>\n<p data-start=\"2715\" data-end=\"2825\"><strong data-start=\"2715\" data-end=\"2759\">3. Katere jakosti nikotina so na voljo?<\/strong><br data-start=\"2759\" data-end=\"2762\" \/>Naprava je na voljo v obeh <strong data-start=\"2794\" data-end=\"2822\">Ravni nikotina 2% in 5%<\/strong>.<\/p>\n<p data-start=\"2827\" data-end=\"3023\"><strong data-start=\"2827\" data-end=\"2896\">4. Zakaj se WGA Ultra 35k razlikuje od drugih izdelkov za enkratno uporabo?<\/strong><br data-start=\"2896\" data-end=\"2899\" \/>Zaradi <strong data-start=\"2903\" data-end=\"2966\">dvojna mre\u017easta tuljava, digitalni zaslon in 35 ml prostornine e-teko\u010dine<\/strong> ga lo\u010dujejo od drugih in vam zagotavljajo tako zmogljivost kot nadzor.<\/p>\n<p data-start=\"3025\" data-end=\"3207\"><strong data-start=\"3025\" data-end=\"3088\">5. Koliko okusov ponuja WGA 35k Vape za enkratno uporabo?<\/strong><br data-start=\"3088\" data-end=\"3091\" \/>Na voljo je v <strong data-start=\"3103\" data-end=\"3117\">30 okusov<\/strong>, od sadnih me\u0161anic, kot je jagoda kivi, do drznih mo\u017enosti, kot je Jager Red Energy.<\/p>\n<\/div>\n<\/div>\n<\/div>\n<\/div>\n<\/div>","protected":false},"excerpt":{"rendered":"<p data-start=\"274\" data-end=\"349\"><strong data-start=\"274\" data-end=\"347\">WGA Crystal Ultra 35k Vape za enkratno uporabo 35000 Vpihov Veleprodaja v Evropi<\/strong><\/p>\n<p data-start=\"274\" data-end=\"349\"><strong data-start=\"353\" data-end=\"424\">WGA 35k Vape za enkratno uporabo z digitalnim zaslonom<\/strong><\/p>\n<p data-start=\"430\" data-end=\"494\"><strong data-start=\"430\" data-end=\"492\">Kupite WGA Ultra 35000 Puff Vape na spletu \u2013 Najbolj\u0161a cena s popustom<\/strong><\/p>\n<p><strong>Dodajte Amyin WhatsApp, da dobite pravi odgovor in ceno s popustom!<\/strong><\/p>\n<p><img fetchpriority=\"high\" decoding=\"async\" class=\"size-full wp-image-2932\" src=\"https:\/\/vapestornado.com\/wp-content\/uploads\/2024\/12\/Vape-Wholesale.jpg\" alt=\"Vape Veleprodaja\" width=\"229\" height=\"300\" \/><\/p>\n<h3><a href=\"https:\/\/wa.me\/8617776015835\"><span style=\"color: #ff0000;\"><strong>WhatsApp: +386 17776015835<\/strong><\/span><\/a><\/h3>\n<p>&nbsp;<\/p>","protected":false},"featured_media":4311,"comment_status":"open","ping_status":"closed","template":"","meta":{"_acf_changed":false,"_uag_custom_page_level_css":"","_lmt_disableupdate":"no","_lmt_disable":"","_monsterinsights_skip_tracking":false,"_monsterinsights_sitenote_active":false,"_monsterinsights_sitenote_note":"","_monsterinsights_sitenote_category":0,"site-sidebar-layout":"default","site-content-layout":"","ast-site-content-layout":"default","site-content-style":"default","site-sidebar-style":"default","ast-global-header-display":"","ast-banner-title-visibility":"","ast-main-header-display":"","ast-hfb-above-header-display":"","ast-hfb-below-header-display":"","ast-hfb-mobile-header-display":"","site-post-title":"","ast-breadcrumbs-content":"","ast-featured-img":"","footer-sml-layout":"","ast-disable-related-posts":"","theme-transparent-header-meta":"default","adv-header-id-meta":"","stick-header-meta":"","header-above-stick-meta":"","header-main-stick-meta":"","header-below-stick-meta":"","astra-migrate-meta-layouts":"set","ast-page-background-enabled":"default","ast-page-background-meta":{"desktop":{"background-color":"","background-image":"","background-repeat":"repeat","background-position":"center center","background-size":"auto","background-attachment":"scroll","background-type":"","background-media":"","overlay-type":"","overlay-color":"","overlay-opacity":"","overlay-gradient":""},"tablet":{"background-color":"","background-image":"","background-repeat":"repeat","background-position":"center center","background-size":"auto","background-attachment":"scroll","background-type":"","background-media":"","overlay-type":"","overlay-color":"","overlay-opacity":"","overlay-gradient":""},"mobile":{"background-color":"","background-image":"","background-repeat":"repeat","background-position":"center center","background-size":"auto","background-attachment":"scroll","background-type":"","background-media":"","overlay-type":"","overlay-color":"","overlay-opacity":"","overlay-gradient":""}},"ast-content-background-meta":{"desktop":{"background-color":"var(--ast-global-color-5)","background-image":"","background-repeat":"repeat","background-position":"center center","background-size":"auto","background-attachment":"scroll","background-type":"","background-media":"","overlay-type":"","overlay-color":"","overlay-opacity":"","overlay-gradient":""},"tablet":{"background-color":"var(--ast-global-color-5)","background-image":"","background-repeat":"repeat","background-position":"center center","background-size":"auto","background-attachment":"scroll","background-type":"","background-media":"","overlay-type":"","overlay-color":"","overlay-opacity":"","overlay-gradient":""},"mobile":{"background-color":"var(--ast-global-color-5)","background-image":"","background-repeat":"repeat","background-position":"center center","background-size":"auto","background-attachment":"scroll","background-type":"","background-media":"","overlay-type":"","overlay-color":"","overlay-opacity":"","overlay-gradient":""}},"_joinchat":{"telephone":"17776015835"}},"product_brand":[],"product_cat":[19,175,149,158,143,146,171],"product_tag":[342,340,339,341],"class_list":{"0":"post-4312","1":"product","2":"type-product","3":"status-publish","4":"has-post-thumbnail","6":"product_cat-vapes","7":"product_cat-35000-puff","8":"product_cat-buy-disposable-vapes-in-austria","9":"product_cat-buy-disposable-vapes-in-spain","10":"product_cat-dual-mesh-disposable-vapes","11":"product_cat-rechargeable-disposable-vapes","12":"product_cat-vapsolo-disposable-vapes","13":"product_tag-wga-35000-puff","14":"product_tag-wga-35k","15":"product_tag-wga-crystal-ultra-35k","16":"product_tag-wga-crystal-vape","17":"desktop-align-left","18":"tablet-align-left","19":"mobile-align-left","21":"first","22":"instock","23":"sale","24":"shipping-taxable","25":"purchasable","26":"product-type-simple"},"acf":[],"uagb_featured_image_src":{"full":["https:\/\/vapestornado.com\/wp-content\/uploads\/2025\/08\/Wholesale-WGA-Ultra-35000-Puffs-Disposable-Vape.webp",800,800,false],"thumbnail":["https:\/\/vapestornado.com\/wp-content\/uploads\/2025\/08\/Wholesale-WGA-Ultra-35000-Puffs-Disposable-Vape-150x150.webp",150,150,true],"medium":["https:\/\/vapestornado.com\/wp-content\/uploads\/2025\/08\/Wholesale-WGA-Ultra-35000-Puffs-Disposable-Vape-300x300.webp",300,300,true],"medium_large":["https:\/\/vapestornado.com\/wp-content\/uploads\/2025\/08\/Wholesale-WGA-Ultra-35000-Puffs-Disposable-Vape-768x768.webp",768,768,true],"large":["https:\/\/vapestornado.com\/wp-content\/uploads\/2025\/08\/Wholesale-WGA-Ultra-35000-Puffs-Disposable-Vape.webp",800,800,false],"1536x1536":["https:\/\/vapestornado.com\/wp-content\/uploads\/2025\/08\/Wholesale-WGA-Ultra-35000-Puffs-Disposable-Vape.webp",800,800,false],"2048x2048":["https:\/\/vapestornado.com\/wp-content\/uploads\/2025\/08\/Wholesale-WGA-Ultra-35000-Puffs-Disposable-Vape.webp",800,800,false],"trp-custom-language-flag":["https:\/\/vapestornado.com\/wp-content\/uploads\/2025\/08\/Wholesale-WGA-Ultra-35000-Puffs-Disposable-Vape-12x12.webp",12,12,true],"woocommerce_thumbnail":["https:\/\/vapestornado.com\/wp-content\/uploads\/2025\/08\/Wholesale-WGA-Ultra-35000-Puffs-Disposable-Vape-300x300.webp",300,300,true],"woocommerce_single":["https:\/\/vapestornado.com\/wp-content\/uploads\/2025\/08\/Wholesale-WGA-Ultra-35000-Puffs-Disposable-Vape-600x600.webp",600,600,true],"woocommerce_gallery_thumbnail":["https:\/\/vapestornado.com\/wp-content\/uploads\/2025\/08\/Wholesale-WGA-Ultra-35000-Puffs-Disposable-Vape-100x100.webp",100,100,true]},"uagb_author_info":{"display_name":"ESAMY","author_link":"https:\/\/vapestornado.com\/sl\/author\/"},"uagb_comment_info":1,"uagb_excerpt":"WGA Crystal Ultra 35k Disposable Vape 35000 Puffs Wholesale in Europe WGA 35k Disposable Vape with Digital Display &amp; Rechargeable Battery Buy WGA Ultra 35000 Puff Vape Online \u2013 Best Discount Price Add Amy's whatsapp to get right reply and discount price! WhatsApp: +86 17776015835 &nbsp;","_links":{"self":[{"href":"https:\/\/vapestornado.com\/sl\/wp-json\/wp\/v2\/product\/4312","targetHints":{"allow":["GET"]}}],"collection":[{"href":"https:\/\/vapestornado.com\/sl\/wp-json\/wp\/v2\/product"}],"about":[{"href":"https:\/\/vapestornado.com\/sl\/wp-json\/wp\/v2\/types\/product"}],"replies":[{"embeddable":true,"href":"https:\/\/vapestornado.com\/sl\/wp-json\/wp\/v2\/comments?post=4312"}],"wp:featuredmedia":[{"embeddable":true,"href":"https:\/\/vapestornado.com\/sl\/wp-json\/wp\/v2\/media\/4311"}],"wp:attachment":[{"href":"https:\/\/vapestornado.com\/sl\/wp-json\/wp\/v2\/media?parent=4312"}],"wp:term":[{"taxonomy":"product_brand","embeddable":true,"href":"https:\/\/vapestornado.com\/sl\/wp-json\/wp\/v2\/product_brand?post=4312"},{"taxonomy":"product_cat","embeddable":true,"href":"https:\/\/vapestornado.com\/sl\/wp-json\/wp\/v2\/product_cat?post=4312"},{"taxonomy":"product_tag","embeddable":true,"href":"https:\/\/vapestornado.com\/sl\/wp-json\/wp\/v2\/product_tag?post=4312"}],"curies":[{"name":"wp","href":"https:\/\/api.w.org\/{rel}","templated":true}]}}