{"id":4132,"date":"2025-04-14T09:56:44","date_gmt":"2025-04-14T09:56:44","guid":{"rendered":"https:\/\/vapestornado.com\/?post_type=product&#038;p=4132"},"modified":"2025-12-05T07:13:53","modified_gmt":"2025-12-05T07:13:53","slug":"bang-box-kingdoms-rex-40000-puffs-digital-double-flavor-disposable-vape","status":"publish","type":"product","link":"https:\/\/vapestornado.com\/sl\/product\/bang-box-kingdoms-rex-40000-puffs-digital-double-flavor-disposable-vape\/","title":{"rendered":"Bang Kingdoms Rex 40000 Pufov Digitalna Dvojna Okusna Enkratna Vapa \u0160katla"},"content":{"rendered":"<h1 data-pm-slice=\"1 1 []\">Bang Box Kingdoms Rex 40000 Vpihov Digitalni Dvojni Okus Vape za Enkratno Uporabo<\/h1>\n<p data-start=\"1129\" data-end=\"1370\">Bang Kingdoms Rex 40000 pari pravi dvojni okus 60ml nastavitev (30ml+30ml) z pametnim zaslonom, mre\u017eno tuljavo in Type-C polnjenjem za do 40.000 pufov v eni napravi, pripravljeni na preklop.<\/p>\n<p data-start=\"570\" data-end=\"887\"><strong data-start=\"570\" data-end=\"614\">40.000 pufov, podprti z resni\u010dno kapaciteto.<\/strong><br data-start=\"614\" data-end=\"617\" \/>The <strong data-start=\"621\" data-end=\"669\">Bang Kingdoms Rex 40000 Puf enkratna vapa<\/strong> je zasnovan okoli <strong data-start=\"686\" data-end=\"709\">skupno 60ml e-tekline<\/strong>, razdeljeno na dve neodvisni 30ml posodi. Ta volumen omogo\u010da, da naprava dolgo deluje pri vsakodnevni uporabi, kar uporabnikom pomaga izogniti se pogostim zamenjavam, zna\u010dilnim za manj\u0161e enkratne naprave.<\/p>\n<p data-start=\"889\" data-end=\"1165\"><strong data-start=\"889\" data-end=\"933\">Dvojni sistem okusa z \u010distim preklopom.<\/strong><br data-start=\"933\" data-end=\"936\" \/>Ta <strong data-start=\"941\" data-end=\"971\">40000 pufov enkratna vapa<\/strong> uporablja <strong data-start=\"979\" data-end=\"1010\">2-v-1 dvojni okusni format<\/strong>: dva okusa shranjena lo\u010deno, ki jih je mogo\u010de preklapljati kadar koli se preference spremenijo. Lo\u010devanje ohranja vsak profil lo\u010den, namesto da bi se me\u0161al skozi \u010das.<\/p>\n<p data-start=\"1167\" data-end=\"1479\"><strong data-start=\"1167\" data-end=\"1211\">Mre\u017ena tuljava za stabilen okus.<\/strong><br data-start=\"1211\" data-end=\"1214\" \/>Napredno <strong data-start=\"1223\" data-end=\"1236\">mre\u017easto tuljavo<\/strong> ogrevanje enakomerno razporeja temperaturo po celotni povr\u0161ini tuljave. V praksi to podpira gladek pretok zraka in stabilno dostavo okusa skozi dolge seje, kar je \u0161e posebej pomembno pri napravah z visoko kapaciteto, kjer se pogosto pojavi padec okusa v poznih fazah.<\/p>\n<p data-start=\"1481\" data-end=\"1702\"><strong data-start=\"1481\" data-end=\"1522\">Pametni zaslon za spremljanje v realnem \u010dasu.<\/strong><br data-start=\"1522\" data-end=\"1525\" \/>Vgrajen digitalni zaslon prikazuje <strong data-start=\"1557\" data-end=\"1594\">raven baterije in stanje e-teko\u010dine<\/strong> jasno. Uporabniki se lahko pred izpraznitvijo napolnijo in se izognejo presene\u010denim suhim udarom, ko je posoda skoraj prazna.<\/p>\n<p data-start=\"1704\" data-end=\"1956\"><strong data-start=\"1704\" data-end=\"1747\">Napajalna mo\u010d Type-C za popolno uporabo.<\/strong><br data-start=\"1747\" data-end=\"1750\" \/>The <strong data-start=\"1754\" data-end=\"1792\">650mAh Type-C polnilna baterija<\/strong> je velikosti za dolgotrajno vapiranje. Polnjenje pomeni, da lahko Rex 40000 uporablja\u0161, dokler nista oba rezervoarja prazna, namesto da bi ga zgodaj zavrgel zaradi izpraznjene baterije.<\/p>\n<p data-start=\"666\" data-end=\"1235\"><strong style=\"font-size: 16px;\"><span style=\"color: #ff0000;\">Dodajte Amy na WhatsApp za pravilen odgovor in ceno s popustom!<\/span><\/strong><\/p>\n<p><img fetchpriority=\"high\" decoding=\"async\" class=\"size-full wp-image-2932\" src=\"https:\/\/vapestornado.com\/wp-content\/uploads\/2024\/12\/Vape-Wholesale.jpg\" alt=\"Vape Veleprodaja\" width=\"229\" height=\"300\" \/><\/p>\n<h3><a href=\"https:\/\/wa.me\/8617776015835\" target=\"_blank\" rel=\"noopener\"><span style=\"color: #ff0000;\"><strong>WhatsApp: +386 17776015835<\/strong><\/span><\/a><\/h3>\n<h2><\/h2>\n<h2 data-start=\"1258\" data-end=\"1303\">Klju\u010dne lastnosti Bang Kingdoms Rex 40000<\/h2>\n<table>\n<thead>\n<tr>\n<th>Zna\u010dilnost \/ Parameter<\/th>\n<th align=\"right\">Spec<\/th>\n<th>Razlaga<\/th>\n<\/tr>\n<\/thead>\n<tbody>\n<tr>\n<td>Ime izdelka<\/td>\n<td align=\"right\">Bang Kingdoms Rex 40000 Puff Vape za enkratno uporabo<\/td>\n<td>Jasno poimenovanje modela za iskanje in ponovne naro\u010dila.<\/td>\n<\/tr>\n<tr>\n<td>Zmogljivost vdihovanja<\/td>\n<td align=\"right\">Do 40.000 potegov<\/td>\n<td>Visoko zmogljiv enkratni; manj menjav naprav.<\/td>\n<\/tr>\n<tr>\n<td>Prostornina E-teko\u010dine<\/td>\n<td align=\"right\">Skupaj 60 ml (30 ml + 30 ml)<\/td>\n<td>Dva polna rezervoarja v enem telesu, podpirajo dolgo \u017eivljenjsko dobo.<\/td>\n<\/tr>\n<tr>\n<td>Sistem okusa<\/td>\n<td align=\"right\">2-v-1 dvojni okus<\/td>\n<td>Preklapljanje med dvema okusoma brez no\u0161enja druge vape.<\/td>\n<\/tr>\n<tr>\n<td>Vrsta Tuljave<\/td>\n<td align=\"right\">Mre\u017easta tuljava<\/td>\n<td>Enakomerna razporeditev toplote = bolj gladki vdihi in bolj stabilen okus.<\/td>\n<\/tr>\n<tr>\n<td>Baterija<\/td>\n<td align=\"right\">650 mAh mo\u017enost ponovnega polnjenja<\/td>\n<td>Polnjenje za dokon\u010danje obeh rezervoarjev namesto izgube vdihov.<\/td>\n<\/tr>\n<tr>\n<td>Polnjenje<\/td>\n<td align=\"right\">USB Type-C hitri polnilec<\/td>\n<td>Standardni kabel; kraj\u0161i \u010das izpada delovanja.<\/td>\n<\/tr>\n<tr>\n<td>Zaslon<\/td>\n<td align=\"right\">Digitalni zaslon<\/td>\n<td>Prikazuje ravni baterije in e-tekline v realnem \u010dasu.<\/td>\n<\/tr>\n<tr>\n<td>Mo\u017enosti nikotina<\/td>\n<td align=\"right\">0% \/ 2% \/ 5%<\/td>\n<td>Primeren za uporabnike brez nikotina z mo\u010dnej\u0161im udarcem.<\/td>\n<\/tr>\n<tr>\n<td>Ciljni trg<\/td>\n<td align=\"right\">EU maloprodaja in veleprodaja<\/td>\n<td>Visoka kapaciteta + dvojni okus ustreza trenutnim trendom povpra\u0161evanja.<\/td>\n<\/tr>\n<\/tbody>\n<\/table>\n<p>&nbsp;<\/p>\n<figure id=\"attachment_4127\" aria-describedby=\"caption-attachment-4127\" style=\"width: 800px\" class=\"wp-caption alignnone\"><img decoding=\"async\" class=\"wp-image-4127 size-full\" src=\"https:\/\/vapestornado.com\/wp-content\/uploads\/2025\/04\/Bang-Box-Vape-40000-Double-Flavor.webp\" alt=\"Bang Box Vape 40000 Dvojni okus\" width=\"800\" height=\"800\" srcset=\"https:\/\/vapestornado.com\/wp-content\/uploads\/2025\/04\/Bang-Box-Vape-40000-Double-Flavor.webp 800w, https:\/\/vapestornado.com\/wp-content\/uploads\/2025\/04\/Bang-Box-Vape-40000-Double-Flavor-300x300.webp 300w, https:\/\/vapestornado.com\/wp-content\/uploads\/2025\/04\/Bang-Box-Vape-40000-Double-Flavor-150x150.webp 150w, https:\/\/vapestornado.com\/wp-content\/uploads\/2025\/04\/Bang-Box-Vape-40000-Double-Flavor-768x768.webp 768w, https:\/\/vapestornado.com\/wp-content\/uploads\/2025\/04\/Bang-Box-Vape-40000-Double-Flavor-600x600.webp 600w, https:\/\/vapestornado.com\/wp-content\/uploads\/2025\/04\/Bang-Box-Vape-40000-Double-Flavor-100x100.webp 100w\" sizes=\"(max-width: 800px) 100vw, 800px\" \/><figcaption id=\"caption-attachment-4127\" class=\"wp-caption-text\">Bang Kingdoms Rex 40000 Dvojni okus<\/figcaption><\/figure>\n<h2 class=\"product-title\"><strong>Seznam okusov za Bang Kingdoms Rex 40000 za enkratno uporabo<\/strong><\/h2>\n<article class=\"w-full text-token-text-primary focus-visible:outline-2 focus-visible:outline-offset-[-4px]\" dir=\"auto\" data-testid=\"conversation-turn-32\" data-scroll-anchor=\"false\">\n<div class=\"m-auto text-base py-[18px] px-6\">\n<div class=\"mx-auto flex flex-1 text-base gap-4 md:gap-5 lg:gap-6 md:max-w-3xl lg:max-w-[40rem] xl:max-w-[48rem]\">\n<div class=\"group\/conversation-turn relative flex w-full min-w-0 flex-col @xs\/thread:px-0 @sm\/thread:px-1.5 @md\/thread:px-4\">\n<div class=\"flex-col gap-1 md:gap-3\">\n<div class=\"flex max-w-full flex-col flex-grow\">\n<div class=\"min-h-8 text-message flex w-full flex-col items-end gap-2 whitespace-normal break-words text-start [.text-message+&amp;]:mt-5\" dir=\"auto\" data-message-author-role=\"user\" data-message-id=\"ffac41ca-1db4-431b-873a-32c4052956f1\">\n<div class=\"flex w-full flex-col gap-1 empty:hidden items-end rtl:items-start\">\n<div class=\"relative max-w-[var(--user-chat-width,70%)] rounded-3xl bg-token-message-surface px-5 py-2.5\">\n<div class=\"absolute bottom-0 right-full top-0 -mr-3.5 hidden pr-5 pt-2 [.group\/conversation-turn:hover_&amp;]:flex\">\n<div class=\"flex\">\n<article class=\"w-full text-token-text-primary focus-visible:outline-2 focus-visible:outline-offset-[-4px]\" dir=\"auto\" data-testid=\"conversation-turn-39\" data-scroll-anchor=\"true\">\n<div class=\"m-auto text-base py-[18px] px-6\">\n<div class=\"mx-auto flex flex-1 text-base gap-4 md:gap-5 lg:gap-6 md:max-w-3xl lg:max-w-[40rem] xl:max-w-[48rem]\">\n<div class=\"group\/conversation-turn relative flex w-full min-w-0 flex-col agent-turn @xs\/thread:px-0 @sm\/thread:px-1.5 @md\/thread:px-4\">\n<div class=\"flex-col gap-1 md:gap-3\">\n<div class=\"flex max-w-full flex-col flex-grow\">\n<div class=\"min-h-8 text-message flex w-full flex-col items-end gap-2 whitespace-normal break-words text-start [.text-message+&amp;]:mt-5\" dir=\"auto\" data-message-author-role=\"assistant\" data-message-id=\"55a23854-ec57-48dd-bd4f-6118f43d6241\" data-message-model-slug=\"gpt-4o\">\n<div class=\"flex w-full flex-col gap-1 empty:hidden first:pt-[3px]\">\n<div class=\"markdown prose w-full break-words dark:prose-invert light\">\n<p class=\"\" data-start=\"2451\" data-end=\"2502\">1. Borovnica lubenica<br \/>\n2. Sladoled iz borovnic<br \/>\n3. Jagoda kivi<br \/>\n4. Jagoda in lubenica<br \/>\n5. Jagoda kivi<br \/>\n6. Jagoda lubenica<br \/>\n7. Borovnica malina<br \/>\n8. Sladoled iz lubenice<br \/>\n9. Red Bull<br \/>\n10. Lubeni\u010dni led<br \/>\n11. Red Bull<br \/>\n12. Borovni\u010dev led<\/p>\n<\/div>\n<\/div>\n<\/div>\n<\/div>\n<\/div>\n<\/div>\n<\/div>\n<\/div>\n<\/article>\n<\/div>\n<\/div>\n<\/div>\n<\/div>\n<\/div>\n<\/div>\n<\/div>\n<\/div>\n<\/div>\n<\/div>\n<\/article>\n<h2>Zakaj izbrati Vapestornado za veleprodajo Kingdoms Rex 40k?<\/h2>\n<div class=\"flex-shrink-0 flex flex-col relative items-end\">\n<div class=\"pt-0\">\n<div class=\"gizmo-bot-avatar flex h-8 w-8 items-center justify-center overflow-hidden rounded-full\">\n<div class=\"relative p-1 rounded-sm flex items-center justify-center bg-token-main-surface-primary text-token-text-primary h-8 w-8\">\n<p>Pri Vapestornadu ne prodajamo samo vape \u2013 zagotavljamo vrednost, kakovost in storitve, na katere se lahko zanesete. Kot zaupanja vreden veleprodajni dobavitelj Kingdoms Rex 40000<strong data-start=\"410\" data-end=\"449\">\u00a0Vape za enkratno uporabo<\/strong>, nudimo <strong data-start=\"460\" data-end=\"488\">konkuren\u010dne cene za velike koli\u010dine<\/strong>, s \u010dimer zagotavljamo, da dobite <strong data-start=\"511\" data-end=\"537\">najni\u017eje veleprodajne cene<\/strong> brez ogro\u017eanja pristnosti izdelka. Na\u0161a ekipa ro\u010dno izbira samo <strong data-start=\"608\" data-end=\"634\">originalne izdelke 100%<\/strong> z zajam\u010deno u\u010dinkovitostjo in doslednostjo okusa. Z <strong data-start=\"692\" data-end=\"716\">hitro globalno dostavo<\/strong>, predanim <strong data-start=\"730\" data-end=\"766\">vodjo ra\u010duna za stranke, ki kupujejo v velikih koli\u010dinah<\/strong>in posodobitvami zalog v realnem \u010dasu, va\u0161e podjetje ostaja pred trgom. Ne glede na to, ali ste trgovina z vape izdelki, distributer ali spletni prodajalec, <strong data-start=\"901\" data-end=\"917\">Vapestornado<\/strong> je va\u0161 zanesljiv partner za <strong data-start=\"947\" data-end=\"994\">izdelke z velikim povpra\u0161evanjem, kot je Bang Box 50k Puff<\/strong>\u2014podprto s profesionalno storitvijo in neprekosljivimi ponudbami.<\/p>\n<p data-start=\"559\" data-end=\"933\" data-is-last-node=\"\" data-is-only-node=\"\">Imamo tudi nekaj drugih priljubljenih vape izdelkov z zaslonom, kot so <a href=\"https:\/\/vapestornado.com\/sl\/product\/solaris-25000-puff-solar-charging-dispsoable-vape-kit-usa\/\">SOLARIS 25000 PUFF<\/a>, <a href=\"https:\/\/vapestornado.com\/sl\/product\/elfbar-planet-25000-wholesale-disposable-vape-kit-with-digital-screen\/\">ELF BAR Planet 25000<\/a>, <a href=\"https:\/\/vapestornado.com\/sl\/product\/elfworld-ai22000-22k-puff-disposable-vape-pen-kit-best-seller-in-poland\/\">Elf WORLD AI 22000<\/a>, in \u0161e ve\u010d.<\/p>\n<\/div>\n<div class=\"relative p-1 rounded-sm flex items-center justify-center bg-token-main-surface-primary text-token-text-primary h-8 w-8\">\n<h2>Pogosta vpra\u0161anja<\/h2>\n<p data-start=\"3075\" data-end=\"3298\"><strong data-start=\"3075\" data-end=\"3154\">1. Ali potrebujete poseben polnilec za enkratne naprave Bang Kingdoms Rex 40000?<\/strong><br data-start=\"3154\" data-end=\"3157\" \/>Ne. The <strong data-start=\"3165\" data-end=\"3213\">Bang Kingdoms Rex 40000 Puf enkratna vapa<\/strong> se polni preko <strong data-start=\"3226\" data-end=\"3240\">USB Tip-C<\/strong>, zato deluje kateri koli standardni kabel Type-C in varen USB adapter.<\/p>\n<p data-start=\"3300\" data-end=\"3595\"><strong data-start=\"3300\" data-end=\"3392\">2. Katera enkratna naprava dejansko traja najdlje: Bang Kingdoms Rex 40000 ali vape z 20k?<\/strong><br data-start=\"3392\" data-end=\"3395\" \/>Pri vsakodnevni uporabi je <strong data-start=\"3416\" data-end=\"3443\">Bang kraljestva Rex 40000<\/strong> obi\u010dajno traja dlje, ker zdru\u017euje <strong data-start=\"3487\" data-end=\"3552\">40.000 potegov, 60 ml skupne e-teko\u010dine in ponovno polnljiva baterija<\/strong>, medtem ko ve\u010dina naprav 20k vsebuje manj teko\u010dine.<\/p>\n<p data-start=\"3597\" data-end=\"3837\"><strong data-start=\"3597\" data-end=\"3667\">3. Ali je sistem dvojnega okusa Bang Kingdoms Rex 40000 vreden?<\/strong><br data-start=\"3667\" data-end=\"3670\" \/>Da za uporabnike, ki menjavajo okuse. Sistem <strong data-start=\"3708\" data-end=\"3752\">Bang Kingdoms Rex 40000 z dvojno aromo<\/strong> razporeditev ohranja vsak okus lo\u010den, zato je preklapljanje \u010disto in ne zame\u0161a okusa.<\/p>\n<p data-start=\"3839\" data-end=\"4094\"><strong data-start=\"3839\" data-end=\"3923\">4. Ali vam enkratne naprave hitreje povzro\u010dijo odvisnost, vklju\u010dno z Bang Kingdoms Rex 40000?<\/strong><br data-start=\"3923\" data-end=\"3926\" \/>Tveganje odvisnosti je od <strong data-start=\"3952\" data-end=\"3994\">mo\u010d nikotina in pogostost uporabe<\/strong>, ne le \u0161tevilo potegov. Opcije <strong data-start=\"4022\" data-end=\"4038\">0% \/ 2% \/ 5%<\/strong> omogo\u010dajo uporabnikom, da izberejo raven, ki ustreza njihovim potrebam.<\/p>\n<p data-start=\"4096\" data-end=\"4377\"><strong data-start=\"4096\" data-end=\"4170\">5. Ali lahko na letalo prinesem enkratno napravo Bang Kingdoms Rex 40000?<\/strong><br data-start=\"4170\" data-end=\"4173\" \/>Ve\u010dina letalskih prevoznikov dovoljuje enkratne naprave <strong data-start=\"4205\" data-end=\"4233\">samo v ro\u010dni prtljagi<\/strong>, ne v oddani prtljagi, zaradi pravil o baterijah. Ohranite <strong data-start=\"4284\" data-end=\"4332\">Bang Kingdoms Rex 40000 Puf enkratna vapa<\/strong> zaprt in sledite letalskim\/regionalnim predpisom.<\/p>\n<\/div>\n<\/div>\n<\/div>\n<\/div>","protected":false},"excerpt":{"rendered":"<p class=\"LC20lb MBeuO DKV0Md\">Bang Kingdoms Rex 40000 2 v 1 Vape za enkratno uporabo po zni\u017eani ceni<br \/>\nBang Box 40000 Digital Vape Box Veleprodajna ugodna cena<br \/>\nBig Puff Vape Bang Box Kingdoms Rex 40k Vapor za enkratno uporabo<\/p>\n<p><strong>Dodajte Amyin WhatsApp, da dobite pravi odgovor in ceno s popustom!<\/strong><\/p>\n<p><img fetchpriority=\"high\" decoding=\"async\" class=\"size-full wp-image-2932\" src=\"https:\/\/vapestornado.com\/wp-content\/uploads\/2024\/12\/Vape-Wholesale.jpg\" alt=\"Vape Veleprodaja\" width=\"229\" height=\"300\" \/><\/p>\n<h3><a href=\"https:\/\/wa.me\/8617776015835\"><span style=\"color: #ff0000;\"><strong>WhatsApp: +386 17776015835<\/strong><\/span><\/a><\/h3>\n<p>&nbsp;<\/p>","protected":false},"featured_media":4131,"comment_status":"open","ping_status":"closed","template":"","meta":{"_acf_changed":false,"_uag_custom_page_level_css":"","_lmt_disableupdate":"no","_lmt_disable":"","_monsterinsights_skip_tracking":false,"_monsterinsights_sitenote_active":false,"_monsterinsights_sitenote_note":"","_monsterinsights_sitenote_category":0,"site-sidebar-layout":"default","site-content-layout":"","ast-site-content-layout":"default","site-content-style":"default","site-sidebar-style":"default","ast-global-header-display":"","ast-banner-title-visibility":"","ast-main-header-display":"","ast-hfb-above-header-display":"","ast-hfb-below-header-display":"","ast-hfb-mobile-header-display":"","site-post-title":"","ast-breadcrumbs-content":"","ast-featured-img":"","footer-sml-layout":"","ast-disable-related-posts":"","theme-transparent-header-meta":"default","adv-header-id-meta":"","stick-header-meta":"","header-above-stick-meta":"","header-main-stick-meta":"","header-below-stick-meta":"","astra-migrate-meta-layouts":"set","ast-page-background-enabled":"default","ast-page-background-meta":{"desktop":{"background-color":"","background-image":"","background-repeat":"repeat","background-position":"center center","background-size":"auto","background-attachment":"scroll","background-type":"","background-media":"","overlay-type":"","overlay-color":"","overlay-opacity":"","overlay-gradient":""},"tablet":{"background-color":"","background-image":"","background-repeat":"repeat","background-position":"center center","background-size":"auto","background-attachment":"scroll","background-type":"","background-media":"","overlay-type":"","overlay-color":"","overlay-opacity":"","overlay-gradient":""},"mobile":{"background-color":"","background-image":"","background-repeat":"repeat","background-position":"center center","background-size":"auto","background-attachment":"scroll","background-type":"","background-media":"","overlay-type":"","overlay-color":"","overlay-opacity":"","overlay-gradient":""}},"ast-content-background-meta":{"desktop":{"background-color":"var(--ast-global-color-5)","background-image":"","background-repeat":"repeat","background-position":"center center","background-size":"auto","background-attachment":"scroll","background-type":"","background-media":"","overlay-type":"","overlay-color":"","overlay-opacity":"","overlay-gradient":""},"tablet":{"background-color":"var(--ast-global-color-5)","background-image":"","background-repeat":"repeat","background-position":"center center","background-size":"auto","background-attachment":"scroll","background-type":"","background-media":"","overlay-type":"","overlay-color":"","overlay-opacity":"","overlay-gradient":""},"mobile":{"background-color":"var(--ast-global-color-5)","background-image":"","background-repeat":"repeat","background-position":"center center","background-size":"auto","background-attachment":"scroll","background-type":"","background-media":"","overlay-type":"","overlay-color":"","overlay-opacity":"","overlay-gradient":""}},"_joinchat":{"telephone":"17776015835"}},"product_brand":[],"product_cat":[65,62,150,152,142,146],"product_tag":[475,335,334,105,476,195],"class_list":{"0":"post-4132","1":"product","2":"type-product","3":"status-publish","4":"has-post-thumbnail","6":"product_cat-40000-puff","7":"product_cat-bang-vape","8":"product_cat-buy-disposable-vapes-in-belgium","9":"product_cat-buy-disposable-vapes-in-cermany","10":"product_cat-digital-box-disposable-vapes","11":"product_cat-rechargeable-disposable-vapes","12":"product_tag-40k-puff-vape","13":"product_tag-bang-40000","14":"product_tag-bang-kingdoms-rex-40000","15":"product_tag-digital-disposable-vape","16":"product_tag-double-taste-disposable-vape","17":"product_tag-dual-flavor-disposable-vape","18":"desktop-align-left","19":"tablet-align-left","20":"mobile-align-left","22":"first","23":"instock","24":"sale","25":"shipping-taxable","26":"purchasable","27":"product-type-simple"},"acf":[],"uagb_featured_image_src":{"full":["https:\/\/vapestornado.com\/wp-content\/uploads\/2025\/04\/Wholesale-Bang-Kingdoms-40000-Puff-Vape-Pod.webp",800,800,false],"thumbnail":["https:\/\/vapestornado.com\/wp-content\/uploads\/2025\/04\/Wholesale-Bang-Kingdoms-40000-Puff-Vape-Pod-150x150.webp",150,150,true],"medium":["https:\/\/vapestornado.com\/wp-content\/uploads\/2025\/04\/Wholesale-Bang-Kingdoms-40000-Puff-Vape-Pod-300x300.webp",300,300,true],"medium_large":["https:\/\/vapestornado.com\/wp-content\/uploads\/2025\/04\/Wholesale-Bang-Kingdoms-40000-Puff-Vape-Pod-768x768.webp",768,768,true],"large":["https:\/\/vapestornado.com\/wp-content\/uploads\/2025\/04\/Wholesale-Bang-Kingdoms-40000-Puff-Vape-Pod.webp",800,800,false],"1536x1536":["https:\/\/vapestornado.com\/wp-content\/uploads\/2025\/04\/Wholesale-Bang-Kingdoms-40000-Puff-Vape-Pod.webp",800,800,false],"2048x2048":["https:\/\/vapestornado.com\/wp-content\/uploads\/2025\/04\/Wholesale-Bang-Kingdoms-40000-Puff-Vape-Pod.webp",800,800,false],"trp-custom-language-flag":["https:\/\/vapestornado.com\/wp-content\/uploads\/2025\/04\/Wholesale-Bang-Kingdoms-40000-Puff-Vape-Pod.webp",12,12,false],"woocommerce_thumbnail":["https:\/\/vapestornado.com\/wp-content\/uploads\/2025\/04\/Wholesale-Bang-Kingdoms-40000-Puff-Vape-Pod-300x300.webp",300,300,true],"woocommerce_single":["https:\/\/vapestornado.com\/wp-content\/uploads\/2025\/04\/Wholesale-Bang-Kingdoms-40000-Puff-Vape-Pod-600x600.webp",600,600,true],"woocommerce_gallery_thumbnail":["https:\/\/vapestornado.com\/wp-content\/uploads\/2025\/04\/Wholesale-Bang-Kingdoms-40000-Puff-Vape-Pod-100x100.webp",100,100,true]},"uagb_author_info":{"display_name":"ESAMY","author_link":"https:\/\/vapestornado.com\/sl\/author\/"},"uagb_comment_info":0,"uagb_excerpt":"Bang Kingdoms Rex 40000 2 in 1 Disposables Vape Discount Price Bang Box 40000 Digital Vape Box Wholesale Cheap Price Big Puff Vape Bang Box Kingdoms Rex 40k Disposables Vapor Add Amy's whatsapp to get right reply and discount price! WhatsApp: +86 17776015835 &nbsp;","_links":{"self":[{"href":"https:\/\/vapestornado.com\/sl\/wp-json\/wp\/v2\/product\/4132","targetHints":{"allow":["GET"]}}],"collection":[{"href":"https:\/\/vapestornado.com\/sl\/wp-json\/wp\/v2\/product"}],"about":[{"href":"https:\/\/vapestornado.com\/sl\/wp-json\/wp\/v2\/types\/product"}],"replies":[{"embeddable":true,"href":"https:\/\/vapestornado.com\/sl\/wp-json\/wp\/v2\/comments?post=4132"}],"wp:featuredmedia":[{"embeddable":true,"href":"https:\/\/vapestornado.com\/sl\/wp-json\/wp\/v2\/media\/4131"}],"wp:attachment":[{"href":"https:\/\/vapestornado.com\/sl\/wp-json\/wp\/v2\/media?parent=4132"}],"wp:term":[{"taxonomy":"product_brand","embeddable":true,"href":"https:\/\/vapestornado.com\/sl\/wp-json\/wp\/v2\/product_brand?post=4132"},{"taxonomy":"product_cat","embeddable":true,"href":"https:\/\/vapestornado.com\/sl\/wp-json\/wp\/v2\/product_cat?post=4132"},{"taxonomy":"product_tag","embeddable":true,"href":"https:\/\/vapestornado.com\/sl\/wp-json\/wp\/v2\/product_tag?post=4132"}],"curies":[{"name":"wp","href":"https:\/\/api.w.org\/{rel}","templated":true}]}}