{"id":4126,"date":"2025-04-14T03:07:08","date_gmt":"2025-04-14T03:07:08","guid":{"rendered":"https:\/\/vapestornado.com\/?post_type=product&#038;p=4126"},"modified":"2025-12-05T06:58:11","modified_gmt":"2025-12-05T06:58:11","slug":"bang-box-50000-puff-50k-disposables-vape-pod-double-flavour","status":"publish","type":"product","link":"https:\/\/vapestornado.com\/sl\/product\/bang-box-50000-puff-50k-disposables-vape-pod-double-flavour\/","title":{"rendered":"Bang Box 50000 vdihov 50k Vape Podi za enkratno uporabo Dvojni okus"},"content":{"rendered":"<h2 data-pm-slice=\"1 1 []\">Bang Box 50000 vdihov 50k Vape Podi za enkratno uporabo Dvojni okus<\/h2>\n<p data-start=\"1203\" data-end=\"1522\">Bang Box 50000 Puff zdru\u017euje 45ml rezervoar za dvojni okus, 850mAh Type-C polnljivo baterijo, mre\u017eno tuljavo in pametni zaslon v eni napravi, zasnovani za do 50.000 vdihov brez pogostih zamenjav.<\/p>\n<p data-start=\"568\" data-end=\"863\"><strong data-start=\"568\" data-end=\"608\">Do 50.000 vdihov z rezervoarjem 45ml:<\/strong><br data-start=\"608\" data-end=\"611\" \/>Bang Box 50k je zasnovan za dolgotrajno dnevno uporabo. The <strong data-start=\"656\" data-end=\"684\">45ml vnaprej napolnjenega kapaciteta<\/strong> podpira <strong data-start=\"698\" data-end=\"720\">oceno 50.000 vdihov<\/strong>, zato uporabniki obi\u010dajno trajajo dlje med zamenjavo naprav v primerjavi z enkratnimi napravami 10k\u201320k. To prav tako ohranja stro\u0161ke na vdih bolj stabilne skozi \u010das.<\/p>\n<p data-start=\"865\" data-end=\"1176\"><strong data-start=\"865\" data-end=\"916\">Sistem dualnega okusa za takoj\u0161njo menjavo:<\/strong><br data-start=\"916\" data-end=\"919\" \/>Dva okusa sta vgrajena v eno napravo. The <strong data-start=\"970\" data-end=\"991\">dual-flavor nastavitev<\/strong> omogo\u010da uporabnikom, da kadar koli \u017eelijo, spremenijo okuse brez no\u0161enja druge vape ali \u010dakanja na polnjenje. Je prakti\u010dno za ljudi, ki skozi dan izmenjujejo sladke in ledene okuse.<\/p>\n<p data-start=\"1178\" data-end=\"1456\"><strong data-start=\"1178\" data-end=\"1220\">Mre\u017ena tuljava za stabilen paro in okus:<\/strong><br data-start=\"1220\" data-end=\"1223\" \/>Bang Box 50000 vdih bar uporablja <strong data-start=\"1237\" data-end=\"1261\">tehnologijo mre\u017easte tuljave<\/strong> za enakomerno segrevanje e-tekline. To pomaga prepre\u010diti ostre suhe udare in ohranja gladek izpust pare skozi velik rezervoar \u2014 pomembno pri napravah z visoko kapaciteto, kjer se lahko okus s\u010dasoma zmanj\u0161a.<\/p>\n<p data-start=\"1458\" data-end=\"1707\"><strong data-start=\"1458\" data-end=\"1507\">Pametna digitalna zaslon za spremljanje v realnem \u010dasu:<\/strong><br data-start=\"1507\" data-end=\"1510\" \/>The <strong data-start=\"1514\" data-end=\"1530\">pametni zaslon<\/strong> prikazuje <strong data-start=\"1537\" data-end=\"1573\">nivo baterije in nivo e teko\u010dine<\/strong> med uporabo vapinga. To odstrani ugibanje, tako da uporabniki lahko ponovno napolnijo pred izpustom mo\u010di in se izognejo nepri\u010dakovanim suhim udarom blizu konca rezervoarja.<\/p>\n<p data-start=\"1709\" data-end=\"1964\"><strong data-start=\"1709\" data-end=\"1748\">850mAh polnljiva baterija Type-C:<\/strong><br data-start=\"1748\" data-end=\"1751\" \/>The <strong data-start=\"1755\" data-end=\"1773\">850 mAh<\/strong> je velikosti za velik rezervoar in visok \u0161t. vdihov. Z <strong data-start=\"1824\" data-end=\"1852\">hitro polnjenje USB Type-C<\/strong>, \u010das mirovanja ostaja kratek in uporabniki lahko dokon\u010dajo celotno zalogo teko\u010dine namesto da bi jo zgodaj zavrgli zaradi nizke mo\u010di.<\/p>\n<p data-start=\"666\" data-end=\"1235\"><strong style=\"font-size: 16px;\"><span style=\"color: #ff0000;\">Dodajte Amy na WhatsApp za pravilen odgovor in ceno s popustom!<\/span><\/strong><\/p>\n<p><img fetchpriority=\"high\" decoding=\"async\" class=\"size-full wp-image-2932\" src=\"https:\/\/vapestornado.com\/wp-content\/uploads\/2024\/12\/Vape-Wholesale.jpg\" alt=\"Vape Veleprodaja\" width=\"229\" height=\"300\" \/><\/p>\n<h3><a href=\"https:\/\/wa.me\/8617776015835\" target=\"_blank\" rel=\"noopener\"><span style=\"color: #ff0000;\"><strong>WhatsApp: +386 17776015835<\/strong><\/span><\/a><\/h3>\n<h2><\/h2>\n<h2 data-start=\"1258\" data-end=\"1303\"><strong data-start=\"1265\" data-end=\"1303\">Zakaj je Bang Box 50k obvezen<\/strong><\/h2>\n<table>\n<thead>\n<tr>\n<th>Zna\u010dilnost \/ Parameter<\/th>\n<th align=\"right\">Spec<\/th>\n<th>Razlaga<\/th>\n<\/tr>\n<\/thead>\n<tbody>\n<tr>\n<td>Ime izdelka<\/td>\n<td align=\"right\">Bang Box 50000 Puff Vape za enkratno uporabo<\/td>\n<td>Jasno poimenovanje modelov za ponovne naro\u010dila in iskanje.<\/td>\n<\/tr>\n<tr>\n<td>Zmogljivost vdihovanja<\/td>\n<td align=\"right\">Do 50.000 vdihov<\/td>\n<td>Visoko zmogljiv enkratni; manj zamenjav.<\/td>\n<\/tr>\n<tr>\n<td>Prostornina E-teko\u010dine<\/td>\n<td align=\"right\">45ml vnaprej napolnjeno<\/td>\n<td>Velik rezervoar podpira dolge seje brez polnjenja.<\/td>\n<\/tr>\n<tr>\n<td>Sistem okusa<\/td>\n<td align=\"right\">Vape z dvojnim okusom<\/td>\n<td>Dve okusi v eni napravi; preklapljajte kadarkoli.<\/td>\n<\/tr>\n<tr>\n<td>Vrsta Tuljave<\/td>\n<td align=\"right\">Mre\u017easta tuljava<\/td>\n<td>Enakomerno segrevanje = bolj gladki vdihi in stabilen okus.<\/td>\n<\/tr>\n<tr>\n<td>Baterija<\/td>\n<td align=\"right\">850mAh polnljiva baterija<\/td>\n<td>Polnjenje za uporabo vse teko\u010dine namesto zapravljanja vdihov.<\/td>\n<\/tr>\n<tr>\n<td>Polnjenje<\/td>\n<td align=\"right\">USB Tip-C<\/td>\n<td>Standard hitrega polnjenja; enostaven dostop do kabla.<\/td>\n<\/tr>\n<tr>\n<td>Zaslon<\/td>\n<td align=\"right\">Pametna digitalna zaslonka<\/td>\n<td>Prikazuje nivo baterije + teko\u010dine v realnem \u010dasu.<\/td>\n<\/tr>\n<tr>\n<td>Ciljni uporabniki<\/td>\n<td align=\"right\">Priljubljeni do intenzivni vapoterji<\/td>\n<td>Dolga kapaciteta z enostavnim delovanjem ustreza obema skupinama.<\/td>\n<\/tr>\n<tr>\n<td>Prilagoditev na trg<\/td>\n<td align=\"right\">EU maloprodaja in veleprodaja<\/td>\n<td>Visok \u0161t. vdihov + dvojni okus podpira ponovne nakupe.<\/td>\n<\/tr>\n<\/tbody>\n<\/table>\n<h2 class=\"product-title\"><strong>Pregled okusov Bang Box 50000 Puff za enkratno uporabo<\/strong><\/h2>\n<article class=\"w-full text-token-text-primary focus-visible:outline-2 focus-visible:outline-offset-[-4px]\" dir=\"auto\" data-testid=\"conversation-turn-32\" data-scroll-anchor=\"false\">\n<div class=\"m-auto text-base py-[18px] px-6\">\n<div class=\"mx-auto flex flex-1 text-base gap-4 md:gap-5 lg:gap-6 md:max-w-3xl lg:max-w-[40rem] xl:max-w-[48rem]\">\n<div class=\"group\/conversation-turn relative flex w-full min-w-0 flex-col @xs\/thread:px-0 @sm\/thread:px-1.5 @md\/thread:px-4\">\n<div class=\"flex-col gap-1 md:gap-3\">\n<div class=\"flex max-w-full flex-col flex-grow\">\n<div class=\"min-h-8 text-message flex w-full flex-col items-end gap-2 whitespace-normal break-words text-start [.text-message+&amp;]:mt-5\" dir=\"auto\" data-message-author-role=\"user\" data-message-id=\"ffac41ca-1db4-431b-873a-32c4052956f1\">\n<div class=\"flex w-full flex-col gap-1 empty:hidden items-end rtl:items-start\">\n<div class=\"relative max-w-[var(--user-chat-width,70%)] rounded-3xl bg-token-message-surface px-5 py-2.5\">\n<div class=\"absolute bottom-0 right-full top-0 -mr-3.5 hidden pr-5 pt-2 [.group\/conversation-turn:hover_&amp;]:flex\">\n<div class=\"flex\">\n<article class=\"w-full text-token-text-primary focus-visible:outline-2 focus-visible:outline-offset-[-4px]\" dir=\"auto\" data-testid=\"conversation-turn-39\" data-scroll-anchor=\"true\">\n<div class=\"m-auto text-base py-[18px] px-6\">\n<div class=\"mx-auto flex flex-1 text-base gap-4 md:gap-5 lg:gap-6 md:max-w-3xl lg:max-w-[40rem] xl:max-w-[48rem]\">\n<div class=\"group\/conversation-turn relative flex w-full min-w-0 flex-col agent-turn @xs\/thread:px-0 @sm\/thread:px-1.5 @md\/thread:px-4\">\n<div class=\"flex-col gap-1 md:gap-3\">\n<div class=\"flex max-w-full flex-col flex-grow\">\n<div class=\"min-h-8 text-message flex w-full flex-col items-end gap-2 whitespace-normal break-words text-start [.text-message+&amp;]:mt-5\" dir=\"auto\" data-message-author-role=\"assistant\" data-message-id=\"55a23854-ec57-48dd-bd4f-6118f43d6241\" data-message-model-slug=\"gpt-4o\">\n<div class=\"flex w-full flex-col gap-1 empty:hidden first:pt-[3px]\">\n<div class=\"markdown prose w-full break-words dark:prose-invert light\">\n<p class=\"\" data-start=\"2451\" data-end=\"2502\">1. Jagoda Kiwi<br \/>\n2. \u017dve\u010dilni gumi z okusom lubenice<br \/>\n3. Ananas Mango Breskev<br \/>\n4. Red Bull<br \/>\n5. Sok Breskev<br \/>\n6. Jabolko Hru\u0161ka<br \/>\n7. Borovnica Led<br \/>\n8. \u010crni Zmaj Led<br \/>\n9. Borovnica Kisla Malina Led<br \/>\n10. Jagoda Malina Bonbon<br \/>\n11. Modri Razz Led<br \/>\n12. Jagoda Led<\/p>\n<figure id=\"attachment_4121\" aria-describedby=\"caption-attachment-4121\" style=\"width: 851px\" class=\"wp-caption alignnone\"><img decoding=\"async\" class=\"wp-image-4121 size-full\" src=\"https:\/\/vapestornado.com\/wp-content\/uploads\/2025\/04\/Bang-Box-50000-Puff-50k-Vape.webp\" alt=\"Bang Box 50000 Vpihov 50k Vape\" width=\"851\" height=\"851\" srcset=\"https:\/\/vapestornado.com\/wp-content\/uploads\/2025\/04\/Bang-Box-50000-Puff-50k-Vape.webp 851w, https:\/\/vapestornado.com\/wp-content\/uploads\/2025\/04\/Bang-Box-50000-Puff-50k-Vape-300x300.webp 300w, https:\/\/vapestornado.com\/wp-content\/uploads\/2025\/04\/Bang-Box-50000-Puff-50k-Vape-150x150.webp 150w, https:\/\/vapestornado.com\/wp-content\/uploads\/2025\/04\/Bang-Box-50000-Puff-50k-Vape-768x768.webp 768w, https:\/\/vapestornado.com\/wp-content\/uploads\/2025\/04\/Bang-Box-50000-Puff-50k-Vape-600x600.webp 600w, https:\/\/vapestornado.com\/wp-content\/uploads\/2025\/04\/Bang-Box-50000-Puff-50k-Vape-100x100.webp 100w\" sizes=\"(max-width: 851px) 100vw, 851px\" \/><figcaption id=\"caption-attachment-4121\" class=\"wp-caption-text\">Bang Box 50000 Vpihov 50k Vape<\/figcaption><\/figure>\n<\/div>\n<\/div>\n<\/div>\n<\/div>\n<\/div>\n<\/div>\n<\/div>\n<\/div>\n<\/article>\n<\/div>\n<\/div>\n<\/div>\n<\/div>\n<\/div>\n<\/div>\n<\/div>\n<\/div>\n<\/div>\n<\/div>\n<\/article>\n<h2>Zakaj izbrati Vapestornado za Bang Box 50000 Vpihov na debelo?<\/h2>\n<div class=\"flex-shrink-0 flex flex-col relative items-end\">\n<div class=\"pt-0\">\n<div class=\"gizmo-bot-avatar flex h-8 w-8 items-center justify-center overflow-hidden rounded-full\">\n<div class=\"relative p-1 rounded-sm flex items-center justify-center bg-token-main-surface-primary text-token-text-primary h-8 w-8\">\n<p>Pri Vapestornadu ne prodajamo samo vape \u2013 zagotavljamo vrednost, kakovost in storitev, na katero se lahko zanesete. Kot zaupanja vreden dobavitelj na debelo za <strong data-start=\"410\" data-end=\"449\">Bang Box 50000 Puff Vape za enkratno uporabo<\/strong>, nudimo <strong data-start=\"460\" data-end=\"488\">konkuren\u010dne cene za velike koli\u010dine<\/strong>, s \u010dimer zagotavljamo, da dobite <strong data-start=\"511\" data-end=\"537\">najni\u017eje veleprodajne cene<\/strong> brez ogro\u017eanja pristnosti izdelka. Na\u0161a ekipa ro\u010dno izbira samo <strong data-start=\"608\" data-end=\"634\">originalne izdelke 100%<\/strong> z zajam\u010deno u\u010dinkovitostjo in doslednostjo okusa. Z <strong data-start=\"692\" data-end=\"716\">hitro globalno dostavo<\/strong>, predanim <strong data-start=\"730\" data-end=\"766\">vodjo ra\u010duna za stranke, ki kupujejo v velikih koli\u010dinah<\/strong>in posodobitvami zalog v realnem \u010dasu, va\u0161e podjetje ostaja pred trgom. Ne glede na to, ali ste trgovina z vape izdelki, distributer ali spletni prodajalec, <strong data-start=\"901\" data-end=\"917\">Vapestornado<\/strong> je va\u0161 zanesljiv partner za <strong data-start=\"947\" data-end=\"994\">izdelke z velikim povpra\u0161evanjem, kot je Bang Box 50k Puff<\/strong>\u2014podprto s profesionalno storitvijo in neprekosljivimi ponudbami.<\/p>\n<p data-start=\"559\" data-end=\"933\" data-is-last-node=\"\" data-is-only-node=\"\">Imamo tudi nekaj drugih priljubljenih vape izdelkov z zaslonom, kot so <a href=\"https:\/\/vapestornado.com\/sl\/product\/solaris-25000-puff-solar-charging-dispsoable-vape-kit-usa\/\">SOLARIS 25000 PUFF<\/a>, <a href=\"https:\/\/vapestornado.com\/sl\/product\/elfbar-planet-25000-wholesale-disposable-vape-kit-with-digital-screen\/\">ELF BAR Planet 25000<\/a>, <a href=\"https:\/\/vapestornado.com\/sl\/product\/elfworld-ai22000-22k-puff-disposable-vape-pen-kit-best-seller-in-poland\/\">Elf WORLD AI 22000<\/a>, in \u0161e ve\u010d.<\/p>\n<\/div>\n<div class=\"relative p-1 rounded-sm flex items-center justify-center bg-token-main-surface-primary text-token-text-primary h-8 w-8\">\n<h2>Pogosta vpra\u0161anja<\/h2>\n<p data-start=\"3043\" data-end=\"3258\"><strong data-start=\"3043\" data-end=\"3118\">1. Ali potrebujete poseben polnilec za enkratne naprave Bang Box 50000 vdihov?<\/strong><br data-start=\"3118\" data-end=\"3121\" \/>Ne. The <strong data-start=\"3129\" data-end=\"3168\">Bang Box 50000 Puff Vape za enkratno uporabo<\/strong> uporabe <strong data-start=\"3174\" data-end=\"3188\">USB Tip-C<\/strong>, zato bo deloval kateri koli standardni kabel Type-C in varen USB napajalnik.<\/p>\n<p data-start=\"3260\" data-end=\"3561\"><strong data-start=\"3260\" data-end=\"3350\">2. Katera enkratna naprava dejansko traja najdlje: Bang Box 50000 vdihov ali Bang box 30k naprava?<\/strong><br data-start=\"3350\" data-end=\"3353\" \/>Pri vsakodnevni uporabi je <strong data-start=\"3374\" data-end=\"3397\">Bang Box 50000 Vpihov<\/strong> obi\u010dajno traja dlje, ker zdru\u017euje <strong data-start=\"3441\" data-end=\"3500\">50.000 vdihov, 45 ml e-teko\u010dine in baterija za ponovno polnjenje<\/strong>, medtem ko ima ve\u010dina modelov s 30.000 vdihov manj teko\u010dine in prej zmanjka.<\/p>\n<p data-start=\"3563\" data-end=\"3814\"><strong data-start=\"3563\" data-end=\"3627\">3. Ali je sistem dvojnega okusa Bang Box 50000 Puff vreden nakupa?<\/strong><br data-start=\"3627\" data-end=\"3630\" \/>Da, \u010de je raznolikost okusov pomembna. Sistem <strong data-start=\"3665\" data-end=\"3705\">Bang Box 50000 Puff vape z dvojnim okusom<\/strong> ponuja dva profila v enem ohi\u0161ju, zato je preklapljanje okusov takoj\u0161nje in ne zahteva druge naprave.<\/p>\n<p data-start=\"3816\" data-end=\"4050\"><strong data-start=\"3816\" data-end=\"3886\">4. Ali Bang Box 50000 Puff ohranja mo\u010dan okus do konca?<\/strong><br data-start=\"3886\" data-end=\"3889\" \/>The <strong data-start=\"3893\" data-end=\"3906\">mre\u017easto tuljavo<\/strong> pomaga ohranjati enakomerno segrevanje po celotnem velikem rezervoarju, kar zmanj\u0161uje padec okusa v poznej\u0161i fazi in suhe zadetke, ki se lahko pojavijo pri razpolo\u017eljivih izdelkih visoke zmogljivosti.<\/p>\n<p data-start=\"4052\" data-end=\"4308\"><strong data-start=\"4052\" data-end=\"4122\">5. Ali lahko vzamem Bang Box 50000 Puff vape za enkratno uporabo na letalo?<\/strong><br data-start=\"4122\" data-end=\"4125\" \/>Ve\u010dina letalskih prevoznikov dovoljuje enkratne naprave <strong data-start=\"4157\" data-end=\"4185\">samo v ro\u010dni prtljagi<\/strong>, ne v oddani prtljagi, ker vsebujejo baterije. Naj bo <strong data-start=\"4246\" data-end=\"4269\">Bang Box 50000 Vpihov<\/strong> zape\u010daten in upo\u0161tevajte pravila letalske dru\u017ebe\/lokalne predpise.<\/p>\n<\/div>\n<\/div>\n<\/div>\n<\/div>","protected":false},"excerpt":{"rendered":"<p class=\"LC20lb MBeuO DKV0Md\">Bang Box 50000 Puff Disposable Vape z 45ml rezervoarjem za dvojni okus<br \/>\nBang Box 50000 Puff Dual Flavour Vape z pametnim digitalnim zaslonom<br \/>\nBang Box 50k Puff Type-C polnljiva mre\u017ena tuljava enkratna naprava<\/p>\n<p><strong>Dodajte Amyin WhatsApp, da dobite pravi odgovor in ceno s popustom!<\/strong><\/p>\n<p><img fetchpriority=\"high\" decoding=\"async\" class=\"size-full wp-image-2932\" src=\"https:\/\/vapestornado.com\/wp-content\/uploads\/2024\/12\/Vape-Wholesale.jpg\" alt=\"Vape Veleprodaja\" width=\"229\" height=\"300\" \/><\/p>\n<h3><a href=\"https:\/\/wa.me\/8617776015835\"><span style=\"color: #ff0000;\"><strong>WhatsApp: +386 17776015835<\/strong><\/span><\/a><\/h3>\n<p>&nbsp;<\/p>","protected":false},"featured_media":4122,"comment_status":"open","ping_status":"closed","template":"","meta":{"_acf_changed":false,"_uag_custom_page_level_css":"","_lmt_disableupdate":"no","_lmt_disable":"","_monsterinsights_skip_tracking":false,"_monsterinsights_sitenote_active":false,"_monsterinsights_sitenote_note":"","_monsterinsights_sitenote_category":0,"site-sidebar-layout":"default","site-content-layout":"","ast-site-content-layout":"default","site-content-style":"default","site-sidebar-style":"default","ast-global-header-display":"","ast-banner-title-visibility":"","ast-main-header-display":"","ast-hfb-above-header-display":"","ast-hfb-below-header-display":"","ast-hfb-mobile-header-display":"","site-post-title":"","ast-breadcrumbs-content":"","ast-featured-img":"","footer-sml-layout":"","ast-disable-related-posts":"","theme-transparent-header-meta":"default","adv-header-id-meta":"","stick-header-meta":"","header-above-stick-meta":"","header-main-stick-meta":"","header-below-stick-meta":"","astra-migrate-meta-layouts":"set","ast-page-background-enabled":"default","ast-page-background-meta":{"desktop":{"background-color":"","background-image":"","background-repeat":"repeat","background-position":"center center","background-size":"auto","background-attachment":"scroll","background-type":"","background-media":"","overlay-type":"","overlay-color":"","overlay-opacity":"","overlay-gradient":""},"tablet":{"background-color":"","background-image":"","background-repeat":"repeat","background-position":"center center","background-size":"auto","background-attachment":"scroll","background-type":"","background-media":"","overlay-type":"","overlay-color":"","overlay-opacity":"","overlay-gradient":""},"mobile":{"background-color":"","background-image":"","background-repeat":"repeat","background-position":"center center","background-size":"auto","background-attachment":"scroll","background-type":"","background-media":"","overlay-type":"","overlay-color":"","overlay-opacity":"","overlay-gradient":""}},"ast-content-background-meta":{"desktop":{"background-color":"var(--ast-global-color-5)","background-image":"","background-repeat":"repeat","background-position":"center center","background-size":"auto","background-attachment":"scroll","background-type":"","background-media":"","overlay-type":"","overlay-color":"","overlay-opacity":"","overlay-gradient":""},"tablet":{"background-color":"var(--ast-global-color-5)","background-image":"","background-repeat":"repeat","background-position":"center center","background-size":"auto","background-attachment":"scroll","background-type":"","background-media":"","overlay-type":"","overlay-color":"","overlay-opacity":"","overlay-gradient":""},"mobile":{"background-color":"var(--ast-global-color-5)","background-image":"","background-repeat":"repeat","background-position":"center center","background-size":"auto","background-attachment":"scroll","background-type":"","background-media":"","overlay-type":"","overlay-color":"","overlay-opacity":"","overlay-gradient":""}},"_joinchat":{"telephone":"17776015835"}},"product_brand":[],"product_cat":[192,64,150,151,142,146],"product_tag":[332,333,474,105,195,189],"class_list":{"0":"post-4126","1":"product","2":"type-product","3":"status-publish","4":"has-post-thumbnail","6":"product_cat-50000-puff","7":"product_cat-bangbox-vape","8":"product_cat-buy-disposable-vapes-in-belgium","9":"product_cat-buy-disposable-vapes-in-france","10":"product_cat-digital-box-disposable-vapes","11":"product_cat-rechargeable-disposable-vapes","12":"product_tag-bang-box-50000","13":"product_tag-bang-box-50k","14":"product_tag-bang-hot-sale-vape","15":"product_tag-digital-disposable-vape","16":"product_tag-dual-flavor-disposable-vape","17":"product_tag-puff-50k","18":"desktop-align-left","19":"tablet-align-left","20":"mobile-align-left","22":"first","23":"instock","24":"sale","25":"shipping-taxable","26":"purchasable","27":"product-type-simple"},"acf":[],"uagb_featured_image_src":{"full":["https:\/\/vapestornado.com\/wp-content\/uploads\/2025\/04\/Bang-Box-50000-Puff-Best-Double-Flavor-Vape-scaled.webp",2560,2560,false],"thumbnail":["https:\/\/vapestornado.com\/wp-content\/uploads\/2025\/04\/Bang-Box-50000-Puff-Best-Double-Flavor-Vape-150x150.webp",150,150,true],"medium":["https:\/\/vapestornado.com\/wp-content\/uploads\/2025\/04\/Bang-Box-50000-Puff-Best-Double-Flavor-Vape-300x300.webp",300,300,true],"medium_large":["https:\/\/vapestornado.com\/wp-content\/uploads\/2025\/04\/Bang-Box-50000-Puff-Best-Double-Flavor-Vape-768x768.webp",768,768,true],"large":["https:\/\/vapestornado.com\/wp-content\/uploads\/2025\/04\/Bang-Box-50000-Puff-Best-Double-Flavor-Vape-1024x1024.webp",1024,1024,true],"1536x1536":["https:\/\/vapestornado.com\/wp-content\/uploads\/2025\/04\/Bang-Box-50000-Puff-Best-Double-Flavor-Vape-1536x1536.webp",1536,1536,true],"2048x2048":["https:\/\/vapestornado.com\/wp-content\/uploads\/2025\/04\/Bang-Box-50000-Puff-Best-Double-Flavor-Vape-2048x2048.webp",2048,2048,true],"trp-custom-language-flag":["https:\/\/vapestornado.com\/wp-content\/uploads\/2025\/04\/Bang-Box-50000-Puff-Best-Double-Flavor-Vape-scaled.webp",12,12,false],"woocommerce_thumbnail":["https:\/\/vapestornado.com\/wp-content\/uploads\/2025\/04\/Bang-Box-50000-Puff-Best-Double-Flavor-Vape-300x300.webp",300,300,true],"woocommerce_single":["https:\/\/vapestornado.com\/wp-content\/uploads\/2025\/04\/Bang-Box-50000-Puff-Best-Double-Flavor-Vape-600x600.webp",600,600,true],"woocommerce_gallery_thumbnail":["https:\/\/vapestornado.com\/wp-content\/uploads\/2025\/04\/Bang-Box-50000-Puff-Best-Double-Flavor-Vape-100x100.webp",100,100,true]},"uagb_author_info":{"display_name":"ESAMY","author_link":"https:\/\/vapestornado.com\/sl\/author\/"},"uagb_comment_info":0,"uagb_excerpt":"Bang Box 50000 Puff Disposable Vape with 45ml Dual-Flavor Tank Bang Box 50000 Puff Dual Flavour Vape with Smart Digital Display Bang Box 50k Puff Type-C Rechargeable Mesh Coil Disposable Device Add Amy's whatsapp to get right reply and discount price! WhatsApp: +86 17776015835 &nbsp;","_links":{"self":[{"href":"https:\/\/vapestornado.com\/sl\/wp-json\/wp\/v2\/product\/4126","targetHints":{"allow":["GET"]}}],"collection":[{"href":"https:\/\/vapestornado.com\/sl\/wp-json\/wp\/v2\/product"}],"about":[{"href":"https:\/\/vapestornado.com\/sl\/wp-json\/wp\/v2\/types\/product"}],"replies":[{"embeddable":true,"href":"https:\/\/vapestornado.com\/sl\/wp-json\/wp\/v2\/comments?post=4126"}],"wp:featuredmedia":[{"embeddable":true,"href":"https:\/\/vapestornado.com\/sl\/wp-json\/wp\/v2\/media\/4122"}],"wp:attachment":[{"href":"https:\/\/vapestornado.com\/sl\/wp-json\/wp\/v2\/media?parent=4126"}],"wp:term":[{"taxonomy":"product_brand","embeddable":true,"href":"https:\/\/vapestornado.com\/sl\/wp-json\/wp\/v2\/product_brand?post=4126"},{"taxonomy":"product_cat","embeddable":true,"href":"https:\/\/vapestornado.com\/sl\/wp-json\/wp\/v2\/product_cat?post=4126"},{"taxonomy":"product_tag","embeddable":true,"href":"https:\/\/vapestornado.com\/sl\/wp-json\/wp\/v2\/product_tag?post=4126"}],"curies":[{"name":"wp","href":"https:\/\/api.w.org\/{rel}","templated":true}]}}