{"id":4103,"date":"2025-04-10T09:29:15","date_gmt":"2025-04-10T09:29:15","guid":{"rendered":"https:\/\/vapestornado.com\/?post_type=product&#038;p=4103"},"modified":"2025-12-02T09:08:48","modified_gmt":"2025-12-02T09:08:48","slug":"bang-leader-45000-puff-45k-cheap-e-cigs-bulk-buy-online","status":"publish","type":"product","link":"https:\/\/vapestornado.com\/sl\/product\/bang-leader-45000-puff-45k-cheap-e-cigs-bulk-buy-online\/","title":{"rendered":"Bang Leader 45000 Vpihov 45k Poceni E-cigarete Nakup v Spletu na Debelo"},"content":{"rendered":"<h1 data-pm-slice=\"1 1 []\">Bang Leader 45000 Vpihov 45k Poceni E-cigarete Nakup v Spletu na Debelo<\/h1>\n<p data-start=\"465\" data-end=\"826\">The <strong data-start=\"469\" data-end=\"511\">Bang Leader 45000 Puff Vape za enkratno uporabo<\/strong> stoj\u00ed kot ena najmo\u010dnej\u0161ih in najbolj zanesljivih mo\u017enosti v kategoriji enkratnih vape naprav 45.000 Puff. Z 650mAh polnilno baterijo, nikotinsko mo\u010djo 0%, 2% in 5% ter impresivno kapaciteto 45.000 vdihov, naprava zagotavlja dolgo trajajo\u010do in dosledno izku\u0161njo vapinga, popolno za dalj\u0161e seje.<\/p>\n<h4 data-start=\"828\" data-end=\"878\">1. Visoko zmogljiva baterija in pametni zaslon<\/h4>\n<p data-start=\"879\" data-end=\"1303\">Opremljen z <strong data-start=\"895\" data-end=\"926\">650mAh polnilno baterijo<\/strong>, vam vape Bang Leader zagotavlja, da lahko u\u017eivate v dalj\u0161ih sejah vapinga brez skrbi zaradi pogostega polnjenja. Prav tako ima <strong data-start=\"1058\" data-end=\"1083\">digitalni pametni zaslon<\/strong> ki zagotavlja informacije v realnem \u010dasu o ravni baterije in e-teko\u010dine, kar uporabnikom daje popoln nadzor med uporabo. Ta funkcija odpravlja ugibanje, pomaga spremljati stanje naprave za brezskrbno izku\u0161njo.<\/p>\n<h4 data-start=\"1305\" data-end=\"1337\">2. Optimizirana mre\u017easta tuljava 1.0\u03a9<\/h4>\n<p data-start=\"1338\" data-end=\"1634\">The <strong data-start=\"1342\" data-end=\"1360\">Mre\u017ena tuljava 1,0 \u03a9<\/strong> ki se uporablja v vape Bang Leader, izbolj\u0161uje proizvodnjo pare in zagotavlja gladke, okusne vdihove od za\u010detka do konca. Oblika mre\u017easte tuljave nudi bolj\u0161o u\u010dinkovitost segrevanja, zagotavlja dosledno in enakomerno paro skozi celotno uporabo naprave, s \u010dimer izbolj\u0161uje celotno izku\u0161njo vapinga.<\/p>\n<h4 data-start=\"1636\" data-end=\"1672\">3. Sistem za dvojno menjavo okusov<\/h4>\n<p data-start=\"1673\" data-end=\"1877\">Ena izstopajo\u010dih lastnosti te vape je njen <strong data-start=\"1712\" data-end=\"1744\">sistem za dvojno menjavo okusov<\/strong>, ki uporabnikom omogo\u010da takoj\u0161njo zamenjavo med dvema razli\u010dnima profiloma okusa. Nekatere najbolj priljubljene kombinacije okusov vklju\u010dujejo:<\/p>\n<ul data-start=\"1878\" data-end=\"2042\">\n<li data-start=\"1878\" data-end=\"1928\">\n<p data-start=\"1880\" data-end=\"1928\"><strong data-start=\"1880\" data-end=\"1928\">Borovnica Malina<\/strong><\/p>\n<\/li>\n<li data-start=\"1929\" data-end=\"1969\">\n<p data-start=\"1931\" data-end=\"1969\"><strong data-start=\"1931\" data-end=\"1969\">Red Bull<\/strong><\/p>\n<\/li>\n<li data-start=\"1970\" data-end=\"2003\">\n<p data-start=\"1972\" data-end=\"2003\"><strong data-start=\"1972\" data-end=\"2003\">Cola Ice<\/strong><\/p>\n<\/li>\n<li data-start=\"2004\" data-end=\"2042\">\n<p data-start=\"2006\" data-end=\"2042\"><strong data-start=\"2006\" data-end=\"2042\">Blueberry Ice<\/strong><\/p>\n<\/li>\n<\/ul>\n<p data-start=\"2044\" data-end=\"2199\">Ta sistem dvojnega okusa zagotavlja vsestranskost, saj uporabnikom omogo\u010da u\u017eivanje v razli\u010dnih okusih v eni napravi, kar izku\u0161njo vapinga ohranja sve\u017eo in razburljivo.<\/p>\n<h4 data-start=\"2201\" data-end=\"2236\">4. Kompaktna in prenosna zasnova<\/h4>\n<p data-start=\"2237\" data-end=\"2544\">The <strong data-start=\"2241\" data-end=\"2267\">Bang Leader 45000 Puff<\/strong> je zasnovan tako, da je kompakten in primeren za \u017eep, kar zagotavlja udobje za uporabo na poti. Njegova ergonomska zasnova omogo\u010da uporabnikom, da ga brez te\u017eav nosijo, bodisi za vsakodnevno uporabo ali med potovanjem. Je prakti\u010dna re\u0161itev za tiste, ki i\u0161\u010dejo visokozmogljivo, prenosno vape napravo.<\/p>\n<h4 data-start=\"2546\" data-end=\"2585\">5. Mo\u010dna povpra\u0161evanja na trgu za Evropo<\/h4>\n<p data-start=\"2586\" data-end=\"2963\">Kot vrhunska enkratna vape naprava, <strong data-start=\"2620\" data-end=\"2646\">Bang Leader 45000 Puff<\/strong> je zasnovan tako, da zadovolji rastlo povpra\u0161evanje na evropskem trgu. Njegove zmogljivosti in funkcije ga naredijo odli\u010dno izbiro tako za osebno uporabo kot za veleprodajo. Za vape trgovine in distributerje ponuja mo\u010dan potencial povpra\u0161evanja, <strong data-start=\"2884\" data-end=\"2907\">konkurentne mar\u017ee<\/strong>, in napravo, zasnovano za privabljanje <strong data-start=\"2942\" data-end=\"2962\">ponovnih strank<\/strong>.<\/p>\n<h4 data-start=\"2965\" data-end=\"2998\">6. Mo\u017enosti jakosti nikotina<\/h4>\n<p data-start=\"2999\" data-end=\"3233\">Napravljen je v treh mo\u017enostih jakosti nikotina: <strong data-start=\"3059\" data-end=\"3077\">0%, 2% in 5%<\/strong>, ki ustreza \u0161irokemu krogu uporabnikov. Ne glede na to, ali imate raje breznikotinsko izku\u0161njo ali mo\u010dnej\u0161i udarec, ima Bang Leader 45000 Puff za vsakogar.<\/p>\n<p data-start=\"666\" data-end=\"1235\"><strong style=\"font-size: 16px;\"><span style=\"color: #ff0000;\">Dodajte Amy na WhatsApp za pravilen odgovor in ceno s popustom!<\/span><\/strong><\/p>\n<p><img fetchpriority=\"high\" decoding=\"async\" class=\"size-full wp-image-2932\" src=\"https:\/\/vapestornado.com\/wp-content\/uploads\/2024\/12\/Vape-Wholesale.jpg\" alt=\"Vape Veleprodaja\" width=\"229\" height=\"300\" \/><\/p>\n<h3><a href=\"https:\/\/wa.me\/8617776015835\" target=\"_blank\" rel=\"noopener\"><span style=\"color: #ff0000;\"><strong>WhatsApp: +386 17776015835<\/strong><\/span><\/a><\/h3>\n<p>&nbsp;<\/p>\n<h2><strong>Klju\u010dne lastnosti izdelka Bang Leader 45000<\/strong><\/h2>\n<p>Znamka: BANG LEADER<br \/>\nVDIHOV: 45000<br \/>\nBaterija: 650mah, mo\u017enost ponovnega polnjenja<br \/>\nUpornost: 1,0ohm<br \/>\n2 v 1 dvojna aroma<br \/>\nDigitalni zaslon za olje in baterijo<br \/>\nNikotin 0% 2% 5%<\/p>\n<h2 class=\"product-title\"><strong>Bang Leader 45k Razpolo\u017eljive E Cigarete Pregled Okusov<\/strong><\/h2>\n<article class=\"w-full text-token-text-primary focus-visible:outline-2 focus-visible:outline-offset-[-4px]\" dir=\"auto\" data-testid=\"conversation-turn-32\" data-scroll-anchor=\"false\">\n<div class=\"m-auto text-base py-[18px] px-6\">\n<div class=\"mx-auto flex flex-1 text-base gap-4 md:gap-5 lg:gap-6 md:max-w-3xl lg:max-w-[40rem] xl:max-w-[48rem]\">\n<div class=\"group\/conversation-turn relative flex w-full min-w-0 flex-col @xs\/thread:px-0 @sm\/thread:px-1.5 @md\/thread:px-4\">\n<div class=\"flex-col gap-1 md:gap-3\">\n<div class=\"flex max-w-full flex-col flex-grow\">\n<div class=\"min-h-8 text-message flex w-full flex-col items-end gap-2 whitespace-normal break-words text-start [.text-message+&amp;]:mt-5\" dir=\"auto\" data-message-author-role=\"user\" data-message-id=\"ffac41ca-1db4-431b-873a-32c4052956f1\">\n<div class=\"flex w-full flex-col gap-1 empty:hidden items-end rtl:items-start\">\n<div class=\"relative max-w-[var(--user-chat-width,70%)] rounded-3xl bg-token-message-surface px-5 py-2.5\">\n<div class=\"absolute bottom-0 right-full top-0 -mr-3.5 hidden pr-5 pt-2 [.group\/conversation-turn:hover_&amp;]:flex\">\n<div class=\"flex\">\n<article class=\"w-full text-token-text-primary focus-visible:outline-2 focus-visible:outline-offset-[-4px]\" dir=\"auto\" data-testid=\"conversation-turn-39\" data-scroll-anchor=\"true\">\n<div class=\"m-auto text-base py-[18px] px-6\">\n<div class=\"mx-auto flex flex-1 text-base gap-4 md:gap-5 lg:gap-6 md:max-w-3xl lg:max-w-[40rem] xl:max-w-[48rem]\">\n<div class=\"group\/conversation-turn relative flex w-full min-w-0 flex-col agent-turn @xs\/thread:px-0 @sm\/thread:px-1.5 @md\/thread:px-4\">\n<div class=\"flex-col gap-1 md:gap-3\">\n<div class=\"flex max-w-full flex-col flex-grow\">\n<div class=\"min-h-8 text-message flex w-full flex-col items-end gap-2 whitespace-normal break-words text-start [.text-message+&amp;]:mt-5\" dir=\"auto\" data-message-author-role=\"assistant\" data-message-id=\"55a23854-ec57-48dd-bd4f-6118f43d6241\" data-message-model-slug=\"gpt-4o\">\n<div class=\"flex w-full flex-col gap-1 empty:hidden first:pt-[3px]\">\n<div class=\"markdown prose w-full break-words dark:prose-invert light\">\n<p>1. Lubenica Led<br \/>\n2. Jagoda in Lubenica<br \/>\n3. Jagoda in lubenica<br \/>\n4. Borovnica Malina<br \/>\n5. Borovnica Lubenica<br \/>\n6. Borovni\u010dni Led<br \/>\n7. Borovni\u010dni Led<br \/>\n8. Red Bull<br \/>\n9. Red Bull<br \/>\n10. Jagoda Kiwi<br \/>\n11. Cola Ice<br \/>\n12. Ananas Ice<\/p>\n<figure id=\"attachment_4097\" aria-describedby=\"caption-attachment-4097\" style=\"width: 300px\" class=\"wp-caption alignnone\"><img decoding=\"async\" class=\"size-medium wp-image-4097\" src=\"https:\/\/vapestornado.com\/wp-content\/uploads\/2025\/04\/Bang-45000-Puff-Buy-Vape-Mods-Online-300x300.webp\" alt=\"Bang 45000 Vpihov Kupite Vape Mode Na Spletu\" width=\"300\" height=\"300\" srcset=\"https:\/\/vapestornado.com\/wp-content\/uploads\/2025\/04\/Bang-45000-Puff-Buy-Vape-Mods-Online-300x300.webp 300w, https:\/\/vapestornado.com\/wp-content\/uploads\/2025\/04\/Bang-45000-Puff-Buy-Vape-Mods-Online-150x150.webp 150w, https:\/\/vapestornado.com\/wp-content\/uploads\/2025\/04\/Bang-45000-Puff-Buy-Vape-Mods-Online-768x768.webp 768w, https:\/\/vapestornado.com\/wp-content\/uploads\/2025\/04\/Bang-45000-Puff-Buy-Vape-Mods-Online-600x600.webp 600w, https:\/\/vapestornado.com\/wp-content\/uploads\/2025\/04\/Bang-45000-Puff-Buy-Vape-Mods-Online-100x100.webp 100w, https:\/\/vapestornado.com\/wp-content\/uploads\/2025\/04\/Bang-45000-Puff-Buy-Vape-Mods-Online.webp 800w\" sizes=\"(max-width: 300px) 100vw, 300px\" \/><figcaption id=\"caption-attachment-4097\" class=\"wp-caption-text\">Bang 45000 Vpihov Kupite Vape Mode Na Spletu<\/figcaption><\/figure>\n<\/div>\n<\/div>\n<\/div>\n<\/div>\n<\/div>\n<\/div>\n<\/div>\n<\/div>\n<\/article>\n<\/div>\n<\/div>\n<\/div>\n<\/div>\n<\/div>\n<\/div>\n<\/div>\n<\/div>\n<\/div>\n<\/div>\n<\/article>\n<h2>Zakaj je Vapestornado najbolj\u0161e mesto za nakup e-cigaret?<\/h2>\n<div class=\"flex-shrink-0 flex flex-col relative items-end\">\n<div class=\"pt-0\">\n<div class=\"gizmo-bot-avatar flex h-8 w-8 items-center justify-center overflow-hidden rounded-full\">\n<div class=\"relative p-1 rounded-sm flex items-center justify-center bg-token-main-surface-primary text-token-text-primary h-8 w-8\">\n<p>At\u00a0<strong>VapeTornado<\/strong>, ponosni smo na zagotavljanje\u00a0<strong>vrhunskih izdelkov za vaping po neprekosljivih cenah<\/strong>\u2014in Bang Leader 45000 Puff 45k ni izjema! Tukaj je razlog, zakaj bi morali kupovati pri nas:<\/p>\n<p class=\"\" data-start=\"49\" data-end=\"193\"><strong data-start=\"49\" data-end=\"81\">Neprekosljive veleprodajne cene<\/strong> \u2013 U\u017eivajte v najbolj\u0161ih ponudbah za nakup v razsutem stanju na trgu, zaradi \u010desar smo glavni dobavitelj za trgovine z vape izdelki in preprodajalce po vsem svetu.<\/p>\n<p class=\"\" data-start=\"195\" data-end=\"340\"><strong data-start=\"195\" data-end=\"228\">Hitro<\/strong> \u2013 Va\u0161a naro\u010dila dostavimo hitro in varno, z zanesljivimi mo\u017enostmi po\u0161iljanja po vsem svetu, prilagojenimi va\u0161im potrebam.<\/p>\n<p class=\"\" data-start=\"342\" data-end=\"487\"><strong data-start=\"342\" data-end=\"367\">100-odstotno originalni izdelki<\/strong> \u2013 Poslovite se od ponaredkov! Zagotavljamo samo originalne Bang 45000 Puff Vape nakupe s preverjeno kakovostjo in zmogljivostjo.<\/p>\n<p class=\"\" data-start=\"489\" data-end=\"627\"><strong data-start=\"489\" data-end=\"516\">Strokovna podpora strankam<\/strong> \u2013 Imate vpra\u0161anja? Na\u0161a ekipa strokovnjakov za vape je tukaj za vas kadarkoli in zagotavlja nemoteno in enostavno storitev.<\/p>\n<p data-start=\"559\" data-end=\"933\" data-is-last-node=\"\" data-is-only-node=\"\">Imamo tudi nekaj drugih priljubljenih vape izdelkov z zaslonom, kot so <a href=\"https:\/\/vapestornado.com\/sl\/product\/wga-legend-ultra-30k-30000-puffs-rechargeable-vape-pod-twins-flavor\/\">WGA Crystal 30000 Vpihov<\/a>, <a href=\"https:\/\/vapestornado.com\/sl\/product\/waspe-aiviou-3-in-1-60000-puffs-disposable-vape-kit-best-price\/\">WASPE 60000 3 v 1<\/a>, <a href=\"https:\/\/vapestornado.com\/sl\/product\/uzy-crystal-50000-puff-twin-flavor-bulk-vapes-for-cheap\/\">UZI Kristal 50000<\/a>, in \u0161e ve\u010d.<\/p>\n<\/div>\n<div class=\"relative p-1 rounded-sm flex items-center justify-center bg-token-main-surface-primary text-token-text-primary h-8 w-8\">\n<h2>Pogosta vpra\u0161anja o Bang Leader 45000 Vpihov, ki bi jih morda morali vedeti<\/h2>\n<p class=\"\" data-start=\"1408\" data-end=\"1608\"><strong data-start=\"1408\" data-end=\"1466\">1. Kako dolgo zdr\u017ei Bang Leader 45000 Vpihov vape?<\/strong><br data-start=\"1466\" data-end=\"1469\" \/>Ta naprava ponuja do <strong data-start=\"1494\" data-end=\"1509\">45000 vpihov<\/strong>, kar lahko traja ve\u010d tednov, odvisno od va\u0161e uporabe, zaradi \u010desar je idealna za dolgotrajno vejpanje ali nadaljnjo prodajo.<\/p>\n<p class=\"\" data-start=\"1610\" data-end=\"1771\"><strong data-start=\"1610\" data-end=\"1659\">2. Ali lahko ponovno napolnim Bang Leader 45000 vape?<\/strong><br data-start=\"1659\" data-end=\"1662\" \/>Da! Ima vgrajeno <strong data-start=\"1692\" data-end=\"1723\">650mAh polnilno baterijo<\/strong> in vrata za polnjenje Type-C za hitro polnjenje.<\/p>\n<p class=\"\" data-start=\"1773\" data-end=\"1986\"><strong data-start=\"1773\" data-end=\"1826\">3. Kak\u0161na je prednost sistema z dvojnim okusom?<\/strong><br data-start=\"1826\" data-end=\"1829\" \/>The <strong data-start=\"1833\" data-end=\"1857\">2 v 1 dvojna aroma<\/strong> nastavitev vam omogo\u010da ve\u010djo raznolikost v eni napravi. Lahko u\u017eivate v enem okusu, preklopite na drugega ali me\u0161ate za edinstveno izku\u0161njo okusa.<\/p>\n<p class=\"\" data-start=\"1988\" data-end=\"2168\"><strong data-start=\"1988\" data-end=\"2047\">4. Ali obstaja na\u010din za preverjanje nivoja baterije in e-teko\u010dine?<\/strong><br data-start=\"2047\" data-end=\"2050\" \/>Seveda! The <strong data-start=\"2066\" data-end=\"2091\">pametni digitalni zaslon<\/strong> prikazuje \u017eivljenjsko dobo baterije in preostalo e-teko\u010dino, tako da imate vedno nadzor.<\/p>\n<p class=\"\" data-start=\"2170\" data-end=\"2384\"><strong data-start=\"2170\" data-end=\"2225\">5. Katere so nekatere izmed najbolj priljubljenih kombinacij okusov?<\/strong><br data-start=\"2225\" data-end=\"2228\" \/>Vro\u010di izbori vklju\u010dujejo <strong data-start=\"2246\" data-end=\"2277\">Jagoda Kiwi<\/strong>, <strong data-start=\"2279\" data-end=\"2316\">Borovni\u010dev led<\/strong>in <strong data-start=\"2322\" data-end=\"2354\">Ananasov led<\/strong> \u2013 priljubljene med obo\u017eevalci z razlogom!<\/p>\n<\/div>\n<\/div>\n<\/div>\n<\/div>","protected":false},"excerpt":{"rendered":"<p class=\"LC20lb MBeuO DKV0Md\">Bang Leader 45000 Poceni E Cigarete Trgovina z dimom na debelo Poljska<br \/>\nBang 45000 Vpihov 45k 2 v 1 Vape \u0161katla z dvojnim okusom po veleprodajni ceni<br \/>\nBang Leader Puff 45k Poceni ECigarete Kupite v razsutem stanju<\/p>\n<p><strong>Dodajte Amyin WhatsApp, da dobite pravi odgovor in ceno s popustom!<\/strong><\/p>\n<p><img fetchpriority=\"high\" decoding=\"async\" class=\"size-full wp-image-2932\" src=\"https:\/\/vapestornado.com\/wp-content\/uploads\/2024\/12\/Vape-Wholesale.jpg\" alt=\"Vape Veleprodaja\" width=\"229\" height=\"300\" \/><\/p>\n<h3><a href=\"https:\/\/wa.me\/8617776015835\"><span style=\"color: #ff0000;\"><strong>WhatsApp: +386 17776015835<\/strong><\/span><\/a><\/h3>\n<p>&nbsp;<\/p>","protected":false},"featured_media":4098,"comment_status":"open","ping_status":"closed","template":"","meta":{"_acf_changed":false,"_uag_custom_page_level_css":"","_lmt_disableupdate":"no","_lmt_disable":"","_monsterinsights_skip_tracking":false,"_monsterinsights_sitenote_active":false,"_monsterinsights_sitenote_note":"","_monsterinsights_sitenote_category":0,"site-sidebar-layout":"default","site-content-layout":"","ast-site-content-layout":"default","site-content-style":"default","site-sidebar-style":"default","ast-global-header-display":"","ast-banner-title-visibility":"","ast-main-header-display":"","ast-hfb-above-header-display":"","ast-hfb-below-header-display":"","ast-hfb-mobile-header-display":"","site-post-title":"","ast-breadcrumbs-content":"","ast-featured-img":"","footer-sml-layout":"","ast-disable-related-posts":"","theme-transparent-header-meta":"default","adv-header-id-meta":"","stick-header-meta":"","header-above-stick-meta":"","header-main-stick-meta":"","header-below-stick-meta":"","astra-migrate-meta-layouts":"set","ast-page-background-enabled":"default","ast-page-background-meta":{"desktop":{"background-color":"","background-image":"","background-repeat":"repeat","background-position":"center center","background-size":"auto","background-attachment":"scroll","background-type":"","background-media":"","overlay-type":"","overlay-color":"","overlay-opacity":"","overlay-gradient":""},"tablet":{"background-color":"","background-image":"","background-repeat":"repeat","background-position":"center center","background-size":"auto","background-attachment":"scroll","background-type":"","background-media":"","overlay-type":"","overlay-color":"","overlay-opacity":"","overlay-gradient":""},"mobile":{"background-color":"","background-image":"","background-repeat":"repeat","background-position":"center center","background-size":"auto","background-attachment":"scroll","background-type":"","background-media":"","overlay-type":"","overlay-color":"","overlay-opacity":"","overlay-gradient":""}},"ast-content-background-meta":{"desktop":{"background-color":"var(--ast-global-color-5)","background-image":"","background-repeat":"repeat","background-position":"center center","background-size":"auto","background-attachment":"scroll","background-type":"","background-media":"","overlay-type":"","overlay-color":"","overlay-opacity":"","overlay-gradient":""},"tablet":{"background-color":"var(--ast-global-color-5)","background-image":"","background-repeat":"repeat","background-position":"center center","background-size":"auto","background-attachment":"scroll","background-type":"","background-media":"","overlay-type":"","overlay-color":"","overlay-opacity":"","overlay-gradient":""},"mobile":{"background-color":"var(--ast-global-color-5)","background-image":"","background-repeat":"repeat","background-position":"center center","background-size":"auto","background-attachment":"scroll","background-type":"","background-media":"","overlay-type":"","overlay-color":"","overlay-opacity":"","overlay-gradient":""}},"_joinchat":{"telephone":"17776015835"}},"product_brand":[],"product_cat":[265,278,154,156,142],"product_tag":[329,327,328,105,198],"class_list":{"0":"post-4103","1":"product","2":"type-product","3":"status-publish","4":"has-post-thumbnail","6":"product_cat-45000-puff","7":"product_cat-bang-leader-vape","8":"product_cat-buy-disposable-vapes-in-netherlands","9":"product_cat-buy-disposable-vapes-in-poland","10":"product_cat-digital-box-disposable-vapes","11":"product_tag-bang-leader-45000","12":"product_tag-bang-leader-45k","13":"product_tag-cheap-e-cigs","14":"product_tag-digital-disposable-vape","15":"product_tag-double-flavor-disposable-vape","16":"desktop-align-left","17":"tablet-align-left","18":"mobile-align-left","20":"first","21":"instock","22":"sale","23":"shipping-taxable","24":"purchasable","25":"product-type-simple"},"acf":[],"uagb_featured_image_src":{"full":["https:\/\/vapestornado.com\/wp-content\/uploads\/2025\/04\/Bang-Leader-45k-45000-Puff-Vape-Box-Cheap-Price.webp",800,800,false],"thumbnail":["https:\/\/vapestornado.com\/wp-content\/uploads\/2025\/04\/Bang-Leader-45k-45000-Puff-Vape-Box-Cheap-Price-150x150.webp",150,150,true],"medium":["https:\/\/vapestornado.com\/wp-content\/uploads\/2025\/04\/Bang-Leader-45k-45000-Puff-Vape-Box-Cheap-Price-300x300.webp",300,300,true],"medium_large":["https:\/\/vapestornado.com\/wp-content\/uploads\/2025\/04\/Bang-Leader-45k-45000-Puff-Vape-Box-Cheap-Price-768x768.webp",768,768,true],"large":["https:\/\/vapestornado.com\/wp-content\/uploads\/2025\/04\/Bang-Leader-45k-45000-Puff-Vape-Box-Cheap-Price.webp",800,800,false],"1536x1536":["https:\/\/vapestornado.com\/wp-content\/uploads\/2025\/04\/Bang-Leader-45k-45000-Puff-Vape-Box-Cheap-Price.webp",800,800,false],"2048x2048":["https:\/\/vapestornado.com\/wp-content\/uploads\/2025\/04\/Bang-Leader-45k-45000-Puff-Vape-Box-Cheap-Price.webp",800,800,false],"trp-custom-language-flag":["https:\/\/vapestornado.com\/wp-content\/uploads\/2025\/04\/Bang-Leader-45k-45000-Puff-Vape-Box-Cheap-Price.webp",12,12,false],"woocommerce_thumbnail":["https:\/\/vapestornado.com\/wp-content\/uploads\/2025\/04\/Bang-Leader-45k-45000-Puff-Vape-Box-Cheap-Price-300x300.webp",300,300,true],"woocommerce_single":["https:\/\/vapestornado.com\/wp-content\/uploads\/2025\/04\/Bang-Leader-45k-45000-Puff-Vape-Box-Cheap-Price-600x600.webp",600,600,true],"woocommerce_gallery_thumbnail":["https:\/\/vapestornado.com\/wp-content\/uploads\/2025\/04\/Bang-Leader-45k-45000-Puff-Vape-Box-Cheap-Price-100x100.webp",100,100,true]},"uagb_author_info":{"display_name":"ESAMY","author_link":"https:\/\/vapestornado.com\/sl\/author\/"},"uagb_comment_info":0,"uagb_excerpt":"Bang Leader 45000 Cheap E Cigs Smoke Shop Wholesale Poland Bang\u00a0 45000 Puff 45k 2 in 1 Double Flavor Vape Box Wholesale Price Bang Leader Puff 45k Cheap ECigs Buy In Bulk Add Amy's whatsapp to get right reply and discount price! WhatsApp: +86 17776015835 &nbsp;","_links":{"self":[{"href":"https:\/\/vapestornado.com\/sl\/wp-json\/wp\/v2\/product\/4103","targetHints":{"allow":["GET"]}}],"collection":[{"href":"https:\/\/vapestornado.com\/sl\/wp-json\/wp\/v2\/product"}],"about":[{"href":"https:\/\/vapestornado.com\/sl\/wp-json\/wp\/v2\/types\/product"}],"replies":[{"embeddable":true,"href":"https:\/\/vapestornado.com\/sl\/wp-json\/wp\/v2\/comments?post=4103"}],"wp:featuredmedia":[{"embeddable":true,"href":"https:\/\/vapestornado.com\/sl\/wp-json\/wp\/v2\/media\/4098"}],"wp:attachment":[{"href":"https:\/\/vapestornado.com\/sl\/wp-json\/wp\/v2\/media?parent=4103"}],"wp:term":[{"taxonomy":"product_brand","embeddable":true,"href":"https:\/\/vapestornado.com\/sl\/wp-json\/wp\/v2\/product_brand?post=4103"},{"taxonomy":"product_cat","embeddable":true,"href":"https:\/\/vapestornado.com\/sl\/wp-json\/wp\/v2\/product_cat?post=4103"},{"taxonomy":"product_tag","embeddable":true,"href":"https:\/\/vapestornado.com\/sl\/wp-json\/wp\/v2\/product_tag?post=4103"}],"curies":[{"name":"wp","href":"https:\/\/api.w.org\/{rel}","templated":true}]}}