{"id":4096,"date":"2025-04-09T09:48:55","date_gmt":"2025-04-09T09:48:55","guid":{"rendered":"https:\/\/vapestornado.com\/?post_type=product&#038;p=4096"},"modified":"2025-12-04T03:42:50","modified_gmt":"2025-12-04T03:42:50","slug":"uzy-crystal-50000-puff-twin-flavor-bulk-vapes-for-cheap","status":"publish","type":"product","link":"https:\/\/vapestornado.com\/sl\/product\/uzy-crystal-50000-puff-twin-flavor-bulk-vapes-for-cheap\/","title":{"rendered":"UZY Crystal 50000 Vdihov Vape za enkratno uporabo z dvojnim okusom Poceni na debelo"},"content":{"rendered":"<h2 data-pm-slice=\"1 1 []\">UZY Crystal 50000 Puff Enkratna e-cigaretka \u2014 Dualni okus, najdalj\u0161a \u017eivljenjska doba<\/h2>\n<p data-start=\"265\" data-end=\"700\">\u010ce ste iskali za <strong data-start=\"296\" data-end=\"326\">50000 puff enkratno e-cigaretko<\/strong> ki ne zbledi sredi uporabe, je <strong data-start=\"366\" data-end=\"408\">UZY Crystal 50000 Puff enkratna e-cigaretka<\/strong> zgrajena prav za to. Zasnovana z kristalno navdihnjim telesom in visokozmogljivim dualnim okusnim podom, ponuja vrsto delovanja, ki je ve\u010dina enkratnih naprav ne dose\u017ee \u2014 kar jo postavlja med najbolj\u0161e za tiste, ki \u017eelijo <strong data-start=\"623\" data-end=\"658\">najdlje obstojna vape za enkratno uporabo<\/strong> izku\u0161njo brez stalnih zamenjav.<\/p>\n<h3 data-start=\"702\" data-end=\"743\">Zakaj se UZY Crystal 50000 Puff izstopa<\/h3>\n<p data-start=\"744\" data-end=\"1108\">UZY Crystal zdru\u017euje <strong data-start=\"769\" data-end=\"791\">do 50.000 potiskov<\/strong> s ogromnim <strong data-start=\"807\" data-end=\"857\">40 ml sistem dualnega okusa e-teko\u010dine (20 ml + 20 ml)<\/strong>. To pomeni, da ne dobite le ve\u010d potiskov \u2014 temve\u010d tudi <strong data-start=\"915\" data-end=\"944\">dva okusa v eni napravi<\/strong>, ki ga lahko takoj zamenjate, kadar se va\u0161 okus spremeni. Kot prava <strong data-start=\"1006\" data-end=\"1049\">UZY Crystal 50000 Puff dualni okus e-cigaretka<\/strong>, je idealen za vse-day raznolikost brez no\u0161enja rezervne naprave.<\/p>\n<p data-start=\"1110\" data-end=\"1395\">Delovanje ostaja gladko zahvaljujo\u010d <strong data-start=\"1147\" data-end=\"1183\">0.9\u03a9 + 0.9\u03a9 dvojni mre\u017eni tuljavi<\/strong>, ki se segreva enakomerneje kot tradicionalne tuljave. Rezultat je stabilna gostota pare in dosledni okus od prvega do zadnjega vdihavanja \u2014 vrsta zanesljivosti, ki jo ljudje pri\u010dakujejo od <strong data-start=\"1363\" data-end=\"1385\">najbolj\u0161i 50k vdihov vape<\/strong> kategorija<\/p>\n<h3 data-start=\"1397\" data-end=\"1447\">Pametni zaslon + polnjenje s Type-C = popoln nadzor<\/h3>\n<p data-start=\"1448\" data-end=\"1668\">Za razliko od enkratnih razgradljivih naprav, ki prenehajo delovati, preden se teko\u010dina izprazni, je to <strong data-start=\"1526\" data-end=\"1583\">UZY Crystal 50000 Puff Type-C polnljiva enkratna<\/strong> ga poganja <strong data-start=\"1598\" data-end=\"1616\">850 mAh<\/strong>. Polnjenje kadarkoli, da dokon\u010date vsak kapljico e-teko\u010dine.<\/p>\n<p data-start=\"1670\" data-end=\"1883\">Vgrajen LED pametni zaslon prikazuje raven baterije in nivo e-teko\u010dine v realnem \u010dasu, tako da nikoli ne boste morali ugibati o preostalem \u010dasu \u2014 funkcija, ki je \u0161e posebej cenjena pri te\u017ejih uporabnikih in prodajalcih naprav z visoko zmogljivostjo.<\/p>\n<h3 data-start=\"1885\" data-end=\"1920\">Mo\u017enosti nikotina za vsakega uporabnika<\/h3>\n<p data-start=\"1921\" data-end=\"2118\">Izberite mo\u010d, ki ustreza va\u0161emu trgu ali osebnim \u017eeljam:<br data-start=\"1986\" data-end=\"1989\" \/><strong data-start=\"1989\" data-end=\"2019\">0% \/ 2% \/ 3% \/ 5% nikotin<\/strong> \u2014 od povsem brez nikotina za spro\u0161\u010dene uporabnike do visokonikotinskih, ki \u017eelijo mo\u010dnej\u0161i udarec z dalj\u0161o vzdr\u017eljivostjo.<\/p>\n<h3 data-start=\"2499\" data-end=\"2542\">CENA in NARO\u010cILO UZY Crystal 50000 vdihov<\/h3>\n<p data-start=\"2543\" data-end=\"2677\">I\u0161\u010dete najnovej\u0161e <strong data-start=\"2566\" data-end=\"2598\">Cena UZY Crystal 50000 Puff<\/strong> ali veleprodajne ponudbe? Ponujamo konkuren\u010dne EU veleprodajne mo\u017enosti in hitro izpolnjevanje naro\u010dil.<\/p>\n<p data-start=\"2679\" data-end=\"2849\" data-is-last-node=\"\" data-is-only-node=\"\">Ste pripravljeni na nadgradnjo na pravi napravi z 50k vdihi?<br data-start=\"2722\" data-end=\"2725\" \/><strong data-start=\"2725\" data-end=\"2762\">Kupite UZY Crystal 50000 vdihov preko spleta<\/strong> danes in izkusite eno najdalj\u0161ih trajajo\u010dih dvojnih okusnih razgradljivih naprav na trgu.<\/p>\n<p data-start=\"1220\" data-end=\"1361\">\n<p data-start=\"666\" data-end=\"1235\"><strong style=\"font-size: 16px;\"><span style=\"color: #ff0000;\">Dodajte Amy na WhatsApp za pravilen odgovor in ceno s popustom!<\/span><\/strong><\/p>\n<p><img fetchpriority=\"high\" decoding=\"async\" class=\"size-full wp-image-2932\" src=\"https:\/\/vapestornado.com\/wp-content\/uploads\/2024\/12\/Vape-Wholesale.jpg\" alt=\"Vape Veleprodaja\" width=\"229\" height=\"300\" \/><\/p>\n<h3><a href=\"https:\/\/wa.me\/8617776015835\" target=\"_blank\" rel=\"noopener\"><span style=\"color: #ff0000;\"><strong>WhatsApp: +386 17776015835<\/strong><\/span><\/a><\/h3>\n<p>&nbsp;<\/p>\n<h2><strong>Klju\u010dne lastnosti izdelka UZY Crystal 50000<\/strong><\/h2>\n<table>\n<thead>\n<tr>\n<th>Parameter<\/th>\n<th align=\"right\">Spec<\/th>\n<th>\u010clove\u0161ko razlago<\/th>\n<\/tr>\n<\/thead>\n<tbody>\n<tr>\n<td>Blagovna znamka<\/td>\n<td align=\"right\">UZY<\/td>\n<td>Prepoznana linija razgradljivih naprav; enostavno za stranke za pomnjenje in ponovno nakupovanje.<\/td>\n<\/tr>\n<tr>\n<td>Zmogljivost vdihovanja<\/td>\n<td align=\"right\">Do 50.000 vdihov<\/td>\n<td>Ena najdalj trajajo\u010dih razgradljivih naprav; manj zamenjav.<\/td>\n<\/tr>\n<tr>\n<td>Prostornina E-teko\u010dine<\/td>\n<td align=\"right\">40 ml skupno (20 ml + 20 ml)<\/td>\n<td>Dva velika rezervoarja v eni napravi, ki poganjata celoten \u0161tevec vdihov.<\/td>\n<\/tr>\n<tr>\n<td>Sistem okusa<\/td>\n<td align=\"right\">Dvojni okus<\/td>\n<td>Preklapljajte med dvema okusoma takoj brez menjave naprave.<\/td>\n<\/tr>\n<tr>\n<td>Vrsta Tuljave<\/td>\n<td align=\"right\">0,9\u03a9 + 0,9\u03a9 Dvojna mre\u017ea<\/td>\n<td>Enakomerno segrevanje = bogatej\u0161i okus, gladek vdih in manj za\u017eganih not.<\/td>\n<\/tr>\n<tr>\n<td>Baterija<\/td>\n<td align=\"right\">850mAh Polnjenega zmo\u017enost<\/td>\n<td>Ve\u010dja baterija podpira dolgo uporabo; ponovno polnjenje za dokon\u010danje vse teko\u010dine.<\/td>\n<\/tr>\n<tr>\n<td>Polnjenje<\/td>\n<td align=\"right\">USB Tip-C<\/td>\n<td>Hitrej\u0161i, bolj univerzalni standard polnjenja.<\/td>\n<\/tr>\n<tr>\n<td>Zaslon<\/td>\n<td align=\"right\">LED Pametni zaslon<\/td>\n<td>Jasno prikazuje raven baterije in teko\u010dine, da ostanete pod nadzorom.<\/td>\n<\/tr>\n<tr>\n<td>Mo\u017enosti nikotina<\/td>\n<td align=\"right\">0% \/ 2% \/ 3% \/ 5%<\/td>\n<td>Pokrije uporabnike brez nikotina skozi skupine z visoko preferenco nikotina.<\/td>\n<\/tr>\n<tr>\n<td>Oblikovanje<\/td>\n<td align=\"right\">Kristalno navdihnjeno telo<\/td>\n<td>Premium videz na polici + udoben ob\u010dutek v roki; izstopa v prodaji.<\/td>\n<\/tr>\n<\/tbody>\n<\/table>\n<h2><\/h2>\n<p>&nbsp;<\/p>\n<figure id=\"attachment_4091\" aria-describedby=\"caption-attachment-4091\" style=\"width: 800px\" class=\"wp-caption alignnone\"><img decoding=\"async\" class=\"wp-image-4091 size-full\" src=\"https:\/\/vapestornado.com\/wp-content\/uploads\/2025\/04\/Bulk-Buy-UZY-Crystal-50k-50000-PUFFS-Double-Flavor-Vape-Bar.png\" alt=\"Nakup na debelo UZY Crystal 50k 50000 VPIHOV Vape Bar z dvojnim okusom\" width=\"800\" height=\"800\" srcset=\"https:\/\/vapestornado.com\/wp-content\/uploads\/2025\/04\/Bulk-Buy-UZY-Crystal-50k-50000-PUFFS-Double-Flavor-Vape-Bar.png 800w, https:\/\/vapestornado.com\/wp-content\/uploads\/2025\/04\/Bulk-Buy-UZY-Crystal-50k-50000-PUFFS-Double-Flavor-Vape-Bar-300x300.png 300w, https:\/\/vapestornado.com\/wp-content\/uploads\/2025\/04\/Bulk-Buy-UZY-Crystal-50k-50000-PUFFS-Double-Flavor-Vape-Bar-150x150.png 150w, https:\/\/vapestornado.com\/wp-content\/uploads\/2025\/04\/Bulk-Buy-UZY-Crystal-50k-50000-PUFFS-Double-Flavor-Vape-Bar-768x768.png 768w, https:\/\/vapestornado.com\/wp-content\/uploads\/2025\/04\/Bulk-Buy-UZY-Crystal-50k-50000-PUFFS-Double-Flavor-Vape-Bar-600x600.png 600w, https:\/\/vapestornado.com\/wp-content\/uploads\/2025\/04\/Bulk-Buy-UZY-Crystal-50k-50000-PUFFS-Double-Flavor-Vape-Bar-100x100.png 100w\" sizes=\"(max-width: 800px) 100vw, 800px\" \/><figcaption id=\"caption-attachment-4091\" class=\"wp-caption-text\">Nakup na debelo UZY Crystal 50k 50000 VPIHOV Vape Bar z dvojnim okusom<\/figcaption><\/figure>\n<h2 class=\"product-title\"><strong>Pregled okusov za UZY Crystal 50000 Puff Disposables<\/strong><\/h2>\n<article class=\"w-full text-token-text-primary focus-visible:outline-2 focus-visible:outline-offset-[-4px]\" dir=\"auto\" data-testid=\"conversation-turn-32\" data-scroll-anchor=\"false\">\n<div class=\"m-auto text-base py-[18px] px-6\">\n<div class=\"mx-auto flex flex-1 text-base gap-4 md:gap-5 lg:gap-6 md:max-w-3xl lg:max-w-[40rem] xl:max-w-[48rem]\">\n<div class=\"group\/conversation-turn relative flex w-full min-w-0 flex-col @xs\/thread:px-0 @sm\/thread:px-1.5 @md\/thread:px-4\">\n<div class=\"flex-col gap-1 md:gap-3\">\n<div class=\"flex max-w-full flex-col flex-grow\">\n<div class=\"min-h-8 text-message flex w-full flex-col items-end gap-2 whitespace-normal break-words text-start [.text-message+&amp;]:mt-5\" dir=\"auto\" data-message-author-role=\"user\" data-message-id=\"ffac41ca-1db4-431b-873a-32c4052956f1\">\n<div class=\"flex w-full flex-col gap-1 empty:hidden items-end rtl:items-start\">\n<div class=\"relative max-w-[var(--user-chat-width,70%)] rounded-3xl bg-token-message-surface px-5 py-2.5\">\n<div class=\"absolute bottom-0 right-full top-0 -mr-3.5 hidden pr-5 pt-2 [.group\/conversation-turn:hover_&amp;]:flex\">\n<div class=\"flex\">\n<article class=\"w-full text-token-text-primary focus-visible:outline-2 focus-visible:outline-offset-[-4px]\" dir=\"auto\" data-testid=\"conversation-turn-39\" data-scroll-anchor=\"true\">\n<div class=\"m-auto text-base py-[18px] px-6\">\n<div class=\"mx-auto flex flex-1 text-base gap-4 md:gap-5 lg:gap-6 md:max-w-3xl lg:max-w-[40rem] xl:max-w-[48rem]\">\n<div class=\"group\/conversation-turn relative flex w-full min-w-0 flex-col agent-turn @xs\/thread:px-0 @sm\/thread:px-1.5 @md\/thread:px-4\">\n<div class=\"flex-col gap-1 md:gap-3\">\n<div class=\"flex max-w-full flex-col flex-grow\">\n<div class=\"min-h-8 text-message flex w-full flex-col items-end gap-2 whitespace-normal break-words text-start [.text-message+&amp;]:mt-5\" dir=\"auto\" data-message-author-role=\"assistant\" data-message-id=\"55a23854-ec57-48dd-bd4f-6118f43d6241\" data-message-model-slug=\"gpt-4o\">\n<div class=\"flex w-full flex-col gap-1 empty:hidden first:pt-[3px]\">\n<div class=\"markdown prose w-full break-words dark:prose-invert light\">\n<p>1. Borovnica na ledu<br \/>\n2. Kivi, pasijonka, guava<br \/>\n3. Jagoda, kivi<br \/>\n4. Kivi, pasijonka, guava<br \/>\n5. Jagoda, lubenica<br \/>\n6. Borovnica, malina<br \/>\n7. Jagoda, malina, \u010de\u0161nja<br \/>\n8. Breskev, mango, ananas<br \/>\n9. Lubenica na ledu<br \/>\n10. Jagoda, banana<\/p>\n<\/div>\n<\/div>\n<\/div>\n<\/div>\n<\/div>\n<\/div>\n<\/div>\n<\/div>\n<\/article>\n<\/div>\n<\/div>\n<\/div>\n<\/div>\n<\/div>\n<\/div>\n<\/div>\n<\/div>\n<\/div>\n<\/div>\n<\/article>\n<h2>Zakaj je Vapestornado najbolj\u0161e mesto za nakup razpolo\u017eljivih vej pov?<\/h2>\n<div class=\"flex-shrink-0 flex flex-col relative items-end\">\n<div class=\"pt-0\">\n<div class=\"gizmo-bot-avatar flex h-8 w-8 items-center justify-center overflow-hidden rounded-full\">\n<div class=\"relative p-1 rounded-sm flex items-center justify-center bg-token-main-surface-primary text-token-text-primary h-8 w-8\">\n<p>At\u00a0<strong>VapeTornado<\/strong>, ponosni smo na zagotavljanje\u00a0<strong>vrhunskih izdelkov za vaping po neprekosljivih cenah<\/strong>\u2014in UZY Crystal 50000 ni izjema! Tukaj je razlog, zakaj bi morali kupiti pri nas:<\/p>\n<p class=\"\" data-start=\"49\" data-end=\"193\"><strong data-start=\"49\" data-end=\"81\">Neprekosljive veleprodajne cene<\/strong> \u2013 U\u017eivajte v najbolj\u0161ih ponudbah za nakup v razsutem stanju na trgu, zaradi \u010desar smo glavni dobavitelj za trgovine z vape izdelki in preprodajalce po vsem svetu.<\/p>\n<p class=\"\" data-start=\"195\" data-end=\"340\"><strong data-start=\"195\" data-end=\"228\">Hitro<\/strong> \u2013 Va\u0161a naro\u010dila dostavimo hitro in varno, z zanesljivimi mo\u017enostmi po\u0161iljanja po vsem svetu, prilagojenimi va\u0161im potrebam.<\/p>\n<p class=\"\" data-start=\"342\" data-end=\"487\"><strong data-start=\"342\" data-end=\"367\">100-odstotno originalni izdelki<\/strong> \u2013 Poslovite se od ponaredkov! Zagotavljamo samo originalne UZY CRYSTAL 50000 PUFFS s preverjeno kakovostjo in zmogljivostjo.<\/p>\n<p class=\"\" data-start=\"489\" data-end=\"627\"><strong data-start=\"489\" data-end=\"516\">Strokovna podpora strankam<\/strong> \u2013 Imate vpra\u0161anja? Na\u0161a ekipa strokovnjakov za vape je tukaj za vas kadarkoli in zagotavlja nemoteno in enostavno storitev.<\/p>\n<p data-start=\"559\" data-end=\"933\" data-is-last-node=\"\" data-is-only-node=\"\">Imamo tudi nekaj drugih priljubljenih vape izdelkov z zaslonom, kot so <a href=\"https:\/\/vapestornado.com\/sl\/product\/bang-king-vape-36000-puff-dual-vaping-mode-disposables-pod-best-price\/\">BANG KING 36000 \u0160i\u0161a<\/a>, <a href=\"https:\/\/vapestornado.com\/sl\/product\/waspe-aiviou-3-in-1-60000-puffs-disposable-vape-kit-best-price\/\">WASPE 60000 3 v 1<\/a>, <a href=\"https:\/\/vapestornado.com\/sl\/product\/alfakh-crown-bar-20000-puffs-disposable-shisha-hookah-wholesale-vape-pen\/\">ALFAKH 20000<\/a>, in \u0161e ve\u010d.<\/p>\n<\/div>\n<div class=\"relative p-1 rounded-sm flex items-center justify-center bg-token-main-surface-primary text-token-text-primary h-8 w-8\">\n<h2>Pogosta vpra\u0161anja o UZY Crystal 50000, ki bi jih morda morali vedeti<\/h2>\n<p data-start=\"1432\" data-end=\"1763\"><strong data-start=\"1432\" data-end=\"1504\">Vpra\u0161anje: \u201cKatera disposable naprava dejansko traja najdlje brez izpada?\u201d<\/strong><br data-start=\"1504\" data-end=\"1507\" \/><strong data-start=\"1507\" data-end=\"1513\">A:<\/strong> UZY Crystal 50000 je zasnovan za najve\u010djo vzdr\u017eljivost. Z <strong data-start=\"1569\" data-end=\"1591\">do 50.000 potiskov<\/strong> in <strong data-start=\"1598\" data-end=\"1630\">40 ml skupne kapacitete teko\u010dine<\/strong>, traja bistveno dlje kot standardne disposable naprave, zaradi \u010desar je idealen za te\u017eke uporabnike ali vsakogar, ki sovra\u017ei pogoste zamenjave.<\/p>\n<p data-start=\"1765\" data-end=\"2057\"><strong data-start=\"1765\" data-end=\"1822\">Vpra\u0161anje: \u201cAli velik \u0161tevec vdihov pomeni \u0161ibkej\u0161i okus pozneje?\u201d<\/strong><br data-start=\"1822\" data-end=\"1825\" \/><strong data-start=\"1825\" data-end=\"1831\">A:<\/strong> Ne s to napravo. UZY uporablja <strong data-start=\"1863\" data-end=\"1887\">dvojne mre\u017easte tuljave 0,9 \u03a9<\/strong>, ki zagotavljajo bolj enakomerno segrevanje kot tradicionalne tuljave. To pomeni <strong data-start=\"1956\" data-end=\"2002\">stabilno gostoto pare in dosledni okus<\/strong> od za\u010detka do konca, tudi pri zelo visokih obremenitvah vdihavanja.<\/p>\n<p data-start=\"2059\" data-end=\"2370\"><strong data-start=\"2059\" data-end=\"2139\">V: \u201cSe mi zdi dolg\u010das pri eni okusi. Ali lahko spremenim okuse brez menjave vape-ev?\u201d<\/strong><br data-start=\"2139\" data-end=\"2142\" \/><strong data-start=\"2142\" data-end=\"2148\">A:<\/strong> Da. <strong data-start=\"2158\" data-end=\"2180\">sistem z dvojnim okusom<\/strong> vam omogo\u010da <strong data-start=\"2191\" data-end=\"2229\">dva okusa v eni kapsuli (20 ml vsak)<\/strong>. Lahko se takoj preklaplja med profili\u2014primeren za vse-day raznolikost in popoln za uporabnike, ki radi izmenjujejo sladke\/hladne\/sadne tone.<\/p>\n<p data-start=\"2372\" data-end=\"2607\"><strong data-start=\"2372\" data-end=\"2417\">V: \u201cKako vem, kdaj je zmanjkalo?\u201d<\/strong><br data-start=\"2417\" data-end=\"2420\" \/><strong data-start=\"2420\" data-end=\"2426\">A:<\/strong> The <strong data-start=\"2431\" data-end=\"2460\">vgrajen LED pametni zaslon<\/strong> zasloni <strong data-start=\"2470\" data-end=\"2519\">ravni baterije in ravni e-soka v realnem \u010dasu<\/strong>, tako da vedno veste, kje ste. Ni nepri\u010dakovanih suhih udarcev, nobene prazne baterije med sejo.<\/p>\n<p data-start=\"2609\" data-end=\"2805\"><strong data-start=\"2609\" data-end=\"2656\">V: \u201cAli disposable naprave potrebujejo poseben polnilec?\u201d<\/strong><br data-start=\"2656\" data-end=\"2659\" \/><strong data-start=\"2659\" data-end=\"2665\">A:<\/strong> Ni posebnega polnilca. UZY Crystal 50000 uporablja <strong data-start=\"2709\" data-end=\"2723\">USB Tip-C<\/strong>, obi\u010dajen sodoben vhod. Vsak standardni Type-C kabel in varen vir napajanja bosta delovala.<\/p>\n<p data-start=\"2807\" data-end=\"3016\"><strong data-start=\"2807\" data-end=\"2855\">V: \u201cJe to za prilo\u017enostne uporabnike ali te\u017eke vaperje?\u201d<\/strong><br data-start=\"2855\" data-end=\"2858\" \/><strong data-start=\"2858\" data-end=\"2864\">A:<\/strong> Oboje. Z mo\u017enostmi nikotina od <strong data-start=\"2898\" data-end=\"2910\">0% do 5%<\/strong>, ustreza vsem\u2014od prilo\u017enostnih uporabnikov brez nikotina do tistih, ki \u017eelijo mo\u010dnej\u0161i u\u010dinek in dalj\u0161o uporabo naprave.<\/p>\n<p data-start=\"3018\" data-end=\"3341\"><strong data-start=\"3018\" data-end=\"3076\">V: \u201cZakaj je to mo\u010dna mo\u017enost na debelo za Evropo?\u201d<\/strong><br data-start=\"3076\" data-end=\"3079\" \/><strong data-start=\"3079\" data-end=\"3085\">A:<\/strong> Evropski kupci vse bolj \u017eelijo <strong data-start=\"3120\" data-end=\"3170\">disposable naprave z velikim kapacitetom in vrhunski dizajn<\/strong>. UZY Crystal 50000 zdru\u017euje <strong data-start=\"3199\" data-end=\"3266\">visok \u0161tevec za puh, dvojni okus, pametna prikazovalna enota in sodoben slog<\/strong>, ki podpira <strong data-start=\"3283\" data-end=\"3326\">vi\u0161jo zaznano vrednost in ponovne prodaje<\/strong> za trgovce na drobno.<\/p>\n<\/div>\n<\/div>\n<\/div>\n<\/div>","protected":false},"excerpt":{"rendered":"<p class=\"LC20lb MBeuO DKV0Md\">UZY CRYSTAL TWIN 50000 Vpihov Trgovina za Kajenje na Debelo Francija<br \/>\nNajbolj\u0161e Puff Bars UZY CRYSTAL TWIN 50000 vape Veleprodajna Cena s Popustom<br \/>\nUZY 50000 50k Vpihov Kristalni Vape za Enkratno Uporabo Nakup v Razsutem Stanju<\/p>\n<p><strong>Dodajte Amyin WhatsApp, da dobite pravi odgovor in ceno s popustom!<\/strong><\/p>\n<p><img fetchpriority=\"high\" decoding=\"async\" class=\"size-full wp-image-2932\" src=\"https:\/\/vapestornado.com\/wp-content\/uploads\/2024\/12\/Vape-Wholesale.jpg\" alt=\"Vape Veleprodaja\" width=\"229\" height=\"300\" \/><\/p>\n<h3><a href=\"https:\/\/wa.me\/8617776015835\"><span style=\"color: #ff0000;\"><strong>WhatsApp: +386 17776015835<\/strong><\/span><\/a><\/h3>\n<p>&nbsp;<\/p>","protected":false},"featured_media":4090,"comment_status":"open","ping_status":"closed","template":"","meta":{"_acf_changed":false,"_uag_custom_page_level_css":"","_lmt_disableupdate":"no","_lmt_disable":"","_monsterinsights_skip_tracking":false,"_monsterinsights_sitenote_active":false,"_monsterinsights_sitenote_note":"","_monsterinsights_sitenote_category":0,"site-sidebar-layout":"default","site-content-layout":"","ast-site-content-layout":"default","site-content-style":"default","site-sidebar-style":"default","ast-global-header-display":"","ast-banner-title-visibility":"","ast-main-header-display":"","ast-hfb-above-header-display":"","ast-hfb-below-header-display":"","ast-hfb-mobile-header-display":"","site-post-title":"","ast-breadcrumbs-content":"","ast-featured-img":"","footer-sml-layout":"","ast-disable-related-posts":"","theme-transparent-header-meta":"default","adv-header-id-meta":"","stick-header-meta":"","header-above-stick-meta":"","header-main-stick-meta":"","header-below-stick-meta":"","astra-migrate-meta-layouts":"set","ast-page-background-enabled":"default","ast-page-background-meta":{"desktop":{"background-color":"","background-image":"","background-repeat":"repeat","background-position":"center center","background-size":"auto","background-attachment":"scroll","background-type":"","background-media":"","overlay-type":"","overlay-color":"","overlay-opacity":"","overlay-gradient":""},"tablet":{"background-color":"","background-image":"","background-repeat":"repeat","background-position":"center center","background-size":"auto","background-attachment":"scroll","background-type":"","background-media":"","overlay-type":"","overlay-color":"","overlay-opacity":"","overlay-gradient":""},"mobile":{"background-color":"","background-image":"","background-repeat":"repeat","background-position":"center center","background-size":"auto","background-attachment":"scroll","background-type":"","background-media":"","overlay-type":"","overlay-color":"","overlay-opacity":"","overlay-gradient":""}},"ast-content-background-meta":{"desktop":{"background-color":"var(--ast-global-color-5)","background-image":"","background-repeat":"repeat","background-position":"center center","background-size":"auto","background-attachment":"scroll","background-type":"","background-media":"","overlay-type":"","overlay-color":"","overlay-opacity":"","overlay-gradient":""},"tablet":{"background-color":"var(--ast-global-color-5)","background-image":"","background-repeat":"repeat","background-position":"center center","background-size":"auto","background-attachment":"scroll","background-type":"","background-media":"","overlay-type":"","overlay-color":"","overlay-opacity":"","overlay-gradient":""},"mobile":{"background-color":"var(--ast-global-color-5)","background-image":"","background-repeat":"repeat","background-position":"center center","background-size":"auto","background-attachment":"scroll","background-type":"","background-media":"","overlay-type":"","overlay-color":"","overlay-opacity":"","overlay-gradient":""}},"_joinchat":{"telephone":"17776015835"}},"product_brand":[],"product_cat":[192,151,154,141,142,356],"product_tag":[466,464,467,465,468],"class_list":{"0":"post-4096","1":"product","2":"type-product","3":"status-publish","4":"has-post-thumbnail","6":"product_cat-50000-puff","7":"product_cat-buy-disposable-vapes-in-france","8":"product_cat-buy-disposable-vapes-in-netherlands","9":"product_cat-crystal-disposable-vapes","10":"product_cat-digital-box-disposable-vapes","11":"product_cat-uzy-vape","12":"product_tag-buy-uzy-crystal-50000-puff-online","13":"product_tag-uzy-crystal-50000-puff-disposable-vape","14":"product_tag-uzy-crystal-50000-puff-dual-flavor-vape","15":"product_tag-uzy-crystal-50000-puff-price","16":"product_tag-uzy-crystal-50000-puff-type-c-rechargeable-disposable","17":"desktop-align-left","18":"tablet-align-left","19":"mobile-align-left","21":"first","22":"instock","23":"sale","24":"shipping-taxable","25":"purchasable","26":"product-type-simple"},"acf":[],"uagb_featured_image_src":{"full":["https:\/\/vapestornado.com\/wp-content\/uploads\/2025\/04\/Best-Disposable-Crystal-Vape-UZY-50000-PUFF-Rechargeable-Vape.png",800,800,false],"thumbnail":["https:\/\/vapestornado.com\/wp-content\/uploads\/2025\/04\/Best-Disposable-Crystal-Vape-UZY-50000-PUFF-Rechargeable-Vape-150x150.png",150,150,true],"medium":["https:\/\/vapestornado.com\/wp-content\/uploads\/2025\/04\/Best-Disposable-Crystal-Vape-UZY-50000-PUFF-Rechargeable-Vape-300x300.png",300,300,true],"medium_large":["https:\/\/vapestornado.com\/wp-content\/uploads\/2025\/04\/Best-Disposable-Crystal-Vape-UZY-50000-PUFF-Rechargeable-Vape-768x768.png",768,768,true],"large":["https:\/\/vapestornado.com\/wp-content\/uploads\/2025\/04\/Best-Disposable-Crystal-Vape-UZY-50000-PUFF-Rechargeable-Vape.png",800,800,false],"1536x1536":["https:\/\/vapestornado.com\/wp-content\/uploads\/2025\/04\/Best-Disposable-Crystal-Vape-UZY-50000-PUFF-Rechargeable-Vape.png",800,800,false],"2048x2048":["https:\/\/vapestornado.com\/wp-content\/uploads\/2025\/04\/Best-Disposable-Crystal-Vape-UZY-50000-PUFF-Rechargeable-Vape.png",800,800,false],"trp-custom-language-flag":["https:\/\/vapestornado.com\/wp-content\/uploads\/2025\/04\/Best-Disposable-Crystal-Vape-UZY-50000-PUFF-Rechargeable-Vape.png",12,12,false],"woocommerce_thumbnail":["https:\/\/vapestornado.com\/wp-content\/uploads\/2025\/04\/Best-Disposable-Crystal-Vape-UZY-50000-PUFF-Rechargeable-Vape-300x300.png",300,300,true],"woocommerce_single":["https:\/\/vapestornado.com\/wp-content\/uploads\/2025\/04\/Best-Disposable-Crystal-Vape-UZY-50000-PUFF-Rechargeable-Vape-600x600.png",600,600,true],"woocommerce_gallery_thumbnail":["https:\/\/vapestornado.com\/wp-content\/uploads\/2025\/04\/Best-Disposable-Crystal-Vape-UZY-50000-PUFF-Rechargeable-Vape-100x100.png",100,100,true]},"uagb_author_info":{"display_name":"ESAMY","author_link":"https:\/\/vapestornado.com\/sl\/author\/"},"uagb_comment_info":0,"uagb_excerpt":"UZY CRYSTAL TWIN 50000 Puff Smoke Shop Wholesale France Best Puff Bars UZY CRYSTAL TWIN 50000 vape Wholesale Discount Price UZY 50000 50k Puff Disposable Crystal Vape Buy In Bulk Add Amy's whatsapp to get right reply and discount price! WhatsApp: +86 17776015835 &nbsp;","_links":{"self":[{"href":"https:\/\/vapestornado.com\/sl\/wp-json\/wp\/v2\/product\/4096","targetHints":{"allow":["GET"]}}],"collection":[{"href":"https:\/\/vapestornado.com\/sl\/wp-json\/wp\/v2\/product"}],"about":[{"href":"https:\/\/vapestornado.com\/sl\/wp-json\/wp\/v2\/types\/product"}],"replies":[{"embeddable":true,"href":"https:\/\/vapestornado.com\/sl\/wp-json\/wp\/v2\/comments?post=4096"}],"wp:featuredmedia":[{"embeddable":true,"href":"https:\/\/vapestornado.com\/sl\/wp-json\/wp\/v2\/media\/4090"}],"wp:attachment":[{"href":"https:\/\/vapestornado.com\/sl\/wp-json\/wp\/v2\/media?parent=4096"}],"wp:term":[{"taxonomy":"product_brand","embeddable":true,"href":"https:\/\/vapestornado.com\/sl\/wp-json\/wp\/v2\/product_brand?post=4096"},{"taxonomy":"product_cat","embeddable":true,"href":"https:\/\/vapestornado.com\/sl\/wp-json\/wp\/v2\/product_cat?post=4096"},{"taxonomy":"product_tag","embeddable":true,"href":"https:\/\/vapestornado.com\/sl\/wp-json\/wp\/v2\/product_tag?post=4096"}],"curies":[{"name":"wp","href":"https:\/\/api.w.org\/{rel}","templated":true}]}}