{"id":4088,"date":"2025-04-08T03:23:24","date_gmt":"2025-04-08T03:23:24","guid":{"rendered":"https:\/\/vapestornado.com\/?post_type=product&#038;p=4088"},"modified":"2025-12-11T07:14:09","modified_gmt":"2025-12-11T07:14:09","slug":"elf-box-crystal-bar-600-puffs-2-disposable-vape-pen-bulk-buy-price","status":"publish","type":"product","link":"https:\/\/vapestornado.com\/sl\/product\/elf-box-crystal-bar-600-puffs-2-disposable-vape-pen-bulk-buy-price\/","title":{"rendered":"Elf Box Crystal Bar 600 vpihov, elektronska cigareta za enkratno uporabo, veleprodajna cena"},"content":{"rendered":"<h2 data-pm-slice=\"1 1 []\">Elf Box Crystal Bar 600 Pufov Disposabilni Vaper Mini Palica s Kristalnim Slogom Dizajna<\/h2>\n<p class=\"\" data-start=\"537\" data-end=\"946\"><strong data-start=\"118\" data-end=\"145\">Elf Box Kristalna bar 600<\/strong> je kompaktni disposable vape, zasnovan za preprosto, dosledno vsakodnevno uporabo. Z <strong data-start=\"224\" data-end=\"237\">600 pufi<\/strong>, a <strong data-start=\"241\" data-end=\"254\">1,6\u03a9 tuljava<\/strong>, in <strong data-start=\"262\" data-end=\"288\">krystalno kon\u010dana \u0161koljka<\/strong>, zdru\u017euje \u010dist dizajn z zanesljivim vlekom, ki ostaja stabilen od prvega do zadnjega pufa. The <strong data-start=\"389\" data-end=\"401\">2ml rezervoar<\/strong> in <strong data-start=\"406\" data-end=\"433\">500mAh notranja baterija<\/strong> so velikosti za lahkotno do zmerno dnevno vapovanje, kar ga naredi enostavno izbiro, ko \u017eelite nekaj, kar je priro\u010dno za \u017eep in pripravljeno takoj, ko odprete \u0161katlo.<\/p>\n<h3 data-start=\"802\" data-end=\"853\">Zakaj je Elf Box Crystal Bar 600 Pufov vro\u010da prodaja na trgu EU?<\/h3>\n<ul data-start=\"855\" data-end=\"2256\">\n<li data-start=\"855\" data-end=\"1198\">\n<p data-start=\"857\" data-end=\"1198\"><strong data-start=\"857\" data-end=\"903\">Stabilen okus skozi vseh 600 pufov.<\/strong> The <strong data-start=\"908\" data-end=\"950\">Crystal Bar 600 zmogljivost v slogu mre\u017ee<\/strong>, ki ga poganja <strong data-start=\"967\" data-end=\"980\">1,6\u03a9 tuljava<\/strong>, ohranja vsak vdih gladek in se izogiba za\u017eganemu, ostremu robu, ki ga razvijejo nekateri majhni disposable-i. Uporabniki v <strong data-start=\"1081\" data-end=\"1119\">Sloveniji, Franciji, Poljski in \u0160paniji<\/strong> cenijo njegovo predvidljivo ob\u010dutje v grlu v primerjavi z cenej\u0161imi alternativami z nizko tuljavo.<\/p>\n<\/li>\n<li data-start=\"1200\" data-end=\"1509\">\n<p data-start=\"1202\" data-end=\"1509\"><strong data-start=\"1202\" data-end=\"1248\">Idealno za hitre seje ali uporabo na poti.<\/strong> The <strong data-start=\"1253\" data-end=\"1296\">Elf Box Crystal Bar 600 disposable vape<\/strong> je dovolj tanek za \u017eep, torbice ali rokave jakne. Ko \u017eelite nekaj preprostej\u0161ega od kapsul ali <strong data-start=\"1395\" data-end=\"1416\">polnilnih kapsul<\/strong>, ta enkratna omogo\u010da \u010disto, preprosto dostavo nikotina brez polnilcev ali polnjenih vlo\u017ekov.<\/p>\n<\/li>\n<li data-start=\"1511\" data-end=\"1786\">\n<p data-start=\"1513\" data-end=\"1786\"><strong data-start=\"1513\" data-end=\"1562\">Preprosta alternativa vape kapsuli <\/strong>Namesto da bi hiteli po nakup <b>drugih enkratnih izdelkov<\/b>, jih mnogi uporabniki hranijo kot <strong data-start=\"1635\" data-end=\"1654\">Kristalna bar 600<\/strong> za rezervo, kot lahkotno rezervno mo\u017enost za potovanja, ve\u010derne izhode ali odmore na delu. Brez gumbov, brez vzdr\u017eevanja \u2014 vdihni in si pripravljen.<\/p>\n<\/li>\n<li data-start=\"1788\" data-end=\"2059\">\n<p data-start=\"1790\" data-end=\"2059\"><strong data-start=\"1790\" data-end=\"1834\">Enostavno naro\u010diti v katerem koli spletnem vape trgovini.<\/strong> Prodajalci navajajo <strong data-start=\"1854\" data-end=\"1881\">Elf Box Kristalna bar 600<\/strong> ker dobro zapolnjuje segment za\u010detnikov in ob\u010dasnih uporabnikov. Ima mo\u010dno povpra\u0161evanje v <strong data-start=\"1968\" data-end=\"1988\">spletnih vape trgovinah<\/strong> po vsej Evropi zaradi raznolikosti okusov in \u010distega dizajna.<\/p>\n<\/li>\n<li data-start=\"2061\" data-end=\"2256\">\n<p data-start=\"2063\" data-end=\"2256\"><strong data-start=\"2063\" data-end=\"2098\">Prilagaja se razli\u010dnim navadam glede nikotina.<\/strong> S <strong data-start=\"2104\" data-end=\"2122\">0%, 2% in 5%<\/strong> nikotinske jakosti, <strong data-start=\"2147\" data-end=\"2163\">kategoriji kristalnih vape-jev.<\/strong> se prilagaja u\u017eivanju samo okusa, lahkim nikotinskim rutinam ali uporabnikom, ki \u017eelijo mo\u010dnej\u0161i udarec.<\/p>\n<\/li>\n<\/ul>\n<p data-start=\"666\" data-end=\"1235\"><strong style=\"font-size: 16px;\"><span style=\"color: #ff0000;\">Dodajte Amy na WhatsApp za pravilen odgovor in ceno s popustom!<\/span><\/strong><\/p>\n<p><img fetchpriority=\"high\" decoding=\"async\" class=\"size-full wp-image-2932\" src=\"https:\/\/vapestornado.com\/wp-content\/uploads\/2024\/12\/Vape-Wholesale.jpg\" alt=\"Vape Veleprodaja\" width=\"229\" height=\"300\" \/><\/p>\n<h3><a href=\"https:\/\/wa.me\/8617776015835\" target=\"_blank\" rel=\"noopener\"><span style=\"color: #ff0000;\"><strong>WhatsApp: +386 17776015835<\/strong><\/span><\/a><\/h3>\n<p>&nbsp;<\/p>\n<h2><strong>Elf Box Crystal Bar 600 Klju\u010dne lastnosti izdelka<\/strong><\/h2>\n<table>\n<thead>\n<tr>\n<th>Zna\u010dilnosti<\/th>\n<th>specifikacije<\/th>\n<th>podrobnosti<\/th>\n<\/tr>\n<\/thead>\n<tbody>\n<tr>\n<td>Ime izdelka<\/td>\n<td>Elf Box Kristalna bar 600<\/td>\n<td>Kompaktna enkratna kristalna vape za vsakodnevno uporabo<\/td>\n<\/tr>\n<tr>\n<td>Zmogljivost vdihovanja<\/td>\n<td>600 pufi<\/td>\n<td>Zasnovano za kratkoro\u010dno, ob\u010dasno ali rezervno vapovanje<\/td>\n<\/tr>\n<tr>\n<td>Prostornina e-teko\u010dine<\/td>\n<td>2ml<\/td>\n<td>Vnapolnjen rezervoar za dosledni okus do konca<\/td>\n<\/tr>\n<tr>\n<td>Vrsta Tuljave<\/td>\n<td>1,6\u03a9 tuljava<\/td>\n<td>Gladek vapelj z stabilnim ob\u010dutkom v grlu<\/td>\n<\/tr>\n<tr>\n<td>Vsebnost nikotina<\/td>\n<td>0% \/ 2% \/ 5%<\/td>\n<td>Primeren za okuse, zmerne in mo\u010dnej\u0161e preference<\/td>\n<\/tr>\n<tr>\n<td>Baterija<\/td>\n<td>500mAh notranja baterija<\/td>\n<td>Velikost za dokon\u010danje vseh 600 vdihov brez polnjenja<\/td>\n<\/tr>\n<tr>\n<td>Oblikovanje telesa<\/td>\n<td>Kristalno kon\u010dana \u0161koljka<\/td>\n<td>Stilno, lahkotno in \u017eepno prijazno<\/td>\n<\/tr>\n<\/tbody>\n<\/table>\n<figure id=\"attachment_4076\" aria-describedby=\"caption-attachment-4076\" style=\"width: 800px\" class=\"wp-caption alignnone\"><img decoding=\"async\" class=\"wp-image-4076 size-full\" src=\"https:\/\/vapestornado.com\/wp-content\/uploads\/2025\/04\/ELF-Bar-600-Disposable-Vape-Pen.webp\" alt=\"ELF Bar 600 E-cigareta za enkratno uporabo\" width=\"800\" height=\"800\" srcset=\"https:\/\/vapestornado.com\/wp-content\/uploads\/2025\/04\/ELF-Bar-600-Disposable-Vape-Pen.webp 800w, https:\/\/vapestornado.com\/wp-content\/uploads\/2025\/04\/ELF-Bar-600-Disposable-Vape-Pen-300x300.webp 300w, https:\/\/vapestornado.com\/wp-content\/uploads\/2025\/04\/ELF-Bar-600-Disposable-Vape-Pen-150x150.webp 150w, https:\/\/vapestornado.com\/wp-content\/uploads\/2025\/04\/ELF-Bar-600-Disposable-Vape-Pen-768x768.webp 768w, https:\/\/vapestornado.com\/wp-content\/uploads\/2025\/04\/ELF-Bar-600-Disposable-Vape-Pen-600x600.webp 600w, https:\/\/vapestornado.com\/wp-content\/uploads\/2025\/04\/ELF-Bar-600-Disposable-Vape-Pen-100x100.webp 100w\" sizes=\"(max-width: 800px) 100vw, 800px\" \/><figcaption id=\"caption-attachment-4076\" class=\"wp-caption-text\">ELF Bar 600 E-cigareta za enkratno uporabo<\/figcaption><\/figure>\n<h2 class=\"product-title\"><strong>Elf Box Crystal Vape 600 Pregled okusov e-cigarete za enkratno uporabo<\/strong><\/h2>\n<article class=\"w-full text-token-text-primary focus-visible:outline-2 focus-visible:outline-offset-[-4px]\" dir=\"auto\" data-testid=\"conversation-turn-32\" data-scroll-anchor=\"false\">\n<div class=\"m-auto text-base py-[18px] px-6\">\n<div class=\"mx-auto flex flex-1 text-base gap-4 md:gap-5 lg:gap-6 md:max-w-3xl lg:max-w-[40rem] xl:max-w-[48rem]\">\n<div class=\"group\/conversation-turn relative flex w-full min-w-0 flex-col @xs\/thread:px-0 @sm\/thread:px-1.5 @md\/thread:px-4\">\n<div class=\"flex-col gap-1 md:gap-3\">\n<div class=\"flex max-w-full flex-col flex-grow\">\n<div class=\"min-h-8 text-message flex w-full flex-col items-end gap-2 whitespace-normal break-words text-start [.text-message+&amp;]:mt-5\" dir=\"auto\" data-message-author-role=\"user\" data-message-id=\"ffac41ca-1db4-431b-873a-32c4052956f1\">\n<div class=\"flex w-full flex-col gap-1 empty:hidden items-end rtl:items-start\">\n<div class=\"relative max-w-[var(--user-chat-width,70%)] rounded-3xl bg-token-message-surface px-5 py-2.5\">\n<div class=\"absolute bottom-0 right-full top-0 -mr-3.5 hidden pr-5 pt-2 [.group\/conversation-turn:hover_&amp;]:flex\">\n<div class=\"flex\">\n<article class=\"w-full text-token-text-primary focus-visible:outline-2 focus-visible:outline-offset-[-4px]\" dir=\"auto\" data-testid=\"conversation-turn-39\" data-scroll-anchor=\"true\">\n<div class=\"m-auto text-base py-[18px] px-6\">\n<div class=\"mx-auto flex flex-1 text-base gap-4 md:gap-5 lg:gap-6 md:max-w-3xl lg:max-w-[40rem] xl:max-w-[48rem]\">\n<div class=\"group\/conversation-turn relative flex w-full min-w-0 flex-col agent-turn @xs\/thread:px-0 @sm\/thread:px-1.5 @md\/thread:px-4\">\n<div class=\"flex-col gap-1 md:gap-3\">\n<div class=\"flex max-w-full flex-col flex-grow\">\n<div class=\"min-h-8 text-message flex w-full flex-col items-end gap-2 whitespace-normal break-words text-start [.text-message+&amp;]:mt-5\" dir=\"auto\" data-message-author-role=\"assistant\" data-message-id=\"55a23854-ec57-48dd-bd4f-6118f43d6241\" data-message-model-slug=\"gpt-4o\">\n<div class=\"flex w-full flex-col gap-1 empty:hidden first:pt-[3px]\">\n<div class=\"markdown prose w-full break-words dark:prose-invert light\">\n<p class=\"\" data-start=\"57\" data-end=\"262\"><strong data-start=\"57\" data-end=\"75\">1. Me\u0161ano jagodi\u010devje<\/strong><br data-start=\"75\" data-end=\"78\" \/>Neustavljiva me\u0161anica jagodi\u010devja, ki kar poka od okusa\u2014pomislite na sladke jagode, trpke maline in so\u010dne borovnice, zme\u0161ane skupaj za bogat, pikanten in slasten vape.<\/p>\n<p class=\"\" data-start=\"264\" data-end=\"423\"><strong data-start=\"264\" data-end=\"281\">2. \u010ce\u0161nja led<\/strong><br data-start=\"281\" data-end=\"284\" \/>Hladna in sve\u017ea eksplozija \u010de\u0161nje! U\u017eivajte v sladko-trpkem okusu zrelih \u010de\u0161enj, ki mu sledi osve\u017eilni ledeni vetri\u010d, ki ohladi z vsakim vdihom.<\/p>\n<p class=\"\" data-start=\"425\" data-end=\"603\"><strong data-start=\"425\" data-end=\"446\">3. Jagoda led<\/strong><br data-start=\"446\" data-end=\"449\" \/>Sve\u017ee, so\u010dne jagode se sre\u010dajo z ledenim zaklju\u010dkom v tej klasi\u010dni kombinaciji. Sladek, gladek in popolnoma hladen\u2014va\u0161 najljub\u0161i okus za osve\u017eilni jagodni zadetek.<\/p>\n<p class=\"\" data-start=\"605\" data-end=\"782\"><strong data-start=\"605\" data-end=\"621\">4. Grozdje led<\/strong><br data-start=\"621\" data-end=\"624\" \/>Pripravite se na drzen okus grozdja z osve\u017eilnim pridihom. Ta ledena grozdna poslastica prina\u0161a sladkost na soncu dozorelega grozdja, zavit v sve\u017e, ohlajevalen zaklju\u010dek.<\/p>\n<p class=\"\" data-start=\"784\" data-end=\"935\"><strong data-start=\"784\" data-end=\"804\">5. Borovnica led<\/strong><br data-start=\"804\" data-end=\"807\" \/>Okusna me\u0161anica sladkih in rahlo pikantnih borovnic, prekritih z ostrim ledenim izdihom. Gladek, uravnote\u017een in ultra osve\u017eujo\u010d.<\/p>\n<p class=\"\" data-start=\"937\" data-end=\"1084\"><strong data-start=\"937\" data-end=\"958\">6. Lubenica led<\/strong><br data-start=\"958\" data-end=\"961\" \/>Najbolj\u0161a poletna vap\u2014sladek, so\u010den okus lubenice se sre\u010da z mrzlim valom hladu. Sve\u017ee in osve\u017eujo\u010de v vsakem vdihu.<\/p>\n<p class=\"\" data-start=\"1086\" data-end=\"1278\"><strong data-start=\"1086\" data-end=\"1114\">7. Jagoda Lubenica<\/strong><br data-start=\"1114\" data-end=\"1117\" \/>Sanje ljubitelja sadja! Ta okus zdru\u017euje sladkost jagod, podobno bombonom, s so\u010dno gladkostjo lubenice za popolnoma uravnote\u017eeno sadno kombinacijo.<\/p>\n<p class=\"\" data-start=\"1280\" data-end=\"1448\"><strong data-start=\"1280\" data-end=\"1296\">8. Modra Malina<\/strong><br data-start=\"1296\" data-end=\"1299\" \/>\u017divahen, trpek in popolnoma zasvojenost\u2014ta okus modre maline eksplodira s sladko-kislimi jagodnimi notami in osve\u017eujo\u010dim robom, ki se zadr\u017ei na nebu.<\/p>\n<p class=\"\" data-start=\"1450\" data-end=\"1634\"><strong data-start=\"1450\" data-end=\"1466\">9. Breskev Led<\/strong><br data-start=\"1466\" data-end=\"1469\" \/>Sonce poljubljene breskve s hladnim presene\u010denjem. U\u017eivajte v bogati breskovi sladkosti, ki ji sledi mrzel udarec, zaradi katerega je to gladek in zadovoljiv okus od za\u010detka do konca.<\/p>\n<p class=\"\" data-start=\"1636\" data-end=\"1838\"><strong data-start=\"1636\" data-end=\"1662\">10. Kivi Pasijonka<\/strong><br data-start=\"1662\" data-end=\"1665\" \/>Tropski pobeg v vsakem vdihu! Trpka svetlost kivija se popolnoma ujema z eksoti\u010dno sladkostjo pasijonke za edinstveno, so\u010dno in osve\u017eujo\u010do izku\u0161njo vapea.<\/p>\n<\/div>\n<\/div>\n<\/div>\n<\/div>\n<\/div>\n<\/div>\n<\/div>\n<\/div>\n<\/article>\n<\/div>\n<\/div>\n<\/div>\n<\/div>\n<\/div>\n<\/div>\n<\/div>\n<\/div>\n<\/div>\n<\/div>\n<\/article>\n<h2>Zakaj izbrati Vapestornado za nakup ElfBox Crystal Bar 600 Puff?<\/h2>\n<div class=\"flex-shrink-0 flex flex-col relative items-end\">\n<div class=\"pt-0\">\n<div class=\"gizmo-bot-avatar flex h-8 w-8 items-center justify-center overflow-hidden rounded-full\">\n<div class=\"relative p-1 rounded-sm flex items-center justify-center bg-token-main-surface-primary text-token-text-primary h-8 w-8\">\n<p>At\u00a0<strong>VapeTornado<\/strong>, ponosni smo na zagotavljanje\u00a0<strong>vrhunskih izdelkov za vaping po neprekosljivih cenah<\/strong>\u2014in Elf Box Crystal Bar 600 ni nobena izjema! Tukaj je razlog, zakaj bi morali kupovati pri nas:<\/p>\n<p class=\"\" data-start=\"49\" data-end=\"193\"><strong data-start=\"49\" data-end=\"81\">Neprekosljive veleprodajne cene<\/strong> \u2013 U\u017eivajte v najbolj\u0161ih ponudbah za nakup v razsutem stanju na trgu, zaradi \u010desar smo glavni dobavitelj za trgovine z vape izdelki in preprodajalce po vsem svetu.<\/p>\n<p class=\"\" data-start=\"195\" data-end=\"340\"><strong data-start=\"195\" data-end=\"228\">Hitro<\/strong> \u2013 Va\u0161a naro\u010dila dostavimo hitro in varno, z zanesljivimi mo\u017enostmi po\u0161iljanja po vsem svetu, prilagojenimi va\u0161im potrebam.<\/p>\n<p class=\"\" data-start=\"342\" data-end=\"487\"><strong data-start=\"342\" data-end=\"367\">100-odstotno originalni izdelki<\/strong> \u2013 Poslovite se od ponaredkov! Zagotavljamo samo originalne WASPE Triple vape za enkratno uporabo s preverjeno kakovostjo in zmogljivostjo.<\/p>\n<p class=\"\" data-start=\"489\" data-end=\"627\"><strong data-start=\"489\" data-end=\"516\">Strokovna podpora strankam<\/strong> \u2013 Imate vpra\u0161anja? Na\u0161a ekipa strokovnjakov za vape je tukaj za vas kadarkoli in zagotavlja nemoteno in enostavno storitev.<\/p>\n<p data-start=\"559\" data-end=\"933\" data-is-last-node=\"\" data-is-only-node=\"\">Imamo tudi nekaj drugih priljubljenih vape izdelkov z zaslonom, kot so <a href=\"https:\/\/vapestornado.com\/sl\/product\/bang-king-vape-36000-puff-dual-vaping-mode-disposables-pod-best-price\/\">BANG KING 36000 \u0160i\u0161a<\/a>, <a href=\"https:\/\/vapestornado.com\/sl\/product\/waspe-aiviou-3-in-1-60000-puffs-disposable-vape-kit-best-price\/\">WASPE 60000 3 v 1<\/a>, <a href=\"https:\/\/vapestornado.com\/sl\/product\/alfakh-crown-bar-20000-puffs-disposable-shisha-hookah-wholesale-vape-pen\/\">ALFAKH 20000<\/a>, in \u0161e ve\u010d.<\/p>\n<\/div>\n<div class=\"relative p-1 rounded-sm flex items-center justify-center bg-token-main-surface-primary text-token-text-primary h-8 w-8\">\n<h2>Pogosta vpra\u0161anja o Elf Box Disposable Crystal Bar 600<\/h2>\n<p data-start=\"2968\" data-end=\"3080\">1. Kako Elf Box Crystal Bar 600 enkratni vapor vzdr\u017euje dosledni okus skozi vseh 600 vdihov?<\/p>\n<p data-start=\"3081\" data-end=\"3238\">The <strong data-start=\"3085\" data-end=\"3112\">Elf Box Kristalna bar 600<\/strong> uporablja <strong data-start=\"3120\" data-end=\"3133\">1,6\u03a9 tuljava<\/strong> ki se segreva po\u010dasi in enakomerno, zmanj\u0161uje ostrino in ohranja bolj gladek okus od za\u010detka do konca.<\/p>\n<p data-start=\"3245\" data-end=\"3336\">2. Je Crystal Bar 600 prakti\u010dna mo\u017enost v primerjavi z nakupom cigaret pri meni?<\/p>\n<p data-start=\"3337\" data-end=\"3535\">Za mnoge uporabnike EU je <strong data-start=\"3360\" data-end=\"3395\">Crystal Bar 600 enkratni vapor<\/strong> \u010dista, kompaktna alternativa \u2014 brez v\u017eigalnika, pepela in vonja. Pogosto ga hranijo kot rezervno za dni, ko je potrebna hitra re\u0161itev.<\/p>\n<p data-start=\"3542\" data-end=\"3624\">3. Ali lahko kupim ELFWORLD Crystal Bar 600 v spletni trgovini z vape izdelki v Evropi?<\/p>\n<p data-start=\"3625\" data-end=\"3833\">Da. Ve\u010dina trgovcev v EU ima na zalogi <strong data-start=\"3654\" data-end=\"3681\">Elf Box Kristalna bar 600<\/strong> ker se naprava prilega priljubljenim kategorijam okusov in ostaja zanesljiva v svoji razredu 600 vdihov. Je \u0161iroko navedena v <strong data-start=\"3801\" data-end=\"3821\">spletnih vape trgovinah<\/strong> katalogih.<\/p>\n<p data-start=\"3840\" data-end=\"3905\">4. Ali na obliko kristalnega vaparja vpliva oprijem ali prenosljivost?<\/p>\n<p data-start=\"3906\" data-end=\"4092\">The <strong data-start=\"3910\" data-end=\"3926\">kategoriji kristalnih vape-jev.<\/strong> kon\u010da dodaja svetlo teksturo in \u010dist vizualni slog, hkrati pa ohranja napravo izjemno prenosno. Uporabniki pogosto omenjajo, da se zdi trdnej\u0161i od enkratnih naprav z papirnatim ovojem.<\/p>\n<p data-start=\"4099\" data-end=\"4205\">5. Kako nivoji nikotina vplivajo na delovanje enkratnega vaporizatorja Elf Box Crystal Bar 600?<\/p>\n<p data-start=\"4206\" data-end=\"4393\"><strong data-start=\"4206\" data-end=\"4212\">0%<\/strong> nudi \u010dist okus, <strong data-start=\"4234\" data-end=\"4240\">2%<\/strong> zagotavlja zmeren, gladek udarec, primeren za pogosta uporaba, in <strong data-start=\"4301\" data-end=\"4307\">5%<\/strong> nudi trdnej\u0161i ob\u010dutek v grlu za uporabnike, ki prehajajo iz mo\u010dnej\u0161ih mo\u017enosti nikotina.<\/p>\n<\/div>\n<\/div>\n<\/div>\n<\/div>","protected":false},"excerpt":{"rendered":"<p class=\"LC20lb MBeuO DKV0Md\">Elf Box Crystal Bar 600 Pufov Disposabilni Vapes, je eleganten kristalni vape, ki zagotavlja 600 gladkih pufov z 1,6\u03a9 tuljavo, kapaciteto 2 ml e-tekline in mo\u017enostmi nikotina od 0 do 5% \u2014 preprost, zadovoljujo\u010d in idealen za vsakodnevno no\u0161enje.<\/p>\n<p><strong>Dodajte Amyin WhatsApp, da dobite pravi odgovor in ceno s popustom!<\/strong><\/p>\n<p><img fetchpriority=\"high\" decoding=\"async\" class=\"size-full wp-image-2932\" src=\"https:\/\/vapestornado.com\/wp-content\/uploads\/2024\/12\/Vape-Wholesale.jpg\" alt=\"Vape Veleprodaja\" width=\"229\" height=\"300\" \/><\/p>\n<h3><a href=\"https:\/\/wa.me\/8617776015835\"><span style=\"color: #ff0000;\"><strong>WhatsApp: +386 17776015835<\/strong><\/span><\/a><\/h3>\n<p>&nbsp;<\/p>","protected":false},"featured_media":4075,"comment_status":"open","ping_status":"closed","template":"","meta":{"_acf_changed":false,"_uag_custom_page_level_css":"","_lmt_disableupdate":"no","_lmt_disable":"","_monsterinsights_skip_tracking":false,"_monsterinsights_sitenote_active":false,"_monsterinsights_sitenote_note":"","_monsterinsights_sitenote_category":0,"site-sidebar-layout":"default","site-content-layout":"","ast-site-content-layout":"default","site-content-style":"default","site-sidebar-style":"default","ast-global-header-display":"","ast-banner-title-visibility":"","ast-main-header-display":"","ast-hfb-above-header-display":"","ast-hfb-below-header-display":"","ast-hfb-mobile-header-display":"","site-post-title":"","ast-breadcrumbs-content":"","ast-featured-img":"","footer-sml-layout":"","ast-disable-related-posts":"","theme-transparent-header-meta":"default","adv-header-id-meta":"","stick-header-meta":"","header-above-stick-meta":"","header-main-stick-meta":"","header-below-stick-meta":"","astra-migrate-meta-layouts":"set","ast-page-background-enabled":"default","ast-page-background-meta":{"desktop":{"background-color":"","background-image":"","background-repeat":"repeat","background-position":"center center","background-size":"auto","background-attachment":"scroll","background-type":"","background-media":"","overlay-type":"","overlay-color":"","overlay-opacity":"","overlay-gradient":""},"tablet":{"background-color":"","background-image":"","background-repeat":"repeat","background-position":"center center","background-size":"auto","background-attachment":"scroll","background-type":"","background-media":"","overlay-type":"","overlay-color":"","overlay-opacity":"","overlay-gradient":""},"mobile":{"background-color":"","background-image":"","background-repeat":"repeat","background-position":"center center","background-size":"auto","background-attachment":"scroll","background-type":"","background-media":"","overlay-type":"","overlay-color":"","overlay-opacity":"","overlay-gradient":""}},"ast-content-background-meta":{"desktop":{"background-color":"var(--ast-global-color-5)","background-image":"","background-repeat":"repeat","background-position":"center center","background-size":"auto","background-attachment":"scroll","background-type":"","background-media":"","overlay-type":"","overlay-color":"","overlay-opacity":"","overlay-gradient":""},"tablet":{"background-color":"var(--ast-global-color-5)","background-image":"","background-repeat":"repeat","background-position":"center center","background-size":"auto","background-attachment":"scroll","background-type":"","background-media":"","overlay-type":"","overlay-color":"","overlay-opacity":"","overlay-gradient":""},"mobile":{"background-color":"var(--ast-global-color-5)","background-image":"","background-repeat":"repeat","background-position":"center center","background-size":"auto","background-attachment":"scroll","background-type":"","background-media":"","overlay-type":"","overlay-color":"","overlay-opacity":"","overlay-gradient":""}},"_joinchat":{"telephone":"17776015835"}},"product_brand":[],"product_cat":[149,152,141,144],"product_tag":[322,105,320,321,490],"class_list":{"0":"post-4088","1":"product","2":"type-product","3":"status-publish","4":"has-post-thumbnail","6":"product_cat-buy-disposable-vapes-in-austria","7":"product_cat-buy-disposable-vapes-in-cermany","8":"product_cat-crystal-disposable-vapes","9":"product_cat-low-nicotine-disposable-vapes","10":"product_tag-crystal-bar-600","11":"product_tag-digital-disposable-vape","12":"product_tag-disposables-bar","13":"product_tag-elf-box-crystal-bar-600","14":"product_tag-mini-bar","15":"desktop-align-left","16":"tablet-align-left","17":"mobile-align-left","19":"first","20":"instock","21":"sale","22":"shipping-taxable","23":"purchasable","24":"product-type-simple"},"acf":[],"uagb_featured_image_src":{"full":["https:\/\/vapestornado.com\/wp-content\/uploads\/2025\/04\/Elf-Bar-600-Disposable-Vape-Pen-Kit-Wholesale.webp",800,800,false],"thumbnail":["https:\/\/vapestornado.com\/wp-content\/uploads\/2025\/04\/Elf-Bar-600-Disposable-Vape-Pen-Kit-Wholesale-150x150.webp",150,150,true],"medium":["https:\/\/vapestornado.com\/wp-content\/uploads\/2025\/04\/Elf-Bar-600-Disposable-Vape-Pen-Kit-Wholesale-300x300.webp",300,300,true],"medium_large":["https:\/\/vapestornado.com\/wp-content\/uploads\/2025\/04\/Elf-Bar-600-Disposable-Vape-Pen-Kit-Wholesale-768x768.webp",768,768,true],"large":["https:\/\/vapestornado.com\/wp-content\/uploads\/2025\/04\/Elf-Bar-600-Disposable-Vape-Pen-Kit-Wholesale.webp",800,800,false],"1536x1536":["https:\/\/vapestornado.com\/wp-content\/uploads\/2025\/04\/Elf-Bar-600-Disposable-Vape-Pen-Kit-Wholesale.webp",800,800,false],"2048x2048":["https:\/\/vapestornado.com\/wp-content\/uploads\/2025\/04\/Elf-Bar-600-Disposable-Vape-Pen-Kit-Wholesale.webp",800,800,false],"trp-custom-language-flag":["https:\/\/vapestornado.com\/wp-content\/uploads\/2025\/04\/Elf-Bar-600-Disposable-Vape-Pen-Kit-Wholesale.webp",12,12,false],"woocommerce_thumbnail":["https:\/\/vapestornado.com\/wp-content\/uploads\/2025\/04\/Elf-Bar-600-Disposable-Vape-Pen-Kit-Wholesale-300x300.webp",300,300,true],"woocommerce_single":["https:\/\/vapestornado.com\/wp-content\/uploads\/2025\/04\/Elf-Bar-600-Disposable-Vape-Pen-Kit-Wholesale-600x600.webp",600,600,true],"woocommerce_gallery_thumbnail":["https:\/\/vapestornado.com\/wp-content\/uploads\/2025\/04\/Elf-Bar-600-Disposable-Vape-Pen-Kit-Wholesale-100x100.webp",100,100,true]},"uagb_author_info":{"display_name":"ESAMY","author_link":"https:\/\/vapestornado.com\/sl\/author\/"},"uagb_comment_info":0,"uagb_excerpt":"Elf Box Crystal Bar 600 Puffs Disposable Vapes, is a\u00a0sleek crystal vape delivering 600 smooth puffs with a 1.6\u03a9 coil, 2ml e-liquid capacity, and 0\u20135% nicotine options \u2014 simple, satisfying, and ideal for daily carry. Add Amy's whatsapp to get right reply and discount price! WhatsApp: +86 17776015835 &nbsp;","_links":{"self":[{"href":"https:\/\/vapestornado.com\/sl\/wp-json\/wp\/v2\/product\/4088","targetHints":{"allow":["GET"]}}],"collection":[{"href":"https:\/\/vapestornado.com\/sl\/wp-json\/wp\/v2\/product"}],"about":[{"href":"https:\/\/vapestornado.com\/sl\/wp-json\/wp\/v2\/types\/product"}],"replies":[{"embeddable":true,"href":"https:\/\/vapestornado.com\/sl\/wp-json\/wp\/v2\/comments?post=4088"}],"wp:featuredmedia":[{"embeddable":true,"href":"https:\/\/vapestornado.com\/sl\/wp-json\/wp\/v2\/media\/4075"}],"wp:attachment":[{"href":"https:\/\/vapestornado.com\/sl\/wp-json\/wp\/v2\/media?parent=4088"}],"wp:term":[{"taxonomy":"product_brand","embeddable":true,"href":"https:\/\/vapestornado.com\/sl\/wp-json\/wp\/v2\/product_brand?post=4088"},{"taxonomy":"product_cat","embeddable":true,"href":"https:\/\/vapestornado.com\/sl\/wp-json\/wp\/v2\/product_cat?post=4088"},{"taxonomy":"product_tag","embeddable":true,"href":"https:\/\/vapestornado.com\/sl\/wp-json\/wp\/v2\/product_tag?post=4088"}],"curies":[{"name":"wp","href":"https:\/\/api.w.org\/{rel}","templated":true}]}}