{"id":4087,"date":"2025-04-07T09:49:27","date_gmt":"2025-04-07T09:49:27","guid":{"rendered":"https:\/\/vapestornado.com\/?post_type=product&#038;p=4087"},"modified":"2025-12-11T03:45:55","modified_gmt":"2025-12-11T03:45:55","slug":"elfworld-ai22000-22k-puff-disposable-vape-pen-kit-best-seller-in-poland","status":"publish","type":"product","link":"https:\/\/vapestornado.com\/sl\/product\/elfworld-ai22000-22k-puff-disposable-vape-pen-kit-best-seller-in-poland\/","title":{"rendered":"ELFWORLD AI22000 22k Puff Disposable Vape Pen Komplet Najbolje prodajan na Poljskem"},"content":{"rendered":"<h1 data-pm-slice=\"1 1 []\">ELFWORLD AI22000 22k Puff Disposable Vape Pen Komplet Najbolje prodajan na Poljskem<\/h1>\n<p class=\"\" data-start=\"623\" data-end=\"1038\"><strong data-start=\"97\" data-end=\"118\">ELFWORLD AI 22000<\/strong> je visokozmogljiv enkratni vape za enkratno uporabo, zasnovan za vaperje, ki \u017eelijo mo\u010dan okus, veliko \u0161tevilo vdihov in napravo, ki se dejansko prilagaja napornim dnevom.<\/p>\n<h3 data-start=\"786\" data-end=\"858\">Zakaj ima ta ELFWORLD AI22000 smisel za vas<\/h3>\n<ul data-start=\"860\" data-end=\"2341\">\n<li data-start=\"860\" data-end=\"1208\">\n<p data-start=\"862\" data-end=\"1208\"><strong data-start=\"862\" data-end=\"896\">Kapaciteta, ki resni\u010dno traja.<\/strong> The <strong data-start=\"901\" data-end=\"951\">ELFWORLD AI 22000 22k vdihov enkratni vape pen<\/strong> zdru\u017euje oceno 22K vdihov z <strong data-start=\"983\" data-end=\"996\">26 ml rezervoarjem<\/strong>, tako da bodo ve\u010dina obi\u010dajnih uporabnikov v Sloveniji, Nem\u010diji, \u0160paniji ali Italiji dobili <strong data-start=\"1064\" data-end=\"1091\">tedne uporabe na napravo<\/strong>, ne dneve. To pomeni manj nujnih izletov po 'cigarete pri meni' in manj denarja, porabljenega za stalne zamenjave.<\/p>\n<\/li>\n<li data-start=\"1210\" data-end=\"1501\">\n<p data-start=\"1212\" data-end=\"1501\"><strong data-start=\"1212\" data-end=\"1251\">Dosleden udarec 5% in drznej\u0161i okus.<\/strong> S <strong data-start=\"1257\" data-end=\"1272\">5% nikotina<\/strong> in raznolikost okusov od Mango Jabolko Hru\u0161ka do Blue Razz Ice, <strong data-start=\"1337\" data-end=\"1371\">ELFWORLD 22000 enkratni vape<\/strong> ohranja vsak vdih stabilen in zadovoljujo\u010d. Ljubitelji sadja, navdu\u0161enci nad meto in ledenimi me\u0161anicami dobijo ustrezne mo\u017enosti namesto enega generi\u010dnega me\u0161anega okusa.<\/p>\n<\/li>\n<li data-start=\"1503\" data-end=\"1800\">\n<p data-start=\"1505\" data-end=\"1800\"><strong data-start=\"1505\" data-end=\"1559\">Polnjenje z mo\u017enostjo polnjenja namesto zapravljanja teko\u010dine.<\/strong> The <strong data-start=\"1564\" data-end=\"1612\">650mAh Type-C polnjenje ELF WORLD AI 22000<\/strong> vam omogo\u010da, da napolnite energijo kadar koli potrebujete. Hitro polnjenje ob pisalni mizi, v avtu ali doma pomeni, da naprava lahko dejansko dose\u017ee svoj polni potencial 22K vdihov, ne da bi se izpraznila sredi dneva.<\/p>\n<\/li>\n<li data-start=\"1802\" data-end=\"2070\">\n<p data-start=\"1804\" data-end=\"2070\"><strong data-start=\"1804\" data-end=\"1844\">Tehnologija, ki vam pove, kaj se dogaja.<\/strong> The <strong data-start=\"1849\" data-end=\"1898\">digitalni prikazovalnik na ELFWORLD AI 22000 vape<\/strong> nudi jasen pregled ravni baterije in e-teko\u010dine, tako da veste, ali lahko prenese no\u010dno izhod ali dolgo izmeno. Brez ugibanja, brez nepri\u010dakovanega izpada naprave sredi dneva.<\/p>\n<\/li>\n<li data-start=\"2072\" data-end=\"2341\">\n<p data-start=\"2074\" data-end=\"2341\"><strong data-start=\"2074\" data-end=\"2105\">Enostavno za nakup, enostavno za prena\u0161anje.<\/strong> Naro\u010di iz vapes tornado <strong data-start=\"2131\" data-end=\"2180\">spletnih vape trgovinah<\/strong>\u00a0ali ga prevzemi v lokalni trgovini, ozek ohi\u0161je enostavno pade v \u017eep. Ni nastavitev za u\u010denje, nobenega lo\u010denega <strong data-start=\"2292\" data-end=\"2313\">polnilnih kapsul<\/strong>, samo napolni, vdi\u0161i in pojdi.<\/p>\n<\/li>\n<\/ul>\n<p data-start=\"666\" data-end=\"1235\"><strong style=\"font-size: 16px;\"><span style=\"color: #ff0000;\">Dodajte Amy na WhatsApp za pravilen odgovor in ceno s popustom!<\/span><\/strong><\/p>\n<p><img fetchpriority=\"high\" decoding=\"async\" class=\"size-full wp-image-2932\" src=\"https:\/\/vapestornado.com\/wp-content\/uploads\/2024\/12\/Vape-Wholesale.jpg\" alt=\"Vape Veleprodaja\" width=\"229\" height=\"300\" \/><\/p>\n<h3><a href=\"https:\/\/wa.me\/8617776015835\" target=\"_blank\" rel=\"noopener\"><span style=\"color: #ff0000;\"><strong>WhatsApp: +386 17776015835<\/strong><\/span><\/a><\/h3>\n<p>&nbsp;<\/p>\n<h2><strong>ELFWORLD AI22000 Klju\u010dne zna\u010dilnosti izdelka<\/strong><\/h2>\n<table>\n<thead>\n<tr>\n<th>Zna\u010dilnosti<\/th>\n<th>specifikacije<\/th>\n<th>podrobnosti<\/th>\n<\/tr>\n<\/thead>\n<tbody>\n<tr>\n<td>Blagovna znamka<\/td>\n<td>ELFWORLD<\/td>\n<td>Najbolje prodajana serija ELFWORLD AI v Sloveniji.<\/td>\n<\/tr>\n<tr>\n<td>Model<\/td>\n<td>ELFWORLD AI 22000<\/td>\n<td>22K napolnjenega enkratnega vape peresnika z mo\u017enostjo polnjenja.<\/td>\n<\/tr>\n<tr>\n<td>Zmogljivost vdihovanja<\/td>\n<td>Do 22.000 vdihov<\/td>\n<td>Zasnovano za ve\u010d tedensko uporabo za ve\u010dino rednih vaperjev.<\/td>\n<\/tr>\n<tr>\n<td>Prostornina e-teko\u010dine<\/td>\n<td>26 ml vnaprej napolnjenega<\/td>\n<td>Velik rezervoar podpira celotno oceno 22K vdihov.<\/td>\n<\/tr>\n<tr>\n<td>Vsebnost nikotina<\/td>\n<td>5 % (50 mg)<\/td>\n<td>Mo\u010dan, dosleden ob\u010dutek v grlu in zadovoljstvo.<\/td>\n<\/tr>\n<tr>\n<td>Baterija<\/td>\n<td>650 mAh mo\u017enost ponovnega polnjenja<\/td>\n<td>Zgrajen za ve\u010dkratno polnjenje skozi \u017eivljenjsko dobo naprave.<\/td>\n<\/tr>\n<tr>\n<td>Vrata za polnjenje<\/td>\n<td>Type-C<\/td>\n<td>Hiter, sodoben polnilec z obi\u010dajnimi EU kabli.<\/td>\n<\/tr>\n<tr>\n<td>Zaslon<\/td>\n<td>Digitalni zaslon<\/td>\n<td>Prikazuje stanje e-tekline in baterije v realnem \u010dasu.<\/td>\n<\/tr>\n<tr>\n<td>Vrsta naprave<\/td>\n<td>Enkratni vape peresnik<\/td>\n<td>Ni potrebe po polnjenju ali menjavi tuljav; uporabi in recikliraj.<\/td>\n<\/tr>\n<tr>\n<td>Mo\u017enosti okusa<\/td>\n<td>15 okusov<\/td>\n<td>Sadne, ledene in me\u0161ane me\u0161anice za razli\u010dne okuse.<\/td>\n<\/tr>\n<\/tbody>\n<\/table>\n<p>&nbsp;<\/p>\n<figure id=\"attachment_4081\" aria-describedby=\"caption-attachment-4081\" style=\"width: 800px\" class=\"wp-caption alignnone\"><img decoding=\"async\" class=\"wp-image-4081 size-full\" src=\"https:\/\/vapestornado.com\/wp-content\/uploads\/2025\/04\/ELF-WORLD-Ai-22k-Disposable-Vape.webp\" alt=\"ELF WORLD Ai 22k Vape za enkratno uporabo\" width=\"800\" height=\"800\" srcset=\"https:\/\/vapestornado.com\/wp-content\/uploads\/2025\/04\/ELF-WORLD-Ai-22k-Disposable-Vape.webp 800w, https:\/\/vapestornado.com\/wp-content\/uploads\/2025\/04\/ELF-WORLD-Ai-22k-Disposable-Vape-300x300.webp 300w, https:\/\/vapestornado.com\/wp-content\/uploads\/2025\/04\/ELF-WORLD-Ai-22k-Disposable-Vape-150x150.webp 150w, https:\/\/vapestornado.com\/wp-content\/uploads\/2025\/04\/ELF-WORLD-Ai-22k-Disposable-Vape-768x768.webp 768w, https:\/\/vapestornado.com\/wp-content\/uploads\/2025\/04\/ELF-WORLD-Ai-22k-Disposable-Vape-600x600.webp 600w, https:\/\/vapestornado.com\/wp-content\/uploads\/2025\/04\/ELF-WORLD-Ai-22k-Disposable-Vape-100x100.webp 100w\" sizes=\"(max-width: 800px) 100vw, 800px\" \/><figcaption id=\"caption-attachment-4081\" class=\"wp-caption-text\">ELF WORLD Ai 22k Vape za enkratno uporabo<\/figcaption><\/figure>\n<h2 class=\"product-title\"><strong>ELFWORLD AI22000 Seznam okusov za enkratno uporabo<\/strong><\/h2>\n<article class=\"w-full text-token-text-primary focus-visible:outline-2 focus-visible:outline-offset-[-4px]\" dir=\"auto\" data-testid=\"conversation-turn-32\" data-scroll-anchor=\"false\">\n<div class=\"m-auto text-base py-[18px] px-6\">\n<div class=\"mx-auto flex flex-1 text-base gap-4 md:gap-5 lg:gap-6 md:max-w-3xl lg:max-w-[40rem] xl:max-w-[48rem]\">\n<div class=\"group\/conversation-turn relative flex w-full min-w-0 flex-col @xs\/thread:px-0 @sm\/thread:px-1.5 @md\/thread:px-4\">\n<div class=\"flex-col gap-1 md:gap-3\">\n<div class=\"flex max-w-full flex-col flex-grow\">\n<div class=\"min-h-8 text-message flex w-full flex-col items-end gap-2 whitespace-normal break-words text-start [.text-message+&amp;]:mt-5\" dir=\"auto\" data-message-author-role=\"user\" data-message-id=\"ffac41ca-1db4-431b-873a-32c4052956f1\">\n<div class=\"flex w-full flex-col gap-1 empty:hidden items-end rtl:items-start\">\n<div class=\"relative max-w-[var(--user-chat-width,70%)] rounded-3xl bg-token-message-surface px-5 py-2.5\">\n<div class=\"absolute bottom-0 right-full top-0 -mr-3.5 hidden pr-5 pt-2 [.group\/conversation-turn:hover_&amp;]:flex\">\n<div class=\"flex\">\n<article class=\"w-full text-token-text-primary focus-visible:outline-2 focus-visible:outline-offset-[-4px]\" dir=\"auto\" data-testid=\"conversation-turn-39\" data-scroll-anchor=\"true\">\n<div class=\"m-auto text-base py-[18px] px-6\">\n<div class=\"mx-auto flex flex-1 text-base gap-4 md:gap-5 lg:gap-6 md:max-w-3xl lg:max-w-[40rem] xl:max-w-[48rem]\">\n<div class=\"group\/conversation-turn relative flex w-full min-w-0 flex-col agent-turn @xs\/thread:px-0 @sm\/thread:px-1.5 @md\/thread:px-4\">\n<div class=\"flex-col gap-1 md:gap-3\">\n<div class=\"flex max-w-full flex-col flex-grow\">\n<div class=\"min-h-8 text-message flex w-full flex-col items-end gap-2 whitespace-normal break-words text-start [.text-message+&amp;]:mt-5\" dir=\"auto\" data-message-author-role=\"assistant\" data-message-id=\"55a23854-ec57-48dd-bd4f-6118f43d6241\" data-message-model-slug=\"gpt-4o\">\n<div class=\"flex w-full flex-col gap-1 empty:hidden first:pt-[3px]\">\n<div class=\"markdown prose w-full break-words dark:prose-invert light\">\n<p>1. Mango Jabolko Hru\u0161ka<br \/>\n2. Hladen Mango<br \/>\n3. Zeleno Jabolko<br \/>\n4. Tigrova Kri<br \/>\n5. Borovnica Led<br \/>\n6. Meta<br \/>\n7. Me\u0161ano Jagodi\u010dje<br \/>\n8. Grozdje Led<br \/>\n9.Lubenica Led<br \/>\n10. Borovnica Meta<br \/>\n11. Jagoda Led<br \/>\n12. So\u010dna Breskev Led<br \/>\n13. Modra Malina Led<br \/>\n14. \u010ce\u0161nja Limona<br \/>\n15.Jagoda Lubenica<\/p>\n<\/div>\n<\/div>\n<\/div>\n<\/div>\n<\/div>\n<\/div>\n<\/div>\n<\/div>\n<\/article>\n<\/div>\n<\/div>\n<\/div>\n<\/div>\n<\/div>\n<\/div>\n<\/div>\n<\/div>\n<\/div>\n<\/div>\n<\/article>\n<h2>Zakaj izbrati Vapestornado za nakup ELFWORLD AI22000 Puff?<\/h2>\n<div class=\"flex-shrink-0 flex flex-col relative items-end\">\n<div class=\"pt-0\">\n<div class=\"gizmo-bot-avatar flex h-8 w-8 items-center justify-center overflow-hidden rounded-full\">\n<div class=\"relative p-1 rounded-sm flex items-center justify-center bg-token-main-surface-primary text-token-text-primary h-8 w-8\">\n<p>At\u00a0<strong>VapeTornado<\/strong>, ponosni smo na zagotavljanje\u00a0<strong>vrhunskih izdelkov za vaping po neprekosljivih cenah<\/strong>\u2014in ELFWORLD AI22000 ni izjema! Tukaj je razlog, zakaj bi morali kupiti pri nas:<\/p>\n<p><strong>Najbolj\u0161e veleprodajne cene<\/strong>\u00a0\u2013 Ponujamo\u00a0<strong>konkuren\u010dne cene za velike koli\u010dine<\/strong><span style=\"font-size: 16px;\">, zaradi \u010desar smo najbolj\u0161a izbira za preprodajalce in trgovine z vape izdelki.<\/span><\/p>\n<p><strong>Hitro<\/strong>\u00a0\u2013 Zagotovite si dostavo naro\u010dila\u00a0<strong>hitro in varno<\/strong>, z mo\u017enostmi po\u0161iljanja po vsem svetu.<br \/>\n<strong>100-odstotno pristni izdelki<\/strong>\u00a0\u2013 Brez ponaredkov\u2014samo\u00a0<strong>originalni WASPE Triple izdelki za enkratno uporabo<\/strong>\u00a0z preverjeno kakovostjo.<br \/>\n<strong>Odli\u010dna podpora strankam<\/strong>\u00a0\u2013 Imate vpra\u0161anja? Na\u0161i\u00a0<strong>strokovnjaki za vape<\/strong> so vam vedno pripravljeni pomagati.<\/p>\n<p data-start=\"559\" data-end=\"933\" data-is-last-node=\"\" data-is-only-node=\"\">Imamo tudi nekaj drugih priljubljenih vape izdelkov z zaslonom, kot so <a href=\"https:\/\/vapestornado.com\/sl\/product\/bang-king-vape-36000-puff-dual-vaping-mode-disposables-pod-best-price\/\">BANG KING 36000 \u0160i\u0161a<\/a>, <a href=\"https:\/\/vapestornado.com\/sl\/product\/waspe-aiviou-3-in-1-60000-puffs-disposable-vape-kit-best-price\/\">WASPE 60000 3 v 1<\/a>, <a href=\"https:\/\/vapestornado.com\/sl\/product\/alfakh-crown-bar-20000-puffs-disposable-shisha-hookah-wholesale-vape-pen\/\">ALFAKH 20000<\/a>, in \u0161e ve\u010d.<\/p>\n<\/div>\n<div class=\"relative p-1 rounded-sm flex items-center justify-center bg-token-main-surface-primary text-token-text-primary h-8 w-8\">\n<h2>Pogosta vpra\u0161anja za ELFWORLD AI22000 Puff Vape<\/h2>\n<p>&nbsp;<\/p>\n<h3 data-start=\"3596\" data-end=\"3698\">1. Kako dolgo dejansko traja enkratni vape peresnik ELFWORLD AI 22000 22k vdihov pri vsakodnevni uporabi?<\/h3>\n<p data-start=\"3699\" data-end=\"4013\">Za mnoge uporabnike v Sloveniji, Nem\u010diji ali \u0160paniji je <strong data-start=\"3748\" data-end=\"3785\">ELFWORLD AI 22000 22k potiskalni naprava<\/strong> z <strong data-start=\"3791\" data-end=\"3811\">26 ml e-soka<\/strong> lahko pokrije <strong data-start=\"3822\" data-end=\"3839\">nekaj tednov<\/strong> redno uporabo. Dejanski \u010das je odvisen od tega, kako pogosto in kako globoko vdiha\u0161, vendar je kombinacija 22 tiso\u010d potiskov in mo\u017enost polnjenja namenjena dolgim obdobjem, ne le nekaj dni.<\/p>\n<h3 data-start=\"4020\" data-end=\"4138\">2. Ali digitalni zaslon na enkratni vape napravi ELFWORLD 22000 res pomaga pri upravljanju z baterijo in teko\u010dino?<\/h3>\n<p data-start=\"4139\" data-end=\"4419\">Da. <strong data-start=\"4148\" data-end=\"4198\">ELFWORLD 22000 digitalni zaslon enkratne vape naprave<\/strong> prikazuje ravni baterije in e-soka, tako da ve\u0161, \u010de se mora\u0161 pred odhodom napolniti ali \u010de je rezervoar pri koncu. To je velika nadgradnja v primerjavi z ugibanjem, \u0161e posebej \u010de se zana\u0161a\u0161 na eno napravo za delo in no\u010dne izhode.<\/p>\n<h3 data-start=\"4426\" data-end=\"4539\">3. Kako se ELFWORLD AI 22000 primerja z nakupom tradicionalnih cigaret v bli\u017eini glede na udobje?<\/h3>\n<p data-start=\"4540\" data-end=\"4826\">The <strong data-start=\"4544\" data-end=\"4579\">ELFWORLD AI 22000 22k potiskalna vape<\/strong> je zasnovana za zmanj\u0161anje stalnih obiskov trgovin. Namesto da bi vsak dan vzeli \u201c<strong data-start=\"4645\" data-end=\"4667\">cigarete v bli\u017eini<\/strong>\u201d, lahko popolnoma napolnjena in polnjena naprava dolgo \u010dasa ostane v tvoji \u017eepu, digitalni zaslon in polnjenje s Type-C pa ti pomagata na\u010drtovati vnaprej.<\/p>\n<h3 data-start=\"4833\" data-end=\"4924\">4. Ali je ELFWORLD AI 22000 podobna sistemom z vlo\u017eki, ki jih je mogo\u010de polniti, ali je druga\u010dna?<\/h3>\n<p data-start=\"4925\" data-end=\"5195\">Funkcionalno, <strong data-start=\"4943\" data-end=\"4975\">ELFWORLD AI 22000 enkratna<\/strong> nudi enako preprostost \u201cnapolni in vdi\u0161i\u201d, ki jo ljudje cenijo pri <strong data-start=\"5035\" data-end=\"5056\">polnilnih kapsul<\/strong> napravah, vendar brez menjave vlo\u017ekov ali polnjenja rezervoarjev. Vse je zatesnjeno in vnaprej izmerjeno: polni\u0161 baterijo, ne zamenjuje\u0161 delov.<\/p>\n<h3 data-start=\"5202\" data-end=\"5286\">5. Ali lahko kupim ELFWORLD AI 22000 22k Puff v spletnem vape trgovini v Sloveniji?<\/h3>\n<p data-start=\"5287\" data-end=\"5566\">Mnogi uporabniki v Sloveniji in po vsej EU pridobijo <strong data-start=\"5330\" data-end=\"5351\">ELFWORLD AI 22000<\/strong> prek <strong data-start=\"5362\" data-end=\"5382\">spletnih vape trgovinah<\/strong> namesto lokalnih trgovin. Trgovci cenijo 22K potiskov, 26 ml rezervoar in digitalni zaslon kot mo\u010dne prodajne to\u010dke, zato se pogosto pojavlja v kategorijah \u00bbnajbolj prodajano\u00ab ali \u00bbvisoka kapaciteta\u00ab.<\/p>\n<\/div>\n<\/div>\n<\/div>\n<\/div>","protected":false},"excerpt":{"rendered":"<p class=\"LC20lb MBeuO DKV0Md\">ELF WORLD AI 22000 Disposable Vape Bar Poceni Cena<br \/>\nELFWORLD AI22000 22000 Vpihov Najbolj\u0161a Veleprodaja Vape Box za Enkratno Uporabo<br \/>\nDigitalna Vape Palica za Enkratno Uporabo ELFWORLD AI 22000 Vpihov Neposredna Prodaja iz Tovarne<\/p>\n<p><strong>Dodajte Amyin WhatsApp, da dobite pravi odgovor in ceno s popustom!<\/strong><\/p>\n<p><img fetchpriority=\"high\" decoding=\"async\" class=\"size-full wp-image-2932\" src=\"https:\/\/vapestornado.com\/wp-content\/uploads\/2024\/12\/Vape-Wholesale.jpg\" alt=\"Vape Veleprodaja\" width=\"229\" height=\"300\" \/><\/p>\n<h3><a href=\"https:\/\/wa.me\/8617776015835\"><span style=\"color: #ff0000;\"><strong>WhatsApp: +386 17776015835<\/strong><\/span><\/a><\/h3>\n<p>&nbsp;<\/p>","protected":false},"featured_media":4082,"comment_status":"open","ping_status":"closed","template":"","meta":{"_acf_changed":false,"_uag_custom_page_level_css":"","_lmt_disableupdate":"no","_lmt_disable":"","_monsterinsights_skip_tracking":false,"_monsterinsights_sitenote_active":false,"_monsterinsights_sitenote_note":"","_monsterinsights_sitenote_category":0,"site-sidebar-layout":"default","site-content-layout":"","ast-site-content-layout":"default","site-content-style":"default","site-sidebar-style":"default","ast-global-header-display":"","ast-banner-title-visibility":"","ast-main-header-display":"","ast-hfb-above-header-display":"","ast-hfb-below-header-display":"","ast-hfb-mobile-header-display":"","site-post-title":"","ast-breadcrumbs-content":"","ast-featured-img":"","footer-sml-layout":"","ast-disable-related-posts":"","theme-transparent-header-meta":"default","adv-header-id-meta":"","stick-header-meta":"","header-above-stick-meta":"","header-main-stick-meta":"","header-below-stick-meta":"","astra-migrate-meta-layouts":"set","ast-page-background-enabled":"default","ast-page-background-meta":{"desktop":{"background-color":"","background-image":"","background-repeat":"repeat","background-position":"center center","background-size":"auto","background-attachment":"scroll","background-type":"","background-media":"","overlay-type":"","overlay-color":"","overlay-opacity":"","overlay-gradient":""},"tablet":{"background-color":"","background-image":"","background-repeat":"repeat","background-position":"center center","background-size":"auto","background-attachment":"scroll","background-type":"","background-media":"","overlay-type":"","overlay-color":"","overlay-opacity":"","overlay-gradient":""},"mobile":{"background-color":"","background-image":"","background-repeat":"repeat","background-position":"center center","background-size":"auto","background-attachment":"scroll","background-type":"","background-media":"","overlay-type":"","overlay-color":"","overlay-opacity":"","overlay-gradient":""}},"ast-content-background-meta":{"desktop":{"background-color":"var(--ast-global-color-5)","background-image":"","background-repeat":"repeat","background-position":"center center","background-size":"auto","background-attachment":"scroll","background-type":"","background-media":"","overlay-type":"","overlay-color":"","overlay-opacity":"","overlay-gradient":""},"tablet":{"background-color":"var(--ast-global-color-5)","background-image":"","background-repeat":"repeat","background-position":"center center","background-size":"auto","background-attachment":"scroll","background-type":"","background-media":"","overlay-type":"","overlay-color":"","overlay-opacity":"","overlay-gradient":""},"mobile":{"background-color":"var(--ast-global-color-5)","background-image":"","background-repeat":"repeat","background-position":"center center","background-size":"auto","background-attachment":"scroll","background-type":"","background-media":"","overlay-type":"","overlay-color":"","overlay-opacity":"","overlay-gradient":""}},"_joinchat":{"telephone":"17776015835"}},"product_brand":[],"product_cat":[156,142,146],"product_tag":[488,105,320,486,319,487,489],"class_list":{"0":"post-4087","1":"product","2":"type-product","3":"status-publish","4":"has-post-thumbnail","6":"product_cat-buy-disposable-vapes-in-poland","7":"product_cat-digital-box-disposable-vapes","8":"product_cat-rechargeable-disposable-vapes","9":"product_tag-cigarettes-near-me","10":"product_tag-digital-disposable-vape","11":"product_tag-disposables-bar","12":"product_tag-elf-world","13":"product_tag-elfworld-ai22000","14":"product_tag-pods-recargablese","15":"product_tag-vape-shop-online","16":"desktop-align-left","17":"tablet-align-left","18":"mobile-align-left","20":"first","21":"instock","22":"sale","23":"shipping-taxable","24":"purchasable","25":"product-type-simple"},"acf":[],"uagb_featured_image_src":{"full":["https:\/\/vapestornado.com\/wp-content\/uploads\/2025\/04\/ELF-WORLD-Ai-22000-PUFF-Disposable-Vape-Box.webp",800,800,false],"thumbnail":["https:\/\/vapestornado.com\/wp-content\/uploads\/2025\/04\/ELF-WORLD-Ai-22000-PUFF-Disposable-Vape-Box-150x150.webp",150,150,true],"medium":["https:\/\/vapestornado.com\/wp-content\/uploads\/2025\/04\/ELF-WORLD-Ai-22000-PUFF-Disposable-Vape-Box-300x300.webp",300,300,true],"medium_large":["https:\/\/vapestornado.com\/wp-content\/uploads\/2025\/04\/ELF-WORLD-Ai-22000-PUFF-Disposable-Vape-Box-768x768.webp",768,768,true],"large":["https:\/\/vapestornado.com\/wp-content\/uploads\/2025\/04\/ELF-WORLD-Ai-22000-PUFF-Disposable-Vape-Box.webp",800,800,false],"1536x1536":["https:\/\/vapestornado.com\/wp-content\/uploads\/2025\/04\/ELF-WORLD-Ai-22000-PUFF-Disposable-Vape-Box.webp",800,800,false],"2048x2048":["https:\/\/vapestornado.com\/wp-content\/uploads\/2025\/04\/ELF-WORLD-Ai-22000-PUFF-Disposable-Vape-Box.webp",800,800,false],"trp-custom-language-flag":["https:\/\/vapestornado.com\/wp-content\/uploads\/2025\/04\/ELF-WORLD-Ai-22000-PUFF-Disposable-Vape-Box.webp",12,12,false],"woocommerce_thumbnail":["https:\/\/vapestornado.com\/wp-content\/uploads\/2025\/04\/ELF-WORLD-Ai-22000-PUFF-Disposable-Vape-Box-300x300.webp",300,300,true],"woocommerce_single":["https:\/\/vapestornado.com\/wp-content\/uploads\/2025\/04\/ELF-WORLD-Ai-22000-PUFF-Disposable-Vape-Box-600x600.webp",600,600,true],"woocommerce_gallery_thumbnail":["https:\/\/vapestornado.com\/wp-content\/uploads\/2025\/04\/ELF-WORLD-Ai-22000-PUFF-Disposable-Vape-Box-100x100.webp",100,100,true]},"uagb_author_info":{"display_name":"ESAMY","author_link":"https:\/\/vapestornado.com\/sl\/author\/"},"uagb_comment_info":0,"uagb_excerpt":"ELF WORLD AI 22000 Disposable Vape Bar Cheap Price ELFWORLD AI22000 22000 Puffs Best Wholesale Disposables Vape Box Digital Disposables Bar ELFWORLD AI 22000 Puffs Factory Direct Sale Add Amy's whatsapp to get right reply and discount price! WhatsApp: +86 17776015835 &nbsp;","_links":{"self":[{"href":"https:\/\/vapestornado.com\/sl\/wp-json\/wp\/v2\/product\/4087","targetHints":{"allow":["GET"]}}],"collection":[{"href":"https:\/\/vapestornado.com\/sl\/wp-json\/wp\/v2\/product"}],"about":[{"href":"https:\/\/vapestornado.com\/sl\/wp-json\/wp\/v2\/types\/product"}],"replies":[{"embeddable":true,"href":"https:\/\/vapestornado.com\/sl\/wp-json\/wp\/v2\/comments?post=4087"}],"wp:featuredmedia":[{"embeddable":true,"href":"https:\/\/vapestornado.com\/sl\/wp-json\/wp\/v2\/media\/4082"}],"wp:attachment":[{"href":"https:\/\/vapestornado.com\/sl\/wp-json\/wp\/v2\/media?parent=4087"}],"wp:term":[{"taxonomy":"product_brand","embeddable":true,"href":"https:\/\/vapestornado.com\/sl\/wp-json\/wp\/v2\/product_brand?post=4087"},{"taxonomy":"product_cat","embeddable":true,"href":"https:\/\/vapestornado.com\/sl\/wp-json\/wp\/v2\/product_cat?post=4087"},{"taxonomy":"product_tag","embeddable":true,"href":"https:\/\/vapestornado.com\/sl\/wp-json\/wp\/v2\/product_tag?post=4087"}],"curies":[{"name":"wp","href":"https:\/\/api.w.org\/{rel}","templated":true}]}}