{"id":4068,"date":"2025-04-06T09:32:07","date_gmt":"2025-04-06T09:32:07","guid":{"rendered":"https:\/\/vapestornado.com\/?post_type=product&#038;p=4068"},"modified":"2025-08-23T12:31:59","modified_gmt":"2025-08-23T12:31:59","slug":"alfakh-crown-bar-20000-puffs-disposable-shisha-hookah-wholesale-vape-pen","status":"publish","type":"product","link":"https:\/\/vapestornado.com\/sl\/product\/alfakh-crown-bar-20000-puffs-disposable-shisha-hookah-wholesale-vape-pen\/","title":{"rendered":"Alfakh Crown Bar 20000 Vdihov Shisha Hookah Veleprodajna Vape Pisala za Enkratno Uporabo"},"content":{"rendered":"<h1 data-pm-slice=\"1 1 []\">Alfakh Crown Bar 20000 Vdihov Shisha Hookah Veleprodajna Vape Pisala za Enkratno Uporabo<\/h1>\n<p class=\"\" data-start=\"101\" data-end=\"572\">The <strong data-start=\"271\" data-end=\"337\">Alfakh Crown Bar 20000 Vpihov Shisha Hookah Vape Pisalo za Enkratno Uporabo<\/strong> zdru\u017euje tradicionalne vibracije shishe z napredno tehnologijo vapinga in ponuja pristno izku\u0161njo v slogu hookah v sodobni, prenosni obliki. Z do <strong data-start=\"490\" data-end=\"506\">20.000 vdihov<\/strong> ga poganja mo\u010dna <strong data-start=\"527\" data-end=\"558\">950mAh polnilna baterija<\/strong> in <strong data-start=\"563\" data-end=\"587\">hitro polnjenje Type-C<\/strong>, ta naprava zagotavlja podalj\u0161ano u\u017eivanje.<\/p>\n<p>Zaradi <strong data-start=\"645\" data-end=\"674\">nastavljiv sistem pretoka zraka<\/strong> vam omogo\u010da preklapljanje med gladkimi vleki shishe ali gostimi oblaki, medtem ko <strong data-start=\"751\" data-end=\"777\">digitalni zaslon<\/strong> vas obve\u0161\u010da o \u017eivljenjski dobi baterije in nivojih e-teko\u010dine. Predhodno napolnjen z <strong data-start=\"850\" data-end=\"878\">30 ml vrhunske e-teko\u010dine<\/strong> in na voljo v <strong data-start=\"896\" data-end=\"937\">0%, 2%, 3% in 5% jakosti nikotina<\/strong>, poskrbi za vse preference vapinga.<\/p>\n<p>Ima <strong data-start=\"997\" data-end=\"1010\">mre\u017easto tuljavo<\/strong> za dosleden, bogat okus in <strong data-start=\"1043\" data-end=\"1069\">12 drznih mo\u017enosti okusa<\/strong>, je Alfakh Crown Bar 20K idealna izbira za trgovce na drobno in distributerje, ki i\u0161\u010dejo zanesljiva veleprodajna vape pisala z velikim povpra\u0161evanjem.<\/p>\n<p data-start=\"666\" data-end=\"1235\"><strong style=\"font-size: 16px;\"><span style=\"color: #ff0000;\">Dodajte Amy na WhatsApp za pravilen odgovor in ceno s popustom!<\/span><\/strong><\/p>\n<p><img fetchpriority=\"high\" decoding=\"async\" class=\"size-full wp-image-2932\" src=\"https:\/\/vapestornado.com\/wp-content\/uploads\/2024\/12\/Vape-Wholesale.jpg\" alt=\"Vape Veleprodaja\" width=\"229\" height=\"300\" \/><\/p>\n<h3><a href=\"https:\/\/wa.me\/8617776015835\" target=\"_blank\" rel=\"noopener\"><span style=\"color: #ff0000;\"><strong>WhatsApp: +386 17776015835<\/strong><\/span><\/a><\/h3>\n<p>&nbsp;<\/p>\n<h2><strong>Klju\u010dne lastnosti izdelka Alfakh Crown Bar 20000<\/strong><\/h2>\n<p>Model: Alfakh Krona Palica 20000<br \/>\n12 okusov, med katerimi lahko izbirate.<br \/>\nProstornina teko\u010dine: 30 ml<br \/>\nKapaciteta baterije: 950 mAh, mo\u017enost polnjenja Type-C<br \/>\nTuljava: Mre\u017easta tuljava 0,6ohm<br \/>\nVpihov: 20000<br \/>\nSolna nikotina: 0%,2%,3%,5%<\/p>\n<figure id=\"attachment_4057\" aria-describedby=\"caption-attachment-4057\" style=\"width: 800px\" class=\"wp-caption alignnone\"><img decoding=\"async\" class=\"wp-image-4057 size-full\" src=\"https:\/\/vapestornado.com\/wp-content\/uploads\/2025\/04\/Al-Fakh-Crown-Bar-Disposable-Shisha.webp\" alt=\"Al Fakh Crown Bar Shisha za enkratno uporabo\" width=\"800\" height=\"800\" srcset=\"https:\/\/vapestornado.com\/wp-content\/uploads\/2025\/04\/Al-Fakh-Crown-Bar-Disposable-Shisha.webp 800w, https:\/\/vapestornado.com\/wp-content\/uploads\/2025\/04\/Al-Fakh-Crown-Bar-Disposable-Shisha-300x300.webp 300w, https:\/\/vapestornado.com\/wp-content\/uploads\/2025\/04\/Al-Fakh-Crown-Bar-Disposable-Shisha-150x150.webp 150w, https:\/\/vapestornado.com\/wp-content\/uploads\/2025\/04\/Al-Fakh-Crown-Bar-Disposable-Shisha-768x768.webp 768w, https:\/\/vapestornado.com\/wp-content\/uploads\/2025\/04\/Al-Fakh-Crown-Bar-Disposable-Shisha-600x600.webp 600w, https:\/\/vapestornado.com\/wp-content\/uploads\/2025\/04\/Al-Fakh-Crown-Bar-Disposable-Shisha-100x100.webp 100w\" sizes=\"(max-width: 800px) 100vw, 800px\" \/><figcaption id=\"caption-attachment-4057\" class=\"wp-caption-text\">Al Fakh Crown Bar Shisha za enkratno uporabo<\/figcaption><\/figure>\n<h2 class=\"product-title\"><strong>Seznam okusov za enkratno uporabo Alfakher Crown Bar 20000<\/strong><\/h2>\n<article class=\"w-full text-token-text-primary focus-visible:outline-2 focus-visible:outline-offset-[-4px]\" dir=\"auto\" data-testid=\"conversation-turn-32\" data-scroll-anchor=\"false\">\n<div class=\"m-auto text-base py-[18px] px-6\">\n<div class=\"mx-auto flex flex-1 text-base gap-4 md:gap-5 lg:gap-6 md:max-w-3xl lg:max-w-[40rem] xl:max-w-[48rem]\">\n<div class=\"group\/conversation-turn relative flex w-full min-w-0 flex-col @xs\/thread:px-0 @sm\/thread:px-1.5 @md\/thread:px-4\">\n<div class=\"flex-col gap-1 md:gap-3\">\n<div class=\"flex max-w-full flex-col flex-grow\">\n<div class=\"min-h-8 text-message flex w-full flex-col items-end gap-2 whitespace-normal break-words text-start [.text-message+&amp;]:mt-5\" dir=\"auto\" data-message-author-role=\"user\" data-message-id=\"ffac41ca-1db4-431b-873a-32c4052956f1\">\n<div class=\"flex w-full flex-col gap-1 empty:hidden items-end rtl:items-start\">\n<div class=\"relative max-w-[var(--user-chat-width,70%)] rounded-3xl bg-token-message-surface px-5 py-2.5\">\n<div class=\"absolute bottom-0 right-full top-0 -mr-3.5 hidden pr-5 pt-2 [.group\/conversation-turn:hover_&amp;]:flex\">\n<div class=\"flex\">\n<article class=\"w-full text-token-text-primary focus-visible:outline-2 focus-visible:outline-offset-[-4px]\" dir=\"auto\" data-testid=\"conversation-turn-39\" data-scroll-anchor=\"true\">\n<div class=\"m-auto text-base py-[18px] px-6\">\n<div class=\"mx-auto flex flex-1 text-base gap-4 md:gap-5 lg:gap-6 md:max-w-3xl lg:max-w-[40rem] xl:max-w-[48rem]\">\n<div class=\"group\/conversation-turn relative flex w-full min-w-0 flex-col agent-turn @xs\/thread:px-0 @sm\/thread:px-1.5 @md\/thread:px-4\">\n<div class=\"flex-col gap-1 md:gap-3\">\n<div class=\"flex max-w-full flex-col flex-grow\">\n<div class=\"min-h-8 text-message flex w-full flex-col items-end gap-2 whitespace-normal break-words text-start [.text-message+&amp;]:mt-5\" dir=\"auto\" data-message-author-role=\"assistant\" data-message-id=\"55a23854-ec57-48dd-bd4f-6118f43d6241\" data-message-model-slug=\"gpt-4o\">\n<div class=\"flex w-full flex-col gap-1 empty:hidden first:pt-[3px]\">\n<div class=\"markdown prose w-full break-words dark:prose-invert light\">\n<p>1. Bujna ledena<br \/>\n2. Jagodi\u010devje z ledom<br \/>\n3. \u017dve\u010dilni gumi z borovnicami<br \/>\n4. \u010ce\u0161njeva fiesta<br \/>\n5. Grozdni pun\u010d<br \/>\n6. Jagodna lubenica<br \/>\n7. Mango zamrzne<br \/>\n8. Jagodni pun\u010d<br \/>\n9. Mango ananas<br \/>\n10. Borovnica malina<br \/>\n11. Dve jabolki<br \/>\n12. Love 66<\/p>\n<\/div>\n<\/div>\n<\/div>\n<\/div>\n<\/div>\n<\/div>\n<\/div>\n<\/div>\n<\/article>\n<\/div>\n<\/div>\n<\/div>\n<\/div>\n<\/div>\n<\/div>\n<\/div>\n<\/div>\n<\/div>\n<\/div>\n<\/article>\n<h2>Zakaj izbrati Vapestornado za nakup Alfakh Crown Bar 20000 Puff?<\/h2>\n<div class=\"flex-shrink-0 flex flex-col relative items-end\">\n<div class=\"pt-0\">\n<div class=\"gizmo-bot-avatar flex h-8 w-8 items-center justify-center overflow-hidden rounded-full\">\n<div class=\"relative p-1 rounded-sm flex items-center justify-center bg-token-main-surface-primary text-token-text-primary h-8 w-8\">\n<p>At\u00a0<strong>VapeTornado<\/strong>, ponosni smo na zagotavljanje\u00a0<strong>vrhunskih izdelkov za vaping po neprekosljivih cenah<\/strong>\u2014in Alfakh Crown Bar 20000 ni izjema! Tukaj je razlog, zakaj bi morali kupovati pri nas:<\/p>\n<p><strong>Najbolj\u0161e veleprodajne cene<\/strong>\u00a0\u2013 Ponujamo\u00a0<strong>konkuren\u010dne cene za velike koli\u010dine<\/strong><span style=\"font-size: 16px;\">, zaradi \u010desar smo najbolj\u0161a izbira za preprodajalce in trgovine z vape izdelki.<\/span><\/p>\n<p><strong>Hitro<\/strong>\u00a0\u2013 Zagotovite si dostavo naro\u010dila\u00a0<strong>hitro in varno<\/strong>, z mo\u017enostmi po\u0161iljanja po vsem svetu.<br \/>\n<strong>100-odstotno pristni izdelki<\/strong>\u00a0\u2013 Brez ponaredkov\u2014samo\u00a0<strong>originalni WASPE Triple izdelki za enkratno uporabo<\/strong>\u00a0z preverjeno kakovostjo.<br \/>\n<strong>Odli\u010dna podpora strankam<\/strong>\u00a0\u2013 Imate vpra\u0161anja? Na\u0161i\u00a0<strong>strokovnjaki za vape<\/strong> so vam pripravljeni pomagati 24 ur na dan, 7 dni v tednu.<\/p>\n<p data-start=\"559\" data-end=\"933\" data-is-last-node=\"\" data-is-only-node=\"\">Imamo tudi nekaj drugih priljubljenih vape izdelkov z zaslonom, kot so <a href=\"https:\/\/vapestornado.com\/sl\/product\/vapme-goat-40000-puff-40k-hookah-shisha-pen-price-wholesale-e-cigarette\/\">Vapme Goat 40000 Shisha<\/a>, <a href=\"https:\/\/vapestornado.com\/sl\/product\/waspe-aiviou-3-in-1-60000-puffs-disposable-vape-kit-best-price\/\">WASPE 60000 3 v 1<\/a>, <a href=\"https:\/\/vapestornado.com\/sl\/product\/bang-king-30000-pro-puff-30k-disposable-device-wholesale-price\/\">Bang King Pro 30000<\/a>, in \u0161e ve\u010d.<\/p>\n<\/div>\n<div class=\"relative p-1 rounded-sm flex items-center justify-center bg-token-main-surface-primary text-token-text-primary h-8 w-8\">\n<h2>Pogosta vpra\u0161anja za Crown Bar 20000<\/h2>\n<ol data-start=\"1081\" data-end=\"1935\">\n<li class=\"\" data-start=\"1081\" data-end=\"1330\">\n<p class=\"\" data-start=\"1084\" data-end=\"1330\"><strong data-start=\"1084\" data-end=\"1163\">Kako se Alfakh Crown Bar 20000 primerja s tradicionalno shisha hookah?<\/strong><br data-start=\"1163\" data-end=\"1166\" \/>Ta vape je zasnovan tako, da <strong data-start=\"1194\" data-end=\"1255\">posnema gladkost in bogatost tradicionalne shishe<\/strong> medtem ko je prenosen, <strong data-start=\"1278\" data-end=\"1294\">polnljiv<\/strong>in <strong data-start=\"1300\" data-end=\"1327\">priro\u010dno za enkratno uporabo<\/strong>.<\/p>\n<\/li>\n<li class=\"\" data-start=\"1332\" data-end=\"1514\">\n<p class=\"\" data-start=\"1335\" data-end=\"1514\"><strong data-start=\"1335\" data-end=\"1381\">Ali lahko ponovno napolnim Alfakh Crown Bar 20000?<\/strong><br data-start=\"1381\" data-end=\"1384\" \/>Da! Ima <strong data-start=\"1406\" data-end=\"1430\">priklju\u010dkom za polnjenje tipa C<\/strong>, kar omogo\u010da <strong data-start=\"1445\" data-end=\"1478\">hitro in u\u010dinkovito polnjenje<\/strong> tako da lahko u\u017eivate v vsakem zadnjem vdihu.<\/p>\n<\/li>\n<li class=\"\" data-start=\"1516\" data-end=\"1717\">\n<p class=\"\" data-start=\"1519\" data-end=\"1717\"><strong data-start=\"1519\" data-end=\"1566\">Kako prilagodim pretok zraka na tej napravi?<\/strong><br data-start=\"1566\" data-end=\"1569\" \/>The <strong data-start=\"1576\" data-end=\"1605\">nastavljiv sistem pretoka zraka<\/strong> vam omogo\u010da nadzor nad vdihom, zaradi \u010desar je <strong data-start=\"1645\" data-end=\"1682\">bolj tesen kot tradicionalna \u0161i\u0161a<\/strong> or <strong data-start=\"1686\" data-end=\"1714\">bolj ohlapen za ve\u010dje oblake<\/strong>.<\/p>\n<\/li>\n<li class=\"\" data-start=\"1719\" data-end=\"1935\">\n<p class=\"\" data-start=\"1722\" data-end=\"1935\"><strong data-start=\"1722\" data-end=\"1786\">Kako vem, kdaj je moja naprava Alfakh Crown Bar 20000 skoraj prazna?<\/strong><br data-start=\"1786\" data-end=\"1789\" \/>The <strong data-start=\"1796\" data-end=\"1822\">digitalni zaslon<\/strong> prikazuje <strong data-start=\"1829\" data-end=\"1860\">nivo baterije in e-teko\u010dine<\/strong>, tako da boste vedno vedeli, kdaj je \u010das za ponovno polnjenje ali zamenjavo naprave.<\/p>\n<\/li>\n<\/ol>\n<\/div>\n<\/div>\n<\/div>\n<\/div>","protected":false},"excerpt":{"rendered":"<p class=\"LC20lb MBeuO DKV0Md\">Alfakh Crown Bar 20000 Vape za enkratno uporabo, nizka cena<br \/>\nAl Fakher Crown Bar 20000 Komplet za hookah za enkratno uporabo, veleprodaja<br \/>\nDigitalni Shisha Bar za enkratno uporabo Alfakh Crown Bar 20000 Tovarni\u0161ka neposredna prodaja<\/p>\n<p><strong>Dodajte Amyin WhatsApp, da dobite pravi odgovor in ceno s popustom!<\/strong><\/p>\n<p><img fetchpriority=\"high\" decoding=\"async\" class=\"size-full wp-image-2932\" src=\"https:\/\/vapestornado.com\/wp-content\/uploads\/2024\/12\/Vape-Wholesale.jpg\" alt=\"Vape Veleprodaja\" width=\"229\" height=\"300\" \/><\/p>\n<h3><a href=\"https:\/\/wa.me\/8617776015835\"><span style=\"color: #ff0000;\"><strong>WhatsApp: +386 17776015835<\/strong><\/span><\/a><\/h3>\n<p>&nbsp;<\/p>","protected":false},"featured_media":4061,"comment_status":"open","ping_status":"closed","template":"","meta":{"_acf_changed":false,"_uag_custom_page_level_css":"","_lmt_disableupdate":"no","_lmt_disable":"","_monsterinsights_skip_tracking":false,"_monsterinsights_sitenote_active":false,"_monsterinsights_sitenote_note":"","_monsterinsights_sitenote_category":0,"site-sidebar-layout":"default","site-content-layout":"","ast-site-content-layout":"default","site-content-style":"default","site-sidebar-style":"default","ast-global-header-display":"","ast-banner-title-visibility":"","ast-main-header-display":"","ast-hfb-above-header-display":"","ast-hfb-below-header-display":"","ast-hfb-mobile-header-display":"","site-post-title":"","ast-breadcrumbs-content":"","ast-featured-img":"","footer-sml-layout":"","ast-disable-related-posts":"","theme-transparent-header-meta":"default","adv-header-id-meta":"","stick-header-meta":"","header-above-stick-meta":"","header-main-stick-meta":"","header-below-stick-meta":"","astra-migrate-meta-layouts":"set","ast-page-background-enabled":"default","ast-page-background-meta":{"desktop":{"background-color":"","background-image":"","background-repeat":"repeat","background-position":"center center","background-size":"auto","background-attachment":"scroll","background-type":"","background-media":"","overlay-type":"","overlay-color":"","overlay-opacity":"","overlay-gradient":""},"tablet":{"background-color":"","background-image":"","background-repeat":"repeat","background-position":"center center","background-size":"auto","background-attachment":"scroll","background-type":"","background-media":"","overlay-type":"","overlay-color":"","overlay-opacity":"","overlay-gradient":""},"mobile":{"background-color":"","background-image":"","background-repeat":"repeat","background-position":"center center","background-size":"auto","background-attachment":"scroll","background-type":"","background-media":"","overlay-type":"","overlay-color":"","overlay-opacity":"","overlay-gradient":""}},"ast-content-background-meta":{"desktop":{"background-color":"var(--ast-global-color-5)","background-image":"","background-repeat":"repeat","background-position":"center center","background-size":"auto","background-attachment":"scroll","background-type":"","background-media":"","overlay-type":"","overlay-color":"","overlay-opacity":"","overlay-gradient":""},"tablet":{"background-color":"var(--ast-global-color-5)","background-image":"","background-repeat":"repeat","background-position":"center center","background-size":"auto","background-attachment":"scroll","background-type":"","background-media":"","overlay-type":"","overlay-color":"","overlay-opacity":"","overlay-gradient":""},"mobile":{"background-color":"var(--ast-global-color-5)","background-image":"","background-repeat":"repeat","background-position":"center center","background-size":"auto","background-attachment":"scroll","background-type":"","background-media":"","overlay-type":"","overlay-color":"","overlay-opacity":"","overlay-gradient":""}},"_joinchat":{"telephone":"17776015835"}},"product_brand":[],"product_cat":[69,158,147,61],"product_tag":[317,318,105,316,313],"class_list":{"0":"post-4068","1":"product","2":"type-product","3":"status-publish","4":"has-post-thumbnail","6":"product_cat-20000-puff","7":"product_cat-buy-disposable-vapes-in-spain","8":"product_cat-shisha-hookah-disposable-vapes","9":"product_cat-vapme-shisha","10":"product_tag-al-fakher-crown-bar","11":"product_tag-alfakher-crown-bar-20000","12":"product_tag-digital-disposable-vape","13":"product_tag-disposable-shisha-bar","14":"product_tag-vape-with-digital-screen","15":"desktop-align-left","16":"tablet-align-left","17":"mobile-align-left","19":"first","20":"instock","21":"sale","22":"shipping-taxable","23":"purchasable","24":"product-type-simple"},"acf":[],"uagb_featured_image_src":{"full":["https:\/\/vapestornado.com\/wp-content\/uploads\/2025\/04\/AlFakher-Crown-Bar-20000-Puffs-Airflow-Control-Vape.webp",800,800,false],"thumbnail":["https:\/\/vapestornado.com\/wp-content\/uploads\/2025\/04\/AlFakher-Crown-Bar-20000-Puffs-Airflow-Control-Vape-150x150.webp",150,150,true],"medium":["https:\/\/vapestornado.com\/wp-content\/uploads\/2025\/04\/AlFakher-Crown-Bar-20000-Puffs-Airflow-Control-Vape-300x300.webp",300,300,true],"medium_large":["https:\/\/vapestornado.com\/wp-content\/uploads\/2025\/04\/AlFakher-Crown-Bar-20000-Puffs-Airflow-Control-Vape-768x768.webp",768,768,true],"large":["https:\/\/vapestornado.com\/wp-content\/uploads\/2025\/04\/AlFakher-Crown-Bar-20000-Puffs-Airflow-Control-Vape.webp",800,800,false],"1536x1536":["https:\/\/vapestornado.com\/wp-content\/uploads\/2025\/04\/AlFakher-Crown-Bar-20000-Puffs-Airflow-Control-Vape.webp",800,800,false],"2048x2048":["https:\/\/vapestornado.com\/wp-content\/uploads\/2025\/04\/AlFakher-Crown-Bar-20000-Puffs-Airflow-Control-Vape.webp",800,800,false],"trp-custom-language-flag":["https:\/\/vapestornado.com\/wp-content\/uploads\/2025\/04\/AlFakher-Crown-Bar-20000-Puffs-Airflow-Control-Vape.webp",12,12,false],"woocommerce_thumbnail":["https:\/\/vapestornado.com\/wp-content\/uploads\/2025\/04\/AlFakher-Crown-Bar-20000-Puffs-Airflow-Control-Vape-300x300.webp",300,300,true],"woocommerce_single":["https:\/\/vapestornado.com\/wp-content\/uploads\/2025\/04\/AlFakher-Crown-Bar-20000-Puffs-Airflow-Control-Vape-600x600.webp",600,600,true],"woocommerce_gallery_thumbnail":["https:\/\/vapestornado.com\/wp-content\/uploads\/2025\/04\/AlFakher-Crown-Bar-20000-Puffs-Airflow-Control-Vape-100x100.webp",100,100,true]},"uagb_author_info":{"display_name":"ESAMY","author_link":"https:\/\/vapestornado.com\/sl\/author\/"},"uagb_comment_info":0,"uagb_excerpt":"Alfakh Crown Bar 20000 Disposable Vape Bar Cheap Price Al Fakher Crown Bar 20000 Disposable Hookah Kit Wholesale Digital Disposables Shisha Bar Alfakh Crown Bar 20000 Factory Direct Sale Add Amy's whatsapp to get right reply and discount price! WhatsApp: +86 17776015835 &nbsp;","_links":{"self":[{"href":"https:\/\/vapestornado.com\/sl\/wp-json\/wp\/v2\/product\/4068","targetHints":{"allow":["GET"]}}],"collection":[{"href":"https:\/\/vapestornado.com\/sl\/wp-json\/wp\/v2\/product"}],"about":[{"href":"https:\/\/vapestornado.com\/sl\/wp-json\/wp\/v2\/types\/product"}],"replies":[{"embeddable":true,"href":"https:\/\/vapestornado.com\/sl\/wp-json\/wp\/v2\/comments?post=4068"}],"wp:featuredmedia":[{"embeddable":true,"href":"https:\/\/vapestornado.com\/sl\/wp-json\/wp\/v2\/media\/4061"}],"wp:attachment":[{"href":"https:\/\/vapestornado.com\/sl\/wp-json\/wp\/v2\/media?parent=4068"}],"wp:term":[{"taxonomy":"product_brand","embeddable":true,"href":"https:\/\/vapestornado.com\/sl\/wp-json\/wp\/v2\/product_brand?post=4068"},{"taxonomy":"product_cat","embeddable":true,"href":"https:\/\/vapestornado.com\/sl\/wp-json\/wp\/v2\/product_cat?post=4068"},{"taxonomy":"product_tag","embeddable":true,"href":"https:\/\/vapestornado.com\/sl\/wp-json\/wp\/v2\/product_tag?post=4068"}],"curies":[{"name":"wp","href":"https:\/\/api.w.org\/{rel}","templated":true}]}}