{"id":4067,"date":"2025-04-04T09:13:16","date_gmt":"2025-04-04T09:13:16","guid":{"rendered":"https:\/\/vapestornado.com\/?post_type=product&#038;p=4067"},"modified":"2025-08-23T12:29:51","modified_gmt":"2025-08-23T12:29:51","slug":"bang-king-vape-36000-puff-dual-vaping-mode-disposables-pod-best-price","status":"publish","type":"product","link":"https:\/\/vapestornado.com\/sl\/product\/bang-king-vape-36000-puff-dual-vaping-mode-disposables-pod-best-price\/","title":{"rendered":"Bang King Vape 36000 Vpihov Dvojni Na\u010din Vape za Enkratno Uporabo Pod Najbolj\u0161a Cena"},"content":{"rendered":"<h1 data-pm-slice=\"1 1 []\">Bang King Vape 36000 Vpihov Dvojni Na\u010din Vape za Enkratno Uporabo Pod Najbolj\u0161a Cena<\/h1>\n<p class=\"\" data-start=\"100\" data-end=\"629\">The <strong data-start=\"104\" data-end=\"128\">Bang King Vape 36000<\/strong> je zasnovan za uporabnike vape, ki zahtevajo vsestranskost in zmogljivost. Vsebuje <strong data-start=\"202\" data-end=\"223\">dvojne na\u010dine vapinga<\/strong>, lahko preklapljate med <strong data-start=\"248\" data-end=\"279\">Eko na\u010dinom za dalj\u0161e vdihe<\/strong> in <strong data-start=\"284\" data-end=\"316\">Power na\u010dinom za ve\u010dje oblake<\/strong>\u2014kar vam daje popoln nadzor nad va\u0161o izku\u0161njo vapinga. The <strong data-start=\"378\" data-end=\"411\">dvojni zaslon digitalnega prikaza<\/strong> zagotavlja, da ste vedno seznanjeni s svojim <strong data-start=\"448\" data-end=\"484\">\u017eivljenjski dobi baterije in ravni e-teko\u010dine<\/strong>, s \u010dimer odpravite vsa presene\u010denja. Poleg tega vam <strong data-start=\"523\" data-end=\"552\">nastavljiv sistem pretoka zraka<\/strong> omogo\u010da, da prilagodite svoj vdih, od gladkega potega do mo\u010dnej\u0161ega udarca.<\/p>\n<p class=\"\" data-start=\"631\" data-end=\"1085\">Napaja ga <strong data-start=\"644\" data-end=\"675\">650mAh polnilno baterijo<\/strong> in opremljen z <strong data-start=\"696\" data-end=\"714\">dvojna mre\u017easta tuljava<\/strong>, ta vape zagotavlja <strong data-start=\"735\" data-end=\"778\">izjemno aromo in proizvodnjo pare<\/strong>. Z <strong data-start=\"785\" data-end=\"805\">30 ml e-teko\u010dine<\/strong> in <strong data-start=\"810\" data-end=\"831\">do 36000 vdihov<\/strong>, zagotavlja <strong data-start=\"844\" data-end=\"870\">dolgotrajno u\u017eivanje<\/strong> brez pogostih zamenjav. Na voljo v <strong data-start=\"915\" data-end=\"934\">12 drznih okusih<\/strong>, je <strong data-start=\"940\" data-end=\"964\">Bang King Vape 36000<\/strong> zdru\u017euje <strong data-start=\"974\" data-end=\"1032\">modernem dizajnu, vrhunskem okusu in vrhunski zmogljivosti<\/strong>, zaradi \u010desar je nepogre\u0161ljiv za ljubitelje vape za enkratno uporabo.<\/p>\n<p data-start=\"666\" data-end=\"1235\"><strong style=\"font-size: 16px;\"><span style=\"color: #ff0000;\">Dodajte Amy na WhatsApp za pravilen odgovor in ceno s popustom!<\/span><\/strong><\/p>\n<p><img fetchpriority=\"high\" decoding=\"async\" class=\"size-full wp-image-2932\" src=\"https:\/\/vapestornado.com\/wp-content\/uploads\/2024\/12\/Vape-Wholesale.jpg\" alt=\"Vape Veleprodaja\" width=\"229\" height=\"300\" \/><\/p>\n<h3><a href=\"https:\/\/wa.me\/8617776015835\" target=\"_blank\" rel=\"noopener\"><span style=\"color: #ff0000;\"><strong>WhatsApp: +386 17776015835<\/strong><\/span><\/a><\/h3>\n<p>&nbsp;<\/p>\n<h2><strong>Klju\u010dne lastnosti izdelka Bang King Vape 36000 Puff<\/strong><\/h2>\n<p>Znamka: Bang King<br \/>\nModel: Bang King 36000<br \/>\nVdihov: 36000<br \/>\nNikotin: 0% 2% 3% 5%<br \/>\nKapaciteta: 30 ml<br \/>\nNa voljo 12 okusov<br \/>\n0,6ohm dvojna mre\u017easta tuljava<br \/>\nBaterija: 650mah, mo\u017enost polnjenja Type-C<br \/>\nDvojni zaslon: kapaciteta baterije\/kapaciteta e-teko\u010dine<br \/>\nZaklepanje zaslona s prstnim odtisom<br \/>\nDvojni na\u010din<br \/>\nZra\u010dni pretok na dotik<\/p>\n<figure id=\"attachment_4062\" aria-describedby=\"caption-attachment-4062\" style=\"width: 800px\" class=\"wp-caption alignnone\"><img decoding=\"async\" class=\"wp-image-4062 size-full\" src=\"https:\/\/vapestornado.com\/wp-content\/uploads\/2025\/04\/Bang-36000-Disposable-Vape-with-Screen.webp\" alt=\"Bang 36000 Vape za enkratno uporabo z zaslonom\" width=\"800\" height=\"800\" srcset=\"https:\/\/vapestornado.com\/wp-content\/uploads\/2025\/04\/Bang-36000-Disposable-Vape-with-Screen.webp 800w, https:\/\/vapestornado.com\/wp-content\/uploads\/2025\/04\/Bang-36000-Disposable-Vape-with-Screen-300x300.webp 300w, https:\/\/vapestornado.com\/wp-content\/uploads\/2025\/04\/Bang-36000-Disposable-Vape-with-Screen-150x150.webp 150w, https:\/\/vapestornado.com\/wp-content\/uploads\/2025\/04\/Bang-36000-Disposable-Vape-with-Screen-768x768.webp 768w, https:\/\/vapestornado.com\/wp-content\/uploads\/2025\/04\/Bang-36000-Disposable-Vape-with-Screen-600x600.webp 600w, https:\/\/vapestornado.com\/wp-content\/uploads\/2025\/04\/Bang-36000-Disposable-Vape-with-Screen-100x100.webp 100w\" sizes=\"(max-width: 800px) 100vw, 800px\" \/><figcaption id=\"caption-attachment-4062\" class=\"wp-caption-text\">Bang 36000 Vape za enkratno uporabo z zaslonom<\/figcaption><\/figure>\n<h2 class=\"product-title\"><strong>Seznam okusov za Bang King 36000 Puff Disposables<\/strong><\/h2>\n<article class=\"w-full text-token-text-primary focus-visible:outline-2 focus-visible:outline-offset-[-4px]\" dir=\"auto\" data-testid=\"conversation-turn-32\" data-scroll-anchor=\"false\">\n<div class=\"m-auto text-base py-[18px] px-6\">\n<div class=\"mx-auto flex flex-1 text-base gap-4 md:gap-5 lg:gap-6 md:max-w-3xl lg:max-w-[40rem] xl:max-w-[48rem]\">\n<div class=\"group\/conversation-turn relative flex w-full min-w-0 flex-col @xs\/thread:px-0 @sm\/thread:px-1.5 @md\/thread:px-4\">\n<div class=\"flex-col gap-1 md:gap-3\">\n<div class=\"flex max-w-full flex-col flex-grow\">\n<div class=\"min-h-8 text-message flex w-full flex-col items-end gap-2 whitespace-normal break-words text-start [.text-message+&amp;]:mt-5\" dir=\"auto\" data-message-author-role=\"user\" data-message-id=\"ffac41ca-1db4-431b-873a-32c4052956f1\">\n<div class=\"flex w-full flex-col gap-1 empty:hidden items-end rtl:items-start\">\n<div class=\"relative max-w-[var(--user-chat-width,70%)] rounded-3xl bg-token-message-surface px-5 py-2.5\">\n<div class=\"absolute bottom-0 right-full top-0 -mr-3.5 hidden pr-5 pt-2 [.group\/conversation-turn:hover_&amp;]:flex\">\n<div class=\"flex\">\n<article class=\"w-full text-token-text-primary focus-visible:outline-2 focus-visible:outline-offset-[-4px]\" dir=\"auto\" data-testid=\"conversation-turn-39\" data-scroll-anchor=\"true\">\n<div class=\"m-auto text-base py-[18px] px-6\">\n<div class=\"mx-auto flex flex-1 text-base gap-4 md:gap-5 lg:gap-6 md:max-w-3xl lg:max-w-[40rem] xl:max-w-[48rem]\">\n<div class=\"group\/conversation-turn relative flex w-full min-w-0 flex-col agent-turn @xs\/thread:px-0 @sm\/thread:px-1.5 @md\/thread:px-4\">\n<div class=\"flex-col gap-1 md:gap-3\">\n<div class=\"flex max-w-full flex-col flex-grow\">\n<div class=\"min-h-8 text-message flex w-full flex-col items-end gap-2 whitespace-normal break-words text-start [.text-message+&amp;]:mt-5\" dir=\"auto\" data-message-author-role=\"assistant\" data-message-id=\"55a23854-ec57-48dd-bd4f-6118f43d6241\" data-message-model-slug=\"gpt-4o\">\n<div class=\"flex w-full flex-col gap-1 empty:hidden first:pt-[3px]\">\n<div class=\"markdown prose w-full break-words dark:prose-invert light\">\n<p>1. Modra Razz Ice<br \/>\n2. Jagodna lubenica<br \/>\n3. Lubenica z ledom<br \/>\n4. Jagoda Banana<br \/>\n5. Tropsko sadje<br \/>\n6. Led iz trojnih jagod<br \/>\n7. So\u010den breskov led<br \/>\n8. Jagoda Kiwi<br \/>\n9. Breskev Mango Lubenica<br \/>\n10. Kivi Marakuja Guava<br \/>\n11. Grozdje Jabolko<br \/>\n12. Gospod Modri<\/p>\n<\/div>\n<\/div>\n<\/div>\n<\/div>\n<\/div>\n<\/div>\n<\/div>\n<\/div>\n<\/article>\n<\/div>\n<\/div>\n<\/div>\n<\/div>\n<\/div>\n<\/div>\n<\/div>\n<\/div>\n<\/div>\n<\/div>\n<\/article>\n<h2>Zakaj izbrati Vapestornado za nakup Bang King Vape 36000 Puff?<\/h2>\n<div class=\"flex-shrink-0 flex flex-col relative items-end\">\n<div class=\"pt-0\">\n<div class=\"gizmo-bot-avatar flex h-8 w-8 items-center justify-center overflow-hidden rounded-full\">\n<div class=\"relative p-1 rounded-sm flex items-center justify-center bg-token-main-surface-primary text-token-text-primary h-8 w-8\">\n<p>At\u00a0<strong>VapeTornado<\/strong>, ponosni smo na zagotavljanje\u00a0<strong>vrhunskih izdelkov za vaping po neprekosljivih cenah<\/strong>\u2014in Bang King Vape 36000 Puff ni izjema! Tukaj je razlog, zakaj bi morali kupiti pri nas:<\/p>\n<p><strong>Najbolj\u0161e veleprodajne cene<\/strong>\u00a0\u2013 Ponujamo\u00a0<strong>konkuren\u010dne cene za velike koli\u010dine<\/strong><span style=\"font-size: 16px;\">, zaradi \u010desar smo najbolj\u0161a izbira za preprodajalce in trgovine z vape izdelki.<\/span><\/p>\n<p><strong>Hitro<\/strong>\u00a0\u2013 Zagotovite si dostavo naro\u010dila\u00a0<strong>hitro in varno<\/strong>, z mo\u017enostmi po\u0161iljanja po vsem svetu.<br \/>\n<strong>100-odstotno pristni izdelki<\/strong>\u00a0\u2013 Brez ponaredkov\u2014samo\u00a0<strong>originalni WASPE Triple izdelki za enkratno uporabo<\/strong>\u00a0z preverjeno kakovostjo.<br \/>\n<strong>Odli\u010dna podpora strankam<\/strong>\u00a0\u2013 Imate vpra\u0161anja? Na\u0161i\u00a0<strong>strokovnjaki za vape<\/strong> so vam pripravljeni pomagati 24 ur na dan, 7 dni v tednu.<\/p>\n<p data-start=\"559\" data-end=\"933\" data-is-last-node=\"\" data-is-only-node=\"\">Imamo tudi nekaj drugih priljubljenih vape izdelkov z zaslonom, kot so <a href=\"https:\/\/vapestornado.com\/sl\/product\/vapme-goat-40000-puff-40k-hookah-shisha-pen-price-wholesale-e-cigarette\/\">Vapme Goat 40000 Shisha<\/a>, <a href=\"https:\/\/vapestornado.com\/sl\/product\/waspe-aiviou-3-in-1-60000-puffs-disposable-vape-kit-best-price\/\">WASPE 60000 3 v 1<\/a>, <a href=\"https:\/\/vapestornado.com\/sl\/product\/bang-king-30000-pro-puff-30k-disposable-device-wholesale-price\/\">Bang King Pro 30000<\/a>, in \u0161e ve\u010d.<\/p>\n<\/div>\n<div class=\"relative p-1 rounded-sm flex items-center justify-center bg-token-main-surface-primary text-token-text-primary h-8 w-8\">\n<h2>Pogosta vpra\u0161anja<\/h2>\n<ol data-start=\"1108\" data-end=\"2038\">\n<li class=\"\" data-start=\"1108\" data-end=\"1372\">\n<p class=\"\" data-start=\"1111\" data-end=\"1372\"><strong data-start=\"1111\" data-end=\"1178\">Kako deluje dvojni na\u010din vejpanja na Bang King Vape 36000?<\/strong><br data-start=\"1178\" data-end=\"1181\" \/>Naprava ponuja <strong data-start=\"1202\" data-end=\"1215\">dva na\u010dina<\/strong>: <strong data-start=\"1217\" data-end=\"1229\">Eco na\u010din<\/strong> za <strong data-start=\"1234\" data-end=\"1251\">najve\u010dje \u0161tevilo vdihov<\/strong> in <strong data-start=\"1256\" data-end=\"1270\">Power na\u010din<\/strong> za <strong data-start=\"1275\" data-end=\"1308\">mo\u010dnej\u0161i, bolj intenzivni oblaki<\/strong>. Preprosto preklapljajte med njima za prilagojeno izku\u0161njo vejpanja.<\/p>\n<\/li>\n<li class=\"\" data-start=\"1374\" data-end=\"1614\">\n<p class=\"\" data-start=\"1377\" data-end=\"1614\"><strong data-start=\"1377\" data-end=\"1437\">Kako prilagodim pretok zraka na Bang King Vape 36000?<\/strong><br data-start=\"1437\" data-end=\"1440\" \/>The <strong data-start=\"1447\" data-end=\"1486\">prilagodljiv sistem pretoka zraka na dotik<\/strong> vam omogo\u010da, da prilagodite svoj vdih s prilagajanjem dovoda zraka \u2013 idealno za tiste, ki imajo raje <strong data-start=\"1580\" data-end=\"1611\">tesen ali zra\u010den poteg<\/strong>.<\/p>\n<\/li>\n<li class=\"\" data-start=\"1616\" data-end=\"1807\">\n<p class=\"\" data-start=\"1619\" data-end=\"1807\"><strong data-start=\"1619\" data-end=\"1663\">Ali lahko ponovno napolnim Bang King Vape 36000?<\/strong><br data-start=\"1663\" data-end=\"1666\" \/>Da! Ima <strong data-start=\"1688\" data-end=\"1717\">vrata za hitro polnjenje Type-C<\/strong>, kar zagotavlja <strong data-start=\"1728\" data-end=\"1762\">hitro in u\u010dinkovito polnjenje<\/strong> tako da lahko nadaljujete z vejpanjem brez dolgega \u010dakanja.<\/p>\n<\/li>\n<li class=\"\" data-start=\"1809\" data-end=\"2038\">\n<p class=\"\" data-start=\"1812\" data-end=\"2038\"><strong data-start=\"1812\" data-end=\"1874\">Kako vem, kdaj je moj Bang King Vape 36000 skoraj prazen?<\/strong><br data-start=\"1874\" data-end=\"1877\" \/>The <strong data-start=\"1884\" data-end=\"1915\">dvojni zaslon digitalnega prikaza<\/strong> prikazuje <strong data-start=\"1922\" data-end=\"1963\">nivo baterije in e-teko\u010dine v realnem \u010dasu<\/strong>, tako da boste vedno vedeli, kdaj je \u010das za ponovno polnjenje ali zamenjavo naprave.<\/p>\n<\/li>\n<\/ol>\n<\/div>\n<\/div>\n<\/div>\n<\/div>","protected":false},"excerpt":{"rendered":"<p class=\"LC20lb MBeuO DKV0Md\">Bang 36000 36k Power Polnilna Vape za Enkratno Uporabo Puff Poceni<br \/>\nBang Puff 36k Power Vape za Enkratno Uporabo Komplet Vape za Enkratno Uporabo na Debelo<br \/>\nDigitalna Vape za Enkratno Uporabo Bang 36000 Tovarni\u0161ka Neposredna Prodaja<\/p>\n<p><strong>Dodajte Amyin WhatsApp, da dobite pravi odgovor in ceno s popustom!<\/strong><\/p>\n<p><img fetchpriority=\"high\" decoding=\"async\" class=\"size-full wp-image-2932\" src=\"https:\/\/vapestornado.com\/wp-content\/uploads\/2024\/12\/Vape-Wholesale.jpg\" alt=\"Vape Veleprodaja\" width=\"229\" height=\"300\" \/><\/p>\n<h3><a href=\"https:\/\/wa.me\/8617776015835\"><span style=\"color: #ff0000;\"><strong>WhatsApp: +386 17776015835<\/strong><\/span><\/a><\/h3>\n<p>&nbsp;<\/p>","protected":false},"featured_media":4066,"comment_status":"open","ping_status":"closed","template":"","meta":{"_acf_changed":false,"_uag_custom_page_level_css":"","_lmt_disableupdate":"no","_lmt_disable":"","_monsterinsights_skip_tracking":false,"_monsterinsights_sitenote_active":false,"_monsterinsights_sitenote_note":"","_monsterinsights_sitenote_category":0,"site-sidebar-layout":"default","site-content-layout":"","ast-site-content-layout":"default","site-content-style":"default","site-sidebar-style":"default","ast-global-header-display":"","ast-banner-title-visibility":"","ast-main-header-display":"","ast-hfb-above-header-display":"","ast-hfb-below-header-display":"","ast-hfb-mobile-header-display":"","site-post-title":"","ast-breadcrumbs-content":"","ast-featured-img":"","footer-sml-layout":"","ast-disable-related-posts":"","theme-transparent-header-meta":"default","adv-header-id-meta":"","stick-header-meta":"","header-above-stick-meta":"","header-main-stick-meta":"","header-below-stick-meta":"","astra-migrate-meta-layouts":"set","ast-page-background-enabled":"default","ast-page-background-meta":{"desktop":{"background-color":"","background-image":"","background-repeat":"repeat","background-position":"center center","background-size":"auto","background-attachment":"scroll","background-type":"","background-media":"","overlay-type":"","overlay-color":"","overlay-opacity":"","overlay-gradient":""},"tablet":{"background-color":"","background-image":"","background-repeat":"repeat","background-position":"center center","background-size":"auto","background-attachment":"scroll","background-type":"","background-media":"","overlay-type":"","overlay-color":"","overlay-opacity":"","overlay-gradient":""},"mobile":{"background-color":"","background-image":"","background-repeat":"repeat","background-position":"center center","background-size":"auto","background-attachment":"scroll","background-type":"","background-media":"","overlay-type":"","overlay-color":"","overlay-opacity":"","overlay-gradient":""}},"ast-content-background-meta":{"desktop":{"background-color":"var(--ast-global-color-5)","background-image":"","background-repeat":"repeat","background-position":"center center","background-size":"auto","background-attachment":"scroll","background-type":"","background-media":"","overlay-type":"","overlay-color":"","overlay-opacity":"","overlay-gradient":""},"tablet":{"background-color":"var(--ast-global-color-5)","background-image":"","background-repeat":"repeat","background-position":"center center","background-size":"auto","background-attachment":"scroll","background-type":"","background-media":"","overlay-type":"","overlay-color":"","overlay-opacity":"","overlay-gradient":""},"mobile":{"background-color":"var(--ast-global-color-5)","background-image":"","background-repeat":"repeat","background-position":"center center","background-size":"auto","background-attachment":"scroll","background-type":"","background-media":"","overlay-type":"","overlay-color":"","overlay-opacity":"","overlay-gradient":""}},"_joinchat":{"telephone":"17776015835"}},"product_brand":[],"product_cat":[66,63,151,158,142,146],"product_tag":[315,314,105,313],"class_list":{"0":"post-4067","1":"product","2":"type-product","3":"status-publish","4":"has-post-thumbnail","6":"product_cat-36000-puff","7":"product_cat-bangking","8":"product_cat-buy-disposable-vapes-in-france","9":"product_cat-buy-disposable-vapes-in-spain","10":"product_cat-digital-box-disposable-vapes","11":"product_cat-rechargeable-disposable-vapes","12":"product_tag-bang-king-36000","13":"product_tag-bang-king-vape","14":"product_tag-digital-disposable-vape","15":"product_tag-vape-with-digital-screen","16":"desktop-align-left","17":"tablet-align-left","18":"mobile-align-left","20":"first","21":"instock","22":"sale","23":"shipping-taxable","24":"purchasable","25":"product-type-simple"},"acf":[],"uagb_featured_image_src":{"full":["https:\/\/vapestornado.com\/wp-content\/uploads\/2025\/04\/Bang-King-Constellation-36000-Puffs-Disposable-Vape.webp",800,800,false],"thumbnail":["https:\/\/vapestornado.com\/wp-content\/uploads\/2025\/04\/Bang-King-Constellation-36000-Puffs-Disposable-Vape-150x150.webp",150,150,true],"medium":["https:\/\/vapestornado.com\/wp-content\/uploads\/2025\/04\/Bang-King-Constellation-36000-Puffs-Disposable-Vape-300x300.webp",300,300,true],"medium_large":["https:\/\/vapestornado.com\/wp-content\/uploads\/2025\/04\/Bang-King-Constellation-36000-Puffs-Disposable-Vape-768x768.webp",768,768,true],"large":["https:\/\/vapestornado.com\/wp-content\/uploads\/2025\/04\/Bang-King-Constellation-36000-Puffs-Disposable-Vape.webp",800,800,false],"1536x1536":["https:\/\/vapestornado.com\/wp-content\/uploads\/2025\/04\/Bang-King-Constellation-36000-Puffs-Disposable-Vape.webp",800,800,false],"2048x2048":["https:\/\/vapestornado.com\/wp-content\/uploads\/2025\/04\/Bang-King-Constellation-36000-Puffs-Disposable-Vape.webp",800,800,false],"trp-custom-language-flag":["https:\/\/vapestornado.com\/wp-content\/uploads\/2025\/04\/Bang-King-Constellation-36000-Puffs-Disposable-Vape.webp",12,12,false],"woocommerce_thumbnail":["https:\/\/vapestornado.com\/wp-content\/uploads\/2025\/04\/Bang-King-Constellation-36000-Puffs-Disposable-Vape-300x300.webp",300,300,true],"woocommerce_single":["https:\/\/vapestornado.com\/wp-content\/uploads\/2025\/04\/Bang-King-Constellation-36000-Puffs-Disposable-Vape-600x600.webp",600,600,true],"woocommerce_gallery_thumbnail":["https:\/\/vapestornado.com\/wp-content\/uploads\/2025\/04\/Bang-King-Constellation-36000-Puffs-Disposable-Vape-100x100.webp",100,100,true]},"uagb_author_info":{"display_name":"ESAMY","author_link":"https:\/\/vapestornado.com\/sl\/author\/"},"uagb_comment_info":0,"uagb_excerpt":"Bang 36000 36k Power Disposable Vape Rechargeable Puff Cheap Bang Puff 36k Power Disposable Vape Disposable Vape Kit Wholesale Digital Disposable Vape Bang 36000 Factory Direct Sale Add Amy's whatsapp to get right reply and discount price! WhatsApp: +86 17776015835 &nbsp;","_links":{"self":[{"href":"https:\/\/vapestornado.com\/sl\/wp-json\/wp\/v2\/product\/4067","targetHints":{"allow":["GET"]}}],"collection":[{"href":"https:\/\/vapestornado.com\/sl\/wp-json\/wp\/v2\/product"}],"about":[{"href":"https:\/\/vapestornado.com\/sl\/wp-json\/wp\/v2\/types\/product"}],"replies":[{"embeddable":true,"href":"https:\/\/vapestornado.com\/sl\/wp-json\/wp\/v2\/comments?post=4067"}],"wp:featuredmedia":[{"embeddable":true,"href":"https:\/\/vapestornado.com\/sl\/wp-json\/wp\/v2\/media\/4066"}],"wp:attachment":[{"href":"https:\/\/vapestornado.com\/sl\/wp-json\/wp\/v2\/media?parent=4067"}],"wp:term":[{"taxonomy":"product_brand","embeddable":true,"href":"https:\/\/vapestornado.com\/sl\/wp-json\/wp\/v2\/product_brand?post=4067"},{"taxonomy":"product_cat","embeddable":true,"href":"https:\/\/vapestornado.com\/sl\/wp-json\/wp\/v2\/product_cat?post=4067"},{"taxonomy":"product_tag","embeddable":true,"href":"https:\/\/vapestornado.com\/sl\/wp-json\/wp\/v2\/product_tag?post=4067"}],"curies":[{"name":"wp","href":"https:\/\/api.w.org\/{rel}","templated":true}]}}