{"id":4047,"date":"2025-04-01T10:04:57","date_gmt":"2025-04-01T10:04:57","guid":{"rendered":"https:\/\/vapestornado.com\/?post_type=product&#038;p=4047"},"modified":"2025-08-23T12:00:28","modified_gmt":"2025-08-23T12:00:28","slug":"aivono-fatpro-22000-puffs-shisha-hookah-digital-screen-wholesaledisposables-vape-pod-shop-on-line-copy","status":"publish","type":"product","link":"https:\/\/vapestornado.com\/sl\/product\/aivono-fatpro-22000-puffs-shisha-hookah-digital-screen-wholesaledisposables-vape-pod-shop-on-line-copy\/","title":{"rendered":"AIVONO Fatpro 22000 Vpihov Shisha Hookah Digitalni Zaslon na Debelo"},"content":{"rendered":"<h1 data-pm-slice=\"1 1 []\">AIVONO Fatpro 22000 Vpihov Shisha Hookah Digitalni Zaslon na Debelo<\/h1>\n<p class=\"\" data-start=\"1287\" data-end=\"1418\">The <strong data-start=\"310\" data-end=\"362\">AIVONO Fatpro 22000 Vdihov Disposable Shisha Vape<\/strong> je zasnovan za distributerje in vape trgovine, ki i\u0161\u010dejo vrhunsko, dolgotrajno napravo. Zagotavlja do <strong data-start=\"470\" data-end=\"486\">22.000 vdihov<\/strong> z izdatnimi <strong data-start=\"503\" data-end=\"529\">28 ml kapaciteto e-teko\u010dine<\/strong>, ta vape v stilu hookah zagotavlja dolgotrajno uporabo in dosledno zadovoljstvo.<\/p>\n<p>Opremljen z <strong data-start=\"629\" data-end=\"655\">digitalni zaslon<\/strong>, uporabniki lahko enostavno spremljajo \u017eivljenjsko dobo baterije in nivo e-teko\u010dine v realnem \u010dasu. The <strong data-start=\"733\" data-end=\"762\">tehnologiji mre\u017easte tuljave 0,6 \u03a9<\/strong> izbolj\u0161uje gostoto pare in bogatost okusa, medtem ko <strong data-start=\"817\" data-end=\"845\">Vrata za polnjenje tipa C<\/strong> zagotavlja hitro polnjenje.<\/p>\n<p>Na voljo v <strong data-start=\"896\" data-end=\"919\">10 vznemirljivih aromah<\/strong>, od sadnih me\u0161anic do ledenih in sladkarijami navdihnjenih mo\u017enosti, AIVONO Fatpro 22K zadovoljuje razli\u010dne okuse. S kombinacijo <strong data-start=\"1047\" data-end=\"1123\">visokega \u0161tevila vdihov, zanesljive zmogljivosti in konkuren\u010dnih veleprodajnih cen<\/strong>, je vrhunska izbira za trgovce na drobno, ki \u0161irijo svoj inventar z mno\u017ei\u010dnimi disposable vape izdelki.<\/p>\n<p data-start=\"666\" data-end=\"1235\"><strong style=\"font-size: 16px;\"><span style=\"color: #ff0000;\">Dodajte Amy na WhatsApp za pravilen odgovor in ceno s popustom!<\/span><\/strong><\/p>\n<p><img fetchpriority=\"high\" decoding=\"async\" class=\"size-full wp-image-2932\" src=\"https:\/\/vapestornado.com\/wp-content\/uploads\/2024\/12\/Vape-Wholesale.jpg\" alt=\"Vape Veleprodaja\" width=\"229\" height=\"300\" \/><\/p>\n<h3><a href=\"https:\/\/wa.me\/8617776015835\" target=\"_blank\" rel=\"noopener\"><span style=\"color: #ff0000;\"><strong>WhatsApp: +386 17776015835<\/strong><\/span><\/a><\/h3>\n<p>&nbsp;<\/p>\n<h2><strong>AIVONO Fatpro 22000 Klju\u010dne lastnosti izdelka<\/strong><\/h2>\n<ul>\n<li><strong>22.000 Vle\u010denje<\/strong>\u00a0\u2013 Eden izmed najdlje obstojnih vejpow za enkratno uporabo na trgu.<\/li>\n<li><strong>28mL prostornine E-teko\u010dine<\/strong>\u00a0\u2013 Ni potrebe po ponovnem polnjenju, le \u010disto u\u017eivanje v vapingu.<\/li>\n<li><strong>600mAh polnilna baterija<\/strong>\u00a0(Tehnologija jedra iz \u010distega kobalta) \u2013 U\u010dinkovita mo\u010d za podalj\u0161ano uporabo.<\/li>\n<li><strong>0.6\u03a9 mre\u017ena tuljava<\/strong>\u00a0\u2013 Izbolj\u0161a okus in proizvodnjo pare za vrhunsko izku\u0161njo.<\/li>\n<li><strong>Digitalni zaslon<\/strong>\u00a0\u2013 Prikazuje stanje baterije in nivoje E-teko\u010dine za la\u017eje upravljanje.<\/li>\n<li><strong>Hitro polnjenje Type-C<\/strong>\u00a0\u2013 Hitro polnjenje za neprekinjeno uporabo.<\/li>\n<li><strong>DTL (Direct-to-Lung) zasnova<\/strong>\u00a0\u2013 Idealno za globoke in zadovoljive vdihe.<\/li>\n<li><strong>Ve\u010d mo\u017enosti nikotina (0%\/2%\/3%\/5%)<\/strong>\u00a0\u2013 Zadovoljuje vse preference.<\/li>\n<li><strong>Lahka te\u017ea<\/strong>\u00a0\u2013 Enostavno za prena\u0161anje kamorkoli.<\/li>\n<li><strong>Veleprodaja<\/strong>\u00a0\u2013 Na voljo so naro\u010dila v ve\u010djih koli\u010dinah (200 kosov na \u0161katlo).<\/li>\n<\/ul>\n<h2 class=\"product-title\"><strong>Seznam okusov AIVONO Fatpro 22k Puff vejpow za enkratno uporabo<\/strong><\/h2>\n<article class=\"w-full text-token-text-primary focus-visible:outline-2 focus-visible:outline-offset-[-4px]\" dir=\"auto\" data-testid=\"conversation-turn-32\" data-scroll-anchor=\"false\">\n<div class=\"m-auto text-base py-[18px] px-6\">\n<div class=\"mx-auto flex flex-1 text-base gap-4 md:gap-5 lg:gap-6 md:max-w-3xl lg:max-w-[40rem] xl:max-w-[48rem]\">\n<div class=\"group\/conversation-turn relative flex w-full min-w-0 flex-col @xs\/thread:px-0 @sm\/thread:px-1.5 @md\/thread:px-4\">\n<div class=\"flex-col gap-1 md:gap-3\">\n<div class=\"flex max-w-full flex-col flex-grow\">\n<div class=\"min-h-8 text-message flex w-full flex-col items-end gap-2 whitespace-normal break-words text-start [.text-message+&amp;]:mt-5\" dir=\"auto\" data-message-author-role=\"user\" data-message-id=\"ffac41ca-1db4-431b-873a-32c4052956f1\">\n<div class=\"flex w-full flex-col gap-1 empty:hidden items-end rtl:items-start\">\n<div class=\"relative max-w-[var(--user-chat-width,70%)] rounded-3xl bg-token-message-surface px-5 py-2.5\">\n<div class=\"absolute bottom-0 right-full top-0 -mr-3.5 hidden pr-5 pt-2 [.group\/conversation-turn:hover_&amp;]:flex\">\n<div class=\"flex\">\n<article class=\"w-full text-token-text-primary focus-visible:outline-2 focus-visible:outline-offset-[-4px]\" dir=\"auto\" data-testid=\"conversation-turn-39\" data-scroll-anchor=\"true\">\n<div class=\"m-auto text-base py-[18px] px-6\">\n<div class=\"mx-auto flex flex-1 text-base gap-4 md:gap-5 lg:gap-6 md:max-w-3xl lg:max-w-[40rem] xl:max-w-[48rem]\">\n<div class=\"group\/conversation-turn relative flex w-full min-w-0 flex-col agent-turn @xs\/thread:px-0 @sm\/thread:px-1.5 @md\/thread:px-4\">\n<div class=\"flex-col gap-1 md:gap-3\">\n<div class=\"flex max-w-full flex-col flex-grow\">\n<div class=\"min-h-8 text-message flex w-full flex-col items-end gap-2 whitespace-normal break-words text-start [.text-message+&amp;]:mt-5\" dir=\"auto\" data-message-author-role=\"assistant\" data-message-id=\"55a23854-ec57-48dd-bd4f-6118f43d6241\" data-message-model-slug=\"gpt-4o\">\n<div class=\"flex w-full flex-col gap-1 empty:hidden first:pt-[3px]\">\n<div class=\"markdown prose w-full break-words dark:prose-invert light\">\n<p>Povzdignite svojo vaping pot z\u00a0<strong>AIVONO Fatpro 22000 Vle\u010denje<\/strong>\u00a0in izjemno izbiro ro\u010dno izdelanih okusov. Vsaka razli\u010dica je strokovno me\u0161ana, da zagotovi izrazito in zadovoljivo izku\u0161njo, kar zagotavlja, da je vsak vdih enako nepozaben kot prej\u0161nji.<\/p>\n<p>1. Twin Apple Bliss: Popoln duet hrustljavih rde\u010dih in zelenih jabol\u010dnih okusov, ki zdru\u017euje naravno sladkost z osve\u017eilno kislostjo za po\u017eivljajo\u010de vaping do\u017eivetje.<\/p>\n<p>2. Grape Frost: So\u010dno vijoli\u010dno grozdje se sre\u010da z osve\u017eujo\u010do metino sve\u017eino, kar ustvarja prefinjeno me\u0161anico, ki je hkrati sadna in osve\u017eilno hladna.<\/p>\n<p>3. Arctic Watermelon: Izjemno sladki okusi lubenice so poudarjeni z ledenim mentolovim zaklju\u010dkom, kar zagotavlja vrhunski ob\u010dutek za ga\u0161enje \u017eeje.<\/p>\n<p>4. Frozen Berry Medley: \u017divahna me\u0161anica jagod, borovnic in robid, zaklju\u010dena z ledenim izdihom za popolnoma uravnote\u017eeno sadno sve\u017eino.<\/p>\n<p>5. Blueberry Bubble: Razigrana poustvaritev klasi\u010dnega \u017eve\u010dilnega gumija, ki poka od pristne borovni\u010deve sladkosti in gladkega, \u017eve\u010dljivega zaklju\u010dka.<\/p>\n<p>6. Ruby Berry Fusion: So\u010dne \u010de\u0161nje se prepletajo s pikantnimi malinami, kar ustvarja dinami\u010den profil okusa, ki je hkrati drzen in neustavljivo so\u010den.<\/p>\n<p>7. Iced Peach Paradise: Zrele, s soncem poljubljene breskve so poudarjene z ledenim mentolovim vetri\u010dem, zaradi \u010desar je to celoletni tropski pobeg.<\/p>\n<p>8. Enigma Elixir: Skrivnostna in privla\u010dna me\u0161anica eksoti\u010dnega sadja s subtilnimi cvetli\u010dnimi podtoni, zasnovana tako, da pritegne in razveseli \u010dute.<\/p>\n<p>9. Dreamscape: Kremasta, ve\u010dplastna me\u0161anica tropskih in jagodi\u010dastih not, ki ponuja gladko in sanjsko izku\u0161njo vapinga.<\/p>\n<p>10. Strawberry Splash: Poka od naravne sladkosti sve\u017ee nabranih jagod, ta okus zagotavlja svetlo, so\u010dno noto z vsakim vdihom.<\/p>\n<figure id=\"attachment_4020\" aria-describedby=\"caption-attachment-4020\" style=\"width: 800px\" class=\"wp-caption alignnone\"><img decoding=\"async\" class=\"wp-image-4020 size-full\" src=\"https:\/\/vapestornado.com\/wp-content\/uploads\/2025\/03\/AIVONO-22000-Disposable-Puff-Bar.webp\" alt=\"AIVONO 22000 Puff Bar za enkratno uporabo\" width=\"800\" height=\"800\" srcset=\"https:\/\/vapestornado.com\/wp-content\/uploads\/2025\/03\/AIVONO-22000-Disposable-Puff-Bar.webp 800w, https:\/\/vapestornado.com\/wp-content\/uploads\/2025\/03\/AIVONO-22000-Disposable-Puff-Bar-300x300.webp 300w, https:\/\/vapestornado.com\/wp-content\/uploads\/2025\/03\/AIVONO-22000-Disposable-Puff-Bar-150x150.webp 150w, https:\/\/vapestornado.com\/wp-content\/uploads\/2025\/03\/AIVONO-22000-Disposable-Puff-Bar-768x768.webp 768w, https:\/\/vapestornado.com\/wp-content\/uploads\/2025\/03\/AIVONO-22000-Disposable-Puff-Bar-600x600.webp 600w, https:\/\/vapestornado.com\/wp-content\/uploads\/2025\/03\/AIVONO-22000-Disposable-Puff-Bar-100x100.webp 100w\" sizes=\"(max-width: 800px) 100vw, 800px\" \/><figcaption id=\"caption-attachment-4020\" class=\"wp-caption-text\">AIVONO 22000 Puff Bar za enkratno uporabo<\/figcaption><\/figure>\n<p>&nbsp;<\/p>\n<\/div>\n<\/div>\n<\/div>\n<\/div>\n<\/div>\n<\/div>\n<\/div>\n<\/div>\n<\/article>\n<\/div>\n<\/div>\n<\/div>\n<\/div>\n<\/div>\n<\/div>\n<\/div>\n<\/div>\n<\/div>\n<\/div>\n<\/article>\n<h2>Zakaj izbrati Vapestornado za nakup AIVONO Fatpro 22000Puff?<\/h2>\n<div class=\"flex-shrink-0 flex flex-col relative items-end\">\n<div class=\"pt-0\">\n<div class=\"gizmo-bot-avatar flex h-8 w-8 items-center justify-center overflow-hidden rounded-full\">\n<div class=\"relative p-1 rounded-sm flex items-center justify-center bg-token-main-surface-primary text-token-text-primary h-8 w-8\">\n<p>At\u00a0<strong>VapeTornado<\/strong>, ponosni smo na zagotavljanje\u00a0<strong>vrhunskih izdelkov za vaping po neprekosljivih cenah<\/strong>\u2014in AIVONO Fatpro 22000 ni izjema! Tukaj je razlog, zakaj bi morali kupiti pri nas:<\/p>\n<p><strong>Najbolj\u0161e veleprodajne cene<\/strong>\u00a0\u2013 Ponujamo\u00a0<strong>konkuren\u010dne cene za velike koli\u010dine<\/strong><span style=\"font-size: 16px;\">, zaradi \u010desar smo najbolj\u0161a izbira za preprodajalce in trgovine z vape izdelki.<\/span><\/p>\n<p><strong>Hitro<\/strong>\u00a0\u2013 Zagotovite si dostavo naro\u010dila\u00a0<strong>hitro in varno<\/strong>, z mo\u017enostmi po\u0161iljanja po vsem svetu.<br \/>\n<strong>100-odstotno pristni izdelki<\/strong>\u00a0\u2013 Brez ponaredkov\u2014samo\u00a0<strong>originalni WASPE Triple izdelki za enkratno uporabo<\/strong>\u00a0z preverjeno kakovostjo.<br \/>\n<strong>Odli\u010dna podpora strankam<\/strong>\u00a0\u2013 Imate vpra\u0161anja? Na\u0161i\u00a0<strong>strokovnjaki za vape<\/strong> so vam pripravljeni pomagati 24 ur na dan, 7 dni v tednu.<\/p>\n<p data-start=\"559\" data-end=\"933\" data-is-last-node=\"\" data-is-only-node=\"\">Imamo tudi nekaj drugih priljubljenih vape izdelkov z zaslonom, kot so <a href=\"https:\/\/vapestornado.com\/sl\/product\/vapme-goat-40000-puff-40k-hookah-shisha-pen-price-wholesale-e-cigarette\/\">Vapme Goat 40000 Shisha<\/a>, <a href=\"https:\/\/vapestornado.com\/sl\/product\/2025-new-vopk-ultra-40000-puffs-double-flavor-disposable-vape-factory-suppliers\/\">VOPK 40000 2 v 1 vape za enkratno uporabo<\/a>, <a href=\"https:\/\/vapestornado.com\/sl\/product\/bang-beach-22000-20k-puff-disposable-vape-pen-with-screen-reddit-hot\/\">Bang Pla\u017ea 22000<\/a>, in \u0161e ve\u010d.<\/p>\n<\/div>\n<div class=\"relative p-1 rounded-sm flex items-center justify-center bg-token-main-surface-primary text-token-text-primary h-8 w-8\">\n<h2>Pogosta vpra\u0161anja<\/h2>\n<p><strong>1. Kako dolgo zdr\u017ei AIVONO Fatpro 22000?<\/strong><\/p>\n<p>S\u00a0<strong>22.000 vdihov<\/strong>, ta naprava zdr\u017ei bistveno dlje kot standardni vapi za enkratno uporabo. Odvisno od uporabe lahko zmernim uporabnikom slu\u017ei ve\u010d tednov ali celo mesecev.<\/p>\n<p><strong>2. Ali je AIVONO Fatpro mogo\u010de ponovno napolniti?<\/strong><\/p>\n<p>Da! Ima\u00a0<strong>Vrata za polnjenje tipa C<\/strong>\u00a0in\u00a0<strong>600 mAh<\/strong>, kar vam omogo\u010da, da v celoti izkoristite\u00a0<strong>28 ml prostornine e-teko\u010dine<\/strong>\u00a0brez, da bi zmanjkalo energije.<\/p>\n<p><strong>3. Katere jakosti nikotina so na voljo?<\/strong><\/p>\n<p>AIVONO Fatpro ponuja\u00a0<strong>0% (brez nikotina), 2%, 3% in 5% nikotinske soli<\/strong>\u00a0mo\u017enosti, ki ustrezajo vsem vrstam vejperjev.<\/p>\n<p><strong>4. Ali podpira globoke vdihe v plju\u010da (DTL)?<\/strong><\/p>\n<p>Da! Ima\u00a0<strong>0.6\u03a9 mre\u017easta tuljava<\/strong>\u00a0in\u00a0<strong>DTL zasnova<\/strong>\u00a0je idealna za neposredne vdihe v plju\u010da, saj proizvaja\u00a0<strong>gladke, aromati\u010dne oblake<\/strong>.<\/p>\n<\/div>\n<\/div>\n<\/div>\n<\/div>","protected":false},"excerpt":{"rendered":"<p class=\"LC20lb MBeuO DKV0Md\">The <strong data-start=\"1217\" data-end=\"1250\">AIVONO Fatpro 22K Vape za Shisho<\/strong> ponuja 22.000 vdihov, digitalni zaslon in tehnologijo mre\u017easte tuljave. Odli\u010dna izbira za <strong data-start=\"1334\" data-end=\"1359\">mno\u017ei\u010dna veleprodajna naro\u010dila<\/strong>.<\/p>\n<p><strong>Dodajte Amyin WhatsApp, da dobite pravi odgovor in ceno s popustom!<\/strong><\/p>\n<p><img fetchpriority=\"high\" decoding=\"async\" class=\"size-full wp-image-2932\" src=\"https:\/\/vapestornado.com\/wp-content\/uploads\/2024\/12\/Vape-Wholesale.jpg\" alt=\"Vape Veleprodaja\" width=\"229\" height=\"300\" \/><\/p>\n<h3><a href=\"https:\/\/wa.me\/8617776015835\"><span style=\"color: #ff0000;\"><strong>WhatsApp: +386 17776015835<\/strong><\/span><\/a><\/h3>\n<p>&nbsp;<\/p>","protected":false},"featured_media":4026,"comment_status":"open","ping_status":"closed","template":"","meta":{"_acf_changed":false,"_uag_custom_page_level_css":"","_lmt_disableupdate":"no","_lmt_disable":"","_monsterinsights_skip_tracking":false,"_monsterinsights_sitenote_active":false,"_monsterinsights_sitenote_note":"","_monsterinsights_sitenote_category":0,"site-sidebar-layout":"default","site-content-layout":"","ast-site-content-layout":"default","site-content-style":"default","site-sidebar-style":"default","ast-global-header-display":"","ast-banner-title-visibility":"","ast-main-header-display":"","ast-hfb-above-header-display":"","ast-hfb-below-header-display":"","ast-hfb-mobile-header-display":"","site-post-title":"","ast-breadcrumbs-content":"","ast-featured-img":"","footer-sml-layout":"","ast-disable-related-posts":"","theme-transparent-header-meta":"default","adv-header-id-meta":"","stick-header-meta":"","header-above-stick-meta":"","header-main-stick-meta":"","header-below-stick-meta":"","astra-migrate-meta-layouts":"set","ast-page-background-enabled":"default","ast-page-background-meta":{"desktop":{"background-color":"","background-image":"","background-repeat":"repeat","background-position":"center center","background-size":"auto","background-attachment":"scroll","background-type":"","background-media":"","overlay-type":"","overlay-color":"","overlay-opacity":"","overlay-gradient":""},"tablet":{"background-color":"","background-image":"","background-repeat":"repeat","background-position":"center center","background-size":"auto","background-attachment":"scroll","background-type":"","background-media":"","overlay-type":"","overlay-color":"","overlay-opacity":"","overlay-gradient":""},"mobile":{"background-color":"","background-image":"","background-repeat":"repeat","background-position":"center center","background-size":"auto","background-attachment":"scroll","background-type":"","background-media":"","overlay-type":"","overlay-color":"","overlay-opacity":"","overlay-gradient":""}},"ast-content-background-meta":{"desktop":{"background-color":"var(--ast-global-color-5)","background-image":"","background-repeat":"repeat","background-position":"center center","background-size":"auto","background-attachment":"scroll","background-type":"","background-media":"","overlay-type":"","overlay-color":"","overlay-opacity":"","overlay-gradient":""},"tablet":{"background-color":"var(--ast-global-color-5)","background-image":"","background-repeat":"repeat","background-position":"center center","background-size":"auto","background-attachment":"scroll","background-type":"","background-media":"","overlay-type":"","overlay-color":"","overlay-opacity":"","overlay-gradient":""},"mobile":{"background-color":"var(--ast-global-color-5)","background-image":"","background-repeat":"repeat","background-position":"center center","background-size":"auto","background-attachment":"scroll","background-type":"","background-media":"","overlay-type":"","overlay-color":"","overlay-opacity":"","overlay-gradient":""}},"_joinchat":{"telephone":"17776015835"}},"product_brand":[],"product_cat":[176,154,147],"product_tag":[308,105,284,296,94],"class_list":{"0":"post-4047","1":"product","2":"type-product","3":"status-publish","4":"has-post-thumbnail","6":"product_cat-aivono-vape","7":"product_cat-buy-disposable-vapes-in-netherlands","8":"product_cat-shisha-hookah-disposable-vapes","9":"product_tag-aivono-fatpro-22000","10":"product_tag-digital-disposable-vape","11":"product_tag-disposable-shisha","12":"product_tag-puff-bar","13":"product_tag-rechargeable-disposable-vape","14":"desktop-align-left","15":"tablet-align-left","16":"mobile-align-left","18":"first","19":"instock","20":"sale","21":"shipping-taxable","22":"purchasable","23":"product-type-simple"},"acf":[],"uagb_featured_image_src":{"full":["https:\/\/vapestornado.com\/wp-content\/uploads\/2025\/03\/Wholesale-Vape-Original-Ainovo-Aim-Fatpro-22000-Puffs.webp",800,800,false],"thumbnail":["https:\/\/vapestornado.com\/wp-content\/uploads\/2025\/03\/Wholesale-Vape-Original-Ainovo-Aim-Fatpro-22000-Puffs-150x150.webp",150,150,true],"medium":["https:\/\/vapestornado.com\/wp-content\/uploads\/2025\/03\/Wholesale-Vape-Original-Ainovo-Aim-Fatpro-22000-Puffs-300x300.webp",300,300,true],"medium_large":["https:\/\/vapestornado.com\/wp-content\/uploads\/2025\/03\/Wholesale-Vape-Original-Ainovo-Aim-Fatpro-22000-Puffs-768x768.webp",768,768,true],"large":["https:\/\/vapestornado.com\/wp-content\/uploads\/2025\/03\/Wholesale-Vape-Original-Ainovo-Aim-Fatpro-22000-Puffs.webp",800,800,false],"1536x1536":["https:\/\/vapestornado.com\/wp-content\/uploads\/2025\/03\/Wholesale-Vape-Original-Ainovo-Aim-Fatpro-22000-Puffs.webp",800,800,false],"2048x2048":["https:\/\/vapestornado.com\/wp-content\/uploads\/2025\/03\/Wholesale-Vape-Original-Ainovo-Aim-Fatpro-22000-Puffs.webp",800,800,false],"trp-custom-language-flag":["https:\/\/vapestornado.com\/wp-content\/uploads\/2025\/03\/Wholesale-Vape-Original-Ainovo-Aim-Fatpro-22000-Puffs.webp",12,12,false],"woocommerce_thumbnail":["https:\/\/vapestornado.com\/wp-content\/uploads\/2025\/03\/Wholesale-Vape-Original-Ainovo-Aim-Fatpro-22000-Puffs-300x300.webp",300,300,true],"woocommerce_single":["https:\/\/vapestornado.com\/wp-content\/uploads\/2025\/03\/Wholesale-Vape-Original-Ainovo-Aim-Fatpro-22000-Puffs-600x600.webp",600,600,true],"woocommerce_gallery_thumbnail":["https:\/\/vapestornado.com\/wp-content\/uploads\/2025\/03\/Wholesale-Vape-Original-Ainovo-Aim-Fatpro-22000-Puffs-100x100.webp",100,100,true]},"uagb_author_info":{"display_name":"ESAMY","author_link":"https:\/\/vapestornado.com\/sl\/author\/"},"uagb_comment_info":0,"uagb_excerpt":"The AIVONO Fatpro 22K Shisha Vape offers 22,000 puffs, digital display, and mesh coil technology. A great choice for bulk wholesale orders. Add Amy's whatsapp to get right reply and discount price! WhatsApp: +86 17776015835 &nbsp;","_links":{"self":[{"href":"https:\/\/vapestornado.com\/sl\/wp-json\/wp\/v2\/product\/4047","targetHints":{"allow":["GET"]}}],"collection":[{"href":"https:\/\/vapestornado.com\/sl\/wp-json\/wp\/v2\/product"}],"about":[{"href":"https:\/\/vapestornado.com\/sl\/wp-json\/wp\/v2\/types\/product"}],"replies":[{"embeddable":true,"href":"https:\/\/vapestornado.com\/sl\/wp-json\/wp\/v2\/comments?post=4047"}],"wp:featuredmedia":[{"embeddable":true,"href":"https:\/\/vapestornado.com\/sl\/wp-json\/wp\/v2\/media\/4026"}],"wp:attachment":[{"href":"https:\/\/vapestornado.com\/sl\/wp-json\/wp\/v2\/media?parent=4047"}],"wp:term":[{"taxonomy":"product_brand","embeddable":true,"href":"https:\/\/vapestornado.com\/sl\/wp-json\/wp\/v2\/product_brand?post=4047"},{"taxonomy":"product_cat","embeddable":true,"href":"https:\/\/vapestornado.com\/sl\/wp-json\/wp\/v2\/product_cat?post=4047"},{"taxonomy":"product_tag","embeddable":true,"href":"https:\/\/vapestornado.com\/sl\/wp-json\/wp\/v2\/product_tag?post=4047"}],"curies":[{"name":"wp","href":"https:\/\/api.w.org\/{rel}","templated":true}]}}