{"id":4046,"date":"2025-03-31T09:39:14","date_gmt":"2025-03-31T09:39:14","guid":{"rendered":"https:\/\/vapestornado.com\/?post_type=product&#038;p=4046"},"modified":"2025-08-23T11:59:15","modified_gmt":"2025-08-23T11:59:15","slug":"aivono-aim-boom-25000-puffs-rechargeable-disposables-vape-pod-shop-on-line","status":"publish","type":"product","link":"https:\/\/vapestornado.com\/sl\/product\/aivono-aim-boom-25000-puffs-rechargeable-disposables-vape-pod-shop-on-line\/","title":{"rendered":"Aivono Aim Boom 25000 Vdihljajev Polnilna E-cigareta za Enkratno Uporabo Spletna Trgovina"},"content":{"rendered":"<h1 data-pm-slice=\"1 1 []\">Aivono Aim Boom 25000 Vdihljajev Polnilna E-cigareta za Enkratno Uporabo Spletna Trgovina<\/h1>\n<p class=\"\" data-start=\"1287\" data-end=\"1418\">The <strong data-start=\"285\" data-end=\"332\">Aivono Aim Boom 25000 Vapes za enkratno uporabo<\/strong> je zasnovan za trgovce na debelo in prodajalne vape, ki i\u0161\u010dejo naprave z visoko zmogljivostjo in zanesljivostjo. Ponuja do <strong data-start=\"429\" data-end=\"445\">25.000 vpihov<\/strong>, ta pod zagotavlja dolgotrajne seje, ki jih podpira <strong data-start=\"501\" data-end=\"532\">650mAh polnilno baterijo<\/strong> z <strong data-start=\"538\" data-end=\"557\">polnjenje tipa C<\/strong>. Baterija z <strong data-start=\"563\" data-end=\"596\">28 ml predhodno napolnjen rezervoar za e-teko\u010dino<\/strong> v kombinaciji z <strong data-start=\"611\" data-end=\"640\">tehnologija dvojne mre\u017easte tuljave<\/strong> zagotavlja gladek izhlapevanje in mo\u010dan okus od za\u010detka do konca.<\/p>\n<p>Zaradi <strong data-start=\"727\" data-end=\"752\">pametni digitalni zaslon<\/strong> sprotno obve\u0161\u010da uporabnike o \u017eivljenjski dobi baterije in nivojih e-teko\u010dine, kar dodaja udobje in nadzor. Zasnovan z mislijo na prodajo v razsutem stanju, je Aivono Aim Boom 25K donosna mo\u017enost za distributerje v Sloveniji, ki \u017eelijo strankam zagotoviti trpe\u017ene, okusne in stro\u0161kovno u\u010dinkovite vape pode za enkratno uporabo.<\/p>\n<p data-start=\"666\" data-end=\"1235\"><strong style=\"font-size: 16px;\"><span style=\"color: #ff0000;\">Dodajte Amy na WhatsApp za pravilen odgovor in ceno s popustom!<\/span><\/strong><\/p>\n<p><img fetchpriority=\"high\" decoding=\"async\" class=\"size-full wp-image-2932\" src=\"https:\/\/vapestornado.com\/wp-content\/uploads\/2024\/12\/Vape-Wholesale.jpg\" alt=\"Vape Veleprodaja\" width=\"229\" height=\"300\" \/><\/p>\n<h3><a href=\"https:\/\/wa.me\/8617776015835\" target=\"_blank\" rel=\"noopener\"><span style=\"color: #ff0000;\"><strong>WhatsApp: +386 17776015835<\/strong><\/span><\/a><\/h3>\n<p>&nbsp;<\/p>\n<h2><strong>Aivono Aim Boom 25000 Klju\u010dne lastnosti izdelka<\/strong><\/h2>\n<ul>\n<li class=\"\" data-start=\"593\" data-end=\"724\">\n<p class=\"\" data-start=\"595\" data-end=\"724\"><strong data-start=\"595\" data-end=\"627\">Prilagodljive ravni nikotina<\/strong> \u2013 Izbirajte med 0 %, 2 %, 3 % ali 5 % nikotina, ki ustreza va\u0161im \u017eeljam.<\/p>\n<\/li>\n<li class=\"\" data-start=\"725\" data-end=\"822\">\n<p class=\"\" data-start=\"727\" data-end=\"822\"><strong data-start=\"727\" data-end=\"758\">Masivna zmogljivost 25000 vdihov<\/strong> \u2013 Zasnovan za dolgotrajno vaping brez pogostih zamenjav.<\/p>\n<\/li>\n<li class=\"\" data-start=\"823\" data-end=\"939\">\n<p class=\"\" data-start=\"825\" data-end=\"939\"><strong data-start=\"825\" data-end=\"852\">28 ml rezervoar za e-teko\u010dino<\/strong> \u2013 Dr\u017ei dovolj e-teko\u010dine za dolgotrajno uporabo, kar zmanj\u0161uje potrebo po nenehnem polnjenju.<\/p>\n<\/li>\n<li class=\"\" data-start=\"940\" data-end=\"1051\">\n<p class=\"\" data-start=\"942\" data-end=\"1051\"><strong data-start=\"942\" data-end=\"969\">Napredna 1,2 \u03a9 mre\u017easta tuljava<\/strong> \u2013 Izbolj\u0161a proizvodnjo pare in konsistenco okusa za zadovoljivo izku\u0161njo.<\/p>\n<\/li>\n<li class=\"\" data-start=\"1052\" data-end=\"1177\">\n<p class=\"\" data-start=\"1054\" data-end=\"1177\"><strong data-start=\"1054\" data-end=\"1085\">Polnilna baterija 650 mAh<\/strong> \u2013 Dolgotrajna zmogljivost s polnjenjem Type-C za hitro in u\u010dinkovito obnovo energije.<\/p>\n<\/li>\n<li class=\"\" data-start=\"1178\" data-end=\"1277\">\n<p class=\"\" data-start=\"1180\" data-end=\"1277\"><strong data-start=\"1180\" data-end=\"1205\">Pametni digitalni zaslon<\/strong> \u2013 Prikazuje ravni e-teko\u010dine in baterije v realnem \u010dasu, kar odpravlja ugibanje.<\/p>\n<\/li>\n<li class=\"\" data-start=\"1278\" data-end=\"1343\">\n<p class=\"\" data-start=\"1280\" data-end=\"1343\"><strong data-start=\"1280\" data-end=\"1304\">Osvetljen logotip<\/strong> \u2013 Med vapingom doda stilski pridih.<\/p>\n<\/li>\n<li class=\"\" data-start=\"1344\" data-end=\"1453\">\n<p class=\"\" data-start=\"1346\" data-end=\"1453\"><strong data-start=\"1346\" data-end=\"1369\">Dvojno mre\u017eno preklapljanje<\/strong> \u2013 Zagotavlja enakomerno segrevanje in gladko proizvodnjo pare za vrhunsko izku\u0161njo vapinga.<\/p>\n<\/li>\n<\/ul>\n<h2 class=\"product-title\"><strong>Seznam okusov Aivono Aim Boom 25000 Pufov za enkratno uporabo<\/strong><\/h2>\n<article class=\"w-full text-token-text-primary focus-visible:outline-2 focus-visible:outline-offset-[-4px]\" dir=\"auto\" data-testid=\"conversation-turn-32\" data-scroll-anchor=\"false\">\n<div class=\"m-auto text-base py-[18px] px-6\">\n<div class=\"mx-auto flex flex-1 text-base gap-4 md:gap-5 lg:gap-6 md:max-w-3xl lg:max-w-[40rem] xl:max-w-[48rem]\">\n<div class=\"group\/conversation-turn relative flex w-full min-w-0 flex-col @xs\/thread:px-0 @sm\/thread:px-1.5 @md\/thread:px-4\">\n<div class=\"flex-col gap-1 md:gap-3\">\n<div class=\"flex max-w-full flex-col flex-grow\">\n<div class=\"min-h-8 text-message flex w-full flex-col items-end gap-2 whitespace-normal break-words text-start [.text-message+&amp;]:mt-5\" dir=\"auto\" data-message-author-role=\"user\" data-message-id=\"ffac41ca-1db4-431b-873a-32c4052956f1\">\n<div class=\"flex w-full flex-col gap-1 empty:hidden items-end rtl:items-start\">\n<div class=\"relative max-w-[var(--user-chat-width,70%)] rounded-3xl bg-token-message-surface px-5 py-2.5\">\n<div class=\"absolute bottom-0 right-full top-0 -mr-3.5 hidden pr-5 pt-2 [.group\/conversation-turn:hover_&amp;]:flex\">\n<div class=\"flex\">\n<article class=\"w-full text-token-text-primary focus-visible:outline-2 focus-visible:outline-offset-[-4px]\" dir=\"auto\" data-testid=\"conversation-turn-39\" data-scroll-anchor=\"true\">\n<div class=\"m-auto text-base py-[18px] px-6\">\n<div class=\"mx-auto flex flex-1 text-base gap-4 md:gap-5 lg:gap-6 md:max-w-3xl lg:max-w-[40rem] xl:max-w-[48rem]\">\n<div class=\"group\/conversation-turn relative flex w-full min-w-0 flex-col agent-turn @xs\/thread:px-0 @sm\/thread:px-1.5 @md\/thread:px-4\">\n<div class=\"flex-col gap-1 md:gap-3\">\n<div class=\"flex max-w-full flex-col flex-grow\">\n<div class=\"min-h-8 text-message flex w-full flex-col items-end gap-2 whitespace-normal break-words text-start [.text-message+&amp;]:mt-5\" dir=\"auto\" data-message-author-role=\"assistant\" data-message-id=\"55a23854-ec57-48dd-bd4f-6118f43d6241\" data-message-model-slug=\"gpt-4o\">\n<div class=\"flex w-full flex-col gap-1 empty:hidden first:pt-[3px]\">\n<div class=\"markdown prose w-full break-words dark:prose-invert light\">\n<p>1. Miami Mint<br \/>\n2. Lubenica z ledom<br \/>\n3.Modra malina led<br \/>\n4.Malina breskev limeta<br \/>\n5.Modri ran\u010dar<br \/>\n6.Kisli mango ananas<br \/>\n7.Jagoda B-Pop<br \/>\n8.Zeleno jabolko grozdje<br \/>\n9.Melona limona<br \/>\n10. Ledena lubenica \u010de\u0161nja<\/p>\n<figure id=\"attachment_4027\" aria-describedby=\"caption-attachment-4027\" style=\"width: 1024px\" class=\"wp-caption alignnone\"><img decoding=\"async\" class=\"wp-image-4027 size-large\" src=\"https:\/\/vapestornado.com\/wp-content\/uploads\/2025\/03\/Aim-Boom-25000-Factory-Price-1024x900.jpg\" alt=\"Aim Boom 25000 tovarni\u0161ka cena\" width=\"1024\" height=\"900\" srcset=\"https:\/\/vapestornado.com\/wp-content\/uploads\/2025\/03\/Aim-Boom-25000-Factory-Price-1024x900.jpg 1024w, https:\/\/vapestornado.com\/wp-content\/uploads\/2025\/03\/Aim-Boom-25000-Factory-Price-300x264.jpg 300w, https:\/\/vapestornado.com\/wp-content\/uploads\/2025\/03\/Aim-Boom-25000-Factory-Price-768x675.jpg 768w, https:\/\/vapestornado.com\/wp-content\/uploads\/2025\/03\/Aim-Boom-25000-Factory-Price-1536x1349.jpg 1536w, https:\/\/vapestornado.com\/wp-content\/uploads\/2025\/03\/Aim-Boom-25000-Factory-Price-2048x1799.jpg 2048w, https:\/\/vapestornado.com\/wp-content\/uploads\/2025\/03\/Aim-Boom-25000-Factory-Price-600x527.jpg 600w\" sizes=\"(max-width: 1024px) 100vw, 1024px\" \/><figcaption id=\"caption-attachment-4027\" class=\"wp-caption-text\">Aim Boom 25000 tovarni\u0161ka cena<\/figcaption><\/figure>\n<\/div>\n<\/div>\n<\/div>\n<\/div>\n<\/div>\n<\/div>\n<\/div>\n<\/div>\n<\/article>\n<\/div>\n<\/div>\n<\/div>\n<\/div>\n<\/div>\n<\/div>\n<\/div>\n<\/div>\n<\/div>\n<\/div>\n<\/article>\n<h2>Zakaj izbrati Vapestornado za nakup Aivono Aim Boom 25000 Pufov?<\/h2>\n<div class=\"flex-shrink-0 flex flex-col relative items-end\">\n<div class=\"pt-0\">\n<div class=\"gizmo-bot-avatar flex h-8 w-8 items-center justify-center overflow-hidden rounded-full\">\n<div class=\"relative p-1 rounded-sm flex items-center justify-center bg-token-main-surface-primary text-token-text-primary h-8 w-8\">\n<p>At\u00a0<strong>VapeTornado<\/strong>, ponosni smo na zagotavljanje\u00a0<strong>vrhunskih izdelkov za vaping po neprekosljivih cenah<\/strong>\u2014 in Aivono Aim Boom 25000 ni izjema! Tukaj je razlog, zakaj bi morali kupiti pri nas:<\/p>\n<p><strong>Najbolj\u0161e veleprodajne cene<\/strong>\u00a0\u2013 Ponujamo\u00a0<strong>konkuren\u010dne cene za velike koli\u010dine<\/strong><span style=\"font-size: 16px;\">, zaradi \u010desar smo najbolj\u0161a izbira za preprodajalce in trgovine z vape izdelki.<\/span><\/p>\n<p><strong>Hitro<\/strong>\u00a0\u2013 Zagotovite si dostavo naro\u010dila\u00a0<strong>hitro in varno<\/strong>, z mo\u017enostmi po\u0161iljanja po vsem svetu.<br \/>\n<strong>100-odstotno pristni izdelki<\/strong>\u00a0\u2013 Brez ponaredkov\u2014samo\u00a0<strong>originalni WASPE Triple izdelki za enkratno uporabo<\/strong>\u00a0z preverjeno kakovostjo.<br \/>\n<strong>Odli\u010dna podpora strankam<\/strong>\u00a0\u2013 Imate vpra\u0161anja? Na\u0161i\u00a0<strong>strokovnjaki za vape<\/strong> so vam pripravljeni pomagati 24 ur na dan, 7 dni v tednu.<\/p>\n<p data-start=\"559\" data-end=\"933\" data-is-last-node=\"\" data-is-only-node=\"\">Imamo tudi nekaj drugih priljubljenih vape izdelkov z zaslonom, kot so <a href=\"https:\/\/vapestornado.com\/sl\/product\/vapme-goat-40000-puff-40k-hookah-shisha-pen-price-wholesale-e-cigarette\/\">Vapme Goat 40000 Shisha<\/a>, <a href=\"https:\/\/vapestornado.com\/sl\/product\/2025-new-vopk-ultra-40000-puffs-double-flavor-disposable-vape-factory-suppliers\/\">VOPK 40000 2 v 1 vape za enkratno uporabo<\/a>, <a href=\"https:\/\/vapestornado.com\/sl\/product\/bang-beach-22000-20k-puff-disposable-vape-pen-with-screen-reddit-hot\/\">Bang Pla\u017ea 22000<\/a>, in \u0161e ve\u010d.<\/p>\n<\/div>\n<div class=\"relative p-1 rounded-sm flex items-center justify-center bg-token-main-surface-primary text-token-text-primary h-8 w-8\">\n<h2>Pogosta vpra\u0161anja<\/h2>\n<p class=\"\" data-start=\"1950\" data-end=\"2133\"><strong data-start=\"1950\" data-end=\"2008\">1. Kako dolgo zdr\u017ei Aivono Aim Boom 25000 Pufov?<\/strong><br data-start=\"2008\" data-end=\"2011\" \/>Z zmogljivostjo 25000 vpihov je naprava zasnovana tako, da zdr\u017ei dalj\u0161e obdobje, odvisno od individualnih navad uporabe.<\/p>\n<p class=\"\" data-start=\"2135\" data-end=\"2277\"><strong data-start=\"2135\" data-end=\"2166\">2. Ali lahko napolnim vape?<\/strong><br data-start=\"2166\" data-end=\"2169\" \/>Da, naprava ima 650 mAh polnilno baterijo s polnjenjem Type-C za hitro in enostavno polnjenje.<\/p>\n<p class=\"\" data-start=\"2279\" data-end=\"2455\"><strong data-start=\"2279\" data-end=\"2333\">3. Kako preverim nivo baterije in e-teko\u010dine?<\/strong><br data-start=\"2333\" data-end=\"2336\" \/>Pametni zaslon zagotavlja sprotne posodobitve o \u017eivljenjski dobi baterije in ravni e-teko\u010dine za izku\u0161njo brez te\u017eav.<\/p>\n<p class=\"\" data-start=\"2457\" data-end=\"2622\"><strong data-start=\"2457\" data-end=\"2513\">4. V \u010dem je posebnost tehnologije z dvojno mre\u017easto tuljavo?<\/strong><br data-start=\"2513\" data-end=\"2516\" \/>Preklapljanje med dvojnimi mre\u017eami pove\u010da proizvodnjo pare in zagotavlja gladke ter dosledne vdihe z bogatim okusom.<\/p>\n<\/div>\n<\/div>\n<\/div>\n<\/div>","protected":false},"excerpt":{"rendered":"<p class=\"LC20lb MBeuO DKV0Md\">The <strong data-start=\"1060\" data-end=\"1092\">Aivono Aim Boom 25K Vape Pod<\/strong> ponuja 25.000 vdihov, dvojne mre\u017easte grelce in pametni zaslon. Vrhunska izbira za <strong data-start=\"1167\" data-end=\"1197\">veleprodajna naro\u010dila vape v razsutem stanju<\/strong>.<\/p>\n<p><strong>Dodajte Amyin WhatsApp, da dobite pravi odgovor in ceno s popustom!<\/strong><\/p>\n<p><img fetchpriority=\"high\" decoding=\"async\" class=\"size-full wp-image-2932\" src=\"https:\/\/vapestornado.com\/wp-content\/uploads\/2024\/12\/Vape-Wholesale.jpg\" alt=\"Vape Veleprodaja\" width=\"229\" height=\"300\" \/><\/p>\n<h3><a href=\"https:\/\/wa.me\/8617776015835\"><span style=\"color: #ff0000;\"><strong>WhatsApp: +386 17776015835<\/strong><\/span><\/a><\/h3>\n<p>&nbsp;<\/p>","protected":false},"featured_media":4030,"comment_status":"open","ping_status":"closed","template":"","meta":{"_acf_changed":false,"_uag_custom_page_level_css":"","_lmt_disableupdate":"no","_lmt_disable":"","_monsterinsights_skip_tracking":false,"_monsterinsights_sitenote_active":false,"_monsterinsights_sitenote_note":"","_monsterinsights_sitenote_category":0,"site-sidebar-layout":"default","site-content-layout":"","ast-site-content-layout":"default","site-content-style":"default","site-sidebar-style":"default","ast-global-header-display":"","ast-banner-title-visibility":"","ast-main-header-display":"","ast-hfb-above-header-display":"","ast-hfb-below-header-display":"","ast-hfb-mobile-header-display":"","site-post-title":"","ast-breadcrumbs-content":"","ast-featured-img":"","footer-sml-layout":"","ast-disable-related-posts":"","theme-transparent-header-meta":"default","adv-header-id-meta":"","stick-header-meta":"","header-above-stick-meta":"","header-main-stick-meta":"","header-below-stick-meta":"","astra-migrate-meta-layouts":"set","ast-page-background-enabled":"default","ast-page-background-meta":{"desktop":{"background-color":"","background-image":"","background-repeat":"repeat","background-position":"center center","background-size":"auto","background-attachment":"scroll","background-type":"","background-media":"","overlay-type":"","overlay-color":"","overlay-opacity":"","overlay-gradient":""},"tablet":{"background-color":"","background-image":"","background-repeat":"repeat","background-position":"center center","background-size":"auto","background-attachment":"scroll","background-type":"","background-media":"","overlay-type":"","overlay-color":"","overlay-opacity":"","overlay-gradient":""},"mobile":{"background-color":"","background-image":"","background-repeat":"repeat","background-position":"center center","background-size":"auto","background-attachment":"scroll","background-type":"","background-media":"","overlay-type":"","overlay-color":"","overlay-opacity":"","overlay-gradient":""}},"ast-content-background-meta":{"desktop":{"background-color":"var(--ast-global-color-5)","background-image":"","background-repeat":"repeat","background-position":"center center","background-size":"auto","background-attachment":"scroll","background-type":"","background-media":"","overlay-type":"","overlay-color":"","overlay-opacity":"","overlay-gradient":""},"tablet":{"background-color":"var(--ast-global-color-5)","background-image":"","background-repeat":"repeat","background-position":"center center","background-size":"auto","background-attachment":"scroll","background-type":"","background-media":"","overlay-type":"","overlay-color":"","overlay-opacity":"","overlay-gradient":""},"mobile":{"background-color":"var(--ast-global-color-5)","background-image":"","background-repeat":"repeat","background-position":"center center","background-size":"auto","background-attachment":"scroll","background-type":"","background-media":"","overlay-type":"","overlay-color":"","overlay-opacity":"","overlay-gradient":""}},"_joinchat":{"telephone":"17776015835"}},"product_brand":[],"product_cat":[68,176,156,158,142],"product_tag":[307,105,211,94,302],"class_list":{"0":"post-4046","1":"product","2":"type-product","3":"status-publish","4":"has-post-thumbnail","6":"product_cat-25000-puff","7":"product_cat-aivono-vape","8":"product_cat-buy-disposable-vapes-in-poland","9":"product_cat-buy-disposable-vapes-in-spain","10":"product_cat-digital-box-disposable-vapes","11":"product_tag-aivono-aim-boom-25000","12":"product_tag-digital-disposable-vape","13":"product_tag-puff-25k","14":"product_tag-rechargeable-disposable-vape","15":"product_tag-vape-box-mod","16":"desktop-align-left","17":"tablet-align-left","18":"mobile-align-left","20":"first","21":"instock","22":"sale","23":"shipping-taxable","24":"purchasable","25":"product-type-simple"},"acf":[],"uagb_featured_image_src":{"full":["https:\/\/vapestornado.com\/wp-content\/uploads\/2025\/03\/Aivono-Aim-Boom-25000-Best-Disposable-Vape-Wholesale.jpg",1080,1080,false],"thumbnail":["https:\/\/vapestornado.com\/wp-content\/uploads\/2025\/03\/Aivono-Aim-Boom-25000-Best-Disposable-Vape-Wholesale-150x150.jpg",150,150,true],"medium":["https:\/\/vapestornado.com\/wp-content\/uploads\/2025\/03\/Aivono-Aim-Boom-25000-Best-Disposable-Vape-Wholesale-300x300.jpg",300,300,true],"medium_large":["https:\/\/vapestornado.com\/wp-content\/uploads\/2025\/03\/Aivono-Aim-Boom-25000-Best-Disposable-Vape-Wholesale-768x768.jpg",768,768,true],"large":["https:\/\/vapestornado.com\/wp-content\/uploads\/2025\/03\/Aivono-Aim-Boom-25000-Best-Disposable-Vape-Wholesale-1024x1024.jpg",1024,1024,true],"1536x1536":["https:\/\/vapestornado.com\/wp-content\/uploads\/2025\/03\/Aivono-Aim-Boom-25000-Best-Disposable-Vape-Wholesale.jpg",1080,1080,false],"2048x2048":["https:\/\/vapestornado.com\/wp-content\/uploads\/2025\/03\/Aivono-Aim-Boom-25000-Best-Disposable-Vape-Wholesale.jpg",1080,1080,false],"trp-custom-language-flag":["https:\/\/vapestornado.com\/wp-content\/uploads\/2025\/03\/Aivono-Aim-Boom-25000-Best-Disposable-Vape-Wholesale.jpg",12,12,false],"woocommerce_thumbnail":["https:\/\/vapestornado.com\/wp-content\/uploads\/2025\/03\/Aivono-Aim-Boom-25000-Best-Disposable-Vape-Wholesale-300x300.jpg",300,300,true],"woocommerce_single":["https:\/\/vapestornado.com\/wp-content\/uploads\/2025\/03\/Aivono-Aim-Boom-25000-Best-Disposable-Vape-Wholesale-600x600.jpg",600,600,true],"woocommerce_gallery_thumbnail":["https:\/\/vapestornado.com\/wp-content\/uploads\/2025\/03\/Aivono-Aim-Boom-25000-Best-Disposable-Vape-Wholesale-100x100.jpg",100,100,true]},"uagb_author_info":{"display_name":"ESAMY","author_link":"https:\/\/vapestornado.com\/sl\/author\/"},"uagb_comment_info":0,"uagb_excerpt":"The Aivono Aim Boom 25K Vape Pod offers 25,000 puffs, dual mesh coils, and a smart display. A top pick for wholesale bulk vape orders. Add Amy's whatsapp to get right reply and discount price! WhatsApp: +86 17776015835 &nbsp;","_links":{"self":[{"href":"https:\/\/vapestornado.com\/sl\/wp-json\/wp\/v2\/product\/4046","targetHints":{"allow":["GET"]}}],"collection":[{"href":"https:\/\/vapestornado.com\/sl\/wp-json\/wp\/v2\/product"}],"about":[{"href":"https:\/\/vapestornado.com\/sl\/wp-json\/wp\/v2\/types\/product"}],"replies":[{"embeddable":true,"href":"https:\/\/vapestornado.com\/sl\/wp-json\/wp\/v2\/comments?post=4046"}],"wp:featuredmedia":[{"embeddable":true,"href":"https:\/\/vapestornado.com\/sl\/wp-json\/wp\/v2\/media\/4030"}],"wp:attachment":[{"href":"https:\/\/vapestornado.com\/sl\/wp-json\/wp\/v2\/media?parent=4046"}],"wp:term":[{"taxonomy":"product_brand","embeddable":true,"href":"https:\/\/vapestornado.com\/sl\/wp-json\/wp\/v2\/product_brand?post=4046"},{"taxonomy":"product_cat","embeddable":true,"href":"https:\/\/vapestornado.com\/sl\/wp-json\/wp\/v2\/product_cat?post=4046"},{"taxonomy":"product_tag","embeddable":true,"href":"https:\/\/vapestornado.com\/sl\/wp-json\/wp\/v2\/product_tag?post=4046"}],"curies":[{"name":"wp","href":"https:\/\/api.w.org\/{rel}","templated":true}]}}