{"id":4043,"date":"2025-03-29T08:48:24","date_gmt":"2025-03-29T08:48:24","guid":{"rendered":"https:\/\/vapestornado.com\/?post_type=product&#038;p=4043"},"modified":"2025-08-23T12:28:58","modified_gmt":"2025-08-23T12:28:58","slug":"bang-32000-puff-vape-box-mod-with-digital-screen-cheap-pricedisposable-vape-kit-best-price-copy","status":"publish","type":"product","link":"https:\/\/vapestornado.com\/sl\/product\/bang-32000-puff-vape-box-mod-with-digital-screen-cheap-pricedisposable-vape-kit-best-price-copy\/","title":{"rendered":"Bang 32000 Vpihov Vape Box Mod z digitalnim zaslonom po ugodni ceni"},"content":{"rendered":"<h1 data-pm-slice=\"1 1 []\">Bang 32000 Vpihov Vape Box Mod z digitalnim zaslonom po ugodni ceni<\/h1>\n<p class=\"\" data-start=\"673\" data-end=\"1205\">The <strong data-start=\"88\" data-end=\"124\">Bang 32000 Puffs Enkratni Vape<\/strong> na novo definira izku\u0161njo vapinga s svojo ogromno zmogljivostjo vdihov, pametnim digitalnim zaslonom in prilagodljivimi nastavitvami. Zasnovana za prilo\u017enostne in izku\u0161ene uporabnike vape, ta naprava ponuja izjemno kombinacijo zmogljivosti, dolgo\u017eivosti in udobja.<\/p>\n<p data-start=\"673\" data-end=\"1205\"><strong>Zakaj je Bang 32000 postal priljubljen vape z digitalnim zaslonom?<\/strong><\/p>\n<p class=\"\" data-start=\"405\" data-end=\"607\"><strong data-start=\"407\" data-end=\"437\">Izbirne stopnje nikotina<\/strong> \u2013 Izberite med 0 %, 2 %, 3 % ali 5 % vsebnostjo nikotina, da ustreza va\u0161im \u017eeljam. Ne glede na to, ali u\u017eivate v vapingu brez nikotina ali mo\u010dnej\u0161em udarcu, ta naprava ustreza va\u0161im potrebam.<\/p>\n<p class=\"\" data-start=\"609\" data-end=\"755\"><strong data-start=\"611\" data-end=\"635\">32.000 Puff Zmogljivost<\/strong> \u2013 Prelomnica na trgu vape za enkratno uporabo, ki zagotavlja dolgotrajno uporabo brez potrebe po pogostih zamenjavah.<\/p>\n<p class=\"\" data-start=\"757\" data-end=\"883\"><strong data-start=\"759\" data-end=\"787\">Velik 32-ml rezervoar za e-teko\u010dino<\/strong> \u2013 Omogo\u010da dalj\u0161e seje vapinga z bogatimi, drznimi okusi, kar zmanj\u0161uje potrebo po polnjenju.<\/p>\n<p class=\"\" data-start=\"885\" data-end=\"1019\"><strong data-start=\"887\" data-end=\"919\">Napredna 0,5 \u03a9 Dvojna mre\u017easta tuljava<\/strong> \u2013 Izbolj\u0161a proizvodnjo pare in konsistenco okusa, kar zagotavlja gladko in zadovoljivo izku\u0161njo.<\/p>\n<p class=\"\" data-start=\"1021\" data-end=\"1143\"><strong data-start=\"1023\" data-end=\"1047\">Pametni digitalni zaslon<\/strong> \u2013 Bodite obve\u0161\u010deni o stanju baterije in ravni e-teko\u010dine v realnem \u010dasu, kar odpravlja ugibanja.<\/p>\n<p class=\"\" data-start=\"1145\" data-end=\"1285\"><strong data-start=\"1147\" data-end=\"1204\">650mAh polnilna baterija s hitrim polnjenjem Type-C<\/strong> \u2013 Zagotavlja celodnevno vaping z mo\u017enostjo hitrega polnjenja za dodatno udobje.<\/p>\n<p class=\"\" data-start=\"1287\" data-end=\"1418\"><strong data-start=\"1289\" data-end=\"1318\">Nastavljive nastavitve mo\u010di<\/strong> \u2013 Prilagodite svojo izku\u0161njo vapinga s spremenljivo izhodno mo\u010djo, ki vam omogo\u010da nadzor nad vsakim vdihom.<\/p>\n<p data-start=\"666\" data-end=\"1235\"><strong style=\"font-size: 16px;\"><span style=\"color: #ff0000;\">Dodajte Amy na WhatsApp za pravilen odgovor in ceno s popustom!<\/span><\/strong><\/p>\n<p><img fetchpriority=\"high\" decoding=\"async\" class=\"size-full wp-image-2932\" src=\"https:\/\/vapestornado.com\/wp-content\/uploads\/2024\/12\/Vape-Wholesale.jpg\" alt=\"Vape Veleprodaja\" width=\"229\" height=\"300\" \/><\/p>\n<h3><a href=\"https:\/\/wa.me\/8617776015835\" target=\"_blank\" rel=\"noopener\"><span style=\"color: #ff0000;\"><strong>WhatsApp: +386 17776015835<\/strong><\/span><\/a><\/h3>\n<p>&nbsp;<\/p>\n<h2><strong>Bang 32000 Puffs Klju\u010dne zna\u010dilnosti izdelka<\/strong><\/h2>\n<p>Blagovna znamka: Bang Vape<br \/>\nVdihljaji: 32000 vdihljajev<br \/>\nE-teko\u010dina: 32 ml<br \/>\nBaterija: 650mAh polnilna baterija<br \/>\nNastavljiva mo\u010d<br \/>\nDigitalni zaslon za olje in baterijo<\/p>\n<h2 class=\"product-title\"><strong>Bang 32000 32k Puff Seznam okusov za enkratno uporabo<\/strong><\/h2>\n<article class=\"w-full text-token-text-primary focus-visible:outline-2 focus-visible:outline-offset-[-4px]\" dir=\"auto\" data-testid=\"conversation-turn-32\" data-scroll-anchor=\"false\">\n<div class=\"m-auto text-base py-[18px] px-6\">\n<div class=\"mx-auto flex flex-1 text-base gap-4 md:gap-5 lg:gap-6 md:max-w-3xl lg:max-w-[40rem] xl:max-w-[48rem]\">\n<div class=\"group\/conversation-turn relative flex w-full min-w-0 flex-col @xs\/thread:px-0 @sm\/thread:px-1.5 @md\/thread:px-4\">\n<div class=\"flex-col gap-1 md:gap-3\">\n<div class=\"flex max-w-full flex-col flex-grow\">\n<div class=\"min-h-8 text-message flex w-full flex-col items-end gap-2 whitespace-normal break-words text-start [.text-message+&amp;]:mt-5\" dir=\"auto\" data-message-author-role=\"user\" data-message-id=\"ffac41ca-1db4-431b-873a-32c4052956f1\">\n<div class=\"flex w-full flex-col gap-1 empty:hidden items-end rtl:items-start\">\n<div class=\"relative max-w-[var(--user-chat-width,70%)] rounded-3xl bg-token-message-surface px-5 py-2.5\">\n<div class=\"absolute bottom-0 right-full top-0 -mr-3.5 hidden pr-5 pt-2 [.group\/conversation-turn:hover_&amp;]:flex\">\n<div class=\"flex\">\n<article class=\"w-full text-token-text-primary focus-visible:outline-2 focus-visible:outline-offset-[-4px]\" dir=\"auto\" data-testid=\"conversation-turn-39\" data-scroll-anchor=\"true\">\n<div class=\"m-auto text-base py-[18px] px-6\">\n<div class=\"mx-auto flex flex-1 text-base gap-4 md:gap-5 lg:gap-6 md:max-w-3xl lg:max-w-[40rem] xl:max-w-[48rem]\">\n<div class=\"group\/conversation-turn relative flex w-full min-w-0 flex-col agent-turn @xs\/thread:px-0 @sm\/thread:px-1.5 @md\/thread:px-4\">\n<div class=\"flex-col gap-1 md:gap-3\">\n<div class=\"flex max-w-full flex-col flex-grow\">\n<div class=\"min-h-8 text-message flex w-full flex-col items-end gap-2 whitespace-normal break-words text-start [.text-message+&amp;]:mt-5\" dir=\"auto\" data-message-author-role=\"assistant\" data-message-id=\"55a23854-ec57-48dd-bd4f-6118f43d6241\" data-message-model-slug=\"gpt-4o\">\n<div class=\"flex w-full flex-col gap-1 empty:hidden first:pt-[3px]\">\n<div class=\"markdown prose w-full break-words dark:prose-invert light\">\n<p>1. Borovnica Malina<br \/>\n2.Lubeni\u010dna \u010de\u0161nja<br \/>\n3.Borovnica led<br \/>\n4.Lubenica Led<br \/>\n5.Jagoda lubenica<br \/>\n6. Jagoda Kivi<br \/>\n7.Red Bull<br \/>\n8.Lubenica \u017eve\u010dilni gumi<br \/>\n9.Grozdje led<br \/>\n10.Breskev mango<br \/>\n11.Breskev led<br \/>\n12.Me\u0161ano sadje<\/p>\n<figure id=\"attachment_4042\" aria-describedby=\"caption-attachment-4042\" style=\"width: 800px\" class=\"wp-caption alignnone\"><img decoding=\"async\" class=\"wp-image-4042 size-full\" src=\"https:\/\/vapestornado.com\/wp-content\/uploads\/2025\/03\/Bang-King-32000-Puffs-Disposable-Vape.webp\" alt=\"Bang King 32000 Puffs Elektronska cigareta za enkratno uporabo\" width=\"800\" height=\"800\" srcset=\"https:\/\/vapestornado.com\/wp-content\/uploads\/2025\/03\/Bang-King-32000-Puffs-Disposable-Vape.webp 800w, https:\/\/vapestornado.com\/wp-content\/uploads\/2025\/03\/Bang-King-32000-Puffs-Disposable-Vape-300x300.webp 300w, https:\/\/vapestornado.com\/wp-content\/uploads\/2025\/03\/Bang-King-32000-Puffs-Disposable-Vape-150x150.webp 150w, https:\/\/vapestornado.com\/wp-content\/uploads\/2025\/03\/Bang-King-32000-Puffs-Disposable-Vape-768x768.webp 768w, https:\/\/vapestornado.com\/wp-content\/uploads\/2025\/03\/Bang-King-32000-Puffs-Disposable-Vape-600x600.webp 600w, https:\/\/vapestornado.com\/wp-content\/uploads\/2025\/03\/Bang-King-32000-Puffs-Disposable-Vape-100x100.webp 100w\" sizes=\"(max-width: 800px) 100vw, 800px\" \/><figcaption id=\"caption-attachment-4042\" class=\"wp-caption-text\">Bang King 32000 Puffs Elektronska cigareta za enkratno uporabo<\/figcaption><\/figure>\n<\/div>\n<\/div>\n<\/div>\n<\/div>\n<\/div>\n<\/div>\n<\/div>\n<\/div>\n<\/article>\n<\/div>\n<\/div>\n<\/div>\n<\/div>\n<\/div>\n<\/div>\n<\/div>\n<\/div>\n<\/div>\n<\/div>\n<\/article>\n<h2>Zakaj izbrati Vapestornado za nakup Bang 32k Puff?<\/h2>\n<div class=\"flex-shrink-0 flex flex-col relative items-end\">\n<div class=\"pt-0\">\n<div class=\"gizmo-bot-avatar flex h-8 w-8 items-center justify-center overflow-hidden rounded-full\">\n<div class=\"relative p-1 rounded-sm flex items-center justify-center bg-token-main-surface-primary text-token-text-primary h-8 w-8\">\n<p>At\u00a0<strong>VapeTornado<\/strong>, ponosni smo na zagotavljanje\u00a0<strong>vrhunskih izdelkov za vaping po neprekosljivih cenah<\/strong>\u2014in Bang Vape 32000 puffs ni izjema! Tukaj je razlog, zakaj bi morali kupiti pri nas:<\/p>\n<p><strong>Najbolj\u0161e veleprodajne cene<\/strong>\u00a0\u2013 Ponujamo\u00a0<strong>konkuren\u010dne cene za velike koli\u010dine<\/strong><span style=\"font-size: 16px;\">, zaradi \u010desar smo najbolj\u0161a izbira za preprodajalce in trgovine z vape izdelki.<\/span><\/p>\n<p><strong>Hitro<\/strong>\u00a0\u2013 Zagotovite si dostavo naro\u010dila\u00a0<strong>hitro in varno<\/strong>, z mo\u017enostmi po\u0161iljanja po vsem svetu.<br \/>\n<strong>100-odstotno pristni izdelki<\/strong>\u00a0\u2013 Brez ponaredkov\u2014samo\u00a0<strong>originalni WASPE Triple izdelki za enkratno uporabo<\/strong>\u00a0z preverjeno kakovostjo.<br \/>\n<strong>Odli\u010dna podpora strankam<\/strong>\u00a0\u2013 Imate vpra\u0161anja? Na\u0161i\u00a0<strong>strokovnjaki za vape<\/strong> so vam pripravljeni pomagati 24 ur na dan, 7 dni v tednu.<\/p>\n<p data-start=\"559\" data-end=\"933\" data-is-last-node=\"\" data-is-only-node=\"\">Imamo tudi nekaj drugih priljubljenih vape izdelkov z zaslonom, kot so <a href=\"https:\/\/vapestornado.com\/sl\/product\/mesii-couple-50k-disposable-shisha-hookah-50000-puffs-vape-with-digital-display\/\">Mesii par 50000<\/a>, <a href=\"https:\/\/vapestornado.com\/sl\/product\/vopk-cool-9000-puffs-disposable-vapes-bar-puff-9k\/\">VOPK 9000 Puff Vape za enkratno uporabo<\/a>, <a href=\"https:\/\/vapestornado.com\/sl\/product\/bang-beach-22000-20k-puff-disposable-vape-pen-with-screen-reddit-hot\/\">Bang Pla\u017ea 22000<\/a>, in \u0161e ve\u010d.<\/p>\n<\/div>\n<div class=\"relative p-1 rounded-sm flex items-center justify-center bg-token-main-surface-primary text-token-text-primary h-8 w-8\">\n<h2>Pogosta vpra\u0161anja<\/h2>\n<p class=\"\" data-start=\"1758\" data-end=\"1922\"><strong data-start=\"1758\" data-end=\"1821\">1. Kako dolgo zdr\u017ei Bang 32000 Puffs Disposable Vape?<\/strong><br data-start=\"1821\" data-end=\"1824\" \/>Naprava zdr\u017ei do 32.000 vpihov, kar se lahko razlikuje glede na pogostost uporabe in nastavitve mo\u010di.<\/p>\n<p class=\"\" data-start=\"1924\" data-end=\"2076\"><strong data-start=\"1924\" data-end=\"1972\">2. Ali lahko napolnim Bang 32000 Puffs Vape?<\/strong><br data-start=\"1972\" data-end=\"1975\" \/>Da, opremljen je s 650 mAh baterijo za ponovno polnjenje in podpira hitro polnjenje Type-C za udobje.<\/p>\n<p class=\"\" data-start=\"2078\" data-end=\"2250\"><strong data-start=\"2078\" data-end=\"2132\">3. Kako preverim nivo baterije in e-teko\u010dine?<\/strong><br data-start=\"2132\" data-end=\"2135\" \/>Pametni digitalni zaslon v realnem \u010dasu prikazuje \u017eivljenjsko dobo baterije in nivoje olja, kar zagotavlja, da ste vedno obve\u0161\u010deni.<\/p>\n<p class=\"\" data-start=\"2252\" data-end=\"2387\"><strong data-start=\"2252\" data-end=\"2292\">4. Ali je raven nikotina nastavljiva?<\/strong><br data-start=\"2292\" data-end=\"2295\" \/>Da, izbirate lahko med 0%, 2%, 3% ali 5% ravnjo nikotina, da bo ustrezala va\u0161im \u017eeljam glede vejpanja.<\/p>\n<\/div>\n<\/div>\n<\/div>\n<\/div>","protected":false},"excerpt":{"rendered":"<p class=\"LC20lb MBeuO DKV0Md\">Bang 32000 Puff Enkratni Vape Box Okusi na razprodaji<br \/>\nKoliko stanejo veleprodaja Bang 32000 Puff Vape Box Mod<br \/>\nBang 32000 Puff Box Mod Najbolj\u0161a veleprodaja vape v Sloveniji<\/p>\n<p><strong>Dodajte Amyin WhatsApp, da dobite pravi odgovor in ceno s popustom!<\/strong><\/p>\n<p><img fetchpriority=\"high\" decoding=\"async\" class=\"size-full wp-image-2932\" src=\"https:\/\/vapestornado.com\/wp-content\/uploads\/2024\/12\/Vape-Wholesale.jpg\" alt=\"Vape Veleprodaja\" width=\"229\" height=\"300\" \/><\/p>\n<h3><a href=\"https:\/\/wa.me\/8617776015835\"><span style=\"color: #ff0000;\"><strong>WhatsApp: +386 17776015835<\/strong><\/span><\/a><\/h3>\n<p>&nbsp;<\/p>","protected":false},"featured_media":4038,"comment_status":"open","ping_status":"closed","template":"","meta":{"_acf_changed":false,"_uag_custom_page_level_css":"","_lmt_disableupdate":"no","_lmt_disable":"","_monsterinsights_skip_tracking":false,"_monsterinsights_sitenote_active":false,"_monsterinsights_sitenote_note":"","_monsterinsights_sitenote_category":0,"site-sidebar-layout":"default","site-content-layout":"","ast-site-content-layout":"default","site-content-style":"default","site-sidebar-style":"default","ast-global-header-display":"","ast-banner-title-visibility":"","ast-main-header-display":"","ast-hfb-above-header-display":"","ast-hfb-below-header-display":"","ast-hfb-mobile-header-display":"","site-post-title":"","ast-breadcrumbs-content":"","ast-featured-img":"","footer-sml-layout":"","ast-disable-related-posts":"","theme-transparent-header-meta":"default","adv-header-id-meta":"","stick-header-meta":"","header-above-stick-meta":"","header-main-stick-meta":"","header-below-stick-meta":"","astra-migrate-meta-layouts":"set","ast-page-background-enabled":"default","ast-page-background-meta":{"desktop":{"background-color":"","background-image":"","background-repeat":"repeat","background-position":"center center","background-size":"auto","background-attachment":"scroll","background-type":"","background-media":"","overlay-type":"","overlay-color":"","overlay-opacity":"","overlay-gradient":""},"tablet":{"background-color":"","background-image":"","background-repeat":"repeat","background-position":"center center","background-size":"auto","background-attachment":"scroll","background-type":"","background-media":"","overlay-type":"","overlay-color":"","overlay-opacity":"","overlay-gradient":""},"mobile":{"background-color":"","background-image":"","background-repeat":"repeat","background-position":"center center","background-size":"auto","background-attachment":"scroll","background-type":"","background-media":"","overlay-type":"","overlay-color":"","overlay-opacity":"","overlay-gradient":""}},"ast-content-background-meta":{"desktop":{"background-color":"var(--ast-global-color-5)","background-image":"","background-repeat":"repeat","background-position":"center center","background-size":"auto","background-attachment":"scroll","background-type":"","background-media":"","overlay-type":"","overlay-color":"","overlay-opacity":"","overlay-gradient":""},"tablet":{"background-color":"var(--ast-global-color-5)","background-image":"","background-repeat":"repeat","background-position":"center center","background-size":"auto","background-attachment":"scroll","background-type":"","background-media":"","overlay-type":"","overlay-color":"","overlay-opacity":"","overlay-gradient":""},"mobile":{"background-color":"var(--ast-global-color-5)","background-image":"","background-repeat":"repeat","background-position":"center center","background-size":"auto","background-attachment":"scroll","background-type":"","background-media":"","overlay-type":"","overlay-color":"","overlay-opacity":"","overlay-gradient":""}},"_joinchat":{"telephone":"17776015835"}},"product_brand":[],"product_cat":[262,62,154,156,144],"product_tag":[303,304,105,94,302],"class_list":{"0":"post-4043","1":"product","2":"type-product","3":"status-publish","4":"has-post-thumbnail","6":"product_cat-32000-puff","7":"product_cat-bang-vape","8":"product_cat-buy-disposable-vapes-in-netherlands","9":"product_cat-buy-disposable-vapes-in-poland","10":"product_cat-low-nicotine-disposable-vapes","11":"product_tag-bang-32000","12":"product_tag-bang-32k","13":"product_tag-digital-disposable-vape","14":"product_tag-rechargeable-disposable-vape","15":"product_tag-vape-box-mod","16":"desktop-align-left","17":"tablet-align-left","18":"mobile-align-left","20":"first","21":"instock","22":"sale","23":"shipping-taxable","24":"purchasable","25":"product-type-simple"},"acf":[],"uagb_featured_image_src":{"full":["https:\/\/vapestornado.com\/wp-content\/uploads\/2025\/03\/Bang-32k-Puff-Smart-Screen-Display-Vape-Wholesale.webp",800,800,false],"thumbnail":["https:\/\/vapestornado.com\/wp-content\/uploads\/2025\/03\/Bang-32k-Puff-Smart-Screen-Display-Vape-Wholesale-150x150.webp",150,150,true],"medium":["https:\/\/vapestornado.com\/wp-content\/uploads\/2025\/03\/Bang-32k-Puff-Smart-Screen-Display-Vape-Wholesale-300x300.webp",300,300,true],"medium_large":["https:\/\/vapestornado.com\/wp-content\/uploads\/2025\/03\/Bang-32k-Puff-Smart-Screen-Display-Vape-Wholesale-768x768.webp",768,768,true],"large":["https:\/\/vapestornado.com\/wp-content\/uploads\/2025\/03\/Bang-32k-Puff-Smart-Screen-Display-Vape-Wholesale.webp",800,800,false],"1536x1536":["https:\/\/vapestornado.com\/wp-content\/uploads\/2025\/03\/Bang-32k-Puff-Smart-Screen-Display-Vape-Wholesale.webp",800,800,false],"2048x2048":["https:\/\/vapestornado.com\/wp-content\/uploads\/2025\/03\/Bang-32k-Puff-Smart-Screen-Display-Vape-Wholesale.webp",800,800,false],"trp-custom-language-flag":["https:\/\/vapestornado.com\/wp-content\/uploads\/2025\/03\/Bang-32k-Puff-Smart-Screen-Display-Vape-Wholesale.webp",12,12,false],"woocommerce_thumbnail":["https:\/\/vapestornado.com\/wp-content\/uploads\/2025\/03\/Bang-32k-Puff-Smart-Screen-Display-Vape-Wholesale-300x300.webp",300,300,true],"woocommerce_single":["https:\/\/vapestornado.com\/wp-content\/uploads\/2025\/03\/Bang-32k-Puff-Smart-Screen-Display-Vape-Wholesale-600x600.webp",600,600,true],"woocommerce_gallery_thumbnail":["https:\/\/vapestornado.com\/wp-content\/uploads\/2025\/03\/Bang-32k-Puff-Smart-Screen-Display-Vape-Wholesale-100x100.webp",100,100,true]},"uagb_author_info":{"display_name":"ESAMY","author_link":"https:\/\/vapestornado.com\/sl\/author\/"},"uagb_comment_info":0,"uagb_excerpt":"Bang 32000 Puff\u00a0 Disposable Vape Box Flavors on Sale How Much Bang 32000 Puff Vape Box Mod Wholesale Bang 32000 Puff\u00a0 Box Mod Best Vape Wholesale in Netherlands Add Amy's whatsapp to get right reply and discount price! WhatsApp: +86 17776015835 &nbsp;","_links":{"self":[{"href":"https:\/\/vapestornado.com\/sl\/wp-json\/wp\/v2\/product\/4043","targetHints":{"allow":["GET"]}}],"collection":[{"href":"https:\/\/vapestornado.com\/sl\/wp-json\/wp\/v2\/product"}],"about":[{"href":"https:\/\/vapestornado.com\/sl\/wp-json\/wp\/v2\/types\/product"}],"replies":[{"embeddable":true,"href":"https:\/\/vapestornado.com\/sl\/wp-json\/wp\/v2\/comments?post=4043"}],"wp:featuredmedia":[{"embeddable":true,"href":"https:\/\/vapestornado.com\/sl\/wp-json\/wp\/v2\/media\/4038"}],"wp:attachment":[{"href":"https:\/\/vapestornado.com\/sl\/wp-json\/wp\/v2\/media?parent=4043"}],"wp:term":[{"taxonomy":"product_brand","embeddable":true,"href":"https:\/\/vapestornado.com\/sl\/wp-json\/wp\/v2\/product_brand?post=4043"},{"taxonomy":"product_cat","embeddable":true,"href":"https:\/\/vapestornado.com\/sl\/wp-json\/wp\/v2\/product_cat?post=4043"},{"taxonomy":"product_tag","embeddable":true,"href":"https:\/\/vapestornado.com\/sl\/wp-json\/wp\/v2\/product_tag?post=4043"}],"curies":[{"name":"wp","href":"https:\/\/api.w.org\/{rel}","templated":true}]}}