{"id":4013,"date":"2025-03-27T09:03:34","date_gmt":"2025-03-27T09:03:34","guid":{"rendered":"https:\/\/vapestornado.com\/?post_type=product&#038;p=4013"},"modified":"2025-12-16T09:46:56","modified_gmt":"2025-12-16T09:46:56","slug":"waspe-aiviou-3-in-1-60000-puffs-disposable-vape-kit-best-price","status":"publish","type":"product","link":"https:\/\/vapestornado.com\/sl\/product\/waspe-aiviou-3-in-1-60000-puffs-disposable-vape-kit-best-price\/","title":{"rendered":"Waspe Aiviou 3 v 1 60000 Vpihov Komplet Vape za Enkratno Uporabo Najbolj\u0161a Cena"},"content":{"rendered":"<h1 data-pm-slice=\"1 1 []\">Waspe 60000 vdihov enkratni vape komplet 3 menjave okusa + 54ml E-juice<\/h1>\n<p data-start=\"1232\" data-end=\"1466\">The <strong data-start=\"99\" data-end=\"134\">Waspe Aiviou 3 v 1 60000 vdihov<\/strong> je zasnovan za mo\u0161ke, ki no\u010dejo nositi dve ali tri naprave, da bi se izognili monotoniji okusa. Dobite <strong data-start=\"236\" data-end=\"279\">tri vnaprej napolnjene 18ml vlo\u017eke (skupno 54ml)<\/strong> v eni napravi, <strong data-start=\"295\" data-end=\"320\">trojni preklop okusa<\/strong>in <strong data-start=\"326\" data-end=\"356\">zmogljivost mre\u017ene tuljave 0,9\u03a9<\/strong> ki ostaja gladka tudi pri intenzivni uporabi. Dodajte <strong data-start=\"410\" data-end=\"425\">LED zaslon<\/strong> in <strong data-start=\"430\" data-end=\"468\">polnilno baterijo Type-C s 650 mAh<\/strong>, in postane dolgoro\u010dna nastavitev, ki jo lahko dejansko upravljate vsak dan\u2014brez ugibanja, brez zapravljanja teko\u010dine.<\/p>\n<h3 data-start=\"772\" data-end=\"823\">Zakaj se Waspe 60000 vdihov izstopa med enkratnimi napravami z visoko kapaciteto?<\/h3>\n<ul data-start=\"825\" data-end=\"2411\">\n<li data-start=\"825\" data-end=\"1147\">\n<p data-start=\"827\" data-end=\"1147\"><strong data-start=\"827\" data-end=\"866\">3 okusi brez no\u0161enja dodatkov.<\/strong> Ta <strong data-start=\"872\" data-end=\"900\">Enkratni vape z 3 okusi<\/strong> uporablja pravi <strong data-start=\"913\" data-end=\"940\">sistem preklopa 3 v 1<\/strong>, tako da lahko preklapljate med profili, ko se va\u0161 okus spremeni. Za mnoge uporabnike je to razlika med dokon\u010danjem naprave z visoko kapaciteto in opustitvijo v polovi\u010di, ker enega okusa postane preve\u010d.<\/p>\n<\/li>\n<li data-start=\"1149\" data-end=\"1502\">\n<p data-start=\"1151\" data-end=\"1502\"><strong data-start=\"1151\" data-end=\"1199\">Prava vzdr\u017eljivost, podprta z resni\u010dnim volumnom teko\u010dine.<\/strong> <strong data-start=\"1200\" data-end=\"1221\">Waspe 60000 vdihov<\/strong> ni le velik \u0161tevilka na \u0161katli\u2014<strong data-start=\"1257\" data-end=\"1274\">54ml (3\u00d718ml)<\/strong> je zasnovan za dolgoro\u010dno uporabo. Zato se dobro prodaja na trgih z visoko obrabo, kot so <strong data-start=\"1361\" data-end=\"1416\">Slovenija, Nem\u010dija, \u0160panija, Francija in Nizozemska<\/strong>, zlasti za kupce, ki \u017eelijo manj zamenjav in bolj predvidljive stro\u0161ke na dan.<\/p>\n<\/li>\n<li data-start=\"1504\" data-end=\"1775\">\n<p data-start=\"1506\" data-end=\"1775\"><strong data-start=\"1506\" data-end=\"1551\">Stabilnost mre\u017enih tuljav skozi dolge seje.<\/strong> S <strong data-start=\"1557\" data-end=\"1581\">0,9\u03a9 mre\u017ene tuljave (\u00d73)<\/strong>, para ostaja gladka in okus ostaja jasen globlje v podih. To je pomembno za te\u017eke uporabnike, ki dimijo v nizu\u2014ogrevanje z mre\u017eo zmanj\u0161uje ostri, suhi rob, ki ga lahko razvijejo cenej\u0161e tuljave skozi \u010das.<\/p>\n<\/li>\n<li data-start=\"1777\" data-end=\"2070\">\n<p data-start=\"1779\" data-end=\"2070\"><strong data-start=\"1779\" data-end=\"1816\">LED zaslon vas dr\u017ei pod nadzorom.<\/strong> Pametni zaslon prikazuje stanje baterije in e-teko\u010dine, tako da veste, ali je pripravljeno za dolgo delovno obdobje ali morate najprej napolniti. To je vrsta prakti\u010dnega detajla, ki ga ljudje pri\u010dakujejo od naprav, ki tekmujejo v <strong data-start=\"2027\" data-end=\"2055\">Razvrstitev elektronskih cigaret 2025<\/strong> pogovorih.<\/p>\n<\/li>\n<li data-start=\"2072\" data-end=\"2411\">\n<p data-start=\"2074\" data-end=\"2411\"><strong data-start=\"2074\" data-end=\"2129\">Ponovno polnljiva priro\u010dnost, ki presega impulzivno nakupovanje.<\/strong> \u010ce va\u0161a rutina vklju\u010duje \u201c<strong data-start=\"2156\" data-end=\"2174\">Kupi cigarete<\/strong>\u201d ustavitve ali zadnje minute zamenjave, vam zasnova z USB-C omogo\u010da prekinitev tega cikla. Za mnoge kupce, ki <strong data-start=\"2287\" data-end=\"2310\">Kupi vapor v Sloveniji<\/strong>, je vrednost preprosta: ena naprava zdr\u017ei dlje, vi pa jo napolnite namesto da jo vsakih nekaj dni zamenjate.<\/p>\n<\/li>\n<\/ul>\n<p data-start=\"666\" data-end=\"1235\"><strong style=\"font-size: 16px;\"><span style=\"color: #ff0000;\">Dodajte Amy na WhatsApp za pravilen odgovor in ceno s popustom!<\/span><\/strong><\/p>\n<p><img fetchpriority=\"high\" decoding=\"async\" class=\"size-full wp-image-2932\" src=\"https:\/\/vapestornado.com\/wp-content\/uploads\/2024\/12\/Vape-Wholesale.jpg\" alt=\"Vape Veleprodaja\" width=\"229\" height=\"300\" \/><\/p>\n<h3><a href=\"https:\/\/wa.me\/8617776015835\" target=\"_blank\" rel=\"noopener\"><span style=\"color: #ff0000;\"><strong>WhatsApp: +386 17776015835<\/strong><\/span><\/a><\/h3>\n<p>&nbsp;<\/p>\n<h2><strong>Waspe Aiviou 3 v 1 60000 vdihov - Klju\u010dne lastnosti izdelka<\/strong><\/h2>\n<table>\n<thead>\n<tr>\n<th>Zna\u010dilnosti<\/th>\n<th>specifikacije<\/th>\n<th>kako deluje<\/th>\n<\/tr>\n<\/thead>\n<tbody>\n<tr>\n<td>Ime izdelka<\/td>\n<td>Waspe Aiviou 3 v 1 60000 vdihov<\/td>\n<td>Trojni pod set za enkratno uporabo z mo\u017enostjo menjave okusa.<\/td>\n<\/tr>\n<tr>\n<td>Zmogljivost vdihovanja<\/td>\n<td>Do 60.000 vdihov<\/td>\n<td>Visoka zmogljivost izhoda, zasnovana za zmanj\u0161anje pogostosti zamenjav.<\/td>\n<\/tr>\n<tr>\n<td>Sistem okusa<\/td>\n<td>3-v-1 Trojni preklop okusa<\/td>\n<td>Omogo\u010da takoj\u0161njo spremembo okusov brez menjave naprav.<\/td>\n<\/tr>\n<tr>\n<td>Prostornina e-teko\u010dine<\/td>\n<td>Skupno 54 ml (3\u00d718 ml vlo\u017ekov)<\/td>\n<td>Velika zaloga teko\u010dine podpira dolgo \u017eivljenjsko dobo in dalj\u0161e seje.<\/td>\n<\/tr>\n<tr>\n<td>Sistem tuljave<\/td>\n<td>0,9\u03a9 mre\u017easta tuljava \u00d73<\/td>\n<td>Enakomerno segrevanje izbolj\u0161uje gladkost in pomaga ohranjati okus dosledno.<\/td>\n<\/tr>\n<tr>\n<td>Baterija<\/td>\n<td>650 mAh mo\u017enost ponovnega polnjenja<\/td>\n<td>Polnjenje prepre\u010duje zgodnjo zavr\u017eitev, preden se teko\u010dina izprazni.<\/td>\n<\/tr>\n<tr>\n<td>Polnjenje<\/td>\n<td>hitro polnjenje Type-C<\/td>\n<td>Hitra dopolnjevanja z modernimi kabli, ki se pogosto uporabljajo v Evropi.<\/td>\n<\/tr>\n<tr>\n<td>Zaslon<\/td>\n<td>LED indikator baterije in e-teko\u010dine<\/td>\n<td>Jasno prikazuje stanje, da se izogne presene\u010denjem med vsakodnevno uporabo.<\/td>\n<\/tr>\n<tr>\n<td>Mo\u017enosti nikotina<\/td>\n<td>0% \/ 2% \/ 5%<\/td>\n<td>Brez nikotina, z nizkim ali mo\u010dnej\u0161im grlenim udarcem glede na \u017eeljo.<\/td>\n<\/tr>\n<\/tbody>\n<\/table>\n<h2 class=\"product-title\"><strong>WASPE 60K 60000 vdihov - Seznam okusov<\/strong><\/h2>\n<article class=\"w-full text-token-text-primary focus-visible:outline-2 focus-visible:outline-offset-[-4px]\" dir=\"auto\" data-testid=\"conversation-turn-32\" data-scroll-anchor=\"false\">\n<div class=\"m-auto text-base py-[18px] px-6\">\n<div class=\"mx-auto flex flex-1 text-base gap-4 md:gap-5 lg:gap-6 md:max-w-3xl lg:max-w-[40rem] xl:max-w-[48rem]\">\n<div class=\"group\/conversation-turn relative flex w-full min-w-0 flex-col @xs\/thread:px-0 @sm\/thread:px-1.5 @md\/thread:px-4\">\n<div class=\"flex-col gap-1 md:gap-3\">\n<div class=\"flex max-w-full flex-col flex-grow\">\n<div class=\"min-h-8 text-message flex w-full flex-col items-end gap-2 whitespace-normal break-words text-start [.text-message+&amp;]:mt-5\" dir=\"auto\" data-message-author-role=\"user\" data-message-id=\"ffac41ca-1db4-431b-873a-32c4052956f1\">\n<div class=\"flex w-full flex-col gap-1 empty:hidden items-end rtl:items-start\">\n<div class=\"relative max-w-[var(--user-chat-width,70%)] rounded-3xl bg-token-message-surface px-5 py-2.5\">\n<div class=\"absolute bottom-0 right-full top-0 -mr-3.5 hidden pr-5 pt-2 [.group\/conversation-turn:hover_&amp;]:flex\">\n<div class=\"flex\">\n<article class=\"w-full text-token-text-primary focus-visible:outline-2 focus-visible:outline-offset-[-4px]\" dir=\"auto\" data-testid=\"conversation-turn-39\" data-scroll-anchor=\"true\">\n<div class=\"m-auto text-base py-[18px] px-6\">\n<div class=\"mx-auto flex flex-1 text-base gap-4 md:gap-5 lg:gap-6 md:max-w-3xl lg:max-w-[40rem] xl:max-w-[48rem]\">\n<div class=\"group\/conversation-turn relative flex w-full min-w-0 flex-col agent-turn @xs\/thread:px-0 @sm\/thread:px-1.5 @md\/thread:px-4\">\n<div class=\"flex-col gap-1 md:gap-3\">\n<div class=\"flex max-w-full flex-col flex-grow\">\n<div class=\"min-h-8 text-message flex w-full flex-col items-end gap-2 whitespace-normal break-words text-start [.text-message+&amp;]:mt-5\" dir=\"auto\" data-message-author-role=\"assistant\" data-message-id=\"55a23854-ec57-48dd-bd4f-6118f43d6241\" data-message-model-slug=\"gpt-4o\">\n<div class=\"flex w-full flex-col gap-1 empty:hidden first:pt-[3px]\">\n<div class=\"markdown prose w-full break-words dark:prose-invert light\">\n<p>1. Lubenica Led<br \/>\n2. Jagoda Lubenica<br \/>\n3. Borovnica Led<br \/>\n4. Jagoda Malina \u010ce\u0161nja<br \/>\n5. Breskev Led<br \/>\n6. Red Bull Led<br \/>\n7. Me\u0161ano Jagodi\u010devje<br \/>\n8. Trojni Melon Led<br \/>\n9. Grozdje Led<br \/>\n10. Jagoda Banana<br \/>\n11. \u010ce\u0161nja Cola Led<br \/>\n12. Borovnica Malina<\/p>\n<figure id=\"attachment_4688\" aria-describedby=\"caption-attachment-4688\" style=\"width: 225px\" class=\"wp-caption alignnone\"><img decoding=\"async\" class=\"size-medium wp-image-4688\" src=\"https:\/\/vapestornado.com\/wp-content\/uploads\/2025\/12\/WASPE-60000-PUFF-3-IN-1-Diposable-Vape-All-Flaovr-225x300.jpg\" alt=\"Waspe Aiviou 3 v 1 60000 vdihov Disposable Vape Vse Okuse\" width=\"225\" height=\"300\" srcset=\"https:\/\/vapestornado.com\/wp-content\/uploads\/2025\/12\/WASPE-60000-PUFF-3-IN-1-Diposable-Vape-All-Flaovr-225x300.jpg 225w, https:\/\/vapestornado.com\/wp-content\/uploads\/2025\/12\/WASPE-60000-PUFF-3-IN-1-Diposable-Vape-All-Flaovr-768x1024.jpg 768w, https:\/\/vapestornado.com\/wp-content\/uploads\/2025\/12\/WASPE-60000-PUFF-3-IN-1-Diposable-Vape-All-Flaovr-1152x1536.jpg 1152w, https:\/\/vapestornado.com\/wp-content\/uploads\/2025\/12\/WASPE-60000-PUFF-3-IN-1-Diposable-Vape-All-Flaovr-9x12.jpg 9w, https:\/\/vapestornado.com\/wp-content\/uploads\/2025\/12\/WASPE-60000-PUFF-3-IN-1-Diposable-Vape-All-Flaovr-600x800.jpg 600w, https:\/\/vapestornado.com\/wp-content\/uploads\/2025\/12\/WASPE-60000-PUFF-3-IN-1-Diposable-Vape-All-Flaovr.jpg 1280w\" sizes=\"(max-width: 225px) 100vw, 225px\" \/><figcaption id=\"caption-attachment-4688\" class=\"wp-caption-text\">Waspe Aiviou 3 v 1 60000 vdihov Disposable Vape Vse Okuse<\/figcaption><\/figure>\n<\/div>\n<\/div>\n<\/div>\n<\/div>\n<\/div>\n<\/div>\n<\/div>\n<\/div>\n<\/article>\n<\/div>\n<\/div>\n<\/div>\n<\/div>\n<\/div>\n<\/div>\n<\/div>\n<\/div>\n<\/div>\n<\/div>\n<\/article>\n<h2>Zakaj izbrati Vapestornado za nakup Waspe 60k Puff?<\/h2>\n<div class=\"flex-shrink-0 flex flex-col relative items-end\">\n<div class=\"pt-0\">\n<div class=\"gizmo-bot-avatar flex h-8 w-8 items-center justify-center overflow-hidden rounded-full\">\n<div class=\"relative p-1 rounded-sm flex items-center justify-center bg-token-main-surface-primary text-token-text-primary h-8 w-8\">\n<p>At\u00a0<strong>VapeTornado<\/strong>, ponosni smo na zagotavljanje\u00a0<strong>vrhunskih izdelkov za vaping po neprekosljivih cenah<\/strong>\u2014in Waspe Aiviou 3 v 1 60000 vpihov ni izjema! Tukaj je razlog, zakaj bi morali kupiti pri nas:<\/p>\n<p><strong>Najbolj\u0161e veleprodajne cene<\/strong>\u00a0\u2013 Ponujamo\u00a0<strong>konkuren\u010dne cene za velike koli\u010dine<\/strong><span style=\"font-size: 16px;\">, zaradi \u010desar smo najbolj\u0161a izbira za preprodajalce in trgovine z vape izdelki.<\/span><\/p>\n<p><strong>Hitro<\/strong>\u00a0\u2013 Zagotovite si dostavo naro\u010dila\u00a0<strong>hitro in varno<\/strong>, z mo\u017enostmi po\u0161iljanja po vsem svetu.<br \/>\n<strong>100-odstotno pristni izdelki<\/strong>\u00a0\u2013 Brez ponaredkov\u2014samo\u00a0<strong>originalni WASPE Triple izdelki za enkratno uporabo<\/strong>\u00a0z preverjeno kakovostjo.<br \/>\n<strong>Odli\u010dna podpora strankam<\/strong>\u00a0\u2013 Imate vpra\u0161anja? Na\u0161i\u00a0<strong>strokovnjaki za vape<\/strong> so vam pripravljeni pomagati 24 ur na dan, 7 dni v tednu.<\/p>\n<p><strong>Ne \u010dakajte - naro\u010dite svoj Waspe Aiviou 3 v 1 60000 vpihov pri VapeTornado danes in izkusite vrhunsko zadovoljstvo z vejpanjem!<\/strong><\/p>\n<p data-start=\"559\" data-end=\"933\" data-is-last-node=\"\" data-is-only-node=\"\">Imamo tudi nekaj drugih priljubljenih vape izdelkov z zaslonom, kot so <a href=\"https:\/\/vapestornado.com\/sl\/product\/mesii-couple-50k-disposable-shisha-hookah-50000-puffs-vape-with-digital-display\/\">Mesii par 50000<\/a>, <a href=\"https:\/\/vapestornado.com\/sl\/product\/vopk-cool-9000-puffs-disposable-vapes-bar-puff-9k\/\">VOPK 9000 Puff Vape za enkratno uporabo<\/a>, <a href=\"https:\/\/vapestornado.com\/sl\/product\/bang-beach-22000-20k-puff-disposable-vape-pen-with-screen-reddit-hot\/\">Bang Pla\u017ea 22000<\/a>, in \u0161e ve\u010d.<\/p>\n<\/div>\n<div class=\"relative p-1 rounded-sm flex items-center justify-center bg-token-main-surface-primary text-token-text-primary h-8 w-8\">\n<h2>Pogosta vpra\u0161anja<\/h2>\n<ol data-start=\"3497\" data-end=\"4811\">\n<li data-start=\"3497\" data-end=\"3746\">\n<p data-start=\"3500\" data-end=\"3746\"><strong data-start=\"3500\" data-end=\"3596\">Kako deluje trojni preklop okusa pri Waspe Aiviou 3 v 1 60000 vdihov med vsakodnevnim vapiranjem?<\/strong><br data-start=\"3596\" data-end=\"3599\" \/>Zasnovan je za hitro menjavo okusa znotraj ene naprave, tako da lahko brez no\u0161enja ve\u010d naprav ali menjave strojne opreme spremenite okus na zahtevo.<\/p>\n<\/li>\n<li data-start=\"3748\" data-end=\"4006\">\n<p data-start=\"3751\" data-end=\"4006\"><strong data-start=\"3751\" data-end=\"3847\">Ali res trajajo dlje kot standardne enkratne naprave 54 ml (3\u00d718 ml)?<\/strong><br data-start=\"3847\" data-end=\"3850\" \/>Da\u2014skupna kapaciteta 54 ml e-teko\u010dine je glavni razlog, da trajajo dlje. Dejanska \u017eivljenjska doba je odvisna od dol\u017eine in pogostosti vle\u010denja, vendar je kapaciteta zasnovana za dalj\u0161o uporabo.<\/p>\n<\/li>\n<li data-start=\"4008\" data-end=\"4250\">\n<p data-start=\"4011\" data-end=\"4250\"><strong data-start=\"4011\" data-end=\"4109\">Kako vplivajo 0,9\u03a9 mre\u017ene tuljave v enkratni napravi z 3 okusi na gladkost pare skozi \u010das?<\/strong><br data-start=\"4109\" data-end=\"4112\" \/>Mre\u017ene tuljave se enakomerno segrevajo v primerjavi z osnovnimi \u017ei\u010dnatimi tuljavami, kar pomaga ohranjati pare bolj gladke in zmanj\u0161uje ostrost med intenzivnimi, ponavljajo\u010dimi se sejami.<\/p>\n<\/li>\n<li data-start=\"4252\" data-end=\"4531\">\n<p data-start=\"4255\" data-end=\"4531\"><strong data-start=\"4255\" data-end=\"4371\">Je Waspe Aiviou 3 v 1 60K pametna izbira za kupce, ki primerjajo e-cigaretne razvrstitve leta 2025, kot so 'najbolj\u0161e naprave'?<\/strong><br data-start=\"4371\" data-end=\"4374\" \/>Tekmuje na podro\u010dju prakti\u010dnih funkcij, ki so pomembne: ve\u010dokusi, velika skupna koli\u010dina teko\u010dine, polnjenje z energijo in LED prikaz stanja za nadzor.<\/p>\n<\/li>\n<li data-start=\"4533\" data-end=\"4811\">\n<p data-start=\"4536\" data-end=\"4811\"><strong data-start=\"4536\" data-end=\"4636\">Zakaj kupci na debelo za enkratne vape v Sloveniji radi izbirajo Waspe Aiviou 3 v 1 60000 vdihov za maloprodajo v Sloveniji?<\/strong><br data-start=\"4636\" data-end=\"4639\" \/>Enostavno za prodajo: jasne glavne specifikacije (60K vdihov, 3 okusi, 54ml, polnjenje), \u0161iroke mo\u017enosti nikotina in mo\u010dna ponovna povpra\u0161evanja uporabnikov, ki \u017eelijo naprave z dolgo \u017eivljenjsko dobo.<\/p>\n<\/li>\n<\/ol>\n<\/div>\n<\/div>\n<\/div>\n<\/div>","protected":false},"excerpt":{"rendered":"<p class=\"LC20lb MBeuO DKV0Md\">Waspe Aiviou 3 v 1 60000 vdihov enkratne vape komplet z 3 menjavami okusa, 54ml (3\u00d718ml) vlo\u017eki, 0,9\u03a9 mre\u017ene tuljave, LED zaslon in Type-C polnljiva baterija 650mAh. Zgrajen za dolgo uporabo, priljubljen med kupci na veleprodaji enkratnih vape naprav in strankami, ki kupujejo vapor v Sloveniji namesto cigaret.<\/p>\n<p><img fetchpriority=\"high\" decoding=\"async\" class=\"size-full wp-image-2932\" src=\"https:\/\/vapestornado.com\/wp-content\/uploads\/2024\/12\/Vape-Wholesale.jpg\" alt=\"Vape Veleprodaja\" width=\"229\" height=\"300\" \/><\/p>\n<h3><a href=\"https:\/\/wa.me\/8617776015835\"><span style=\"color: #ff0000;\"><strong>WhatsApp: +386 17776015835<\/strong><\/span><\/a><\/h3>\n<p>&nbsp;<\/p>","protected":false},"featured_media":4011,"comment_status":"open","ping_status":"closed","template":"","meta":{"_acf_changed":false,"_uag_custom_page_level_css":"","_lmt_disableupdate":"no","_lmt_disable":"","_monsterinsights_skip_tracking":false,"_monsterinsights_sitenote_active":false,"_monsterinsights_sitenote_note":"","_monsterinsights_sitenote_category":0,"site-sidebar-layout":"default","site-content-layout":"","ast-site-content-layout":"default","site-content-style":"default","site-sidebar-style":"default","ast-global-header-display":"","ast-banner-title-visibility":"","ast-main-header-display":"","ast-hfb-above-header-display":"","ast-hfb-below-header-display":"","ast-hfb-mobile-header-display":"","site-post-title":"","ast-breadcrumbs-content":"","ast-featured-img":"","footer-sml-layout":"","ast-disable-related-posts":"","theme-transparent-header-meta":"default","adv-header-id-meta":"","stick-header-meta":"","header-above-stick-meta":"","header-main-stick-meta":"","header-below-stick-meta":"","astra-migrate-meta-layouts":"set","ast-page-background-enabled":"default","ast-page-background-meta":{"desktop":{"background-color":"","background-image":"","background-repeat":"repeat","background-position":"center center","background-size":"auto","background-attachment":"scroll","background-type":"","background-media":"","overlay-type":"","overlay-color":"","overlay-opacity":"","overlay-gradient":""},"tablet":{"background-color":"","background-image":"","background-repeat":"repeat","background-position":"center center","background-size":"auto","background-attachment":"scroll","background-type":"","background-media":"","overlay-type":"","overlay-color":"","overlay-opacity":"","overlay-gradient":""},"mobile":{"background-color":"","background-image":"","background-repeat":"repeat","background-position":"center center","background-size":"auto","background-attachment":"scroll","background-type":"","background-media":"","overlay-type":"","overlay-color":"","overlay-opacity":"","overlay-gradient":""}},"ast-content-background-meta":{"desktop":{"background-color":"var(--ast-global-color-5)","background-image":"","background-repeat":"repeat","background-position":"center center","background-size":"auto","background-attachment":"scroll","background-type":"","background-media":"","overlay-type":"","overlay-color":"","overlay-opacity":"","overlay-gradient":""},"tablet":{"background-color":"var(--ast-global-color-5)","background-image":"","background-repeat":"repeat","background-position":"center center","background-size":"auto","background-attachment":"scroll","background-type":"","background-media":"","overlay-type":"","overlay-color":"","overlay-opacity":"","overlay-gradient":""},"mobile":{"background-color":"var(--ast-global-color-5)","background-image":"","background-repeat":"repeat","background-position":"center center","background-size":"auto","background-attachment":"scroll","background-type":"","background-media":"","overlay-type":"","overlay-color":"","overlay-opacity":"","overlay-gradient":""}},"_joinchat":{"telephone":"17776015835"}},"product_brand":[],"product_cat":[156,142,144,61,60],"product_tag":[105,94,301,299,300],"class_list":{"0":"post-4013","1":"product","2":"type-product","3":"status-publish","4":"has-post-thumbnail","6":"product_cat-buy-disposable-vapes-in-poland","7":"product_cat-digital-box-disposable-vapes","8":"product_cat-low-nicotine-disposable-vapes","9":"product_cat-vapme-shisha","10":"product_cat-waspe-fihp-vape","11":"product_tag-digital-disposable-vape","12":"product_tag-rechargeable-disposable-vape","13":"product_tag-vapor-wholesale","14":"product_tag-waspe-60k-puff","15":"product_tag-waspe-aiviou-3-in-1-60000","16":"desktop-align-left","17":"tablet-align-left","18":"mobile-align-left","20":"first","21":"instock","22":"sale","23":"shipping-taxable","24":"purchasable","25":"product-type-simple"},"acf":[],"uagb_featured_image_src":{"full":["https:\/\/vapestornado.com\/wp-content\/uploads\/2025\/03\/Waspe-Aiviou-3-in1-60k-60000-Puffs-Disposable-Vaper.webp",800,800,false],"thumbnail":["https:\/\/vapestornado.com\/wp-content\/uploads\/2025\/03\/Waspe-Aiviou-3-in1-60k-60000-Puffs-Disposable-Vaper-150x150.webp",150,150,true],"medium":["https:\/\/vapestornado.com\/wp-content\/uploads\/2025\/03\/Waspe-Aiviou-3-in1-60k-60000-Puffs-Disposable-Vaper-300x300.webp",300,300,true],"medium_large":["https:\/\/vapestornado.com\/wp-content\/uploads\/2025\/03\/Waspe-Aiviou-3-in1-60k-60000-Puffs-Disposable-Vaper-768x768.webp",768,768,true],"large":["https:\/\/vapestornado.com\/wp-content\/uploads\/2025\/03\/Waspe-Aiviou-3-in1-60k-60000-Puffs-Disposable-Vaper.webp",800,800,false],"1536x1536":["https:\/\/vapestornado.com\/wp-content\/uploads\/2025\/03\/Waspe-Aiviou-3-in1-60k-60000-Puffs-Disposable-Vaper.webp",800,800,false],"2048x2048":["https:\/\/vapestornado.com\/wp-content\/uploads\/2025\/03\/Waspe-Aiviou-3-in1-60k-60000-Puffs-Disposable-Vaper.webp",800,800,false],"trp-custom-language-flag":["https:\/\/vapestornado.com\/wp-content\/uploads\/2025\/03\/Waspe-Aiviou-3-in1-60k-60000-Puffs-Disposable-Vaper.webp",12,12,false],"woocommerce_thumbnail":["https:\/\/vapestornado.com\/wp-content\/uploads\/2025\/03\/Waspe-Aiviou-3-in1-60k-60000-Puffs-Disposable-Vaper-300x300.webp",300,300,true],"woocommerce_single":["https:\/\/vapestornado.com\/wp-content\/uploads\/2025\/03\/Waspe-Aiviou-3-in1-60k-60000-Puffs-Disposable-Vaper-600x600.webp",600,600,true],"woocommerce_gallery_thumbnail":["https:\/\/vapestornado.com\/wp-content\/uploads\/2025\/03\/Waspe-Aiviou-3-in1-60k-60000-Puffs-Disposable-Vaper-100x100.webp",100,100,true]},"uagb_author_info":{"display_name":"ESAMY","author_link":"https:\/\/vapestornado.com\/sl\/author\/"},"uagb_comment_info":1,"uagb_excerpt":"Waspe Aiviou 3 in 1 60000 Puffs disposable vape kit with 3 flavour switching, 54ml (3\u00d718ml) pods, 0.9\u03a9 mesh coils, LED display, and Type-C rechargeable 650mAh battery. Built for long use, popular with disposable vape wholesaler buyers and customers who Buy vapor in Poland instead of Buy cigarettes. WhatsApp: +86 17776015835 &nbsp;","_links":{"self":[{"href":"https:\/\/vapestornado.com\/sl\/wp-json\/wp\/v2\/product\/4013","targetHints":{"allow":["GET"]}}],"collection":[{"href":"https:\/\/vapestornado.com\/sl\/wp-json\/wp\/v2\/product"}],"about":[{"href":"https:\/\/vapestornado.com\/sl\/wp-json\/wp\/v2\/types\/product"}],"replies":[{"embeddable":true,"href":"https:\/\/vapestornado.com\/sl\/wp-json\/wp\/v2\/comments?post=4013"}],"wp:featuredmedia":[{"embeddable":true,"href":"https:\/\/vapestornado.com\/sl\/wp-json\/wp\/v2\/media\/4011"}],"wp:attachment":[{"href":"https:\/\/vapestornado.com\/sl\/wp-json\/wp\/v2\/media?parent=4013"}],"wp:term":[{"taxonomy":"product_brand","embeddable":true,"href":"https:\/\/vapestornado.com\/sl\/wp-json\/wp\/v2\/product_brand?post=4013"},{"taxonomy":"product_cat","embeddable":true,"href":"https:\/\/vapestornado.com\/sl\/wp-json\/wp\/v2\/product_cat?post=4013"},{"taxonomy":"product_tag","embeddable":true,"href":"https:\/\/vapestornado.com\/sl\/wp-json\/wp\/v2\/product_tag?post=4013"}],"curies":[{"name":"wp","href":"https:\/\/api.w.org\/{rel}","templated":true}]}}