{"id":4007,"date":"2025-03-26T07:12:34","date_gmt":"2025-03-26T07:12:34","guid":{"rendered":"https:\/\/vapestornado.com\/?post_type=product&#038;p=4007"},"modified":"2025-12-08T09:42:38","modified_gmt":"2025-12-08T09:42:38","slug":"vapme-goat-40000-puff-40k-hookah-shisha-pen-price-wholesale-e-cigarette","status":"publish","type":"product","link":"https:\/\/vapestornado.com\/sl\/product\/vapme-goat-40000-puff-40k-hookah-shisha-pen-price-wholesale-e-cigarette\/","title":{"rendered":"Vapme Goat 40000 Vdihov 40k Hookah Shisha Pen Cena Veleprodaja E Cigareta"},"content":{"rendered":"<h2 data-pm-slice=\"1 1 []\">Vapme Goat 40000 Puf shisha hookah enkratna e-cigaretka z nastavljivim pretokom zraka na debelo EU<\/h2>\n<p data-start=\"181\" data-end=\"485\">The <strong data-start=\"110\" data-end=\"135\">Vapme Goat 40000 Puf<\/strong> je visokokapacitetna shisha-stil enkratna e-cigaretka, namenjena ljudem, ki pogosto vapajo in \u017eelijo napravo, ki ostaja dosledna skozi \u010das. Ponuja <strong data-start=\"273\" data-end=\"295\">do 40.000 pufov<\/strong> iz <strong data-start=\"303\" data-end=\"332\">30 ml vnaprej napolnjen rezervoar<\/strong>, poganja jo <strong data-start=\"346\" data-end=\"364\">0,4 \u03a9 mre\u017easta tuljava<\/strong> ki potiska gosto paro in poln okus brez ostrine. Ena <strong data-start=\"433\" data-end=\"490\">850mAh polnilna baterija s hitrim polnjenjem Type-C<\/strong> ohranja stabilno zmogljivost, medtem ko <strong data-start=\"523\" data-end=\"545\">nastavljivim pretokom zraka<\/strong> dovoljuje prilagajanje vle\u010denja od tesnega MTL do odprtega DTL. Dve nikotinski mo\u010di \u2014 <strong data-start=\"622\" data-end=\"635\">0% in 2%<\/strong> \u2014 omogo\u010data preprosto izbiro in so prijazne do EU.<\/p>\n<h3><strong>Zakaj vapoterji izbirajo Vapme Goat 40000 Pufov?<\/strong><\/h3>\n<ul>\n<li data-start=\"951\" data-end=\"1165\">\n<p data-start=\"953\" data-end=\"1165\"><strong data-start=\"953\" data-end=\"995\">Kapaciteta, podprta z dejansko koli\u010dino teko\u010dine.<\/strong> Ocena 40K je podprta z <strong data-start=\"1029\" data-end=\"1042\">30 ml rezervoar<\/strong>, ne s majhnim podom, ki obljublja \u010dude\u017ee. To zmanj\u0161uje te\u017eavo \u00bbdobro za en dan, potem prazno\u00ab, ki je pogosta pri manj\u0161ih enkratnih napravah.<\/p>\n<\/li>\n<li data-start=\"1167\" data-end=\"1391\">\n<p data-start=\"1169\" data-end=\"1391\"><strong data-start=\"1169\" data-end=\"1217\">Nizko upornost mre\u017ene tuljave za resno paro.<\/strong> The <strong data-start=\"1222\" data-end=\"1240\">0,4 \u03a9 mre\u017easta tuljava<\/strong> je nastavljena za bogatej\u0161i izhod in mo\u010dnej\u0161i okus. To je vrsta tuljave, ki jo uporabljajo blagovne znamke, kadar \u017eelijo shisha-zaobljeno, oblakom usmerjeno ob\u010dutje.<\/p>\n<\/li>\n<li data-start=\"1393\" data-end=\"1595\">\n<p data-start=\"1395\" data-end=\"1595\"><strong data-start=\"1395\" data-end=\"1445\">Polnjenje, da naprava ne preneha delovati prezgodaj.<\/strong> Z <strong data-start=\"1454\" data-end=\"1472\">850 mAh<\/strong> in <strong data-start=\"1477\" data-end=\"1501\">hitro polnjenje Type-C<\/strong>, lahko jo polnite po potrebi in porabite teko\u010dino, namesto da bi jo zavrgli zaradi nizke mo\u010di.<\/p>\n<\/li>\n<li data-start=\"1597\" data-end=\"1778\">\n<p data-start=\"1599\" data-end=\"1778\"><strong data-start=\"1599\" data-end=\"1635\">Pretok zraka, ki ustreza va\u0161emu slogu.<\/strong> Nastavljiv pretok zraka pomeni tesnej\u0161i, cigareti podoben poteg za MTL ali bolj odprt DTL poteg, ko \u017eelite ve\u010djega pare \u2014 en aparat, dve navadi.<\/p>\n<\/li>\n<li data-start=\"1780\" data-end=\"1973\">\n<p data-start=\"1782\" data-end=\"1973\"><strong data-start=\"1782\" data-end=\"1819\">Preproste mo\u017enosti nikotina.<\/strong> <strong data-start=\"1820\" data-end=\"1843\">0% za samo okus<\/strong> in <strong data-start=\"1848\" data-end=\"1879\">2% za rahlo dozo nikotina<\/strong> uskladite ta model z uporabniki, ki ne \u017eelijo mo\u010dne jakosti, a \u0161e vedno \u017eelijo zadovoljstvo.<\/p>\n<\/li>\n<\/ul>\n<p>Nadgradite svojo izku\u0161njo vapinga z\u00a0<strong>Vapme Goat 40000 Vpihi<\/strong>\u2014<strong>dolgotrajno, okusno in izjemno priro\u010dno<\/strong>. Popolno za\u00a0<strong>veleprodajne kupce in posamezne uporabnike<\/strong>\u00a0ki i\u0161\u010dejo\u00a0<strong>visokokakovosten vape za enkratno uporabo<\/strong>\u00a0po konkuren\u010dni ceni.<\/p>\n<p><strong>Kupite zdaj in u\u017eivajte v najgladkem in najbolj zadovoljivem vdihu!<\/strong><\/p>\n<p data-start=\"666\" data-end=\"1235\"><strong style=\"font-size: 16px;\"><span style=\"color: #ff0000;\">Dodajte Amy na WhatsApp za pravilen odgovor in ceno s popustom!<\/span><\/strong><\/p>\n<p><img fetchpriority=\"high\" decoding=\"async\" class=\"size-full wp-image-2932\" src=\"https:\/\/vapestornado.com\/wp-content\/uploads\/2024\/12\/Vape-Wholesale.jpg\" alt=\"Vape Veleprodaja\" width=\"229\" height=\"300\" \/><\/p>\n<h3><a href=\"https:\/\/wa.me\/8617776015835\" target=\"_blank\" rel=\"noopener\"><span style=\"color: #ff0000;\"><strong>WhatsApp: +386 17776015835<\/strong><\/span><\/a><\/h3>\n<p>&nbsp;<\/p>\n<h2><strong>Klju\u010dne zna\u010dilnosti izdelka Vapme Goat 40000 Vpihov<\/strong><\/h2>\n<table>\n<thead>\n<tr>\n<th>Zna\u010dilnosti<\/th>\n<th>Spec<\/th>\n<th>Podrobnosti<\/th>\n<\/tr>\n<\/thead>\n<tbody>\n<tr>\n<td>Vrsta izdelka<\/td>\n<td>Disposabilni vape za \u0161iso\/huko<\/td>\n<td>Ob\u010dutek usmerjen v oblak s gladkim potegom.<\/td>\n<\/tr>\n<tr>\n<td>Zmogljivost vdihovanja<\/td>\n<td>Do 40.000 potegov<\/td>\n<td>Visoka \u017eivljenjska doba za redne uporabnike; manj zamenjav.<\/td>\n<\/tr>\n<tr>\n<td>Prostornina E-teko\u010dine<\/td>\n<td>30 ml vnaprej napolnjen<\/td>\n<td>Velik rezervoar podpira dalj\u0161e seje.<\/td>\n<\/tr>\n<tr>\n<td>Tuljava<\/td>\n<td>0,4\u03a9 mre\u017easta tuljava<\/td>\n<td>Nizka odpornost za gost pare in mo\u010dan okus.<\/td>\n<\/tr>\n<tr>\n<td>Baterija<\/td>\n<td>850mAh polnljiva baterija<\/td>\n<td>Stabilen izhod mo\u010di; ponovno polnjenje za dokon\u010danje polnega rezervoarja.<\/td>\n<\/tr>\n<tr>\n<td>Polnjenje<\/td>\n<td>hitro polnjenje Type-C<\/td>\n<td>Kratki \u010das izpada, sodobna zdru\u017eljivost s kabli.<\/td>\n<\/tr>\n<tr>\n<td>Zra\u010dni tok<\/td>\n<td>Prilagodljivo<\/td>\n<td>Podpira tako MTL kot DTL na\u010dine potegov.<\/td>\n<\/tr>\n<tr>\n<td>Mo\u017enosti nikotina<\/td>\n<td>0% \/ 2% solni nikotin<\/td>\n<td>Samo okus ali rahlo zadovoljstvo z nikotinom.<\/td>\n<\/tr>\n<tr>\n<td>Okusi<\/td>\n<td>10 okusov<\/td>\n<td>Vklju\u010duje ve\u010d profilov jagod\/rde\u010dega sadja.<\/td>\n<\/tr>\n<\/tbody>\n<\/table>\n<figure id=\"attachment_4002\" aria-describedby=\"caption-attachment-4002\" style=\"width: 800px\" class=\"wp-caption alignnone\"><img decoding=\"async\" class=\"wp-image-4002 size-full\" src=\"https:\/\/vapestornado.com\/wp-content\/uploads\/2025\/03\/Original-Vapme-Goat-40000-Puffs-Hookah-Shisha-Pen.webp\" alt=\"Original Vapme Goat 40000 Vpihov Hookah Shisha Pisalo\" width=\"800\" height=\"800\" srcset=\"https:\/\/vapestornado.com\/wp-content\/uploads\/2025\/03\/Original-Vapme-Goat-40000-Puffs-Hookah-Shisha-Pen.webp 800w, https:\/\/vapestornado.com\/wp-content\/uploads\/2025\/03\/Original-Vapme-Goat-40000-Puffs-Hookah-Shisha-Pen-300x300.webp 300w, https:\/\/vapestornado.com\/wp-content\/uploads\/2025\/03\/Original-Vapme-Goat-40000-Puffs-Hookah-Shisha-Pen-150x150.webp 150w, https:\/\/vapestornado.com\/wp-content\/uploads\/2025\/03\/Original-Vapme-Goat-40000-Puffs-Hookah-Shisha-Pen-768x768.webp 768w, https:\/\/vapestornado.com\/wp-content\/uploads\/2025\/03\/Original-Vapme-Goat-40000-Puffs-Hookah-Shisha-Pen-600x600.webp 600w, https:\/\/vapestornado.com\/wp-content\/uploads\/2025\/03\/Original-Vapme-Goat-40000-Puffs-Hookah-Shisha-Pen-100x100.webp 100w\" sizes=\"(max-width: 800px) 100vw, 800px\" \/><figcaption id=\"caption-attachment-4002\" class=\"wp-caption-text\">Original Vapme Goat 40000 Vpihov Hookah Shisha Pisalo<\/figcaption><\/figure>\n<h2 class=\"product-title\"><strong>Seznam okusov za Vapme Goat 40000 Vpihov za enkratno uporabo<\/strong><\/h2>\n<article class=\"w-full text-token-text-primary focus-visible:outline-2 focus-visible:outline-offset-[-4px]\" dir=\"auto\" data-testid=\"conversation-turn-32\" data-scroll-anchor=\"false\">\n<div class=\"m-auto text-base py-[18px] px-6\">\n<div class=\"mx-auto flex flex-1 text-base gap-4 md:gap-5 lg:gap-6 md:max-w-3xl lg:max-w-[40rem] xl:max-w-[48rem]\">\n<div class=\"group\/conversation-turn relative flex w-full min-w-0 flex-col @xs\/thread:px-0 @sm\/thread:px-1.5 @md\/thread:px-4\">\n<div class=\"flex-col gap-1 md:gap-3\">\n<div class=\"flex max-w-full flex-col flex-grow\">\n<div class=\"min-h-8 text-message flex w-full flex-col items-end gap-2 whitespace-normal break-words text-start [.text-message+&amp;]:mt-5\" dir=\"auto\" data-message-author-role=\"user\" data-message-id=\"ffac41ca-1db4-431b-873a-32c4052956f1\">\n<div class=\"flex w-full flex-col gap-1 empty:hidden items-end rtl:items-start\">\n<div class=\"relative max-w-[var(--user-chat-width,70%)] rounded-3xl bg-token-message-surface px-5 py-2.5\">\n<div class=\"absolute bottom-0 right-full top-0 -mr-3.5 hidden pr-5 pt-2 [.group\/conversation-turn:hover_&amp;]:flex\">\n<div class=\"flex\">\n<article class=\"w-full text-token-text-primary focus-visible:outline-2 focus-visible:outline-offset-[-4px]\" dir=\"auto\" data-testid=\"conversation-turn-39\" data-scroll-anchor=\"true\">\n<div class=\"m-auto text-base py-[18px] px-6\">\n<div class=\"mx-auto flex flex-1 text-base gap-4 md:gap-5 lg:gap-6 md:max-w-3xl lg:max-w-[40rem] xl:max-w-[48rem]\">\n<div class=\"group\/conversation-turn relative flex w-full min-w-0 flex-col agent-turn @xs\/thread:px-0 @sm\/thread:px-1.5 @md\/thread:px-4\">\n<div class=\"flex-col gap-1 md:gap-3\">\n<div class=\"flex max-w-full flex-col flex-grow\">\n<div class=\"min-h-8 text-message flex w-full flex-col items-end gap-2 whitespace-normal break-words text-start [.text-message+&amp;]:mt-5\" dir=\"auto\" data-message-author-role=\"assistant\" data-message-id=\"55a23854-ec57-48dd-bd4f-6118f43d6241\" data-message-model-slug=\"gpt-4o\">\n<div class=\"flex w-full flex-col gap-1 empty:hidden first:pt-[3px]\">\n<div class=\"markdown prose w-full break-words dark:prose-invert light\">\n<p>1. Lubenica Led<br \/>\n2. Jagoda Lubenica<br \/>\n3. Borovnica Led<br \/>\n4. Jagoda Malina \u010ce\u0161nja<br \/>\n5. Breskev Led<br \/>\n6. Red Bull Led<br \/>\n7. Me\u0161ano Jagodi\u010devje<br \/>\n8. Trojni Melon Led<br \/>\n9. Grozdje Led<br \/>\n10. Jagoda Banana<br \/>\n11. \u010ce\u0161nja Cola Led<br \/>\n12. Borovnica Malina<\/p>\n<\/div>\n<\/div>\n<\/div>\n<\/div>\n<\/div>\n<\/div>\n<\/div>\n<\/div>\n<\/article>\n<\/div>\n<\/div>\n<\/div>\n<\/div>\n<\/div>\n<\/div>\n<\/div>\n<\/div>\n<\/div>\n<\/div>\n<\/article>\n<h2>Zakaj izbrati Vapestornado za nakup Vapme Goat 40k Vpihov?<\/h2>\n<div class=\"flex-shrink-0 flex flex-col relative items-end\">\n<div class=\"pt-0\">\n<div class=\"gizmo-bot-avatar flex h-8 w-8 items-center justify-center overflow-hidden rounded-full\">\n<div class=\"relative p-1 rounded-sm flex items-center justify-center bg-token-main-surface-primary text-token-text-primary h-8 w-8\">\n<p>At\u00a0<strong>VapeTornado<\/strong>, ponosni smo na zagotavljanje\u00a0<strong>vrhunskih izdelkov za vaping po neprekosljivih cenah<\/strong>\u2014in\u00a0<strong>Vapme Goat 40000 Vpihi<\/strong>\u00a0ni izjema! Tukaj je razlog, zakaj bi morali kupovati pri nas:<\/p>\n<p><strong>Najbolj\u0161e veleprodajne cene<\/strong>\u00a0\u2013 Ponujamo\u00a0<strong>konkuren\u010dni popusti za velike koli\u010dine<\/strong>, zaradi \u010desar smo najbolj\u0161a izbira za preprodajalce in trgovine z vape izdelki.<br \/>\n<strong>Hitro<\/strong>\u00a0\u2013 Zagotovite si dostavo naro\u010dila\u00a0<strong>hitro in varno<\/strong>, z mo\u017enostmi po\u0161iljanja po vsem svetu.<br \/>\n<strong>100-odstotno pristni izdelki<\/strong>\u00a0\u2013 Brez ponaredkov\u2014samo\u00a0<strong>originalni Vapme Goat za enkratno uporabo<\/strong>\u00a0z preverjeno kakovostjo.<br \/>\n<strong>Odli\u010dna podpora strankam<\/strong>\u00a0\u2013 Imate vpra\u0161anja? Na\u0161i\u00a0<strong>strokovnjaki za vape<\/strong> so vam pripravljeni pomagati 24 ur na dan, 7 dni v tednu.<\/p>\n<p><strong>Ne \u010dakajte \u2013 naro\u010dite svoj Vapme Goat 40000 Vpihov pri VapeTornado \u0161e danes in izkusite vrhunsko zadovoljstvo pri vejpanju!<\/strong>\u00a0\ud83d\ude80<\/p>\n<p data-start=\"559\" data-end=\"933\" data-is-last-node=\"\" data-is-only-node=\"\">Imamo tudi nekaj drugih priljubljenih vape izdelkov z zaslonom, kot so <a href=\"https:\/\/vapestornado.com\/sl\/product\/mesii-couple-50k-disposable-shisha-hookah-50000-puffs-vape-with-digital-display\/\">Mesii par 50000<\/a>, <a href=\"https:\/\/vapestornado.com\/sl\/product\/vopk-cool-9000-puffs-disposable-vapes-bar-puff-9k\/\">VOPK 9000 Puff Vape za enkratno uporabo<\/a>, <a href=\"https:\/\/vapestornado.com\/sl\/product\/bang-beach-22000-20k-puff-disposable-vape-pen-with-screen-reddit-hot\/\">Bang Pla\u017ea 22000<\/a>, in \u0161e ve\u010d.<\/p>\n<\/div>\n<div class=\"relative p-1 rounded-sm flex items-center justify-center bg-token-main-surface-primary text-token-text-primary h-8 w-8\">\n<h2>Pogosta vpra\u0161anja<\/h2>\n<ol data-start=\"3754\" data-end=\"4973\">\n<li data-start=\"3754\" data-end=\"4025\">\n<p data-start=\"3757\" data-end=\"4025\"><strong data-start=\"3757\" data-end=\"3869\">Kako se izhod pare pri Vapme Goat 40000 Puff 0.4\u03a9 mre\u017ena tuljava spremeni v primerjavi z vi\u0161je-omej\u0161animi disposables?<\/strong><br data-start=\"3869\" data-end=\"3872\" \/>A <strong data-start=\"3874\" data-end=\"3892\">0,4 \u03a9 mre\u017easta tuljava<\/strong> deluje z ni\u017ejo odpornostjo, zato potiska <strong data-start=\"3929\" data-end=\"3964\">gosteje obla\u010dnosti in toplej\u0161i poteg<\/strong>, bli\u017eje ob\u010dutku shishe kot lahkemu enkratnemu vleku za enkratno uporabo.<\/p>\n<\/li>\n<li data-start=\"4027\" data-end=\"4220\">\n<p data-start=\"4030\" data-end=\"4220\"><strong data-start=\"4030\" data-end=\"4111\">Ali podpira prilagodljiv pretok zraka Vapme Goat 40K pravilno tako za MTL kot DTL?<\/strong><br data-start=\"4111\" data-end=\"4114\" \/>Da. Zapiranje pretoka zraka zo\u017ei poteg za MTL; odpiranje pa omogo\u010di bolj svoboden poteg za DTL z ve\u010djo paro.<\/p>\n<\/li>\n<li data-start=\"4222\" data-end=\"4476\">\n<p data-start=\"4225\" data-end=\"4476\"><strong data-start=\"4225\" data-end=\"4323\">Ali lahko Vapme Goat 40000 Puff Type-C polnljiva enkratna naprava zdr\u017eijo celoten 30 ml rezervoar?<\/strong><br data-start=\"4323\" data-end=\"4326\" \/>Za to je namen ponovnega polnjenja. \u010ce se baterija izprazni prej kot teko\u010dina, <strong data-start=\"4401\" data-end=\"4423\">hiter polnjenje preko Type-C<\/strong> ohranja delovanje naprave, dokler rezervoar ni popolnoma izpraznjen.<\/p>\n<\/li>\n<li data-start=\"4478\" data-end=\"4721\">\n<p data-start=\"4481\" data-end=\"4721\"><strong data-start=\"4481\" data-end=\"4587\">Kak\u0161no zmogljivost okusa lahko pri\u010dakujemo od Vapme Goat 40.000-udarec shisha vape skozi dolgo uporabo?<\/strong><br data-start=\"4587\" data-end=\"4590\" \/>Grelnik iz mre\u017ee pomaga ohranjati okus <strong data-start=\"4622\" data-end=\"4645\">mo\u010dan in dosleden<\/strong> globlje v rezervoar, z manj poznih faz izginjanja kot standardne \u017ei\u010dne tuljave.<\/p>\n<\/li>\n<li data-start=\"4723\" data-end=\"4973\">\n<p data-start=\"4726\" data-end=\"4973\"><strong data-start=\"4726\" data-end=\"4835\">Ali je Vapme Goat 40000 Puff 2% nikotinska enkratna naprava primerna za redne uporabnike v Sloveniji, ki \u017eelijo la\u017eji udarec?<\/strong><br data-start=\"4835\" data-end=\"4838\" \/>2% je nastavljen za <strong data-start=\"4852\" data-end=\"4883\">lahko do zmerno dnevno uporabo<\/strong>, da ohrani ob\u010dutek brez preve\u010d mo\u010dnega u\u010dinka; 0% pa pokriva \u017eeljo po breznikotinski razli\u010dici.<\/p>\n<\/li>\n<\/ol>\n<\/div>\n<\/div>\n<\/div>\n<\/div>","protected":false},"excerpt":{"rendered":"<p class=\"LC20lb MBeuO DKV0Md\">Vapme Goat 40000 Puf shisha-stil enkratna e-cigaretka za enkratno uporabo s 30 ml vnaprej napolnjenega e-tekila, 0,4\u03a9 mre\u017eno tuljavo, nastavljivim pretokom zraka in 850mAh polnilno baterijo Type-C. Do 40.000 potegov, 0% ali 2% nikotina, 10 okusov za dolge, goste in gladke seje.<\/p>\n<p><strong>Dodajte Amyin WhatsApp, da dobite pravi odgovor in ceno s popustom!<\/strong><\/p>\n<p><img fetchpriority=\"high\" decoding=\"async\" class=\"size-full wp-image-2932\" src=\"https:\/\/vapestornado.com\/wp-content\/uploads\/2024\/12\/Vape-Wholesale.jpg\" alt=\"Vape Veleprodaja\" width=\"229\" height=\"300\" \/><\/p>\n<h3><a href=\"https:\/\/wa.me\/8617776015835\"><span style=\"color: #ff0000;\"><strong>WhatsApp: +386 17776015835<\/strong><\/span><\/a><\/h3>\n<p>&nbsp;<\/p>","protected":false},"featured_media":4001,"comment_status":"open","ping_status":"closed","template":"","meta":{"_acf_changed":false,"_uag_custom_page_level_css":"","_lmt_disableupdate":"no","_lmt_disable":"","_monsterinsights_skip_tracking":false,"_monsterinsights_sitenote_active":false,"_monsterinsights_sitenote_note":"","_monsterinsights_sitenote_category":0,"site-sidebar-layout":"default","site-content-layout":"","ast-site-content-layout":"default","site-content-style":"default","site-sidebar-style":"default","ast-global-header-display":"","ast-banner-title-visibility":"","ast-main-header-display":"","ast-hfb-above-header-display":"","ast-hfb-below-header-display":"","ast-hfb-mobile-header-display":"","site-post-title":"","ast-breadcrumbs-content":"","ast-featured-img":"","footer-sml-layout":"","ast-disable-related-posts":"","theme-transparent-header-meta":"default","adv-header-id-meta":"","stick-header-meta":"","header-above-stick-meta":"","header-main-stick-meta":"","header-below-stick-meta":"","astra-migrate-meta-layouts":"set","ast-page-background-enabled":"default","ast-page-background-meta":{"desktop":{"background-color":"","background-image":"","background-repeat":"repeat","background-position":"center center","background-size":"auto","background-attachment":"scroll","background-type":"","background-media":"","overlay-type":"","overlay-color":"","overlay-opacity":"","overlay-gradient":""},"tablet":{"background-color":"","background-image":"","background-repeat":"repeat","background-position":"center center","background-size":"auto","background-attachment":"scroll","background-type":"","background-media":"","overlay-type":"","overlay-color":"","overlay-opacity":"","overlay-gradient":""},"mobile":{"background-color":"","background-image":"","background-repeat":"repeat","background-position":"center center","background-size":"auto","background-attachment":"scroll","background-type":"","background-media":"","overlay-type":"","overlay-color":"","overlay-opacity":"","overlay-gradient":""}},"ast-content-background-meta":{"desktop":{"background-color":"var(--ast-global-color-5)","background-image":"","background-repeat":"repeat","background-position":"center center","background-size":"auto","background-attachment":"scroll","background-type":"","background-media":"","overlay-type":"","overlay-color":"","overlay-opacity":"","overlay-gradient":""},"tablet":{"background-color":"var(--ast-global-color-5)","background-image":"","background-repeat":"repeat","background-position":"center center","background-size":"auto","background-attachment":"scroll","background-type":"","background-media":"","overlay-type":"","overlay-color":"","overlay-opacity":"","overlay-gradient":""},"mobile":{"background-color":"var(--ast-global-color-5)","background-image":"","background-repeat":"repeat","background-position":"center center","background-size":"auto","background-attachment":"scroll","background-type":"","background-media":"","overlay-type":"","overlay-color":"","overlay-opacity":"","overlay-gradient":""}},"_joinchat":{"telephone":"17776015835"}},"product_brand":[],"product_cat":[65,158,146,147,61],"product_tag":[165,291,294,94,298],"class_list":{"0":"post-4007","1":"product","2":"type-product","3":"status-publish","4":"has-post-thumbnail","6":"product_cat-40000-puff","7":"product_cat-buy-disposable-vapes-in-spain","8":"product_cat-rechargeable-disposable-vapes","9":"product_cat-shisha-hookah-disposable-vapes","10":"product_cat-vapme-shisha","11":"product_tag-cheap-vapes","12":"product_tag-disposable-shisha-hookah","13":"product_tag-puff-40k","14":"product_tag-rechargeable-disposable-vape","15":"product_tag-vapme-goat-40000","16":"desktop-align-left","17":"tablet-align-left","18":"mobile-align-left","20":"first","21":"instock","22":"sale","23":"shipping-taxable","24":"purchasable","25":"product-type-simple"},"acf":[],"uagb_featured_image_src":{"full":["https:\/\/vapestornado.com\/wp-content\/uploads\/2025\/03\/Hot-Vapme-40000-Puffs-Disposables-Price-Wholesale.webp",800,800,false],"thumbnail":["https:\/\/vapestornado.com\/wp-content\/uploads\/2025\/03\/Hot-Vapme-40000-Puffs-Disposables-Price-Wholesale-150x150.webp",150,150,true],"medium":["https:\/\/vapestornado.com\/wp-content\/uploads\/2025\/03\/Hot-Vapme-40000-Puffs-Disposables-Price-Wholesale-300x300.webp",300,300,true],"medium_large":["https:\/\/vapestornado.com\/wp-content\/uploads\/2025\/03\/Hot-Vapme-40000-Puffs-Disposables-Price-Wholesale-768x768.webp",768,768,true],"large":["https:\/\/vapestornado.com\/wp-content\/uploads\/2025\/03\/Hot-Vapme-40000-Puffs-Disposables-Price-Wholesale.webp",800,800,false],"1536x1536":["https:\/\/vapestornado.com\/wp-content\/uploads\/2025\/03\/Hot-Vapme-40000-Puffs-Disposables-Price-Wholesale.webp",800,800,false],"2048x2048":["https:\/\/vapestornado.com\/wp-content\/uploads\/2025\/03\/Hot-Vapme-40000-Puffs-Disposables-Price-Wholesale.webp",800,800,false],"trp-custom-language-flag":["https:\/\/vapestornado.com\/wp-content\/uploads\/2025\/03\/Hot-Vapme-40000-Puffs-Disposables-Price-Wholesale.webp",12,12,false],"woocommerce_thumbnail":["https:\/\/vapestornado.com\/wp-content\/uploads\/2025\/03\/Hot-Vapme-40000-Puffs-Disposables-Price-Wholesale-300x300.webp",300,300,true],"woocommerce_single":["https:\/\/vapestornado.com\/wp-content\/uploads\/2025\/03\/Hot-Vapme-40000-Puffs-Disposables-Price-Wholesale-600x600.webp",600,600,true],"woocommerce_gallery_thumbnail":["https:\/\/vapestornado.com\/wp-content\/uploads\/2025\/03\/Hot-Vapme-40000-Puffs-Disposables-Price-Wholesale-100x100.webp",100,100,true]},"uagb_author_info":{"display_name":"ESAMY","author_link":"https:\/\/vapestornado.com\/sl\/author\/"},"uagb_comment_info":0,"uagb_excerpt":"Vapme Goat 40000 Puff shisha-style disposable vape with 30ml pre-filled e-liquid, 0.4\u03a9 mesh coil, adjustable airflow, and 850mAh Type-C rechargeable battery. Up to 40,000 puffs, 0% or 2% nicotine, 10 flavours for long, dense, smooth sessions. Add Amy's whatsapp to get right reply and discount price! WhatsApp: +86 17776015835 &nbsp;","_links":{"self":[{"href":"https:\/\/vapestornado.com\/sl\/wp-json\/wp\/v2\/product\/4007","targetHints":{"allow":["GET"]}}],"collection":[{"href":"https:\/\/vapestornado.com\/sl\/wp-json\/wp\/v2\/product"}],"about":[{"href":"https:\/\/vapestornado.com\/sl\/wp-json\/wp\/v2\/types\/product"}],"replies":[{"embeddable":true,"href":"https:\/\/vapestornado.com\/sl\/wp-json\/wp\/v2\/comments?post=4007"}],"wp:featuredmedia":[{"embeddable":true,"href":"https:\/\/vapestornado.com\/sl\/wp-json\/wp\/v2\/media\/4001"}],"wp:attachment":[{"href":"https:\/\/vapestornado.com\/sl\/wp-json\/wp\/v2\/media?parent=4007"}],"wp:term":[{"taxonomy":"product_brand","embeddable":true,"href":"https:\/\/vapestornado.com\/sl\/wp-json\/wp\/v2\/product_brand?post=4007"},{"taxonomy":"product_cat","embeddable":true,"href":"https:\/\/vapestornado.com\/sl\/wp-json\/wp\/v2\/product_cat?post=4007"},{"taxonomy":"product_tag","embeddable":true,"href":"https:\/\/vapestornado.com\/sl\/wp-json\/wp\/v2\/product_tag?post=4007"}],"curies":[{"name":"wp","href":"https:\/\/api.w.org\/{rel}","templated":true}]}}