{"id":3999,"date":"2025-03-25T07:33:36","date_gmt":"2025-03-25T07:33:36","guid":{"rendered":"https:\/\/vapestornado.com\/?post_type=product&#038;p=3999"},"modified":"2025-12-11T07:26:08","modified_gmt":"2025-12-11T07:26:08","slug":"wholesale-bang-beach-38000-puff-38k-vape-disposable-vaporizer-e-cig-at-cheap-prices","status":"publish","type":"product","link":"https:\/\/vapestornado.com\/sl\/product\/wholesale-bang-beach-38000-puff-38k-vape-disposable-vaporizer-e-cig-at-cheap-prices\/","title":{"rendered":"Veleprodaja Bang Beach 38000 Vpihov 38k Vape za enkratno uporabo Vaporizer E Cig po ugodnih cenah"},"content":{"rendered":"<h1 data-pm-slice=\"1 1 []\">Veleprodaja Bang Beach 38000 Vpihov 38k Vape za enkratno uporabo Vaporizer E Cig po ugodnih cenah<\/h1>\n<p><strong data-start=\"94\" data-end=\"114\">Bang Beach 38000<\/strong> je visoko zmogljiva enostavna e-cigaretka, izdelana za vaperje, ki \u017eelijo dolgo trajanje, jasne informacije o napravi in mo\u010dan okus od za\u010detka do konca. Z <strong data-start=\"277\" data-end=\"299\">do 38.000 potegov<\/strong>, a <strong data-start=\"303\" data-end=\"325\">38 ml rezervoar za e-teko\u010dino<\/strong>, in <strong data-start=\"334\" data-end=\"372\">850 mAh Tip-C polnilna baterija<\/strong>, je zasnovana za dolgo uporabo brez stalnih zamenjav. A <strong data-start=\"447\" data-end=\"470\">zaslon z dvema zaslonoma<\/strong> prikazuje nivoje baterije in olja, medtem ko <strong data-start=\"511\" data-end=\"538\">zaklenjen zaslon s prstnim odtisom<\/strong> doda plast varnosti za \u017eepke, torbe in potovanja.<\/p>\n<h3 data-start=\"825\" data-end=\"880\">Zakaj izbrati Bang Beach 38000 Puff<\/h3>\n<ul data-start=\"882\" data-end=\"2354\">\n<li data-start=\"882\" data-end=\"1213\">\n<p data-start=\"884\" data-end=\"1213\"><strong data-start=\"884\" data-end=\"935\">Prava zmogljivost, ki spreminja va\u0161o tedensko rutino.<\/strong> The <strong data-start=\"940\" data-end=\"969\">Bang Beach 38000 Puff palica<\/strong> zdru\u017euje <strong data-start=\"981\" data-end=\"1000\">ocena 38K potegov<\/strong> z polnim <strong data-start=\"1013\" data-end=\"1032\">38 ml e-juice<\/strong>, tako da lahko redni uporabniki v Sloveniji, na \u0160vedskem ali Poljskem gredo <strong data-start=\"1086\" data-end=\"1119\">tedne brez zamenjave naprav<\/strong>. To pomeni manj nujnih nakupov in precej ni\u017eji \u00bbna dan\u00ab stro\u0161ek v primerjavi z ve\u010dino majhnih enostavnih naprav.<\/p>\n<\/li>\n<li data-start=\"1215\" data-end=\"1490\">\n<p data-start=\"1217\" data-end=\"1490\"><strong data-start=\"1217\" data-end=\"1262\">Okus mre\u017ene tuljave, ki ne popusti.<\/strong> Napajano z napredno <strong data-start=\"1283\" data-end=\"1307\">tehnologijo mre\u017easte tuljave<\/strong>, ta <strong data-start=\"1314\" data-end=\"1344\">Bang Beach 38K e-cigaretko<\/strong> nudi bolj gladek vapor, mo\u010dnej\u0161i okus in bolj dosledne potegne, namesto ostrega, suhega okusa, ki ga dobite, ko osnovne tuljave za\u010dnejo izgorevati.<\/p>\n<\/li>\n<li data-start=\"1492\" data-end=\"1773\">\n<p data-start=\"1494\" data-end=\"1773\"><strong data-start=\"1494\" data-end=\"1537\">Type-C polnjenje za izogibanje zapravljanju teko\u010dine.<\/strong> The <strong data-start=\"1542\" data-end=\"1589\">850mAh Type-C polnjen Bang Beach 38000<\/strong> je zasnovan za ve\u010dkratno polnjenje. Ko se baterija izprazni, ga priklju\u010dite za hiter dopolnitev in nadaljujte, dokler rezervoar ni dejansko prazen, namesto da zavr\u017eete polovico uporabljene teko\u010dine.<\/p>\n<\/li>\n<li data-start=\"1775\" data-end=\"2092\">\n<p data-start=\"1777\" data-end=\"2092\"><strong data-start=\"1777\" data-end=\"1841\">dvoslojni zaslon in odklepanje s prstnim odtisom za uporabo v resni\u010dnem svetu.<\/strong> The <strong data-start=\"1846\" data-end=\"1890\">dvoslojni Pod naprava<\/strong> prikazuje teko\u010dino in baterijo v realnem \u010dasu, odklepanje s prstnim odtisom pa pomaga prepre\u010diti nenamerno aktivacijo v \u017eepu ali torbi \u2014 uporabno med vo\u017enjo, no\u010dmi ali potovanjem po Sloveniji in drugih dr\u017eavah.<\/p>\n<\/li>\n<li data-start=\"2094\" data-end=\"2354\">\n<p data-start=\"2096\" data-end=\"2354\"><strong data-start=\"2096\" data-end=\"2153\">Na debelo prijazno za katero koli vapor trgovino ali distributerja.<\/strong> S <strong data-start=\"2159\" data-end=\"2190\">veleprodajnim cenam cigaret<\/strong> in mo\u010dno povpra\u0161evanje v <strong data-start=\"2216\" data-end=\"2230\">vapor trgovini<\/strong> kanalu, Bang Beach 38000 deluje tako za kon\u010dne uporabnike kot za kupce na debelo, ki \u017eelijo napravo z dolgo \u017eivljenjsko dobo, ki dejansko prodaja.<\/p>\n<\/li>\n<\/ul>\n<p data-start=\"666\" data-end=\"1235\"><strong style=\"font-size: 16px;\"><span style=\"color: #ff0000;\">Dodajte Amy na WhatsApp za pravilen odgovor in ceno s popustom!<\/span><\/strong><\/p>\n<p><img fetchpriority=\"high\" decoding=\"async\" class=\"size-full wp-image-2932\" src=\"https:\/\/vapestornado.com\/wp-content\/uploads\/2024\/12\/Vape-Wholesale.jpg\" alt=\"Vape Veleprodaja\" width=\"229\" height=\"300\" \/><\/p>\n<h3><a href=\"https:\/\/wa.me\/8617776015835\" target=\"_blank\" rel=\"noopener\"><span style=\"color: #ff0000;\"><strong>WhatsApp: +386 17776015835<\/strong><\/span><\/a><\/h3>\n<p>&nbsp;<\/p>\n<h2><strong>Klju\u010dne lastnosti izdelka Bang Beach 38000 Puff Bar<\/strong><\/h2>\n<table>\n<thead>\n<tr>\n<th>Zna\u010dilnosti<\/th>\n<th>specifikacije<\/th>\n<th>podrobnosti<\/th>\n<\/tr>\n<\/thead>\n<tbody>\n<tr>\n<td>Blagovna znamka<\/td>\n<td>Bang Beach<\/td>\n<td>Visoko zmogljiva enkratna linija za trge Slovenije<\/td>\n<\/tr>\n<tr>\n<td>Model<\/td>\n<td>Bang Beach 38000 Puff Bar<\/td>\n<td>38K potiskalnih e-cigaret z mo\u017enostjo polnjenja<\/td>\n<\/tr>\n<tr>\n<td>Zmogljivost vdihovanja<\/td>\n<td>Do 38.000 potiskov<\/td>\n<td>Zasnovano za ve\u010dtedensko dnevno uporabo<\/td>\n<\/tr>\n<tr>\n<td>Prostornina e-teko\u010dine<\/td>\n<td>38 ml e-juice<\/td>\n<td>Velik rezervoar, usklajen z visokim \u0161tevilom potiskov<\/td>\n<\/tr>\n<tr>\n<td>Vsebnost nikotina<\/td>\n<td>0% \/ 2% \/ 3% \/ 5%<\/td>\n<td>Primeren za okuse, zmerne in mo\u010dnej\u0161e preference<\/td>\n<\/tr>\n<tr>\n<td>Baterija<\/td>\n<td>850mAh polnljiva baterija<\/td>\n<td>Podpira ve\u010dkratno polnjenje skozi \u017eivljenjsko dobo naprave<\/td>\n<\/tr>\n<tr>\n<td>Polnjenje<\/td>\n<td>Type-C polnjenje<\/td>\n<td>Hitra polnitev z modernimi standardnimi kabli<\/td>\n<\/tr>\n<tr>\n<td>Vrsta Tuljave<\/td>\n<td>Mre\u017easta tuljava<\/td>\n<td>Gladek meglen in stabilen prenos okusa<\/td>\n<\/tr>\n<tr>\n<td>Zaslon<\/td>\n<td>Dvoslojni zaslon (olja + baterija)<\/td>\n<td>Stanje v realnem \u010dasu na e-teko\u010dini in bateriji<\/td>\n<\/tr>\n<tr>\n<td>Varnost<\/td>\n<td>Zaklepanje zaslona s prstnim odtisom<\/td>\n<td>Zmanj\u0161uje nenamerno v\u017eiganje in pove\u010duje zasebnost<\/td>\n<\/tr>\n<tr>\n<td>Postavitev<\/td>\n<td>Na debelo in na drobno<\/td>\n<td>Optimizirano za cene veleprodaje cigaret in prodajo vapor trgovin<\/td>\n<\/tr>\n<\/tbody>\n<\/table>\n<h2 class=\"product-title\"><strong>Seznam vro\u010dih okusov Bang Beach 38000 Puff<\/strong><\/h2>\n<article class=\"w-full text-token-text-primary focus-visible:outline-2 focus-visible:outline-offset-[-4px]\" dir=\"auto\" data-testid=\"conversation-turn-32\" data-scroll-anchor=\"false\">\n<div class=\"m-auto text-base py-[18px] px-6\">\n<div class=\"mx-auto flex flex-1 text-base gap-4 md:gap-5 lg:gap-6 md:max-w-3xl lg:max-w-[40rem] xl:max-w-[48rem]\">\n<div class=\"group\/conversation-turn relative flex w-full min-w-0 flex-col @xs\/thread:px-0 @sm\/thread:px-1.5 @md\/thread:px-4\">\n<div class=\"flex-col gap-1 md:gap-3\">\n<div class=\"flex max-w-full flex-col flex-grow\">\n<div class=\"min-h-8 text-message flex w-full flex-col items-end gap-2 whitespace-normal break-words text-start [.text-message+&amp;]:mt-5\" dir=\"auto\" data-message-author-role=\"user\" data-message-id=\"ffac41ca-1db4-431b-873a-32c4052956f1\">\n<div class=\"flex w-full flex-col gap-1 empty:hidden items-end rtl:items-start\">\n<div class=\"relative max-w-[var(--user-chat-width,70%)] rounded-3xl bg-token-message-surface px-5 py-2.5\">\n<div class=\"absolute bottom-0 right-full top-0 -mr-3.5 hidden pr-5 pt-2 [.group\/conversation-turn:hover_&amp;]:flex\">\n<div class=\"flex\">\n<article class=\"w-full text-token-text-primary focus-visible:outline-2 focus-visible:outline-offset-[-4px]\" dir=\"auto\" data-testid=\"conversation-turn-39\" data-scroll-anchor=\"true\">\n<div class=\"m-auto text-base py-[18px] px-6\">\n<div class=\"mx-auto flex flex-1 text-base gap-4 md:gap-5 lg:gap-6 md:max-w-3xl lg:max-w-[40rem] xl:max-w-[48rem]\">\n<div class=\"group\/conversation-turn relative flex w-full min-w-0 flex-col agent-turn @xs\/thread:px-0 @sm\/thread:px-1.5 @md\/thread:px-4\">\n<div class=\"flex-col gap-1 md:gap-3\">\n<div class=\"flex max-w-full flex-col flex-grow\">\n<div class=\"min-h-8 text-message flex w-full flex-col items-end gap-2 whitespace-normal break-words text-start [.text-message+&amp;]:mt-5\" dir=\"auto\" data-message-author-role=\"assistant\" data-message-id=\"55a23854-ec57-48dd-bd4f-6118f43d6241\" data-message-model-slug=\"gpt-4o\">\n<div class=\"flex w-full flex-col gap-1 empty:hidden first:pt-[3px]\">\n<div class=\"markdown prose w-full break-words dark:prose-invert light\">\n<p>1.Trojno jagodi\u010dje z ledom<br \/>\n2.Roza limonada<br \/>\n3.Borovnica malina<br \/>\n4.Me\u0161ano jagodi\u010dje<br \/>\n5.Jagoda lubenica<br \/>\n6.Jagoda z ledom<br \/>\n7. Grozdje z ledom<br \/>\n8.Breskev mango<br \/>\n9.Modra malina z ledom<br \/>\n10. \u010ce\u0161nja bomba<br \/>\n11. Lubenica led<br \/>\n12. Breskev z ledom<\/p>\n<figure id=\"attachment_4000\" aria-describedby=\"caption-attachment-4000\" style=\"width: 596px\" class=\"wp-caption alignnone\"><img decoding=\"async\" class=\"wp-image-4000 size-full\" src=\"https:\/\/vapestornado.com\/wp-content\/uploads\/2025\/03\/Wholesale-Bang-38000-Puffs.png\" alt=\"Veleprodaja Bang 38000 Puffs\" width=\"596\" height=\"596\" srcset=\"https:\/\/vapestornado.com\/wp-content\/uploads\/2025\/03\/Wholesale-Bang-38000-Puffs.png 596w, https:\/\/vapestornado.com\/wp-content\/uploads\/2025\/03\/Wholesale-Bang-38000-Puffs-300x300.png 300w, https:\/\/vapestornado.com\/wp-content\/uploads\/2025\/03\/Wholesale-Bang-38000-Puffs-150x150.png 150w, https:\/\/vapestornado.com\/wp-content\/uploads\/2025\/03\/Wholesale-Bang-38000-Puffs-100x100.png 100w\" sizes=\"(max-width: 596px) 100vw, 596px\" \/><figcaption id=\"caption-attachment-4000\" class=\"wp-caption-text\">Veleprodaja Bang 38000 Puffs<\/figcaption><\/figure>\n<\/div>\n<\/div>\n<\/div>\n<\/div>\n<\/div>\n<\/div>\n<\/div>\n<\/div>\n<\/article>\n<\/div>\n<\/div>\n<\/div>\n<\/div>\n<\/div>\n<\/div>\n<\/div>\n<\/div>\n<\/div>\n<\/div>\n<\/article>\n<h2>Zakaj izbrati Vapestornado za nakup Bang Beach 38000 Puff?<\/h2>\n<div class=\"flex-shrink-0 flex flex-col relative items-end\">\n<div class=\"pt-0\">\n<div class=\"gizmo-bot-avatar flex h-8 w-8 items-center justify-center overflow-hidden rounded-full\">\n<div class=\"relative p-1 rounded-sm flex items-center justify-center bg-token-main-surface-primary text-token-text-primary h-8 w-8\">\n<p data-start=\"88\" data-end=\"557\">Ko gre za <strong data-start=\"105\" data-end=\"154\">\u00a0nakup visokokakovostnih vape za enkratno uporabo<\/strong>, <strong data-start=\"156\" data-end=\"172\">Vapestornado<\/strong> je glavni vir za nepremagljive <strong data-start=\"208\" data-end=\"271\">tovarni\u0161ke cene, hitro po\u0161iljanje in vrhunske storitve za stranke<\/strong>Nakup Bang Beach 38000 Puff pri Vapestornado pomeni, da dobite <strong data-start=\"363\" data-end=\"400\">verodostojne, 100-odstotno originalne izdelke<\/strong> z najnovej\u0161o<strong data-start=\"417\" data-end=\"515\"> zaslon, priro\u010dnost polnjenja prek Type-C in zmogljivost 38000 vpihov<\/strong>\u2013 vse po najbolj\u0161i<strong data-start=\"527\" data-end=\"554\">\u00a0veleprodajne cene<\/strong>.<\/p>\n<p data-start=\"559\" data-end=\"933\" data-is-last-node=\"\" data-is-only-node=\"\">Imamo tudi nekaj drugih priljubljenih vape izdelkov z zaslonom, kot so <a href=\"https:\/\/vapestornado.com\/sl\/product\/mesii-couple-50k-disposable-shisha-hookah-50000-puffs-vape-with-digital-display\/\">Mesii par 50000<\/a>, <a href=\"https:\/\/vapestornado.com\/sl\/product\/vopk-ultra-40000-puffs-2-in-1-digital-screen-rechargeable-disposable-vape\/\">VOPK 40000 Puff Vape za enkratno uporabo<\/a>, <a href=\"https:\/\/vapestornado.com\/sl\/product\/bang-beach-22000-20k-puff-disposable-vape-pen-with-screen-reddit-hot\/\">Bang Pla\u017ea 22000<\/a>, in \u0161e ve\u010d.<\/p>\n<\/div>\n<div class=\"relative p-1 rounded-sm flex items-center justify-center bg-token-main-surface-primary text-token-text-primary h-8 w-8\">\n<h2>Pogosta vpra\u0161anja o Bang 38000<\/h2>\n<p data-start=\"3372\" data-end=\"3465\">1. Koliko obi\u010dajno traja e-cigaret Bang Beach 38000 vdihov za vsakodnevne uporabnike?<\/p>\n<p data-start=\"3466\" data-end=\"3738\">The <strong data-start=\"3470\" data-end=\"3507\">E-cigaret Bang Beach 38000 vdihov<\/strong> povezuje se z <strong data-start=\"3516\" data-end=\"3529\">38 ml rezervoarjem<\/strong> s do <strong data-start=\"3541\" data-end=\"3557\">38.000 vpihov<\/strong>, tako da lahko mnogi vsakodnevni uporabniki dobijo <strong data-start=\"3590\" data-end=\"3625\">ve\u010d tednov uporabe na napravo<\/strong>. Dejanski \u010das je odvisen od pogostosti vdihov in dol\u017eine vle\u010dka, vendar jasno presega obi\u010dajne 5K\u201310K enkratne uporabe.<\/p>\n<p data-start=\"3745\" data-end=\"3859\">2. Kaj spremeni mre\u017ena tuljava v e-cigareti Bang Beach 38000 visoke kapacitete v smislu okusa in pare?<\/p>\n<p data-start=\"3860\" data-end=\"4084\">The <strong data-start=\"3864\" data-end=\"3906\">E-cigareta Bang Beach 38000 z mre\u017eno tuljavo<\/strong> enakomerno razporeja toploto skozi vato, kar ohranja gostoto pare in konsistentnost okusa. Ta zasnova pomaga prepre\u010diti ostre, za\u017egane okuse vdihov, zlasti ob koncu teko\u010dine.<\/p>\n<p data-start=\"4091\" data-end=\"4184\">3. Kako vam dvojni zaslon na Bang Beach 38000 Puff bar pomaga pri vsakodnevni uporabi?<\/p>\n<p data-start=\"4185\" data-end=\"4462\">The <strong data-start=\"4189\" data-end=\"4230\">dvojni zaslon Bang Beach 38000 Puff bar<\/strong> prikazuje raven e teko\u010dine in stanje baterije posebej, tako da vedno veste, ali morate napolniti ali ste blizu konca rezervoarja. Odstrani ugibanje, kar je pomembno, ko se zana\u0161ate na eno napravo med delavniki ali potovanji.<\/p>\n<p data-start=\"4469\" data-end=\"4582\">4. Ali je Bang Beach 38000 primeren za kupce, ki primerjajo naprave vapor shop pri cenah veletrgovca cigaret?<\/p>\n<p data-start=\"4583\" data-end=\"4884\">Da. Za <strong data-start=\"4592\" data-end=\"4606\">vapor trgovini<\/strong> lastnike in distributerje, <strong data-start=\"4636\" data-end=\"4678\">Bang Beach 38000 veletrgovinska e-cigaretka<\/strong> nudi visok \u0161t. potegov, napredne funkcije (zasloni + odklepanje s prstnim odtisom) in konkuren\u010dne <strong data-start=\"4767\" data-end=\"4798\">veleprodajnim cenam cigaret<\/strong>, kar skupaj ustvarja mo\u010dno vrednostno ponudbo v primerjavi z drugimi enkratnimi napravami z dolgo \u017eivljenjsko dobo.<\/p>\n<p data-start=\"4891\" data-end=\"5003\">5. Ali odklepanje s prstnim odtisom na Bang Beach 38000 Puff e-cigaretki vpliva na delovanje ali le na varnost?<\/p>\n<p data-start=\"5004\" data-end=\"5262\">The <strong data-start=\"5008\" data-end=\"5052\">sistem odklepanja s prstnim odtisom Bang Beach 38000<\/strong> je povsem namenjen varnosti in udobju. Pomaga prepre\u010diti nenamerno v\u017eiganje in nepoobla\u0161\u010deno uporabo, vendar je po odklepu delovanje nespremenjeno \u2014 \u0161e vedno imate polni izhod iz mre\u017ene tuljave in baterije 850mAh.<\/p>\n<\/div>\n<\/div>\n<\/div>\n<\/div>","protected":false},"excerpt":{"rendered":"<p class=\"LC20lb MBeuO DKV0Md\">Bang Beach 38000 Puff enostaven e-cigaret s 38 ml e-juice, mre\u017eno tuljavo, 850mAh baterijo z Type-C polnjenjem, dvostranski zaslon in odtisnim prstnim odtisom. Visoka zmogljivost 38K vape palice zasnovana za dolgo uporabo, prodajo v vapor trgovinah in konkuren\u010dne veleprodajne cene cigaret po vsej Evropi.<\/p>\n<p><strong>Dodajte Amyin WhatsApp, da dobite pravi odgovor in ceno s popustom!<\/strong><\/p>\n<p><img fetchpriority=\"high\" decoding=\"async\" class=\"size-full wp-image-2932\" src=\"https:\/\/vapestornado.com\/wp-content\/uploads\/2024\/12\/Vape-Wholesale.jpg\" alt=\"Vape Veleprodaja\" width=\"229\" height=\"300\" \/><\/p>\n<h3><a href=\"https:\/\/wa.me\/8617776015835\"><span style=\"color: #ff0000;\"><strong>WhatsApp: +386 17776015835<\/strong><\/span><\/a><\/h3>\n<p>&nbsp;<\/p>","protected":false},"featured_media":3998,"comment_status":"open","ping_status":"closed","template":"","meta":{"_acf_changed":false,"_uag_custom_page_level_css":"","_lmt_disableupdate":"no","_lmt_disable":"","_monsterinsights_skip_tracking":false,"_monsterinsights_sitenote_active":false,"_monsterinsights_sitenote_note":"","_monsterinsights_sitenote_category":0,"site-sidebar-layout":"default","site-content-layout":"","ast-site-content-layout":"default","site-content-style":"default","site-sidebar-style":"default","ast-global-header-display":"","ast-banner-title-visibility":"","ast-main-header-display":"","ast-hfb-above-header-display":"","ast-hfb-below-header-display":"","ast-hfb-mobile-header-display":"","site-post-title":"","ast-breadcrumbs-content":"","ast-featured-img":"","footer-sml-layout":"","ast-disable-related-posts":"","theme-transparent-header-meta":"default","adv-header-id-meta":"","stick-header-meta":"","header-above-stick-meta":"","header-main-stick-meta":"","header-below-stick-meta":"","astra-migrate-meta-layouts":"set","ast-page-background-enabled":"default","ast-page-background-meta":{"desktop":{"background-color":"","background-image":"","background-repeat":"repeat","background-position":"center center","background-size":"auto","background-attachment":"scroll","background-type":"","background-media":"","overlay-type":"","overlay-color":"","overlay-opacity":"","overlay-gradient":""},"tablet":{"background-color":"","background-image":"","background-repeat":"repeat","background-position":"center center","background-size":"auto","background-attachment":"scroll","background-type":"","background-media":"","overlay-type":"","overlay-color":"","overlay-opacity":"","overlay-gradient":""},"mobile":{"background-color":"","background-image":"","background-repeat":"repeat","background-position":"center center","background-size":"auto","background-attachment":"scroll","background-type":"","background-media":"","overlay-type":"","overlay-color":"","overlay-opacity":"","overlay-gradient":""}},"ast-content-background-meta":{"desktop":{"background-color":"var(--ast-global-color-5)","background-image":"","background-repeat":"repeat","background-position":"center center","background-size":"auto","background-attachment":"scroll","background-type":"","background-media":"","overlay-type":"","overlay-color":"","overlay-opacity":"","overlay-gradient":""},"tablet":{"background-color":"var(--ast-global-color-5)","background-image":"","background-repeat":"repeat","background-position":"center center","background-size":"auto","background-attachment":"scroll","background-type":"","background-media":"","overlay-type":"","overlay-color":"","overlay-opacity":"","overlay-gradient":""},"mobile":{"background-color":"var(--ast-global-color-5)","background-image":"","background-repeat":"repeat","background-position":"center center","background-size":"auto","background-attachment":"scroll","background-type":"","background-media":"","overlay-type":"","overlay-color":"","overlay-opacity":"","overlay-gradient":""}},"_joinchat":{"telephone":"17776015835"}},"product_brand":[],"product_cat":[62,153,158,142],"product_tag":[295,297,296,491,269],"class_list":{"0":"post-3999","1":"product","2":"type-product","3":"status-publish","4":"has-post-thumbnail","6":"product_cat-bang-vape","7":"product_cat-buy-disposable-vapes-in-italy","8":"product_cat-buy-disposable-vapes-in-spain","9":"product_cat-digital-box-disposable-vapes","10":"product_tag-bang-beach-38000","11":"product_tag-fingerprint-vape","12":"product_tag-puff-bar","13":"product_tag-vape-with-digital-dispaly","14":"product_tag-vape-with-screen","15":"desktop-align-left","16":"tablet-align-left","17":"mobile-align-left","19":"first","20":"instock","21":"sale","22":"shipping-taxable","23":"purchasable","24":"product-type-simple"},"acf":[],"uagb_featured_image_src":{"full":["https:\/\/vapestornado.com\/wp-content\/uploads\/2025\/03\/Wholesale-Bang-Vape-at-Cheap-Prices.webp",800,800,false],"thumbnail":["https:\/\/vapestornado.com\/wp-content\/uploads\/2025\/03\/Wholesale-Bang-Vape-at-Cheap-Prices-150x150.webp",150,150,true],"medium":["https:\/\/vapestornado.com\/wp-content\/uploads\/2025\/03\/Wholesale-Bang-Vape-at-Cheap-Prices-300x300.webp",300,300,true],"medium_large":["https:\/\/vapestornado.com\/wp-content\/uploads\/2025\/03\/Wholesale-Bang-Vape-at-Cheap-Prices-768x768.webp",768,768,true],"large":["https:\/\/vapestornado.com\/wp-content\/uploads\/2025\/03\/Wholesale-Bang-Vape-at-Cheap-Prices.webp",800,800,false],"1536x1536":["https:\/\/vapestornado.com\/wp-content\/uploads\/2025\/03\/Wholesale-Bang-Vape-at-Cheap-Prices.webp",800,800,false],"2048x2048":["https:\/\/vapestornado.com\/wp-content\/uploads\/2025\/03\/Wholesale-Bang-Vape-at-Cheap-Prices.webp",800,800,false],"trp-custom-language-flag":["https:\/\/vapestornado.com\/wp-content\/uploads\/2025\/03\/Wholesale-Bang-Vape-at-Cheap-Prices.webp",12,12,false],"woocommerce_thumbnail":["https:\/\/vapestornado.com\/wp-content\/uploads\/2025\/03\/Wholesale-Bang-Vape-at-Cheap-Prices-300x300.webp",300,300,true],"woocommerce_single":["https:\/\/vapestornado.com\/wp-content\/uploads\/2025\/03\/Wholesale-Bang-Vape-at-Cheap-Prices-600x600.webp",600,600,true],"woocommerce_gallery_thumbnail":["https:\/\/vapestornado.com\/wp-content\/uploads\/2025\/03\/Wholesale-Bang-Vape-at-Cheap-Prices-100x100.webp",100,100,true]},"uagb_author_info":{"display_name":"ESAMY","author_link":"https:\/\/vapestornado.com\/sl\/author\/"},"uagb_comment_info":1,"uagb_excerpt":"Bang Beach 38000 Puff disposable E-cigarette with 38ml e-juice, mesh coil, 850mAh Type-C rechargeable battery, dual-screen display and fingerprint lock. High-capacity 38K vape bar designed for long use, vapor shop sales, and competitive Cigarette wholesaler prices across Europe. Add Amy's whatsapp to get right reply and discount price! WhatsApp: +86 17776015835 &nbsp;","_links":{"self":[{"href":"https:\/\/vapestornado.com\/sl\/wp-json\/wp\/v2\/product\/3999","targetHints":{"allow":["GET"]}}],"collection":[{"href":"https:\/\/vapestornado.com\/sl\/wp-json\/wp\/v2\/product"}],"about":[{"href":"https:\/\/vapestornado.com\/sl\/wp-json\/wp\/v2\/types\/product"}],"replies":[{"embeddable":true,"href":"https:\/\/vapestornado.com\/sl\/wp-json\/wp\/v2\/comments?post=3999"}],"wp:featuredmedia":[{"embeddable":true,"href":"https:\/\/vapestornado.com\/sl\/wp-json\/wp\/v2\/media\/3998"}],"wp:attachment":[{"href":"https:\/\/vapestornado.com\/sl\/wp-json\/wp\/v2\/media?parent=3999"}],"wp:term":[{"taxonomy":"product_brand","embeddable":true,"href":"https:\/\/vapestornado.com\/sl\/wp-json\/wp\/v2\/product_brand?post=3999"},{"taxonomy":"product_cat","embeddable":true,"href":"https:\/\/vapestornado.com\/sl\/wp-json\/wp\/v2\/product_cat?post=3999"},{"taxonomy":"product_tag","embeddable":true,"href":"https:\/\/vapestornado.com\/sl\/wp-json\/wp\/v2\/product_tag?post=3999"}],"curies":[{"name":"wp","href":"https:\/\/api.w.org\/{rel}","templated":true}]}}