{"id":3975,"date":"2025-03-25T07:58:28","date_gmt":"2025-03-25T07:58:28","guid":{"rendered":"https:\/\/vapestornado.com\/?post_type=product&#038;p=3975"},"modified":"2025-08-23T11:43:24","modified_gmt":"2025-08-23T11:43:24","slug":"2025-new-vopk-ultra-40000-puffs-double-flavor-disposable-vape-factory-suppliers","status":"publish","type":"product","link":"https:\/\/vapestornado.com\/sl\/product\/2025-new-vopk-ultra-40000-puffs-double-flavor-disposable-vape-factory-suppliers\/","title":{"rendered":"2025 Novi VOPK Ultra 40000 Vpihov Dvojni Okus Vape za Enkratno Uporabo Tovarni\u0161ki Dobavitelji"},"content":{"rendered":"<h1 data-pm-slice=\"1 1 []\">2025 Novi VOPK Ultra 40000 Vpihov Dvojni Okus Vape za Enkratno Uporabo Tovarni\u0161ki Dobavitelji<\/h1>\n<p data-start=\"140\" data-end=\"448\">The <strong data-start=\"144\" data-end=\"209\">2025 Nova VOPK Ultra 40000 Vpihov Dvojni Okus Vape za Enkratno Uporabo<\/strong> je zasnovan za trgovce na drobno in distributerje, ki i\u0161\u010dejo vrhunsko, dolgotrajno mo\u017enost za svoj inventar. Z do <strong data-start=\"324\" data-end=\"340\">40.000 vpihov<\/strong>vpihi, ta naprava visoke zmogljivosti zdru\u017euje <strong data-start=\"377\" data-end=\"409\">DTL zmogljivost v stilu hookah<\/strong> s stilsko obliko, ki jo navdihuje SHISHA.<\/p>\n<p data-start=\"450\" data-end=\"859\">Opremljen z <strong data-start=\"467\" data-end=\"498\">850 mAh baterijo za ponovno polnjenje<\/strong> in <strong data-start=\"505\" data-end=\"537\">36 ml predhodno napolnjen rezervoar za e-teko\u010dino<\/strong>, VOPK Ultra zagotavlja podalj\u0161ano vejpanje brez pogostih zamenjav. Njegov <strong data-start=\"613\" data-end=\"635\">RGB digitalni zaslon<\/strong> uporabnike obve\u0161\u010da s sprotnimi posodobitvami o bateriji, stanju vpihov in nastavitvah mo\u010di. Nastavljiv nadzor mo\u010di omogo\u010da strankam natan\u010dno nastavitev intenzivnosti vejpanja za gladke seanse okusa ali gosto lovljenje oblakov.<\/p>\n<p data-start=\"861\" data-end=\"1210\">Izstopajo\u010da lastnost je njegova <strong data-start=\"889\" data-end=\"914\">sistem \u0161tirih mre\u017eastih tuljav<\/strong>\u0161tirikratna mre\u017easta grelna glava, ki zagotavlja izbolj\u0161an okus in proizvodnjo pare, hkrati pa zagotavlja, da vsak vpih ostane dosleden. Z <strong data-start=\"1015\" data-end=\"1053\">dvojnimi okusi, vgrajenimi v eno napravo<\/strong>, lahko uporabniki brez te\u017eav preklapljajo med profili okusov, kot je <strong data-start=\"1113\" data-end=\"1165\">jagoda lubenica<\/strong> or <strong data-start=\"1169\" data-end=\"1207\">modra malina ananas<\/strong>.<\/p>\n<p data-start=\"1212\" data-end=\"1603\">Na voljo v <strong data-start=\"1225\" data-end=\"1266\">0%, 2%, 3% in 5% jakosti nikotina<\/strong>, VOPK Ultra 40K poskrbi za vse uporabni\u0161ke preference, od navdu\u0161encev brez nikotina do izku\u0161enih vejperjev. Hitro <strong data-start=\"1378\" data-end=\"1397\">polnjenje tipa C<\/strong> polnjenje zagotavlja minimalne izpade, zaradi \u010desar je zelo zanesljiv za uporabo na poti. Za trgovce na debelo ta model ponuja <strong data-start=\"1507\" data-end=\"1586\">neposredno dobavo iz tovarne, konkuren\u010dne cene za velike koli\u010dine in mo\u010dno privla\u010dnost za stranke<\/strong> po vsej Evropi.<\/p>\n<p data-start=\"666\" data-end=\"1235\"><strong style=\"font-size: 16px;\"><span style=\"color: #ff0000;\">Dodajte Amy na WhatsApp za pravilen odgovor in ceno s popustom!<\/span><\/strong><\/p>\n<p><img fetchpriority=\"high\" decoding=\"async\" class=\"size-full wp-image-2932\" src=\"https:\/\/vapestornado.com\/wp-content\/uploads\/2024\/12\/Vape-Wholesale.jpg\" alt=\"Vape Veleprodaja\" width=\"229\" height=\"300\" \/><\/p>\n<h3><a href=\"https:\/\/wa.me\/8617776015835\" target=\"_blank\" rel=\"noopener\"><span style=\"color: #ff0000;\"><strong>WhatsApp: +386 17776015835<\/strong><\/span><\/a><\/h3>\n<p>&nbsp;<\/p>\n<h2><strong>VOPK Ultra 40000 vdihov Klju\u010dne lastnosti izdelka<\/strong><\/h2>\n<p>Znamka: Vopk Vapes<br \/>\nE-sok: 36ml predhodno napolnjene teko\u010dine<br \/>\nBaterija: 850 mAh baterija<br \/>\nVrata tipa C<br \/>\nDo 40000 vdihov<br \/>\nNastavljiva mo\u010d<br \/>\nZaslon z digitalnim prikazovalnikom<br \/>\n0% 2% 3% 5% ravni nikotina<\/p>\n<figure id=\"attachment_3955\" aria-describedby=\"caption-attachment-3955\" style=\"width: 800px\" class=\"wp-caption alignnone\"><img decoding=\"async\" class=\"wp-image-3955 size-full\" src=\"https:\/\/vapestornado.com\/wp-content\/uploads\/2025\/03\/VOPK-Ultra-40k-40000-Puffs-Disposable-Vape-Dual-Flavors.webp\" alt=\"VOPK Ultra 40k 40000 vdihov za enkratno uporabo 2 okusa\" width=\"800\" height=\"800\" srcset=\"https:\/\/vapestornado.com\/wp-content\/uploads\/2025\/03\/VOPK-Ultra-40k-40000-Puffs-Disposable-Vape-Dual-Flavors.webp 800w, https:\/\/vapestornado.com\/wp-content\/uploads\/2025\/03\/VOPK-Ultra-40k-40000-Puffs-Disposable-Vape-Dual-Flavors-300x300.webp 300w, https:\/\/vapestornado.com\/wp-content\/uploads\/2025\/03\/VOPK-Ultra-40k-40000-Puffs-Disposable-Vape-Dual-Flavors-150x150.webp 150w, https:\/\/vapestornado.com\/wp-content\/uploads\/2025\/03\/VOPK-Ultra-40k-40000-Puffs-Disposable-Vape-Dual-Flavors-768x768.webp 768w, https:\/\/vapestornado.com\/wp-content\/uploads\/2025\/03\/VOPK-Ultra-40k-40000-Puffs-Disposable-Vape-Dual-Flavors-600x600.webp 600w, https:\/\/vapestornado.com\/wp-content\/uploads\/2025\/03\/VOPK-Ultra-40k-40000-Puffs-Disposable-Vape-Dual-Flavors-100x100.webp 100w\" sizes=\"(max-width: 800px) 100vw, 800px\" \/><figcaption id=\"caption-attachment-3955\" class=\"wp-caption-text\">VOPK Ultra 40k 40000 vdihov za enkratno uporabo 2 okusa<\/figcaption><\/figure>\n<p>&nbsp;<\/p>\n<h2 class=\"product-title\"><strong>VOPK Ultra 40000 vdihov za enkratno uporabo Seznam okusov v \u0161katli<\/strong><\/h2>\n<article class=\"w-full text-token-text-primary focus-visible:outline-2 focus-visible:outline-offset-[-4px]\" dir=\"auto\" data-testid=\"conversation-turn-32\" data-scroll-anchor=\"false\">\n<div class=\"m-auto text-base py-[18px] px-6\">\n<div class=\"mx-auto flex flex-1 text-base gap-4 md:gap-5 lg:gap-6 md:max-w-3xl lg:max-w-[40rem] xl:max-w-[48rem]\">\n<div class=\"group\/conversation-turn relative flex w-full min-w-0 flex-col @xs\/thread:px-0 @sm\/thread:px-1.5 @md\/thread:px-4\">\n<div class=\"flex-col gap-1 md:gap-3\">\n<div class=\"flex max-w-full flex-col flex-grow\">\n<div class=\"min-h-8 text-message flex w-full flex-col items-end gap-2 whitespace-normal break-words text-start [.text-message+&amp;]:mt-5\" dir=\"auto\" data-message-author-role=\"user\" data-message-id=\"ffac41ca-1db4-431b-873a-32c4052956f1\">\n<div class=\"flex w-full flex-col gap-1 empty:hidden items-end rtl:items-start\">\n<div class=\"relative max-w-[var(--user-chat-width,70%)] rounded-3xl bg-token-message-surface px-5 py-2.5\">\n<div class=\"absolute bottom-0 right-full top-0 -mr-3.5 hidden pr-5 pt-2 [.group\/conversation-turn:hover_&amp;]:flex\">\n<div class=\"flex\">\n<article class=\"w-full text-token-text-primary focus-visible:outline-2 focus-visible:outline-offset-[-4px]\" dir=\"auto\" data-testid=\"conversation-turn-39\" data-scroll-anchor=\"true\">\n<div class=\"m-auto text-base py-[18px] px-6\">\n<div class=\"mx-auto flex flex-1 text-base gap-4 md:gap-5 lg:gap-6 md:max-w-3xl lg:max-w-[40rem] xl:max-w-[48rem]\">\n<div class=\"group\/conversation-turn relative flex w-full min-w-0 flex-col agent-turn @xs\/thread:px-0 @sm\/thread:px-1.5 @md\/thread:px-4\">\n<div class=\"flex-col gap-1 md:gap-3\">\n<div class=\"flex max-w-full flex-col flex-grow\">\n<div class=\"min-h-8 text-message flex w-full flex-col items-end gap-2 whitespace-normal break-words text-start [.text-message+&amp;]:mt-5\" dir=\"auto\" data-message-author-role=\"assistant\" data-message-id=\"55a23854-ec57-48dd-bd4f-6118f43d6241\" data-message-model-slug=\"gpt-4o\">\n<div class=\"flex w-full flex-col gap-1 empty:hidden first:pt-[3px]\">\n<div class=\"markdown prose w-full break-words dark:prose-invert light\">\n<p>1.Jagoda lubenica\/ Kivi pasijonka guave<br \/>\n2.Borovnica Malina \/ Breskev Mango Lubenica<br \/>\n3.Modra Razz Gummy Bear \/ Jagoda Kivi<br \/>\n4.Modra Razz \u010ce\u0161nja \/ Jagoda Malina<br \/>\n5.\u0160ume\u010da limona<br \/>\n6.Lubenica led \/ Modra Razz led<br \/>\n7.Modra Razz Ananas \/ Trojni Mango<br \/>\n8.Grozdje Berry Burst \/ Hru\u0161ka Jabolko Malina<br \/>\n9.Jagoda Brusnica \u010ce\u0161nja \/ Ananas Pasijonka Limeta<br \/>\n10.Borovnica Jagoda Mentol \/ Borovnica Malina Mentol<\/p>\n<\/div>\n<\/div>\n<\/div>\n<\/div>\n<\/div>\n<\/div>\n<\/div>\n<\/div>\n<\/article>\n<\/div>\n<\/div>\n<\/div>\n<\/div>\n<\/div>\n<\/div>\n<\/div>\n<\/div>\n<\/div>\n<\/div>\n<\/article>\n<h2>Zakaj izbrati Vapestornado za VOPK Ultra 40000 Puffs Nakup?<\/h2>\n<div class=\"flex-shrink-0 flex flex-col relative items-end\">\n<div class=\"pt-0\">\n<div class=\"gizmo-bot-avatar flex h-8 w-8 items-center justify-center overflow-hidden rounded-full\">\n<div class=\"relative p-1 rounded-sm flex items-center justify-center bg-token-main-surface-primary text-token-text-primary h-8 w-8\">\n<p data-start=\"88\" data-end=\"557\">Ko gre za <strong data-start=\"105\" data-end=\"154\">\u00a0nakup visokokakovostnih vape za enkratno uporabo<\/strong>, <strong data-start=\"156\" data-end=\"172\">Vapestornado<\/strong> je glavni vir za nepremagljive <strong data-start=\"208\" data-end=\"271\">tovarni\u0161ke cene, hitro po\u0161iljanje in vrhunske storitve za stranke<\/strong>Nakup VOPK Ultra 40000 Puffs pri Vapestornado pomeni, da dobite <strong data-start=\"363\" data-end=\"400\">verodostojne, 100-odstotno originalne izdelke<\/strong> z najnovej\u0161im digitalnim<strong data-start=\"417\" data-end=\"515\"> zaslonom, priro\u010dnim polnjenjem preko Type-C, dvojnim okusom 2 v 1 in kapaciteto 4000 vdihov<\/strong>\u2014vse po nizki ceni<strong data-start=\"527\" data-end=\"554\">\u00a0veleprodajne cene<\/strong>.<\/p>\n<p data-start=\"559\" data-end=\"933\" data-is-last-node=\"\" data-is-only-node=\"\">Imamo tudi nekaj drugih priljubljenih vape izdelkov z zaslonom, kot so <a href=\"https:\/\/vapestornado.com\/sl\/product\/mesii-couple-50k-disposable-shisha-hookah-50000-puffs-vape-with-digital-display\/\">Mesii par 50000<\/a>, <a href=\"https:\/\/vapestornado.com\/sl\/product\/vopk-cool-9000-puffs-disposable-vapes-bar-puff-9k\/\">VOPK 9000 Puff Vape za enkratno uporabo<\/a>, <a href=\"https:\/\/vapestornado.com\/sl\/product\/bang-beach-22000-20k-puff-disposable-vape-pen-with-screen-reddit-hot\/\">Bang Pla\u017ea 22000<\/a>, in \u0161e ve\u010d.<\/p>\n<\/div>\n<div class=\"relative p-1 rounded-sm flex items-center justify-center bg-token-main-surface-primary text-token-text-primary h-8 w-8\">\n<h2>Pogosta vpra\u0161anja<\/h2>\n<ol data-start=\"1260\" data-end=\"2197\">\n<li class=\"\" data-start=\"1260\" data-end=\"1488\">\n<p class=\"\" data-start=\"1263\" data-end=\"1488\"><strong data-start=\"1263\" data-end=\"1301\">Kako uporabljam pod sisteme za enkratno uporabo?<\/strong><br data-start=\"1301\" data-end=\"1304\" \/>Preprosto <strong data-start=\"1314\" data-end=\"1347\">vdihnite skozi ustnik<\/strong>, in naprava se bo samodejno aktivirala. Nastavljiva <strong data-start=\"1397\" data-end=\"1425\">nastavitev mo\u010di<\/strong> vam omogo\u010da natan\u010dno prilagoditev izku\u0161nje za popoln vpih.<\/p>\n<\/li>\n<li class=\"\" data-start=\"1490\" data-end=\"1743\">\n<p class=\"\" data-start=\"1493\" data-end=\"1743\"><strong data-start=\"1493\" data-end=\"1555\">Kako napolniti elektronsko cigareto za enkratno uporabo s polnilnikom za Android?<\/strong><br data-start=\"1555\" data-end=\"1558\" \/>\u010ce ima va\u0161a elektronska cigareta <strong data-start=\"1580\" data-end=\"1604\">priklju\u010dkom za polnjenje tipa C<\/strong>, lahko uporabite <strong data-start=\"1620\" data-end=\"1648\">standardni polnilnik za Android<\/strong> za njeno polnjenje. Zagotovite, da uporabljate zanesljiv vir napajanja za optimalno u\u010dinkovitost polnjenja.<\/p>\n<\/li>\n<li class=\"\" data-start=\"1745\" data-end=\"1979\">\n<p class=\"\" data-start=\"1748\" data-end=\"1979\"><strong data-start=\"1748\" data-end=\"1808\">Ali lahko prenesem elektronsko cigareto za enkratno uporabo na mednarodni let?<\/strong><br data-start=\"1808\" data-end=\"1811\" \/>Da, vendar <strong data-start=\"1826\" data-end=\"1862\">mora biti v va\u0161i ro\u010dni prtljagi<\/strong>. Preverite pri letalski dru\u017ebi morebitne posebne predpise glede <strong data-start=\"1927\" data-end=\"1948\">izdelkov z nikotinom<\/strong> v ciljni dr\u017eavi.<\/p>\n<\/li>\n<li class=\"\" data-start=\"1981\" data-end=\"2197\">\n<p class=\"\" data-start=\"1984\" data-end=\"2197\"><strong data-start=\"1984\" data-end=\"2033\">Kako vem, kdaj je moja elektronska cigareta za enkratno uporabo prazna?<\/strong><br data-start=\"2033\" data-end=\"2036\" \/>\u010ce se <strong data-start=\"2046\" data-end=\"2144\">okus zmanj\u0161a, proizvodnja pare upade ali digitalni zaslon prikazuje indikator nizke ravni e-teko\u010dine<\/strong>, je \u010das za <strong data-start=\"2159\" data-end=\"2194\">zamenjavo ali ponovno polnjenje va\u0161e naprave<\/strong>.<\/p>\n<\/li>\n<\/ol>\n<\/div>\n<\/div>\n<\/div>\n<\/div>","protected":false},"excerpt":{"rendered":"<p class=\"LC20lb MBeuO DKV0Md\">The <strong data-start=\"1647\" data-end=\"1672\">VOPK Ultra 40000 Vape<\/strong> ponuja dvojne okuse, \u0161tirikratne mre\u017easte grelne glave in pametni digitalni zaslon. Premium izdelek za enkratno uporabo, narejen za <strong data-start=\"1771\" data-end=\"1828\">dobavitelje na debelo in naro\u010dila v razsutem stanju v Evropi<\/strong>.<\/p>\n<p><strong>Dodajte Amyin WhatsApp, da dobite pravi odgovor in ceno s popustom!<\/strong><\/p>\n<p><img fetchpriority=\"high\" decoding=\"async\" class=\"size-full wp-image-2932\" src=\"https:\/\/vapestornado.com\/wp-content\/uploads\/2024\/12\/Vape-Wholesale.jpg\" alt=\"Vape Veleprodaja\" width=\"229\" height=\"300\" \/><\/p>\n<h3><a href=\"https:\/\/wa.me\/8617776015835\"><span style=\"color: #ff0000;\"><strong>WhatsApp: +386 17776015835<\/strong><\/span><\/a><\/h3>\n<p>&nbsp;<\/p>","protected":false},"featured_media":3959,"comment_status":"open","ping_status":"closed","template":"","meta":{"_acf_changed":false,"_uag_custom_page_level_css":"","_lmt_disableupdate":"no","_lmt_disable":"","_monsterinsights_skip_tracking":false,"_monsterinsights_sitenote_active":false,"_monsterinsights_sitenote_note":"","_monsterinsights_sitenote_category":0,"site-sidebar-layout":"default","site-content-layout":"","ast-site-content-layout":"default","site-content-style":"default","site-sidebar-style":"default","ast-global-header-display":"","ast-banner-title-visibility":"","ast-main-header-display":"","ast-hfb-above-header-display":"","ast-hfb-below-header-display":"","ast-hfb-mobile-header-display":"","site-post-title":"","ast-breadcrumbs-content":"","ast-featured-img":"","footer-sml-layout":"","ast-disable-related-posts":"","theme-transparent-header-meta":"default","adv-header-id-meta":"","stick-header-meta":"","header-above-stick-meta":"","header-main-stick-meta":"","header-below-stick-meta":"","astra-migrate-meta-layouts":"set","ast-page-background-enabled":"default","ast-page-background-meta":{"desktop":{"background-color":"","background-image":"","background-repeat":"repeat","background-position":"center center","background-size":"auto","background-attachment":"scroll","background-type":"","background-media":"","overlay-type":"","overlay-color":"","overlay-opacity":"","overlay-gradient":""},"tablet":{"background-color":"","background-image":"","background-repeat":"repeat","background-position":"center center","background-size":"auto","background-attachment":"scroll","background-type":"","background-media":"","overlay-type":"","overlay-color":"","overlay-opacity":"","overlay-gradient":""},"mobile":{"background-color":"","background-image":"","background-repeat":"repeat","background-position":"center center","background-size":"auto","background-attachment":"scroll","background-type":"","background-media":"","overlay-type":"","overlay-color":"","overlay-opacity":"","overlay-gradient":""}},"ast-content-background-meta":{"desktop":{"background-color":"var(--ast-global-color-5)","background-image":"","background-repeat":"repeat","background-position":"center center","background-size":"auto","background-attachment":"scroll","background-type":"","background-media":"","overlay-type":"","overlay-color":"","overlay-opacity":"","overlay-gradient":""},"tablet":{"background-color":"var(--ast-global-color-5)","background-image":"","background-repeat":"repeat","background-position":"center center","background-size":"auto","background-attachment":"scroll","background-type":"","background-media":"","overlay-type":"","overlay-color":"","overlay-opacity":"","overlay-gradient":""},"mobile":{"background-color":"var(--ast-global-color-5)","background-image":"","background-repeat":"repeat","background-position":"center center","background-size":"auto","background-attachment":"scroll","background-type":"","background-media":"","overlay-type":"","overlay-color":"","overlay-opacity":"","overlay-gradient":""}},"_joinchat":{"telephone":"17776015835"}},"product_brand":[],"product_cat":[65,153,160,142,146,290],"product_tag":[261,165,291,294,94,293],"class_list":{"0":"post-3975","1":"product","2":"type-product","3":"status-publish","4":"has-post-thumbnail","6":"product_cat-40000-puff","7":"product_cat-buy-disposable-vapes-in-italy","8":"product_cat-buy-disposable-vapes-in-switzerland","9":"product_cat-digital-box-disposable-vapes","10":"product_cat-rechargeable-disposable-vapes","11":"product_cat-vopk-vape","12":"product_tag-2-in-1-double-flavor-vape","13":"product_tag-cheap-vapes","14":"product_tag-disposable-shisha-hookah","15":"product_tag-puff-40k","16":"product_tag-rechargeable-disposable-vape","17":"product_tag-vopk-ultra-40000","18":"desktop-align-left","19":"tablet-align-left","20":"mobile-align-left","22":"first","23":"instock","24":"sale","25":"shipping-taxable","26":"purchasable","27":"product-type-simple"},"acf":[],"uagb_featured_image_src":{"full":["https:\/\/vapestornado.com\/wp-content\/uploads\/2025\/03\/VOPK-ULTRA-40000-puffs-Disposable-Vape.webp",800,800,false],"thumbnail":["https:\/\/vapestornado.com\/wp-content\/uploads\/2025\/03\/VOPK-ULTRA-40000-puffs-Disposable-Vape-150x150.webp",150,150,true],"medium":["https:\/\/vapestornado.com\/wp-content\/uploads\/2025\/03\/VOPK-ULTRA-40000-puffs-Disposable-Vape-300x300.webp",300,300,true],"medium_large":["https:\/\/vapestornado.com\/wp-content\/uploads\/2025\/03\/VOPK-ULTRA-40000-puffs-Disposable-Vape-768x768.webp",768,768,true],"large":["https:\/\/vapestornado.com\/wp-content\/uploads\/2025\/03\/VOPK-ULTRA-40000-puffs-Disposable-Vape.webp",800,800,false],"1536x1536":["https:\/\/vapestornado.com\/wp-content\/uploads\/2025\/03\/VOPK-ULTRA-40000-puffs-Disposable-Vape.webp",800,800,false],"2048x2048":["https:\/\/vapestornado.com\/wp-content\/uploads\/2025\/03\/VOPK-ULTRA-40000-puffs-Disposable-Vape.webp",800,800,false],"trp-custom-language-flag":["https:\/\/vapestornado.com\/wp-content\/uploads\/2025\/03\/VOPK-ULTRA-40000-puffs-Disposable-Vape.webp",12,12,false],"woocommerce_thumbnail":["https:\/\/vapestornado.com\/wp-content\/uploads\/2025\/03\/VOPK-ULTRA-40000-puffs-Disposable-Vape-300x300.webp",300,300,true],"woocommerce_single":["https:\/\/vapestornado.com\/wp-content\/uploads\/2025\/03\/VOPK-ULTRA-40000-puffs-Disposable-Vape-600x600.webp",600,600,true],"woocommerce_gallery_thumbnail":["https:\/\/vapestornado.com\/wp-content\/uploads\/2025\/03\/VOPK-ULTRA-40000-puffs-Disposable-Vape-100x100.webp",100,100,true]},"uagb_author_info":{"display_name":"ESAMY","author_link":"https:\/\/vapestornado.com\/sl\/author\/"},"uagb_comment_info":0,"uagb_excerpt":"The VOPK Ultra 40000 Vape offers dual flavours, quad mesh coils, and a smart digital screen. A premium disposable built for factory wholesale suppliers and bulk orders in Europe. Add Amy's whatsapp to get right reply and discount price! WhatsApp: +86 17776015835 &nbsp;","_links":{"self":[{"href":"https:\/\/vapestornado.com\/sl\/wp-json\/wp\/v2\/product\/3975","targetHints":{"allow":["GET"]}}],"collection":[{"href":"https:\/\/vapestornado.com\/sl\/wp-json\/wp\/v2\/product"}],"about":[{"href":"https:\/\/vapestornado.com\/sl\/wp-json\/wp\/v2\/types\/product"}],"replies":[{"embeddable":true,"href":"https:\/\/vapestornado.com\/sl\/wp-json\/wp\/v2\/comments?post=3975"}],"wp:featuredmedia":[{"embeddable":true,"href":"https:\/\/vapestornado.com\/sl\/wp-json\/wp\/v2\/media\/3959"}],"wp:attachment":[{"href":"https:\/\/vapestornado.com\/sl\/wp-json\/wp\/v2\/media?parent=3975"}],"wp:term":[{"taxonomy":"product_brand","embeddable":true,"href":"https:\/\/vapestornado.com\/sl\/wp-json\/wp\/v2\/product_brand?post=3975"},{"taxonomy":"product_cat","embeddable":true,"href":"https:\/\/vapestornado.com\/sl\/wp-json\/wp\/v2\/product_cat?post=3975"},{"taxonomy":"product_tag","embeddable":true,"href":"https:\/\/vapestornado.com\/sl\/wp-json\/wp\/v2\/product_tag?post=3975"}],"curies":[{"name":"wp","href":"https:\/\/api.w.org\/{rel}","templated":true}]}}