{"id":3974,"date":"2025-03-24T07:31:30","date_gmt":"2025-03-24T07:31:30","guid":{"rendered":"https:\/\/vapestornado.com\/?post_type=product&#038;p=3974"},"modified":"2025-08-23T10:38:02","modified_gmt":"2025-08-23T10:38:02","slug":"vopk-shisha-hookah-20000-puffs-disposable-vapes-bar-best-flavor-wholesale","status":"publish","type":"product","link":"https:\/\/vapestornado.com\/sl\/product\/vopk-shisha-hookah-20000-puffs-disposable-vapes-bar-best-flavor-wholesale\/","title":{"rendered":"Vopk Shisha Hookah 20000 vdihov Vapes Bar za enkratno uporabo Najbolj\u0161i okus Veleprodaja"},"content":{"rendered":"<h1 data-pm-slice=\"1 1 []\">Vopk Shisha Hookah 20000 vdihov Vapes Bar za enkratno uporabo Najbolj\u0161i okus Veleprodaja<\/h1>\n<p data-start=\"272\" data-end=\"577\">The <strong data-start=\"276\" data-end=\"319\">Vopk Shisha Hookah 20000 Vpihov Vape Bar<\/strong> je zasnovan za trgovce na debelo in drobno, ki i\u0161\u010dejo napravo z veliko kapaciteto in mo\u010dno privla\u010dnostjo za ljubitelje shishe in hookah. Zagotavlja do <strong data-start=\"467\" data-end=\"483\">20.000 vdihov<\/strong> iz <strong data-start=\"491\" data-end=\"513\">28 ml rezervoarja za e-teko\u010dino<\/strong>, zagotavlja dolgotrajno uporabo in odli\u010den potencial za nadaljnjo prodajo.<\/p>\n<p data-start=\"579\" data-end=\"910\">Izdelan z <strong data-start=\"592\" data-end=\"610\">0.6\u03a9 mre\u017easta tuljava<\/strong>, naprava proizvaja gosto paro in izbolj\u0161an okus, zaradi \u010desar je idealna za <strong data-start=\"685\" data-end=\"706\">DTL na\u010dine vapinga<\/strong>. Baterija z <strong data-start=\"712\" data-end=\"738\">digitalni zaslon<\/strong> uporabnike obve\u0161\u010da o \u017eivljenjski dobi baterije in nivoju e-teko\u010dine, medtem ko <strong data-start=\"811\" data-end=\"842\">850 mAh baterijo za ponovno polnjenje<\/strong> z <strong data-start=\"848\" data-end=\"867\">polnjenje tipa C<\/strong> zagotavlja enakomerno mo\u010d skozi ves dan.<\/p>\n<p data-start=\"912\" data-end=\"1205\">The <strong data-start=\"916\" data-end=\"953\">dvobarvna oblika, ki jo navdihuje shisha<\/strong> daje Vopk 20K edinstven videz, ki izstopa v trgovinah, medtem ko \u0161iroka paleta mo\u017enosti okusov \u2013 od sadnih do ledenih \u2013 zagotavlja nekaj za vsako stranko. Kompakten in enostaven za prena\u0161anje, je vsestranska izbira za vsakodnevno uporabo ali veleprodajno distribucijo.<\/p>\n<p data-start=\"1207\" data-end=\"1393\">Za slovenske distributerje <strong data-start=\"1238\" data-end=\"1271\">Vopk Shisha Hookah 20000 Vape<\/strong> zdru\u017euje vzdr\u017eljivost, zmogljivost in <strong data-start=\"1310\" data-end=\"1343\">konkuren\u010dne veleprodajne cene<\/strong>, zaradi \u010desar je donosna mo\u017enost za mno\u017ei\u010dna naro\u010dila.<\/p>\n<p data-start=\"666\" data-end=\"1235\"><strong style=\"font-size: 16px;\"><span style=\"color: #ff0000;\">Dodajte Amy na WhatsApp za pravilen odgovor in ceno s popustom!<\/span><\/strong><\/p>\n<p><img fetchpriority=\"high\" decoding=\"async\" class=\"size-full wp-image-2932\" src=\"https:\/\/vapestornado.com\/wp-content\/uploads\/2024\/12\/Vape-Wholesale.jpg\" alt=\"Vape Veleprodaja\" width=\"229\" height=\"300\" \/><\/p>\n<h3><a href=\"https:\/\/wa.me\/8617776015835\" target=\"_blank\" rel=\"noopener\"><span style=\"color: #ff0000;\"><strong>WhatsApp: +386 17776015835<\/strong><\/span><\/a><\/h3>\n<p>&nbsp;<\/p>\n<h2><strong>Vopk Shisha Hookah 20000 Vape Bar Glavne zna\u010dilnosti izdelka<\/strong><\/h2>\n<p>Blagovna znamka: VOPK BAR<br \/>\nVpihi: 20000 vpihov<br \/>\nPrimerno za: Vsi&gt;18<br \/>\nKapaciteta: 28 ml<br \/>\nVpih: 20000 vpihov<br \/>\nBaterija: 850mAh<br \/>\nNikotin: 0 %\/2 %\/3 %\/5 % Nikotinska sol<br \/>\nUpornost: 1,0 ohm mre\u017easta tuljava<br \/>\nDigitalni zaslon za olje in baterijo<br \/>\nPaket: Posamezna embala\u017ena \u0161katla<\/p>\n<h2 class=\"product-title\"><strong>Vopk Shisha Hookah 20000 Seznam okusov pisala za enkratno uporabo<\/strong><\/h2>\n<article class=\"w-full text-token-text-primary focus-visible:outline-2 focus-visible:outline-offset-[-4px]\" dir=\"auto\" data-testid=\"conversation-turn-32\" data-scroll-anchor=\"false\">\n<div class=\"m-auto text-base py-[18px] px-6\">\n<div class=\"mx-auto flex flex-1 text-base gap-4 md:gap-5 lg:gap-6 md:max-w-3xl lg:max-w-[40rem] xl:max-w-[48rem]\">\n<div class=\"group\/conversation-turn relative flex w-full min-w-0 flex-col @xs\/thread:px-0 @sm\/thread:px-1.5 @md\/thread:px-4\">\n<div class=\"flex-col gap-1 md:gap-3\">\n<div class=\"flex max-w-full flex-col flex-grow\">\n<div class=\"min-h-8 text-message flex w-full flex-col items-end gap-2 whitespace-normal break-words text-start [.text-message+&amp;]:mt-5\" dir=\"auto\" data-message-author-role=\"user\" data-message-id=\"ffac41ca-1db4-431b-873a-32c4052956f1\">\n<div class=\"flex w-full flex-col gap-1 empty:hidden items-end rtl:items-start\">\n<div class=\"relative max-w-[var(--user-chat-width,70%)] rounded-3xl bg-token-message-surface px-5 py-2.5\">\n<div class=\"absolute bottom-0 right-full top-0 -mr-3.5 hidden pr-5 pt-2 [.group\/conversation-turn:hover_&amp;]:flex\">\n<div class=\"flex\">\n<article class=\"w-full text-token-text-primary focus-visible:outline-2 focus-visible:outline-offset-[-4px]\" dir=\"auto\" data-testid=\"conversation-turn-39\" data-scroll-anchor=\"true\">\n<div class=\"m-auto text-base py-[18px] px-6\">\n<div class=\"mx-auto flex flex-1 text-base gap-4 md:gap-5 lg:gap-6 md:max-w-3xl lg:max-w-[40rem] xl:max-w-[48rem]\">\n<div class=\"group\/conversation-turn relative flex w-full min-w-0 flex-col agent-turn @xs\/thread:px-0 @sm\/thread:px-1.5 @md\/thread:px-4\">\n<div class=\"flex-col gap-1 md:gap-3\">\n<div class=\"flex max-w-full flex-col flex-grow\">\n<div class=\"min-h-8 text-message flex w-full flex-col items-end gap-2 whitespace-normal break-words text-start [.text-message+&amp;]:mt-5\" dir=\"auto\" data-message-author-role=\"assistant\" data-message-id=\"55a23854-ec57-48dd-bd4f-6118f43d6241\" data-message-model-slug=\"gpt-4o\">\n<div class=\"flex w-full flex-col gap-1 empty:hidden first:pt-[3px]\">\n<div class=\"markdown prose w-full break-words dark:prose-invert light\">\n<p>1.Borovnica na ledu<br \/>\n2.Jagoda kivi<br \/>\n3.Me\u0161ano jagodi\u010devje<br \/>\n4.Jagoda in lubenica<br \/>\n5. Lubeni\u010dni led<br \/>\n6.Breskev mango ananas<br \/>\n7.Borovnica malina<br \/>\n8.Jagodna malina bombon<br \/>\n9.Lubenica \u010de\u0161nja<br \/>\n10.Ledeni \u010drni ribez<\/p>\n<\/div>\n<figure id=\"attachment_3966\" aria-describedby=\"caption-attachment-3966\" style=\"width: 800px\" class=\"wp-caption alignnone\"><img decoding=\"async\" class=\"wp-image-3966 size-full\" src=\"https:\/\/vapestornado.com\/wp-content\/uploads\/2025\/03\/VOPK-Shisha-Hookah-BAR-Disposable-Vape-Wholesale.jpg\" alt=\"VOPK Shisha Hookah BAR Vape za enkratno uporabo Veleprodaja\" width=\"800\" height=\"957\" srcset=\"https:\/\/vapestornado.com\/wp-content\/uploads\/2025\/03\/VOPK-Shisha-Hookah-BAR-Disposable-Vape-Wholesale.jpg 800w, https:\/\/vapestornado.com\/wp-content\/uploads\/2025\/03\/VOPK-Shisha-Hookah-BAR-Disposable-Vape-Wholesale-251x300.jpg 251w, https:\/\/vapestornado.com\/wp-content\/uploads\/2025\/03\/VOPK-Shisha-Hookah-BAR-Disposable-Vape-Wholesale-768x919.jpg 768w, https:\/\/vapestornado.com\/wp-content\/uploads\/2025\/03\/VOPK-Shisha-Hookah-BAR-Disposable-Vape-Wholesale-600x718.jpg 600w\" sizes=\"(max-width: 800px) 100vw, 800px\" \/><figcaption id=\"caption-attachment-3966\" class=\"wp-caption-text\">VOPK Shisha Hookah BAR Vape za enkratno uporabo Veleprodaja<\/figcaption><\/figure>\n<\/div>\n<\/div>\n<\/div>\n<\/div>\n<\/div>\n<\/div>\n<\/div>\n<\/article>\n<\/div>\n<\/div>\n<\/div>\n<\/div>\n<\/div>\n<\/div>\n<\/div>\n<\/div>\n<\/div>\n<\/div>\n<\/article>\n<h2 data-start=\"86\" data-end=\"129\">Primerjava serije Vopk (Vodnik za veleprodajo)<\/h2>\n<p data-start=\"131\" data-end=\"155\"><strong data-start=\"131\" data-end=\"153\">Vopk Kul Bar 9000<\/strong><\/p>\n<ul data-start=\"156\" data-end=\"462\">\n<li data-start=\"156\" data-end=\"172\">\n<p data-start=\"158\" data-end=\"172\">Vpihi: 9.000<\/p>\n<\/li>\n<li data-start=\"173\" data-end=\"205\">\n<p data-start=\"175\" data-end=\"205\">Baterija: 600 mAh, mo\u017enost ponovnega polnjenja<\/p>\n<\/li>\n<li data-start=\"206\" data-end=\"233\">\n<p data-start=\"208\" data-end=\"233\">Kapaciteta e-teko\u010dine: 16 ml<\/p>\n<\/li>\n<li data-start=\"234\" data-end=\"258\">\n<p data-start=\"236\" data-end=\"258\">Vrsta tuljave: 1,0 \u03a9 Mesh<\/p>\n<\/li>\n<li data-start=\"259\" data-end=\"322\">\n<p data-start=\"261\" data-end=\"322\">Klju\u010dne lastnosti: Nastavljiv pretok zraka, podpira MTL<\/p>\n<\/li>\n<li data-start=\"323\" data-end=\"395\">\n<p data-start=\"325\" data-end=\"395\">Ciljni kupci: Ob\u010dasni dnevni uporabniki, kupci, ki preizku\u0161ajo, lastniki manj\u0161ih trgovin<\/p>\n<\/li>\n<li data-start=\"396\" data-end=\"462\">\n<p data-start=\"398\" data-end=\"462\">Veleprodajne klju\u010dne besede: 9K vape za enkratno uporabo, veleprodaja kompleta vape pisal<\/p>\n<\/li>\n<\/ul>\n<hr data-start=\"464\" data-end=\"467\" \/>\n<p data-start=\"469\" data-end=\"499\"><strong data-start=\"469\" data-end=\"497\">Vopk Shisha Hookah 20000<\/strong><\/p>\n<ul data-start=\"500\" data-end=\"814\">\n<li data-start=\"500\" data-end=\"517\">\n<p data-start=\"502\" data-end=\"517\">Vpihov: 20.000<\/p>\n<\/li>\n<li data-start=\"518\" data-end=\"550\">\n<p data-start=\"520\" data-end=\"550\">Baterija: 850 mAh, mo\u017enost ponovnega polnjenja<\/p>\n<\/li>\n<li data-start=\"551\" data-end=\"578\">\n<p data-start=\"553\" data-end=\"578\">Kapaciteta e-teko\u010dine: 28 ml<\/p>\n<\/li>\n<li data-start=\"579\" data-end=\"603\">\n<p data-start=\"581\" data-end=\"603\">Vrsta tuljave: 0,6 \u03a9 mre\u017easta<\/p>\n<\/li>\n<li data-start=\"604\" data-end=\"680\">\n<p data-start=\"606\" data-end=\"680\">Klju\u010dne lastnosti: Dizajn v stilu shishe, digitalni zaslon, idealen za DTL vaping<\/p>\n<\/li>\n<li data-start=\"681\" data-end=\"746\">\n<p data-start=\"683\" data-end=\"746\">Ciljni kupci: Navdu\u0161enci nad hookah, srednje velike vape trgovine<\/p>\n<\/li>\n<li data-start=\"747\" data-end=\"814\">\n<p data-start=\"749\" data-end=\"814\">Veleprodajne klju\u010dne besede: 20K shisha vape bar, veleprodaja v stilu hookah<\/p>\n<\/li>\n<\/ul>\n<hr data-start=\"816\" data-end=\"819\" \/>\n<p data-start=\"821\" data-end=\"840\"><strong data-start=\"821\" data-end=\"838\">Vopk 60K 3v1<\/strong><\/p>\n<ul data-start=\"841\" data-end=\"1208\">\n<li data-start=\"841\" data-end=\"866\">\n<p data-start=\"843\" data-end=\"866\">Vpihov: 60.000 (3\u00d720K)<\/p>\n<\/li>\n<li data-start=\"867\" data-end=\"899\">\n<p data-start=\"869\" data-end=\"899\">Baterija: 950 mAh, mo\u017enost ponovnega polnjenja<\/p>\n<\/li>\n<li data-start=\"900\" data-end=\"948\">\n<p data-start=\"902\" data-end=\"948\">Kapaciteta e-teko\u010dine: 3 lo\u010deni rezervoarji (20 ml\u00d73)<\/p>\n<\/li>\n<li data-start=\"949\" data-end=\"973\">\n<p data-start=\"951\" data-end=\"973\">Vrsta tuljave: Dvojna mre\u017easta<\/p>\n<\/li>\n<li data-start=\"974\" data-end=\"1059\">\n<p data-start=\"976\" data-end=\"1059\">Klju\u010dne lastnosti: Sistem preklapljanja med 3 okusi, zasnovan za dolgotrajno uporabo<\/p>\n<\/li>\n<li data-start=\"1060\" data-end=\"1135\">\n<p data-start=\"1062\" data-end=\"1135\">Ciljni kupci: Intenzivni uporabniki, veliki distributerji, kanali z visoko mar\u017eo<\/p>\n<\/li>\n<li data-start=\"1136\" data-end=\"1208\">\n<p data-start=\"1138\" data-end=\"1208\">Veleprodajne klju\u010dne besede: 60K 3v1 vape veleprodaja, razsuti polnilni vape<\/p>\n<\/li>\n<\/ul>\n<div class=\"flex-shrink-0 flex flex-col relative items-end\">\n<div class=\"pt-0\">\n<div class=\"gizmo-bot-avatar flex h-8 w-8 items-center justify-center overflow-hidden rounded-full\">\n<div class=\"relative p-1 rounded-sm flex items-center justify-center bg-token-main-surface-primary text-token-text-primary h-8 w-8\">\n<p data-start=\"559\" data-end=\"933\" data-is-last-node=\"\" data-is-only-node=\"\">Imamo tudi nekaj drugih priljubljenih vape izdelkov z zaslonom, kot so<em> <a href=\"https:\/\/vapestornado.com\/sl\/product\/mesii-couple-50k-disposable-shisha-hookah-50000-puffs-vape-with-digital-display\/\">Mesii par 50000<\/a>, <a href=\"https:\/\/vapestornado.com\/sl\/product\/vopk-ultra-40000-puffs-2-in-1-digital-screen-rechargeable-disposable-vape\/\">VOPK 40000 Puff Vape za enkratno uporabo<\/a>, <a href=\"https:\/\/vapestornado.com\/sl\/product\/bang-beach-22000-20k-puff-disposable-vape-pen-with-screen-reddit-hot\/\">Bang Pla\u017ea 22000<\/a>,<\/em> in ve\u010d.<\/p>\n<\/div>\n<div class=\"relative p-1 rounded-sm flex items-center justify-center bg-token-main-surface-primary text-token-text-primary h-8 w-8\">\n<h3>Pogosta vpra\u0161anja<\/h3>\n<p><strong>1. Kako dolgo traja, da postanete zasvojeni z vape za enkratno uporabo?<\/strong><br \/>\nZasvojenost z nikotinom je odvisna od dejavnikov, kot so pogostost uporabe, mo\u010d nikotina in individualna fiziologija. Vape za enkratno uporabo z nikotinom (kot je\u00a0<strong>Vopk Shisha Hookah 20000 Vdihov<\/strong>) lahko povzro\u010di odvisnost, \u010de se redno uporablja. Za zmanj\u0161anje tveganj razmislite o uporabi ni\u017ejih ravni nikotina (0%, 2%, ali 3%) ali mo\u017enosti brez nikotina. Vedno vapajte odgovorno.<\/p>\n<p><strong>2. Kako dolgo se polni vape za enkratno uporabo z 20000 vdihi?<\/strong><br \/>\nZa vape za enkratno uporabo z mo\u017enostjo polnjenja, kot je\u00a0<strong>Vopk Shisha Hookah 20000 Vdihov<\/strong>, \u010das polnjenja je odvisen od zmogljivosti baterije. Z\u00a0<strong>850 mAh<\/strong>\u00a0in\u00a0<strong>polnjenje tipa C<\/strong>, obi\u010dajno traja pribli\u017eno\u00a0<strong>60\u201390 minut<\/strong>\u00a0za popolno polnjenje. Ta\u00a0<strong>digitalnem zaslonu<\/strong>\u00a0bo prikazal napredek polnjenja, tako da boste vedeli, kdaj je naprava pripravljena.<\/p>\n<p><strong>3. Ali lahko vzamem vape na letalo v Sloveniji?<\/strong><br \/>\nDa, vape lahko vzamete na letalo v Sloveniji, vendar mora biti shranjen v va\u0161i\u00a0<strong>ro\u010dna prtljaga<\/strong>. Vape so\u00a0<strong>dovoljene v oddani prtljagi<\/strong>\u00a0zaradi varnostnih predpisov za litij-ionske baterije. Prepri\u010dajte se, da je naprava izklopljena in varno shranjena. Preverite pri svoji letalski dru\u017ebi za posebne smernice, saj imajo nekatere lahko dodatne omejitve.<\/p>\n<p><strong>4. Kako vem, kdaj je moj vape za enkratno uporabo prazen?<\/strong><br \/>\nVedeli boste, da je va\u0161 vape za enkratno uporabo prazen, ko:<\/p>\n<ul>\n<li><strong>Zmanj\u0161anje proizvodnje pare:<\/strong>\u00a0Opazili boste bistveno manj pare pri vdihavanju.<\/li>\n<li><strong>Priokus po za\u017eganem:<\/strong>\u00a0Priokus po za\u017eganem ali neprijetnem okusu ka\u017ee, da je e-teko\u010dina iz\u010drpana.<\/li>\n<li><strong>Brez okusa:<\/strong>\u00a0\u010ce se okus zmanj\u0161a ali izgine, je to znak, da je kartu\u0161a prazna.<\/li>\n<li><strong>Zaslon:<\/strong>\u00a0Naprave, kot je\u00a0<strong>Vopk Shisha Hookah 20000 Vdihov<\/strong>\u00a0imajo\u00a0<strong>digitalnem zaslonu<\/strong>\u00a0ki prikazuje raven e-teko\u010dine, kar olaj\u0161a spremljanje, kdaj je naprava prazna.<\/li>\n<\/ul>\n<p>Ko naprava preneha proizvajati paro ali okus izgine, jo je treba odgovorno zavre\u010di.<\/p>\n<\/div>\n<\/div>\n<\/div>\n<\/div>","protected":false},"excerpt":{"rendered":"<p data-start=\"1433\" data-end=\"1606\">The <strong data-start=\"1437\" data-end=\"1480\">Vopk Shisha Hookah 20000 Vpihov Vape Bar<\/strong> zagotavlja DTL paro, 28 ml e-teko\u010dine in digitalni zaslon. Elegantna, polnilna mo\u017enost za <strong data-start=\"1573\" data-end=\"1603\">veleprodajne kupce v Evropi<\/strong>.<\/p>\n<p><strong>Dodajte Amyin WhatsApp, da dobite pravi odgovor in ceno s popustom!<\/strong><\/p>\n<p><img fetchpriority=\"high\" decoding=\"async\" class=\"size-full wp-image-2932\" src=\"https:\/\/vapestornado.com\/wp-content\/uploads\/2024\/12\/Vape-Wholesale.jpg\" alt=\"Vape Veleprodaja\" width=\"229\" height=\"300\" \/><\/p>\n<h3><a href=\"https:\/\/wa.me\/8617776015835\"><span style=\"color: #ff0000;\"><strong>WhatsApp: +386 17776015835<\/strong><\/span><\/a><\/h3>\n<p>&nbsp;<\/p>","protected":false},"featured_media":3965,"comment_status":"open","ping_status":"closed","template":"","meta":{"_acf_changed":false,"_uag_custom_page_level_css":"","_lmt_disableupdate":"no","_lmt_disable":"","_monsterinsights_skip_tracking":false,"_monsterinsights_sitenote_active":false,"_monsterinsights_sitenote_note":"","_monsterinsights_sitenote_category":0,"site-sidebar-layout":"default","site-content-layout":"","ast-site-content-layout":"default","site-content-style":"default","site-sidebar-style":"default","ast-global-header-display":"","ast-banner-title-visibility":"","ast-main-header-display":"","ast-hfb-above-header-display":"","ast-hfb-below-header-display":"","ast-hfb-mobile-header-display":"","site-post-title":"","ast-breadcrumbs-content":"","ast-featured-img":"","footer-sml-layout":"","ast-disable-related-posts":"","theme-transparent-header-meta":"default","adv-header-id-meta":"","stick-header-meta":"","header-above-stick-meta":"","header-main-stick-meta":"","header-below-stick-meta":"","astra-migrate-meta-layouts":"set","ast-page-background-enabled":"default","ast-page-background-meta":{"desktop":{"background-color":"","background-image":"","background-repeat":"repeat","background-position":"center center","background-size":"auto","background-attachment":"scroll","background-type":"","background-media":"","overlay-type":"","overlay-color":"","overlay-opacity":"","overlay-gradient":""},"tablet":{"background-color":"","background-image":"","background-repeat":"repeat","background-position":"center center","background-size":"auto","background-attachment":"scroll","background-type":"","background-media":"","overlay-type":"","overlay-color":"","overlay-opacity":"","overlay-gradient":""},"mobile":{"background-color":"","background-image":"","background-repeat":"repeat","background-position":"center center","background-size":"auto","background-attachment":"scroll","background-type":"","background-media":"","overlay-type":"","overlay-color":"","overlay-opacity":"","overlay-gradient":""}},"ast-content-background-meta":{"desktop":{"background-color":"var(--ast-global-color-5)","background-image":"","background-repeat":"repeat","background-position":"center center","background-size":"auto","background-attachment":"scroll","background-type":"","background-media":"","overlay-type":"","overlay-color":"","overlay-opacity":"","overlay-gradient":""},"tablet":{"background-color":"var(--ast-global-color-5)","background-image":"","background-repeat":"repeat","background-position":"center center","background-size":"auto","background-attachment":"scroll","background-type":"","background-media":"","overlay-type":"","overlay-color":"","overlay-opacity":"","overlay-gradient":""},"mobile":{"background-color":"var(--ast-global-color-5)","background-image":"","background-repeat":"repeat","background-position":"center center","background-size":"auto","background-attachment":"scroll","background-type":"","background-media":"","overlay-type":"","overlay-color":"","overlay-opacity":"","overlay-gradient":""}},"_joinchat":{"telephone":"17776015835"}},"product_brand":[],"product_cat":[69,152,158,142,147,290],"product_tag":[165,291,287,94,292],"class_list":{"0":"post-3974","1":"product","2":"type-product","3":"status-publish","4":"has-post-thumbnail","6":"product_cat-20000-puff","7":"product_cat-buy-disposable-vapes-in-cermany","8":"product_cat-buy-disposable-vapes-in-spain","9":"product_cat-digital-box-disposable-vapes","10":"product_cat-shisha-hookah-disposable-vapes","11":"product_cat-vopk-vape","12":"product_tag-cheap-vapes","13":"product_tag-disposable-shisha-hookah","14":"product_tag-disposable-vape-pen","15":"product_tag-rechargeable-disposable-vape","16":"product_tag-vopk-shisha-bar-20000","17":"desktop-align-left","18":"tablet-align-left","19":"mobile-align-left","21":"first","22":"instock","23":"sale","24":"shipping-taxable","25":"purchasable","26":"product-type-simple"},"acf":[],"uagb_featured_image_src":{"full":["https:\/\/vapestornado.com\/wp-content\/uploads\/2025\/03\/VOPK-Shisha-Hookah-Bar-20000-Puffs.png",800,800,false],"thumbnail":["https:\/\/vapestornado.com\/wp-content\/uploads\/2025\/03\/VOPK-Shisha-Hookah-Bar-20000-Puffs-150x150.png",150,150,true],"medium":["https:\/\/vapestornado.com\/wp-content\/uploads\/2025\/03\/VOPK-Shisha-Hookah-Bar-20000-Puffs-300x300.png",300,300,true],"medium_large":["https:\/\/vapestornado.com\/wp-content\/uploads\/2025\/03\/VOPK-Shisha-Hookah-Bar-20000-Puffs-768x768.png",768,768,true],"large":["https:\/\/vapestornado.com\/wp-content\/uploads\/2025\/03\/VOPK-Shisha-Hookah-Bar-20000-Puffs.png",800,800,false],"1536x1536":["https:\/\/vapestornado.com\/wp-content\/uploads\/2025\/03\/VOPK-Shisha-Hookah-Bar-20000-Puffs.png",800,800,false],"2048x2048":["https:\/\/vapestornado.com\/wp-content\/uploads\/2025\/03\/VOPK-Shisha-Hookah-Bar-20000-Puffs.png",800,800,false],"trp-custom-language-flag":["https:\/\/vapestornado.com\/wp-content\/uploads\/2025\/03\/VOPK-Shisha-Hookah-Bar-20000-Puffs.png",12,12,false],"woocommerce_thumbnail":["https:\/\/vapestornado.com\/wp-content\/uploads\/2025\/03\/VOPK-Shisha-Hookah-Bar-20000-Puffs-300x300.png",300,300,true],"woocommerce_single":["https:\/\/vapestornado.com\/wp-content\/uploads\/2025\/03\/VOPK-Shisha-Hookah-Bar-20000-Puffs-600x600.png",600,600,true],"woocommerce_gallery_thumbnail":["https:\/\/vapestornado.com\/wp-content\/uploads\/2025\/03\/VOPK-Shisha-Hookah-Bar-20000-Puffs-100x100.png",100,100,true]},"uagb_author_info":{"display_name":"ESAMY","author_link":"https:\/\/vapestornado.com\/sl\/author\/"},"uagb_comment_info":0,"uagb_excerpt":"The Vopk Shisha Hookah 20000 Puffs Vape Bar delivers DTL vapor, 28ml e-liquid, and a digital screen. A stylish, rechargeable option for wholesale buyers in Europe. Add Amy's whatsapp to get right reply and discount price! WhatsApp: +86 17776015835 &nbsp;","_links":{"self":[{"href":"https:\/\/vapestornado.com\/sl\/wp-json\/wp\/v2\/product\/3974","targetHints":{"allow":["GET"]}}],"collection":[{"href":"https:\/\/vapestornado.com\/sl\/wp-json\/wp\/v2\/product"}],"about":[{"href":"https:\/\/vapestornado.com\/sl\/wp-json\/wp\/v2\/types\/product"}],"replies":[{"embeddable":true,"href":"https:\/\/vapestornado.com\/sl\/wp-json\/wp\/v2\/comments?post=3974"}],"wp:featuredmedia":[{"embeddable":true,"href":"https:\/\/vapestornado.com\/sl\/wp-json\/wp\/v2\/media\/3965"}],"wp:attachment":[{"href":"https:\/\/vapestornado.com\/sl\/wp-json\/wp\/v2\/media?parent=3974"}],"wp:term":[{"taxonomy":"product_brand","embeddable":true,"href":"https:\/\/vapestornado.com\/sl\/wp-json\/wp\/v2\/product_brand?post=3974"},{"taxonomy":"product_cat","embeddable":true,"href":"https:\/\/vapestornado.com\/sl\/wp-json\/wp\/v2\/product_cat?post=3974"},{"taxonomy":"product_tag","embeddable":true,"href":"https:\/\/vapestornado.com\/sl\/wp-json\/wp\/v2\/product_tag?post=3974"}],"curies":[{"name":"wp","href":"https:\/\/api.w.org\/{rel}","templated":true}]}}