{"id":3973,"date":"2025-03-24T07:11:24","date_gmt":"2025-03-24T07:11:24","guid":{"rendered":"https:\/\/vapestornado.com\/?post_type=product&#038;p=3973"},"modified":"2025-12-08T09:05:30","modified_gmt":"2025-12-08T09:05:30","slug":"vopk-cool-9000-puffs-disposable-vapes-bar-puff-9k","status":"publish","type":"product","link":"https:\/\/vapestornado.com\/sl\/product\/vopk-cool-9000-puffs-disposable-vapes-bar-puff-9k\/","title":{"rendered":"Vopk Cool 9000 Vdihov Vape za enkratno uporabo Bar Puff 9K"},"content":{"rendered":"<h1 data-pm-slice=\"1 1 []\">Vopk Cool Bar 9000 Vpihov Vape za Enkratno Uporabo Pisalo Komplet Vpih 9K<\/h1>\n<p data-start=\"1124\" data-end=\"1326\"><strong data-start=\"105\" data-end=\"127\">Vopk Kul Bar 9000<\/strong> je kompakten enkratni inhalator, zasnovan za dolgo dnevno uporabo, ne da bi bil ob\u010dutek ohlapnosti v \u017eepu. Ponuja <strong data-start=\"226\" data-end=\"247\">do 9.000 udarcev<\/strong> iz <strong data-start=\"255\" data-end=\"279\">16 ml vnapolnjen rezervoar<\/strong>, podprt z <strong data-start=\"293\" data-end=\"311\">Mre\u017ena tuljava 1,0 \u03a9<\/strong> za stabilen okus in <strong data-start=\"337\" data-end=\"368\">polnljiva baterija Type-C<\/strong> tako da naprava deluje tako dolgo, kot traja teko\u010dina. Nastavljiv pretok zraka omogo\u010da popoln nadzor nad slogom vdihavanja, od tesnega MTL do bolj odprtega DTL udarca.<\/p>\n<h3 data-start=\"727\" data-end=\"789\">Kaj naredi VOPK Cool Bar 9000 primerno za vas<\/h3>\n<ul data-start=\"791\" data-end=\"1646\">\n<li data-start=\"791\" data-end=\"982\">\n<p data-start=\"793\" data-end=\"982\"><strong data-start=\"793\" data-end=\"830\">Kapaciteta, ki ustreza resni\u010dnim rutinam.<\/strong> 9.000 udarcev in 16 ml e-tekline sta dovolj, da se zmanj\u0161a pogostost zamenjave za redne uporabnike, hkrati pa ohrani napravo lahkotno in enostavno za prena\u0161anje.<\/p>\n<\/li>\n<li data-start=\"984\" data-end=\"1144\">\n<p data-start=\"986\" data-end=\"1144\"><strong data-start=\"986\" data-end=\"1025\">U\u010dinek mre\u017ene tuljave, ki ga lahko ob\u010dutite.<\/strong> The <strong data-start=\"1030\" data-end=\"1048\">Mre\u017ena tuljava 1,0 \u03a9<\/strong> se enakomerno segreva in se izogiba ostrim, neenakomernim okusom, ki jih razvijejo nekateri majhni enkratni vaporizatorji po intenzivni uporabi.<\/p>\n<\/li>\n<li data-start=\"1146\" data-end=\"1347\">\n<p data-start=\"1148\" data-end=\"1347\"><strong data-start=\"1148\" data-end=\"1182\">Pretok zraka, ki ga lahko dejansko prilagodite.<\/strong> Nastavljiv pretok zraka pomeni, da odlo\u010date, kako se bo naprava obna\u0161ala: tesnej\u0161i vdih za cigaretni slog MTL ali bolj ohlapen za ve\u010djega pare. Ena naprava pokriva obe navadi.<\/p>\n<\/li>\n<li data-start=\"1349\" data-end=\"1520\">\n<p data-start=\"1351\" data-end=\"1520\"><strong data-start=\"1351\" data-end=\"1393\">Polnjenje za popolno uporabo rezervoarja.<\/strong> The <strong data-start=\"1398\" data-end=\"1416\">600 mAh<\/strong> plus <strong data-start=\"1422\" data-end=\"1446\">hitro polnjenje Type-C<\/strong> skraj\u0161a \u010das izpada in prepre\u010duje obi\u010davno te\u017eavo \u00bbbaterija najprej po\u010di\u00ab.<\/p>\n<\/li>\n<li data-start=\"1522\" data-end=\"1646\">\n<p data-start=\"1524\" data-end=\"1646\"><strong data-start=\"1524\" data-end=\"1553\">Zasnovano za vsakodnevno uporabo.<\/strong> Kompaktna velikost, \u010dist dizajn in brez nastavitev \u2014 vzemi jo ven, vapaj, polni, ko je potrebno.<\/p>\n<\/li>\n<\/ul>\n<p data-start=\"666\" data-end=\"1235\"><strong style=\"font-size: 16px;\"><span style=\"color: #ff0000;\">Dodajte Amy na WhatsApp za pravilen odgovor in ceno s popustom!<\/span><\/strong><\/p>\n<p><img fetchpriority=\"high\" decoding=\"async\" class=\"size-full wp-image-2932\" src=\"https:\/\/vapestornado.com\/wp-content\/uploads\/2024\/12\/Vape-Wholesale.jpg\" alt=\"Vape Veleprodaja\" width=\"229\" height=\"300\" \/><\/p>\n<h3><a href=\"https:\/\/wa.me\/8617776015835\" target=\"_blank\" rel=\"noopener\"><span style=\"color: #ff0000;\"><strong>WhatsApp: +386 17776015835<\/strong><\/span><\/a><\/h3>\n<p>&nbsp;<\/p>\n<h2><strong>Vopk Cool Bar 9000 Vape Pen \u2013 klju\u010dne lastnosti izdelka<\/strong><\/h2>\n<table>\n<thead>\n<tr>\n<th>Zna\u010dilnosti<\/th>\n<th>Spec<\/th>\n<th>Podrobnosti<\/th>\n<\/tr>\n<\/thead>\n<tbody>\n<tr>\n<td>Blagovna znamka<\/td>\n<td>VOPK Vape<\/td>\n<td>Del linije Cool Bar, namenjene visokodemandnemu EU na voljo na trgu.<\/td>\n<\/tr>\n<tr>\n<td>Zmogljivost vdihovanja<\/td>\n<td>Do 9.000 vdihov<\/td>\n<td>Dovolj dolgo za ve\u010ddnevno do ve\u010dtedensko uporabo, odvisno od tempa.<\/td>\n<\/tr>\n<tr>\n<td>Kapaciteta e-teko\u010dine<\/td>\n<td>16 ml vnaprej napolnjenega<\/td>\n<td>Velik za svojo velikost; podpira podalj\u0161ane seje brez polnjenja.<\/td>\n<\/tr>\n<tr>\n<td>Tuljava<\/td>\n<td>Mre\u017easta tuljava 1,0 \u03a9<\/td>\n<td>Enakomerno segrevanje za bolj gladek vapor in stabilnej\u0161i okus.<\/td>\n<\/tr>\n<tr>\n<td>Zra\u010dni tok<\/td>\n<td>Prilagodljivo<\/td>\n<td>Preklapljanje med tesnej\u0161im MTL in o\u017ejim DTL vdihom.<\/td>\n<\/tr>\n<tr>\n<td>Baterija<\/td>\n<td>600mAh polnljiva baterija<\/td>\n<td>Zanesljiv vsakodnevni izhod; polnjenje namesto zgodnjega zavr\u017eenja.<\/td>\n<\/tr>\n<tr>\n<td>Polnjenje<\/td>\n<td>hitro polnjenje Type-C<\/td>\n<td>Hitra dopolnitev z modernimi, \u0161iroko uporabljenimi EU kabli.<\/td>\n<\/tr>\n<\/tbody>\n<\/table>\n<h2 class=\"product-title\"><strong>Seznam okusov za Vopk Cool Bar 9000 za enkratno uporabo<\/strong><\/h2>\n<article class=\"w-full text-token-text-primary focus-visible:outline-2 focus-visible:outline-offset-[-4px]\" dir=\"auto\" data-testid=\"conversation-turn-32\" data-scroll-anchor=\"false\">\n<div class=\"m-auto text-base py-[18px] px-6\">\n<div class=\"mx-auto flex flex-1 text-base gap-4 md:gap-5 lg:gap-6 md:max-w-3xl lg:max-w-[40rem] xl:max-w-[48rem]\">\n<div class=\"group\/conversation-turn relative flex w-full min-w-0 flex-col @xs\/thread:px-0 @sm\/thread:px-1.5 @md\/thread:px-4\">\n<div class=\"flex-col gap-1 md:gap-3\">\n<div class=\"flex max-w-full flex-col flex-grow\">\n<div class=\"min-h-8 text-message flex w-full flex-col items-end gap-2 whitespace-normal break-words text-start [.text-message+&amp;]:mt-5\" dir=\"auto\" data-message-author-role=\"user\" data-message-id=\"ffac41ca-1db4-431b-873a-32c4052956f1\">\n<div class=\"flex w-full flex-col gap-1 empty:hidden items-end rtl:items-start\">\n<div class=\"relative max-w-[var(--user-chat-width,70%)] rounded-3xl bg-token-message-surface px-5 py-2.5\">\n<div class=\"absolute bottom-0 right-full top-0 -mr-3.5 hidden pr-5 pt-2 [.group\/conversation-turn:hover_&amp;]:flex\">\n<div class=\"flex\">\n<article class=\"w-full text-token-text-primary focus-visible:outline-2 focus-visible:outline-offset-[-4px]\" dir=\"auto\" data-testid=\"conversation-turn-39\" data-scroll-anchor=\"true\">\n<div class=\"m-auto text-base py-[18px] px-6\">\n<div class=\"mx-auto flex flex-1 text-base gap-4 md:gap-5 lg:gap-6 md:max-w-3xl lg:max-w-[40rem] xl:max-w-[48rem]\">\n<div class=\"group\/conversation-turn relative flex w-full min-w-0 flex-col agent-turn @xs\/thread:px-0 @sm\/thread:px-1.5 @md\/thread:px-4\">\n<div class=\"flex-col gap-1 md:gap-3\">\n<div class=\"flex max-w-full flex-col flex-grow\">\n<div class=\"min-h-8 text-message flex w-full flex-col items-end gap-2 whitespace-normal break-words text-start [.text-message+&amp;]:mt-5\" dir=\"auto\" data-message-author-role=\"assistant\" data-message-id=\"55a23854-ec57-48dd-bd4f-6118f43d6241\" data-message-model-slug=\"gpt-4o\">\n<div class=\"flex w-full flex-col gap-1 empty:hidden first:pt-[3px]\">\n<div class=\"markdown prose w-full break-words dark:prose-invert light\">\n<p>1. Breskev Led<br \/>\n2. Dvojna Meta<br \/>\n3. Ble\u0161\u010de\u010da Limona<br \/>\n4. Grozdje Aloe<br \/>\n5. Grozdje Li\u010di<br \/>\n6. Cola Ice<br \/>\n7. Pomaran\u010da Sour<br \/>\n8. Me\u0161ano jagodi\u010devje<br \/>\n9. Red Bull Ice<br \/>\n10. Lubenica Ice<\/p>\n<figure id=\"attachment_3967\" aria-describedby=\"caption-attachment-3967\" style=\"width: 800px\" class=\"wp-caption alignnone\"><img decoding=\"async\" class=\"wp-image-3967 size-full\" src=\"https:\/\/vapestornado.com\/wp-content\/uploads\/2025\/03\/VOPK-9K-9000-Puff-Disposable-Vape-Pen-Kit.webp\" alt=\"VOPK 9K 9000 Puff Komplet za enkratno uporabo Vape Pen\" width=\"800\" height=\"800\" srcset=\"https:\/\/vapestornado.com\/wp-content\/uploads\/2025\/03\/VOPK-9K-9000-Puff-Disposable-Vape-Pen-Kit.webp 800w, https:\/\/vapestornado.com\/wp-content\/uploads\/2025\/03\/VOPK-9K-9000-Puff-Disposable-Vape-Pen-Kit-300x300.webp 300w, https:\/\/vapestornado.com\/wp-content\/uploads\/2025\/03\/VOPK-9K-9000-Puff-Disposable-Vape-Pen-Kit-150x150.webp 150w, https:\/\/vapestornado.com\/wp-content\/uploads\/2025\/03\/VOPK-9K-9000-Puff-Disposable-Vape-Pen-Kit-768x768.webp 768w, https:\/\/vapestornado.com\/wp-content\/uploads\/2025\/03\/VOPK-9K-9000-Puff-Disposable-Vape-Pen-Kit-600x600.webp 600w, https:\/\/vapestornado.com\/wp-content\/uploads\/2025\/03\/VOPK-9K-9000-Puff-Disposable-Vape-Pen-Kit-100x100.webp 100w\" sizes=\"(max-width: 800px) 100vw, 800px\" \/><figcaption id=\"caption-attachment-3967\" class=\"wp-caption-text\">VOPK 9K 9000 Puff Komplet za enkratno uporabo Vape Pen<\/figcaption><\/figure>\n<\/div>\n<\/div>\n<\/div>\n<\/div>\n<\/div>\n<\/div>\n<\/div>\n<\/div>\n<\/article>\n<\/div>\n<\/div>\n<\/div>\n<\/div>\n<\/div>\n<\/div>\n<\/div>\n<\/div>\n<\/div>\n<\/div>\n<\/article>\n<h3>Zakaj izbrati Vapestornado za nakup Vopk Cool Bar 9000?<\/h3>\n<div class=\"flex-shrink-0 flex flex-col relative items-end\">\n<div class=\"pt-0\">\n<div class=\"gizmo-bot-avatar flex h-8 w-8 items-center justify-center overflow-hidden rounded-full\">\n<div class=\"relative p-1 rounded-sm flex items-center justify-center bg-token-main-surface-primary text-token-text-primary h-8 w-8\">\n<p data-start=\"88\" data-end=\"557\">Ko gre za <strong data-start=\"105\" data-end=\"154\">\u00a0nakup visokokakovostnih vape za enkratno uporabo<\/strong>, <strong data-start=\"156\" data-end=\"172\">Vapestornado<\/strong> je glavni vir za nepremagljive <strong data-start=\"208\" data-end=\"271\">tovarni\u0161ke cene, hitro po\u0161iljanje in vrhunske storitve za stranke<\/strong>. Nakup Vopk Cool Bar 9000 pri Vapestornado pomeni, da dobite <strong data-start=\"363\" data-end=\"400\">verodostojne, 100-odstotno originalne izdelke<\/strong> z najnovej\u0161o<strong data-start=\"417\" data-end=\"515\"> priro\u010dnostjo polnjenja prek Type-C in kapaciteto 9000 vdihov<\/strong>\u2014vse po <strong data-start=\"527\" data-end=\"554\">najni\u017ejih veleprodajnih cenah<\/strong>.<\/p>\n<p data-start=\"559\" data-end=\"933\" data-is-last-node=\"\" data-is-only-node=\"\">Imamo tudi nekaj drugih priljubljenih vape izdelkov z zaslonom, kot so <a href=\"https:\/\/vapestornado.com\/sl\/product\/mesii-couple-50k-disposable-shisha-hookah-50000-puffs-vape-with-digital-display\/\">Mesii par 50000<\/a>, <a href=\"https:\/\/vapestornado.com\/sl\/product\/vopk-ultra-40000-puffs-2-in-1-digital-screen-rechargeable-disposable-vape\/\">VOPK 40000 Puff Vape za enkratno uporabo<\/a>, <a href=\"https:\/\/vapestornado.com\/sl\/product\/bang-beach-22000-20k-puff-disposable-vape-pen-with-screen-reddit-hot\/\">Bang Pla\u017ea 22000<\/a>, in \u0161e ve\u010d.<\/p>\n<\/div>\n<div class=\"relative p-1 rounded-sm flex items-center justify-center bg-token-main-surface-primary text-token-text-primary h-8 w-8\">\n<h3>Pogosta vpra\u0161anja<\/h3>\n<ol data-start=\"2395\" data-end=\"3557\">\n<li data-start=\"2395\" data-end=\"2643\">\n<p data-start=\"2398\" data-end=\"2643\"><strong data-start=\"2398\" data-end=\"2504\">Kako Bang Vopk Cool Bar 9000 mesh tuljava enostaven za uporabo ohranja okus stabilen skozi 9.000 vdihov?<\/strong><br data-start=\"2504\" data-end=\"2507\" \/>The <strong data-start=\"2511\" data-end=\"2529\">Mre\u017ena tuljava 1,0 \u03a9<\/strong> \u0161iri toploto bolj enakomerno kot standardne \u017ei\u010dne tuljave, kar zmanj\u0161uje ostrost in upo\u010dasnjuje padec okusa pri dolgotrajni uporabi.<\/p>\n<\/li>\n<li data-start=\"2645\" data-end=\"2867\">\n<p data-start=\"2648\" data-end=\"2867\"><strong data-start=\"2648\" data-end=\"2743\">Je prilagodljiv pretok zraka pri Bang Vopk Cool Bar 9000 uporaben za preklapljanje med MTL in DTL?<\/strong><br data-start=\"2743\" data-end=\"2746\" \/>Da. Tesnej\u0161i pretok zraka omogo\u010da vdih v slogu cigarete (MTL), odpiranje pa podpira o\u017eji DTL vdih z ve\u010d pare.<\/p>\n<\/li>\n<li data-start=\"2869\" data-end=\"3098\">\n<p data-start=\"2872\" data-end=\"3098\"><strong data-start=\"2872\" data-end=\"2964\">Ali bo Bang Vopk Cool Bar 9K Type-C ponovno napolnljiv enostaven za uporabo kon\u010dal celoten 16 ml rezervoar?<\/strong><br data-start=\"2964\" data-end=\"2967\" \/>Ponovno polnjenje je zasnovano za ta namen. \u010ce se mo\u010d zmanj\u0161a, preden se teko\u010dina izprazni, hitro polnjenje s Type-C omogo\u010da nadaljevanje uporabe.<\/p>\n<\/li>\n<li data-start=\"3100\" data-end=\"3315\">\n<p data-start=\"3103\" data-end=\"3315\"><strong data-start=\"3103\" data-end=\"3188\">Kak\u0161en izhod pare prihaja iz Bang Vopk Cool Bar 9000 vdihovalke?<\/strong><br data-start=\"3188\" data-end=\"3191\" \/>Pri\u010dakujte gladek, dosleden tok pare. Z odpiranim pretokom zraka se gostota pare pove\u010da, vdih pa ostaja ne\u017een.<\/p>\n<\/li>\n<li data-start=\"3317\" data-end=\"3557\">\n<p data-start=\"3320\" data-end=\"3557\"><strong data-start=\"3320\" data-end=\"3422\">Je kompaktna enkratna vape naprava Bang Vopk Cool Bar 9000 primerna za vsakodnevno no\u0161enje in uporabo na prostem?<\/strong><br data-start=\"3422\" data-end=\"3425\" \/>Zasnovana je za prenosnost: tanek ohi\u0161je, brez nastavitev in dovolj kapacitete za dolge dneve brez doma, poleg hitrega polnjenja, ko je potrebno.<\/p>\n<\/li>\n<\/ol>\n<p>&nbsp;<\/p>\n<\/div>\n<\/div>\n<\/div>\n<\/div>","protected":false},"excerpt":{"rendered":"<p class=\"LC20lb MBeuO DKV0Md\"><strong data-start=\"1370\" data-end=\"1398\">Vopk Cool Bar 9000 Vpihov<\/strong> je cenovno dostopen 9.000-udarec enkratni inhalator z 16 ml rezervoarjem, enakomerno mre\u017eno tuljavo, nastavljivim pretokom zraka in Type-C polnjenjem za predvidljivo vse-dnevno vapovanje. Je priljubljena izbira za <strong data-start=\"1503\" data-end=\"1533\">veleprodajne kupce v Evropi<\/strong>.<\/p>\n<p><strong>Dodajte Amyin WhatsApp, da dobite pravi odgovor in ceno s popustom!<\/strong><\/p>\n<p><img fetchpriority=\"high\" decoding=\"async\" class=\"size-full wp-image-2932\" src=\"https:\/\/vapestornado.com\/wp-content\/uploads\/2024\/12\/Vape-Wholesale.jpg\" alt=\"Vape Veleprodaja\" width=\"229\" height=\"300\" \/><\/p>\n<h3><a href=\"https:\/\/wa.me\/8617776015835\"><span style=\"color: #ff0000;\"><strong>WhatsApp: +386 17776015835<\/strong><\/span><\/a><\/h3>\n<p>&nbsp;<\/p>","protected":false},"featured_media":3969,"comment_status":"open","ping_status":"closed","template":"","meta":{"_acf_changed":false,"_uag_custom_page_level_css":"","_lmt_disableupdate":"no","_lmt_disable":"","_monsterinsights_skip_tracking":false,"_monsterinsights_sitenote_active":false,"_monsterinsights_sitenote_note":"","_monsterinsights_sitenote_category":0,"site-sidebar-layout":"default","site-content-layout":"","ast-site-content-layout":"default","site-content-style":"default","site-sidebar-style":"default","ast-global-header-display":"","ast-banner-title-visibility":"","ast-main-header-display":"","ast-hfb-above-header-display":"","ast-hfb-below-header-display":"","ast-hfb-mobile-header-display":"","site-post-title":"","ast-breadcrumbs-content":"","ast-featured-img":"","footer-sml-layout":"","ast-disable-related-posts":"","theme-transparent-header-meta":"default","adv-header-id-meta":"","stick-header-meta":"","header-above-stick-meta":"","header-main-stick-meta":"","header-below-stick-meta":"","astra-migrate-meta-layouts":"set","ast-page-background-enabled":"default","ast-page-background-meta":{"desktop":{"background-color":"","background-image":"","background-repeat":"repeat","background-position":"center center","background-size":"auto","background-attachment":"scroll","background-type":"","background-media":"","overlay-type":"","overlay-color":"","overlay-opacity":"","overlay-gradient":""},"tablet":{"background-color":"","background-image":"","background-repeat":"repeat","background-position":"center center","background-size":"auto","background-attachment":"scroll","background-type":"","background-media":"","overlay-type":"","overlay-color":"","overlay-opacity":"","overlay-gradient":""},"mobile":{"background-color":"","background-image":"","background-repeat":"repeat","background-position":"center center","background-size":"auto","background-attachment":"scroll","background-type":"","background-media":"","overlay-type":"","overlay-color":"","overlay-opacity":"","overlay-gradient":""}},"ast-content-background-meta":{"desktop":{"background-color":"var(--ast-global-color-5)","background-image":"","background-repeat":"repeat","background-position":"center center","background-size":"auto","background-attachment":"scroll","background-type":"","background-media":"","overlay-type":"","overlay-color":"","overlay-opacity":"","overlay-gradient":""},"tablet":{"background-color":"var(--ast-global-color-5)","background-image":"","background-repeat":"repeat","background-position":"center center","background-size":"auto","background-attachment":"scroll","background-type":"","background-media":"","overlay-type":"","overlay-color":"","overlay-opacity":"","overlay-gradient":""},"mobile":{"background-color":"var(--ast-global-color-5)","background-image":"","background-repeat":"repeat","background-position":"center center","background-size":"auto","background-attachment":"scroll","background-type":"","background-media":"","overlay-type":"","overlay-color":"","overlay-opacity":"","overlay-gradient":""}},"_joinchat":{"telephone":"17776015835"}},"product_brand":[],"product_cat":[73,152,144,146,290],"product_tag":[165,287,483,94,289,288],"class_list":{"0":"post-3973","1":"product","2":"type-product","3":"status-publish","4":"has-post-thumbnail","6":"product_cat-9000-puff","7":"product_cat-buy-disposable-vapes-in-cermany","8":"product_cat-low-nicotine-disposable-vapes","9":"product_cat-rechargeable-disposable-vapes","10":"product_cat-vopk-vape","11":"product_tag-cheap-vapes","12":"product_tag-disposable-vape-pen","13":"product_tag-mini-disposable-vape","14":"product_tag-rechargeable-disposable-vape","15":"product_tag-vopk-9000-disposable-bar","16":"product_tag-vopk-cool-bar-9000","17":"desktop-align-left","18":"tablet-align-left","19":"mobile-align-left","21":"first","22":"instock","23":"sale","24":"shipping-taxable","25":"purchasable","26":"product-type-simple"},"acf":[],"uagb_featured_image_src":{"full":["https:\/\/vapestornado.com\/wp-content\/uploads\/2025\/03\/VOPK-Cool-Bar-9000-Puffs-Disposable-Vape-Wholesale.webp",800,800,false],"thumbnail":["https:\/\/vapestornado.com\/wp-content\/uploads\/2025\/03\/VOPK-Cool-Bar-9000-Puffs-Disposable-Vape-Wholesale-150x150.webp",150,150,true],"medium":["https:\/\/vapestornado.com\/wp-content\/uploads\/2025\/03\/VOPK-Cool-Bar-9000-Puffs-Disposable-Vape-Wholesale-300x300.webp",300,300,true],"medium_large":["https:\/\/vapestornado.com\/wp-content\/uploads\/2025\/03\/VOPK-Cool-Bar-9000-Puffs-Disposable-Vape-Wholesale-768x768.webp",768,768,true],"large":["https:\/\/vapestornado.com\/wp-content\/uploads\/2025\/03\/VOPK-Cool-Bar-9000-Puffs-Disposable-Vape-Wholesale.webp",800,800,false],"1536x1536":["https:\/\/vapestornado.com\/wp-content\/uploads\/2025\/03\/VOPK-Cool-Bar-9000-Puffs-Disposable-Vape-Wholesale.webp",800,800,false],"2048x2048":["https:\/\/vapestornado.com\/wp-content\/uploads\/2025\/03\/VOPK-Cool-Bar-9000-Puffs-Disposable-Vape-Wholesale.webp",800,800,false],"trp-custom-language-flag":["https:\/\/vapestornado.com\/wp-content\/uploads\/2025\/03\/VOPK-Cool-Bar-9000-Puffs-Disposable-Vape-Wholesale.webp",12,12,false],"woocommerce_thumbnail":["https:\/\/vapestornado.com\/wp-content\/uploads\/2025\/03\/VOPK-Cool-Bar-9000-Puffs-Disposable-Vape-Wholesale-300x300.webp",300,300,true],"woocommerce_single":["https:\/\/vapestornado.com\/wp-content\/uploads\/2025\/03\/VOPK-Cool-Bar-9000-Puffs-Disposable-Vape-Wholesale-600x600.webp",600,600,true],"woocommerce_gallery_thumbnail":["https:\/\/vapestornado.com\/wp-content\/uploads\/2025\/03\/VOPK-Cool-Bar-9000-Puffs-Disposable-Vape-Wholesale-100x100.webp",100,100,true]},"uagb_author_info":{"display_name":"ESAMY","author_link":"https:\/\/vapestornado.com\/sl\/author\/"},"uagb_comment_info":0,"uagb_excerpt":"Vopk Cool Bar 9000 Puffs is a pocket-friendly 9,000-puff disposable with a 16ml tank, mesh-coil consistency, adjustable airflow, and Type-C rechargeable for predictable all-day vaping. Is popular choice for wholesale buyers in Europe. Add Amy's whatsapp to get right reply and discount price! WhatsApp: +86 17776015835 &nbsp;","_links":{"self":[{"href":"https:\/\/vapestornado.com\/sl\/wp-json\/wp\/v2\/product\/3973","targetHints":{"allow":["GET"]}}],"collection":[{"href":"https:\/\/vapestornado.com\/sl\/wp-json\/wp\/v2\/product"}],"about":[{"href":"https:\/\/vapestornado.com\/sl\/wp-json\/wp\/v2\/types\/product"}],"replies":[{"embeddable":true,"href":"https:\/\/vapestornado.com\/sl\/wp-json\/wp\/v2\/comments?post=3973"}],"wp:featuredmedia":[{"embeddable":true,"href":"https:\/\/vapestornado.com\/sl\/wp-json\/wp\/v2\/media\/3969"}],"wp:attachment":[{"href":"https:\/\/vapestornado.com\/sl\/wp-json\/wp\/v2\/media?parent=3973"}],"wp:term":[{"taxonomy":"product_brand","embeddable":true,"href":"https:\/\/vapestornado.com\/sl\/wp-json\/wp\/v2\/product_brand?post=3973"},{"taxonomy":"product_cat","embeddable":true,"href":"https:\/\/vapestornado.com\/sl\/wp-json\/wp\/v2\/product_cat?post=3973"},{"taxonomy":"product_tag","embeddable":true,"href":"https:\/\/vapestornado.com\/sl\/wp-json\/wp\/v2\/product_tag?post=3973"}],"curies":[{"name":"wp","href":"https:\/\/api.w.org\/{rel}","templated":true}]}}