{"id":3953,"date":"2025-03-23T08:38:03","date_gmt":"2025-03-23T08:38:03","guid":{"rendered":"https:\/\/vapestornado.com\/?post_type=product&#038;p=3953"},"modified":"2025-12-08T08:42:00","modified_gmt":"2025-12-08T08:42:00","slug":"bang-beach-22000-20k-puff-disposable-vape-pen-with-screen-reddit-hot","status":"publish","type":"product","link":"https:\/\/vapestornado.com\/sl\/product\/bang-beach-22000-20k-puff-disposable-vape-pen-with-screen-reddit-hot\/","title":{"rendered":"Bang Beach 22000 20k Puff Vape pisalo za enkratno uporabo z zaslonom Reddit Hot"},"content":{"rendered":"<h1 data-pm-slice=\"1 1 []\">Bang Beach 22000 Vdihov enkratni vape pen 36ml E Juice &amp; pametni zaslon za veleprodajo Slovenija<\/h1>\n<p data-start=\"1133\" data-end=\"1305\"><strong data-start=\"546\" data-end=\"572\">Bang Beach 22000 Vdihov<\/strong> je mo\u010dna izbira za slovenske vapere, ki \u017eelijo <strong data-start=\"4734\" data-end=\"4766\">tedne uporabe z ene naprave<\/strong> namesto nakupa vsakih nekaj dni. Z <strong data-start=\"683\" data-end=\"705\">do 22.000 vdihov<\/strong>, a <strong data-start=\"709\" data-end=\"733\">36 ml vnapolnjen rezervoar<\/strong>, <strong data-start=\"735\" data-end=\"768\">mre\u017ena tuljava za konsistentnost okusa<\/strong>, in <strong data-start=\"776\" data-end=\"800\">pametnim digitalnim zaslonom<\/strong>, omogo\u010da enostavno, predvidljivo in prenosno dnevno vapovanje. Polnjenje z <strong data-start=\"872\" data-end=\"891\">polnjenje tipa C<\/strong> pomeni, da lahko porabi\u0161 teko\u010dino, namesto da bi napravo zgodaj zavrgel.<\/p>\n<h3 data-start=\"737\" data-end=\"789\">Zakaj je Bang Beach 22000 vdihov vredno kupiti<\/h3>\n<ul data-start=\"791\" data-end=\"1904\">\n<li data-start=\"791\" data-end=\"1034\">\n<p data-start=\"793\" data-end=\"1034\"><strong data-start=\"793\" data-end=\"841\">Kapaciteta, ki dejansko spreminja tvojo rutino.<\/strong> 22K vdihov plus 36 ml e-tekline pomeni, da naprave ne bo\u0161 menjaval vsakih nekaj dni. \u010ce vape\u0161 vsak dan, je to razlika med<\/p>\n<\/li>\n<li data-start=\"1036\" data-end=\"1256\">\n<p data-start=\"1038\" data-end=\"1256\"><strong data-start=\"1038\" data-end=\"1070\">Pametni zaslon = pravi nadzor.<\/strong> Digitalni prikazovalnik prikazuje <strong data-start=\"1097\" data-end=\"1145\">\u017eivljenjsko dobo baterije in raven e-tekline v realnem \u010dasu<\/strong>, da se ne boste ujeli sredi poti ali sredi no\u010dnega izhoda. To je majhna funkcija, ki olaj\u0161a vsakodnevno uporabo.<\/p>\n<\/li>\n<li data-start=\"1258\" data-end=\"1527\">\n<p data-start=\"1260\" data-end=\"1527\"><strong data-start=\"1260\" data-end=\"1327\">Polnjenje z reciklabilnim Type-C napajanjem re\u0161uje najve\u010dji problem z enkratnimi napravami.<\/strong> Visoko zmogljive enkratne naprave pogosto prenehajo delovati zgodaj, ker baterija ne zmore ve\u010d. Tukaj je <strong data-start=\"1415\" data-end=\"1439\">polnilne baterije<\/strong> in <strong data-start=\"1444\" data-end=\"1463\">polnjenje tipa C<\/strong> vam omogo\u010deno, da dokon\u010date celoten rezervoar, namesto da ga prezgodaj zavr\u017eete.<\/p>\n<\/li>\n<li data-start=\"1529\" data-end=\"1698\">\n<p data-start=\"1531\" data-end=\"1698\"><strong data-start=\"1531\" data-end=\"1575\">Tehnologija mre\u017ene tuljave ohranja okus dosleden.<\/strong> Segrevanje z mre\u017eno tehnologijo enakomerno razporeja toploto, kar daje <strong data-start=\"1617\" data-end=\"1650\">gladneje vdihavanje in polnej\u0161i okus<\/strong>, \u0161e posebej, ko je naprava bli\u017eje prazni.<\/p>\n<\/li>\n<li data-start=\"1700\" data-end=\"1904\">\n<p data-start=\"1702\" data-end=\"1904\"><strong data-start=\"1702\" data-end=\"1742\">Razpon nikotina za razli\u010dne navade.<\/strong> S <strong data-start=\"1748\" data-end=\"1770\">0%, 2%, 3% in 5%<\/strong> mo\u017enosti, lahko izberete mo\u010d, ki ustreza va\u0161emu tempu\u2014ali \u017eelite nekaj lahkega, mo\u010dnej\u0161i udarec ali popolnoma brez nikotina.<\/p>\n<\/li>\n<\/ul>\n<p data-start=\"666\" data-end=\"1235\"><strong style=\"font-size: 16px;\"><span style=\"color: #ff0000;\">Dodajte Amy na WhatsApp za pravilen odgovor in ceno s popustom!<\/span><\/strong><\/p>\n<p><img fetchpriority=\"high\" decoding=\"async\" class=\"size-full wp-image-2932\" src=\"https:\/\/vapestornado.com\/wp-content\/uploads\/2024\/12\/Vape-Wholesale.jpg\" alt=\"Vape Veleprodaja\" width=\"229\" height=\"300\" \/><\/p>\n<h3><a href=\"https:\/\/wa.me\/8617776015835\" target=\"_blank\" rel=\"noopener\"><span style=\"color: #ff0000;\"><strong>WhatsApp: +386 17776015835<\/strong><\/span><\/a><\/h3>\n<p>&nbsp;<\/p>\n<h2><strong>Bang Beach 22000 Vape Pen Klju\u010dne lastnosti izdelka<\/strong><\/h2>\n<p>&nbsp;<\/p>\n<table>\n<thead>\n<tr>\n<th>Lastnosti<\/th>\n<th>Spec<\/th>\n<th>Podrobnosti<\/th>\n<\/tr>\n<\/thead>\n<tbody>\n<tr>\n<td>Kapaciteta potiska<\/td>\n<td>Do 22.000 vdihov<\/td>\n<td>Dolga \u017eivljenjska doba; manj zamenjav in bolj\u0161a vrednost za napravo.<\/td>\n<\/tr>\n<tr>\n<td>Volumen e-teko\u010dine<\/td>\n<td>36 ml vnaprej napolnjeno<\/td>\n<td>Podalj\u0161ana uporaba brez polnjenja; zasnovano za dolge seje.<\/td>\n<\/tr>\n<tr>\n<td>Tuljava<\/td>\n<td>Mre\u017easta tuljava<\/td>\n<td>Enakomerno segrevanje za bolj gladek vapor in stabilnej\u0161i okus.<\/td>\n<\/tr>\n<tr>\n<td>Baterija<\/td>\n<td>Polnjenje (kapaciteta se lahko razlikuje glede na serijo)<\/td>\n<td>Polnjenje vam pomaga uporabiti vso teko\u010dino; natan\u010dno 650 mAh se lahko razlikuje glede na serijo izdelka.<\/td>\n<\/tr>\n<tr>\n<td>Polnjenje<\/td>\n<td>Type-C<\/td>\n<td>Hiter, sodoben polnilec v skladu z EU standardi z obi\u010dajnimi kabli.<\/td>\n<\/tr>\n<tr>\n<td>Mo\u017enosti nikotina<\/td>\n<td>0% \/ 2% \/ 3% \/ 5% solni nikotin<\/td>\n<td>Izberite svojo intenzivnost ali pa uporabite brez nikotina.<\/td>\n<\/tr>\n<tr>\n<td>Okusi<\/td>\n<td>12 mo\u017enosti<\/td>\n<td>Dovolj \u0161irok izbor za razli\u010dne preference.<\/td>\n<\/tr>\n<tr>\n<td>Zaslon<\/td>\n<td>Pametna digitalna zaslonka<\/td>\n<td>Sledenje ravni baterije + e-teko\u010dine v realnem \u010dasu.<\/td>\n<\/tr>\n<\/tbody>\n<\/table>\n<figure id=\"attachment_3940\" aria-describedby=\"caption-attachment-3940\" style=\"width: 800px\" class=\"wp-caption alignnone\"><img decoding=\"async\" class=\"wp-image-3940 size-full\" src=\"https:\/\/vapestornado.com\/wp-content\/uploads\/2025\/03\/Bang-Beach-22k-22000-Puff-Vape-Kit.webp\" alt=\"Bang Beach 22k 22000 Vpihov Komplet za vejp\" width=\"800\" height=\"800\" srcset=\"https:\/\/vapestornado.com\/wp-content\/uploads\/2025\/03\/Bang-Beach-22k-22000-Puff-Vape-Kit.webp 800w, https:\/\/vapestornado.com\/wp-content\/uploads\/2025\/03\/Bang-Beach-22k-22000-Puff-Vape-Kit-300x300.webp 300w, https:\/\/vapestornado.com\/wp-content\/uploads\/2025\/03\/Bang-Beach-22k-22000-Puff-Vape-Kit-150x150.webp 150w, https:\/\/vapestornado.com\/wp-content\/uploads\/2025\/03\/Bang-Beach-22k-22000-Puff-Vape-Kit-768x768.webp 768w, https:\/\/vapestornado.com\/wp-content\/uploads\/2025\/03\/Bang-Beach-22k-22000-Puff-Vape-Kit-600x600.webp 600w, https:\/\/vapestornado.com\/wp-content\/uploads\/2025\/03\/Bang-Beach-22k-22000-Puff-Vape-Kit-100x100.webp 100w\" sizes=\"(max-width: 800px) 100vw, 800px\" \/><figcaption id=\"caption-attachment-3940\" class=\"wp-caption-text\">Bang Beach 22k 22000 Vpihov Komplet za vejp<\/figcaption><\/figure>\n<h2 class=\"product-title\"><strong>Seznam okusov za Bang Beach 22000 Disposables<\/strong><\/h2>\n<article class=\"w-full text-token-text-primary focus-visible:outline-2 focus-visible:outline-offset-[-4px]\" dir=\"auto\" data-testid=\"conversation-turn-32\" data-scroll-anchor=\"false\">\n<div class=\"m-auto text-base py-[18px] px-6\">\n<div class=\"mx-auto flex flex-1 text-base gap-4 md:gap-5 lg:gap-6 md:max-w-3xl lg:max-w-[40rem] xl:max-w-[48rem]\">\n<div class=\"group\/conversation-turn relative flex w-full min-w-0 flex-col @xs\/thread:px-0 @sm\/thread:px-1.5 @md\/thread:px-4\">\n<div class=\"flex-col gap-1 md:gap-3\">\n<div class=\"flex max-w-full flex-col flex-grow\">\n<div class=\"min-h-8 text-message flex w-full flex-col items-end gap-2 whitespace-normal break-words text-start [.text-message+&amp;]:mt-5\" dir=\"auto\" data-message-author-role=\"user\" data-message-id=\"ffac41ca-1db4-431b-873a-32c4052956f1\">\n<div class=\"flex w-full flex-col gap-1 empty:hidden items-end rtl:items-start\">\n<div class=\"relative max-w-[var(--user-chat-width,70%)] rounded-3xl bg-token-message-surface px-5 py-2.5\">\n<div class=\"absolute bottom-0 right-full top-0 -mr-3.5 hidden pr-5 pt-2 [.group\/conversation-turn:hover_&amp;]:flex\">\n<div class=\"flex\">\n<article class=\"w-full text-token-text-primary focus-visible:outline-2 focus-visible:outline-offset-[-4px]\" dir=\"auto\" data-testid=\"conversation-turn-39\" data-scroll-anchor=\"true\">\n<div class=\"m-auto text-base py-[18px] px-6\">\n<div class=\"mx-auto flex flex-1 text-base gap-4 md:gap-5 lg:gap-6 md:max-w-3xl lg:max-w-[40rem] xl:max-w-[48rem]\">\n<div class=\"group\/conversation-turn relative flex w-full min-w-0 flex-col agent-turn @xs\/thread:px-0 @sm\/thread:px-1.5 @md\/thread:px-4\">\n<div class=\"flex-col gap-1 md:gap-3\">\n<div class=\"flex max-w-full flex-col flex-grow\">\n<div class=\"min-h-8 text-message flex w-full flex-col items-end gap-2 whitespace-normal break-words text-start [.text-message+&amp;]:mt-5\" dir=\"auto\" data-message-author-role=\"assistant\" data-message-id=\"55a23854-ec57-48dd-bd4f-6118f43d6241\" data-message-model-slug=\"gpt-4o\">\n<div class=\"flex w-full flex-col gap-1 empty:hidden first:pt-[3px]\">\n<div class=\"markdown prose w-full break-words dark:prose-invert light\">\n<p>1.Breskev Mango<br \/>\n2. Me\u0161ano jagodi\u010devje<br \/>\n3.Roza Limonada<br \/>\n4. Jagoda Lubenica<br \/>\n5.Ledena Lubenica<br \/>\n6. Grozdni led<br \/>\n7. Vimto<br \/>\n8.Jagoda Led<br \/>\n9.\u010ce\u0161nja<br \/>\n10.Borovnica Malina<br \/>\n11.Breskev led<br \/>\n12.Kislo Jabolko<\/p>\n<\/div>\n<\/div>\n<\/div>\n<\/div>\n<\/div>\n<\/div>\n<\/div>\n<\/div>\n<\/article>\n<\/div>\n<\/div>\n<\/div>\n<\/div>\n<\/div>\n<\/div>\n<\/div>\n<\/div>\n<\/div>\n<\/div>\n<\/article>\n<h3>Zakaj izbrati Vapestornado za nakup Bang Beach 22000?<\/h3>\n<div class=\"flex-shrink-0 flex flex-col relative items-end\">\n<div class=\"pt-0\">\n<div class=\"gizmo-bot-avatar flex h-8 w-8 items-center justify-center overflow-hidden rounded-full\">\n<div class=\"relative p-1 rounded-sm flex items-center justify-center bg-token-main-surface-primary text-token-text-primary h-8 w-8\">\n<p data-start=\"88\" data-end=\"557\">Ko gre za <strong data-start=\"105\" data-end=\"154\">\u00a0nakup visokokakovostnih vape za enkratno uporabo<\/strong>, <strong data-start=\"156\" data-end=\"172\">Vapestornado<\/strong> je glavni vir za nepremagljive <strong data-start=\"208\" data-end=\"271\">tovarni\u0161ke cene, hitro po\u0161iljanje in vrhunske storitve za stranke<\/strong>. Nakup vejp peresa Bang Beach 22000 pri Vapestornado pomeni, da dobite <strong data-start=\"363\" data-end=\"400\">verodostojne, 100-odstotno originalne izdelke<\/strong> z najnovej\u0161o <strong data-start=\"417\" data-end=\"515\">tehnologijo digitalnega zaslona, priro\u010dnost polnilnega Type-C in ogromno kapaciteto 25000 vdihov<\/strong>\u2014vse po <strong data-start=\"527\" data-end=\"554\">najni\u017ejih veleprodajnih cenah<\/strong>.<\/p>\n<p data-start=\"559\" data-end=\"933\" data-is-last-node=\"\" data-is-only-node=\"\">Imamo tudi nekaj drugih priljubljenih vape izdelkov z zaslonom, kot so <a href=\"https:\/\/vapestornado.com\/sl\/product\/bang-leader-50000-puffs-50k-2-in-1-double-flavor-digital-disposable-vape-bulk-price\/\">Vodja BANG 50000<\/a>, <a href=\"https:\/\/vapestornado.com\/sl\/product\/vopk-ultra-40000-puffs-2-in-1-digital-screen-rechargeable-disposable-vape\/\">VOPK 40000 Puff Vape za enkratno uporabo<\/a>, <a href=\"https:\/\/vapestornado.com\/sl\/product\/vozol-gear-shisha-25k-25000-puffs-best-dtl-disposable-vape-hookah-cheap-price\/\">Vozol Gear Shisha 25000<\/a>, in \u0161e ve\u010d.<\/p>\n<\/div>\n<div class=\"relative p-1 rounded-sm flex items-center justify-center bg-token-main-surface-primary text-token-text-primary h-8 w-8\">\n<h3>Pogosta vpra\u0161anja<\/h3>\n<p><strong>1. Kako uporabljati vejp pero za enkratno uporabo? Kak\u0161en je celovit vodnik?<\/strong><br \/>\nUporaba vejp peresa za enkratno uporabo je neverjetno preprosta in prijazna za za\u010detnike! Tukaj je vodnik po korakih:<\/p>\n<ul>\n<li><strong>Korak 1:<\/strong>\u00a0Odstranite napravo iz embala\u017ee in odstranite vse za\u0161\u010ditne pokrov\u010dke ali nalepke.<\/li>\n<li><strong>Korak 2:<\/strong>\u00a0\u010ce se va\u0161 vape aktivira z vle\u010denjem (kot ve\u010dina tistih za enkratno uporabo), preprosto vdihnite skozi ustnik za za\u010detek vapinga. Gumbi ali nastavitve niso potrebni.<\/li>\n<li><strong>Korak 3:<\/strong>\u00a0Za\u010dnite s kratkimi, ne\u017enimi vdihi, da se navadite na napravo in se izognete pregrevanju.<\/li>\n<li><strong>Korak 4:<\/strong>\u00a0U\u017eivajte v\u00a0<strong>dober okus<\/strong>\u00a0in\u00a0<strong>velik dim<\/strong>\u00a0oblakih, dokler ni naprava prazna.<\/li>\n<li><strong>Korak 5:<\/strong>\u00a0Ko je naprava izrabljena, jo odgovorno odvrzite.<\/li>\n<\/ul>\n<p>Ve\u010dina vejpow za enkratno uporabo, kot je\u00a0<strong>Bang Pla\u017ea 22000<\/strong>, so zasnovani za udobje, zato ni treba ponovno polniti e-teko\u010dine ali zamenjati grelnih glav. Samo vdihnite in u\u017eivajte!<\/p>\n<p><strong>2. Kako napolnim vape za enkratno uporabo?<\/strong><br \/>\nNiso vsi vapei za enkratno uporabo polnilni, vendar nekateri, kot je\u00a0<strong>Bang Pla\u017ea 22000<\/strong>, so opremljeni z\u00a0<strong>polnilne baterije<\/strong>. Za polnjenje:<\/p>\n<ul>\n<li>Poi\u0161\u010dite priklju\u010dek za polnjenje (obi\u010dajno\u00a0<strong>vhod TYPE-C<\/strong>).<\/li>\n<li>Uporabite zdru\u017eljiv polnilnik (na primer polnilnik za telefon s kablom TYPE-C).<\/li>\n<li>Priklju\u010dite kabel v vape in ga pove\u017eite z virom napajanja.<\/li>\n<li>Po\u010dakajte, da se baterija popolnoma napolni (preverite\u00a0<strong>digitalnem zaslonu<\/strong>\u00a0za stanje baterije).<\/li>\n<li>Odklopite in spet u\u017eivajte v vapu!<\/li>\n<\/ul>\n<p>Vedno upo\u0161tevajte navodila proizvajalca, da zagotovite varno polnjenje.<\/p>\n<p><strong>3. Ali lahko prenesem vape za enkratno uporabo skozi letali\u0161ko varnostno kontrolo?<\/strong><br \/>\nDa, vape za enkratno uporabo lahko prenesete skozi letali\u0161ko varnostno kontrolo, vendar je treba upo\u0161tevati pomembna pravila:<\/p>\n<ul>\n<li><strong>Samo v ro\u010dni prtljagi:<\/strong>\u00a0Vapei za enkratno uporabo morajo biti v\u00a0<strong>ro\u010dna prtljaga<\/strong>\u00a0ali pri vas. Prepovedano jih je imeti v\u00a0<strong>dovoljene v oddani prtljagi<\/strong>\u00a0zaradi varnostnih predpisov za litij-ionske baterije.<\/li>\n<li><strong>Varnost baterije:<\/strong>\u00a0Prepri\u010dajte se, da je naprava izklopljena, da prepre\u010dite nenamerno aktivacijo.<\/li>\n<li><strong>Omejitve teko\u010din:<\/strong>\u00a0\u010ce prena\u0161ate dodatno e-teko\u010dino, se prepri\u010dajte, da je v skladu z omejitvami za teko\u010dine (posode morajo biti 100 mililitrov ali manj in morajo ustrezati v vre\u010dko velikosti enega litra).<\/li>\n<li><strong>Preverite pravila letalske dru\u017ebe:<\/strong>\u00a0Nekatere letalske dru\u017ebe imajo lahko dodatne omejitve, zato je najbolje, da pred potovanjem preverite njihova navodila.<\/li>\n<\/ul>\n<p><strong>4. Kako veste, kdaj je va\u0161a kartu\u0161a prazna?<\/strong><br \/>\nVedeli boste, da je va\u0161a kartu\u0161a za enkratno uporabo prazna, ko:<\/p>\n<ul>\n<li><strong>Zmanj\u0161anje proizvodnje pare:<\/strong>\u00a0Opazili boste bistveno manj pare pri vdihavanju.<\/li>\n<li><strong>Priokus po za\u017eganem:<\/strong>\u00a0Priokus po za\u017eganem ali neprijetnem okusu ka\u017ee, da je e-teko\u010dina iz\u010drpana.<\/li>\n<li><strong>Indikatorske lu\u010dke:<\/strong>\u00a0Nekatere naprave, kot je\u00a0<strong>Bang Pla\u017ea 22000<\/strong>, imajo\u00a0<strong>digitalnem zaslonu<\/strong>\u00a0, ki prikazuje raven e-teko\u010dine ali opozorilo o prazni bateriji.<\/li>\n<li><strong>Brez okusa:<\/strong>\u00a0\u010ce se okus zmanj\u0161a ali izgine, je to znak, da je kartu\u0161a prazna.<\/li>\n<\/ul>\n<p>Ko naprava preneha proizvajati paro ali okus izgine, je \u010das, da jo odgovorno zavr\u017eete in zamenjate z novo.<\/p>\n<p data-start=\"4034\" data-end=\"4319\"><strong data-start=\"4034\" data-end=\"4130\">5. Ali Bang Beach 22000 Puffs enkratna vape peresa ohranja okus mo\u010dan skozi celoten rezervoar?<\/strong><br data-start=\"4130\" data-end=\"4133\" \/>Da. <strong data-start=\"4142\" data-end=\"4170\">sistem ogrevanja s mre\u017eno tuljavo<\/strong> je zasnovan za vzdr\u017eevanje enakomerne vaporizacije, kar pomaga ohranjati okus bolj gladek in bolj dosleden skozi dolgo uporabo v primerjavi s standardnimi \u017ei\u010dnatimi tuljavami.<\/p>\n<p data-start=\"4324\" data-end=\"4581\"><strong data-start=\"4324\" data-end=\"4412\">6. Kako dolgo traja Bang Beach 22K pametni zaslon enkratne vape za vsakodnevnega uporabnika?<\/strong><br data-start=\"4412\" data-end=\"4415\" \/>To je odvisno od va\u0161ega tempa, vendar je <strong data-start=\"4450\" data-end=\"4488\">kapaciteta 22.000 potiskov in rezervoar 36 ml<\/strong> namenjena ve\u010dtedenski uporabi za redne vaperje, kar znatno zmanj\u0161a pogostost zamenjave.<\/p>\n<p data-start=\"4586\" data-end=\"4845\"><strong data-start=\"4586\" data-end=\"4686\">7. Ali je Bang Beach 22000 Type-C polnjenje enkratne vape, ki je verjetno, da bo prenehala delovati, preden se teko\u010dina izprazni?<\/strong><br data-start=\"4686\" data-end=\"4689\" \/>Mnogo manj verjetno kot ne-polnilne. Ker je <strong data-start=\"4743\" data-end=\"4770\">polnjen preko Type-C<\/strong>, lahko polnite energijo kadar koli je potrebno in izkoristite celoten kapacitet teko\u010dine.<\/p>\n<p data-start=\"4586\" data-end=\"4845\"><strong data-start=\"4850\" data-end=\"4942\">8. Kak\u0161en izpust pare lahko pri\u010dakujem od Bang Beach 22000 mesh tuljava enkratne vape?<\/strong><br data-start=\"4942\" data-end=\"4945\" \/>Pri\u010dakujte <strong data-start=\"4952\" data-end=\"4994\">gladne potegne z gosto paro<\/strong> namesto tankih, zra\u010dnih udarcev. Mesh tuljave obi\u010dajno zagotavljajo toplej\u0161i, polnej\u0161i poteg brez, da bi postal preve\u010d oster prehitro.<\/p>\n<p data-start=\"4586\" data-end=\"4845\"><strong data-start=\"5115\" data-end=\"5205\">9. Katera raven nikotina deluje najbolje na Bang Beach 22000 visoko kapacitetni enkratni vape?<\/strong><br data-start=\"5205\" data-end=\"5208\" \/>\u010ce \u017eelite la\u017eji vsakodnevni vaping, <strong data-start=\"5245\" data-end=\"5257\">2% ali 3%<\/strong> je pogosta to\u010dka. \u010ce raje imate mo\u010dnej\u0161i udarec ali intenzivno vaping, <strong data-start=\"5328\" data-end=\"5334\">5%<\/strong> je primeren za va\u0161e potrebe. In <strong data-start=\"5356\" data-end=\"5362\">0%<\/strong> Ali je tam, \u010de nikotin ni va\u0161a stvar.<\/p>\n<\/div>\n<\/div>\n<\/div>\n<\/div>","protected":false},"excerpt":{"rendered":"<p data-start=\"1345\" data-end=\"1517\">The <strong data-start=\"1349\" data-end=\"1384\">Bang Beach 22000 Vpihov Vape Pisalo<\/strong> je kompaktni 22K enkratni vaporizer z 36 ml rezervoarjem, gladkostjo mre\u017enih tuljav in pametnim zaslonom + Type-C polnjenjem, tako da lahko vape\u0161 dlje z jasnim nadzorom in manj zamenjavami. <strong data-start=\"1484\" data-end=\"1514\">velikoprodajna cena v Evropi na voljo zdaj.<\/strong><\/p>\n<p><strong>Dodajte Amyin WhatsApp, da dobite pravi odgovor in ceno s popustom!<\/strong><\/p>\n<p><img fetchpriority=\"high\" decoding=\"async\" class=\"size-full wp-image-2932\" src=\"https:\/\/vapestornado.com\/wp-content\/uploads\/2024\/12\/Vape-Wholesale.jpg\" alt=\"Vape Veleprodaja\" width=\"229\" height=\"300\" \/><\/p>\n<h3><a href=\"https:\/\/wa.me\/8617776015835\"><span style=\"color: #ff0000;\"><strong>WhatsApp: +386 17776015835<\/strong><\/span><\/a><\/h3>\n<p>&nbsp;<\/p>","protected":false},"featured_media":3943,"comment_status":"open","ping_status":"closed","template":"","meta":{"_acf_changed":false,"_uag_custom_page_level_css":"","_lmt_disableupdate":"no","_lmt_disable":"","_monsterinsights_skip_tracking":false,"_monsterinsights_sitenote_active":false,"_monsterinsights_sitenote_note":"","_monsterinsights_sitenote_category":0,"site-sidebar-layout":"default","site-content-layout":"","ast-site-content-layout":"default","site-content-style":"default","site-sidebar-style":"default","ast-global-header-display":"","ast-banner-title-visibility":"","ast-main-header-display":"","ast-hfb-above-header-display":"","ast-hfb-below-header-display":"","ast-hfb-mobile-header-display":"","site-post-title":"","ast-breadcrumbs-content":"","ast-featured-img":"","footer-sml-layout":"","ast-disable-related-posts":"","theme-transparent-header-meta":"default","adv-header-id-meta":"","stick-header-meta":"","header-above-stick-meta":"","header-main-stick-meta":"","header-below-stick-meta":"","astra-migrate-meta-layouts":"set","ast-page-background-enabled":"default","ast-page-background-meta":{"desktop":{"background-color":"","background-image":"","background-repeat":"repeat","background-position":"center center","background-size":"auto","background-attachment":"scroll","background-type":"","background-media":"","overlay-type":"","overlay-color":"","overlay-opacity":"","overlay-gradient":""},"tablet":{"background-color":"","background-image":"","background-repeat":"repeat","background-position":"center center","background-size":"auto","background-attachment":"scroll","background-type":"","background-media":"","overlay-type":"","overlay-color":"","overlay-opacity":"","overlay-gradient":""},"mobile":{"background-color":"","background-image":"","background-repeat":"repeat","background-position":"center center","background-size":"auto","background-attachment":"scroll","background-type":"","background-media":"","overlay-type":"","overlay-color":"","overlay-opacity":"","overlay-gradient":""}},"ast-content-background-meta":{"desktop":{"background-color":"var(--ast-global-color-5)","background-image":"","background-repeat":"repeat","background-position":"center center","background-size":"auto","background-attachment":"scroll","background-type":"","background-media":"","overlay-type":"","overlay-color":"","overlay-opacity":"","overlay-gradient":""},"tablet":{"background-color":"var(--ast-global-color-5)","background-image":"","background-repeat":"repeat","background-position":"center center","background-size":"auto","background-attachment":"scroll","background-type":"","background-media":"","overlay-type":"","overlay-color":"","overlay-opacity":"","overlay-gradient":""},"mobile":{"background-color":"var(--ast-global-color-5)","background-image":"","background-repeat":"repeat","background-position":"center center","background-size":"auto","background-attachment":"scroll","background-type":"","background-media":"","overlay-type":"","overlay-color":"","overlay-opacity":"","overlay-gradient":""}},"_joinchat":{"telephone":"17776015835"}},"product_brand":[],"product_cat":[62,150,143],"product_tag":[286,105,481,287,94,450,482,269],"class_list":{"0":"post-3953","1":"product","2":"type-product","3":"status-publish","4":"has-post-thumbnail","6":"product_cat-bang-vape","7":"product_cat-buy-disposable-vapes-in-belgium","8":"product_cat-dual-mesh-disposable-vapes","9":"product_tag-bang-beach-22000","10":"product_tag-digital-disposable-vape","11":"product_tag-disposable-vape-deutschland","12":"product_tag-disposable-vape-pen","13":"product_tag-rechargeable-disposable-vape","14":"product_tag-vape-fast-shipping","15":"product_tag-vape-poland","16":"product_tag-vape-with-screen","17":"desktop-align-left","18":"tablet-align-left","19":"mobile-align-left","21":"first","22":"instock","23":"sale","24":"shipping-taxable","25":"purchasable","26":"product-type-simple"},"acf":[],"uagb_featured_image_src":{"full":["https:\/\/vapestornado.com\/wp-content\/uploads\/2025\/03\/Bang-Beach-Vape-Pen-Wholesale.webp",800,800,false],"thumbnail":["https:\/\/vapestornado.com\/wp-content\/uploads\/2025\/03\/Bang-Beach-Vape-Pen-Wholesale-150x150.webp",150,150,true],"medium":["https:\/\/vapestornado.com\/wp-content\/uploads\/2025\/03\/Bang-Beach-Vape-Pen-Wholesale-300x300.webp",300,300,true],"medium_large":["https:\/\/vapestornado.com\/wp-content\/uploads\/2025\/03\/Bang-Beach-Vape-Pen-Wholesale-768x768.webp",768,768,true],"large":["https:\/\/vapestornado.com\/wp-content\/uploads\/2025\/03\/Bang-Beach-Vape-Pen-Wholesale.webp",800,800,false],"1536x1536":["https:\/\/vapestornado.com\/wp-content\/uploads\/2025\/03\/Bang-Beach-Vape-Pen-Wholesale.webp",800,800,false],"2048x2048":["https:\/\/vapestornado.com\/wp-content\/uploads\/2025\/03\/Bang-Beach-Vape-Pen-Wholesale.webp",800,800,false],"trp-custom-language-flag":["https:\/\/vapestornado.com\/wp-content\/uploads\/2025\/03\/Bang-Beach-Vape-Pen-Wholesale.webp",12,12,false],"woocommerce_thumbnail":["https:\/\/vapestornado.com\/wp-content\/uploads\/2025\/03\/Bang-Beach-Vape-Pen-Wholesale-300x300.webp",300,300,true],"woocommerce_single":["https:\/\/vapestornado.com\/wp-content\/uploads\/2025\/03\/Bang-Beach-Vape-Pen-Wholesale-600x600.webp",600,600,true],"woocommerce_gallery_thumbnail":["https:\/\/vapestornado.com\/wp-content\/uploads\/2025\/03\/Bang-Beach-Vape-Pen-Wholesale-100x100.webp",100,100,true]},"uagb_author_info":{"display_name":"ESAMY","author_link":"https:\/\/vapestornado.com\/sl\/author\/"},"uagb_comment_info":0,"uagb_excerpt":"The Bang Beach 22000 Puffs Vape Pen is a\u00a0compact 22K disposable with a 36ml tank, mesh-coil smoothness, and smart screen + Type-C rechargeability so you vape longer with clear control and fewer replacements. wholesale price in Europe available now. Add Amy's whatsapp to get right reply and discount price! WhatsApp: +86 17776015835 &nbsp;","_links":{"self":[{"href":"https:\/\/vapestornado.com\/sl\/wp-json\/wp\/v2\/product\/3953","targetHints":{"allow":["GET"]}}],"collection":[{"href":"https:\/\/vapestornado.com\/sl\/wp-json\/wp\/v2\/product"}],"about":[{"href":"https:\/\/vapestornado.com\/sl\/wp-json\/wp\/v2\/types\/product"}],"replies":[{"embeddable":true,"href":"https:\/\/vapestornado.com\/sl\/wp-json\/wp\/v2\/comments?post=3953"}],"wp:featuredmedia":[{"embeddable":true,"href":"https:\/\/vapestornado.com\/sl\/wp-json\/wp\/v2\/media\/3943"}],"wp:attachment":[{"href":"https:\/\/vapestornado.com\/sl\/wp-json\/wp\/v2\/media?parent=3953"}],"wp:term":[{"taxonomy":"product_brand","embeddable":true,"href":"https:\/\/vapestornado.com\/sl\/wp-json\/wp\/v2\/product_brand?post=3953"},{"taxonomy":"product_cat","embeddable":true,"href":"https:\/\/vapestornado.com\/sl\/wp-json\/wp\/v2\/product_cat?post=3953"},{"taxonomy":"product_tag","embeddable":true,"href":"https:\/\/vapestornado.com\/sl\/wp-json\/wp\/v2\/product_tag?post=3953"}],"curies":[{"name":"wp","href":"https:\/\/api.w.org\/{rel}","templated":true}]}}