{"id":3939,"date":"2025-03-21T03:03:23","date_gmt":"2025-03-21T03:03:23","guid":{"rendered":"https:\/\/vapestornado.com\/?post_type=product&#038;p=3939"},"modified":"2025-12-04T07:55:19","modified_gmt":"2025-12-04T07:55:19","slug":"wholesale-vape-zooy-firzen-35000-puffs-fast-shipping-eu-warehouse","status":"publish","type":"product","link":"https:\/\/vapestornado.com\/sl\/product\/wholesale-vape-zooy-firzen-35000-puffs-fast-shipping-eu-warehouse\/","title":{"rendered":"Veleprodaja Vape ZOOY Firzen 35000 Vpihov Hitra dostava EU skladi\u0161\u010de"},"content":{"rendered":"<h1 data-pm-slice=\"1 1 []\">Veleprodaja Vape ZOOY Firzen 35000 Vpihov Hitra dostava EU skladi\u0161\u010de<\/h1>\n<p>\u010ce \u017eelite vape za enkratno uporabo z veliko kapaciteto, ki traja dolgo, vam omogo\u010da nastavitev jakosti ledu in nikotina ter se hitro po\u0161lje iz skladi\u0161\u010da v EU, ZOOY Firzen 35000 zagotavlja do 35.000 vpihov z dvojnimi mre\u017eastimi grelci, 3-stopenjskim nadzorom ledu in nikotina ter polnjenjem tipa C.<\/p>\n<p><strong>Zakaj Uporabniki Izberejo Vape ZOOY Firzen 35000 Vpihov nikotinski vape pisalo z nastavljivim ledom?<\/strong><\/p>\n<ul>\n<li data-start=\"772\" data-end=\"970\">\n<p data-start=\"774\" data-end=\"970\"><strong data-start=\"774\" data-end=\"820\">Ogromna \u017eivljenjska doba brez nenehnih ponovnih nakupov:<\/strong> Ta <strong data-start=\"826\" data-end=\"857\">35.000 vpihov vape za enkratno uporabo<\/strong> je narejen za dolgotrajno uporabo z <strong data-start=\"891\" data-end=\"915\">30ml prednapolnjenim rezervoarjem<\/strong>, tako da ga zamenjate veliko manj pogosto kot naprave s 10k\u201320k vpihi.<\/p>\n<\/li>\n<li data-start=\"971\" data-end=\"1150\">\n<p data-start=\"973\" data-end=\"1150\"><strong data-start=\"973\" data-end=\"1022\">Nastavljiv Nadzor Ledu in Nikotina (3 stopnje):<\/strong> Nastavite blag hlad ali globok ledeni udarec in izberite intenzivnost nikotina \u2013 odli\u010dno za uporabnike, ki \u017eelijo nadzor v napravi za enkratno uporabo.<\/p>\n<\/li>\n<li data-start=\"1151\" data-end=\"1281\">\n<p data-start=\"1153\" data-end=\"1281\"><strong data-start=\"1153\" data-end=\"1181\">Okus ostane dosleden:<\/strong> <strong data-start=\"1182\" data-end=\"1206\">Dvojni 1.0\u03a9 mre\u017easti grelci<\/strong> enakomerno segrevajo za gladek pretok zraka in stabilen okus od prvega do zadnjega vpiha.<\/p>\n<\/li>\n<li data-start=\"1282\" data-end=\"1434\">\n<p data-start=\"1284\" data-end=\"1434\"><strong data-start=\"1284\" data-end=\"1316\">Polnjenje za polno vrednost:<\/strong> A <strong data-start=\"1319\" data-end=\"1360\">650mAh Tip-C polnilni vape za enkratno uporabo<\/strong> baterija vam pomaga porabiti vsako kapljico e-teko\u010dine, namesto da bi se izpraznila prezgodaj.<\/p>\n<\/li>\n<li data-start=\"1435\" data-end=\"1568\">\n<p data-start=\"1437\" data-end=\"1568\"><strong data-start=\"1437\" data-end=\"1468\">EU skladi\u0161\u010de hitra dostava:<\/strong> Dobava na zalogi hitro za trgovce na drobno in prodajalce na debelo, ki potrebujejo zanesljivo <strong data-start=\"1537\" data-end=\"1567\">dostava na debelo vape EU<\/strong>.<\/p>\n<\/li>\n<\/ul>\n<p>Imamo tudi nekaj drugih priljubljenih vape izdelkov z zaslonom, kot so <a href=\"https:\/\/vapestornado.com\/sl\/product\/bang-leader-50000-puffs-50k-2-in-1-double-flavor-digital-disposable-vape-bulk-price\/\">BANG Leader 50k<\/a>, <a href=\"https:\/\/vapestornado.com\/sl\/product\/vopk-ultra-40000-puffs-2-in-1-digital-screen-rechargeable-disposable-vape\/\">VOPK 40k Puff Vape za enkratno uporabo<\/a>, <a href=\"https:\/\/vapestornado.com\/sl\/product\/vozol-gear-shisha-25k-25000-puffs-best-dtl-disposable-vape-hookah-cheap-price\/\">Vozol Gear Shisha 25000<\/a>, in \u0161e ve\u010d.<\/p>\n<p data-start=\"666\" data-end=\"1235\"><strong style=\"font-size: 16px;\"><span style=\"color: #ff0000;\">Dodajte Amy na WhatsApp za pravilen odgovor in ceno s popustom!<\/span><\/strong><\/p>\n<p><img fetchpriority=\"high\" decoding=\"async\" class=\"size-full wp-image-2932\" src=\"https:\/\/vapestornado.com\/wp-content\/uploads\/2024\/12\/Vape-Wholesale.jpg\" alt=\"Vape Veleprodaja\" width=\"229\" height=\"300\" \/><\/p>\n<h3><a href=\"https:\/\/wa.me\/8617776015835\" target=\"_blank\" rel=\"noopener\"><span style=\"color: #ff0000;\"><strong>WhatsApp: +386 17776015835<\/strong><\/span><\/a><\/h3>\n<p>&nbsp;<\/p>\n<h2><strong>ZOOY Firzen 35000 Klju\u010dne lastnosti izdelka<\/strong><\/h2>\n<table>\n<thead>\n<tr>\n<th>Parameter<\/th>\n<th align=\"right\">Spec<\/th>\n<th>\u010clove\u0161ko razlago<\/th>\n<\/tr>\n<\/thead>\n<tbody>\n<tr>\n<td>Blagovna znamka<\/td>\n<td align=\"right\">ZOOY<\/td>\n<td>Prepoznana linija za ponovno nakupovanje.<\/td>\n<\/tr>\n<tr>\n<td>Zmogljivost vdihovanja<\/td>\n<td align=\"right\">Do 35.000 vpihov<\/td>\n<td>Visoko zmogljiv enkratni vape, ki traja veliko dlje kot standardni modeli.<\/td>\n<\/tr>\n<tr>\n<td>Prostornina E-teko\u010dine<\/td>\n<td align=\"right\">30 ml vnaprej napolnjen<\/td>\n<td>Velik rezervoar podpira dolgo \u017eivljenjsko dobo brez polnjenja.<\/td>\n<\/tr>\n<tr>\n<td>Vrsta Tuljave<\/td>\n<td align=\"right\">Dvojni 1.0\u03a9 mre\u017easti grelci<\/td>\n<td>Enakomerno segrevanje = bolj gladek pretok zraka, bogatej\u0161i okus, manj bledenja.<\/td>\n<\/tr>\n<tr>\n<td>Baterija<\/td>\n<td align=\"right\">650 mAh mo\u017enost ponovnega polnjenja<\/td>\n<td>Polnjenje za dokon\u010danje vse teko\u010dine namesto zapravljanja vdihov.<\/td>\n<\/tr>\n<tr>\n<td>Polnjenje<\/td>\n<td align=\"right\">USB Tip-C<\/td>\n<td>Sodobni, hitri, \u0161iroko zdru\u017eljivi standard polnjenja.<\/td>\n<\/tr>\n<tr>\n<td>Led in nadzor nikotina<\/td>\n<td align=\"right\">3 nastavljive ravni<\/td>\n<td>Izberite svetlo hlajenje ali mo\u010dan led in prilagodite ob\u010dutek intenzivnosti nikotina.<\/td>\n<\/tr>\n<tr>\n<td>Osvetlitev<\/td>\n<td align=\"right\">RGB svetlobni dizajn (3 barve)<\/td>\n<td>Stilni vizualni u\u010dinek, ki izstopa v roki in na policah.<\/td>\n<\/tr>\n<tr>\n<td>Te\u017ea telesa<\/td>\n<td align=\"right\">90g<\/td>\n<td>Lahka za vsakodnevno no\u0161enje.<\/td>\n<\/tr>\n<tr>\n<td>Velikost<\/td>\n<td align=\"right\">103,5 \u00d7 45 \u00d7 21 mm<\/td>\n<td>Kompaktna oblika, priro\u010dna za \u017eep.<\/td>\n<\/tr>\n<tr>\n<td>Mo\u017enosti okusa<\/td>\n<td align=\"right\">10 okusov<\/td>\n<td>Raznolikost za razli\u010dne preference strank.<\/td>\n<\/tr>\n<tr>\n<td>Po\u0161iljanje<\/td>\n<td align=\"right\">Hitra dostava iz skladi\u0161\u010da v EU<\/td>\n<td>Hitrej\u0161a dostava in zanesljivej\u0161e veleprodajno dopolnjevanje zalog v Evropi.<\/td>\n<\/tr>\n<\/tbody>\n<\/table>\n<h2 class=\"product-title\"><strong>ZOOY Firzen 35000 seznam okusov<\/strong><\/h2>\n<article class=\"w-full text-token-text-primary focus-visible:outline-2 focus-visible:outline-offset-[-4px]\" dir=\"auto\" data-testid=\"conversation-turn-32\" data-scroll-anchor=\"false\">\n<div class=\"m-auto text-base py-[18px] px-6\">\n<div class=\"mx-auto flex flex-1 text-base gap-4 md:gap-5 lg:gap-6 md:max-w-3xl lg:max-w-[40rem] xl:max-w-[48rem]\">\n<div class=\"group\/conversation-turn relative flex w-full min-w-0 flex-col @xs\/thread:px-0 @sm\/thread:px-1.5 @md\/thread:px-4\">\n<div class=\"flex-col gap-1 md:gap-3\">\n<div class=\"flex max-w-full flex-col flex-grow\">\n<div class=\"min-h-8 text-message flex w-full flex-col items-end gap-2 whitespace-normal break-words text-start [.text-message+&amp;]:mt-5\" dir=\"auto\" data-message-author-role=\"user\" data-message-id=\"ffac41ca-1db4-431b-873a-32c4052956f1\">\n<div class=\"flex w-full flex-col gap-1 empty:hidden items-end rtl:items-start\">\n<div class=\"relative max-w-[var(--user-chat-width,70%)] rounded-3xl bg-token-message-surface px-5 py-2.5\">\n<div class=\"absolute bottom-0 right-full top-0 -mr-3.5 hidden pr-5 pt-2 [.group\/conversation-turn:hover_&amp;]:flex\">\n<div class=\"flex\">\n<article class=\"w-full text-token-text-primary focus-visible:outline-2 focus-visible:outline-offset-[-4px]\" dir=\"auto\" data-testid=\"conversation-turn-39\" data-scroll-anchor=\"true\">\n<div class=\"m-auto text-base py-[18px] px-6\">\n<div class=\"mx-auto flex flex-1 text-base gap-4 md:gap-5 lg:gap-6 md:max-w-3xl lg:max-w-[40rem] xl:max-w-[48rem]\">\n<div class=\"group\/conversation-turn relative flex w-full min-w-0 flex-col agent-turn @xs\/thread:px-0 @sm\/thread:px-1.5 @md\/thread:px-4\">\n<div class=\"flex-col gap-1 md:gap-3\">\n<div class=\"flex max-w-full flex-col flex-grow\">\n<div class=\"min-h-8 text-message flex w-full flex-col items-end gap-2 whitespace-normal break-words text-start [.text-message+&amp;]:mt-5\" dir=\"auto\" data-message-author-role=\"assistant\" data-message-id=\"55a23854-ec57-48dd-bd4f-6118f43d6241\" data-message-model-slug=\"gpt-4o\">\n<div class=\"flex w-full flex-col gap-1 empty:hidden first:pt-[3px]\">\n<div class=\"markdown prose w-full break-words dark:prose-invert light\">\n<p>1. Lubenica led<br \/>\n2. Aloe grozdje<br \/>\n3. Jagoda banana<br \/>\n4. Jagoda malina kivi<br \/>\n5. Borovnica malina limonada<br \/>\n6. Ananas kokos<br \/>\n7. Mentol<br \/>\n8. Jagoda Lubenica<br \/>\n9.Me\u0161ano jagodi\u010devje<br \/>\n10.Robida Brusnica<\/p>\n<\/div>\n<\/div>\n<\/div>\n<\/div>\n<\/div>\n<\/div>\n<\/div>\n<\/div>\n<\/article>\n<\/div>\n<\/div>\n<\/div>\n<\/div>\n<\/div>\n<\/div>\n<\/div>\n<\/div>\n<\/div>\n<\/div>\n<\/article>\n<div class=\"flex-shrink-0 flex flex-col relative items-end\">\n<div class=\"pt-0\">\n<div class=\"gizmo-bot-avatar flex h-8 w-8 items-center justify-center overflow-hidden rounded-full\">\n<div class=\"relative p-1 rounded-sm flex items-center justify-center bg-token-main-surface-primary text-token-text-primary h-8 w-8\">\n<figure id=\"attachment_3936\" aria-describedby=\"caption-attachment-3936\" style=\"width: 800px\" class=\"wp-caption alignnone\"><img decoding=\"async\" class=\"wp-image-3936 size-full\" src=\"https:\/\/vapestornado.com\/wp-content\/uploads\/2025\/03\/Zooy-Firzen-35000-Puffs-Vape-Pen-Low-Pirce.webp\" alt=\"Zooy Firzen 35000 Puffs Vape Pen Nizka cena\" width=\"800\" height=\"800\" srcset=\"https:\/\/vapestornado.com\/wp-content\/uploads\/2025\/03\/Zooy-Firzen-35000-Puffs-Vape-Pen-Low-Pirce.webp 800w, https:\/\/vapestornado.com\/wp-content\/uploads\/2025\/03\/Zooy-Firzen-35000-Puffs-Vape-Pen-Low-Pirce-300x300.webp 300w, https:\/\/vapestornado.com\/wp-content\/uploads\/2025\/03\/Zooy-Firzen-35000-Puffs-Vape-Pen-Low-Pirce-150x150.webp 150w, https:\/\/vapestornado.com\/wp-content\/uploads\/2025\/03\/Zooy-Firzen-35000-Puffs-Vape-Pen-Low-Pirce-768x768.webp 768w, https:\/\/vapestornado.com\/wp-content\/uploads\/2025\/03\/Zooy-Firzen-35000-Puffs-Vape-Pen-Low-Pirce-600x600.webp 600w, https:\/\/vapestornado.com\/wp-content\/uploads\/2025\/03\/Zooy-Firzen-35000-Puffs-Vape-Pen-Low-Pirce-100x100.webp 100w\" sizes=\"(max-width: 800px) 100vw, 800px\" \/><figcaption id=\"caption-attachment-3936\" class=\"wp-caption-text\">Zooy Firzen 35000 Puffs Vape Pen Nizka cena<\/figcaption><\/figure>\n<\/div>\n<div class=\"relative p-1 rounded-sm flex items-center justify-center bg-token-main-surface-primary text-token-text-primary h-8 w-8\">\n<h3>Pogosta vpra\u0161anja<\/h3>\n<p data-start=\"1639\" data-end=\"1956\"><strong data-start=\"1639\" data-end=\"1734\">V: \u00bbSit sem, da se mi e-cigarete za enkratno uporabo prehitro izpraznijo. Ali bo ZOOY Firzen 35000 res zdr\u017eal?\u00ab<\/strong><br data-start=\"1734\" data-end=\"1737\" \/><strong data-start=\"1737\" data-end=\"1743\">A:<\/strong> Da. <strong data-start=\"1753\" data-end=\"1796\">ZOOY Firzen 35000 Puffs E-cigareta za Enkratno Uporabo<\/strong> je zasnovan za dolge seanse z <strong data-start=\"1834\" data-end=\"1856\">do 35.000 vdihov<\/strong> in <strong data-start=\"1863\" data-end=\"1900\">30 ml predhodno napolnjene e-teko\u010dine<\/strong>. Za ve\u010dino uporabnikov to pomeni <strong data-start=\"1929\" data-end=\"1945\">tedne uporabe<\/strong>, ne dni.<\/p>\n<p data-start=\"1958\" data-end=\"2202\"><strong data-start=\"1958\" data-end=\"2020\">V: \u00bbAli e-cigarete za enkratno uporabo z veliko vdihi izgubijo okus na polovici?\u00ab<\/strong><br data-start=\"2020\" data-end=\"2023\" \/><strong data-start=\"2023\" data-end=\"2029\">A:<\/strong> Mnoge ga, vendar je Firzen zasnovan tako, da se temu izogne. The <strong data-start=\"2081\" data-end=\"2111\">dvojni 1,0 \u03a9 mre\u017eni grelni sistem<\/strong> enakomerno segreva e-teko\u010dino, ohranja paro gosto in okus gladek skozi celoten rezervoar.<\/p>\n<p data-start=\"2204\" data-end=\"2546\"><strong data-start=\"2204\" data-end=\"2289\">V: \u00bb\u017delim nadzor nad ledenim ob\u010dutkom in nikotinskim udarcem. Ali lahko to stori e-cigareta za enkratno uporabo?\u00ab<\/strong><br data-start=\"2289\" data-end=\"2292\" \/><strong data-start=\"2292\" data-end=\"2298\">A:<\/strong> To\u010dno to je namen Firzen-a. Njegov <strong data-start=\"2338\" data-end=\"2364\">Nadzor ledu in nikotina<\/strong> nudi <strong data-start=\"2371\" data-end=\"2398\">tri stopnje prilagoditve<\/strong>, kar vam omogo\u010da izbiro blagega hladu ali mo\u010dnega ledenega udarca, ter uskladitev ob\u010dutka nikotina z va\u0161imi \u017eeljami. To je redka funkcija v tej kategoriji zmogljivosti.<\/p>\n<p data-start=\"2548\" data-end=\"2800\"><strong data-start=\"2548\" data-end=\"2605\">V: \u201cAli bo baterija zdr\u017eala dovolj dolgo za 35 tiso\u010d vdihov?\u201d<\/strong><br data-start=\"2605\" data-end=\"2608\" \/><strong data-start=\"2608\" data-end=\"2614\">A:<\/strong> Naprava uporablja <strong data-start=\"2633\" data-end=\"2664\">650mAh polnilno baterijo<\/strong>, tako da ga lahko polnite kadar koli je potrebno in nadaljujete z vnosom, dokler ni rezervoar prazen. Z <strong data-start=\"2751\" data-end=\"2779\">hitro polnjenje USB Type-C<\/strong>, \u010das mirovanja ostaja nizek.<\/p>\n<p data-start=\"2802\" data-end=\"3024\"><strong data-start=\"2802\" data-end=\"2856\">V: \u201cJe prenosljiv ali prevelik za vsakodnevno no\u0161enje?\u201d<\/strong><br data-start=\"2856\" data-end=\"2859\" \/><strong data-start=\"2859\" data-end=\"2865\">A:<\/strong> Narejen je, da ostane prakti\u010den. Z <strong data-start=\"2898\" data-end=\"2905\">90g<\/strong> in kompaktno <strong data-start=\"2920\" data-end=\"2941\">103,5 \u00d7 45 \u00d7 21 mm<\/strong> telo, je lahek in primeren za \u017eep, za potovanja, vsakodnevno uporabo in vo\u017enjo.<\/p>\n<p data-start=\"3026\" data-end=\"3299\"><strong data-start=\"3026\" data-end=\"3083\">V: \u201cKateri okusi so na voljo in so dejansko priljubljeni?\u201d<\/strong><br data-start=\"3083\" data-end=\"3086\" \/><strong data-start=\"3086\" data-end=\"3092\">A:<\/strong> Firzen je na voljo v <strong data-start=\"3109\" data-end=\"3139\">10 priljubljenih profilih med mno\u017eico<\/strong>, vklju\u010dno z <strong data-start=\"3151\" data-end=\"3204\">Lubenica Led, Aloe Grozdje in Jagoda Banana<\/strong>. To so desi<\/p>\n<\/div>\n<\/div>\n<\/div>\n<\/div>","protected":false},"excerpt":{"rendered":"<p>ZOOY Firzen 35000 Vpihov Vape za Enkratno Uporabo za Dolgotrajne Seanse<br \/>\nZOOY Firzen 35000 z Nadzorom Ledu in Nikotina (3 Stopnje) in Dvojnimi Mre\u017eastimi Grelci<br \/>\nZOOY Firzen 35000 Tip-C Polnilni Vape za Enkratno Uporabo s Hitro Dostavo iz EU Skladi\u0161\u010da<\/p>\n<p><strong>Dodajte Amyin WhatsApp, da dobite pravi odgovor in ceno s popustom!<\/strong><\/p>\n<p><img fetchpriority=\"high\" decoding=\"async\" class=\"size-full wp-image-2932\" src=\"https:\/\/vapestornado.com\/wp-content\/uploads\/2024\/12\/Vape-Wholesale.jpg\" alt=\"Vape Veleprodaja\" width=\"229\" height=\"300\" \/><\/p>\n<h3><a href=\"https:\/\/wa.me\/8617776015835\"><span style=\"color: #ff0000;\"><strong>WhatsApp: +386 17776015835<\/strong><\/span><\/a><\/h3>\n<p>&nbsp;<\/p>","protected":false},"featured_media":3935,"comment_status":"open","ping_status":"closed","template":"","meta":{"_acf_changed":false,"_uag_custom_page_level_css":"","_lmt_disableupdate":"no","_lmt_disable":"","_monsterinsights_skip_tracking":false,"_monsterinsights_sitenote_active":false,"_monsterinsights_sitenote_note":"","_monsterinsights_sitenote_category":0,"site-sidebar-layout":"default","site-content-layout":"","ast-site-content-layout":"default","site-content-style":"default","site-sidebar-style":"default","ast-global-header-display":"","ast-banner-title-visibility":"","ast-main-header-display":"","ast-hfb-above-header-display":"","ast-hfb-below-header-display":"","ast-hfb-mobile-header-display":"","site-post-title":"","ast-breadcrumbs-content":"","ast-featured-img":"","footer-sml-layout":"","ast-disable-related-posts":"","theme-transparent-header-meta":"default","adv-header-id-meta":"","stick-header-meta":"","header-above-stick-meta":"","header-main-stick-meta":"","header-below-stick-meta":"","astra-migrate-meta-layouts":"set","ast-page-background-enabled":"default","ast-page-background-meta":{"desktop":{"background-color":"","background-image":"","background-repeat":"repeat","background-position":"center center","background-size":"auto","background-attachment":"scroll","background-type":"","background-media":"","overlay-type":"","overlay-color":"","overlay-opacity":"","overlay-gradient":""},"tablet":{"background-color":"","background-image":"","background-repeat":"repeat","background-position":"center center","background-size":"auto","background-attachment":"scroll","background-type":"","background-media":"","overlay-type":"","overlay-color":"","overlay-opacity":"","overlay-gradient":""},"mobile":{"background-color":"","background-image":"","background-repeat":"repeat","background-position":"center center","background-size":"auto","background-attachment":"scroll","background-type":"","background-media":"","overlay-type":"","overlay-color":"","overlay-opacity":"","overlay-gradient":""}},"ast-content-background-meta":{"desktop":{"background-color":"var(--ast-global-color-5)","background-image":"","background-repeat":"repeat","background-position":"center center","background-size":"auto","background-attachment":"scroll","background-type":"","background-media":"","overlay-type":"","overlay-color":"","overlay-opacity":"","overlay-gradient":""},"tablet":{"background-color":"var(--ast-global-color-5)","background-image":"","background-repeat":"repeat","background-position":"center center","background-size":"auto","background-attachment":"scroll","background-type":"","background-media":"","overlay-type":"","overlay-color":"","overlay-opacity":"","overlay-gradient":""},"mobile":{"background-color":"var(--ast-global-color-5)","background-image":"","background-repeat":"repeat","background-position":"center center","background-size":"auto","background-attachment":"scroll","background-type":"","background-media":"","overlay-type":"","overlay-color":"","overlay-opacity":"","overlay-gradient":""}},"_joinchat":{"telephone":"17776015835"}},"product_brand":[],"product_cat":[19,175,140,152,153,143,144,283],"product_tag":[471,282,281,94,93,280],"class_list":{"0":"post-3939","1":"product","2":"type-product","3":"status-publish","4":"has-post-thumbnail","6":"product_cat-vapes","7":"product_cat-35000-puff","8":"product_cat-big-puffs-disposable-vapes","9":"product_cat-buy-disposable-vapes-in-cermany","10":"product_cat-buy-disposable-vapes-in-italy","11":"product_cat-dual-mesh-disposable-vapes","12":"product_cat-low-nicotine-disposable-vapes","13":"product_cat-zooy-vape","14":"product_tag-35k-puff-vape","15":"product_tag-ice-adjustable","16":"product_tag-nicotine-adjustable","17":"product_tag-rechargeable-disposable-vape","18":"product_tag-vape-wholesale","19":"product_tag-zooy-firzen-35000","20":"desktop-align-left","21":"tablet-align-left","22":"mobile-align-left","24":"first","25":"instock","26":"sale","27":"shipping-taxable","28":"purchasable","29":"product-type-simple"},"acf":[],"uagb_featured_image_src":{"full":["https:\/\/vapestornado.com\/wp-content\/uploads\/2025\/03\/Zooy-Firzen-35000-Puffs-Vape-Near-Me.webp",800,800,false],"thumbnail":["https:\/\/vapestornado.com\/wp-content\/uploads\/2025\/03\/Zooy-Firzen-35000-Puffs-Vape-Near-Me-150x150.webp",150,150,true],"medium":["https:\/\/vapestornado.com\/wp-content\/uploads\/2025\/03\/Zooy-Firzen-35000-Puffs-Vape-Near-Me-300x300.webp",300,300,true],"medium_large":["https:\/\/vapestornado.com\/wp-content\/uploads\/2025\/03\/Zooy-Firzen-35000-Puffs-Vape-Near-Me-768x768.webp",768,768,true],"large":["https:\/\/vapestornado.com\/wp-content\/uploads\/2025\/03\/Zooy-Firzen-35000-Puffs-Vape-Near-Me.webp",800,800,false],"1536x1536":["https:\/\/vapestornado.com\/wp-content\/uploads\/2025\/03\/Zooy-Firzen-35000-Puffs-Vape-Near-Me.webp",800,800,false],"2048x2048":["https:\/\/vapestornado.com\/wp-content\/uploads\/2025\/03\/Zooy-Firzen-35000-Puffs-Vape-Near-Me.webp",800,800,false],"trp-custom-language-flag":["https:\/\/vapestornado.com\/wp-content\/uploads\/2025\/03\/Zooy-Firzen-35000-Puffs-Vape-Near-Me.webp",12,12,false],"woocommerce_thumbnail":["https:\/\/vapestornado.com\/wp-content\/uploads\/2025\/03\/Zooy-Firzen-35000-Puffs-Vape-Near-Me-300x300.webp",300,300,true],"woocommerce_single":["https:\/\/vapestornado.com\/wp-content\/uploads\/2025\/03\/Zooy-Firzen-35000-Puffs-Vape-Near-Me-600x600.webp",600,600,true],"woocommerce_gallery_thumbnail":["https:\/\/vapestornado.com\/wp-content\/uploads\/2025\/03\/Zooy-Firzen-35000-Puffs-Vape-Near-Me-100x100.webp",100,100,true]},"uagb_author_info":{"display_name":"ESAMY","author_link":"https:\/\/vapestornado.com\/sl\/author\/"},"uagb_comment_info":0,"uagb_excerpt":"ZOOY Firzen 35000 Puffs Disposable Vape for Long-Lasting Sessions ZOOY Firzen 35000 with Ice &amp; Nicotine Control (3 Levels) and Dual Mesh Coils ZOOY Firzen 35000 Type-C Rechargeable Disposable with Fast EU Warehouse Shipping Add Amy's whatsapp to get right reply and discount price! WhatsApp: +86 17776015835 &nbsp;","_links":{"self":[{"href":"https:\/\/vapestornado.com\/sl\/wp-json\/wp\/v2\/product\/3939","targetHints":{"allow":["GET"]}}],"collection":[{"href":"https:\/\/vapestornado.com\/sl\/wp-json\/wp\/v2\/product"}],"about":[{"href":"https:\/\/vapestornado.com\/sl\/wp-json\/wp\/v2\/types\/product"}],"replies":[{"embeddable":true,"href":"https:\/\/vapestornado.com\/sl\/wp-json\/wp\/v2\/comments?post=3939"}],"wp:featuredmedia":[{"embeddable":true,"href":"https:\/\/vapestornado.com\/sl\/wp-json\/wp\/v2\/media\/3935"}],"wp:attachment":[{"href":"https:\/\/vapestornado.com\/sl\/wp-json\/wp\/v2\/media?parent=3939"}],"wp:term":[{"taxonomy":"product_brand","embeddable":true,"href":"https:\/\/vapestornado.com\/sl\/wp-json\/wp\/v2\/product_brand?post=3939"},{"taxonomy":"product_cat","embeddable":true,"href":"https:\/\/vapestornado.com\/sl\/wp-json\/wp\/v2\/product_cat?post=3939"},{"taxonomy":"product_tag","embeddable":true,"href":"https:\/\/vapestornado.com\/sl\/wp-json\/wp\/v2\/product_tag?post=3939"}],"curies":[{"name":"wp","href":"https:\/\/api.w.org\/{rel}","templated":true}]}}