{"id":3932,"date":"2025-03-21T07:53:01","date_gmt":"2025-03-21T07:53:01","guid":{"rendered":"https:\/\/vapestornado.com\/?post_type=product&#038;p=3932"},"modified":"2025-12-04T07:38:02","modified_gmt":"2025-12-04T07:38:02","slug":"uwin-twins-crystal-40000-40k-puff-double-taste-best-disposable-vapes-2025","status":"publish","type":"product","link":"https:\/\/vapestornado.com\/sl\/product\/uwin-twins-crystal-40000-40k-puff-double-taste-best-disposable-vapes-2025\/","title":{"rendered":"Uwin Twins Crystal 40000 40k Puff Dvojni okus Najbolj\u0161e enkratne e-cigaretke 2025"},"content":{"rendered":"<h2 data-pm-slice=\"1 1 []\">Uwin Twins Crystal 40000 Puff Disposable Vape Dual Flavor, Pametna zaslonka, Polnjenje s Type-C<\/h2>\n<p data-start=\"395\" data-end=\"690\"><span data-start=\"409\" data-end=\"458\">Ali \u017eelite visokokakovostno <\/span><strong data-start=\"409\" data-end=\"458\">Disposable vape s 40000 pufov<\/strong> ki traja tedne in se ne postane dolgo\u010dasen sredi poti? Tudi <strong data-start=\"524\" data-end=\"573\">Uwin Twins Crystal 40000 Puff za enkratno uporabo Vape<\/strong> je narejen za uporabnike vape, ki \u017eelijo <strong data-start=\"603\" data-end=\"623\">resna \u017eivljenjska doba<\/strong> plus <strong data-start=\"629\" data-end=\"652\">resna raznolikost okusov<\/strong> v eni \u010disti, vrhunsko videti napravi.<\/p>\n<h3 data-start=\"692\" data-end=\"734\">Zakaj je ta 40K Puff naprava vredna<\/h3>\n<p data-start=\"735\" data-end=\"1079\"><strong data-start=\"735\" data-end=\"770\">1) Resna visoka kapaciteta in trajnost<\/strong><br data-start=\"770\" data-end=\"773\" \/>S <strong data-start=\"778\" data-end=\"800\">do 40.000 pufov<\/strong>, to je vrhunski <strong data-start=\"821\" data-end=\"851\">e-cigarete za enkratno uporabo<\/strong> zasnovan za dolgoro\u010dno uporabo. V primerjavi z modeli 10k\u201320k, mo\u010dno zmanj\u0161a zamenjave, kar jo naredi za izbiro \u0161tevilka ena za vsakogar, ki i\u0161\u010de <strong data-start=\"1004\" data-end=\"1026\">najbolj\u0161o <\/strong><strong data-start=\"1032\" data-end=\"1071\">najdalj trajajo\u010do disposable vape 40k<\/strong> mo\u017enost.<\/p>\n<p data-start=\"1081\" data-end=\"1493\"><strong data-start=\"1081\" data-end=\"1131\">2) Dvojno preklapljanje okusov (2-v-1 Dvojni okus)<\/strong><br data-start=\"1131\" data-end=\"1134\" \/>To je <strong data-start=\"1144\" data-end=\"1187\">Uwin Twins Crystal 40K dual flavor vape<\/strong> z dvema okusnima sistemoma 2-v-1. Lahko preklapljate med dvema okusoma kadar koli \u017eelite \u2014 popolno za uporabnike, ki \u017eelijo raznolikost \u010dez dan, ne da bi nosili dve napravi. \u010ce ste iskali <strong data-start=\"1397\" data-end=\"1442\">dvojni okus za enkratno uporabo<\/strong>, je ta naprava namenjena prav temu do\u017eivetju.<\/p>\n<p data-start=\"1495\" data-end=\"1815\"><strong data-start=\"1495\" data-end=\"1543\">3) Dosleden okus od prvega vdiha do zadnjega<\/strong><br data-start=\"1543\" data-end=\"1546\" \/>Dolgotrajne enkratne naprave pogosto te\u017eko vzdr\u017eijo padec okusa. Uwin Twins Crystal tega ne dopu\u0161\u010da z <strong data-start=\"1645\" data-end=\"1674\">tehnologija dvojne mre\u017easte tuljave<\/strong>, ohranjajo\u010d paro gladko in okus stabilen tudi globoko v rezervoarju. Zato ga te\u017eki uporabniki uvr\u0161\u010dajo med najbolj zanesljive modele z visoko kapaciteto.<\/p>\n<p data-start=\"1817\" data-end=\"2065\"><strong data-start=\"1817\" data-end=\"1857\">4) Pametna LED zaslonka za popoln nadzor<\/strong><br data-start=\"1857\" data-end=\"1860\" \/>Brez ve\u010d ugibanja. To je <strong data-start=\"1888\" data-end=\"1935\">enkratna vape z LED zaslonom 40000 vdihov<\/strong>, ki prikazuje realno \u017eivljenjsko dobo baterije in raven e-tekline. Vedno veste, kdaj ste na dnu, kdaj je \u010das za polnjenje in koliko \u017eivljenjske dobe \u0161e ostaja.<\/p>\n<p data-start=\"2067\" data-end=\"2337\"><strong data-start=\"2067\" data-end=\"2118\">5) Tip-C polnjenje, da izpraznite vsak kapljico<\/strong><br data-start=\"2118\" data-end=\"2121\" \/>The <strong data-start=\"2125\" data-end=\"2143\">850 mAh<\/strong> plus <strong data-start=\"2149\" data-end=\"2173\">hitro polnjenje Type-C<\/strong> zagotavlja uporabo do zadnje kapljice. Kot <strong data-start=\"2215\" data-end=\"2274\">polnilne enkratne naprave<\/strong>, <strong data-start=\"2215\" data-end=\"2274\">Uwin Crystal 40000\u00a0 <\/strong>vam omogo\u010da uporabo celotne kapacitete 32 ml brez izgube vdihov.<\/p>\n<p data-start=\"666\" data-end=\"1235\"><strong style=\"font-size: 16px;\"><span style=\"color: #ff0000;\">Dodajte Amy na WhatsApp za pravilen odgovor in ceno s popustom!<\/span><\/strong><\/p>\n<p><img fetchpriority=\"high\" decoding=\"async\" class=\"size-full wp-image-2932\" src=\"https:\/\/vapestornado.com\/wp-content\/uploads\/2024\/12\/Vape-Wholesale.jpg\" alt=\"Vape Veleprodaja\" width=\"229\" height=\"300\" \/><\/p>\n<h3><a href=\"https:\/\/wa.me\/8617776015835\" target=\"_blank\" rel=\"noopener\"><span style=\"color: #ff0000;\"><strong>WhatsApp: +386 17776015835<\/strong><\/span><\/a><\/h3>\n<p>&nbsp;<\/p>\n<h2><strong>Uwin Twins Crystal 40000 Klju\u010dne lastnosti izdelka<\/strong><\/h2>\n<table>\n<thead>\n<tr>\n<th>Parameter<\/th>\n<th align=\"right\">Spec<\/th>\n<th>\u010clove\u0161ko razlago<\/th>\n<\/tr>\n<\/thead>\n<tbody>\n<tr>\n<td>Ime izdelka<\/td>\n<td align=\"right\">Uwin Twins Crystal 40000 Puff za enkratno uporabo Vape<\/td>\n<td>Enostavno za prepoznavo v iskanjih in na prodajnih policah.<\/td>\n<\/tr>\n<tr>\n<td>Zmogljivost vdihovanja<\/td>\n<td align=\"right\">Do 40.000 potegov<\/td>\n<td>Dolgotrajna enkratna vape, ki potrebuje manj zamenjav.<\/td>\n<\/tr>\n<tr>\n<td>Prostornina E-teko\u010dine<\/td>\n<td align=\"right\">32ml<\/td>\n<td>Velik rezervoar podpira celoten \u0161tevec potiskov brez polnjenja.<\/td>\n<\/tr>\n<tr>\n<td>Sistem okusa<\/td>\n<td align=\"right\">2-v-1 Dvojni okus<\/td>\n<td>Dva okusa v eni napravi; preklapljajte kadarkoli za raznolikost.<\/td>\n<\/tr>\n<tr>\n<td>Vrsta Tuljave<\/td>\n<td align=\"right\">Dvojni mre\u017eni tuljavi<\/td>\n<td>Enakomerno segrevanje = bogatej\u0161i okus, bolj gladek pretok zraka, manj za\u017eganih not.<\/td>\n<\/tr>\n<tr>\n<td>Baterija<\/td>\n<td align=\"right\">850mAh Polnjenega zmo\u017enost<\/td>\n<td>Dovolj velik za visoko uporabo potiskov; polnite namesto da bi zapravljali teko\u010dino.<\/td>\n<\/tr>\n<tr>\n<td>Polnjenje<\/td>\n<td align=\"right\">USB Type-C Hitro polnjenje<\/td>\n<td>Modernej\u0161i priklju\u010dek z hitrej\u0161im polnjenjem in enostavnim dostopom do kabla.<\/td>\n<\/tr>\n<tr>\n<td>Zaslon<\/td>\n<td align=\"right\">Pametni LED zaslon<\/td>\n<td>Prikazuje raven baterije + ravni e-tekline, tako da vedno veste, kaj je preostalo.<\/td>\n<\/tr>\n<tr>\n<td>Mo\u017enosti nikotina<\/td>\n<td align=\"right\">2% \/ 5%<\/td>\n<td>Primeren tako za spro\u0161\u010dene uporabnike kot tudi za te\u017eke vaperje, ki \u017eelijo mo\u010dnej\u0161e udarce.<\/td>\n<\/tr>\n<tr>\n<td>Slog uparjanja<\/td>\n<td align=\"right\">Gladko vle\u010denje, uravnote\u017een vapor<\/td>\n<td>Zasnovano za udobne dnevne seje in dolge vo\u017enje.<\/td>\n<\/tr>\n<\/tbody>\n<\/table>\n<figure id=\"attachment_3903\" aria-describedby=\"caption-attachment-3903\" style=\"width: 800px\" class=\"wp-caption alignnone\"><img decoding=\"async\" class=\"wp-image-3903 size-full\" src=\"https:\/\/vapestornado.com\/wp-content\/uploads\/2025\/03\/Best-Uwin-Twins-Crystal-40000-Puffs-Disposable-Vape.webp\" alt=\"Najbolj\u0161i Uwin Twins Crystal 40000 Vpihov za enkratno uporabo\" width=\"800\" height=\"800\" srcset=\"https:\/\/vapestornado.com\/wp-content\/uploads\/2025\/03\/Best-Uwin-Twins-Crystal-40000-Puffs-Disposable-Vape.webp 800w, https:\/\/vapestornado.com\/wp-content\/uploads\/2025\/03\/Best-Uwin-Twins-Crystal-40000-Puffs-Disposable-Vape-300x300.webp 300w, https:\/\/vapestornado.com\/wp-content\/uploads\/2025\/03\/Best-Uwin-Twins-Crystal-40000-Puffs-Disposable-Vape-150x150.webp 150w, https:\/\/vapestornado.com\/wp-content\/uploads\/2025\/03\/Best-Uwin-Twins-Crystal-40000-Puffs-Disposable-Vape-768x768.webp 768w, https:\/\/vapestornado.com\/wp-content\/uploads\/2025\/03\/Best-Uwin-Twins-Crystal-40000-Puffs-Disposable-Vape-600x600.webp 600w, https:\/\/vapestornado.com\/wp-content\/uploads\/2025\/03\/Best-Uwin-Twins-Crystal-40000-Puffs-Disposable-Vape-100x100.webp 100w\" sizes=\"(max-width: 800px) 100vw, 800px\" \/><figcaption id=\"caption-attachment-3903\" class=\"wp-caption-text\">Najbolj\u0161i Uwin Twins Crystal 40000 Vpihov za enkratno uporabo<\/figcaption><\/figure>\n<h2 class=\"product-title\"><strong>Seznam okusov Uwin Twins Crystal 40000 Dual Taste Vape<\/strong><\/h2>\n<article class=\"w-full text-token-text-primary focus-visible:outline-2 focus-visible:outline-offset-[-4px]\" dir=\"auto\" data-testid=\"conversation-turn-32\" data-scroll-anchor=\"false\">\n<div class=\"m-auto text-base py-[18px] px-6\">\n<div class=\"mx-auto flex flex-1 text-base gap-4 md:gap-5 lg:gap-6 md:max-w-3xl lg:max-w-[40rem] xl:max-w-[48rem]\">\n<div class=\"group\/conversation-turn relative flex w-full min-w-0 flex-col @xs\/thread:px-0 @sm\/thread:px-1.5 @md\/thread:px-4\">\n<div class=\"flex-col gap-1 md:gap-3\">\n<div class=\"flex max-w-full flex-col flex-grow\">\n<div class=\"min-h-8 text-message flex w-full flex-col items-end gap-2 whitespace-normal break-words text-start [.text-message+&amp;]:mt-5\" dir=\"auto\" data-message-author-role=\"user\" data-message-id=\"ffac41ca-1db4-431b-873a-32c4052956f1\">\n<div class=\"flex w-full flex-col gap-1 empty:hidden items-end rtl:items-start\">\n<div class=\"relative max-w-[var(--user-chat-width,70%)] rounded-3xl bg-token-message-surface px-5 py-2.5\">\n<div class=\"absolute bottom-0 right-full top-0 -mr-3.5 hidden pr-5 pt-2 [.group\/conversation-turn:hover_&amp;]:flex\">\n<div class=\"flex\">\n<article class=\"w-full text-token-text-primary focus-visible:outline-2 focus-visible:outline-offset-[-4px]\" dir=\"auto\" data-testid=\"conversation-turn-39\" data-scroll-anchor=\"true\">\n<div class=\"m-auto text-base py-[18px] px-6\">\n<div class=\"mx-auto flex flex-1 text-base gap-4 md:gap-5 lg:gap-6 md:max-w-3xl lg:max-w-[40rem] xl:max-w-[48rem]\">\n<div class=\"group\/conversation-turn relative flex w-full min-w-0 flex-col agent-turn @xs\/thread:px-0 @sm\/thread:px-1.5 @md\/thread:px-4\">\n<div class=\"flex-col gap-1 md:gap-3\">\n<div class=\"flex max-w-full flex-col flex-grow\">\n<div class=\"min-h-8 text-message flex w-full flex-col items-end gap-2 whitespace-normal break-words text-start [.text-message+&amp;]:mt-5\" dir=\"auto\" data-message-author-role=\"assistant\" data-message-id=\"55a23854-ec57-48dd-bd4f-6118f43d6241\" data-message-model-slug=\"gpt-4o\">\n<div class=\"flex w-full flex-col gap-1 empty:hidden first:pt-[3px]\">\n<div class=\"markdown prose w-full break-words dark:prose-invert light\">\n<p>1. Borovnica na ledu \/ Poletna breskev led<br \/>\n2. Kivi, pasijonka, guava \/ Borovnica, malina<br \/>\n3. Jagoda, kivi \/ Grozdje led<br \/>\n4. Kivi, pasijonka, guava \/ Dve jabolki<br \/>\n5. Jagoda, lubenica \/ Limona, limeta<br \/>\n6. Borovnica Malina \/ \u010ce\u0161njev Led<br \/>\n7. Jagoda Malina \u010ce\u0161nja \/ Gospod Modri<br \/>\n8. Breskev Mango Ananas \/ Red Bull<br \/>\n9. Lubenica Led \/ Me\u0161ano Jagodi\u010devje<br \/>\n10. Jagoda Banana \/ Love 66 (Led iz melone in pasijonke)<\/p>\n<\/div>\n<\/div>\n<\/div>\n<\/div>\n<\/div>\n<\/div>\n<\/div>\n<\/div>\n<\/article>\n<\/div>\n<\/div>\n<\/div>\n<\/div>\n<\/div>\n<\/div>\n<\/div>\n<\/div>\n<\/div>\n<\/div>\n<\/article>\n<h3>Zakaj izbrati Vapestornado za nakup Uwin Twins Crystal 40000 Vape v razsutem stanju?<\/h3>\n<div class=\"flex-shrink-0 flex flex-col relative items-end\">\n<div class=\"pt-0\">\n<div class=\"gizmo-bot-avatar flex h-8 w-8 items-center justify-center overflow-hidden rounded-full\">\n<div class=\"relative p-1 rounded-sm flex items-center justify-center bg-token-main-surface-primary text-token-text-primary h-8 w-8\">\n<p data-start=\"88\" data-end=\"557\">Ko gre za <strong data-start=\"105\" data-end=\"154\">\u00a0nakup visokokakovostnih vape za enkratno uporabo<\/strong>, <strong data-start=\"156\" data-end=\"172\">Vapestornado<\/strong> je glavni vir za nepremagljive <strong data-start=\"208\" data-end=\"271\">tovarni\u0161ke cene, hitro po\u0161iljanje in vrhunske storitve za stranke<\/strong>Nakup Uwin Twins Crystal 40k pri Vapestornado pomeni, da dobite <strong data-start=\"363\" data-end=\"400\">verodostojne, 100-odstotno originalne izdelke<\/strong> z najnovej\u0161o <strong data-start=\"417\" data-end=\"515\">tehnologijo digitalnega zaslona, priro\u010dnost polnilnega Type-C in ogromno kapaciteto 25000 vdihov<\/strong>\u2014vse po <strong data-start=\"527\" data-end=\"554\">najni\u017ejih veleprodajnih cenah<\/strong>.<\/p>\n<p data-start=\"559\" data-end=\"933\" data-is-last-node=\"\" data-is-only-node=\"\">Imamo tudi nekaj drugih priljubljenih vape izdelkov z zaslonom, kot so <a href=\"https:\/\/vapestornado.com\/sl\/product\/bang-leader-50000-puffs-50k-2-in-1-double-flavor-digital-disposable-vape-bulk-price\/\">Vodja BANG 50000<\/a>, <a href=\"https:\/\/vapestornado.com\/sl\/product\/vopk-ultra-40000-puffs-2-in-1-digital-screen-rechargeable-disposable-vape\/\">VOPK 40000 Puff Vape za enkratno uporabo<\/a>, <a href=\"https:\/\/vapestornado.com\/sl\/product\/vozol-gear-shisha-25k-25000-puffs-best-dtl-disposable-vape-hookah-cheap-price\/\">Vozol Gear Shisha 25000<\/a>, in \u0161e ve\u010d.<\/p>\n<\/div>\n<div class=\"relative p-1 rounded-sm flex items-center justify-center bg-token-main-surface-primary text-token-text-primary h-8 w-8\">\n<h3>Pogosta vpra\u0161anja<\/h3>\n<p data-start=\"1631\" data-end=\"2011\"><strong data-start=\"1631\" data-end=\"1735\">V: Potrebujem enkratno uporabo, ki res traja \u2014 ali bo Uwin Crystal 40000 dvojni okus enkratna uporaba vape 40000 potiskov zdr\u017eala do konca?<\/strong><br data-start=\"1735\" data-end=\"1738\" \/><strong data-start=\"1738\" data-end=\"1744\">A:<\/strong> Da. <strong data-start=\"1754\" data-end=\"1803\">Uwin Twins Crystal 40000 Puff za enkratno uporabo Vape<\/strong> je izdelan za dalj\u0161o uporabo z <strong data-start=\"1835\" data-end=\"1857\">do 40.000 pufov<\/strong> in <strong data-start=\"1864\" data-end=\"1892\">32 ml vnaprej napolnjenega kapaciteta<\/strong>. Za ve\u010dino vaperjev to pomeni <strong data-start=\"1922\" data-end=\"1954\">tedne doslednih sej<\/strong> namesto da bi vsakih nekaj dni menjali manj\u0161e enkratne naprave.<\/p>\n<p data-start=\"2013\" data-end=\"2266\"><strong data-start=\"2013\" data-end=\"2073\">V: Ali 40k puff naprava izgubi okus na polovici?<\/strong><br data-start=\"2073\" data-end=\"2076\" \/><strong data-start=\"2076\" data-end=\"2082\">A:<\/strong> To je obi\u010dajno pri osnovnih tuljavah, vendar ta naprava uporablja <strong data-start=\"2136\" data-end=\"2155\">dvojne mre\u017easte tuljave<\/strong> da enakomerno segreva e teko\u010dino. Rezultat je <strong data-start=\"2197\" data-end=\"2241\">stabilna gostota pare in bolj gladek okus<\/strong> od prvega do zadnjega potegov.<\/p>\n<p data-start=\"2268\" data-end=\"2578\"><strong data-start=\"2268\" data-end=\"2326\">V: Se naveli\u010dam enega okusa. Ali potrebujem dve napravi?<\/strong><br data-start=\"2326\" data-end=\"2329\" \/><strong data-start=\"2329\" data-end=\"2335\">A:<\/strong> Ne. The <strong data-start=\"2344\" data-end=\"2374\">2-v-1 dvojni okusni sistem<\/strong> vam omogo\u010da <strong data-start=\"2385\" data-end=\"2412\">dva okusa v eni vape napravi<\/strong>, in lahko preklapljate brez te\u017eav, kadar se va\u0161 okus spremeni. Idealen je za vse dnevne raznolikosti, potovanja ali uporabnike, ki radi kombinirajo sladek profil z ledenim.<\/p>\n<p data-start=\"2580\" data-end=\"2830\"><strong data-start=\"2580\" data-end=\"2641\">V: Kako vem, kdaj je \u010das za ponovno polnjenje ali zamenjavo?<\/strong><br data-start=\"2641\" data-end=\"2644\" \/><strong data-start=\"2644\" data-end=\"2650\">A:<\/strong> To je <strong data-start=\"2661\" data-end=\"2696\">enkratna vape z LED zaslonom<\/strong> ki prikazuje <strong data-start=\"2708\" data-end=\"2752\">stanje baterije in ravni e teko\u010dine v realnem \u010dasu<\/strong>. Vedeli boste vedno, kaj je preostalo\u2014brez nepri\u010dakovanega izpada baterije, brez nenadnih suhostnih udarcev.<\/p>\n<p data-start=\"2832\" data-end=\"3096\"><strong data-start=\"2832\" data-end=\"2901\">V: Ali bo baterija zdr\u017eala dovolj dolgo za tako veliko \u0161tevilo potegov?<\/strong><br data-start=\"2901\" data-end=\"2904\" \/><strong data-start=\"2904\" data-end=\"2910\">A:<\/strong> Da. <strong data-start=\"2920\" data-end=\"2951\">850 mAh baterijo za ponovno polnjenje<\/strong> je zasnovana za podporo napravam z visoko kapaciteto. In z <strong data-start=\"3007\" data-end=\"3031\">hitro polnjenje Type-C<\/strong>, lahko hitro napolnite in nadaljujete z uporabo celotne zaloge teko\u010dine.<\/p>\n<p data-start=\"3364\" data-end=\"3670\"><strong data-start=\"3364\" data-end=\"3418\">V: Zakaj je ta 2 v 1 enkratna vape Uwin Crystal 40000 mo\u010dan veleprodajni izbor za leto 2025?<\/strong><br data-start=\"3418\" data-end=\"3421\" \/><strong data-start=\"3421\" data-end=\"3427\">A:<\/strong> Povpra\u0161evanje po <strong data-start=\"3439\" data-end=\"3471\">40.000 enkratnih vapejev za enkratno uporabo<\/strong> nara\u0161\u010da v Evropi, ker uporabniki \u017eelijo dalj\u0161o \u017eivljenjsko dobo, udobje dvojnih okusov in pametnej\u0161e sledenje. Uwin Crystal zdru\u017euje vse tri, zaradi \u010desar je zanesljiv za ponovne prodaje in vrhunsko pozicioniranje.<\/p>\n<\/div>\n<\/div>\n<\/div>\n<\/div>","protected":false},"excerpt":{"rendered":"<p>Uwin Twins Crystal 40000 40k Veleprodajna cena digitalne vape<br \/>\nUwin Twins Crystal 40k Puff Najbolj\u0161a vape za enkratno uporabo na Nizozemskem<br \/>\nUwin Crystal 40000 40k Puff Poceni cena Kupite na spletu<\/p>\n<p><strong>Dodajte Amyin WhatsApp, da dobite pravi odgovor in ceno s popustom!<\/strong><\/p>\n<p><img fetchpriority=\"high\" decoding=\"async\" class=\"size-full wp-image-2932\" src=\"https:\/\/vapestornado.com\/wp-content\/uploads\/2024\/12\/Vape-Wholesale.jpg\" alt=\"Vape Veleprodaja\" width=\"229\" height=\"300\" \/><\/p>\n<h3><a href=\"https:\/\/wa.me\/8617776015835\"><span style=\"color: #ff0000;\"><strong>WhatsApp: +386 17776015835<\/strong><\/span><\/a><\/h3>\n<p>&nbsp;<\/p>","protected":false},"featured_media":3908,"comment_status":"open","ping_status":"closed","template":"","meta":{"_acf_changed":false,"_uag_custom_page_level_css":"","_lmt_disableupdate":"no","_lmt_disable":"","_monsterinsights_skip_tracking":false,"_monsterinsights_sitenote_active":false,"_monsterinsights_sitenote_note":"","_monsterinsights_sitenote_category":0,"site-sidebar-layout":"default","site-content-layout":"","ast-site-content-layout":"default","site-content-style":"default","site-sidebar-style":"default","ast-global-header-display":"","ast-banner-title-visibility":"","ast-main-header-display":"","ast-hfb-above-header-display":"","ast-hfb-below-header-display":"","ast-hfb-mobile-header-display":"","site-post-title":"","ast-breadcrumbs-content":"","ast-featured-img":"","footer-sml-layout":"","ast-disable-related-posts":"","theme-transparent-header-meta":"default","adv-header-id-meta":"","stick-header-meta":"","header-above-stick-meta":"","header-main-stick-meta":"","header-below-stick-meta":"","astra-migrate-meta-layouts":"set","ast-page-background-enabled":"default","ast-page-background-meta":{"desktop":{"background-color":"","background-image":"","background-repeat":"repeat","background-position":"center center","background-size":"auto","background-attachment":"scroll","background-type":"","background-media":"","overlay-type":"","overlay-color":"","overlay-opacity":"","overlay-gradient":""},"tablet":{"background-color":"","background-image":"","background-repeat":"repeat","background-position":"center center","background-size":"auto","background-attachment":"scroll","background-type":"","background-media":"","overlay-type":"","overlay-color":"","overlay-opacity":"","overlay-gradient":""},"mobile":{"background-color":"","background-image":"","background-repeat":"repeat","background-position":"center center","background-size":"auto","background-attachment":"scroll","background-type":"","background-media":"","overlay-type":"","overlay-color":"","overlay-opacity":"","overlay-gradient":""}},"ast-content-background-meta":{"desktop":{"background-color":"var(--ast-global-color-5)","background-image":"","background-repeat":"repeat","background-position":"center center","background-size":"auto","background-attachment":"scroll","background-type":"","background-media":"","overlay-type":"","overlay-color":"","overlay-opacity":"","overlay-gradient":""},"tablet":{"background-color":"var(--ast-global-color-5)","background-image":"","background-repeat":"repeat","background-position":"center center","background-size":"auto","background-attachment":"scroll","background-type":"","background-media":"","overlay-type":"","overlay-color":"","overlay-opacity":"","overlay-gradient":""},"mobile":{"background-color":"var(--ast-global-color-5)","background-image":"","background-repeat":"repeat","background-position":"center center","background-size":"auto","background-attachment":"scroll","background-type":"","background-media":"","overlay-type":"","overlay-color":"","overlay-opacity":"","overlay-gradient":""}},"_joinchat":{"telephone":"17776015835"}},"product_brand":[],"product_cat":[19,65,151,154,141,142,233],"product_tag":[261,120,105,94,273,279,269],"class_list":{"0":"post-3932","1":"product","2":"type-product","3":"status-publish","4":"has-post-thumbnail","6":"product_cat-vapes","7":"product_cat-40000-puff","8":"product_cat-buy-disposable-vapes-in-france","9":"product_cat-buy-disposable-vapes-in-netherlands","10":"product_cat-crystal-disposable-vapes","11":"product_cat-digital-box-disposable-vapes","12":"product_cat-uwin-vape","13":"product_tag-2-in-1-double-flavor-vape","14":"product_tag-crystal-vape","15":"product_tag-digital-disposable-vape","16":"product_tag-rechargeable-disposable-vape","17":"product_tag-twins-flavor-vape-pod","18":"product_tag-uwin-twins-crystal-40000","19":"product_tag-vape-with-screen","20":"desktop-align-left","21":"tablet-align-left","22":"mobile-align-left","24":"first","25":"instock","26":"sale","27":"shipping-taxable","28":"purchasable","29":"product-type-simple"},"acf":[],"uagb_featured_image_src":{"full":["https:\/\/vapestornado.com\/wp-content\/uploads\/2025\/03\/Uwin-Twins-Crystal-40000-Puffs-Two-Flavors-in-Vape.webp",800,800,false],"thumbnail":["https:\/\/vapestornado.com\/wp-content\/uploads\/2025\/03\/Uwin-Twins-Crystal-40000-Puffs-Two-Flavors-in-Vape-150x150.webp",150,150,true],"medium":["https:\/\/vapestornado.com\/wp-content\/uploads\/2025\/03\/Uwin-Twins-Crystal-40000-Puffs-Two-Flavors-in-Vape-300x300.webp",300,300,true],"medium_large":["https:\/\/vapestornado.com\/wp-content\/uploads\/2025\/03\/Uwin-Twins-Crystal-40000-Puffs-Two-Flavors-in-Vape-768x768.webp",768,768,true],"large":["https:\/\/vapestornado.com\/wp-content\/uploads\/2025\/03\/Uwin-Twins-Crystal-40000-Puffs-Two-Flavors-in-Vape.webp",800,800,false],"1536x1536":["https:\/\/vapestornado.com\/wp-content\/uploads\/2025\/03\/Uwin-Twins-Crystal-40000-Puffs-Two-Flavors-in-Vape.webp",800,800,false],"2048x2048":["https:\/\/vapestornado.com\/wp-content\/uploads\/2025\/03\/Uwin-Twins-Crystal-40000-Puffs-Two-Flavors-in-Vape.webp",800,800,false],"trp-custom-language-flag":["https:\/\/vapestornado.com\/wp-content\/uploads\/2025\/03\/Uwin-Twins-Crystal-40000-Puffs-Two-Flavors-in-Vape.webp",12,12,false],"woocommerce_thumbnail":["https:\/\/vapestornado.com\/wp-content\/uploads\/2025\/03\/Uwin-Twins-Crystal-40000-Puffs-Two-Flavors-in-Vape-300x300.webp",300,300,true],"woocommerce_single":["https:\/\/vapestornado.com\/wp-content\/uploads\/2025\/03\/Uwin-Twins-Crystal-40000-Puffs-Two-Flavors-in-Vape-600x600.webp",600,600,true],"woocommerce_gallery_thumbnail":["https:\/\/vapestornado.com\/wp-content\/uploads\/2025\/03\/Uwin-Twins-Crystal-40000-Puffs-Two-Flavors-in-Vape-100x100.webp",100,100,true]},"uagb_author_info":{"display_name":"ESAMY","author_link":"https:\/\/vapestornado.com\/sl\/author\/"},"uagb_comment_info":0,"uagb_excerpt":"Uwin Twins Crystal 40000 40k Puff Digital Vape Wholesale Price Uwin Twins Crystal 40k Puff Best Disposable Vape in Netherlands Uwin Crystal 40000 40k Puff Cheap\u00a0Price Buy online Add Amy's whatsapp to get right reply and discount price! WhatsApp: +86 17776015835 &nbsp;","_links":{"self":[{"href":"https:\/\/vapestornado.com\/sl\/wp-json\/wp\/v2\/product\/3932","targetHints":{"allow":["GET"]}}],"collection":[{"href":"https:\/\/vapestornado.com\/sl\/wp-json\/wp\/v2\/product"}],"about":[{"href":"https:\/\/vapestornado.com\/sl\/wp-json\/wp\/v2\/types\/product"}],"replies":[{"embeddable":true,"href":"https:\/\/vapestornado.com\/sl\/wp-json\/wp\/v2\/comments?post=3932"}],"wp:featuredmedia":[{"embeddable":true,"href":"https:\/\/vapestornado.com\/sl\/wp-json\/wp\/v2\/media\/3908"}],"wp:attachment":[{"href":"https:\/\/vapestornado.com\/sl\/wp-json\/wp\/v2\/media?parent=3932"}],"wp:term":[{"taxonomy":"product_brand","embeddable":true,"href":"https:\/\/vapestornado.com\/sl\/wp-json\/wp\/v2\/product_brand?post=3932"},{"taxonomy":"product_cat","embeddable":true,"href":"https:\/\/vapestornado.com\/sl\/wp-json\/wp\/v2\/product_cat?post=3932"},{"taxonomy":"product_tag","embeddable":true,"href":"https:\/\/vapestornado.com\/sl\/wp-json\/wp\/v2\/product_tag?post=3932"}],"curies":[{"name":"wp","href":"https:\/\/api.w.org\/{rel}","templated":true}]}}