{"id":3928,"date":"2025-03-20T03:43:34","date_gmt":"2025-03-20T03:43:34","guid":{"rendered":"https:\/\/vapestornado.com\/?post_type=product&#038;p=3928"},"modified":"2025-08-23T11:38:54","modified_gmt":"2025-08-23T11:38:54","slug":"vozol-gear-shisha-25k-25000-puffs-best-dtl-disposable-vape-hookah-cheap-price","status":"publish","type":"product","link":"https:\/\/vapestornado.com\/sl\/product\/vozol-gear-shisha-25k-25000-puffs-best-dtl-disposable-vape-hookah-cheap-price\/","title":{"rendered":"Vozol Gear Shisha 25k 25000 Puffs Best DTL Disposable Vape Hookah Ugodna cena"},"content":{"rendered":"<h1 data-pm-slice=\"1 1 []\">Vozol Gear Shisha 25k 25000 Puffs Best DTL Disposable Vape Hookah Ugodna cena<\/h1>\n<p data-start=\"187\" data-end=\"478\">The <strong data-start=\"191\" data-end=\"232\">Vozol Gear Shisha 25K E-cigareta za Enkratno Uporabo<\/strong> na novo opredeljuje izku\u0161njo vapinga v stilu hookah DTL, zaradi \u010desar je nepogre\u0161ljiva za <strong data-start=\"309\" data-end=\"338\">veletrgovce in trgovce na drobno<\/strong> ki ciljajo na evropski trg. Z do <strong data-start=\"383\" data-end=\"399\">25.000 vpihov<\/strong>ta naprava visoke zmogljivosti zagotavlja dolge seje in mo\u010dno privla\u010dnost za potro\u0161nike.<\/p>\n<p data-start=\"480\" data-end=\"863\">Zaradi <strong data-start=\"484\" data-end=\"516\">baterija za ponovno polnjenje 1000 mAh<\/strong> z <strong data-start=\"522\" data-end=\"546\">hitro polnjenje Type-C<\/strong> zmanj\u0161uje \u010das nedelovanja, medtem ko <strong data-start=\"577\" data-end=\"603\">2,1-pal\u010dni barvni zaslon<\/strong> omogo\u010da sledenje \u0161tevila vdihov, stanja baterije in na\u010dina vapinga v realnem \u010dasu. Uporabniki lahko preklapljajo med <strong data-start=\"705\" data-end=\"717\">Eco na\u010din<\/strong> (maksimalna vzdr\u017eljivost, do 25.000 vdihov) in <strong data-start=\"759\" data-end=\"773\">Power na\u010din<\/strong> (ve\u010dja intenzivnost, do 18.000 vdihov), kar omogo\u010da prilagodljivost razli\u010dnim \u017eeljam pri vapingu.<\/p>\n<p data-start=\"865\" data-end=\"1153\">An <strong data-start=\"868\" data-end=\"897\">nastavljiv sistem pretoka zraka<\/strong> zdru\u017eeno z <strong data-start=\"910\" data-end=\"929\">dvojne mre\u017easte tuljave<\/strong> zagotavlja gladko dovajanje pare, goste oblake in dosledno delovanje okusa. Z <strong data-start=\"1016\" data-end=\"1040\">5% jakost nikotina<\/strong> in katalogom z ve\u010d kot <strong data-start=\"1060\" data-end=\"1076\">40+ okusi<\/strong>Vozol Gear Shisha zadovolji tako zahtevne uporabnike kot ljubitelje okusov.<\/p>\n<p data-start=\"1155\" data-end=\"1393\">Za kupce na debelo je <strong data-start=\"1176\" data-end=\"1201\">Vozol Gear Shisha 25K<\/strong> ve\u010d kot le e-cigareta za enkratno uporabo \u2013 je vrhunska mo\u017enost z naprednimi funkcijami, ki trgovcem na drobno pomagajo izstopati na prenatrpanem trgu, hkrati pa izkori\u0161\u010dajo <strong data-start=\"1357\" data-end=\"1390\">konkuren\u010dne veleprodajne cene<\/strong>.<\/p>\n<p data-start=\"666\" data-end=\"1235\"><strong style=\"font-size: 16px;\"><span style=\"color: #ff0000;\">Dodajte Amy na WhatsApp za pravilen odgovor in ceno s popustom!<\/span><\/strong><\/p>\n<p><img fetchpriority=\"high\" decoding=\"async\" class=\"size-full wp-image-2932\" src=\"https:\/\/vapestornado.com\/wp-content\/uploads\/2024\/12\/Vape-Wholesale.jpg\" alt=\"Vape Veleprodaja\" width=\"229\" height=\"300\" \/><\/p>\n<h3><a href=\"https:\/\/wa.me\/8617776015835\" target=\"_blank\" rel=\"noopener\"><span style=\"color: #ff0000;\"><strong>WhatsApp: +386 17776015835<\/strong><\/span><\/a><\/h3>\n<p>&nbsp;<\/p>\n<h2><strong>Vozol Gear Shisha 25k Vape Klju\u010dne lastnosti izdelka<\/strong><\/h2>\n<p>Znamka: Vozol Vape<br \/>\nModel: Gear Shisha DTL za enkratno uporabo<br \/>\nNikotin: 5%<br \/>\nKapaciteta baterije: 1000 mAh<br \/>\nNa\u010dini vdihavanja: Eco Mode (25.000 vdihov), Power Mode (18.000 vdihov)<br \/>\nPosebne lastnosti: Zvo\u010dno interaktivni, pametni \u010dip, dvojne mre\u017easte tuljave<br \/>\nZaslon: 2,1-pal\u010dni barvni zaslon za enostavno spremljanje<br \/>\nDizajn: Uporabni\u0161ki vmesnik v stilu Bli\u017enjega vzhoda<br \/>\nNastavljiv pretok zraka<br \/>\nOkusi: Ve\u010d kot 16 mamljivih izbir, vklju\u010dno s sadnimi in mentolovimi<\/p>\n<p>&nbsp;<\/p>\n<figure id=\"attachment_3922\" aria-describedby=\"caption-attachment-3922\" style=\"width: 800px\" class=\"wp-caption alignnone\"><img decoding=\"async\" class=\"wp-image-3922 size-full\" src=\"https:\/\/vapestornado.com\/wp-content\/uploads\/2025\/03\/Vazol-Gear-Shisha-25000-Puff-25k-Wholesale-Price.webp\" alt=\"Vazol Gear Shisha 25000 Vdihov 25k Veleprodajna cena\" width=\"800\" height=\"800\" srcset=\"https:\/\/vapestornado.com\/wp-content\/uploads\/2025\/03\/Vazol-Gear-Shisha-25000-Puff-25k-Wholesale-Price.webp 800w, https:\/\/vapestornado.com\/wp-content\/uploads\/2025\/03\/Vazol-Gear-Shisha-25000-Puff-25k-Wholesale-Price-300x300.webp 300w, https:\/\/vapestornado.com\/wp-content\/uploads\/2025\/03\/Vazol-Gear-Shisha-25000-Puff-25k-Wholesale-Price-150x150.webp 150w, https:\/\/vapestornado.com\/wp-content\/uploads\/2025\/03\/Vazol-Gear-Shisha-25000-Puff-25k-Wholesale-Price-768x768.webp 768w, https:\/\/vapestornado.com\/wp-content\/uploads\/2025\/03\/Vazol-Gear-Shisha-25000-Puff-25k-Wholesale-Price-600x600.webp 600w, https:\/\/vapestornado.com\/wp-content\/uploads\/2025\/03\/Vazol-Gear-Shisha-25000-Puff-25k-Wholesale-Price-100x100.webp 100w\" sizes=\"(max-width: 800px) 100vw, 800px\" \/><figcaption id=\"caption-attachment-3922\" class=\"wp-caption-text\">Vazol Gear Shisha 25000 Vdihov 25k Veleprodajna cena<\/figcaption><\/figure>\n<h2 class=\"product-title\"><strong>Seznam okusov za vape Vozol Gear 25000 Shisha Hookah<\/strong><\/h2>\n<article class=\"w-full text-token-text-primary focus-visible:outline-2 focus-visible:outline-offset-[-4px]\" dir=\"auto\" data-testid=\"conversation-turn-32\" data-scroll-anchor=\"false\">\n<div class=\"m-auto text-base py-[18px] px-6\">\n<div class=\"mx-auto flex flex-1 text-base gap-4 md:gap-5 lg:gap-6 md:max-w-3xl lg:max-w-[40rem] xl:max-w-[48rem]\">\n<div class=\"group\/conversation-turn relative flex w-full min-w-0 flex-col @xs\/thread:px-0 @sm\/thread:px-1.5 @md\/thread:px-4\">\n<div class=\"flex-col gap-1 md:gap-3\">\n<div class=\"flex max-w-full flex-col flex-grow\">\n<div class=\"min-h-8 text-message flex w-full flex-col items-end gap-2 whitespace-normal break-words text-start [.text-message+&amp;]:mt-5\" dir=\"auto\" data-message-author-role=\"user\" data-message-id=\"ffac41ca-1db4-431b-873a-32c4052956f1\">\n<div class=\"flex w-full flex-col gap-1 empty:hidden items-end rtl:items-start\">\n<div class=\"relative max-w-[var(--user-chat-width,70%)] rounded-3xl bg-token-message-surface px-5 py-2.5\">\n<div class=\"absolute bottom-0 right-full top-0 -mr-3.5 hidden pr-5 pt-2 [.group\/conversation-turn:hover_&amp;]:flex\">\n<div class=\"flex\">\n<article class=\"w-full text-token-text-primary focus-visible:outline-2 focus-visible:outline-offset-[-4px]\" dir=\"auto\" data-testid=\"conversation-turn-39\" data-scroll-anchor=\"true\">\n<div class=\"m-auto text-base py-[18px] px-6\">\n<div class=\"mx-auto flex flex-1 text-base gap-4 md:gap-5 lg:gap-6 md:max-w-3xl lg:max-w-[40rem] xl:max-w-[48rem]\">\n<div class=\"group\/conversation-turn relative flex w-full min-w-0 flex-col agent-turn @xs\/thread:px-0 @sm\/thread:px-1.5 @md\/thread:px-4\">\n<div class=\"flex-col gap-1 md:gap-3\">\n<div class=\"flex max-w-full flex-col flex-grow\">\n<div class=\"min-h-8 text-message flex w-full flex-col items-end gap-2 whitespace-normal break-words text-start [.text-message+&amp;]:mt-5\" dir=\"auto\" data-message-author-role=\"assistant\" data-message-id=\"55a23854-ec57-48dd-bd4f-6118f43d6241\" data-message-model-slug=\"gpt-4o\">\n<div class=\"flex w-full flex-col gap-1 empty:hidden first:pt-[3px]\">\n<div class=\"markdown prose w-full break-words dark:prose-invert light\">\n<p>1. Dve jabolki<\/p>\n<p>2. Lubenica z ledom<\/p>\n<p>3. Mango breskev<\/p>\n<p>4. Borovnica z ledom<\/p>\n<p>5. Modra malina z ledom<\/p>\n<p>6. Grozdni led<\/p>\n<p>7. Jagoda Kiwi<\/p>\n<p>8. Borovnica lubenica<\/p>\n<p>9. \u010ce\u0161njeva kola<\/p>\n<p>10. Love 777<\/p>\n<p>11. \u010ce\u0161nja z ledom<\/p>\n<p>12. Breskev z ledom<\/p>\n<p>13. Jagodi\u010devje z ledom<\/p>\n<p>14. Sladka pasijonka<\/p>\n<p>15. Zamrznjena jagoda kivi<\/p>\n<p>16. Zmajevo sadje banana \u010de\u0161nja<\/p>\n<\/div>\n<\/div>\n<\/div>\n<\/div>\n<\/div>\n<\/div>\n<\/div>\n<\/div>\n<\/article>\n<\/div>\n<\/div>\n<\/div>\n<\/div>\n<\/div>\n<\/div>\n<\/div>\n<\/div>\n<\/div>\n<\/div>\n<\/article>\n<h2>Zakaj izbrati Vapestornado za nakup Vozol Gear Shisha 25k Puffs Screen Vape v razsutem stanju?<\/h2>\n<div class=\"flex-shrink-0 flex flex-col relative items-end\">\n<div class=\"pt-0\">\n<div class=\"gizmo-bot-avatar flex h-8 w-8 items-center justify-center overflow-hidden rounded-full\">\n<div class=\"relative p-1 rounded-sm flex items-center justify-center bg-token-main-surface-primary text-token-text-primary h-8 w-8\">\n<p data-start=\"88\" data-end=\"557\">Ko gre za <strong data-start=\"105\" data-end=\"154\">\u00a0nakup visokokakovostnih vape za enkratno uporabo<\/strong>, <strong data-start=\"156\" data-end=\"172\">Vapestornado<\/strong> je glavni vir za nepremagljive <strong data-start=\"208\" data-end=\"271\">tovarni\u0161ke cene, hitro po\u0161iljanje in vrhunske storitve za stranke<\/strong>. Nakup Vozol Gear Shisha 25k 25000 <strong data-start=\"284\" data-end=\"322\">Vape<\/strong>\u00a0pri Vapestornado pomeni, da dobite <strong data-start=\"363\" data-end=\"400\">verodostojne, 100-odstotno originalne izdelke<\/strong> z najnovej\u0161o <strong data-start=\"417\" data-end=\"515\">tehnologijo digitalnega zaslona, priro\u010dnost polnilnega Type-C in ogromno kapaciteto 25000 vdihov<\/strong>\u2014vse po <strong data-start=\"527\" data-end=\"554\">najni\u017ejih veleprodajnih cenah<\/strong>.<\/p>\n<p data-start=\"559\" data-end=\"933\" data-is-last-node=\"\" data-is-only-node=\"\">Imamo tudi nekaj drugih vro\u010dih vape z zaslonom, kot je <a href=\"https:\/\/vapestornado.com\/sl\/product\/waspe-fihp-30000-puffs-smart-screen-vape-2-5-nicotine-wholesal\/\">WASPE 30K Dvojni na\u010din vapinga<\/a>, <a href=\"https:\/\/vapestornado.com\/sl\/product\/vopk-ultra-40000-puffs-2-in-1-digital-screen-rechargeable-disposable-vape\/\">VOPK 40000 Puff Vape za enkratno uporabo<\/a>, <a href=\"https:\/\/vapestornado.com\/sl\/product\/vapsolo-galaxy-30000-vapers-30k-puff-disposable-vape-e-cigarette-with-smart-screen\/\">Vapsolo Galaxy 30000<\/a>, in \u0161e ve\u010d.<\/p>\n<\/div>\n<div class=\"relative p-1 rounded-sm flex items-center justify-center bg-token-main-surface-primary text-token-text-primary h-8 w-8\">\n<h2>Pogosta vpra\u0161anja o e-cigaretah za enkratno uporabo<\/h2>\n<ol data-start=\"1162\" data-end=\"2206\">\n<li data-start=\"1162\" data-end=\"1425\">\n<p data-start=\"1165\" data-end=\"1425\"><strong data-start=\"1165\" data-end=\"1221\">Kako prvi\u010d uporabiti e-cigareto za enkratno uporabo?<\/strong> Za uporabo Vozol Gear Shisha 25K za enkratno uporabo jo preprosto odstranite iz embala\u017ee, preverite, ali je napolnjena, in vdihnite skozi ustnik. Naprava se aktivira z vdihom, zato gumbi niso potrebni.<\/p>\n<\/li>\n<li data-start=\"1427\" data-end=\"1706\">\n<p data-start=\"1430\" data-end=\"1706\"><strong data-start=\"1430\" data-end=\"1473\">Kako lahko napolnim e-cigareto za enkratno uporabo?<\/strong> Ta naprava ima 1000 mAh polnilno baterijo. Uporabite prilo\u017eeni kabel za polnjenje Type-C, da jo pove\u017eete z virom napajanja. 2,1-pal\u010dni barvni zaslon bo prikazoval stanje polnjenja, kar vam bo zagotavljalo informacije skozi celoten postopek.<\/p>\n<\/li>\n<li data-start=\"1708\" data-end=\"1956\">\n<p data-start=\"1711\" data-end=\"1956\"><strong data-start=\"1711\" data-end=\"1765\">Ali lahko pustim svojo e-cigareto za enkratno uporabo v ro\u010dni prtljagi?<\/strong> Da, svojo e-cigareto za enkratno uporabo lahko nosite v ro\u010dni prtljagi, ko potujete z letalom. Vendar pa pred potovanjem vedno preverite predpise letalske dru\u017ebe in lokalne zakone glede naprav za vejpanje.<\/p>\n<\/li>\n<li data-start=\"1958\" data-end=\"2206\">\n<p data-start=\"1961\" data-end=\"2206\"><strong data-start=\"1961\" data-end=\"1997\">Kako veste, da je e-cigareta prazna?<\/strong> Vozol Gear Shisha 25K ima 2,1-pal\u010dni barvni zaslon, ki prikazuje nivo e-teko\u010dine. Ko je e-teko\u010dine malo ali je izpraznjena, vas bo zaslon obvestil, kar pomeni, da je \u010das za zamenjavo ali ponovno polnjenje.<\/p>\n<\/li>\n<\/ol>\n<\/div>\n<\/div>\n<\/div>\n<\/div>","protected":false},"excerpt":{"rendered":"<p>The <strong data-start=\"1437\" data-end=\"1462\">Vozol Gear Shisha 25K<\/strong> zagotavlja do 25.000 vdihov, dvojni na\u010din delovanja in 2,1-pal\u010dni barvni zaslon. Vrhunska DTL e-cigareta za enkratno uporabo, idealna za <strong data-start=\"1566\" data-end=\"1601\">veleprodajna naro\u010dila v razsutem stanju v Evropi<\/strong>.<\/p>\n<p><strong>Dodajte Amyin WhatsApp, da dobite pravi odgovor in ceno s popustom!<\/strong><\/p>\n<p><img fetchpriority=\"high\" decoding=\"async\" class=\"size-full wp-image-2932\" src=\"https:\/\/vapestornado.com\/wp-content\/uploads\/2024\/12\/Vape-Wholesale.jpg\" alt=\"Vape Veleprodaja\" width=\"229\" height=\"300\" \/><\/p>\n<h3><a href=\"https:\/\/wa.me\/8617776015835\"><span style=\"color: #ff0000;\"><strong>WhatsApp: +386 17776015835<\/strong><\/span><\/a><\/h3>\n<p>&nbsp;<\/p>","protected":false},"featured_media":3921,"comment_status":"open","ping_status":"closed","template":"","meta":{"_acf_changed":false,"_uag_custom_page_level_css":"","_lmt_disableupdate":"no","_lmt_disable":"","_monsterinsights_skip_tracking":false,"_monsterinsights_sitenote_active":false,"_monsterinsights_sitenote_note":"","_monsterinsights_sitenote_category":0,"site-sidebar-layout":"default","site-content-layout":"","ast-site-content-layout":"default","site-content-style":"default","site-sidebar-style":"default","ast-global-header-display":"","ast-banner-title-visibility":"","ast-main-header-display":"","ast-hfb-above-header-display":"","ast-hfb-below-header-display":"","ast-hfb-mobile-header-display":"","site-post-title":"","ast-breadcrumbs-content":"","ast-featured-img":"","footer-sml-layout":"","ast-disable-related-posts":"","theme-transparent-header-meta":"default","adv-header-id-meta":"","stick-header-meta":"","header-above-stick-meta":"","header-main-stick-meta":"","header-below-stick-meta":"","astra-migrate-meta-layouts":"set","ast-page-background-enabled":"default","ast-page-background-meta":{"desktop":{"background-color":"","background-image":"","background-repeat":"repeat","background-position":"center center","background-size":"auto","background-attachment":"scroll","background-type":"","background-media":"","overlay-type":"","overlay-color":"","overlay-opacity":"","overlay-gradient":""},"tablet":{"background-color":"","background-image":"","background-repeat":"repeat","background-position":"center center","background-size":"auto","background-attachment":"scroll","background-type":"","background-media":"","overlay-type":"","overlay-color":"","overlay-opacity":"","overlay-gradient":""},"mobile":{"background-color":"","background-image":"","background-repeat":"repeat","background-position":"center center","background-size":"auto","background-attachment":"scroll","background-type":"","background-media":"","overlay-type":"","overlay-color":"","overlay-opacity":"","overlay-gradient":""}},"ast-content-background-meta":{"desktop":{"background-color":"var(--ast-global-color-5)","background-image":"","background-repeat":"repeat","background-position":"center center","background-size":"auto","background-attachment":"scroll","background-type":"","background-media":"","overlay-type":"","overlay-color":"","overlay-opacity":"","overlay-gradient":""},"tablet":{"background-color":"var(--ast-global-color-5)","background-image":"","background-repeat":"repeat","background-position":"center center","background-size":"auto","background-attachment":"scroll","background-type":"","background-media":"","overlay-type":"","overlay-color":"","overlay-opacity":"","overlay-gradient":""},"mobile":{"background-color":"var(--ast-global-color-5)","background-image":"","background-repeat":"repeat","background-position":"center center","background-size":"auto","background-attachment":"scroll","background-type":"","background-media":"","overlay-type":"","overlay-color":"","overlay-opacity":"","overlay-gradient":""}},"_joinchat":{"telephone":"17776015835"}},"product_brand":[],"product_cat":[19,68,160,142,147,57],"product_tag":[271,94,93,269,272,270],"class_list":{"0":"post-3928","1":"product","2":"type-product","3":"status-publish","4":"has-post-thumbnail","6":"product_cat-vapes","7":"product_cat-25000-puff","8":"product_cat-buy-disposable-vapes-in-switzerland","9":"product_cat-digital-box-disposable-vapes","10":"product_cat-shisha-hookah-disposable-vapes","11":"product_cat-vozol-vape","12":"product_tag-best-dtl-disposable-vape","13":"product_tag-rechargeable-disposable-vape","14":"product_tag-vape-wholesale","15":"product_tag-vape-with-screen","16":"product_tag-vozol-gear-shisha-25000","17":"product_tag-vozol-gear-shisha-25k","18":"desktop-align-left","19":"tablet-align-left","20":"mobile-align-left","22":"first","23":"instock","24":"sale","25":"shipping-taxable","26":"purchasable","27":"product-type-simple"},"acf":[],"uagb_featured_image_src":{"full":["https:\/\/vapestornado.com\/wp-content\/uploads\/2025\/03\/Vazol-Gear-Shisha-25000-Puff-25k-Cheap-Price.webp",800,800,false],"thumbnail":["https:\/\/vapestornado.com\/wp-content\/uploads\/2025\/03\/Vazol-Gear-Shisha-25000-Puff-25k-Cheap-Price-150x150.webp",150,150,true],"medium":["https:\/\/vapestornado.com\/wp-content\/uploads\/2025\/03\/Vazol-Gear-Shisha-25000-Puff-25k-Cheap-Price-300x300.webp",300,300,true],"medium_large":["https:\/\/vapestornado.com\/wp-content\/uploads\/2025\/03\/Vazol-Gear-Shisha-25000-Puff-25k-Cheap-Price-768x768.webp",768,768,true],"large":["https:\/\/vapestornado.com\/wp-content\/uploads\/2025\/03\/Vazol-Gear-Shisha-25000-Puff-25k-Cheap-Price.webp",800,800,false],"1536x1536":["https:\/\/vapestornado.com\/wp-content\/uploads\/2025\/03\/Vazol-Gear-Shisha-25000-Puff-25k-Cheap-Price.webp",800,800,false],"2048x2048":["https:\/\/vapestornado.com\/wp-content\/uploads\/2025\/03\/Vazol-Gear-Shisha-25000-Puff-25k-Cheap-Price.webp",800,800,false],"trp-custom-language-flag":["https:\/\/vapestornado.com\/wp-content\/uploads\/2025\/03\/Vazol-Gear-Shisha-25000-Puff-25k-Cheap-Price.webp",12,12,false],"woocommerce_thumbnail":["https:\/\/vapestornado.com\/wp-content\/uploads\/2025\/03\/Vazol-Gear-Shisha-25000-Puff-25k-Cheap-Price-300x300.webp",300,300,true],"woocommerce_single":["https:\/\/vapestornado.com\/wp-content\/uploads\/2025\/03\/Vazol-Gear-Shisha-25000-Puff-25k-Cheap-Price-600x600.webp",600,600,true],"woocommerce_gallery_thumbnail":["https:\/\/vapestornado.com\/wp-content\/uploads\/2025\/03\/Vazol-Gear-Shisha-25000-Puff-25k-Cheap-Price-100x100.webp",100,100,true]},"uagb_author_info":{"display_name":"ESAMY","author_link":"https:\/\/vapestornado.com\/sl\/author\/"},"uagb_comment_info":0,"uagb_excerpt":"The Vozol Gear Shisha 25K delivers up to 25K puffs, dual modes, and a 2.1\u201d color screen. A premium DTL disposable vape ideal for wholesale bulk orders in Europe. Add Amy's whatsapp to get right reply and discount price! WhatsApp: +86 17776015835 &nbsp;","_links":{"self":[{"href":"https:\/\/vapestornado.com\/sl\/wp-json\/wp\/v2\/product\/3928","targetHints":{"allow":["GET"]}}],"collection":[{"href":"https:\/\/vapestornado.com\/sl\/wp-json\/wp\/v2\/product"}],"about":[{"href":"https:\/\/vapestornado.com\/sl\/wp-json\/wp\/v2\/types\/product"}],"replies":[{"embeddable":true,"href":"https:\/\/vapestornado.com\/sl\/wp-json\/wp\/v2\/comments?post=3928"}],"wp:featuredmedia":[{"embeddable":true,"href":"https:\/\/vapestornado.com\/sl\/wp-json\/wp\/v2\/media\/3921"}],"wp:attachment":[{"href":"https:\/\/vapestornado.com\/sl\/wp-json\/wp\/v2\/media?parent=3928"}],"wp:term":[{"taxonomy":"product_brand","embeddable":true,"href":"https:\/\/vapestornado.com\/sl\/wp-json\/wp\/v2\/product_brand?post=3928"},{"taxonomy":"product_cat","embeddable":true,"href":"https:\/\/vapestornado.com\/sl\/wp-json\/wp\/v2\/product_cat?post=3928"},{"taxonomy":"product_tag","embeddable":true,"href":"https:\/\/vapestornado.com\/sl\/wp-json\/wp\/v2\/product_tag?post=3928"}],"curies":[{"name":"wp","href":"https:\/\/api.w.org\/{rel}","templated":true}]}}