{"id":3890,"date":"2025-03-18T02:33:25","date_gmt":"2025-03-18T02:33:25","guid":{"rendered":"https:\/\/vapestornado.com\/?post_type=product&#038;p=3890"},"modified":"2025-12-04T08:58:11","modified_gmt":"2025-12-04T08:58:11","slug":"original-bang-leader-20000-puff-crystal-disposable-vape-box-20k-puffs-wholesale-vapers","status":"publish","type":"product","link":"https:\/\/vapestornado.com\/sl\/product\/original-bang-leader-20000-puff-crystal-disposable-vape-box-20k-puffs-wholesale-vapers\/","title":{"rendered":"Original Bang Leader 20000 Vdihov Kristalna Vape \u0160katlica za Enkratno Uporabo 20K Vdihov Veleprodajni Vaperji"},"content":{"rendered":"<h1 data-pm-slice=\"1 1 []\">Original Bang Leader 20000 Vdihov Kristalna Vape \u0160katlica za Enkratno Uporabo 20K Vdihov Veleprodajni Vaperji<\/h1>\n<p data-start=\"1084\" data-end=\"1266\">Bang Leader 20000 Puff Crystal je enkratna naprava za enkratno uporabo s 20.000 vdihi, rezervoarjem s 28 ml, 650mAh baterijo Type-C za polnjenje, dvojno mre\u017eno tuljavo in kristalnim ohi\u0161jem z ovratnico\u2014zasnovano za dolgo uporabo, stabilen okus in enostavno prena\u0161anje.<\/p>\n<p data-start=\"584\" data-end=\"867\">Naprava je ocenjena za <strong data-start=\"679\" data-end=\"701\">do 20.000 vdihov<\/strong> in dr\u017ei <strong data-start=\"712\" data-end=\"732\">28 ml e teko\u010dine<\/strong>, zato ve\u010dina uporabnikov dose\u017ee veliko dalj\u0161o uporabo kot modeli z 5k\u201310k vdihi. Manj zamenjav prav tako pomeni manj te\u017eav in ni\u017eji stro\u0161ek na vdih skozi \u010das. Bang Leader 20000 Puff Crystal enkratna vape naprava uporablja <strong data-start=\"956\" data-end=\"975\">dvojne mre\u017easte tuljave<\/strong>, ki enakomerno segreva e teko\u010dino. To pomaga ohranjati gladko vle\u010denje in stabilen okus od za\u010detka do konca rezervoarja, namesto da bi se okus zmanj\u0161al na polovici.<\/p>\n<p data-start=\"584\" data-end=\"867\">The <strong data-start=\"1193\" data-end=\"1227\">650mAh baterija je polnljiva<\/strong>, zato lahko napolnite energijo in porabite vso teko\u010dino, ne da bi se naprava izpraznila prej. Ta bang leader 20000 vdih enkratna vape naprava je opremljena z <strong data-start=\"1307\" data-end=\"1326\">polnjenje tipa C<\/strong> je \u0161iroko zdru\u017eljiva in hitra, zato se lahko vrnete na vaping brez dolgih odmorov. <strong data-start=\"1461\" data-end=\"1483\">kristalno ohi\u0161je<\/strong> je kompaktno in trpe\u017eno, vklju\u010den <strong data-start=\"1524\" data-end=\"1535\">ovratnica<\/strong> pa omogo\u010da enostavno shranjevanje, ko ste zunaj. Zasnovano je za vsakodnevno no\u0161enje brez ob\u010dutka ohlapnosti. Mo\u017enosti nikotinske jakosti vklju\u010dujejo <strong data-start=\"1712\" data-end=\"1743\">0%, 2%, 3% in 5% nikotina<\/strong><\/p>\n<p><strong><span style=\"color: #ff0000;\">Dodajte Amy na WhatsApp za pravilen odgovor in ceno s popustom!<\/span><\/strong><\/p>\n<p><img fetchpriority=\"high\" decoding=\"async\" class=\"size-full wp-image-2932\" src=\"https:\/\/vapestornado.com\/wp-content\/uploads\/2024\/12\/Vape-Wholesale.jpg\" alt=\"Vape Veleprodaja\" width=\"229\" height=\"300\" \/><\/p>\n<h3><a href=\"https:\/\/wa.me\/8617776015835\" target=\"_blank\" rel=\"noopener\"><span style=\"color: #ff0000;\"><strong>WhatsApp: +386 17776015835<\/strong><\/span><\/a><\/h3>\n<p>&nbsp;<\/p>\n<h2><strong>Bang Leader 50000 Puff Crystal Vape Klju\u010dne lastnosti izdelka<\/strong><\/h2>\n<table>\n<thead>\n<tr>\n<th>Zna\u010dilnosti<\/th>\n<th align=\"right\">Specifikacija<\/th>\n<th><\/th>\n<\/tr>\n<\/thead>\n<tbody>\n<tr>\n<td>Ime izdelka<\/td>\n<td align=\"right\">Bang Leader 20000 Vpihov Kristalna Vape za Enkratno Uporabo<\/td>\n<td>Enostavno za prepoznavo za ponovne kupce.<\/td>\n<\/tr>\n<tr>\n<td>Zmogljivost vdihovanja<\/td>\n<td align=\"right\">Do 20.000 vdihov<\/td>\n<td>Dolgotrajna uporaba; manj zamenjav kot pri standardnih enkratnih napravah.<\/td>\n<\/tr>\n<tr>\n<td>Prostornina E-teko\u010dine<\/td>\n<td align=\"right\">28 ml vnaprej napolnjenega rezervoarja<\/td>\n<td>Velik rezervoar podpira celoten \u0161t. vdihov brez dopolnjevanja.<\/td>\n<\/tr>\n<tr>\n<td>Baterija<\/td>\n<td align=\"right\">650 mAh mo\u017enost ponovnega polnjenja<\/td>\n<td>Polnite, da uporabite vso teko\u010dino in ne izgubite vdihov.<\/td>\n<\/tr>\n<tr>\n<td>Polnjenje<\/td>\n<td align=\"right\">USB Tip-C<\/td>\n<td>Splo\u0161ni standard kabla; hitrej\u0161e in la\u017eje za iskanje.<\/td>\n<\/tr>\n<tr>\n<td>Vrsta Tuljave<\/td>\n<td align=\"right\">Dvojna mre\u017easta tuljava<\/td>\n<td>Enakomerno segrevanje = bolj gladek para in bolj stabilen okus.<\/td>\n<\/tr>\n<tr>\n<td>Mo\u017enosti nikotina<\/td>\n<td align=\"right\">0% \/ 2% \/ 3% \/ 5%<\/td>\n<td>Omogo\u010da uporabnikom izbiro ravni nikotina, ki ustreza njihovim potrebam.<\/td>\n<\/tr>\n<tr>\n<td>Oblikovanje<\/td>\n<td align=\"right\">Kristalno telo + ovratnica<\/td>\n<td>Primeren za \u017eep in enostaven za prena\u0161anje brez uporabe rok.<\/td>\n<\/tr>\n<tr>\n<td>Aktivacija<\/td>\n<td align=\"right\">Aktivirano z vle\u010denjem<\/td>\n<td>Brez gumbov; vdihnite za vaping.<\/td>\n<\/tr>\n<\/tbody>\n<\/table>\n<h2 class=\"product-title\"><strong>Seznam okusov Bang Leader 20k Puffs Box Vape<\/strong><\/h2>\n<article class=\"group\/turn w-full text-token-text-primary focus-visible:outline-2 focus-visible:outline-offset-[-4px]\" dir=\"auto\" data-testid=\"conversation-turn-61\" data-scroll-anchor=\"true\">\n<div class=\"text-base my-auto mx-auto py-[18px] px-6\">\n<div class=\"mx-auto flex flex-1 text-base gap-4 md:gap-5 lg:gap-6 md:max-w-3xl lg:max-w-[40rem] xl:max-w-[48rem]\">\n<div class=\"group\/conversation-turn relative flex w-full min-w-0 flex-col agent-turn @xs\/thread:px-0 @sm\/thread:px-1.5 @md\/thread:px-4\">\n<div class=\"flex-col gap-1 md:gap-3\">\n<div class=\"flex max-w-full flex-col flex-grow\">\n<div class=\"min-h-8 text-message relative flex w-full flex-col items-end gap-2 whitespace-normal break-words text-start [.text-message+&amp;]:mt-5\" dir=\"auto\" data-message-author-role=\"assistant\" data-message-id=\"762d7e41-70d5-4ddf-94cb-85ef5025d3a8\" data-message-model-slug=\"gpt-4o\">\n<div class=\"flex w-full flex-col gap-1 empty:hidden first:pt-[3px]\">\n<div class=\"markdown prose w-full break-words dark:prose-invert light\">\n<p>&nbsp;<\/p>\n<p>1. Lubenica Led <strong><span style=\"color: #ff0000;\">&gt;&gt;&gt;&gt; Vro\u010de!<\/span><\/strong><\/p>\n<p>2. Jagoda Kiwi<\/p>\n<p>3. Jagodni led <strong><span style=\"color: #ff0000;\">&gt;&gt;&gt;&gt; Vro\u010de!<\/span><\/strong><\/p>\n<p>4. Mango Breskev<\/p>\n<p>5. Borovnica Malina <strong><span style=\"color: #ff0000;\">&gt;&gt;&gt;&gt; Najbolj\u0161e!<\/span><\/strong><\/p>\n<p>6. Borovnica Meta<\/p>\n<p>7. Me\u0161ano sadje <strong><span style=\"color: #ff0000;\">&gt;&gt;&gt;&gt; Vro\u010de!<\/span><\/strong><\/p>\n<p>8. Jagoda Lubenica<\/p>\n<p>9. Grozdno ledeno<\/p>\n<p>10. \u017dve\u010dilni gumi z okusom lubenice<\/p>\n<p>11. Borovnica z ledom <strong><span style=\"color: #ff0000;\">&gt;&gt;&gt;&gt; Vro\u010de!<\/span><\/strong><\/p>\n<p>12. Breskev z ledom<\/p>\n<\/div>\n<\/div>\n<\/div>\n<\/div>\n<\/div>\n<\/div>\n<\/div>\n<\/div>\n<\/article>\n<article class=\"w-full text-token-text-primary focus-visible:outline-2 focus-visible:outline-offset-[-4px]\" dir=\"auto\" data-testid=\"conversation-turn-32\" data-scroll-anchor=\"false\">\n<div class=\"m-auto text-base py-[18px] px-6\">\n<div class=\"mx-auto flex flex-1 text-base gap-4 md:gap-5 lg:gap-6 md:max-w-3xl lg:max-w-[40rem] xl:max-w-[48rem]\">\n<div class=\"group\/conversation-turn relative flex w-full min-w-0 flex-col @xs\/thread:px-0 @sm\/thread:px-1.5 @md\/thread:px-4\">\n<div class=\"flex-col gap-1 md:gap-3\">\n<div class=\"flex max-w-full flex-col flex-grow\">\n<div class=\"min-h-8 text-message flex w-full flex-col items-end gap-2 whitespace-normal break-words text-start [.text-message+&amp;]:mt-5\" dir=\"auto\" data-message-author-role=\"user\" data-message-id=\"ffac41ca-1db4-431b-873a-32c4052956f1\">\n<div class=\"flex w-full flex-col gap-1 empty:hidden items-end rtl:items-start\">\n<div class=\"relative max-w-[var(--user-chat-width,70%)] rounded-3xl bg-token-message-surface px-5 py-2.5\">\n<div class=\"absolute bottom-0 right-full top-0 -mr-3.5 hidden pr-5 pt-2 [.group\/conversation-turn:hover_&amp;]:flex\">\n<div class=\"flex\">\n<article class=\"w-full text-token-text-primary focus-visible:outline-2 focus-visible:outline-offset-[-4px]\" dir=\"auto\" data-testid=\"conversation-turn-39\" data-scroll-anchor=\"true\">\n<div class=\"m-auto text-base py-[18px] px-6\">\n<div class=\"mx-auto flex flex-1 text-base gap-4 md:gap-5 lg:gap-6 md:max-w-3xl lg:max-w-[40rem] xl:max-w-[48rem]\">\n<div class=\"group\/conversation-turn relative flex w-full min-w-0 flex-col agent-turn @xs\/thread:px-0 @sm\/thread:px-1.5 @md\/thread:px-4\">\n<div class=\"flex-col gap-1 md:gap-3\">\n<div class=\"flex max-w-full flex-col flex-grow\">\n<div class=\"min-h-8 text-message flex w-full flex-col items-end gap-2 whitespace-normal break-words text-start [.text-message+&amp;]:mt-5\" dir=\"auto\" data-message-author-role=\"assistant\" data-message-id=\"55a23854-ec57-48dd-bd4f-6118f43d6241\" data-message-model-slug=\"gpt-4o\">\n<div class=\"flex w-full flex-col gap-1 empty:hidden first:pt-[3px]\">\n<div class=\"markdown prose w-full break-words dark:prose-invert light\"><\/div>\n<\/div>\n<\/div>\n<\/div>\n<\/div>\n<\/div>\n<\/div>\n<\/div>\n<\/article>\n<\/div>\n<\/div>\n<\/div>\n<\/div>\n<\/div>\n<\/div>\n<\/div>\n<\/div>\n<\/div>\n<\/div>\n<\/article>\n<h3>Zakaj izbrati Vapestornado za naro\u010dilo Bang 20k Crystal Puffs Recharge Vape v razsutem stanju?<\/h3>\n<div class=\"flex-shrink-0 flex flex-col relative items-end\">\n<div class=\"pt-0\">\n<div class=\"gizmo-bot-avatar flex h-8 w-8 items-center justify-center overflow-hidden rounded-full\">\n<div class=\"relative p-1 rounded-sm flex items-center justify-center bg-token-main-surface-primary text-token-text-primary h-8 w-8\">\n<p data-start=\"75\" data-end=\"479\">Ko gre za <strong data-start=\"92\" data-end=\"117\">velike koli\u010dine vapeov za enkratno uporabo<\/strong>, <strong data-start=\"119\" data-end=\"152\">spletna trgovina z vapei Vapestornado<\/strong> je prava destinacija za<strong data-start=\"182\" data-end=\"202\">\u00a0kupci<\/strong> ki i\u0161\u010dejo <strong data-start=\"215\" data-end=\"257\">ugodne cene in vrhunsko kakovost<\/strong>. Nudimo <strong data-start=\"268\" data-end=\"299\">ekskluzivne veleprodajne cene<\/strong> za Bang Leader 50000 Puffs, kar trgovcem in distributerjem omogo\u010da, da se zalo\u017eijo z enim izmed najbolj iskanih <a href=\"https:\/\/vapestornado.com\/sl\/product-category\/rechargeable-disposable-vapes\/\"><strong data-start=\"412\" data-end=\"445\">polnilne E cigarete za enkratno uporabo<\/strong><\/a>\u00a0z <strong data-start=\"453\" data-end=\"476\">digitalni LCD zaslon<\/strong>.<\/p>\n<\/div>\n<div class=\"relative p-1 rounded-sm flex items-center justify-center bg-token-main-surface-primary text-token-text-primary h-8 w-8\">\n<h3>Pogosta vpra\u0161anja o Bang Leader 20k Puffs Disposable Vaper<\/h3>\n<p data-start=\"2819\" data-end=\"3064\"><strong data-start=\"2819\" data-end=\"2897\">1. Ali disposable naprave potrebujejo poseben polnilec za Bang Leader 20000 Puff?<\/strong><br data-start=\"2897\" data-end=\"2900\" \/>Ne. The <strong data-start=\"2908\" data-end=\"2958\">Bang Leader 20000 Vpihov Kristalna Vape za Enkratno Uporabo<\/strong> uporablja standardno <strong data-start=\"2973\" data-end=\"2996\">Polnjenje preko USB Type-C<\/strong>, zato bo deloval kateri koli obi\u010dajen kabel Type-C in varen USB napajalnik.<\/p>\n<p data-start=\"3066\" data-end=\"3364\"><strong data-start=\"3066\" data-end=\"3149\">2. Ali disposable naprave povzro\u010dajo hitrej\u0161o odvisnost, vklju\u010dno z Bang Leader 20000 Puff?<\/strong><br data-start=\"3149\" data-end=\"3152\" \/>Tveganje odvisnosti je od <strong data-start=\"3178\" data-end=\"3224\">jakosti nikotina in pogostosti uporabe<\/strong>, ne le \u0161tevilo potegov. Opcije <strong data-start=\"3252\" data-end=\"3278\">Bang Leader 20000 Puff<\/strong> je na voljo v <strong data-start=\"3288\" data-end=\"3310\">0%, 2%, 3% in 5%<\/strong> tako da lahko uporabniki izberejo raven, ki ustreza njihovim ciljem.<\/p>\n<p data-start=\"3366\" data-end=\"3666\"><strong data-start=\"3366\" data-end=\"3451\">3. Katera disposable naprava traja dlje: Bang Leader 20000 Puff ali vape z 10.000 pufi?<\/strong><br data-start=\"3451\" data-end=\"3454\" \/>Pri vsakodnevni uporabi je <strong data-start=\"3475\" data-end=\"3501\">Bang Leader 20000 Puff<\/strong> obi\u010dajno traja dlje, ker zdru\u017euje <strong data-start=\"3545\" data-end=\"3602\">20.000 pufov + 28 ml e-tek\u010dine + ponovno polnljiva baterija<\/strong>, medtem ko imajo ve\u010dina naprav z 10k manj\u0161e rezervoarje in kraj\u0161i \u010das delovanja.<\/p>\n<p data-start=\"3668\" data-end=\"3920\"><strong data-start=\"3668\" data-end=\"3737\">4. Ali je Bang Leader 20000 Puff primeren za okus pri dolgotrajni uporabi?<\/strong><br data-start=\"3737\" data-end=\"3740\" \/>Da. <strong data-start=\"3749\" data-end=\"3767\">dvojna mre\u017easta tuljava<\/strong> nastavitev je zasnovana tako, da ohranja gladek vapor in stabilen okus skozi velik rezervoar, kar pomaga prepre\u010diti zatemnjen okus, ki ga razvijejo nekateri disposable z veliko pufi kasneje.<\/p>\n<p data-start=\"3922\" data-end=\"4213\"><strong data-start=\"3922\" data-end=\"3995\">5. Ali lahko s seboj na letalo vzamem disposable vape Bang Leader 20000 Puff?<\/strong><br data-start=\"3995\" data-end=\"3998\" \/>Ve\u010dina letalskih prevoznikov dovoljuje enkratne naprave <strong data-start=\"4030\" data-end=\"4058\">samo v ro\u010dni prtljagi<\/strong>, ne v ro\u010dni prtljagi, zaradi pravil o baterijah. Ohranite ga <strong data-start=\"4114\" data-end=\"4164\">Bang Leader 20000 Vpihov Kristalna Vape za Enkratno Uporabo<\/strong> zape\u010datenega in pred potovanjem preverite pravila letalske dru\u017ebe.<\/p>\n<\/div>\n<\/div>\n<\/div>\n<\/div>","protected":false},"excerpt":{"rendered":"<p>Najbolj\u0161i Bang Leader 20000 Vpihov Kristalni Vape za Enkratno Uporabo<br \/>\nBang Leader 20000 Vpihov Kristalni Vape za Enkratno Uporabo na Debelo<br \/>\nBang Vape 20000 20K Vpihov Polnilni Vape za Enkratno Uporabo<\/p>\n<p><strong>Dodajte Amyin WhatsApp, da dobite pravi odgovor in ceno s popustom!<\/strong><\/p>\n<p><img fetchpriority=\"high\" decoding=\"async\" class=\"size-full wp-image-2932\" src=\"https:\/\/vapestornado.com\/wp-content\/uploads\/2024\/12\/Vape-Wholesale.jpg\" alt=\"Vape Veleprodaja\" width=\"229\" height=\"300\" \/><\/p>\n<h3><a href=\"https:\/\/wa.me\/8617776015835\"><span style=\"color: #ff0000;\"><strong>WhatsApp: +386 17776015835<\/strong><\/span><\/a><\/h3>\n<p>&nbsp;<\/p>","protected":false},"featured_media":3876,"comment_status":"open","ping_status":"closed","template":"","meta":{"_acf_changed":false,"_uag_custom_page_level_css":"","_lmt_disableupdate":"no","_lmt_disable":"","_monsterinsights_skip_tracking":false,"_monsterinsights_sitenote_active":false,"_monsterinsights_sitenote_note":"","_monsterinsights_sitenote_category":0,"site-sidebar-layout":"default","site-content-layout":"","ast-site-content-layout":"default","site-content-style":"default","site-sidebar-style":"default","ast-global-header-display":"","ast-banner-title-visibility":"","ast-main-header-display":"","ast-hfb-above-header-display":"","ast-hfb-below-header-display":"","ast-hfb-mobile-header-display":"","site-post-title":"","ast-breadcrumbs-content":"","ast-featured-img":"","footer-sml-layout":"","ast-disable-related-posts":"","theme-transparent-header-meta":"default","adv-header-id-meta":"","stick-header-meta":"","header-above-stick-meta":"","header-main-stick-meta":"","header-below-stick-meta":"","astra-migrate-meta-layouts":"set","ast-page-background-enabled":"default","ast-page-background-meta":{"desktop":{"background-color":"","background-image":"","background-repeat":"repeat","background-position":"center center","background-size":"auto","background-attachment":"scroll","background-type":"","background-media":"","overlay-type":"","overlay-color":"","overlay-opacity":"","overlay-gradient":""},"tablet":{"background-color":"","background-image":"","background-repeat":"repeat","background-position":"center center","background-size":"auto","background-attachment":"scroll","background-type":"","background-media":"","overlay-type":"","overlay-color":"","overlay-opacity":"","overlay-gradient":""},"mobile":{"background-color":"","background-image":"","background-repeat":"repeat","background-position":"center center","background-size":"auto","background-attachment":"scroll","background-type":"","background-media":"","overlay-type":"","overlay-color":"","overlay-opacity":"","overlay-gradient":""}},"ast-content-background-meta":{"desktop":{"background-color":"var(--ast-global-color-5)","background-image":"","background-repeat":"repeat","background-position":"center center","background-size":"auto","background-attachment":"scroll","background-type":"","background-media":"","overlay-type":"","overlay-color":"","overlay-opacity":"","overlay-gradient":""},"tablet":{"background-color":"var(--ast-global-color-5)","background-image":"","background-repeat":"repeat","background-position":"center center","background-size":"auto","background-attachment":"scroll","background-type":"","background-media":"","overlay-type":"","overlay-color":"","overlay-opacity":"","overlay-gradient":""},"mobile":{"background-color":"var(--ast-global-color-5)","background-image":"","background-repeat":"repeat","background-position":"center center","background-size":"auto","background-attachment":"scroll","background-type":"","background-media":"","overlay-type":"","overlay-color":"","overlay-opacity":"","overlay-gradient":""}},"_joinchat":{"telephone":"17776015835"}},"product_brand":[],"product_cat":[19,69,278,150,160,141,144],"product_tag":[472,263,196,120,94,240,93],"class_list":{"0":"post-3890","1":"product","2":"type-product","3":"status-publish","4":"has-post-thumbnail","6":"product_cat-vapes","7":"product_cat-20000-puff","8":"product_cat-bang-leader-vape","9":"product_cat-buy-disposable-vapes-in-belgium","10":"product_cat-buy-disposable-vapes-in-switzerland","11":"product_cat-crystal-disposable-vapes","12":"product_cat-low-nicotine-disposable-vapes","13":"product_tag-bang-leader-20000","14":"product_tag-bang-leader-20k","15":"product_tag-bang-vape","16":"product_tag-crystal-vape","17":"product_tag-rechargeable-disposable-vape","18":"product_tag-twins-flavor-disposable-vape","19":"product_tag-vape-wholesale","20":"desktop-align-left","21":"tablet-align-left","22":"mobile-align-left","24":"first","25":"instock","26":"sale","27":"shipping-taxable","28":"purchasable","29":"product-type-simple"},"acf":[],"uagb_featured_image_src":{"full":["https:\/\/vapestornado.com\/wp-content\/uploads\/2025\/03\/Bang-20000-Puffs-Smart-Screen-Disposable-Crysatal-Vape.webp",800,800,false],"thumbnail":["https:\/\/vapestornado.com\/wp-content\/uploads\/2025\/03\/Bang-20000-Puffs-Smart-Screen-Disposable-Crysatal-Vape-150x150.webp",150,150,true],"medium":["https:\/\/vapestornado.com\/wp-content\/uploads\/2025\/03\/Bang-20000-Puffs-Smart-Screen-Disposable-Crysatal-Vape-300x300.webp",300,300,true],"medium_large":["https:\/\/vapestornado.com\/wp-content\/uploads\/2025\/03\/Bang-20000-Puffs-Smart-Screen-Disposable-Crysatal-Vape-768x768.webp",768,768,true],"large":["https:\/\/vapestornado.com\/wp-content\/uploads\/2025\/03\/Bang-20000-Puffs-Smart-Screen-Disposable-Crysatal-Vape.webp",800,800,false],"1536x1536":["https:\/\/vapestornado.com\/wp-content\/uploads\/2025\/03\/Bang-20000-Puffs-Smart-Screen-Disposable-Crysatal-Vape.webp",800,800,false],"2048x2048":["https:\/\/vapestornado.com\/wp-content\/uploads\/2025\/03\/Bang-20000-Puffs-Smart-Screen-Disposable-Crysatal-Vape.webp",800,800,false],"trp-custom-language-flag":["https:\/\/vapestornado.com\/wp-content\/uploads\/2025\/03\/Bang-20000-Puffs-Smart-Screen-Disposable-Crysatal-Vape.webp",12,12,false],"woocommerce_thumbnail":["https:\/\/vapestornado.com\/wp-content\/uploads\/2025\/03\/Bang-20000-Puffs-Smart-Screen-Disposable-Crysatal-Vape-300x300.webp",300,300,true],"woocommerce_single":["https:\/\/vapestornado.com\/wp-content\/uploads\/2025\/03\/Bang-20000-Puffs-Smart-Screen-Disposable-Crysatal-Vape-600x600.webp",600,600,true],"woocommerce_gallery_thumbnail":["https:\/\/vapestornado.com\/wp-content\/uploads\/2025\/03\/Bang-20000-Puffs-Smart-Screen-Disposable-Crysatal-Vape-100x100.webp",100,100,true]},"uagb_author_info":{"display_name":"ESAMY","author_link":"https:\/\/vapestornado.com\/sl\/author\/"},"uagb_comment_info":0,"uagb_excerpt":"Best Bang Leader 20000 Puffs Disposable Crystal Vape Bang Leader 20000 Puff Crystal Wholesale Disposable Vape Bang Vape 20000 20K Puffs Rechargeable Disposable Add Amy's whatsapp to get right reply and discount price! WhatsApp: +86 17776015835 &nbsp;","_links":{"self":[{"href":"https:\/\/vapestornado.com\/sl\/wp-json\/wp\/v2\/product\/3890","targetHints":{"allow":["GET"]}}],"collection":[{"href":"https:\/\/vapestornado.com\/sl\/wp-json\/wp\/v2\/product"}],"about":[{"href":"https:\/\/vapestornado.com\/sl\/wp-json\/wp\/v2\/types\/product"}],"replies":[{"embeddable":true,"href":"https:\/\/vapestornado.com\/sl\/wp-json\/wp\/v2\/comments?post=3890"}],"wp:featuredmedia":[{"embeddable":true,"href":"https:\/\/vapestornado.com\/sl\/wp-json\/wp\/v2\/media\/3876"}],"wp:attachment":[{"href":"https:\/\/vapestornado.com\/sl\/wp-json\/wp\/v2\/media?parent=3890"}],"wp:term":[{"taxonomy":"product_brand","embeddable":true,"href":"https:\/\/vapestornado.com\/sl\/wp-json\/wp\/v2\/product_brand?post=3890"},{"taxonomy":"product_cat","embeddable":true,"href":"https:\/\/vapestornado.com\/sl\/wp-json\/wp\/v2\/product_cat?post=3890"},{"taxonomy":"product_tag","embeddable":true,"href":"https:\/\/vapestornado.com\/sl\/wp-json\/wp\/v2\/product_tag?post=3890"}],"curies":[{"name":"wp","href":"https:\/\/api.w.org\/{rel}","templated":true}]}}