{"id":3888,"date":"2025-03-18T02:01:58","date_gmt":"2025-03-18T02:01:58","guid":{"rendered":"https:\/\/vapestornado.com\/?post_type=product&#038;p=3888"},"modified":"2025-12-04T09:17:42","modified_gmt":"2025-12-04T09:17:42","slug":"bang-leader-32k-32000-puffs-dual-pods-double-flavors-disposable-vape","status":"publish","type":"product","link":"https:\/\/vapestornado.com\/sl\/product\/bang-leader-32k-32000-puffs-dual-pods-double-flavors-disposable-vape\/","title":{"rendered":"Bang Leader 32k 32000 vdihov dvojni podi dvojni okusi Vape za enkratno uporabo"},"content":{"rendered":"<h1 data-pm-slice=\"1 1 []\">Bang Leader 32k 32000 vdihov dvojni podi dvojni okusi Vape za enkratno uporabo<\/h1>\n<p data-start=\"286\" data-end=\"655\">The <strong data-start=\"290\" data-end=\"335\">Bang Leader 32K Dvojni Pods Disposable Vape<\/strong> je zasnovan za uporabnike, ki \u017eelijo visoko kapaciteto in raznolikost okusa v eni napravi. Zdru\u017euje <strong data-start=\"426\" data-end=\"448\">dvojno-pod strukturo<\/strong> z <b>2 v 1 dvojna aroma<\/b>\u00a0kar daje skupno <strong data-start=\"510\" data-end=\"518\">56 ml<\/strong> in podpira do <strong data-start=\"540\" data-end=\"556\">32.000 vpihov<\/strong>. Ta zasnova zmanj\u0161uje menjavo naprave in omogo\u010da dalj\u0161o dnevno uporabo brez pogostih zamenjav.<\/p>\n<p data-start=\"657\" data-end=\"960\">Klju\u010dna zna\u010dilnost je <strong data-start=\"678\" data-end=\"711\">2-v-1 sistem dvojnih okusnih podov<\/strong>. Vsak disposable pod vsebuje svoj okus, kar omogo\u010da hitro preklapljanje med dvema profiloma v isti enoti. Z <strong data-start=\"813\" data-end=\"845\">12 razpolo\u017eljivimi kombinacijami okusov<\/strong>, uporabniki lahko izmenjujejo okuse \u010dez dan brez no\u0161enja dodatnih disposable-ov ali me\u0161anja teko\u010din v enem rezervoarju.<\/p>\n<p data-start=\"962\" data-end=\"1282\">Za konsistentnost pare naprava uporablja <strong data-start=\"1003\" data-end=\"1021\">Mre\u017ena tuljava 1,0 \u03a9<\/strong>. Mre\u017easto ogrevanje enakomerno razporeja temperaturo po povr\u0161ini tuljave, kar pomaga vzdr\u017eevati stabilen izpust pare in jasnost okusa skozi dolge seje. Ta nastavitev tuljave je namenjena prepre\u010devanju obi\u010dajnega padca okusa, ki se lahko zgodi pri napravah z veliko kapaciteto disposable-ov.<\/p>\n<p data-start=\"1284\" data-end=\"1620\">Napajanje zagotavlja <strong data-start=\"1307\" data-end=\"1338\">650mAh polnilno baterijo<\/strong> z <strong data-start=\"1344\" data-end=\"1372\">hitro polnjenje USB Type-C<\/strong>. Polnjenje omogo\u010da uporabnikom, da dokon\u010dajo celotno kapaciteto teko\u010dine, namesto da bi napravo zgodaj zavrgli zaradi nizke baterije. Polnjenje s Type-C tudi ohranja enostavno zdru\u017eljivost, saj je mogo\u010de uporabiti iste kable, kot jih uporabljajo \u0161tevilni sodobni telefoni in dodatki.<\/p>\n<p data-start=\"1622\" data-end=\"1861\">Kljub visoki kapaciteti in dvojni posodi, Bang Leader 32K ostaja en sam, prenosljiv pripomo\u010dek. Format dvojnih podov je bolj prakti\u010den kot no\u0161enje dveh lo\u010denih disposable-ov, \u0161e posebej za potovanja, potovanja in dolge dneve brez vti\u010dnice.<\/p>\n<p><strong><span style=\"color: #ff0000;\">Dodajte Amy na WhatsApp za pravilen odgovor in ceno s popustom!<\/span><\/strong><\/p>\n<p><img fetchpriority=\"high\" decoding=\"async\" class=\"size-full wp-image-2932\" src=\"https:\/\/vapestornado.com\/wp-content\/uploads\/2024\/12\/Vape-Wholesale.jpg\" alt=\"Vape Veleprodaja\" width=\"229\" height=\"300\" \/><\/p>\n<h3><a href=\"https:\/\/wa.me\/8617776015835\" target=\"_blank\" rel=\"noopener\"><span style=\"color: #ff0000;\"><strong>WhatsApp: +386 17776015835<\/strong><\/span><\/a><\/h3>\n<p>&nbsp;<\/p>\n<h2><strong>Bang Leader 32000 Puffs klju\u010dne lastnosti izdelka<\/strong><\/h2>\n<table>\n<thead>\n<tr>\n<th>Zna\u010dilnosti<\/th>\n<th align=\"right\">Spec<\/th>\n<th><\/th>\n<\/tr>\n<\/thead>\n<tbody>\n<tr>\n<td>Ime izdelka<\/td>\n<td align=\"right\">Bang Leader 32K Dvojni Pods Disposable Vape<\/td>\n<td>Jasno poimenovanje za ponovne naro\u010dila in iskanje.<\/td>\n<\/tr>\n<tr>\n<td>Zmogljivost vdihovanja<\/td>\n<td align=\"right\">Do 32.000 vdihov<\/td>\n<td>Visoko zmogljiv enkratni; manj zamenjav.<\/td>\n<\/tr>\n<tr>\n<td>Pod sistem<\/td>\n<td align=\"right\">Dvojni podi (2 rezervoarja)<\/td>\n<td>Dve okusi v eni napravi; preklapljajte kadarkoli.<\/td>\n<\/tr>\n<tr>\n<td>Prostornina E-teko\u010dine<\/td>\n<td align=\"right\">56ml skupno (28ml + 28ml)<\/td>\n<td>Velika zaloga teko\u010dine za podporo do 32.000 vdihov.<\/td>\n<\/tr>\n<tr>\n<td>Okusne kombinacije<\/td>\n<td align=\"right\">12 kombinacij<\/td>\n<td>Raznolikost brez menjave naprav.<\/td>\n<\/tr>\n<tr>\n<td>Vrsta Tuljave<\/td>\n<td align=\"right\">Mre\u017ena tuljava 1,0 \u03a9<\/td>\n<td>Enakomerno segrevanje za bolj gladke vdihavanje in stabilen okus.<\/td>\n<\/tr>\n<tr>\n<td>Baterija<\/td>\n<td align=\"right\">650 mAh mo\u017enost ponovnega polnjenja<\/td>\n<td>Nadomestite za popolno uporabo obeh rezervoarjev.<\/td>\n<\/tr>\n<tr>\n<td>Polnjenje<\/td>\n<td align=\"right\">USB Tip-C<\/td>\n<td>Standard hitrega polnjenja.<\/td>\n<\/tr>\n<tr>\n<td>Na\u010din uporabe<\/td>\n<td align=\"right\">Aktivirano z vle\u010denjem<\/td>\n<td>Brez gumbov; vdihnite za vaping.<\/td>\n<\/tr>\n<\/tbody>\n<\/table>\n<figure id=\"attachment_3883\" aria-describedby=\"caption-attachment-3883\" style=\"width: 800px\" class=\"wp-caption alignnone\"><img decoding=\"async\" class=\"wp-image-3883 size-full\" src=\"https:\/\/vapestornado.com\/wp-content\/uploads\/2025\/03\/Bang-leader-32k-Puff-Best-Flavor.webp\" alt=\"Bang Leader 32k Puff najbolj\u0161i okus\" width=\"800\" height=\"800\" srcset=\"https:\/\/vapestornado.com\/wp-content\/uploads\/2025\/03\/Bang-leader-32k-Puff-Best-Flavor.webp 800w, https:\/\/vapestornado.com\/wp-content\/uploads\/2025\/03\/Bang-leader-32k-Puff-Best-Flavor-300x300.webp 300w, https:\/\/vapestornado.com\/wp-content\/uploads\/2025\/03\/Bang-leader-32k-Puff-Best-Flavor-150x150.webp 150w, https:\/\/vapestornado.com\/wp-content\/uploads\/2025\/03\/Bang-leader-32k-Puff-Best-Flavor-768x768.webp 768w, https:\/\/vapestornado.com\/wp-content\/uploads\/2025\/03\/Bang-leader-32k-Puff-Best-Flavor-600x600.webp 600w, https:\/\/vapestornado.com\/wp-content\/uploads\/2025\/03\/Bang-leader-32k-Puff-Best-Flavor-100x100.webp 100w\" sizes=\"(max-width: 800px) 100vw, 800px\" \/><figcaption id=\"caption-attachment-3883\" class=\"wp-caption-text\">Bang Leader 32k Puff najbolj\u0161i okus<\/figcaption><\/figure>\n<h2 class=\"product-title\"><strong>Seznam okusov Bang Leader 32000 Puffs Box Vape<\/strong><\/h2>\n<article class=\"group\/turn w-full text-token-text-primary focus-visible:outline-2 focus-visible:outline-offset-[-4px]\" dir=\"auto\" data-testid=\"conversation-turn-61\" data-scroll-anchor=\"true\">\n<div class=\"text-base my-auto mx-auto py-[18px] px-6\">\n<div class=\"mx-auto flex flex-1 text-base gap-4 md:gap-5 lg:gap-6 md:max-w-3xl lg:max-w-[40rem] xl:max-w-[48rem]\">\n<div class=\"group\/conversation-turn relative flex w-full min-w-0 flex-col agent-turn @xs\/thread:px-0 @sm\/thread:px-1.5 @md\/thread:px-4\">\n<div class=\"flex-col gap-1 md:gap-3\">\n<div class=\"flex max-w-full flex-col flex-grow\">\n<div class=\"min-h-8 text-message relative flex w-full flex-col items-end gap-2 whitespace-normal break-words text-start [.text-message+&amp;]:mt-5\" dir=\"auto\" data-message-author-role=\"assistant\" data-message-id=\"762d7e41-70d5-4ddf-94cb-85ef5025d3a8\" data-message-model-slug=\"gpt-4o\">\n<div class=\"flex w-full flex-col gap-1 empty:hidden first:pt-[3px]\">\n<div class=\"markdown prose w-full break-words dark:prose-invert light\">\n<p>1. Lubenica led <strong><span style=\"color: #ff0000;\">&gt;&gt;&gt;&gt; Vro\u010de!<\/span><\/strong><br \/>\n2.Ledena lubenica<br \/>\n3. Jagodna lubenica <strong><span style=\"color: #ff0000;\">&gt;&gt;&gt;&gt; Vro\u010de!<\/span><\/strong><br \/>\n4.Jagoda lubenica<br \/>\n5.Borovnica malina<br \/>\n6.Borovnica lubenica <strong><span style=\"color: #ff0000;\">&gt;&gt;&gt;&gt; Vro\u010de!<\/span><\/strong><br \/>\n7. Borovni\u010dni led<br \/>\n8.Borovnica led<br \/>\n9.Red Bull <strong><span style=\"color: #ff0000;\">&gt;&gt;&gt;&gt; Vro\u010de!<\/span><\/strong><br \/>\n10.Red Bull<br \/>\n11.Jagoda Kivi<br \/>\n12. Jagoda Kiwi <strong><span style=\"color: #ff0000;\">&gt;&gt;&gt;&gt; Najbolj\u0161e!<\/span><\/strong><\/p>\n<\/div>\n<\/div>\n<\/div>\n<\/div>\n<\/div>\n<\/div>\n<\/div>\n<\/div>\n<\/article>\n<article class=\"w-full text-token-text-primary focus-visible:outline-2 focus-visible:outline-offset-[-4px]\" dir=\"auto\" data-testid=\"conversation-turn-32\" data-scroll-anchor=\"false\">\n<div class=\"m-auto text-base py-[18px] px-6\">\n<div class=\"mx-auto flex flex-1 text-base gap-4 md:gap-5 lg:gap-6 md:max-w-3xl lg:max-w-[40rem] xl:max-w-[48rem]\">\n<div class=\"group\/conversation-turn relative flex w-full min-w-0 flex-col @xs\/thread:px-0 @sm\/thread:px-1.5 @md\/thread:px-4\">\n<div class=\"flex-col gap-1 md:gap-3\">\n<div class=\"flex max-w-full flex-col flex-grow\">\n<div class=\"min-h-8 text-message flex w-full flex-col items-end gap-2 whitespace-normal break-words text-start [.text-message+&amp;]:mt-5\" dir=\"auto\" data-message-author-role=\"user\" data-message-id=\"ffac41ca-1db4-431b-873a-32c4052956f1\">\n<div class=\"flex w-full flex-col gap-1 empty:hidden items-end rtl:items-start\">\n<div class=\"relative max-w-[var(--user-chat-width,70%)] rounded-3xl bg-token-message-surface px-5 py-2.5\">\n<div class=\"absolute bottom-0 right-full top-0 -mr-3.5 hidden pr-5 pt-2 [.group\/conversation-turn:hover_&amp;]:flex\">\n<div class=\"flex\">\n<article class=\"w-full text-token-text-primary focus-visible:outline-2 focus-visible:outline-offset-[-4px]\" dir=\"auto\" data-testid=\"conversation-turn-39\" data-scroll-anchor=\"true\">\n<div class=\"m-auto text-base py-[18px] px-6\">\n<div class=\"mx-auto flex flex-1 text-base gap-4 md:gap-5 lg:gap-6 md:max-w-3xl lg:max-w-[40rem] xl:max-w-[48rem]\">\n<div class=\"group\/conversation-turn relative flex w-full min-w-0 flex-col agent-turn @xs\/thread:px-0 @sm\/thread:px-1.5 @md\/thread:px-4\">\n<div class=\"flex-col gap-1 md:gap-3\">\n<div class=\"flex max-w-full flex-col flex-grow\">\n<div class=\"min-h-8 text-message flex w-full flex-col items-end gap-2 whitespace-normal break-words text-start [.text-message+&amp;]:mt-5\" dir=\"auto\" data-message-author-role=\"assistant\" data-message-id=\"55a23854-ec57-48dd-bd4f-6118f43d6241\" data-message-model-slug=\"gpt-4o\">\n<div class=\"flex w-full flex-col gap-1 empty:hidden first:pt-[3px]\">\n<div class=\"markdown prose w-full break-words dark:prose-invert light\"><\/div>\n<\/div>\n<\/div>\n<\/div>\n<\/div>\n<\/div>\n<\/div>\n<\/div>\n<\/article>\n<\/div>\n<\/div>\n<\/div>\n<\/div>\n<\/div>\n<\/div>\n<\/div>\n<\/div>\n<\/div>\n<\/div>\n<\/article>\n<h3>Zakaj izbrati Vapestornado za Bang Leader 32k 32000 Puffs Recharge Vape naro\u010dilo na debelo?<\/h3>\n<div class=\"flex-shrink-0 flex flex-col relative items-end\">\n<div class=\"pt-0\">\n<div class=\"gizmo-bot-avatar flex h-8 w-8 items-center justify-center overflow-hidden rounded-full\">\n<div class=\"relative p-1 rounded-sm flex items-center justify-center bg-token-main-surface-primary text-token-text-primary h-8 w-8\">\n<p data-start=\"75\" data-end=\"479\">Ko gre za visoko kakovost<strong data-start=\"92\" data-end=\"117\">\u00a0e-cigarete za enkratno uporabo<\/strong>, <strong data-start=\"119\" data-end=\"152\">Vapestornado spletna trgovina z vejpi<\/strong> je prava destinacija za <strong data-start=\"182\" data-end=\"202\">veleprodajni kupci<\/strong> ki i\u0161\u010dejo <strong data-start=\"215\" data-end=\"257\">ugodne cene in vrhunska kakovost<\/strong>. Nudimo <strong data-start=\"268\" data-end=\"299\">ekskluzivne veleprodajne cene<\/strong> za Bang Leader 50000 Puffs, kar trgovcem in distributerjem omogo\u010da, da se zalo\u017eijo z enim izmed najbolj iskanih <strong data-start=\"412\" data-end=\"445\">polnljiv <a href=\"https:\/\/vapestornado.com\/sl\/product-category\/digital-box-disposable-vapes\/\">e-cigarete za enkratno uporabo<\/a><\/strong> z <strong data-start=\"453\" data-end=\"476\">digitalni zaslon<\/strong>.<\/p>\n<\/div>\n<div class=\"relative p-1 rounded-sm flex items-center justify-center bg-token-main-surface-primary text-token-text-primary h-8 w-8\">\n<h3>Pogosta vpra\u0161anja za Bang Leader 32k Puffs E-Cig za enkratno uporabo<\/h3>\n<p data-start=\"2331\" data-end=\"2555\"><strong data-start=\"2331\" data-end=\"2395\">1. Kako deluje Bang Leader 32000 Puffs Vape z dvojnimi podi?<\/strong><br data-start=\"2395\" data-end=\"2398\" \/>Ta naprava ima <strong data-start=\"2419\" data-end=\"2464\">dva lo\u010dena rezervoarja za e-teko\u010dino (28ml + 28ml)<\/strong> in <strong data-start=\"2471\" data-end=\"2495\">gumb za preklop okusa<\/strong>, kar vam omogo\u010da, da takoj preklapljate med dvema okusoma.<\/p>\n<p data-start=\"2557\" data-end=\"2762\"><strong data-start=\"2557\" data-end=\"2613\">2. Ali je Bang Leader 32000 Puffs Vape mogo\u010de ponovno polniti?<\/strong><br data-start=\"2613\" data-end=\"2616\" \/>Da! Na voljo je z <strong data-start=\"2637\" data-end=\"2668\">650mAh polnilno baterijo<\/strong> in <strong data-start=\"2673\" data-end=\"2692\">polnjenje tipa C<\/strong>, kar zagotavlja, da lahko porabite vso e-teko\u010dino, preden zamenjate napravo.<\/p>\n<p data-start=\"2764\" data-end=\"2911\"><strong data-start=\"2764\" data-end=\"2808\">3. Kaj prikazuje digitalni zaslon?<\/strong><br data-start=\"2808\" data-end=\"2811\" \/>The <strong data-start=\"2815\" data-end=\"2872\">digitalni zaslon prikazuje \u017eivljenjsko dobo baterije in ravni e-teko\u010dine<\/strong>, kar olaj\u0161a spremljanje va\u0161e uporabe.<\/p>\n<p data-start=\"2913\" data-end=\"3094\"><strong data-start=\"2913\" data-end=\"2947\">4. Kateri okusi so na voljo?<\/strong><br data-start=\"2947\" data-end=\"2950\" \/>Na voljo je <strong data-start=\"2960\" data-end=\"2998\">12 edinstvenih kombinacij dvojnega okusa<\/strong>, vklju\u010dno z me\u0161anicami s sadjem, ledom in okusi, ki so jih navdihnile energijske pija\u010de, kar uporabnikom zagotavlja raznoliko izku\u0161njo.<\/p>\n<p data-start=\"3096\" data-end=\"3339\"><strong data-start=\"3096\" data-end=\"3173\">5. Kje lahko kupim Bang Leader 32000 Puffs Vape po veleprodajni ceni?<\/strong><br data-start=\"3173\" data-end=\"3176\" \/>Za <strong data-start=\"3180\" data-end=\"3225\">naro\u010dila na debelo in najbolj\u0161e veleprodajne cene<\/strong>, obi\u0161\u010dite <strong data-start=\"3233\" data-end=\"3266\">Vapestornado spletna trgovina z vejpi<\/strong>, va\u0161 zaupanja vreden vir za <strong data-start=\"3292\" data-end=\"3336\">cenovno ugodne vejpe za ponovno polnjenje za enkratno uporabo<\/strong>.<\/p>\n<\/div>\n<\/div>\n<\/div>\n<\/div>","protected":false},"excerpt":{"rendered":"<p>Bang Leader 32K Dual Flavors Box Vape tovarni\u0161ka cena<br \/>\nBang Leader 32000 Puffs Dual Pods Dvojni okusi akcijska cena<br \/>\nBang 32000 Puffs polnilna elektronska cigareta, vape za enkratno uporabo, veleprodaja<\/p>\n<p><strong>Dodajte Amyin WhatsApp, da dobite pravi odgovor in ceno s popustom!<\/strong><\/p>\n<p><img fetchpriority=\"high\" decoding=\"async\" class=\"size-full wp-image-2932\" src=\"https:\/\/vapestornado.com\/wp-content\/uploads\/2024\/12\/Vape-Wholesale.jpg\" alt=\"Vape Veleprodaja\" width=\"229\" height=\"300\" \/><\/p>\n<h3><a href=\"https:\/\/wa.me\/8617776015835\"><span style=\"color: #ff0000;\"><strong>WhatsApp: +386 17776015835<\/strong><\/span><\/a><\/h3>\n<p>&nbsp;<\/p>","protected":false},"featured_media":3882,"comment_status":"open","ping_status":"closed","template":"","meta":{"_acf_changed":false,"_uag_custom_page_level_css":"","_lmt_disableupdate":"no","_lmt_disable":"","_monsterinsights_skip_tracking":false,"_monsterinsights_sitenote_active":false,"_monsterinsights_sitenote_note":"","_monsterinsights_sitenote_category":0,"site-sidebar-layout":"default","site-content-layout":"","ast-site-content-layout":"default","site-content-style":"default","site-sidebar-style":"default","ast-global-header-display":"","ast-banner-title-visibility":"","ast-main-header-display":"","ast-hfb-above-header-display":"","ast-hfb-below-header-display":"","ast-hfb-mobile-header-display":"","site-post-title":"","ast-breadcrumbs-content":"","ast-featured-img":"","footer-sml-layout":"","ast-disable-related-posts":"","theme-transparent-header-meta":"default","adv-header-id-meta":"","stick-header-meta":"","header-above-stick-meta":"","header-main-stick-meta":"","header-below-stick-meta":"","astra-migrate-meta-layouts":"set","ast-page-background-enabled":"default","ast-page-background-meta":{"desktop":{"background-color":"","background-image":"","background-repeat":"repeat","background-position":"center center","background-size":"auto","background-attachment":"scroll","background-type":"","background-media":"","overlay-type":"","overlay-color":"","overlay-opacity":"","overlay-gradient":""},"tablet":{"background-color":"","background-image":"","background-repeat":"repeat","background-position":"center center","background-size":"auto","background-attachment":"scroll","background-type":"","background-media":"","overlay-type":"","overlay-color":"","overlay-opacity":"","overlay-gradient":""},"mobile":{"background-color":"","background-image":"","background-repeat":"repeat","background-position":"center center","background-size":"auto","background-attachment":"scroll","background-type":"","background-media":"","overlay-type":"","overlay-color":"","overlay-opacity":"","overlay-gradient":""}},"ast-content-background-meta":{"desktop":{"background-color":"var(--ast-global-color-5)","background-image":"","background-repeat":"repeat","background-position":"center center","background-size":"auto","background-attachment":"scroll","background-type":"","background-media":"","overlay-type":"","overlay-color":"","overlay-opacity":"","overlay-gradient":""},"tablet":{"background-color":"var(--ast-global-color-5)","background-image":"","background-repeat":"repeat","background-position":"center center","background-size":"auto","background-attachment":"scroll","background-type":"","background-media":"","overlay-type":"","overlay-color":"","overlay-opacity":"","overlay-gradient":""},"mobile":{"background-color":"var(--ast-global-color-5)","background-image":"","background-repeat":"repeat","background-position":"center center","background-size":"auto","background-attachment":"scroll","background-type":"","background-media":"","overlay-type":"","overlay-color":"","overlay-opacity":"","overlay-gradient":""}},"_joinchat":{"telephone":"17776015835"}},"product_brand":[],"product_cat":[19,262,278,153,158,143,146],"product_tag":[261,260,473,196,94,240,93],"class_list":{"0":"post-3888","1":"product","2":"type-product","3":"status-publish","4":"has-post-thumbnail","6":"product_cat-vapes","7":"product_cat-32000-puff","8":"product_cat-bang-leader-vape","9":"product_cat-buy-disposable-vapes-in-italy","10":"product_cat-buy-disposable-vapes-in-spain","11":"product_cat-dual-mesh-disposable-vapes","12":"product_cat-rechargeable-disposable-vapes","13":"product_tag-2-in-1-double-flavor-vape","14":"product_tag-bang-leader-32000","15":"product_tag-bang-leader-32k","16":"product_tag-bang-vape","17":"product_tag-rechargeable-disposable-vape","18":"product_tag-twins-flavor-disposable-vape","19":"product_tag-vape-wholesale","20":"desktop-align-left","21":"tablet-align-left","22":"mobile-align-left","24":"first","25":"instock","26":"sale","27":"shipping-taxable","28":"purchasable","29":"product-type-simple"},"acf":[],"uagb_featured_image_src":{"full":["https:\/\/vapestornado.com\/wp-content\/uploads\/2025\/03\/Bang-Leader-32K-Dual-Flavors-Box-Vape.webp",800,800,false],"thumbnail":["https:\/\/vapestornado.com\/wp-content\/uploads\/2025\/03\/Bang-Leader-32K-Dual-Flavors-Box-Vape-150x150.webp",150,150,true],"medium":["https:\/\/vapestornado.com\/wp-content\/uploads\/2025\/03\/Bang-Leader-32K-Dual-Flavors-Box-Vape-300x300.webp",300,300,true],"medium_large":["https:\/\/vapestornado.com\/wp-content\/uploads\/2025\/03\/Bang-Leader-32K-Dual-Flavors-Box-Vape-768x768.webp",768,768,true],"large":["https:\/\/vapestornado.com\/wp-content\/uploads\/2025\/03\/Bang-Leader-32K-Dual-Flavors-Box-Vape.webp",800,800,false],"1536x1536":["https:\/\/vapestornado.com\/wp-content\/uploads\/2025\/03\/Bang-Leader-32K-Dual-Flavors-Box-Vape.webp",800,800,false],"2048x2048":["https:\/\/vapestornado.com\/wp-content\/uploads\/2025\/03\/Bang-Leader-32K-Dual-Flavors-Box-Vape.webp",800,800,false],"trp-custom-language-flag":["https:\/\/vapestornado.com\/wp-content\/uploads\/2025\/03\/Bang-Leader-32K-Dual-Flavors-Box-Vape.webp",12,12,false],"woocommerce_thumbnail":["https:\/\/vapestornado.com\/wp-content\/uploads\/2025\/03\/Bang-Leader-32K-Dual-Flavors-Box-Vape-300x300.webp",300,300,true],"woocommerce_single":["https:\/\/vapestornado.com\/wp-content\/uploads\/2025\/03\/Bang-Leader-32K-Dual-Flavors-Box-Vape-600x600.webp",600,600,true],"woocommerce_gallery_thumbnail":["https:\/\/vapestornado.com\/wp-content\/uploads\/2025\/03\/Bang-Leader-32K-Dual-Flavors-Box-Vape-100x100.webp",100,100,true]},"uagb_author_info":{"display_name":"ESAMY","author_link":"https:\/\/vapestornado.com\/sl\/author\/"},"uagb_comment_info":0,"uagb_excerpt":"Bang Leader 32K Dual Flavors Box Vape Factory Price Bang Leader 32000 Puffs Dual Pods Double Flavors Discount Price Bang 32000 Puffs Rechargeable E-Cigarette Disposable Vape Wholesale Add Amy's whatsapp to get right reply and discount price! WhatsApp: +86 17776015835 &nbsp;","_links":{"self":[{"href":"https:\/\/vapestornado.com\/sl\/wp-json\/wp\/v2\/product\/3888","targetHints":{"allow":["GET"]}}],"collection":[{"href":"https:\/\/vapestornado.com\/sl\/wp-json\/wp\/v2\/product"}],"about":[{"href":"https:\/\/vapestornado.com\/sl\/wp-json\/wp\/v2\/types\/product"}],"replies":[{"embeddable":true,"href":"https:\/\/vapestornado.com\/sl\/wp-json\/wp\/v2\/comments?post=3888"}],"wp:featuredmedia":[{"embeddable":true,"href":"https:\/\/vapestornado.com\/sl\/wp-json\/wp\/v2\/media\/3882"}],"wp:attachment":[{"href":"https:\/\/vapestornado.com\/sl\/wp-json\/wp\/v2\/media?parent=3888"}],"wp:term":[{"taxonomy":"product_brand","embeddable":true,"href":"https:\/\/vapestornado.com\/sl\/wp-json\/wp\/v2\/product_brand?post=3888"},{"taxonomy":"product_cat","embeddable":true,"href":"https:\/\/vapestornado.com\/sl\/wp-json\/wp\/v2\/product_cat?post=3888"},{"taxonomy":"product_tag","embeddable":true,"href":"https:\/\/vapestornado.com\/sl\/wp-json\/wp\/v2\/product_tag?post=3888"}],"curies":[{"name":"wp","href":"https:\/\/api.w.org\/{rel}","templated":true}]}}