{"id":3863,"date":"2025-03-17T02:44:11","date_gmt":"2025-03-17T02:44:11","guid":{"rendered":"https:\/\/vapestornado.com\/?post_type=product&#038;p=3863"},"modified":"2025-08-22T11:44:19","modified_gmt":"2025-08-22T11:44:19","slug":"factory-wholesale-waspe-tornado-15000-puff-15k-vape-pen-kit","status":"publish","type":"product","link":"https:\/\/vapestornado.com\/sl\/product\/factory-wholesale-waspe-tornado-15000-puff-15k-vape-pen-kit\/","title":{"rendered":"Tovarna na debelo Waspe Tornado 15000 Puff 15K komplet vape pisal"},"content":{"rendered":"<h1 data-pm-slice=\"1 1 []\">Tovarna na debelo Waspe Tornado 15000 Puff 15K komplet vape pisal<\/h1>\n<h3 data-start=\"0\" data-end=\"98\"><strong data-start=\"4\" data-end=\"96\">Tovarni\u0161ka Veleprodaja Waspe Tornado Puff 15000 Vape Pen Kit \u2013 Polnilno<\/strong><\/h3>\n<p data-start=\"100\" data-end=\"562\">The <strong data-start=\"302\" data-end=\"343\">Komplet pisala za vape Waspe Tornado 15000 Puff<\/strong> je zasnovan za zmogljivost, priro\u010dnost in veleprodajno vrednost. Z <strong data-start=\"416\" data-end=\"442\">22ml kapaciteto e-teko\u010dine<\/strong> in do <strong data-start=\"453\" data-end=\"469\">15.000 vdihov<\/strong>zagotavlja podalj\u0161ano uporabo, zaradi \u010desar je mo\u010dna izbira za trgovce na drobno in kon\u010dne uporabnike.<\/p>\n<h4 data-start=\"564\" data-end=\"618\"><strong data-start=\"569\" data-end=\"616\">15000 vdihov \u2013 Podalj\u0161ano u\u017eivanje v vapingu<\/strong><\/h4>\n<p data-start=\"619\" data-end=\"834\">Z impresivnimi <strong data-start=\"638\" data-end=\"665\">15.000 vdihi na napravo<\/strong>, Waspe Tornado 15K zagotavlja <strong data-start=\"697\" data-end=\"717\">dolgotrajno uporabo<\/strong>, zaradi \u010desar je stro\u0161kovno u\u010dinkovita izbira tako za <strong data-start=\"762\" data-end=\"793\">ob\u010dasne vaperje kot za prodajalce<\/strong> ki i\u0161\u010dejo <strong data-start=\"806\" data-end=\"831\">velike koli\u010dine vapeov za enkratno uporabo<\/strong>.<\/p>\n<h4 data-start=\"836\" data-end=\"895\"><strong data-start=\"841\" data-end=\"893\">Baterija 850 mAh za ponovno polnjenje \u2013 Brez zapravljene e-teko\u010dine<\/strong><\/h4>\n<p data-start=\"896\" data-end=\"1166\">Za razliko od tradicionalnih naprav za enkratno uporabo je ta <strong data-start=\"933\" data-end=\"961\">vape pen mogo\u010de ponovno napolniti<\/strong>, kar vam omogo\u010da, da u\u017eivate v vsaki kapljici <strong data-start=\"999\" data-end=\"1027\">22 ml vnaprej napolnjene e-teko\u010dine<\/strong>. Baterija z <strong data-start=\"1033\" data-end=\"1051\">850 mAh<\/strong> zagotavlja zanesljivo mo\u010d in z <strong data-start=\"1086\" data-end=\"1110\">hitro polnjenje Type-C<\/strong>, boste porabili manj \u010dasa za \u010dakanje in ve\u010d \u010dasa za vaping.<\/p>\n<h4 data-start=\"1168\" data-end=\"1216\"><strong data-start=\"1173\" data-end=\"1214\">LCD digitalni zaslon \u2013 Ostanite v nadzoru<\/strong><\/h4>\n<p data-start=\"1217\" data-end=\"1406\">Pozabite na ugibanje, kdaj je \u010das za ponovno polnjenje! Vgrajeni <strong data-start=\"1274\" data-end=\"1288\">LCD zaslon<\/strong> vam nudi sprotne posodobitve o va\u0161i <strong data-start=\"1325\" data-end=\"1361\">\u017eivljenjski dobi baterije in ravni e-teko\u010dine<\/strong>, kar zagotavlja izku\u0161njo vapinga brez te\u017eav.<\/p>\n<h4 data-start=\"1408\" data-end=\"1475\"><strong data-start=\"1413\" data-end=\"1473\">Tehnologija Mre\u017easte Tuljave \u2013 Maksimalna Aroma<\/strong><\/h4>\n<p data-start=\"1476\" data-end=\"1716\">Opremljen z <strong data-start=\"1493\" data-end=\"1515\">napredno mre\u017easto tuljavo<\/strong>Waspe 15000 zagotavlja <strong data-start=\"1542\" data-end=\"1571\">bogate, polne arome<\/strong> z vsakim vdihom. Ne glede na to, ali vam je v\u0161e\u010d <strong data-start=\"1606\" data-end=\"1645\">sadni, ledeni ali sodini veipi<\/strong>, je <strong data-start=\"1651\" data-end=\"1674\">izbor 12 okusov<\/strong> zagotavlja, da se za vsakogar nekaj najde.<\/p>\n<h4 data-start=\"1718\" data-end=\"1773\"><strong data-start=\"1723\" data-end=\"1771\">Mo\u017enosti jakosti nikotina \u2013 0 %, 2 %, 3 %,<\/strong><\/h4>\n<p data-start=\"1774\" data-end=\"1901\">Za vse veiperje je Waspe Tornado 15000 na voljo z <strong data-start=\"1829\" data-end=\"1867\">ve\u010d mo\u017enostmi jakosti nikotina<\/strong> ki ustrezajo razli\u010dnim \u017eeljam:<\/p>\n<ul data-start=\"1902\" data-end=\"2150\">\n<li data-start=\"1902\" data-end=\"1992\"><strong data-start=\"1904\" data-end=\"1926\">0 % (brez nikotina)<\/strong> \u2013 Idealno za ljubitelje okusov, ki imajo raje \u010disto, gladko izku\u0161njo.<\/li>\n<li data-start=\"1993\" data-end=\"2059\"><strong data-start=\"1995\" data-end=\"2006\">2 %<\/strong> \u2013 Uravnote\u017eena jakost nikotina za zmerne veiperje.<\/li>\n<li data-start=\"2060\" data-end=\"2150\"><strong data-start=\"2062\" data-end=\"2075\">5 % (50 mg)<\/strong> \u2013 Mo\u010dan nikotinski udar za tiste, ki u\u017eivajo v bolj intenzivnem vapiranju.<\/li>\n<\/ul>\n<h4 data-start=\"2152\" data-end=\"2204\"><strong data-start=\"2157\" data-end=\"2202\">Veleprodajne cene<\/strong><\/h4>\n<p data-start=\"2205\" data-end=\"2410\">Kot nala\u0161\u010d za lastnike vape trgovin, distributerje in kupce na debelo, je Waspe Tornado Puff 15000 na voljo po <strong data-start=\"2311\" data-end=\"2335\">nizkih veleprodajnih cenah<\/strong>. Naro\u010dite v razsutem stanju in <strong data-start=\"2355\" data-end=\"2407\">pridobite vrhunske veipe za enkratno uporabo po neprekosljivih stro\u0161kih<\/strong>.<\/p>\n<p><strong><span style=\"color: #ff0000;\">Dodajte Amy na WhatsApp za pravilen odgovor in ceno s popustom!<\/span><\/strong><\/p>\n<p><img fetchpriority=\"high\" decoding=\"async\" class=\"size-full wp-image-2932\" src=\"https:\/\/vapestornado.com\/wp-content\/uploads\/2024\/12\/Vape-Wholesale.jpg\" alt=\"Vape Veleprodaja\" width=\"229\" height=\"300\" \/><\/p>\n<h3><a href=\"https:\/\/wa.me\/8617776015835\" target=\"_blank\" rel=\"noopener\"><span style=\"color: #ff0000;\"><strong>WhatsApp: +386 17776015835<\/strong><\/span><\/a><\/h3>\n<p>&nbsp;<\/p>\n<h2><strong>Klju\u010dne zna\u010dilnosti izdelka Waspe Tornado 15000 Puff<\/strong><\/h2>\n<p>Blagovna znamka: WASPE<br \/>\nVpihov: 15000<br \/>\nBaterija: 850mah Polnilna<br \/>\nZaslon: LED digitalni zaslon<br \/>\nNikotin: 0% 2% 3% 5%<br \/>\nKapaciteta teko\u010dine: 22ml<br \/>\nTuljava: Mre\u017easta tuljava<\/p>\n<figure id=\"attachment_3847\" aria-describedby=\"caption-attachment-3847\" style=\"width: 800px\" class=\"wp-caption alignnone\"><img decoding=\"async\" class=\"wp-image-3847 size-full\" src=\"https:\/\/vapestornado.com\/wp-content\/uploads\/2025\/03\/Tornado-15k-Puff-Waspe-Vape.webp\" alt=\"Vape Waspe Tornado 15k Puff\" width=\"800\" height=\"800\" srcset=\"https:\/\/vapestornado.com\/wp-content\/uploads\/2025\/03\/Tornado-15k-Puff-Waspe-Vape.webp 800w, https:\/\/vapestornado.com\/wp-content\/uploads\/2025\/03\/Tornado-15k-Puff-Waspe-Vape-300x300.webp 300w, https:\/\/vapestornado.com\/wp-content\/uploads\/2025\/03\/Tornado-15k-Puff-Waspe-Vape-150x150.webp 150w, https:\/\/vapestornado.com\/wp-content\/uploads\/2025\/03\/Tornado-15k-Puff-Waspe-Vape-768x768.webp 768w, https:\/\/vapestornado.com\/wp-content\/uploads\/2025\/03\/Tornado-15k-Puff-Waspe-Vape-600x600.webp 600w, https:\/\/vapestornado.com\/wp-content\/uploads\/2025\/03\/Tornado-15k-Puff-Waspe-Vape-100x100.webp 100w\" sizes=\"(max-width: 800px) 100vw, 800px\" \/><figcaption id=\"caption-attachment-3847\" class=\"wp-caption-text\">Vape Waspe Tornado 15k Puff<\/figcaption><\/figure>\n<h2 class=\"product-title\"><strong>Seznam okusov za pametni vape Waspe Tornado 15k<\/strong><\/h2>\n<article class=\"group\/turn w-full text-token-text-primary focus-visible:outline-2 focus-visible:outline-offset-[-4px]\" dir=\"auto\" data-testid=\"conversation-turn-61\" data-scroll-anchor=\"true\">\n<div class=\"text-base my-auto mx-auto py-[18px] px-6\">\n<div class=\"mx-auto flex flex-1 text-base gap-4 md:gap-5 lg:gap-6 md:max-w-3xl lg:max-w-[40rem] xl:max-w-[48rem]\">\n<div class=\"group\/conversation-turn relative flex w-full min-w-0 flex-col agent-turn @xs\/thread:px-0 @sm\/thread:px-1.5 @md\/thread:px-4\">\n<div class=\"flex-col gap-1 md:gap-3\">\n<div class=\"flex max-w-full flex-col flex-grow\">\n<div class=\"min-h-8 text-message relative flex w-full flex-col items-end gap-2 whitespace-normal break-words text-start [.text-message+&amp;]:mt-5\" dir=\"auto\" data-message-author-role=\"assistant\" data-message-id=\"762d7e41-70d5-4ddf-94cb-85ef5025d3a8\" data-message-model-slug=\"gpt-4o\">\n<div class=\"flex w-full flex-col gap-1 empty:hidden first:pt-[3px]\">\n<div class=\"markdown prose w-full break-words dark:prose-invert light\">\n<p>1. Lubenica led <strong><span style=\"color: #ff0000;\">&gt;&gt;&gt;&gt; Vro\u010de!<\/span><\/strong><br \/>\n2. Jagoda lubenica <strong><span style=\"color: #ff0000;\">&gt;&gt;&gt;&gt; Vro\u010de!<\/span><\/strong><br \/>\n3. Pomaran\u010dna soda<br \/>\n4. Dvojno jabolko<br \/>\n5. Jagoda kivi <strong><span style=\"color: #ff0000;\">&gt;&gt;&gt;&gt; Vro\u010de!<\/span><\/strong><br \/>\n6. \u010ce\u0161nja led<br \/>\n7. Aloe grozdje<br \/>\n8. Me\u0161ano jagodi\u010devje <strong><span style=\"color: #ff0000;\">&gt;&gt;&gt;&gt; Najbolj\u0161e!<\/span><\/strong><br \/>\n9. Borovnica led<br \/>\n10. Jagoda mango <strong><span style=\"color: #ff0000;\">&gt;&gt;&gt;&gt; Vro\u010de!<\/span><\/strong><br \/>\n11. Modra malina limona<br \/>\n12. Breskev led <strong><span style=\"color: #ff0000;\">&gt;&gt;&gt;&gt; Vro\u010de!<\/span><\/strong><\/p>\n<\/div>\n<\/div>\n<\/div>\n<\/div>\n<\/div>\n<\/div>\n<\/div>\n<\/div>\n<\/article>\n<article class=\"w-full text-token-text-primary focus-visible:outline-2 focus-visible:outline-offset-[-4px]\" dir=\"auto\" data-testid=\"conversation-turn-32\" data-scroll-anchor=\"false\">\n<div class=\"m-auto text-base py-[18px] px-6\">\n<div class=\"mx-auto flex flex-1 text-base gap-4 md:gap-5 lg:gap-6 md:max-w-3xl lg:max-w-[40rem] xl:max-w-[48rem]\">\n<div class=\"group\/conversation-turn relative flex w-full min-w-0 flex-col @xs\/thread:px-0 @sm\/thread:px-1.5 @md\/thread:px-4\">\n<div class=\"flex-col gap-1 md:gap-3\">\n<div class=\"flex max-w-full flex-col flex-grow\">\n<div class=\"min-h-8 text-message flex w-full flex-col items-end gap-2 whitespace-normal break-words text-start [.text-message+&amp;]:mt-5\" dir=\"auto\" data-message-author-role=\"user\" data-message-id=\"ffac41ca-1db4-431b-873a-32c4052956f1\">\n<div class=\"flex w-full flex-col gap-1 empty:hidden items-end rtl:items-start\">\n<div class=\"relative max-w-[var(--user-chat-width,70%)] rounded-3xl bg-token-message-surface px-5 py-2.5\">\n<div class=\"absolute bottom-0 right-full top-0 -mr-3.5 hidden pr-5 pt-2 [.group\/conversation-turn:hover_&amp;]:flex\">\n<div class=\"flex\">\n<article class=\"w-full text-token-text-primary focus-visible:outline-2 focus-visible:outline-offset-[-4px]\" dir=\"auto\" data-testid=\"conversation-turn-39\" data-scroll-anchor=\"true\">\n<div class=\"m-auto text-base py-[18px] px-6\">\n<div class=\"mx-auto flex flex-1 text-base gap-4 md:gap-5 lg:gap-6 md:max-w-3xl lg:max-w-[40rem] xl:max-w-[48rem]\">\n<div class=\"group\/conversation-turn relative flex w-full min-w-0 flex-col agent-turn @xs\/thread:px-0 @sm\/thread:px-1.5 @md\/thread:px-4\">\n<div class=\"flex-col gap-1 md:gap-3\">\n<div class=\"flex max-w-full flex-col flex-grow\">\n<div class=\"min-h-8 text-message flex w-full flex-col items-end gap-2 whitespace-normal break-words text-start [.text-message+&amp;]:mt-5\" dir=\"auto\" data-message-author-role=\"assistant\" data-message-id=\"55a23854-ec57-48dd-bd4f-6118f43d6241\" data-message-model-slug=\"gpt-4o\">\n<div class=\"flex w-full flex-col gap-1 empty:hidden first:pt-[3px]\">\n<div class=\"markdown prose w-full break-words dark:prose-invert light\"><\/div>\n<\/div>\n<\/div>\n<\/div>\n<\/div>\n<\/div>\n<\/div>\n<\/div>\n<\/article>\n<\/div>\n<\/div>\n<\/div>\n<\/div>\n<\/div>\n<\/div>\n<\/div>\n<\/div>\n<\/div>\n<\/div>\n<\/article>\n<h3>Zakaj izbrati Vapestornado za mno\u017ei\u010dno naro\u010dilo digitalnega vejpa Waspe Tornado 15k?<\/h3>\n<div class=\"flex-shrink-0 flex flex-col relative items-end\">\n<div class=\"pt-0\">\n<div class=\"gizmo-bot-avatar flex h-8 w-8 items-center justify-center overflow-hidden rounded-full\">\n<div class=\"relative p-1 rounded-sm flex items-center justify-center bg-token-main-surface-primary text-token-text-primary h-8 w-8\">\n<p data-start=\"75\" data-end=\"479\">Ko gre za <strong data-start=\"92\" data-end=\"117\">velike koli\u010dine vapeov za enkratno uporabo<\/strong>, <strong data-start=\"119\" data-end=\"152\">Vapestornado spletna trgovina z vejpi<\/strong> je prava destinacija za <strong data-start=\"182\" data-end=\"202\">veleprodajni kupci<\/strong> ki i\u0161\u010dejo <strong data-start=\"215\" data-end=\"257\">ugodne cene in vrhunska kakovost<\/strong>. Nudimo <strong data-start=\"268\" data-end=\"299\">ekskluzivne veleprodajne cene<\/strong> o <strong data-start=\"307\" data-end=\"333\">vejp WASPE 15000 Puffs<\/strong>, kar trgovcem na drobno in distributerjem omogo\u010da, da se zalo\u017eijo z enim izmed najbolj iskanih <strong data-start=\"412\" data-end=\"445\">disposable vejp za ponovno polnjenje<\/strong> z <strong data-start=\"453\" data-end=\"476\">digitalni LCD zaslon<\/strong>.<\/p>\n<\/div>\n<div class=\"relative p-1 rounded-sm flex items-center justify-center bg-token-main-surface-primary text-token-text-primary h-8 w-8\">\n<h3>Pogosta vpra\u0161anja za e-cigareto za enkratno uporabo Waspe Tornado 15k<\/h3>\n<p data-start=\"2462\" data-end=\"2654\"><strong data-start=\"2462\" data-end=\"2522\">1. Kako dolgo traja vejp Waspe Tornado Puff 15000?<\/strong><br data-start=\"2522\" data-end=\"2525\" \/>S <strong data-start=\"2530\" data-end=\"2557\">15.000 vdihi na napravo<\/strong>, ta vejp je zasnovan za dolgotrajno uporabo. Dejanska \u017eivljenjska doba je odvisna od pogostosti vejpanja.<\/p>\n<p data-start=\"2656\" data-end=\"2835\"><strong data-start=\"2656\" data-end=\"2706\">2. Ali je Waspe 15000 Puffs Vape mogo\u010de ponovno polniti?<\/strong><br data-start=\"2706\" data-end=\"2709\" \/>Da! Vsebuje <strong data-start=\"2729\" data-end=\"2760\">850 mAh baterijo za ponovno polnjenje<\/strong> z <strong data-start=\"2766\" data-end=\"2785\">polnjenje tipa C<\/strong>, kar zagotavlja maksimalno u\u010dinkovitost in minimalno koli\u010dino odpadkov.<\/p>\n<p data-start=\"2837\" data-end=\"3005\"><strong data-start=\"2837\" data-end=\"2875\">3. Kaj prikazuje LCD zaslon?<\/strong><br data-start=\"2875\" data-end=\"2878\" \/>The <strong data-start=\"2882\" data-end=\"2896\">LCD zaslon<\/strong> zagotavlja sprotne posodobitve o <strong data-start=\"2927\" data-end=\"2963\">\u017eivljenjski dobi baterije in ravni e-teko\u010dine<\/strong>, kar olaj\u0161a spremljanje va\u0161e naprave.<\/p>\n<p data-start=\"3007\" data-end=\"3175\"><strong data-start=\"3007\" data-end=\"3052\">4. Katere jakosti nikotina so na voljo?<\/strong><br data-start=\"3052\" data-end=\"3055\" \/>Ta vape je na voljo z <strong data-start=\"3074\" data-end=\"3115\">0%, 2%, 3% in 5% jakosti nikotina<\/strong>, kar uporabnikom omogo\u010da, da izberejo \u017eeleno raven nikotina.<\/p>\n<p data-start=\"3177\" data-end=\"3407\"><strong data-start=\"3177\" data-end=\"3244\">5. Kje lahko kupim Waspe Tornado 15000 po veleprodajnih cenah?<\/strong><br data-start=\"3244\" data-end=\"3247\" \/>Za <strong data-start=\"3251\" data-end=\"3293\">veleprodajni nakupi in veleprodajni popusti<\/strong>, obi\u0161\u010dite <strong data-start=\"3301\" data-end=\"3334\">Vapestornado spletna trgovina z vejpi<\/strong>, va\u0161 zaupanja vreden vir za <strong data-start=\"3360\" data-end=\"3404\">cenovno ugodne vejpe za ponovno polnjenje za enkratno uporabo<\/strong>.<\/p>\n<\/div>\n<\/div>\n<\/div>\n<\/div>","protected":false},"excerpt":{"rendered":"<p>Veleprodaja Waspe Tornado 15000 Puff Nizka Vsebnost Nikotina E-cigareta za Enkratno Uporabo<br \/>\nWaspe Tornado 15K E-cigareta za Enkratno Uporabo Komplet Pisalo Tovarni\u0161ka Cena<br \/>\nWASPE 15000 Digitalni Zaslon Stro\u010dnica za Enkratno Uporabo Najbolj\u0161i Okus na Razprodaji<\/p>\n<p><strong>Dodajte Amyin WhatsApp, da dobite pravi odgovor in ceno s popustom!<\/strong><\/p>\n<p><img fetchpriority=\"high\" decoding=\"async\" class=\"size-full wp-image-2932\" src=\"https:\/\/vapestornado.com\/wp-content\/uploads\/2024\/12\/Vape-Wholesale.jpg\" alt=\"Vape Veleprodaja\" width=\"229\" height=\"300\" \/><\/p>\n<h3><a href=\"https:\/\/wa.me\/8617776015835\"><span style=\"color: #ff0000;\"><strong>WhatsApp: +386 17776015835<\/strong><\/span><\/a><\/h3>\n<p>&nbsp;<\/p>","protected":false},"featured_media":3846,"comment_status":"open","ping_status":"closed","template":"","meta":{"_acf_changed":false,"_uag_custom_page_level_css":"","_lmt_disableupdate":"no","_lmt_disable":"","_monsterinsights_skip_tracking":false,"_monsterinsights_sitenote_active":false,"_monsterinsights_sitenote_note":"","_monsterinsights_sitenote_category":0,"site-sidebar-layout":"default","site-content-layout":"","ast-site-content-layout":"default","site-content-style":"default","site-sidebar-style":"default","ast-global-header-display":"","ast-banner-title-visibility":"","ast-main-header-display":"","ast-hfb-above-header-display":"","ast-hfb-below-header-display":"","ast-hfb-mobile-header-display":"","site-post-title":"","ast-breadcrumbs-content":"","ast-featured-img":"","footer-sml-layout":"","ast-disable-related-posts":"","theme-transparent-header-meta":"default","adv-header-id-meta":"","stick-header-meta":"","header-above-stick-meta":"","header-main-stick-meta":"","header-below-stick-meta":"","astra-migrate-meta-layouts":"set","ast-page-background-enabled":"default","ast-page-background-meta":{"desktop":{"background-color":"","background-image":"","background-repeat":"repeat","background-position":"center center","background-size":"auto","background-attachment":"scroll","background-type":"","background-media":"","overlay-type":"","overlay-color":"","overlay-opacity":"","overlay-gradient":""},"tablet":{"background-color":"","background-image":"","background-repeat":"repeat","background-position":"center center","background-size":"auto","background-attachment":"scroll","background-type":"","background-media":"","overlay-type":"","overlay-color":"","overlay-opacity":"","overlay-gradient":""},"mobile":{"background-color":"","background-image":"","background-repeat":"repeat","background-position":"center center","background-size":"auto","background-attachment":"scroll","background-type":"","background-media":"","overlay-type":"","overlay-color":"","overlay-opacity":"","overlay-gradient":""}},"ast-content-background-meta":{"desktop":{"background-color":"var(--ast-global-color-5)","background-image":"","background-repeat":"repeat","background-position":"center center","background-size":"auto","background-attachment":"scroll","background-type":"","background-media":"","overlay-type":"","overlay-color":"","overlay-opacity":"","overlay-gradient":""},"tablet":{"background-color":"var(--ast-global-color-5)","background-image":"","background-repeat":"repeat","background-position":"center center","background-size":"auto","background-attachment":"scroll","background-type":"","background-media":"","overlay-type":"","overlay-color":"","overlay-opacity":"","overlay-gradient":""},"mobile":{"background-color":"var(--ast-global-color-5)","background-image":"","background-repeat":"repeat","background-position":"center center","background-size":"auto","background-attachment":"scroll","background-type":"","background-media":"","overlay-type":"","overlay-color":"","overlay-opacity":"","overlay-gradient":""}},"_joinchat":{"telephone":"17776015835"}},"product_brand":[],"product_cat":[19,71,152,154,142,148],"product_tag":[97,94,241,93,259,258],"class_list":{"0":"post-3863","1":"product","2":"type-product","3":"status-publish","4":"has-post-thumbnail","6":"product_cat-vapes","7":"product_cat-15000-puff","8":"product_cat-buy-disposable-vapes-in-cermany","9":"product_cat-buy-disposable-vapes-in-netherlands","10":"product_cat-digital-box-disposable-vapes","11":"product_cat-tornado-disposable-vapes","12":"product_tag-hot-sale-disposable-vape","13":"product_tag-rechargeable-disposable-vape","14":"product_tag-smart-screen-disposable-vape","15":"product_tag-vape-wholesale","16":"product_tag-waspe-tornado-15000","17":"product_tag-waspe-tornado-15k","18":"desktop-align-left","19":"tablet-align-left","20":"mobile-align-left","22":"first","23":"instock","24":"sale","25":"shipping-taxable","26":"purchasable","27":"product-type-simple"},"acf":[],"uagb_featured_image_src":{"full":["https:\/\/vapestornado.com\/wp-content\/uploads\/2025\/03\/Best-Selling-Disposable-Vape-Waspe-15000-Puffs.webp",800,800,false],"thumbnail":["https:\/\/vapestornado.com\/wp-content\/uploads\/2025\/03\/Best-Selling-Disposable-Vape-Waspe-15000-Puffs-150x150.webp",150,150,true],"medium":["https:\/\/vapestornado.com\/wp-content\/uploads\/2025\/03\/Best-Selling-Disposable-Vape-Waspe-15000-Puffs-300x300.webp",300,300,true],"medium_large":["https:\/\/vapestornado.com\/wp-content\/uploads\/2025\/03\/Best-Selling-Disposable-Vape-Waspe-15000-Puffs-768x768.webp",768,768,true],"large":["https:\/\/vapestornado.com\/wp-content\/uploads\/2025\/03\/Best-Selling-Disposable-Vape-Waspe-15000-Puffs.webp",800,800,false],"1536x1536":["https:\/\/vapestornado.com\/wp-content\/uploads\/2025\/03\/Best-Selling-Disposable-Vape-Waspe-15000-Puffs.webp",800,800,false],"2048x2048":["https:\/\/vapestornado.com\/wp-content\/uploads\/2025\/03\/Best-Selling-Disposable-Vape-Waspe-15000-Puffs.webp",800,800,false],"trp-custom-language-flag":["https:\/\/vapestornado.com\/wp-content\/uploads\/2025\/03\/Best-Selling-Disposable-Vape-Waspe-15000-Puffs.webp",12,12,false],"woocommerce_thumbnail":["https:\/\/vapestornado.com\/wp-content\/uploads\/2025\/03\/Best-Selling-Disposable-Vape-Waspe-15000-Puffs-300x300.webp",300,300,true],"woocommerce_single":["https:\/\/vapestornado.com\/wp-content\/uploads\/2025\/03\/Best-Selling-Disposable-Vape-Waspe-15000-Puffs-600x600.webp",600,600,true],"woocommerce_gallery_thumbnail":["https:\/\/vapestornado.com\/wp-content\/uploads\/2025\/03\/Best-Selling-Disposable-Vape-Waspe-15000-Puffs-100x100.webp",100,100,true]},"uagb_author_info":{"display_name":"ESAMY","author_link":"https:\/\/vapestornado.com\/sl\/author\/"},"uagb_comment_info":0,"uagb_excerpt":"Wholesale Waspe Tornado 15000 Puff Low Nicotine Disposable Vape Waspe Tornado 15K Disposable Vape Pen Kit\u00a0 Factory Price WASPE 15000 Digital Screen Disposable Pod Best Flavor on Sale Add Amy's whatsapp to get right reply and discount price! WhatsApp: +86 17776015835 &nbsp;","_links":{"self":[{"href":"https:\/\/vapestornado.com\/sl\/wp-json\/wp\/v2\/product\/3863","targetHints":{"allow":["GET"]}}],"collection":[{"href":"https:\/\/vapestornado.com\/sl\/wp-json\/wp\/v2\/product"}],"about":[{"href":"https:\/\/vapestornado.com\/sl\/wp-json\/wp\/v2\/types\/product"}],"replies":[{"embeddable":true,"href":"https:\/\/vapestornado.com\/sl\/wp-json\/wp\/v2\/comments?post=3863"}],"wp:featuredmedia":[{"embeddable":true,"href":"https:\/\/vapestornado.com\/sl\/wp-json\/wp\/v2\/media\/3846"}],"wp:attachment":[{"href":"https:\/\/vapestornado.com\/sl\/wp-json\/wp\/v2\/media?parent=3863"}],"wp:term":[{"taxonomy":"product_brand","embeddable":true,"href":"https:\/\/vapestornado.com\/sl\/wp-json\/wp\/v2\/product_brand?post=3863"},{"taxonomy":"product_cat","embeddable":true,"href":"https:\/\/vapestornado.com\/sl\/wp-json\/wp\/v2\/product_cat?post=3863"},{"taxonomy":"product_tag","embeddable":true,"href":"https:\/\/vapestornado.com\/sl\/wp-json\/wp\/v2\/product_tag?post=3863"}],"curies":[{"name":"wp","href":"https:\/\/api.w.org\/{rel}","templated":true}]}}