{"id":3862,"date":"2025-03-17T02:07:39","date_gmt":"2025-03-17T02:07:39","guid":{"rendered":"https:\/\/vapestornado.com\/?post_type=product&#038;p=3862"},"modified":"2025-08-23T09:08:02","modified_gmt":"2025-08-23T09:08:02","slug":"fihp-digital-box-12000-puffs-wholesale-disposable-vapes-2-5-low-nicotine-rechargeable-bulk-price","status":"publish","type":"product","link":"https:\/\/vapestornado.com\/sl\/product\/fihp-digital-box-12000-puffs-wholesale-disposable-vapes-2-5-low-nicotine-rechargeable-bulk-price\/","title":{"rendered":"FIHP Digital Box 12000 Vpihov Veleprodaja vape za enkratno uporabo 2% 5% Nizka vsebnost nikotina Polnilna veleprodajna cena"},"content":{"rendered":"<h1 data-pm-slice=\"1 1 []\">FIHP Digital Box 12000 Vpihov Veleprodaja vape za enkratno uporabo 2% 5% Nizka vsebnost nikotina Polnilna veleprodajna cena<\/h1>\n<h2 data-start=\"0\" data-end=\"86\"><strong data-start=\"4\" data-end=\"84\">FIHP Digital Box 12000 Vpihov \u2013 Vape za enkratno uporabo z mo\u017enostjo polnjenja z LED zaslonom<\/strong><\/h2>\n<p data-start=\"324\" data-end=\"581\">The <strong data-start=\"328\" data-end=\"376\">FIHP Digital Box 12000 Vpihov Vape za Enkratno Uporabo<\/strong> je zasnovan za uporabnike vape, ki \u017eelijo podalj\u0161ano delovanje in priro\u010dnost. Z do <strong data-start=\"458\" data-end=\"474\">12.000 vpihov<\/strong> in <strong data-start=\"481\" data-end=\"518\">20 ml predhodno napolnjena e-teko\u010dina<\/strong>vpihov, zagotavlja dolgotrajno uporabo z doslednim okusom.<\/p>\n<p data-start=\"583\" data-end=\"835\">Napaja ga <strong data-start=\"596\" data-end=\"627\">650mAh polnilno baterijo<\/strong> in <strong data-start=\"632\" data-end=\"656\">hitro polnjenje Type-C<\/strong>naprava zagotavlja maksimalno u\u010dinkovitost brez izgubljene e-teko\u010dine. Zaslon <strong data-start=\"726\" data-end=\"749\">LED digitalni zaslon<\/strong> prikazuje \u0161tevilo vpihov v realnem \u010dasu in \u017eivljenjsko dobo baterije, kar uporabnikom omogo\u010da stalen nadzor.<\/p>\n<p data-start=\"837\" data-end=\"1032\">Opremljen z <strong data-start=\"853\" data-end=\"871\">Mre\u017ena tuljava 1,0 \u03a9<\/strong>FIHP 12K zagotavlja gladek izpust pare in bogat okus pri vsakem vdihu. Na voljo v <strong data-start=\"952\" data-end=\"984\">2% in 5% jakosti nikotina<\/strong>razli\u010dnih jakostih nikotina, je primeren tako za zmerne kot za mo\u010dne uporabnike.<\/p>\n<p data-start=\"1034\" data-end=\"1225\">Za trgovce na debelo in drobno <strong data-start=\"1069\" data-end=\"1101\">FIHP Digital Box 12000 Vpihov<\/strong> ponuja mo\u010dno tr\u017eno privla\u010dnost z mno\u017ei\u010dnimi popusti in zanesljivo dobavo, zaradi \u010desar je donosna izbira za zalogo v letu 2025.<\/p>\n<h2 data-start=\"2173\" data-end=\"2228\"><strong data-start=\"2178\" data-end=\"2226\">Veleprodajne cene<\/strong><\/h2>\n<p data-start=\"2229\" data-end=\"2480\">Popoln za trgovce na drobno, lastnike trgovin z vape izdelki in kupce na debelo, <strong data-start=\"2291\" data-end=\"2328\">FIHP Digitalna \u0160katla 12000 Vdihov Vape<\/strong> je na voljo po <strong data-start=\"2345\" data-end=\"2369\">nizkih veleprodajnih cenah<\/strong>. \u010ce i\u0161\u010dete <strong data-start=\"2399\" data-end=\"2429\">najbolj\u0161e vape za enkratno uporabo v razsutem stanju<\/strong>, je to obvezna pridobitev za va\u0161o zalogo.<\/p>\n<p><strong><span style=\"color: #ff0000;\">Dodajte Amy na WhatsApp za pravilen odgovor in ceno s popustom!<\/span><\/strong><\/p>\n<p><img fetchpriority=\"high\" decoding=\"async\" class=\"size-full wp-image-2932\" src=\"https:\/\/vapestornado.com\/wp-content\/uploads\/2024\/12\/Vape-Wholesale.jpg\" alt=\"Vape Veleprodaja\" width=\"229\" height=\"300\" \/><\/p>\n<h3><a href=\"https:\/\/wa.me\/8617776015835\" target=\"_blank\" rel=\"noopener\"><span style=\"color: #ff0000;\"><strong>WhatsApp: +386 17776015835<\/strong><\/span><\/a><\/h3>\n<p>&nbsp;<\/p>\n<h2><strong>Klju\u010dne lastnosti izdelka FIHP Digital Box 12000 Puffs<\/strong><\/h2>\n<p>Znamka: FIHP<br \/>\nVpihov: 12000 vpihov<br \/>\nJedro: Mre\u017easta tuljava 1,0ohm<br \/>\nE-teko\u010dina: 20 ml prostornine<br \/>\nNikotin: 2% in 5%<br \/>\nBaterija: 650 mAh<br \/>\nPolnjenje: Tip-C<br \/>\nZaslon: LED zaslon za olje in baterijo<\/p>\n<h2 class=\"product-title\"><strong>Seznam okusov pametnega vape FIHP Digital Box 12k<\/strong><\/h2>\n<article class=\"group\/turn w-full text-token-text-primary focus-visible:outline-2 focus-visible:outline-offset-[-4px]\" dir=\"auto\" data-testid=\"conversation-turn-61\" data-scroll-anchor=\"true\">\n<div class=\"text-base my-auto mx-auto py-[18px] px-6\">\n<div class=\"mx-auto flex flex-1 text-base gap-4 md:gap-5 lg:gap-6 md:max-w-3xl lg:max-w-[40rem] xl:max-w-[48rem]\">\n<div class=\"group\/conversation-turn relative flex w-full min-w-0 flex-col agent-turn @xs\/thread:px-0 @sm\/thread:px-1.5 @md\/thread:px-4\">\n<div class=\"flex-col gap-1 md:gap-3\">\n<div class=\"flex max-w-full flex-col flex-grow\">\n<div class=\"min-h-8 text-message relative flex w-full flex-col items-end gap-2 whitespace-normal break-words text-start [.text-message+&amp;]:mt-5\" dir=\"auto\" data-message-author-role=\"assistant\" data-message-id=\"762d7e41-70d5-4ddf-94cb-85ef5025d3a8\" data-message-model-slug=\"gpt-4o\">\n<div class=\"flex w-full flex-col gap-1 empty:hidden first:pt-[3px]\">\n<div class=\"markdown prose w-full break-words dark:prose-invert light\">\n<p>01. Bujna ledena <strong><span style=\"color: #ff0000;\">&gt;&gt;&gt;&gt; Vro\u010de!<\/span><\/strong><br \/>\n02. Grozdni led<br \/>\n03. \u010ce\u0161nja<br \/>\n04. Borovnica Malina <strong><span style=\"color: #ff0000;\">&gt;&gt;&gt;&gt; Vro\u010de!<\/span><\/strong><br \/>\n05. Jagoda Kivi<br \/>\n06. Me\u0161ano jagodi\u010devje <strong><span style=\"color: #ff0000;\">&gt;&gt;&gt;&gt; Vro\u010de!<\/span><\/strong><br \/>\n07. Jagoda Lubenica<br \/>\n08. Lubeni\u010dni \u017eve\u010dilni gumi<br \/>\n09. Breskev Mango Ananas<br \/>\n10. Kivi Marakuja Guava <strong><span style=\"color: #ff0000;\">&gt;&gt;&gt;&gt; Vro\u010de!<\/span><\/strong><\/p>\n<\/div>\n<\/div>\n<\/div>\n<\/div>\n<\/div>\n<\/div>\n<\/div>\n<\/div>\n<\/article>\n<article class=\"w-full text-token-text-primary focus-visible:outline-2 focus-visible:outline-offset-[-4px]\" dir=\"auto\" data-testid=\"conversation-turn-32\" data-scroll-anchor=\"false\">\n<div class=\"m-auto text-base py-[18px] px-6\">\n<div class=\"mx-auto flex flex-1 text-base gap-4 md:gap-5 lg:gap-6 md:max-w-3xl lg:max-w-[40rem] xl:max-w-[48rem]\">\n<div class=\"group\/conversation-turn relative flex w-full min-w-0 flex-col @xs\/thread:px-0 @sm\/thread:px-1.5 @md\/thread:px-4\">\n<div class=\"flex-col gap-1 md:gap-3\">\n<div class=\"flex max-w-full flex-col flex-grow\">\n<div class=\"min-h-8 text-message flex w-full flex-col items-end gap-2 whitespace-normal break-words text-start [.text-message+&amp;]:mt-5\" dir=\"auto\" data-message-author-role=\"user\" data-message-id=\"ffac41ca-1db4-431b-873a-32c4052956f1\">\n<div class=\"flex w-full flex-col gap-1 empty:hidden items-end rtl:items-start\">\n<div class=\"relative max-w-[var(--user-chat-width,70%)] rounded-3xl bg-token-message-surface px-5 py-2.5\">\n<div class=\"absolute bottom-0 right-full top-0 -mr-3.5 hidden pr-5 pt-2 [.group\/conversation-turn:hover_&amp;]:flex\">\n<div class=\"flex\">\n<article class=\"w-full text-token-text-primary focus-visible:outline-2 focus-visible:outline-offset-[-4px]\" dir=\"auto\" data-testid=\"conversation-turn-39\" data-scroll-anchor=\"true\">\n<div class=\"m-auto text-base py-[18px] px-6\">\n<div class=\"mx-auto flex flex-1 text-base gap-4 md:gap-5 lg:gap-6 md:max-w-3xl lg:max-w-[40rem] xl:max-w-[48rem]\">\n<div class=\"group\/conversation-turn relative flex w-full min-w-0 flex-col agent-turn @xs\/thread:px-0 @sm\/thread:px-1.5 @md\/thread:px-4\">\n<div class=\"flex-col gap-1 md:gap-3\">\n<div class=\"flex max-w-full flex-col flex-grow\">\n<div class=\"min-h-8 text-message flex w-full flex-col items-end gap-2 whitespace-normal break-words text-start [.text-message+&amp;]:mt-5\" dir=\"auto\" data-message-author-role=\"assistant\" data-message-id=\"55a23854-ec57-48dd-bd4f-6118f43d6241\" data-message-model-slug=\"gpt-4o\">\n<div class=\"flex w-full flex-col gap-1 empty:hidden first:pt-[3px]\">\n<div class=\"markdown prose w-full break-words dark:prose-invert light\">\n<figure id=\"attachment_3835\" aria-describedby=\"caption-attachment-3835\" style=\"width: 800px\" class=\"wp-caption alignnone\"><img decoding=\"async\" class=\"wp-image-3835 size-full\" src=\"https:\/\/vapestornado.com\/wp-content\/uploads\/2025\/03\/FIHP-12000-Puffs-2-5-Low-Nicotine-Disposable-Vape.webp\" alt=\"FIHP 12000 Vpihov 2% 5% Nizko Nikotinska Vape za Enkratno Uporabo\" width=\"800\" height=\"800\" srcset=\"https:\/\/vapestornado.com\/wp-content\/uploads\/2025\/03\/FIHP-12000-Puffs-2-5-Low-Nicotine-Disposable-Vape.webp 800w, https:\/\/vapestornado.com\/wp-content\/uploads\/2025\/03\/FIHP-12000-Puffs-2-5-Low-Nicotine-Disposable-Vape-300x300.webp 300w, https:\/\/vapestornado.com\/wp-content\/uploads\/2025\/03\/FIHP-12000-Puffs-2-5-Low-Nicotine-Disposable-Vape-150x150.webp 150w, https:\/\/vapestornado.com\/wp-content\/uploads\/2025\/03\/FIHP-12000-Puffs-2-5-Low-Nicotine-Disposable-Vape-768x768.webp 768w, https:\/\/vapestornado.com\/wp-content\/uploads\/2025\/03\/FIHP-12000-Puffs-2-5-Low-Nicotine-Disposable-Vape-600x600.webp 600w, https:\/\/vapestornado.com\/wp-content\/uploads\/2025\/03\/FIHP-12000-Puffs-2-5-Low-Nicotine-Disposable-Vape-100x100.webp 100w\" sizes=\"(max-width: 800px) 100vw, 800px\" \/><figcaption id=\"caption-attachment-3835\" class=\"wp-caption-text\">FIHP 12000 Vpihov 2% 5% Nizko Nikotinska Vape za Enkratno Uporabo<\/figcaption><\/figure>\n<\/div>\n<\/div>\n<\/div>\n<\/div>\n<\/div>\n<\/div>\n<\/div>\n<\/div>\n<\/article>\n<\/div>\n<\/div>\n<\/div>\n<\/div>\n<\/div>\n<\/div>\n<\/div>\n<\/div>\n<\/div>\n<\/div>\n<\/article>\n<h3>Zakaj izbrati Vapestornado za FIHP Digital Box 12000 Vpihov Digital Vape Naro\u010dilo v Razsutem Stanju?<\/h3>\n<div class=\"flex-shrink-0 flex flex-col relative items-end\">\n<div class=\"pt-0\">\n<div class=\"gizmo-bot-avatar flex h-8 w-8 items-center justify-center overflow-hidden rounded-full\">\n<div class=\"relative p-1 rounded-sm flex items-center justify-center bg-token-main-surface-primary text-token-text-primary h-8 w-8\">\n<p>Ko gre za <strong data-start=\"97\" data-end=\"127\">veleprodajo e-cigaret za enkratno uporabo<\/strong>, <strong data-start=\"129\" data-end=\"162\">Vapestornado spletna trgovina z vejpi<\/strong> je va\u0161a kon\u010dna destinacija! Ponujamo <strong data-start=\"202\" data-end=\"230\">konkuren\u010dne cene za velike koli\u010dine<\/strong>, s \u010dimer zagotavljamo, da boste dobili najbolj\u0161e ponudbe za FIHP Digital Box 12000 Vpihov <strong data-start=\"271\" data-end=\"302\">Vape<\/strong> brez ogro\u017eanja kakovosti. Z <strong data-start=\"338\" data-end=\"355\">hitro po\u0161iljanje<\/strong>, <strong data-start=\"357\" data-end=\"380\">varnimi transakcijami<\/strong>in \u0161irokim izborom <strong data-start=\"406\" data-end=\"434\">priljubljenih vape za enkratno uporabo<\/strong>vam omogo\u010damo enostaven nakup v razsutem stanju. Poleg tega je na\u0161a <strong data-start=\"483\" data-end=\"508\">ekipa za podporo strankam<\/strong> vedno pripravljena pomagati pri va\u0161ih veleprodajnih vpra\u0161anjih. Ne glede na to, ali ste prodajalec na drobno ali distributer, <strong data-start=\"608\" data-end=\"650\">Vapestornado zagotavlja neprekosljivo vrednost<\/strong> o visoki kakovosti <strong data-start=\"667\" data-end=\"708\">polnilne vape s pametnimi zasloni<\/strong>. Naro\u010dite danes in se zalo\u017eite z najnovej\u0161imi <strong data-start=\"749\" data-end=\"782\">dolgotrajnimi vape za enkratno uporabo<\/strong> po najbolj\u0161ih cenah!<\/p>\n<\/div>\n<h3><\/h3>\n<div class=\"relative p-1 rounded-sm flex items-center justify-center bg-token-main-surface-primary text-token-text-primary h-8 w-8\">\n<h3>Pogosta vpra\u0161anja o e-cigareti za enkratno uporabo FIHP 12k<\/h3>\n<p data-start=\"2534\" data-end=\"2730\"><strong data-start=\"2534\" data-end=\"2598\">1. Kako dolgo zdr\u017ei FIHP Digital Box 12000 Puffs Vape?<\/strong><br data-start=\"2598\" data-end=\"2601\" \/>S <strong data-start=\"2606\" data-end=\"2633\">12.000 vpihov na napravo<\/strong>, ta vejp je zasnovan za dolgotrajno uporabo. Dejanska \u017eivljenjska doba je odvisna od pogostosti vejpanja.<\/p>\n<p data-start=\"2732\" data-end=\"2928\"><strong data-start=\"2732\" data-end=\"2781\">2. Ali je FIHP 12000 Puffs Vape mogo\u010de ponovno napolniti?<\/strong><br data-start=\"2781\" data-end=\"2784\" \/>Da! Ima <strong data-start=\"2803\" data-end=\"2834\">650mAh polnilno baterijo<\/strong> in <strong data-start=\"2841\" data-end=\"2865\">priklju\u010dkom za polnjenje tipa C<\/strong>, ki zagotavlja u\u010dinkovito upravljanje z energijo in podalj\u0161ano uporabnost.<\/p>\n<p data-start=\"2930\" data-end=\"3100\"><strong data-start=\"2930\" data-end=\"2976\">3. Kaj prikazuje digitalni LED zaslon?<\/strong><br data-start=\"2976\" data-end=\"2979\" \/>The <strong data-start=\"2983\" data-end=\"2997\">LED zaslon<\/strong> zasloni <strong data-start=\"3007\" data-end=\"3038\">\u017eivljenjsko dobo baterije in \u0161tevilo vdihov<\/strong>, ki vam pomagajo spremljati stanje va\u0161e naprave za vejpanje ves \u010das.<\/p>\n<p data-start=\"3102\" data-end=\"3272\"><strong data-start=\"3102\" data-end=\"3147\">4. Katere jakosti nikotina so na voljo?<\/strong><br data-start=\"3147\" data-end=\"3150\" \/>FIHP 12000 je na voljo v <strong data-start=\"3181\" data-end=\"3227\">2% (nizka vsebnost nikotina) in 5% (visoka vsebnost nikotina)<\/strong>, ki ustreza razli\u010dnim \u017eeljam pri vejpanju.<\/p>\n<p data-start=\"3274\" data-end=\"3531\"><strong data-start=\"3274\" data-end=\"3355\">5. Kje lahko kupim FIHP Digital Box 12000 Puffs Vape po veleprodajnih cenah?<\/strong><br data-start=\"3355\" data-end=\"3358\" \/>Za <strong data-start=\"3362\" data-end=\"3397\">mno\u017ei\u010dna naro\u010dila in veleprodajne ponudbe<\/strong>, obi\u0161\u010dite <strong data-start=\"3405\" data-end=\"3438\">Vapestornado spletna trgovina z vejpi<\/strong>, najbolj\u0161e mesto za nakup <strong data-start=\"3462\" data-end=\"3506\">cenovno ugodne vejpe za ponovno polnjenje za enkratno uporabo<\/strong> z vrhunskimi funkcijami.<\/p>\n<\/div>\n<\/div>\n<\/div>\n<\/div>","protected":false},"excerpt":{"rendered":"<p>FIHP Digital Box 12k 12000 Puff Vape za enkratno uporabo Najbolj\u0161a cena<br \/>\nFIHP Digital Box 12000 Screen Vape za enkratno uporabo na debelo na Poljskem<br \/>\nFIHP 12000 Digital Disposable Vape Box Najbolj\u0161i okus na prodaj<\/p>\n<p><strong>Dodajte Amyin WhatsApp, da dobite pravi odgovor in ceno s popustom!<\/strong><\/p>\n<p><img fetchpriority=\"high\" decoding=\"async\" class=\"size-full wp-image-2932\" src=\"https:\/\/vapestornado.com\/wp-content\/uploads\/2024\/12\/Vape-Wholesale.jpg\" alt=\"Vape Veleprodaja\" width=\"229\" height=\"300\" \/><\/p>\n<h3><a href=\"https:\/\/wa.me\/8617776015835\"><span style=\"color: #ff0000;\"><strong>WhatsApp: +386 17776015835<\/strong><\/span><\/a><\/h3>\n<p>&nbsp;<\/p>","protected":false},"featured_media":3837,"comment_status":"open","ping_status":"closed","template":"","meta":{"_acf_changed":false,"_uag_custom_page_level_css":"","_lmt_disableupdate":"no","_lmt_disable":"","_monsterinsights_skip_tracking":false,"_monsterinsights_sitenote_active":false,"_monsterinsights_sitenote_note":"","_monsterinsights_sitenote_category":0,"site-sidebar-layout":"default","site-content-layout":"","ast-site-content-layout":"default","site-content-style":"default","site-sidebar-style":"default","ast-global-header-display":"","ast-banner-title-visibility":"","ast-main-header-display":"","ast-hfb-above-header-display":"","ast-hfb-below-header-display":"","ast-hfb-mobile-header-display":"","site-post-title":"","ast-breadcrumbs-content":"","ast-featured-img":"","footer-sml-layout":"","ast-disable-related-posts":"","theme-transparent-header-meta":"default","adv-header-id-meta":"","stick-header-meta":"","header-above-stick-meta":"","header-main-stick-meta":"","header-below-stick-meta":"","astra-migrate-meta-layouts":"set","ast-page-background-enabled":"default","ast-page-background-meta":{"desktop":{"background-color":"","background-image":"","background-repeat":"repeat","background-position":"center center","background-size":"auto","background-attachment":"scroll","background-type":"","background-media":"","overlay-type":"","overlay-color":"","overlay-opacity":"","overlay-gradient":""},"tablet":{"background-color":"","background-image":"","background-repeat":"repeat","background-position":"center center","background-size":"auto","background-attachment":"scroll","background-type":"","background-media":"","overlay-type":"","overlay-color":"","overlay-opacity":"","overlay-gradient":""},"mobile":{"background-color":"","background-image":"","background-repeat":"repeat","background-position":"center center","background-size":"auto","background-attachment":"scroll","background-type":"","background-media":"","overlay-type":"","overlay-color":"","overlay-opacity":"","overlay-gradient":""}},"ast-content-background-meta":{"desktop":{"background-color":"var(--ast-global-color-5)","background-image":"","background-repeat":"repeat","background-position":"center center","background-size":"auto","background-attachment":"scroll","background-type":"","background-media":"","overlay-type":"","overlay-color":"","overlay-opacity":"","overlay-gradient":""},"tablet":{"background-color":"var(--ast-global-color-5)","background-image":"","background-repeat":"repeat","background-position":"center center","background-size":"auto","background-attachment":"scroll","background-type":"","background-media":"","overlay-type":"","overlay-color":"","overlay-opacity":"","overlay-gradient":""},"mobile":{"background-color":"var(--ast-global-color-5)","background-image":"","background-repeat":"repeat","background-position":"center center","background-size":"auto","background-attachment":"scroll","background-type":"","background-media":"","overlay-type":"","overlay-color":"","overlay-opacity":"","overlay-gradient":""}},"_joinchat":{"telephone":"17776015835"}},"product_brand":[],"product_cat":[19,72,153,154,158,144,146,60],"product_tag":[105,257,256,97,94,241,93],"class_list":{"0":"post-3862","1":"product","2":"type-product","3":"status-publish","4":"has-post-thumbnail","6":"product_cat-vapes","7":"product_cat-12000-puff","8":"product_cat-buy-disposable-vapes-in-italy","9":"product_cat-buy-disposable-vapes-in-netherlands","10":"product_cat-buy-disposable-vapes-in-spain","11":"product_cat-low-nicotine-disposable-vapes","12":"product_cat-rechargeable-disposable-vapes","13":"product_cat-waspe-fihp-vape","14":"product_tag-digital-disposable-vape","15":"product_tag-fihp-12000","16":"product_tag-fihp-digital-box-12k","17":"product_tag-hot-sale-disposable-vape","18":"product_tag-rechargeable-disposable-vape","19":"product_tag-smart-screen-disposable-vape","20":"product_tag-vape-wholesale","21":"desktop-align-left","22":"tablet-align-left","23":"mobile-align-left","25":"first","26":"instock","27":"sale","28":"shipping-taxable","29":"purchasable","30":"product-type-simple"},"acf":[],"uagb_featured_image_src":{"full":["https:\/\/vapestornado.com\/wp-content\/uploads\/2025\/03\/FIHP-Digital-Box-12000-Puff-Rechargeable-Vape.webp",800,800,false],"thumbnail":["https:\/\/vapestornado.com\/wp-content\/uploads\/2025\/03\/FIHP-Digital-Box-12000-Puff-Rechargeable-Vape-150x150.webp",150,150,true],"medium":["https:\/\/vapestornado.com\/wp-content\/uploads\/2025\/03\/FIHP-Digital-Box-12000-Puff-Rechargeable-Vape-300x300.webp",300,300,true],"medium_large":["https:\/\/vapestornado.com\/wp-content\/uploads\/2025\/03\/FIHP-Digital-Box-12000-Puff-Rechargeable-Vape-768x768.webp",768,768,true],"large":["https:\/\/vapestornado.com\/wp-content\/uploads\/2025\/03\/FIHP-Digital-Box-12000-Puff-Rechargeable-Vape.webp",800,800,false],"1536x1536":["https:\/\/vapestornado.com\/wp-content\/uploads\/2025\/03\/FIHP-Digital-Box-12000-Puff-Rechargeable-Vape.webp",800,800,false],"2048x2048":["https:\/\/vapestornado.com\/wp-content\/uploads\/2025\/03\/FIHP-Digital-Box-12000-Puff-Rechargeable-Vape.webp",800,800,false],"trp-custom-language-flag":["https:\/\/vapestornado.com\/wp-content\/uploads\/2025\/03\/FIHP-Digital-Box-12000-Puff-Rechargeable-Vape.webp",12,12,false],"woocommerce_thumbnail":["https:\/\/vapestornado.com\/wp-content\/uploads\/2025\/03\/FIHP-Digital-Box-12000-Puff-Rechargeable-Vape-300x300.webp",300,300,true],"woocommerce_single":["https:\/\/vapestornado.com\/wp-content\/uploads\/2025\/03\/FIHP-Digital-Box-12000-Puff-Rechargeable-Vape-600x600.webp",600,600,true],"woocommerce_gallery_thumbnail":["https:\/\/vapestornado.com\/wp-content\/uploads\/2025\/03\/FIHP-Digital-Box-12000-Puff-Rechargeable-Vape-100x100.webp",100,100,true]},"uagb_author_info":{"display_name":"ESAMY","author_link":"https:\/\/vapestornado.com\/sl\/author\/"},"uagb_comment_info":0,"uagb_excerpt":"FIHP Digital Box 12k 12000 Puff Disposable Vape Best Price FIHP Digital Box 12000 Screen Disposable Vape Wholelesale in Poland FIHP 12000 Digital Disposable Vape Box Best Flavor on Sale Add Amy's whatsapp to get right reply and discount price! WhatsApp: +86 17776015835 &nbsp;","_links":{"self":[{"href":"https:\/\/vapestornado.com\/sl\/wp-json\/wp\/v2\/product\/3862","targetHints":{"allow":["GET"]}}],"collection":[{"href":"https:\/\/vapestornado.com\/sl\/wp-json\/wp\/v2\/product"}],"about":[{"href":"https:\/\/vapestornado.com\/sl\/wp-json\/wp\/v2\/types\/product"}],"replies":[{"embeddable":true,"href":"https:\/\/vapestornado.com\/sl\/wp-json\/wp\/v2\/comments?post=3862"}],"wp:featuredmedia":[{"embeddable":true,"href":"https:\/\/vapestornado.com\/sl\/wp-json\/wp\/v2\/media\/3837"}],"wp:attachment":[{"href":"https:\/\/vapestornado.com\/sl\/wp-json\/wp\/v2\/media?parent=3862"}],"wp:term":[{"taxonomy":"product_brand","embeddable":true,"href":"https:\/\/vapestornado.com\/sl\/wp-json\/wp\/v2\/product_brand?post=3862"},{"taxonomy":"product_cat","embeddable":true,"href":"https:\/\/vapestornado.com\/sl\/wp-json\/wp\/v2\/product_cat?post=3862"},{"taxonomy":"product_tag","embeddable":true,"href":"https:\/\/vapestornado.com\/sl\/wp-json\/wp\/v2\/product_tag?post=3862"}],"curies":[{"name":"wp","href":"https:\/\/api.w.org\/{rel}","templated":true}]}}