{"id":3861,"date":"2025-03-16T09:21:11","date_gmt":"2025-03-16T09:21:11","guid":{"rendered":"https:\/\/vapestornado.com\/?post_type=product&#038;p=3861"},"modified":"2025-08-23T10:42:12","modified_gmt":"2025-08-23T10:42:12","slug":"waspe-fihp-30000-puffs-smart-screen-vape-2-5-nicotine-wholesal","status":"publish","type":"product","link":"https:\/\/vapestornado.com\/sl\/product\/waspe-fihp-30000-puffs-smart-screen-vape-2-5-nicotine-wholesal\/","title":{"rendered":"WASPE FIHP 30000 Puffs Pametni zaslon Vejp 2% 5% Nikotin Veleprodaja"},"content":{"rendered":"<h1 data-pm-slice=\"1 1 []\">WASPE FIHP 30000 Puffs Pametni zaslon Vejp 2% 5% Nikotin Veleprodaja<\/h1>\n<p data-start=\"293\" data-end=\"589\">The <strong data-start=\"297\" data-end=\"341\">WASPE FIHP 30000 Vpihov Vape s pametnim zaslonom<\/strong> je zasnovan za evropske trgovce na debelo in drobno, ki i\u0161\u010dejo bogato opremljeno, dolgotrajno napravo za enkratno uporabo. Z do <strong data-start=\"453\" data-end=\"469\">30.000 vpihov<\/strong>, a <strong data-start=\"473\" data-end=\"495\">28 ml rezervoarja za e-teko\u010dino<\/strong>in <strong data-start=\"501\" data-end=\"530\">tehnologija dvojne mre\u017easte tuljave<\/strong>zagotavlja dosledno paro in gladko podajanje okusa.<\/p>\n<p data-start=\"591\" data-end=\"734\">Napaja ga <strong data-start=\"605\" data-end=\"636\">850 mAh baterijo za ponovno polnjenje<\/strong> z <strong data-start=\"642\" data-end=\"666\">hitro polnjenje Type-C<\/strong>FIHP 30K zmanj\u0161uje \u010das nedelovanja. Ponuja <strong data-start=\"711\" data-end=\"731\">dva na\u010dina uparjanja<\/strong>:<\/p>\n<ul data-start=\"735\" data-end=\"875\">\n<li data-start=\"735\" data-end=\"791\">\n<p data-start=\"737\" data-end=\"791\"><strong data-start=\"737\" data-end=\"753\">Obi\u010dajni na\u010din<\/strong> za najve\u010dje \u0161tevilo vpihov (do 30K).<\/p>\n<\/li>\n<li data-start=\"792\" data-end=\"875\">\n<p data-start=\"794\" data-end=\"875\"><strong data-start=\"794\" data-end=\"808\">Impulzni na\u010din<\/strong> za pove\u010dano gostoto pare in bogatej\u0161i okus (pribli\u017eno 15K vpihov).<\/p>\n<\/li>\n<\/ul>\n<p data-start=\"877\" data-end=\"1104\">The <strong data-start=\"881\" data-end=\"902\">LED pametni zaslon<\/strong> uporabnike obve\u0161\u010da o \u017eivljenjski dobi baterije, nivojih e-teko\u010dine in nastavitvah na\u010dina. Z <strong data-start=\"981\" data-end=\"1003\">nastavljivim pretokom zraka<\/strong>lahko uporabniki izbirajo med tesnej\u0161imi potegi ali bolj odprtim vdihom, kar ustreza razli\u010dnim \u017eeljam.<\/p>\n<p data-start=\"1106\" data-end=\"1387\">Na voljo v <strong data-start=\"1119\" data-end=\"1151\">2% in 5% jakosti nikotina<\/strong> in <strong data-start=\"1156\" data-end=\"1177\">16 mo\u017enosti okusov<\/strong>, je <strong data-start=\"1183\" data-end=\"1206\">WASPE FIHP 30K Vape<\/strong> je primeren za razli\u010dne potrebe strank. Za distributerje je njegova kombinacija <strong data-start=\"1284\" data-end=\"1347\">kapacitete, pametnih funkcij in konkuren\u010dnih veleprodajnih cen<\/strong> ga naredi za donosno izbiro v letu 2025.<\/p>\n<p><strong><span style=\"color: #ff0000;\">Dodajte Amy na WhatsApp za pravilen odgovor in ceno s popustom!<\/span><\/strong><\/p>\n<p><img fetchpriority=\"high\" decoding=\"async\" class=\"size-full wp-image-2932\" src=\"https:\/\/vapestornado.com\/wp-content\/uploads\/2024\/12\/Vape-Wholesale.jpg\" alt=\"Vape Veleprodaja\" width=\"229\" height=\"300\" \/><\/p>\n<h3><a href=\"https:\/\/wa.me\/8617776015835\" target=\"_blank\" rel=\"noopener\"><span style=\"color: #ff0000;\"><strong>WhatsApp: +386 17776015835<\/strong><\/span><\/a><\/h3>\n<p>&nbsp;<\/p>\n<h2><strong>Klju\u010dne zna\u010dilnosti izdelka WASPE FIHP 30000 Puffs<\/strong><\/h2>\n<p>\u2022 Vnaprej napolnjenih 28 ml e-teko\u010dine<br \/>\n\u2022 Dvojni na\u010din delovanja: Obi\u010dajni (30000 Puffs Vape)<br \/>\n\u2022 Vgrajena 850mAh baterija (polnjenje prek Type-C)<br \/>\n\u2022 Dvojni mre\u017eni tuljavi (1ohm+1ohm)<br \/>\n\u2022 LED zaslon za prikaz stanja baterije in olja<br \/>\n\u2022 Nastavljiv pretok zraka<br \/>\n\u2022 16 razpolo\u017eljivih okusov<\/p>\n<figure id=\"attachment_3844\" aria-describedby=\"caption-attachment-3844\" style=\"width: 800px\" class=\"wp-caption alignnone\"><img decoding=\"async\" class=\"wp-image-3844 size-full\" src=\"https:\/\/vapestornado.com\/wp-content\/uploads\/2025\/03\/WASPE-FIHP-30000-Puffs-Rechargeable-Disposable-Vape.jpg\" alt=\"WASPE FIHP 30000 Puffs polnilna elektronska cigareta za enkratno uporabo\" width=\"800\" height=\"800\" srcset=\"https:\/\/vapestornado.com\/wp-content\/uploads\/2025\/03\/WASPE-FIHP-30000-Puffs-Rechargeable-Disposable-Vape.jpg 800w, https:\/\/vapestornado.com\/wp-content\/uploads\/2025\/03\/WASPE-FIHP-30000-Puffs-Rechargeable-Disposable-Vape-300x300.jpg 300w, https:\/\/vapestornado.com\/wp-content\/uploads\/2025\/03\/WASPE-FIHP-30000-Puffs-Rechargeable-Disposable-Vape-150x150.jpg 150w, https:\/\/vapestornado.com\/wp-content\/uploads\/2025\/03\/WASPE-FIHP-30000-Puffs-Rechargeable-Disposable-Vape-768x768.jpg 768w, https:\/\/vapestornado.com\/wp-content\/uploads\/2025\/03\/WASPE-FIHP-30000-Puffs-Rechargeable-Disposable-Vape-600x600.jpg 600w, https:\/\/vapestornado.com\/wp-content\/uploads\/2025\/03\/WASPE-FIHP-30000-Puffs-Rechargeable-Disposable-Vape-100x100.jpg 100w\" sizes=\"(max-width: 800px) 100vw, 800px\" \/><figcaption id=\"caption-attachment-3844\" class=\"wp-caption-text\">WASPE FIHP 30000 Puffs polnilna elektronska cigareta za enkratno uporabo<\/figcaption><\/figure>\n<h2 class=\"product-title\"><strong>WASPE FIHP 30K Puffs seznam okusov pametne elektronske cigarete<\/strong><\/h2>\n<article class=\"group\/turn w-full text-token-text-primary focus-visible:outline-2 focus-visible:outline-offset-[-4px]\" dir=\"auto\" data-testid=\"conversation-turn-61\" data-scroll-anchor=\"true\">\n<div class=\"text-base my-auto mx-auto py-[18px] px-6\">\n<div class=\"mx-auto flex flex-1 text-base gap-4 md:gap-5 lg:gap-6 md:max-w-3xl lg:max-w-[40rem] xl:max-w-[48rem]\">\n<div class=\"group\/conversation-turn relative flex w-full min-w-0 flex-col agent-turn @xs\/thread:px-0 @sm\/thread:px-1.5 @md\/thread:px-4\">\n<div class=\"flex-col gap-1 md:gap-3\">\n<div class=\"flex max-w-full flex-col flex-grow\">\n<div class=\"min-h-8 text-message relative flex w-full flex-col items-end gap-2 whitespace-normal break-words text-start [.text-message+&amp;]:mt-5\" dir=\"auto\" data-message-author-role=\"assistant\" data-message-id=\"762d7e41-70d5-4ddf-94cb-85ef5025d3a8\" data-message-model-slug=\"gpt-4o\">\n<div class=\"flex w-full flex-col gap-1 empty:hidden first:pt-[3px]\">\n<div class=\"markdown prose w-full break-words dark:prose-invert light\">\n<p>1. Lubenica Led <strong><span style=\"color: #ff0000;\">&gt;&gt;&gt;&gt; Vro\u010de!<\/span><\/strong><br \/>\n2. \u010crni \u010de\u0161njev led<br \/>\n3. Grozdni led<br \/>\n4.Breskev Jagoda <strong><span style=\"color: #ff0000;\">&gt;&gt;&gt;&gt; Vro\u010de!<\/span><\/strong><br \/>\n5.Jagoda Mango<br \/>\n6. Jagoda Kivi<br \/>\n7.Me\u0161ano jagodi\u010devje<br \/>\n8. Borovnica malina <strong><span style=\"color: #ff0000;\">&gt;&gt;&gt;&gt; Vro\u010de!<\/span><\/strong><br \/>\n9.Jagoda Lubenica <strong><span style=\"color: #ff0000;\">&gt;&gt;&gt;&gt; Najbolj\u0161e!<\/span><\/strong><br \/>\n10.Kivi Pasijonka Guava<br \/>\n11.Jagoda Red Bull<br \/>\n12.Lubenica Mango Breskev <strong><span style=\"color: #ff0000;\">&gt;&gt;&gt;&gt; Vro\u010de!<\/span><\/strong><br \/>\n13.Dvojno jabolko led<br \/>\n14.Lubenica \u017dve\u010dilni gumi<br \/>\n15.Jagoda Malina \u010ce\u0161nja <strong><span style=\"color: #ff0000;\">&gt;&gt;&gt;&gt; Vro\u010de!<\/span><\/strong><br \/>\n16.Borovnica led<\/p>\n<\/div>\n<\/div>\n<\/div>\n<\/div>\n<\/div>\n<\/div>\n<\/div>\n<\/div>\n<\/article>\n<article class=\"w-full text-token-text-primary focus-visible:outline-2 focus-visible:outline-offset-[-4px]\" dir=\"auto\" data-testid=\"conversation-turn-32\" data-scroll-anchor=\"false\">\n<div class=\"m-auto text-base py-[18px] px-6\">\n<div class=\"mx-auto flex flex-1 text-base gap-4 md:gap-5 lg:gap-6 md:max-w-3xl lg:max-w-[40rem] xl:max-w-[48rem]\">\n<div class=\"group\/conversation-turn relative flex w-full min-w-0 flex-col @xs\/thread:px-0 @sm\/thread:px-1.5 @md\/thread:px-4\">\n<div class=\"flex-col gap-1 md:gap-3\">\n<div class=\"flex max-w-full flex-col flex-grow\">\n<div class=\"min-h-8 text-message flex w-full flex-col items-end gap-2 whitespace-normal break-words text-start [.text-message+&amp;]:mt-5\" dir=\"auto\" data-message-author-role=\"user\" data-message-id=\"ffac41ca-1db4-431b-873a-32c4052956f1\">\n<div class=\"flex w-full flex-col gap-1 empty:hidden items-end rtl:items-start\">\n<div class=\"relative max-w-[var(--user-chat-width,70%)] rounded-3xl bg-token-message-surface px-5 py-2.5\">\n<div class=\"absolute bottom-0 right-full top-0 -mr-3.5 hidden pr-5 pt-2 [.group\/conversation-turn:hover_&amp;]:flex\">\n<div class=\"flex\">\n<article class=\"w-full text-token-text-primary focus-visible:outline-2 focus-visible:outline-offset-[-4px]\" dir=\"auto\" data-testid=\"conversation-turn-39\" data-scroll-anchor=\"true\">\n<div class=\"m-auto text-base py-[18px] px-6\">\n<div class=\"mx-auto flex flex-1 text-base gap-4 md:gap-5 lg:gap-6 md:max-w-3xl lg:max-w-[40rem] xl:max-w-[48rem]\">\n<div class=\"group\/conversation-turn relative flex w-full min-w-0 flex-col agent-turn @xs\/thread:px-0 @sm\/thread:px-1.5 @md\/thread:px-4\">\n<div class=\"flex-col gap-1 md:gap-3\">\n<div class=\"flex max-w-full flex-col flex-grow\">\n<div class=\"min-h-8 text-message flex w-full flex-col items-end gap-2 whitespace-normal break-words text-start [.text-message+&amp;]:mt-5\" dir=\"auto\" data-message-author-role=\"assistant\" data-message-id=\"55a23854-ec57-48dd-bd4f-6118f43d6241\" data-message-model-slug=\"gpt-4o\">\n<div class=\"flex w-full flex-col gap-1 empty:hidden first:pt-[3px]\">\n<div class=\"markdown prose w-full break-words dark:prose-invert light\"><\/div>\n<\/div>\n<\/div>\n<\/div>\n<\/div>\n<\/div>\n<\/div>\n<\/div>\n<\/article>\n<\/div>\n<\/div>\n<\/div>\n<\/div>\n<\/div>\n<\/div>\n<\/div>\n<\/div>\n<\/div>\n<\/div>\n<\/article>\n<h2>Zakaj izbrati vapestornado za naro\u010dilo FIHP 30000 Puffs Smart Vape v razsutem stanju?<\/h2>\n<div class=\"flex-shrink-0 flex flex-col relative items-end\">\n<div class=\"pt-0\">\n<div class=\"gizmo-bot-avatar flex h-8 w-8 items-center justify-center overflow-hidden rounded-full\">\n<div class=\"relative p-1 rounded-sm flex items-center justify-center bg-token-main-surface-primary text-token-text-primary h-8 w-8\">\n<p>Ko gre za <strong data-start=\"97\" data-end=\"127\">veleprodajo e-cigaret za enkratno uporabo<\/strong>, <strong data-start=\"129\" data-end=\"162\">Vapestornado spletna trgovina z vejpi<\/strong> je va\u0161a kon\u010dna destinacija! Ponujamo <strong data-start=\"202\" data-end=\"230\">konkuren\u010dne cene za velike koli\u010dine<\/strong>, kar zagotavlja najbolj\u0161e ponudbe za <strong data-start=\"271\" data-end=\"302\">FIHP 30000 Vdihov Pametna vape<\/strong> brez ogro\u017eanja kakovosti. Z <strong data-start=\"338\" data-end=\"355\">hitro po\u0161iljanje<\/strong>, <strong data-start=\"357\" data-end=\"380\">varnimi transakcijami<\/strong>in \u0161irokim izborom <strong data-start=\"406\" data-end=\"434\">priljubljenih vape za enkratno uporabo<\/strong>vam omogo\u010damo enostaven nakup v razsutem stanju. Poleg tega je na\u0161a <strong data-start=\"483\" data-end=\"508\">ekipa za podporo strankam<\/strong> vedno pripravljena pomagati pri va\u0161ih veleprodajnih vpra\u0161anjih. Ne glede na to, ali ste prodajalec na drobno ali distributer, <strong data-start=\"608\" data-end=\"650\">Vapestornado zagotavlja neprekosljivo vrednost<\/strong> o visoki kakovosti <strong data-start=\"667\" data-end=\"708\">polnilne vape s pametnimi zasloni<\/strong>. Naro\u010dite danes in se zalo\u017eite z najnovej\u0161imi <strong data-start=\"749\" data-end=\"782\">dolgotrajnimi vape za enkratno uporabo<\/strong> po najbolj\u0161ih cenah!<\/p>\n<\/div>\n<h3><\/h3>\n<div class=\"relative p-1 rounded-sm flex items-center justify-center bg-token-main-surface-primary text-token-text-primary h-8 w-8\">\n<h2>Pogosta vpra\u0161anja za WASPE30000 Puffs Smart E-Cigarete za enkratno uporabo<\/h2>\n<p data-start=\"1945\" data-end=\"2182\"><strong data-start=\"1945\" data-end=\"2010\">1. Kako dolgo traja FIHP 30000 Puffs Smart Screen Vape?<\/strong><br data-start=\"2010\" data-end=\"2013\" \/>\u017divljenjska doba je odvisna od va\u0161ega stila vapinga. V <strong data-start=\"2059\" data-end=\"2075\">Obi\u010dajni na\u010din<\/strong>, dobite do <strong data-start=\"2091\" data-end=\"2107\">30.000 vpihov<\/strong>, medtem ko <strong data-start=\"2115\" data-end=\"2129\">Impulzni na\u010din<\/strong> zagotavlja <strong data-start=\"2139\" data-end=\"2155\">15.000 vdihov<\/strong> z intenzivnej\u0161im okusom.<\/p>\n<p data-start=\"2184\" data-end=\"2353\"><strong data-start=\"2184\" data-end=\"2221\">2. Ali lahko ponovno napolnim FIHP 30000?<\/strong><br data-start=\"2221\" data-end=\"2224\" \/>Da! Ta vape ima <strong data-start=\"2251\" data-end=\"2282\">850 mAh baterijo za ponovno polnjenje<\/strong> in uporablja <strong data-start=\"2294\" data-end=\"2318\">priklju\u010dkom za polnjenje tipa C<\/strong> za hitro in u\u010dinkovito polnjenje.<\/p>\n<p data-start=\"2355\" data-end=\"2561\"><strong data-start=\"2355\" data-end=\"2402\">3. Kak\u0161na je prednost pametnega zaslona?<\/strong><br data-start=\"2402\" data-end=\"2405\" \/>The <strong data-start=\"2409\" data-end=\"2430\">LED pametni zaslon<\/strong> spremlja va\u0161o <strong data-start=\"2451\" data-end=\"2499\">\u017eivljenjsko dobo baterije, raven e-teko\u010dine in \u0161tevilo vdihov<\/strong>, kar zagotavlja podatke v realnem \u010dasu za brezhibno izku\u0161njo vapinga.<\/p>\n<p data-start=\"2563\" data-end=\"2758\"><strong data-start=\"2563\" data-end=\"2614\">4. Ali ima FIHP 30000 nastavljiv pretok zraka?<\/strong><br data-start=\"2614\" data-end=\"2617\" \/>Da! Spremenite lahko <strong data-start=\"2641\" data-end=\"2660\">nastavitev pretoka zraka<\/strong> da dobite <strong data-start=\"2670\" data-end=\"2696\">tesnej\u0161i ali ohlapnej\u0161i poteg<\/strong>, s \u010dimer izbolj\u0161ate svojo izku\u0161njo vapinga, da bo ustrezala va\u0161im \u017eeljam.<\/p>\n<p data-start=\"2760\" data-end=\"2995\"><strong data-start=\"2760\" data-end=\"2818\">5. Kje lahko kupim FIHP 30000 po veleprodajnih cenah?<\/strong><br data-start=\"2818\" data-end=\"2821\" \/>Za <strong data-start=\"2825\" data-end=\"2863\">veleprodajne nakupe in ponudbe<\/strong>, obi\u0161\u010dite <strong data-start=\"2871\" data-end=\"2904\">Vapestornado spletna trgovina z vejpi<\/strong> \u2013 va\u0161 zaupanja vreden vir za <strong data-start=\"2931\" data-end=\"2962\">ugodne vape za enkratno uporabo<\/strong> z <strong data-start=\"2968\" data-end=\"2992\">vrhunska zmogljivost<\/strong>.<\/p>\n<\/div>\n<\/div>\n<\/div>\n<\/div>","protected":false},"excerpt":{"rendered":"<p>The <strong data-start=\"1431\" data-end=\"1462\">WASPE FIHP 30000 Vpihov Vape<\/strong> ima dvojna na\u010dina vejpanja, pametni zaslon za spremljanje in 28 ml e-teko\u010dine. Mo\u010dna mo\u017enost polnjenja za <strong data-start=\"1570\" data-end=\"1606\">veleprodajne trge vape v Evropi<\/strong>.<\/p>\n<p><strong>Dodajte Amyin WhatsApp, da dobite pravi odgovor in ceno s popustom!<\/strong><\/p>\n<p><img fetchpriority=\"high\" decoding=\"async\" class=\"size-full wp-image-2932\" src=\"https:\/\/vapestornado.com\/wp-content\/uploads\/2024\/12\/Vape-Wholesale.jpg\" alt=\"Vape Veleprodaja\" width=\"229\" height=\"300\" \/><\/p>\n<h3><a href=\"https:\/\/wa.me\/8617776015835\"><span style=\"color: #ff0000;\"><strong>WhatsApp: +386 17776015835<\/strong><\/span><\/a><\/h3>\n<p>&nbsp;<\/p>","protected":false},"featured_media":3840,"comment_status":"open","ping_status":"closed","template":"","meta":{"_acf_changed":false,"_uag_custom_page_level_css":"","_lmt_disableupdate":"no","_lmt_disable":"","_monsterinsights_skip_tracking":false,"_monsterinsights_sitenote_active":false,"_monsterinsights_sitenote_note":"","_monsterinsights_sitenote_category":0,"site-sidebar-layout":"default","site-content-layout":"","ast-site-content-layout":"default","site-content-style":"default","site-sidebar-style":"default","ast-global-header-display":"","ast-banner-title-visibility":"","ast-main-header-display":"","ast-hfb-above-header-display":"","ast-hfb-below-header-display":"","ast-hfb-mobile-header-display":"","site-post-title":"","ast-breadcrumbs-content":"","ast-featured-img":"","footer-sml-layout":"","ast-disable-related-posts":"","theme-transparent-header-meta":"default","adv-header-id-meta":"","stick-header-meta":"","header-above-stick-meta":"","header-main-stick-meta":"","header-below-stick-meta":"","astra-migrate-meta-layouts":"set","ast-page-background-enabled":"default","ast-page-background-meta":{"desktop":{"background-color":"","background-image":"","background-repeat":"repeat","background-position":"center center","background-size":"auto","background-attachment":"scroll","background-type":"","background-media":"","overlay-type":"","overlay-color":"","overlay-opacity":"","overlay-gradient":""},"tablet":{"background-color":"","background-image":"","background-repeat":"repeat","background-position":"center center","background-size":"auto","background-attachment":"scroll","background-type":"","background-media":"","overlay-type":"","overlay-color":"","overlay-opacity":"","overlay-gradient":""},"mobile":{"background-color":"","background-image":"","background-repeat":"repeat","background-position":"center center","background-size":"auto","background-attachment":"scroll","background-type":"","background-media":"","overlay-type":"","overlay-color":"","overlay-opacity":"","overlay-gradient":""}},"ast-content-background-meta":{"desktop":{"background-color":"var(--ast-global-color-5)","background-image":"","background-repeat":"repeat","background-position":"center center","background-size":"auto","background-attachment":"scroll","background-type":"","background-media":"","overlay-type":"","overlay-color":"","overlay-opacity":"","overlay-gradient":""},"tablet":{"background-color":"var(--ast-global-color-5)","background-image":"","background-repeat":"repeat","background-position":"center center","background-size":"auto","background-attachment":"scroll","background-type":"","background-media":"","overlay-type":"","overlay-color":"","overlay-opacity":"","overlay-gradient":""},"mobile":{"background-color":"var(--ast-global-color-5)","background-image":"","background-repeat":"repeat","background-position":"center center","background-size":"auto","background-attachment":"scroll","background-type":"","background-media":"","overlay-type":"","overlay-color":"","overlay-opacity":"","overlay-gradient":""}},"_joinchat":{"telephone":"17776015835"}},"product_brand":[],"product_cat":[19,67,151,154,142,146,60],"product_tag":[105,97,250,94,241,93,101,255],"class_list":{"0":"post-3861","1":"product","2":"type-product","3":"status-publish","4":"has-post-thumbnail","6":"product_cat-vapes","7":"product_cat-30000-puff","8":"product_cat-buy-disposable-vapes-in-france","9":"product_cat-buy-disposable-vapes-in-netherlands","10":"product_cat-digital-box-disposable-vapes","11":"product_cat-rechargeable-disposable-vapes","12":"product_cat-waspe-fihp-vape","13":"product_tag-digital-disposable-vape","14":"product_tag-hot-sale-disposable-vape","15":"product_tag-puff-30k","16":"product_tag-rechargeable-disposable-vape","17":"product_tag-smart-screen-disposable-vape","18":"product_tag-vape-wholesale","19":"product_tag-waspe-30k","20":"product_tag-waspe-fihp-30000","21":"desktop-align-left","22":"tablet-align-left","23":"mobile-align-left","25":"first","26":"instock","27":"sale","28":"shipping-taxable","29":"purchasable","30":"product-type-simple"},"acf":[],"uagb_featured_image_src":{"full":["https:\/\/vapestornado.com\/wp-content\/uploads\/2025\/03\/Wasp-FIHP-30000-Puffs-Vape-30k-Popular-Flavours.jpg",800,800,false],"thumbnail":["https:\/\/vapestornado.com\/wp-content\/uploads\/2025\/03\/Wasp-FIHP-30000-Puffs-Vape-30k-Popular-Flavours-150x150.jpg",150,150,true],"medium":["https:\/\/vapestornado.com\/wp-content\/uploads\/2025\/03\/Wasp-FIHP-30000-Puffs-Vape-30k-Popular-Flavours-300x300.jpg",300,300,true],"medium_large":["https:\/\/vapestornado.com\/wp-content\/uploads\/2025\/03\/Wasp-FIHP-30000-Puffs-Vape-30k-Popular-Flavours-768x768.jpg",768,768,true],"large":["https:\/\/vapestornado.com\/wp-content\/uploads\/2025\/03\/Wasp-FIHP-30000-Puffs-Vape-30k-Popular-Flavours.jpg",800,800,false],"1536x1536":["https:\/\/vapestornado.com\/wp-content\/uploads\/2025\/03\/Wasp-FIHP-30000-Puffs-Vape-30k-Popular-Flavours.jpg",800,800,false],"2048x2048":["https:\/\/vapestornado.com\/wp-content\/uploads\/2025\/03\/Wasp-FIHP-30000-Puffs-Vape-30k-Popular-Flavours.jpg",800,800,false],"trp-custom-language-flag":["https:\/\/vapestornado.com\/wp-content\/uploads\/2025\/03\/Wasp-FIHP-30000-Puffs-Vape-30k-Popular-Flavours.jpg",12,12,false],"woocommerce_thumbnail":["https:\/\/vapestornado.com\/wp-content\/uploads\/2025\/03\/Wasp-FIHP-30000-Puffs-Vape-30k-Popular-Flavours-300x300.jpg",300,300,true],"woocommerce_single":["https:\/\/vapestornado.com\/wp-content\/uploads\/2025\/03\/Wasp-FIHP-30000-Puffs-Vape-30k-Popular-Flavours-600x600.jpg",600,600,true],"woocommerce_gallery_thumbnail":["https:\/\/vapestornado.com\/wp-content\/uploads\/2025\/03\/Wasp-FIHP-30000-Puffs-Vape-30k-Popular-Flavours-100x100.jpg",100,100,true]},"uagb_author_info":{"display_name":"ESAMY","author_link":"https:\/\/vapestornado.com\/sl\/author\/"},"uagb_comment_info":0,"uagb_excerpt":"The WASPE FIHP 30000 Puffs Vape features dual vaping modes, smart screen monitoring, and 28ml e-liquid. A powerful rechargeable option for wholesale vape markets in Europe. Add Amy's whatsapp to get right reply and discount price! WhatsApp: +86 17776015835 &nbsp;","_links":{"self":[{"href":"https:\/\/vapestornado.com\/sl\/wp-json\/wp\/v2\/product\/3861","targetHints":{"allow":["GET"]}}],"collection":[{"href":"https:\/\/vapestornado.com\/sl\/wp-json\/wp\/v2\/product"}],"about":[{"href":"https:\/\/vapestornado.com\/sl\/wp-json\/wp\/v2\/types\/product"}],"replies":[{"embeddable":true,"href":"https:\/\/vapestornado.com\/sl\/wp-json\/wp\/v2\/comments?post=3861"}],"wp:featuredmedia":[{"embeddable":true,"href":"https:\/\/vapestornado.com\/sl\/wp-json\/wp\/v2\/media\/3840"}],"wp:attachment":[{"href":"https:\/\/vapestornado.com\/sl\/wp-json\/wp\/v2\/media?parent=3861"}],"wp:term":[{"taxonomy":"product_brand","embeddable":true,"href":"https:\/\/vapestornado.com\/sl\/wp-json\/wp\/v2\/product_brand?post=3861"},{"taxonomy":"product_cat","embeddable":true,"href":"https:\/\/vapestornado.com\/sl\/wp-json\/wp\/v2\/product_cat?post=3861"},{"taxonomy":"product_tag","embeddable":true,"href":"https:\/\/vapestornado.com\/sl\/wp-json\/wp\/v2\/product_tag?post=3861"}],"curies":[{"name":"wp","href":"https:\/\/api.w.org\/{rel}","templated":true}]}}