{"id":3859,"date":"2025-03-14T08:36:08","date_gmt":"2025-03-14T08:36:08","guid":{"rendered":"https:\/\/vapestornado.com\/?post_type=product&#038;p=3859"},"modified":"2025-08-23T12:40:31","modified_gmt":"2025-08-23T12:40:31","slug":"vapsolo-galaxy-30000-vapers-30k-puff-disposable-vape-e-cigarette-with-smart-screen","status":"publish","type":"product","link":"https:\/\/vapestornado.com\/sl\/product\/vapsolo-galaxy-30000-vapers-30k-puff-disposable-vape-e-cigarette-with-smart-screen\/","title":{"rendered":"Vapsolo Galaxy 30000 Vdihov Razpolo\u017eljiva Vape E-Cigareta s Pametnim Zaslonom"},"content":{"rendered":"<h1 data-pm-slice=\"1 1 []\">Vapsolo Galaxy 30000 Vdihov Razpolo\u017eljiva Vape E-Cigareta s Pametnim Zaslonom<\/h1>\n<p>&nbsp;<\/p>\n<p>The <strong data-start=\"343\" data-end=\"389\">Vapsolo Galaxy 30000 Vpihov Vape za Enkratno Uporabo<\/strong> postavlja novo merilo za vrhunske e-cigarete, zdru\u017euje <strong data-start=\"447\" data-end=\"517\">dolgotrajno zmogljivost, pametni zaslon na dotik in nastavljiv pretok zraka<\/strong> v eni kompaktni napravi. Ponuja do <strong data-start=\"556\" data-end=\"572\">30.000 vpihov<\/strong>, ta vape je narejen za uporabnike, ki \u017eelijo tako vzdr\u017eljivost kot raznolikost okusov.<\/p>\n<p>Zaradi <strong data-start=\"663\" data-end=\"691\">barvni pametni zaslon<\/strong> zagotavlja vpogled v \u017eivljenjsko dobo baterije in nivo e-teko\u010dine v realnem \u010dasu, medtem ko <strong data-start=\"769\" data-end=\"806\">4-stopenjskim nastavljivim sistemom pretoka zraka<\/strong> omogo\u010da prilagojene vdihe \u2013 od tesnih MTL udarcev do gladkih DTL oblakov. Pogon zagotavlja <strong data-start=\"901\" data-end=\"932\">850 mAh baterijo za ponovno polnjenje<\/strong> s hitrim polnjenjem Type-C, Galaxy 30K zagotavlja minimalne prekinitve in maksimalno udobje.<\/p>\n<p>Vsebuje <strong data-start=\"1044\" data-end=\"1077\">edinstvene barvne zasnove, ki spominjajo na tu\u0161<\/strong> za vsak okus, ta vape ne le deluje dobro, ampak tudi izgleda osupljivo. Predhodno napolnjen z <strong data-start=\"1172\" data-end=\"1192\">vrhunsko e-teko\u010dino<\/strong> in na voljo v razli\u010dnih jakostih nikotina, je primeren tako za ob\u010dasne uporabnike kot za strastne vejperje.<\/p>\n<p>Za trgovce na drobno in distributerje ponuja Galaxy 30K neprekosljivo vrednost v Sloveniji <strong data-start=\"1371\" data-end=\"1400\">veleprodajnih cenah za nakup na veliko<\/strong>, zaradi \u010desar je nepogre\u0161ljiv v vsaki evropski zalogi vape izdelkov.<\/p>\n<p><strong><span style=\"color: #ff0000;\">Dodajte Amy na WhatsApp in prejmite takoj\u0161en odgovor ter kupon za vape!<\/span><\/strong><\/p>\n<p><img fetchpriority=\"high\" decoding=\"async\" class=\"size-full wp-image-2932\" src=\"https:\/\/vapestornado.com\/wp-content\/uploads\/2024\/12\/Vape-Wholesale.jpg\" alt=\"Vape Veleprodaja\" width=\"229\" height=\"300\" \/><\/p>\n<h3><a href=\"https:\/\/wa.me\/8617776015835\" target=\"_blank\" rel=\"noopener\"><span style=\"color: #ff0000;\"><strong>WhatsApp: +386 17776015835<\/strong><\/span><\/a><\/h3>\n<p>&nbsp;<\/p>\n<h2><strong>Lastnosti izdelka Vapsolo Galaxy 30000 Digital Box<\/strong><\/h2>\n<p>Vpihov: 30000 vpihov<br \/>\nDvojna mre\u017easta tuljava 1,0ohm<br \/>\nBaterija: 850mAh<br \/>\nE-teko\u010dina: 40 ml<br \/>\nNikotin: 2%\/5% Nikotin<br \/>\nTip-C polnjenje<br \/>\nZaslon prikazuje nivo olja in baterije<\/p>\n<figure id=\"attachment_3854\" aria-describedby=\"caption-attachment-3854\" style=\"width: 800px\" class=\"wp-caption alignnone\"><img decoding=\"async\" class=\"wp-image-3854 size-full\" src=\"https:\/\/vapestornado.com\/wp-content\/uploads\/2025\/03\/Original-Vapsolo-30000-Puffs-Best-Flavor.webp\" alt=\"Original Vapsolo 30000 Vpihov Najbolj\u0161i Okus\" width=\"800\" height=\"800\" srcset=\"https:\/\/vapestornado.com\/wp-content\/uploads\/2025\/03\/Original-Vapsolo-30000-Puffs-Best-Flavor.webp 800w, https:\/\/vapestornado.com\/wp-content\/uploads\/2025\/03\/Original-Vapsolo-30000-Puffs-Best-Flavor-300x300.webp 300w, https:\/\/vapestornado.com\/wp-content\/uploads\/2025\/03\/Original-Vapsolo-30000-Puffs-Best-Flavor-150x150.webp 150w, https:\/\/vapestornado.com\/wp-content\/uploads\/2025\/03\/Original-Vapsolo-30000-Puffs-Best-Flavor-768x768.webp 768w, https:\/\/vapestornado.com\/wp-content\/uploads\/2025\/03\/Original-Vapsolo-30000-Puffs-Best-Flavor-600x600.webp 600w, https:\/\/vapestornado.com\/wp-content\/uploads\/2025\/03\/Original-Vapsolo-30000-Puffs-Best-Flavor-100x100.webp 100w\" sizes=\"(max-width: 800px) 100vw, 800px\" \/><figcaption id=\"caption-attachment-3854\" class=\"wp-caption-text\">Original Vapsolo 30000 Vpihov Najbolj\u0161i Okus<\/figcaption><\/figure>\n<h2 class=\"product-title\"><strong>Vapsolo Galaxy 30k Seznam Okusov<\/strong><\/h2>\n<p>&nbsp;<\/p>\n<p>1.Malina Lubenica <strong><span style=\"color: #ff0000;\">&gt;&gt;&gt;&gt; Vro\u010de!<\/span><\/strong><\/p>\n<p>2.Modra Malina <strong><span style=\"color: #ff0000;\">&gt;&gt;&gt;&gt; Najbolj\u0161e!<\/span><\/strong><\/p>\n<p>3.Ananas Kokos<\/p>\n<p>4.Lubenica Led<\/p>\n<p>5.Limona Limeta<\/p>\n<p>6.\u010crni Led Zmajevo Sadje<strong><span style=\"color: #ff0000;\">&gt;&gt;&gt;&gt; Vro\u010de!<\/span><\/strong><\/p>\n<p>7.Limona Breskev<\/p>\n<p>8.Jagoda Malina \u010ce\u0161nja Led <strong><span style=\"color: #ff0000;\">&gt;&gt;&gt;&gt; Vro\u010de!<\/span><\/strong><\/p>\n<p>9.Jagoda Kivi<\/p>\n<p>10.Jagoda Redbull <strong><span style=\"color: #ff0000;\">&gt;&gt;&gt;&gt; Vro\u010de!<\/span><\/strong><\/p>\n<p>11. Jagoda banana<\/p>\n<p>12.Trojna Melona <strong><span style=\"color: #ff0000;\">&gt;&gt;&gt;&gt; Vro\u010de!<\/span><\/strong><\/p>\n<article class=\"w-full text-token-text-primary focus-visible:outline-2 focus-visible:outline-offset-[-4px]\" dir=\"auto\" data-testid=\"conversation-turn-32\" data-scroll-anchor=\"false\">\n<div class=\"m-auto text-base py-[18px] px-6\">\n<div class=\"mx-auto flex flex-1 text-base gap-4 md:gap-5 lg:gap-6 md:max-w-3xl lg:max-w-[40rem] xl:max-w-[48rem]\">\n<div class=\"group\/conversation-turn relative flex w-full min-w-0 flex-col @xs\/thread:px-0 @sm\/thread:px-1.5 @md\/thread:px-4\">\n<div class=\"flex-col gap-1 md:gap-3\">\n<div class=\"flex max-w-full flex-col flex-grow\">\n<div class=\"min-h-8 text-message flex w-full flex-col items-end gap-2 whitespace-normal break-words text-start [.text-message+&amp;]:mt-5\" dir=\"auto\" data-message-author-role=\"user\" data-message-id=\"ffac41ca-1db4-431b-873a-32c4052956f1\">\n<div class=\"flex w-full flex-col gap-1 empty:hidden items-end rtl:items-start\">\n<div class=\"relative max-w-[var(--user-chat-width,70%)] rounded-3xl bg-token-message-surface px-5 py-2.5\">\n<div class=\"absolute bottom-0 right-full top-0 -mr-3.5 hidden pr-5 pt-2 [.group\/conversation-turn:hover_&amp;]:flex\">\n<div class=\"flex\">\n<article class=\"w-full text-token-text-primary focus-visible:outline-2 focus-visible:outline-offset-[-4px]\" dir=\"auto\" data-testid=\"conversation-turn-39\" data-scroll-anchor=\"true\">\n<div class=\"m-auto text-base py-[18px] px-6\">\n<div class=\"mx-auto flex flex-1 text-base gap-4 md:gap-5 lg:gap-6 md:max-w-3xl lg:max-w-[40rem] xl:max-w-[48rem]\">\n<div class=\"group\/conversation-turn relative flex w-full min-w-0 flex-col agent-turn @xs\/thread:px-0 @sm\/thread:px-1.5 @md\/thread:px-4\">\n<div class=\"flex-col gap-1 md:gap-3\">\n<div class=\"flex max-w-full flex-col flex-grow\">\n<div class=\"min-h-8 text-message flex w-full flex-col items-end gap-2 whitespace-normal break-words text-start [.text-message+&amp;]:mt-5\" dir=\"auto\" data-message-author-role=\"assistant\" data-message-id=\"55a23854-ec57-48dd-bd4f-6118f43d6241\" data-message-model-slug=\"gpt-4o\">\n<div class=\"flex w-full flex-col gap-1 empty:hidden first:pt-[3px]\">\n<div class=\"markdown prose w-full break-words dark:prose-invert light\"><\/div>\n<\/div>\n<\/div>\n<\/div>\n<\/div>\n<\/div>\n<\/div>\n<\/div>\n<\/article>\n<\/div>\n<\/div>\n<\/div>\n<\/div>\n<\/div>\n<\/div>\n<\/div>\n<\/div>\n<\/div>\n<\/div>\n<\/article>\n<h2>Zakaj izbrati vapestornado za nakup Vapsolo Galaxy 30000 Vape na debelo?<\/h2>\n<div class=\"flex-shrink-0 flex flex-col relative items-end\">\n<div class=\"pt-0\">\n<div class=\"gizmo-bot-avatar flex h-8 w-8 items-center justify-center overflow-hidden rounded-full\">\n<div class=\"relative p-1 rounded-sm flex items-center justify-center bg-token-main-surface-primary text-token-text-primary h-8 w-8\">\n<p>Dobrodo\u0161li v vapestornado, va\u0161i zaupanja vredni spletni trgovini z vrhunskimi vape napravami za enkratno uporabo. Z ve\u010d kot 5 leti strokovnega znanja vam ponujamo priljubljene blagovne znamke vape naprav za enkratno uporabo, kot so Fumot RandM Vape, Vapme, Bang Vape, Waspe Vape in WGA Vape, itd.<\/p>\n<p>Na\u0161a ponudba vklju\u010duje vro\u010de razprodane dvojne okuse za enkratno uporabo, kot je <a href=\"https:\/\/vapestornado.com\/sl\/product\/waspe-fihp-36000-36k-puff-twins-flavor-rechargeable-disposable-vape-bulk-buy-at-wholesale-prices\/\">FIHP 36K Vpihov Dvojni Okus<\/a>, <a href=\"https:\/\/vapestornado.com\/sl\/product\/waspe-crystal-40000-puffs-40k-double-flavor-rechargeable-disposable-vapes-cheap-price\/\">WASPE Crystal 40k Dvojni Okus<\/a> in izbiro bogato z okusom, kot je <a href=\"https:\/\/vapestornado.com\/sl\/product\/razzbar-15000-puffs-rechargeable-disposable-vape-bulk-buy-at-cheap-prices\/\">RAZZBAR 15000 Vpihov<\/a>Vsak izdelek je izbran s poudarkom na kakovosti, vrednosti in raznolikosti, kar zagotavlja, da boste na\u0161li popolno ujemanje za svoje potrebe. Odkrijte izjemno storitev in \u0161iroko paleto vrhunskih izdelkov po veleprodajni ceni pri vapestornado.<\/p>\n<\/div>\n<h3><\/h3>\n<div class=\"relative p-1 rounded-sm flex items-center justify-center bg-token-main-surface-primary text-token-text-primary h-8 w-8\">\n<h2>Pogosta vpra\u0161anja za Vapsolo Galaxy 30000 E-cigareto za enkratno uporabo<\/h2>\n<\/div>\n<\/div>\n<\/div>\n<\/div>\n<div class=\"flex-shrink-0 flex flex-col relative items-end\">\n<div class=\"pt-0\">\n<div class=\"gizmo-bot-avatar flex h-8 w-8 items-center justify-center overflow-hidden rounded-full\">\n<div class=\"relative p-1 rounded-sm flex items-center justify-center bg-token-main-surface-primary text-token-text-primary h-8 w-8\">\n<div class=\"mb-2 flex gap-3 empty:hidden -ml-2\">\n<ol data-start=\"1890\" data-end=\"2794\">\n<li data-start=\"1890\" data-end=\"2083\">\n<p data-start=\"1893\" data-end=\"1966\"><strong data-start=\"1893\" data-end=\"1964\">Kje lahko kupim Vapsolo Galaxy 30000 Vpihov po veleprodajnih cenah?<\/strong><\/p>\n<ul data-start=\"1970\" data-end=\"2083\">\n<li data-start=\"1970\" data-end=\"2083\">Lahko dobite <strong data-start=\"1984\" data-end=\"2008\">ekskluzivne ponudbe za nakup v velikih koli\u010dinah<\/strong> pri Vapestornado<strong data-start=\"2012\" data-end=\"2040\">\u00a0spletna trgovina z vape izdelki<\/strong>, zaupanja vrednem viru za veleprodajo vape izdelkov.<\/li>\n<\/ul>\n<\/li>\n<li data-start=\"2085\" data-end=\"2278\">\n<p data-start=\"2088\" data-end=\"2125\"><strong data-start=\"2088\" data-end=\"2123\">Kako deluje pametni zaslon?<\/strong><\/p>\n<ul data-start=\"2129\" data-end=\"2278\">\n<li data-start=\"2129\" data-end=\"2278\">The <strong data-start=\"2135\" data-end=\"2164\">pametni zaslon na dotik<\/strong> zagotavlja <strong data-start=\"2174\" data-end=\"2231\">posodobitve v realnem \u010dasu o \u017eivljenjski dobi baterije in nivoju e-teko\u010dine<\/strong>, kar vam daje popoln nadzor nad va\u0161im vapeom.<\/li>\n<\/ul>\n<\/li>\n<li data-start=\"2280\" data-end=\"2442\">\n<p data-start=\"2283\" data-end=\"2324\"><strong data-start=\"2283\" data-end=\"2322\">Ali je Vapsolo Galaxy mogo\u010de ponovno napolniti?<\/strong><\/p>\n<ul data-start=\"2328\" data-end=\"2442\">\n<li data-start=\"2328\" data-end=\"2442\">Da! Ima <strong data-start=\"2339\" data-end=\"2357\">850 mAh<\/strong> is <strong data-start=\"2361\" data-end=\"2384\">Type-C polnjenje<\/strong>, ki zagotavlja dolgotrajno delovanje s hitrim polnjenjem.<\/li>\n<\/ul>\n<\/li>\n<li data-start=\"2444\" data-end=\"2614\">\n<p data-start=\"2447\" data-end=\"2491\"><strong data-start=\"2447\" data-end=\"2489\">Ali lahko prilagodim pretok zraka na tem vapeu?<\/strong><\/p>\n<ul data-start=\"2495\" data-end=\"2614\">\n<li data-start=\"2495\" data-end=\"2614\">Seveda! The <strong data-start=\"2513\" data-end=\"2543\">4-stopenjska nastavitev pretoka zraka<\/strong> vam omogo\u010da, da prilagodite svoj vlek za popolno izku\u0161njo vapinga.<\/li>\n<\/ul>\n<\/li>\n<li data-start=\"2616\" data-end=\"2794\">\n<p data-start=\"2619\" data-end=\"2666\"><strong data-start=\"2619\" data-end=\"2664\">Ali je ta vape na voljo za nakup v velikih koli\u010dinah?<\/strong><\/p>\n<ul data-start=\"2670\" data-end=\"2794\">\n<li data-start=\"2670\" data-end=\"2794\">Da! Ima <strong data-start=\"2681\" data-end=\"2711\">Vapsolo Galaxy 30000 Vpihov<\/strong> je idealen za <strong data-start=\"2725\" data-end=\"2745\">veleprodajni kupci<\/strong>, ponuja <strong data-start=\"2756\" data-end=\"2791\">vrhunske funkcije po nizkih cenah<\/strong>.<\/li>\n<\/ul>\n<\/li>\n<\/ol>\n<h4>Kako naro\u010diti?<\/h4>\n<p><strong>1. Katere na\u010dine pla\u010dila sprejemate?<\/strong><br \/>\nSprejemamo IBAN nakazila in <span style=\"font-size: 16px;\">Western Union<\/span>\u00a0za varne in priro\u010dne transakcije.<\/p>\n<p><strong>2. Kako lahko sledim svojemu naro\u010dilu?<\/strong><br \/>\nKo je va\u0161e naro\u010dilo odposlano, <span class=\"selectable-text copyable-text false\">vas bomo sproti obve\u0161\u010dali o sledenju tovora, dokler ga ne prejmete.<\/span>.<\/p>\n<p><strong>3. Kak\u0161en je predvideni \u010das po\u0161iljanja?<\/strong><\/p>\n<ul>\n<li>Po\u0161iljanje iz <strong>skladi\u0161\u010d na Kitajskem<\/strong> traja pribli\u017eno <strong>7-14 delovnih dni.<\/strong>.<\/li>\n<li>Po\u0161iljanje iz <strong>Evropska skladi\u0161\u010da<\/strong> obi\u010dajno trajajo <strong>3-6 delovnih dni.<\/strong>.<\/li>\n<\/ul>\n<p><strong>4. Kako lahko dobim hitrej\u0161o dostavo?<\/strong><br \/>\nZa hitrej\u0161o dostavo priporo\u010damo naro\u010danje iz na\u0161ega <strong>Evropskega skladi\u0161\u010da<\/strong>, ki ponuja hitrej\u0161e dobavne roke.<\/p>\n<p><strong>5. Kako vrnem izdelek?<\/strong><br \/>\nZa vra\u010dilo izdelka se obrnite na na\u0161o slu\u017ebo za pomo\u010d uporabnikom za podrobna navodila o postopku vra\u010dila.<\/p>\n<p><strong>6. Ali ponujate mednarodno po\u0161iljanje?<\/strong><br \/>\nDa, po\u0161iljamo v ve\u010dino dr\u017eav in uredimo <strong>carinjenje<\/strong> za nemoteno dostavo.<\/p>\n<p><strong>7. Kaj storiti, \u010de prejmem po\u0161kodovan ali pokvarjen izdelek?<\/strong><br \/>\n\u010ce je va\u0161 izdelek po\u0161kodovan ali pokvarjen, se obrnite na slu\u017ebo za pomo\u010d uporabnikom za <strong>zamenjavo ali povra\u010dilo kupnine<\/strong>.<\/p>\n<p><strong>8. Kako lahko stopim v stik s slu\u017ebo za pomo\u010d uporabnikom?<\/strong><br \/>\nDosegljivi smo preko <strong>e-po\u0161te, WhatsAppa ali klepeta v \u017eivo<\/strong> na na\u0161i spletni strani za kakr\u0161no koli pomo\u010d.<\/p>\n<\/div>\n<\/div>\n<\/div>\n<\/div>\n<\/div>","protected":false},"excerpt":{"rendered":"<p>Original Vapsolo 30000 Vpihov Najbolj\u0161i Zaslonski Vaporizatorji Vape<br \/>\nTovarni\u0161ka Veleprodaja Vapsolo Galaxy Vaperji 30K Vpihov Vape za Enkratno Uporabo<br \/>\nVapsolo Galaxy 30000 Vpihov Pametni Vape za Enkratno Uporabo Cena za Ve\u010dje Koli\u010dine<\/p>\n<p><strong>Dodajte Amyin WhatsApp, da dobite pravi odgovor in ceno s popustom!<\/strong><\/p>\n<p><img fetchpriority=\"high\" decoding=\"async\" class=\"size-full wp-image-2932\" src=\"https:\/\/vapestornado.com\/wp-content\/uploads\/2024\/12\/Vape-Wholesale.jpg\" alt=\"Vape Veleprodaja\" width=\"229\" height=\"300\" \/><\/p>\n<h3><a href=\"https:\/\/wa.me\/8617776015835\"><span style=\"color: #ff0000;\"><strong>WhatsApp: +386 17776015835<\/strong><\/span><\/a><\/h3>\n<p>&nbsp;<\/p>","protected":false},"featured_media":3855,"comment_status":"open","ping_status":"closed","template":"","meta":{"_acf_changed":false,"_uag_custom_page_level_css":"","_lmt_disableupdate":"no","_lmt_disable":"","_monsterinsights_skip_tracking":false,"_monsterinsights_sitenote_active":false,"_monsterinsights_sitenote_note":"","_monsterinsights_sitenote_category":0,"site-sidebar-layout":"default","site-content-layout":"","ast-site-content-layout":"default","site-content-style":"default","site-sidebar-style":"default","ast-global-header-display":"","ast-banner-title-visibility":"","ast-main-header-display":"","ast-hfb-above-header-display":"","ast-hfb-below-header-display":"","ast-hfb-mobile-header-display":"","site-post-title":"","ast-breadcrumbs-content":"","ast-featured-img":"","footer-sml-layout":"","ast-disable-related-posts":"","theme-transparent-header-meta":"default","adv-header-id-meta":"","stick-header-meta":"","header-above-stick-meta":"","header-main-stick-meta":"","header-below-stick-meta":"","astra-migrate-meta-layouts":"set","ast-page-background-enabled":"default","ast-page-background-meta":{"desktop":{"background-color":"","background-image":"","background-repeat":"repeat","background-position":"center center","background-size":"auto","background-attachment":"scroll","background-type":"","background-media":"","overlay-type":"","overlay-color":"","overlay-opacity":"","overlay-gradient":""},"tablet":{"background-color":"","background-image":"","background-repeat":"repeat","background-position":"center center","background-size":"auto","background-attachment":"scroll","background-type":"","background-media":"","overlay-type":"","overlay-color":"","overlay-opacity":"","overlay-gradient":""},"mobile":{"background-color":"","background-image":"","background-repeat":"repeat","background-position":"center center","background-size":"auto","background-attachment":"scroll","background-type":"","background-media":"","overlay-type":"","overlay-color":"","overlay-opacity":"","overlay-gradient":""}},"ast-content-background-meta":{"desktop":{"background-color":"var(--ast-global-color-5)","background-image":"","background-repeat":"repeat","background-position":"center center","background-size":"auto","background-attachment":"scroll","background-type":"","background-media":"","overlay-type":"","overlay-color":"","overlay-opacity":"","overlay-gradient":""},"tablet":{"background-color":"var(--ast-global-color-5)","background-image":"","background-repeat":"repeat","background-position":"center center","background-size":"auto","background-attachment":"scroll","background-type":"","background-media":"","overlay-type":"","overlay-color":"","overlay-opacity":"","overlay-gradient":""},"mobile":{"background-color":"var(--ast-global-color-5)","background-image":"","background-repeat":"repeat","background-position":"center center","background-size":"auto","background-attachment":"scroll","background-type":"","background-media":"","overlay-type":"","overlay-color":"","overlay-opacity":"","overlay-gradient":""}},"_joinchat":{"telephone":"17776015835"}},"product_brand":[],"product_cat":[19,67,149,158,143,146,171],"product_tag":[105,97,250,94,241,93,249],"class_list":{"0":"post-3859","1":"product","2":"type-product","3":"status-publish","4":"has-post-thumbnail","6":"product_cat-vapes","7":"product_cat-30000-puff","8":"product_cat-buy-disposable-vapes-in-austria","9":"product_cat-buy-disposable-vapes-in-spain","10":"product_cat-dual-mesh-disposable-vapes","11":"product_cat-rechargeable-disposable-vapes","12":"product_cat-vapsolo-disposable-vapes","13":"product_tag-digital-disposable-vape","14":"product_tag-hot-sale-disposable-vape","15":"product_tag-puff-30k","16":"product_tag-rechargeable-disposable-vape","17":"product_tag-smart-screen-disposable-vape","18":"product_tag-vape-wholesale","19":"product_tag-vapsolo-galaxy-30000","20":"desktop-align-left","21":"tablet-align-left","22":"mobile-align-left","24":"first","25":"instock","26":"sale","27":"shipping-taxable","28":"purchasable","29":"product-type-simple"},"acf":[],"uagb_featured_image_src":{"full":["https:\/\/vapestornado.com\/wp-content\/uploads\/2025\/03\/Vapsolo-Galaxy-30k-30000-Puffs-Disposable-Vape.webp",800,800,false],"thumbnail":["https:\/\/vapestornado.com\/wp-content\/uploads\/2025\/03\/Vapsolo-Galaxy-30k-30000-Puffs-Disposable-Vape-150x150.webp",150,150,true],"medium":["https:\/\/vapestornado.com\/wp-content\/uploads\/2025\/03\/Vapsolo-Galaxy-30k-30000-Puffs-Disposable-Vape-300x300.webp",300,300,true],"medium_large":["https:\/\/vapestornado.com\/wp-content\/uploads\/2025\/03\/Vapsolo-Galaxy-30k-30000-Puffs-Disposable-Vape-768x768.webp",768,768,true],"large":["https:\/\/vapestornado.com\/wp-content\/uploads\/2025\/03\/Vapsolo-Galaxy-30k-30000-Puffs-Disposable-Vape.webp",800,800,false],"1536x1536":["https:\/\/vapestornado.com\/wp-content\/uploads\/2025\/03\/Vapsolo-Galaxy-30k-30000-Puffs-Disposable-Vape.webp",800,800,false],"2048x2048":["https:\/\/vapestornado.com\/wp-content\/uploads\/2025\/03\/Vapsolo-Galaxy-30k-30000-Puffs-Disposable-Vape.webp",800,800,false],"trp-custom-language-flag":["https:\/\/vapestornado.com\/wp-content\/uploads\/2025\/03\/Vapsolo-Galaxy-30k-30000-Puffs-Disposable-Vape.webp",12,12,false],"woocommerce_thumbnail":["https:\/\/vapestornado.com\/wp-content\/uploads\/2025\/03\/Vapsolo-Galaxy-30k-30000-Puffs-Disposable-Vape-300x300.webp",300,300,true],"woocommerce_single":["https:\/\/vapestornado.com\/wp-content\/uploads\/2025\/03\/Vapsolo-Galaxy-30k-30000-Puffs-Disposable-Vape-600x600.webp",600,600,true],"woocommerce_gallery_thumbnail":["https:\/\/vapestornado.com\/wp-content\/uploads\/2025\/03\/Vapsolo-Galaxy-30k-30000-Puffs-Disposable-Vape-100x100.webp",100,100,true]},"uagb_author_info":{"display_name":"ESAMY","author_link":"https:\/\/vapestornado.com\/sl\/author\/"},"uagb_comment_info":0,"uagb_excerpt":"Original Vapsolo 30000 Puffs Best Screen Vaporizers Vape Factory Wholesale Vapsolo Galaxy Vapers 30K Puff Disposable Vape Vapsolo Galaxy 30000 Puff Smart Disposables Vape Bulk Price Add Amy's whatsapp to get right reply and discount price! WhatsApp: +86 17776015835 &nbsp;","_links":{"self":[{"href":"https:\/\/vapestornado.com\/sl\/wp-json\/wp\/v2\/product\/3859","targetHints":{"allow":["GET"]}}],"collection":[{"href":"https:\/\/vapestornado.com\/sl\/wp-json\/wp\/v2\/product"}],"about":[{"href":"https:\/\/vapestornado.com\/sl\/wp-json\/wp\/v2\/types\/product"}],"replies":[{"embeddable":true,"href":"https:\/\/vapestornado.com\/sl\/wp-json\/wp\/v2\/comments?post=3859"}],"wp:featuredmedia":[{"embeddable":true,"href":"https:\/\/vapestornado.com\/sl\/wp-json\/wp\/v2\/media\/3855"}],"wp:attachment":[{"href":"https:\/\/vapestornado.com\/sl\/wp-json\/wp\/v2\/media?parent=3859"}],"wp:term":[{"taxonomy":"product_brand","embeddable":true,"href":"https:\/\/vapestornado.com\/sl\/wp-json\/wp\/v2\/product_brand?post=3859"},{"taxonomy":"product_cat","embeddable":true,"href":"https:\/\/vapestornado.com\/sl\/wp-json\/wp\/v2\/product_cat?post=3859"},{"taxonomy":"product_tag","embeddable":true,"href":"https:\/\/vapestornado.com\/sl\/wp-json\/wp\/v2\/product_tag?post=3859"}],"curies":[{"name":"wp","href":"https:\/\/api.w.org\/{rel}","templated":true}]}}