{"id":3796,"date":"2025-02-19T07:21:03","date_gmt":"2025-02-19T07:21:03","guid":{"rendered":"https:\/\/vapestornado.com\/?post_type=product&#038;p=3796"},"modified":"2025-08-23T09:18:00","modified_gmt":"2025-08-23T09:18:00","slug":"waspe-12000-digital-box-12k-puff-vapes-disposable-wholesale-price","status":"publish","type":"product","link":"https:\/\/vapestornado.com\/sl\/product\/waspe-12000-digital-box-12k-puff-vapes-disposable-wholesale-price\/","title":{"rendered":"Waspe 12000 Digital Box 12k Puff Vapes za enkratno uporabo, veleprodajna cena"},"content":{"rendered":"<h1 data-pm-slice=\"1 1 []\">Waspe 12000 Digital Box 12k Puff Vapes za enkratno uporabo, veleprodajna cena<del><br \/>\n<\/del><\/h1>\n<p data-start=\"235\" data-end=\"489\">The <strong data-start=\"239\" data-end=\"282\">Waspe 12000 Digital Box Vape za enkratno uporabo<\/strong> zdru\u017euje kapaciteto, zmogljivost in priro\u010dnost v eni elegantni napravi. Z do <strong data-start=\"363\" data-end=\"379\">12.000 vpihov<\/strong> in <strong data-start=\"386\" data-end=\"408\">25-mililitrski rezervoar za e-teko\u010dino<\/strong>potegi zagotavlja dolgotrajne seanse, ki so privla\u010dne tako za ob\u010dasne kot za redne uporabnike.<\/p>\n<p data-start=\"491\" data-end=\"721\">Opremljen z <strong data-start=\"508\" data-end=\"538\">integriranim digitalnim zaslonom<\/strong>uporabniki lahko enostavno spremljajo \u0161tevilo vdihov in \u017eivljenjsko dobo baterije v realnem \u010dasu. Sistem <strong data-start=\"611\" data-end=\"642\">650mAh polnilno baterijo<\/strong> z <strong data-start=\"648\" data-end=\"672\">hitro polnjenje Type-C<\/strong> zagotavlja u\u010dinkovito uporabo brez izgubljene e-teko\u010dine.<\/p>\n<p data-start=\"723\" data-end=\"948\">Z uporabo <strong data-start=\"729\" data-end=\"758\">tehnologija dvojne mre\u017easte tuljave<\/strong>tehnologije, Waspe 12K zagotavlja gladko proizvodnjo pare in bogat okus v \u0161irokem izboru me\u0161anic. Na voljo v nivojih nikotina od <strong data-start=\"890\" data-end=\"908\">0%, 2% in 5%<\/strong>, poskrbi za vse preference vapinga.<\/p>\n<p data-start=\"950\" data-end=\"1150\">Za trgovce na debelo in drobno <strong data-start=\"985\" data-end=\"1017\">Waspe 12000 Digitalna \u0161katla Vape<\/strong> ponuja velik potencial za nadaljnjo prodajo zahvaljujo\u010d kombinaciji visokega \u0161tevila vdihov, naprednih funkcij in konkuren\u010dnih veleprodajnih cen.<\/p>\n<p><strong><span style=\"color: #ff0000;\">Dodajte Amy na WhatsApp in prejmite takoj\u0161en odgovor ter kupon za vape!<\/span><\/strong><\/p>\n<p><img fetchpriority=\"high\" decoding=\"async\" class=\"size-full wp-image-2932\" src=\"https:\/\/vapestornado.com\/wp-content\/uploads\/2024\/12\/Vape-Wholesale.jpg\" alt=\"Vape Veleprodaja\" width=\"229\" height=\"300\" \/><\/p>\n<h3><a href=\"https:\/\/wa.me\/8617776015835\" target=\"_blank\" rel=\"noopener\"><span style=\"color: #ff0000;\"><strong>WhatsApp: +386 17776015835<\/strong><\/span><\/a><\/h3>\n<p>&nbsp;<\/p>\n<h2><strong>Lastnosti izdelka Waspe 12000 Digital Box 12k<\/strong><\/h2>\n<p>Vpihov: 12000 vpihov<br \/>\nDvojna mre\u017easta tuljava 1,0ohm<br \/>\nBaterija: A650mAh<br \/>\nE-teko\u010dina: 20 ml<br \/>\nNikotin: 2%\/5% Nikotin<br \/>\nTip-C polnjenje<br \/>\nZaslon prikazuje nivo olja in baterije<\/p>\n<h2 class=\"product-title\"><strong>Seznam okusov Waspe Digital Box 12k<\/strong><\/h2>\n<p>1 Ledena lubenica<strong> <span style=\"color: #ff0000;\">&gt;&gt;&gt;&gt; Vro\u010de!<\/span><\/strong><br \/>\n2 Modri ledeni malini <strong><span style=\"color: #ff0000;\">&gt;&gt;&gt;&gt; Vro\u010de!<\/span><\/strong><br \/>\n3 Ledeno grozdje<br \/>\n4 Jagoda Lubenica <strong><span style=\"color: #ff0000;\">&gt;&gt;&gt;&gt; Vro\u010de!<\/span><\/strong><br \/>\n5 Me\u0161ano jagodi\u010devje <strong><span style=\"color: #ff0000;\">&gt;&gt;&gt;&gt; Najbolj\u0161e!<\/span><\/strong><br \/>\n6 Jagodni krofi<br \/>\n7 Borovnica Malina <strong><span style=\"color: #ff0000;\">&gt;&gt;&gt;&gt; Vro\u010de!<\/span><\/strong><br \/>\n8 Jagoda Malina \u010ce\u0161nja <strong><span style=\"color: #ff0000;\">&gt;&gt;&gt;&gt; Vro\u010de!<\/span><\/strong><br \/>\n9 Lubenica Mango Breskev<br \/>\n10 Sok rde\u010dega vina in hru\u0161ke<\/p>\n<article class=\"w-full text-token-text-primary focus-visible:outline-2 focus-visible:outline-offset-[-4px]\" dir=\"auto\" data-testid=\"conversation-turn-32\" data-scroll-anchor=\"false\">\n<div class=\"m-auto text-base py-[18px] px-6\">\n<div class=\"mx-auto flex flex-1 text-base gap-4 md:gap-5 lg:gap-6 md:max-w-3xl lg:max-w-[40rem] xl:max-w-[48rem]\">\n<div class=\"group\/conversation-turn relative flex w-full min-w-0 flex-col @xs\/thread:px-0 @sm\/thread:px-1.5 @md\/thread:px-4\">\n<div class=\"flex-col gap-1 md:gap-3\">\n<div class=\"flex max-w-full flex-col flex-grow\">\n<div class=\"min-h-8 text-message flex w-full flex-col items-end gap-2 whitespace-normal break-words text-start [.text-message+&amp;]:mt-5\" dir=\"auto\" data-message-author-role=\"user\" data-message-id=\"ffac41ca-1db4-431b-873a-32c4052956f1\">\n<div class=\"flex w-full flex-col gap-1 empty:hidden items-end rtl:items-start\">\n<div class=\"relative max-w-[var(--user-chat-width,70%)] rounded-3xl bg-token-message-surface px-5 py-2.5\">\n<div class=\"absolute bottom-0 right-full top-0 -mr-3.5 hidden pr-5 pt-2 [.group\/conversation-turn:hover_&amp;]:flex\">\n<div class=\"flex\">\n<article class=\"w-full text-token-text-primary focus-visible:outline-2 focus-visible:outline-offset-[-4px]\" dir=\"auto\" data-testid=\"conversation-turn-39\" data-scroll-anchor=\"true\">\n<div class=\"m-auto text-base py-[18px] px-6\">\n<div class=\"mx-auto flex flex-1 text-base gap-4 md:gap-5 lg:gap-6 md:max-w-3xl lg:max-w-[40rem] xl:max-w-[48rem]\">\n<div class=\"group\/conversation-turn relative flex w-full min-w-0 flex-col agent-turn @xs\/thread:px-0 @sm\/thread:px-1.5 @md\/thread:px-4\">\n<div class=\"flex-col gap-1 md:gap-3\">\n<div class=\"flex max-w-full flex-col flex-grow\">\n<div class=\"min-h-8 text-message flex w-full flex-col items-end gap-2 whitespace-normal break-words text-start [.text-message+&amp;]:mt-5\" dir=\"auto\" data-message-author-role=\"assistant\" data-message-id=\"55a23854-ec57-48dd-bd4f-6118f43d6241\" data-message-model-slug=\"gpt-4o\">\n<div class=\"flex w-full flex-col gap-1 empty:hidden first:pt-[3px]\">\n<div class=\"markdown prose w-full break-words dark:prose-invert light\">\n<figure id=\"attachment_3816\" aria-describedby=\"caption-attachment-3816\" style=\"width: 800px\" class=\"wp-caption alignnone\"><img decoding=\"async\" class=\"wp-image-3816 size-full\" src=\"https:\/\/vapestornado.com\/wp-content\/uploads\/2025\/03\/Waspe-12k-Puffs-Digital-Box.webp\" alt=\"Waspe 12k Vpihov Digital Box\" width=\"800\" height=\"800\" srcset=\"https:\/\/vapestornado.com\/wp-content\/uploads\/2025\/03\/Waspe-12k-Puffs-Digital-Box.webp 800w, https:\/\/vapestornado.com\/wp-content\/uploads\/2025\/03\/Waspe-12k-Puffs-Digital-Box-300x300.webp 300w, https:\/\/vapestornado.com\/wp-content\/uploads\/2025\/03\/Waspe-12k-Puffs-Digital-Box-150x150.webp 150w, https:\/\/vapestornado.com\/wp-content\/uploads\/2025\/03\/Waspe-12k-Puffs-Digital-Box-768x768.webp 768w, https:\/\/vapestornado.com\/wp-content\/uploads\/2025\/03\/Waspe-12k-Puffs-Digital-Box-600x600.webp 600w, https:\/\/vapestornado.com\/wp-content\/uploads\/2025\/03\/Waspe-12k-Puffs-Digital-Box-100x100.webp 100w\" sizes=\"(max-width: 800px) 100vw, 800px\" \/><figcaption id=\"caption-attachment-3816\" class=\"wp-caption-text\">Waspe 12k Vpihov Digital Box<\/figcaption><\/figure>\n<\/div>\n<\/div>\n<\/div>\n<\/div>\n<\/div>\n<\/div>\n<\/div>\n<\/div>\n<\/article>\n<\/div>\n<\/div>\n<\/div>\n<\/div>\n<\/div>\n<\/div>\n<\/div>\n<\/div>\n<\/div>\n<\/div>\n<\/article>\n<h3>Zakaj izbrati vapestornado za veleprodajo Waspe Digital Box 12000 Puff Disposable Vape?<\/h3>\n<div class=\"flex-shrink-0 flex flex-col relative items-end\">\n<div class=\"pt-0\">\n<div class=\"gizmo-bot-avatar flex h-8 w-8 items-center justify-center overflow-hidden rounded-full\">\n<div class=\"relative p-1 rounded-sm flex items-center justify-center bg-token-main-surface-primary text-token-text-primary h-8 w-8\">\n<p>Dobrodo\u0161li v vapestornado, va\u0161i zaupanja vredni spletni trgovini z vrhunskimi vape napravami za enkratno uporabo. Z ve\u010d kot 5 leti strokovnega znanja vam ponujamo priljubljene blagovne znamke vape naprav za enkratno uporabo, kot so Fumot RandM Vape, Vapme, Bang Vape, Waspe Vape in WGA Vape, itd.<\/p>\n<p>Na\u0161a ponudba vklju\u010duje vro\u010de razprodane dvojne okuse za enkratno uporabo, kot je <a href=\"https:\/\/vapestornado.com\/sl\/product\/waspe-fihp-36000-36k-puff-twins-flavor-rechargeable-disposable-vape-bulk-buy-at-wholesale-prices\/\">FIHP 36K Vpihov Dvojni Okus<\/a>, <a href=\"https:\/\/vapestornado.com\/sl\/product\/waspe-crystal-40000-puffs-40k-double-flavor-rechargeable-disposable-vapes-cheap-price\/\">WASPE Crystal 40k Dvojni Okus<\/a> in izbiro bogato z okusom, kot je <a href=\"https:\/\/vapestornado.com\/sl\/product\/razzbar-15000-puffs-rechargeable-disposable-vape-bulk-buy-at-cheap-prices\/\">RAZZBAR 15000 Vpihov<\/a>Vsak izdelek je izbran s poudarkom na kakovosti, vrednosti in raznolikosti, kar zagotavlja, da boste na\u0161li popolno ujemanje za svoje potrebe. Odkrijte izjemno storitev in \u0161iroko paleto vrhunskih izdelkov po veleprodajni ceni pri vapestornado.<\/p>\n<\/div>\n<h3><\/h3>\n<div class=\"relative p-1 rounded-sm flex items-center justify-center bg-token-main-surface-primary text-token-text-primary h-8 w-8\">\n<h3>Pogosta vpra\u0161anja o Waspe 12000 Vpihov Disposable Vape<\/h3>\n<\/div>\n<\/div>\n<\/div>\n<\/div>\n<div class=\"flex-shrink-0 flex flex-col relative items-end\">\n<div class=\"pt-0\">\n<div class=\"gizmo-bot-avatar flex h-8 w-8 items-center justify-center overflow-hidden rounded-full\">\n<div class=\"relative p-1 rounded-sm flex items-center justify-center bg-token-main-surface-primary text-token-text-primary h-8 w-8\">\n<div class=\"mb-2 flex gap-3 empty:hidden -ml-2\">\n<p data-pm-slice=\"1 1 []\"><strong>1. Kako dolgo zdr\u017ei Waspe 12000?<\/strong><\/p>\n<p data-pm-slice=\"1 1 []\">Waspe 12000 zagotavlja <strong>do 12.000 vpihov<\/strong>, zaradi \u010desar je eden najdlje trajajo\u010dih disposable vape na trgu. Z njegovo <strong>polnilne baterije<\/strong>, lahko u\u017eivate v neprekinjenem vejpanju dalj\u0161e obdobje.<\/p>\n<p><strong>2. Ali ima Waspe 12000 digitalni zaslon?<\/strong><\/p>\n<p>Da! Vgrajeni <strong>digitalni zaslon<\/strong> vam omogo\u010da spremljanje \u017eivljenjske dobe baterije in \u0161tevila vdihov v realnem \u010dasu, kar zagotavlja brezhibno izku\u0161njo vapinga.<\/p>\n<p><strong>3. Katere okuse so na voljo za Waspe 12000?<\/strong><\/p>\n<p>Ta vape je na voljo v <strong>\u0161iroki paleti okusov<\/strong>, vklju\u010dno s sadnimi, mentolovimi in klasi\u010dnimi toba\u010dnimi mo\u017enostmi. Za vsak okus se najde nekaj!<\/p>\n<p><strong>4. Ali je Waspe 12000 mogo\u010de ponovno napolniti?<\/strong><\/p>\n<p>Seveda! Waspe 12000 ima <strong>hitro polnjenje Type-C<\/strong> vrata, tako da lahko hitro napolnite in nadaljujete z vapingom brez dolgih \u010dakalnih dob.<\/p>\n<p><strong>5. Kje lahko kupim Waspe 12000 po veleprodajnih cenah?<\/strong><\/p>\n<p>Za najbolj\u0161e <strong>veleprodajne cene<\/strong>, preverite <strong>Vapestornado spletna trgovina z vejpi<\/strong>, va\u0161 zaupanja vreden vir za <strong>poceni vape za enkratno uporabo<\/strong> in nakup v razsutem stanju.<\/p>\n<h4>Kako naro\u010diti?<\/h4>\n<p><strong>1. Katere na\u010dine pla\u010dila sprejemate?<\/strong><br \/>\nSprejemamo IBAN nakazila in <span style=\"font-size: 16px;\">Western Union<\/span>\u00a0za varne in priro\u010dne transakcije.<\/p>\n<p><strong>2. Kako lahko sledim svojemu naro\u010dilu?<\/strong><br \/>\nKo je va\u0161e naro\u010dilo odposlano, <span class=\"selectable-text copyable-text false\">vas bomo sproti obve\u0161\u010dali o sledenju tovora, dokler ga ne prejmete.<\/span>.<\/p>\n<p><strong>3. Kak\u0161en je predvideni \u010das po\u0161iljanja?<\/strong><\/p>\n<ul>\n<li>Po\u0161iljanje iz <strong>skladi\u0161\u010d na Kitajskem<\/strong> traja pribli\u017eno <strong>7-14 delovnih dni.<\/strong>.<\/li>\n<li>Po\u0161iljanje iz <strong>Evropska skladi\u0161\u010da<\/strong> obi\u010dajno trajajo <strong>3-6 delovnih dni.<\/strong>.<\/li>\n<\/ul>\n<p><strong>4. Kako lahko dobim hitrej\u0161o dostavo?<\/strong><br \/>\nZa hitrej\u0161o dostavo priporo\u010damo naro\u010danje iz na\u0161ega <strong>Evropskega skladi\u0161\u010da<\/strong>, ki ponuja hitrej\u0161e dobavne roke.<\/p>\n<p><strong>5. Kako vrnem izdelek?<\/strong><br \/>\nZa vra\u010dilo izdelka se obrnite na na\u0161o slu\u017ebo za pomo\u010d uporabnikom za podrobna navodila o postopku vra\u010dila.<\/p>\n<p><strong>6. Ali ponujate mednarodno po\u0161iljanje?<\/strong><br \/>\nDa, po\u0161iljamo v ve\u010dino dr\u017eav in uredimo <strong>carinjenje<\/strong> za nemoteno dostavo.<\/p>\n<p><strong>7. Kaj storiti, \u010de prejmem po\u0161kodovan ali pokvarjen izdelek?<\/strong><br \/>\n\u010ce je va\u0161 izdelek po\u0161kodovan ali pokvarjen, se obrnite na slu\u017ebo za pomo\u010d uporabnikom za <strong>zamenjavo ali povra\u010dilo kupnine<\/strong>.<\/p>\n<p><strong>8. Kako lahko stopim v stik s slu\u017ebo za pomo\u010d uporabnikom?<\/strong><br \/>\nDosegljivi smo preko <strong>e-po\u0161te, WhatsAppa ali klepeta v \u017eivo<\/strong> na na\u0161i spletni strani za kakr\u0161no koli pomo\u010d.<\/p>\n<\/div>\n<\/div>\n<\/div>\n<\/div>\n<\/div>","protected":false},"excerpt":{"rendered":"<p><strong>Ogromnih 12000 vdihov<\/strong> za dalj\u0161o uporabo \u2714 <strong>Polnilna<\/strong> z <strong>hitro polnjenje prek priklju\u010dka Type-C<\/strong> \u2714 <strong>Digitalni zaslon<\/strong> za spremljanje baterije v realnem \u010dasu <strong>Raznolikost okusov<\/strong> za vse okuse \u2714 <strong>Visokokakovostna dvojna mre\u017easta tuljava<\/strong> za izbolj\u0161ano proizvodnjo pare \u2714 <strong>Nizke veleprodajne cene<\/strong> za kupce na debelo<\/p>\n<p>Pridobite najbolj\u0161e ponudbe za <strong>Waspe 12000 Digital Box 12K Puff Vape<\/strong> takoj zdaj! <strong>Veleprodaja vape za enkratno uporabo<\/strong> \u0161e nikoli ni bila bolj dostopna!<\/p>\n<p><strong>Dodajte Amy na WhatsApp in prejmite takoj\u0161en odgovor ter kupon za vape!<\/strong><\/p>\n<p><img fetchpriority=\"high\" decoding=\"async\" class=\"size-full wp-image-2932\" src=\"https:\/\/vapestornado.com\/wp-content\/uploads\/2024\/12\/Vape-Wholesale.jpg\" alt=\"Vape Veleprodaja\" width=\"229\" height=\"300\" \/><\/p>\n<h3><a href=\"https:\/\/wa.me\/8617776015835\"><span style=\"color: #ff0000;\"><strong>WhatsApp: +386 17776015835<\/strong><\/span><\/a><\/h3>\n<p>&nbsp;<\/p>","protected":false},"featured_media":3815,"comment_status":"open","ping_status":"closed","template":"","meta":{"_acf_changed":false,"_uag_custom_page_level_css":"","_lmt_disableupdate":"no","_lmt_disable":"","_monsterinsights_skip_tracking":false,"_monsterinsights_sitenote_active":false,"_monsterinsights_sitenote_note":"","_monsterinsights_sitenote_category":0,"site-sidebar-layout":"default","site-content-layout":"","ast-site-content-layout":"default","site-content-style":"default","site-sidebar-style":"default","ast-global-header-display":"","ast-banner-title-visibility":"","ast-main-header-display":"","ast-hfb-above-header-display":"","ast-hfb-below-header-display":"","ast-hfb-mobile-header-display":"","site-post-title":"","ast-breadcrumbs-content":"","ast-featured-img":"","footer-sml-layout":"","ast-disable-related-posts":"","theme-transparent-header-meta":"default","adv-header-id-meta":"","stick-header-meta":"","header-above-stick-meta":"","header-main-stick-meta":"","header-below-stick-meta":"","astra-migrate-meta-layouts":"set","ast-page-background-enabled":"default","ast-page-background-meta":{"desktop":{"background-color":"","background-image":"","background-repeat":"repeat","background-position":"center center","background-size":"auto","background-attachment":"scroll","background-type":"","background-media":"","overlay-type":"","overlay-color":"","overlay-opacity":"","overlay-gradient":""},"tablet":{"background-color":"","background-image":"","background-repeat":"repeat","background-position":"center center","background-size":"auto","background-attachment":"scroll","background-type":"","background-media":"","overlay-type":"","overlay-color":"","overlay-opacity":"","overlay-gradient":""},"mobile":{"background-color":"","background-image":"","background-repeat":"repeat","background-position":"center center","background-size":"auto","background-attachment":"scroll","background-type":"","background-media":"","overlay-type":"","overlay-color":"","overlay-opacity":"","overlay-gradient":""}},"ast-content-background-meta":{"desktop":{"background-color":"var(--ast-global-color-5)","background-image":"","background-repeat":"repeat","background-position":"center center","background-size":"auto","background-attachment":"scroll","background-type":"","background-media":"","overlay-type":"","overlay-color":"","overlay-opacity":"","overlay-gradient":""},"tablet":{"background-color":"var(--ast-global-color-5)","background-image":"","background-repeat":"repeat","background-position":"center center","background-size":"auto","background-attachment":"scroll","background-type":"","background-media":"","overlay-type":"","overlay-color":"","overlay-opacity":"","overlay-gradient":""},"mobile":{"background-color":"var(--ast-global-color-5)","background-image":"","background-repeat":"repeat","background-position":"center center","background-size":"auto","background-attachment":"scroll","background-type":"","background-media":"","overlay-type":"","overlay-color":"","overlay-opacity":"","overlay-gradient":""}},"_joinchat":{"telephone":"17776015835"}},"product_brand":[],"product_cat":[19,72,151,155,160,142,146,60],"product_tag":[247,105,97,94,241,93,248],"class_list":{"0":"post-3796","1":"product","2":"type-product","3":"status-publish","4":"has-post-thumbnail","6":"product_cat-vapes","7":"product_cat-12000-puff","8":"product_cat-buy-disposable-vapes-in-france","9":"product_cat-buy-disposable-vapes-in-norway","10":"product_cat-buy-disposable-vapes-in-switzerland","11":"product_cat-digital-box-disposable-vapes","12":"product_cat-rechargeable-disposable-vapes","13":"product_cat-waspe-fihp-vape","14":"product_tag-12k-puff","15":"product_tag-digital-disposable-vape","16":"product_tag-hot-sale-disposable-vape","17":"product_tag-rechargeable-disposable-vape","18":"product_tag-smart-screen-disposable-vape","19":"product_tag-vape-wholesale","20":"product_tag-waspe-12000-digital-box","21":"desktop-align-left","22":"tablet-align-left","23":"mobile-align-left","25":"first","26":"instock","27":"sale","28":"shipping-taxable","29":"purchasable","30":"product-type-simple"},"acf":[],"uagb_featured_image_src":{"full":["https:\/\/vapestornado.com\/wp-content\/uploads\/2025\/03\/WASPE-12k-Puff-Disposable-Vape-Bulk-Buy.webp",800,800,false],"thumbnail":["https:\/\/vapestornado.com\/wp-content\/uploads\/2025\/03\/WASPE-12k-Puff-Disposable-Vape-Bulk-Buy-150x150.webp",150,150,true],"medium":["https:\/\/vapestornado.com\/wp-content\/uploads\/2025\/03\/WASPE-12k-Puff-Disposable-Vape-Bulk-Buy-300x300.webp",300,300,true],"medium_large":["https:\/\/vapestornado.com\/wp-content\/uploads\/2025\/03\/WASPE-12k-Puff-Disposable-Vape-Bulk-Buy-768x768.webp",768,768,true],"large":["https:\/\/vapestornado.com\/wp-content\/uploads\/2025\/03\/WASPE-12k-Puff-Disposable-Vape-Bulk-Buy.webp",800,800,false],"1536x1536":["https:\/\/vapestornado.com\/wp-content\/uploads\/2025\/03\/WASPE-12k-Puff-Disposable-Vape-Bulk-Buy.webp",800,800,false],"2048x2048":["https:\/\/vapestornado.com\/wp-content\/uploads\/2025\/03\/WASPE-12k-Puff-Disposable-Vape-Bulk-Buy.webp",800,800,false],"trp-custom-language-flag":["https:\/\/vapestornado.com\/wp-content\/uploads\/2025\/03\/WASPE-12k-Puff-Disposable-Vape-Bulk-Buy.webp",12,12,false],"woocommerce_thumbnail":["https:\/\/vapestornado.com\/wp-content\/uploads\/2025\/03\/WASPE-12k-Puff-Disposable-Vape-Bulk-Buy-300x300.webp",300,300,true],"woocommerce_single":["https:\/\/vapestornado.com\/wp-content\/uploads\/2025\/03\/WASPE-12k-Puff-Disposable-Vape-Bulk-Buy-600x600.webp",600,600,true],"woocommerce_gallery_thumbnail":["https:\/\/vapestornado.com\/wp-content\/uploads\/2025\/03\/WASPE-12k-Puff-Disposable-Vape-Bulk-Buy-100x100.webp",100,100,true]},"uagb_author_info":{"display_name":"ESAMY","author_link":"https:\/\/vapestornado.com\/sl\/author\/"},"uagb_comment_info":0,"uagb_excerpt":"Massive 12000 puffs for extended usage \u2714 Rechargeable with fast-charging Type-C port \u2714 Digital display for real-time monitoring of battery &amp; puffs \u2714 Variety of flavors to suit all taste preferences \u2714 High-quality dual mesh coil for enhanced vapor production \u2714 Low wholesale prices for bulk buyers Get the best deals on Waspe 12000 Digital&hellip;","_links":{"self":[{"href":"https:\/\/vapestornado.com\/sl\/wp-json\/wp\/v2\/product\/3796","targetHints":{"allow":["GET"]}}],"collection":[{"href":"https:\/\/vapestornado.com\/sl\/wp-json\/wp\/v2\/product"}],"about":[{"href":"https:\/\/vapestornado.com\/sl\/wp-json\/wp\/v2\/types\/product"}],"replies":[{"embeddable":true,"href":"https:\/\/vapestornado.com\/sl\/wp-json\/wp\/v2\/comments?post=3796"}],"wp:featuredmedia":[{"embeddable":true,"href":"https:\/\/vapestornado.com\/sl\/wp-json\/wp\/v2\/media\/3815"}],"wp:attachment":[{"href":"https:\/\/vapestornado.com\/sl\/wp-json\/wp\/v2\/media?parent=3796"}],"wp:term":[{"taxonomy":"product_brand","embeddable":true,"href":"https:\/\/vapestornado.com\/sl\/wp-json\/wp\/v2\/product_brand?post=3796"},{"taxonomy":"product_cat","embeddable":true,"href":"https:\/\/vapestornado.com\/sl\/wp-json\/wp\/v2\/product_cat?post=3796"},{"taxonomy":"product_tag","embeddable":true,"href":"https:\/\/vapestornado.com\/sl\/wp-json\/wp\/v2\/product_tag?post=3796"}],"curies":[{"name":"wp","href":"https:\/\/api.w.org\/{rel}","templated":true}]}}