{"id":3788,"date":"2025-02-18T03:50:57","date_gmt":"2025-02-18T03:50:57","guid":{"rendered":"https:\/\/vapestornado.com\/?post_type=product&#038;p=3788"},"modified":"2025-08-23T09:28:52","modified_gmt":"2025-08-23T09:28:52","slug":"jnr-nicotine-pouches-25mg-15-flavours-shop-online-lower-price","status":"publish","type":"product","link":"https:\/\/vapestornado.com\/sl\/product\/jnr-nicotine-pouches-25mg-15-flavours-shop-online-lower-price\/","title":{"rendered":"JNR nikotinske vre\u010dke 25mg 15+ okusov, nakup na spletu, ni\u017eja cena"},"content":{"rendered":"<h1 class=\"product-title\">JNR nikotinske vre\u010dke 25mg 15+ okusov, nakup na spletu, ni\u017eja cena<\/h1>\n<p data-start=\"263\" data-end=\"535\">The <strong data-start=\"267\" data-end=\"296\">JNR nikotinske vre\u010dke 25 mg<\/strong> so zasnovane za uporabnike, ki \u017eelijo mo\u010dno in u\u010dinkovito nikotinsko izku\u0161njo brez kajenja ali vapinga. Vsaka vre\u010dka vsebuje <strong data-start=\"419\" data-end=\"439\">25 mg nikotina<\/strong>, kar zagotavlja hitro in mo\u010dno spro\u0161\u010danje, idealno za izku\u0161ene uporabnike, ki i\u0161\u010dejo intenzivnost in osredoto\u010denost.<\/p>\n<p data-start=\"537\" data-end=\"781\">Izdelane iz <strong data-start=\"547\" data-end=\"583\">rastlinskih vlaken brez tobaka<\/strong>, te tanke vre\u010dke se udobno namestijo pod zgornjo ustnico brez nereda, pljuvanja ali ostankov vonja. Njihova diskretna zasnova omogo\u010da enostavno uporabo kadarkoli \u2013 v slu\u017ebi, na poti ali v dru\u017eabnih situacijah.<\/p>\n<p data-start=\"783\" data-end=\"1056\">Na voljo v <strong data-start=\"796\" data-end=\"811\">15+ okusov<\/strong> , vklju\u010dno z meto, citrusom in jagodo, vam <strong data-start=\"851\" data-end=\"880\">JNR 25mg nikotinske vre\u010dke<\/strong> ponujajo mo\u010d v kombinaciji z osve\u017eujo\u010dim okusom. Zagotavljajo priro\u010dno, brezdimno alternativo za vse, ki i\u0161\u010dejo visokokakovostno, mo\u010dno nikotinsko mo\u017enost po konkuren\u010dni ceni.<\/p>\n<p><strong>Dodajte Amyin WhatsApp, da dobite pravi odgovor in ceno s popustom!<\/strong><\/p>\n<p><img fetchpriority=\"high\" decoding=\"async\" class=\"size-full wp-image-2932\" src=\"https:\/\/vapestornado.com\/wp-content\/uploads\/2024\/12\/Vape-Wholesale.jpg\" alt=\"Vape Veleprodaja\" width=\"229\" height=\"300\" \/><\/p>\n<h3><a href=\"https:\/\/wa.me\/8617776015835\" target=\"_blank\" rel=\"noopener\"><span style=\"color: #ff0000;\"><strong>WhatsApp: +386 17776015835<\/strong><\/span><\/a><\/h3>\n<p>&nbsp;<\/p>\n<h2><strong>Lastnosti izdelka JNR nikotinske vre\u010dke 25 mg<\/strong><\/h2>\n<p>Blagovna znamka: JNR<br \/>\nMo\u010d nikotina: 25 mg na vre\u010dko<br \/>\n\u0160tevilo vre\u010dk: 20 kosov na \u0161katlo<\/p>\n<figure id=\"attachment_3773\" aria-describedby=\"caption-attachment-3773\" style=\"width: 1000px\" class=\"wp-caption alignnone\"><img decoding=\"async\" class=\"wp-image-3773 size-full\" src=\"https:\/\/vapestornado.com\/wp-content\/uploads\/2025\/02\/Hot-Selling-JNR-Nicotine-Pouches-25mg.webp\" alt=\"Vro\u010de prodajane JNR nikotinske vre\u010dke 25 mg\" width=\"1000\" height=\"1000\" srcset=\"https:\/\/vapestornado.com\/wp-content\/uploads\/2025\/02\/Hot-Selling-JNR-Nicotine-Pouches-25mg.webp 1000w, https:\/\/vapestornado.com\/wp-content\/uploads\/2025\/02\/Hot-Selling-JNR-Nicotine-Pouches-25mg-300x300.webp 300w, https:\/\/vapestornado.com\/wp-content\/uploads\/2025\/02\/Hot-Selling-JNR-Nicotine-Pouches-25mg-150x150.webp 150w, https:\/\/vapestornado.com\/wp-content\/uploads\/2025\/02\/Hot-Selling-JNR-Nicotine-Pouches-25mg-768x768.webp 768w, https:\/\/vapestornado.com\/wp-content\/uploads\/2025\/02\/Hot-Selling-JNR-Nicotine-Pouches-25mg-600x600.webp 600w, https:\/\/vapestornado.com\/wp-content\/uploads\/2025\/02\/Hot-Selling-JNR-Nicotine-Pouches-25mg-100x100.webp 100w\" sizes=\"(max-width: 1000px) 100vw, 1000px\" \/><figcaption id=\"caption-attachment-3773\" class=\"wp-caption-text\">Vro\u010de prodajane JNR nikotinske vre\u010dke 25 mg<\/figcaption><\/figure>\n<h2 class=\"product-title\"><strong>Seznam okusov JNR nikotinskih vre\u010dk 25 mg<\/strong><\/h2>\n<ol data-start=\"59\" data-end=\"318\" data-is-last-node=\"\">\n<li data-start=\"59\" data-end=\"76\">\u010crna \u010de\u0161nja<\/li>\n<li data-start=\"77\" data-end=\"95\">Modra Razz Ice<\/li>\n<li data-start=\"96\" data-end=\"115\">Borovnica in meta<\/li>\n<li data-start=\"116\" data-end=\"135\">Hladni citrusi<\/li>\n<li data-start=\"136\" data-end=\"151\">Pene\u010da kola<\/li>\n<li data-start=\"152\" data-end=\"163\">Zamrzitev<\/li>\n<li data-start=\"164\" data-end=\"177\">Ledeno hladen<\/li>\n<li data-start=\"178\" data-end=\"191\">Ledena meta<\/li>\n<li data-start=\"192\" data-end=\"210\">Ledena meta (spearmint)<\/li>\n<li data-start=\"211\" data-end=\"228\">Me\u0161ano jagodi\u010devje<\/li>\n<li data-start=\"229\" data-end=\"246\">Mehki karamelni bonboni<\/li>\n<li data-start=\"247\" data-end=\"267\">Jagoda Led<\/li>\n<li data-start=\"268\" data-end=\"282\">Tropsko<\/li>\n<li data-start=\"283\" data-end=\"299\">Dvojno jabolko<\/li>\n<li data-start=\"300\" data-end=\"318\" data-is-last-node=\"\">Lubenica Led<\/li>\n<\/ol>\n<h3 class=\"product-title\">Ali so nikotinske vre\u010dke koristne?<\/h3>\n<article class=\"w-full text-token-text-primary focus-visible:outline-2 focus-visible:outline-offset-[-4px]\" dir=\"auto\" data-testid=\"conversation-turn-32\" data-scroll-anchor=\"false\">\n<div class=\"m-auto text-base py-[18px] px-6\">\n<div class=\"mx-auto flex flex-1 text-base gap-4 md:gap-5 lg:gap-6 md:max-w-3xl lg:max-w-[40rem] xl:max-w-[48rem]\">\n<div class=\"group\/conversation-turn relative flex w-full min-w-0 flex-col @xs\/thread:px-0 @sm\/thread:px-1.5 @md\/thread:px-4\">\n<div class=\"flex-col gap-1 md:gap-3\">\n<div class=\"flex max-w-full flex-col flex-grow\">\n<div class=\"min-h-8 text-message flex w-full flex-col items-end gap-2 whitespace-normal break-words text-start [.text-message+&amp;]:mt-5\" dir=\"auto\" data-message-author-role=\"user\" data-message-id=\"ffac41ca-1db4-431b-873a-32c4052956f1\">\n<div class=\"flex w-full flex-col gap-1 empty:hidden items-end rtl:items-start\">\n<div class=\"relative max-w-[var(--user-chat-width,70%)] rounded-3xl bg-token-message-surface px-5 py-2.5\">\n<div class=\"absolute bottom-0 right-full top-0 -mr-3.5 hidden pr-5 pt-2 [.group\/conversation-turn:hover_&amp;]:flex\">\n<div class=\"flex\"><\/div>\n<\/div>\n<\/div>\n<\/div>\n<\/div>\n<\/div>\n<\/div>\n<\/div>\n<\/div>\n<\/div>\n<\/article>\n<article class=\"w-full text-token-text-primary focus-visible:outline-2 focus-visible:outline-offset-[-4px]\" dir=\"auto\" data-testid=\"conversation-turn-33\" data-scroll-anchor=\"true\">\n<div class=\"m-auto text-base py-[18px] px-6\">\n<div class=\"mx-auto flex flex-1 text-base gap-4 md:gap-5 lg:gap-6 md:max-w-3xl lg:max-w-[40rem] xl:max-w-[48rem]\">\n<div class=\"group\/conversation-turn relative flex w-full min-w-0 flex-col agent-turn @xs\/thread:px-0 @sm\/thread:px-1.5 @md\/thread:px-4\">\n<div class=\"flex-col gap-1 md:gap-3\">\n<div class=\"flex max-w-full flex-col flex-grow\">\n<div class=\"min-h-8 text-message flex w-full flex-col items-end gap-2 whitespace-normal break-words text-start [.text-message+&amp;]:mt-5\" dir=\"auto\" data-message-author-role=\"assistant\" data-message-id=\"e542e950-e3a5-4b1a-98f8-7584a2f9bc41\" data-message-model-slug=\"gpt-4o\">\n<div class=\"flex w-full flex-col gap-1 empty:hidden first:pt-[3px]\">\n<div class=\"markdown prose w-full break-words dark:prose-invert light\">\n<article class=\"w-full text-token-text-primary focus-visible:outline-2 focus-visible:outline-offset-[-4px]\" dir=\"auto\" data-testid=\"conversation-turn-35\" data-scroll-anchor=\"true\">\n<div class=\"m-auto text-base py-[18px] px-6\">\n<div class=\"mx-auto flex flex-1 text-base gap-4 md:gap-5 lg:gap-6 md:max-w-3xl lg:max-w-[40rem] xl:max-w-[48rem]\">\n<div class=\"group\/conversation-turn relative flex w-full min-w-0 flex-col agent-turn @xs\/thread:px-0 @sm\/thread:px-1.5 @md\/thread:px-4\">\n<div class=\"flex-col gap-1 md:gap-3\">\n<div class=\"flex max-w-full flex-col flex-grow\">\n<div class=\"min-h-8 text-message flex w-full flex-col items-end gap-2 whitespace-normal break-words text-start [.text-message+&amp;]:mt-5\" dir=\"auto\" data-message-author-role=\"assistant\" data-message-id=\"19ad7ab6-95d5-4367-834a-f160e402f0d6\" data-message-model-slug=\"gpt-4o\">\n<div class=\"flex w-full flex-col gap-1 empty:hidden first:pt-[3px]\">\n<div class=\"markdown prose w-full break-words dark:prose-invert light\">\n<p>Za kadilce, ki posku\u0161ajo prenehati, so nikotinske vre\u010dke \u010distej\u0161a alternativa brez tobaka. Medtem ko ima sam nikotin lahko zdravstvena tveganja, vre\u010dke odpravljajo \u0161kodljive u\u010dinke kajenja, zaradi \u010desar so bolj zdrava mo\u017enost za trenutne kadilce, ki \u017eelijo zmanj\u0161ati \u0161kodo. Kajenje velja za najnezdravej\u0161i na\u010din u\u017eivanja nikotina, zato je prehod na nikotinske vre\u010dke lahko pozitiven korak za zdravstveno ozave\u0161\u010dene uporabnike.<\/p>\n<\/div>\n<\/div>\n<\/div>\n<\/div>\n<\/div>\n<\/div>\n<\/div>\n<\/div>\n<\/article>\n<\/div>\n<\/div>\n<\/div>\n<\/div>\n<\/div>\n<\/div>\n<\/div>\n<\/div>\n<\/article>\n<h3>Zakaj izbrati vapestornado za veleprodajo nikotinskih vre\u010dk JNR?<\/h3>\n<div class=\"flex-shrink-0 flex flex-col relative items-end\">\n<div class=\"pt-0\">\n<div class=\"gizmo-bot-avatar flex h-8 w-8 items-center justify-center overflow-hidden rounded-full\">\n<div class=\"relative p-1 rounded-sm flex items-center justify-center bg-token-main-surface-primary text-token-text-primary h-8 w-8\">\n<p>Dobrodo\u0161li v vapestornado, va\u0161i zaupanja vredni spletni trgovini z vrhunskimi vape napravami za enkratno uporabo. Z ve\u010d kot 5 leti strokovnega znanja vam ponujamo priljubljene blagovne znamke vape naprav za enkratno uporabo, kot so Fumot RandM Vape, Vapme, Bang Vape, Waspe Vape in WGA Vape, itd.<\/p>\n<p>Na\u0161a ponudba vklju\u010duje vro\u010de razprodane dvojne okuse za enkratno uporabo, kot je <a href=\"https:\/\/vapestornado.com\/sl\/product\/bang-king-35k-35000-puffs-2-in-1-dual-flavour-disposable-vape-wholesale-cheap-price\/\">Bang King 35k 35000 vdihov<\/a>, <a href=\"https:\/\/vapestornado.com\/sl\/product\/waspe-crystal-40000-puffs-40k-double-flavor-rechargeable-disposable-vapes-cheap-price\/\">WASPE Crystal 40k Dvojni Okus<\/a> in izbiro bogato z okusom, kot je <a href=\"https:\/\/vapestornado.com\/sl\/product\/razzbar-15000-puffs-rechargeable-disposable-vape-bulk-buy-at-cheap-prices\/\">RAZZBAR 15000 Pufov<\/a>Vsak izdelek je izbran s poudarkom na kakovosti, vrednosti in raznolikosti, kar zagotavlja, da boste na\u0161li popolno ujemanje za svoje potrebe. Odkrijte izjemno storitev in \u0161iroko paleto vrhunskih izdelkov po veleprodajni ceni pri vapestornado.<\/p>\n<\/div>\n<h3><\/h3>\n<div class=\"relative p-1 rounded-sm flex items-center justify-center bg-token-main-surface-primary text-token-text-primary h-8 w-8\">\n<h3>Pogosta vpra\u0161anja za nikotinske vre\u010dke JNR<\/h3>\n<\/div>\n<\/div>\n<\/div>\n<\/div>\n<div class=\"flex-shrink-0 flex flex-col relative items-end\">\n<div class=\"pt-0\">\n<div class=\"gizmo-bot-avatar flex h-8 w-8 items-center justify-center overflow-hidden rounded-full\">\n<div class=\"relative p-1 rounded-sm flex items-center justify-center bg-token-main-surface-primary text-token-text-primary h-8 w-8\">\n<div class=\"mb-2 flex gap-3 empty:hidden -ml-2\">\n<p data-start=\"42\" data-end=\"510\"><strong data-start=\"42\" data-end=\"152\">1. Katere so klju\u010dne prednosti uporabe nikotinskih vre\u010dk JNR 25mg v primerjavi s tradicionalnim kajenjem ali vejp-anjem?<\/strong><br data-start=\"152\" data-end=\"155\" \/>Nikotinske vre\u010dke JNR 25mg ponujajo \u010distej\u0161o in bolj diskretno izku\u0161njo z nikotinom, ne da bi bilo treba kaditi ali vejp-ati. Izdelane so iz sestavin brez tobaka in zagotavljajo izku\u0161njo brez dima in vonja. Tanka in prenosna embala\u017ea se lahko uporablja kadarkoli in kjer koli, zaradi \u010desar je priro\u010dna alternativa tradicionalnim toba\u010dnim izdelkom.<\/p>\n<p data-start=\"512\" data-end=\"893\"><strong data-start=\"512\" data-end=\"625\">2. Kako dolgo traja ob\u010dutek mravljin\u010denja pri uporabi nikotinske vre\u010dke JNR in kaj to pomeni?<\/strong><br data-start=\"625\" data-end=\"628\" \/>Ko si pod ustnico vstavite nikotinsko vre\u010dko JNR 25mg, boste za\u010dutili mravljin\u010denje, ki obi\u010dajno traja pribli\u017eno 15 minut. Ta ob\u010dutek nakazuje spro\u0161\u010danje nikotina in je znak, da vre\u010dka deluje, kot je pri\u010dakovano, ter zagotavlja mo\u010dan nikotinski udar.<\/p>\n<p data-start=\"895\" data-end=\"1290\"><strong data-start=\"895\" data-end=\"995\">3. Ali lahko nikotinske vre\u010dke JNR 25mg pomagajo kadilcem pri prenehanju in kaj jih dela bolj zdravo alternativo?<\/strong><br data-start=\"995\" data-end=\"998\" \/>Da, nikotinske vre\u010dke JNR lahko kadilcem pomagajo pri prenehanju, saj zagotavljajo mo\u017enost vnosa nikotina brez tobaka in dima. Ker ne vsebujejo tobaka, odpravljajo \u0161kodljive u\u010dinke kajenja, zaradi \u010desar so bolj zdrava alternativa za tiste, ki posku\u0161ajo zmanj\u0161ati ali prenehati z uporabo tobaka.<\/p>\n<p data-start=\"1292\" data-end=\"1826\"><strong data-start=\"1292\" data-end=\"1409\">4. Kateri okusi nikotinskih vre\u010dk JNR 25mg so na voljo in kateri ponuja najbolj osve\u017eilno izku\u0161njo?<\/strong><br data-start=\"1409\" data-end=\"1412\" \/>Nikotinske vre\u010dke JNR so na voljo v razli\u010dnih osve\u017eilnih okusih, vklju\u010dno s \u010drno \u010de\u0161njo, modro malino z ledom, borovnico z meto, citrusnim hlajenjem, me\u0161anim jagodi\u010djem, jagodo z ledom in drugimi. Za osve\u017eilno izku\u0161njo mnogi uporabniki u\u017eivajo v hladnem ob\u010dutku okusov, kot so ledena meta, modra malina z ledom in jagoda z ledom.<\/p>\n<p data-start=\"1828\" data-end=\"2274\" data-is-last-node=\"\"><strong data-start=\"1828\" data-end=\"1932\">5. Kako naj pravilno vstavim nikotinsko vre\u010dko JNR za najbolj udobno in u\u010dinkovito uporabo?<\/strong><br data-start=\"1932\" data-end=\"1935\" \/>Za uporabo nikotinske vre\u010dke JNR preprosto vstavite eno vre\u010dko pod zgornjo ali spodnjo ustnico. U\u010dinke boste za\u010deli \u010dutiti v nekaj minutah. Diskretna zasnova vam omogo\u010da, da u\u017eivate v izku\u0161nji z nikotinom brez nereda ali mo\u010dnega vonja.<\/p>\n<h2>Kako naro\u010diti?<\/h2>\n<p><strong>1. Katere na\u010dine pla\u010dila sprejemate?<\/strong><br \/>\nSprejemamo IBAN nakazila in <span style=\"font-size: 16px;\">Western Union<\/span>\u00a0za varne in priro\u010dne transakcije.<\/p>\n<p><strong>2. Kako lahko sledim svojemu naro\u010dilu?<\/strong><br \/>\nKo je va\u0161e naro\u010dilo odposlano, <span class=\"selectable-text copyable-text false\">vas bomo sproti obve\u0161\u010dali o sledenju tovora, dokler ga ne prejmete.<\/span>.<\/p>\n<p><strong>3. Kak\u0161en je predvideni \u010das po\u0161iljanja?<\/strong><\/p>\n<ul>\n<li>Po\u0161iljanje iz <strong>skladi\u0161\u010d na Kitajskem<\/strong> traja pribli\u017eno <strong>7-14 delovnih dni.<\/strong>.<\/li>\n<li>Po\u0161iljanje iz <strong>Evropska skladi\u0161\u010da<\/strong> obi\u010dajno trajajo <strong>3-6 delovnih dni.<\/strong>.<\/li>\n<\/ul>\n<p><strong>4. Kako lahko dobim hitrej\u0161o dostavo?<\/strong><br \/>\nZa hitrej\u0161o dostavo priporo\u010damo naro\u010danje iz na\u0161ega <strong>Evropskega skladi\u0161\u010da<\/strong>, ki ponuja hitrej\u0161e dobavne roke.<\/p>\n<p><strong>5. Kako vrnem izdelek?<\/strong><br \/>\nZa vra\u010dilo izdelka se obrnite na na\u0161o slu\u017ebo za pomo\u010d uporabnikom za podrobna navodila o postopku vra\u010dila.<\/p>\n<p><strong>6. Ali ponujate mednarodno po\u0161iljanje?<\/strong><br \/>\nDa, po\u0161iljamo v ve\u010dino dr\u017eav in uredimo <strong>carinjenje<\/strong> za nemoteno dostavo.<\/p>\n<p><strong>7. Kaj storiti, \u010de prejmem po\u0161kodovan ali pokvarjen izdelek?<\/strong><br \/>\n\u010ce je va\u0161 izdelek po\u0161kodovan ali pokvarjen, se obrnite na slu\u017ebo za pomo\u010d uporabnikom za <strong>zamenjavo ali povra\u010dilo kupnine<\/strong>.<\/p>\n<p><strong>8. Kako lahko stopim v stik s slu\u017ebo za pomo\u010d uporabnikom?<\/strong><br \/>\nDosegljivi smo preko <strong>e-po\u0161te, WhatsAppa ali klepeta v \u017eivo<\/strong> na na\u0161i spletni strani za kakr\u0161no koli pomo\u010d.<\/p>\n<\/div>\n<\/div>\n<\/div>\n<\/div>\n<\/div>","protected":false},"excerpt":{"rendered":"<p>JNR nikotinske vre\u010dke 25 mg na debelo<br \/>\nVro\u010de prodajane JNR nikotinske vre\u010dke 25 mg, nakup v razsutem stanju<br \/>\nNajbolj\u0161e JNR nikotinske vre\u010dke 25 mg, ugodna cena<\/p>\n<p><strong>Dodajte Amy na WhatsApp in prejmite takoj\u0161en odgovor ter kupon za vape!<\/strong><\/p>\n<p><img fetchpriority=\"high\" decoding=\"async\" class=\"size-full wp-image-2932\" src=\"https:\/\/vapestornado.com\/wp-content\/uploads\/2024\/12\/Vape-Wholesale.jpg\" alt=\"Vape Veleprodaja\" width=\"229\" height=\"300\" \/><\/p>\n<h3><a href=\"https:\/\/wa.me\/8617776015835\"><span style=\"color: #ff0000;\"><strong>WhatsApp: +386 17776015835<\/strong><\/span><\/a><\/h3>\n<p>&nbsp;<\/p>","protected":false},"featured_media":3777,"comment_status":"open","ping_status":"closed","template":"","meta":{"_acf_changed":false,"_uag_custom_page_level_css":"","_lmt_disableupdate":"no","_lmt_disable":"","_monsterinsights_skip_tracking":false,"_monsterinsights_sitenote_active":false,"_monsterinsights_sitenote_note":"","_monsterinsights_sitenote_category":0,"site-sidebar-layout":"default","site-content-layout":"","ast-site-content-layout":"default","site-content-style":"default","site-sidebar-style":"default","ast-global-header-display":"","ast-banner-title-visibility":"","ast-main-header-display":"","ast-hfb-above-header-display":"","ast-hfb-below-header-display":"","ast-hfb-mobile-header-display":"","site-post-title":"","ast-breadcrumbs-content":"","ast-featured-img":"","footer-sml-layout":"","ast-disable-related-posts":"","theme-transparent-header-meta":"default","adv-header-id-meta":"","stick-header-meta":"","header-above-stick-meta":"","header-main-stick-meta":"","header-below-stick-meta":"","astra-migrate-meta-layouts":"set","ast-page-background-enabled":"default","ast-page-background-meta":{"desktop":{"background-color":"","background-image":"","background-repeat":"repeat","background-position":"center center","background-size":"auto","background-attachment":"scroll","background-type":"","background-media":"","overlay-type":"","overlay-color":"","overlay-opacity":"","overlay-gradient":""},"tablet":{"background-color":"","background-image":"","background-repeat":"repeat","background-position":"center center","background-size":"auto","background-attachment":"scroll","background-type":"","background-media":"","overlay-type":"","overlay-color":"","overlay-opacity":"","overlay-gradient":""},"mobile":{"background-color":"","background-image":"","background-repeat":"repeat","background-position":"center center","background-size":"auto","background-attachment":"scroll","background-type":"","background-media":"","overlay-type":"","overlay-color":"","overlay-opacity":"","overlay-gradient":""}},"ast-content-background-meta":{"desktop":{"background-color":"var(--ast-global-color-5)","background-image":"","background-repeat":"repeat","background-position":"center center","background-size":"auto","background-attachment":"scroll","background-type":"","background-media":"","overlay-type":"","overlay-color":"","overlay-opacity":"","overlay-gradient":""},"tablet":{"background-color":"var(--ast-global-color-5)","background-image":"","background-repeat":"repeat","background-position":"center center","background-size":"auto","background-attachment":"scroll","background-type":"","background-media":"","overlay-type":"","overlay-color":"","overlay-opacity":"","overlay-gradient":""},"mobile":{"background-color":"var(--ast-global-color-5)","background-image":"","background-repeat":"repeat","background-position":"center center","background-size":"auto","background-attachment":"scroll","background-type":"","background-media":"","overlay-type":"","overlay-color":"","overlay-opacity":"","overlay-gradient":""}},"_joinchat":{"telephone":"17776015835"}},"product_brand":[],"product_cat":[19,140,149,150,152,157],"product_tag":[244,242,243],"class_list":{"0":"post-3788","1":"product","2":"type-product","3":"status-publish","4":"has-post-thumbnail","6":"product_cat-vapes","7":"product_cat-big-puffs-disposable-vapes","8":"product_cat-buy-disposable-vapes-in-austria","9":"product_cat-buy-disposable-vapes-in-belgium","10":"product_cat-buy-disposable-vapes-in-cermany","11":"product_cat-buy-disposable-vapes-in-portugal","12":"product_tag-jnr-nicotine-pouches","13":"product_tag-jnr-nicotine-pouches-25mg","14":"product_tag-nicotine-pouches","15":"desktop-align-left","16":"tablet-align-left","17":"mobile-align-left","19":"first","20":"instock","21":"sale","22":"shipping-taxable","23":"purchasable","24":"product-type-simple"},"acf":[],"uagb_featured_image_src":{"full":["https:\/\/vapestornado.com\/wp-content\/uploads\/2025\/02\/JNR-Nicotine-Pouches-Wholesale.webp",1000,1000,false],"thumbnail":["https:\/\/vapestornado.com\/wp-content\/uploads\/2025\/02\/JNR-Nicotine-Pouches-Wholesale-150x150.webp",150,150,true],"medium":["https:\/\/vapestornado.com\/wp-content\/uploads\/2025\/02\/JNR-Nicotine-Pouches-Wholesale-300x300.webp",300,300,true],"medium_large":["https:\/\/vapestornado.com\/wp-content\/uploads\/2025\/02\/JNR-Nicotine-Pouches-Wholesale-768x768.webp",768,768,true],"large":["https:\/\/vapestornado.com\/wp-content\/uploads\/2025\/02\/JNR-Nicotine-Pouches-Wholesale.webp",1000,1000,false],"1536x1536":["https:\/\/vapestornado.com\/wp-content\/uploads\/2025\/02\/JNR-Nicotine-Pouches-Wholesale.webp",1000,1000,false],"2048x2048":["https:\/\/vapestornado.com\/wp-content\/uploads\/2025\/02\/JNR-Nicotine-Pouches-Wholesale.webp",1000,1000,false],"trp-custom-language-flag":["https:\/\/vapestornado.com\/wp-content\/uploads\/2025\/02\/JNR-Nicotine-Pouches-Wholesale.webp",12,12,false],"woocommerce_thumbnail":["https:\/\/vapestornado.com\/wp-content\/uploads\/2025\/02\/JNR-Nicotine-Pouches-Wholesale-300x300.webp",300,300,true],"woocommerce_single":["https:\/\/vapestornado.com\/wp-content\/uploads\/2025\/02\/JNR-Nicotine-Pouches-Wholesale-600x600.webp",600,600,true],"woocommerce_gallery_thumbnail":["https:\/\/vapestornado.com\/wp-content\/uploads\/2025\/02\/JNR-Nicotine-Pouches-Wholesale-100x100.webp",100,100,true]},"uagb_author_info":{"display_name":"ESAMY","author_link":"https:\/\/vapestornado.com\/sl\/author\/"},"uagb_comment_info":0,"uagb_excerpt":"JNR Nicotine Pouches 25mg Wholesale Hot Selling JNR Nicotine Pouches 25mg Bulk Buy Best JNR Nicotine Pouches 25mg Cheap Price Add Amy's whatsapp get right reply and vape vape coupon! WhatsApp: +86 17776015835 &nbsp;","_links":{"self":[{"href":"https:\/\/vapestornado.com\/sl\/wp-json\/wp\/v2\/product\/3788","targetHints":{"allow":["GET"]}}],"collection":[{"href":"https:\/\/vapestornado.com\/sl\/wp-json\/wp\/v2\/product"}],"about":[{"href":"https:\/\/vapestornado.com\/sl\/wp-json\/wp\/v2\/types\/product"}],"replies":[{"embeddable":true,"href":"https:\/\/vapestornado.com\/sl\/wp-json\/wp\/v2\/comments?post=3788"}],"wp:featuredmedia":[{"embeddable":true,"href":"https:\/\/vapestornado.com\/sl\/wp-json\/wp\/v2\/media\/3777"}],"wp:attachment":[{"href":"https:\/\/vapestornado.com\/sl\/wp-json\/wp\/v2\/media?parent=3788"}],"wp:term":[{"taxonomy":"product_brand","embeddable":true,"href":"https:\/\/vapestornado.com\/sl\/wp-json\/wp\/v2\/product_brand?post=3788"},{"taxonomy":"product_cat","embeddable":true,"href":"https:\/\/vapestornado.com\/sl\/wp-json\/wp\/v2\/product_cat?post=3788"},{"taxonomy":"product_tag","embeddable":true,"href":"https:\/\/vapestornado.com\/sl\/wp-json\/wp\/v2\/product_tag?post=3788"}],"curies":[{"name":"wp","href":"https:\/\/api.w.org\/{rel}","templated":true}]}}