{"id":3753,"date":"2025-01-17T08:42:15","date_gmt":"2025-01-17T08:42:15","guid":{"rendered":"https:\/\/vapestornado.com\/?post_type=product&#038;p=3753"},"modified":"2025-08-23T09:30:14","modified_gmt":"2025-08-23T09:30:14","slug":"bang-tornado-40000-puffs-disposable-vape-big-smart-screen-vapor","status":"publish","type":"product","link":"https:\/\/vapestornado.com\/sl\/product\/bang-tornado-40000-puffs-disposable-vape-big-smart-screen-vapor\/","title":{"rendered":"Bang Tornado 40000 Vpihov Vape za Enkratno Uporabo Velik Pametni Zaslon Vapor"},"content":{"rendered":"<h1>\u00a0Bang Tornado 40000 Vpihov Vape za Enkratno Uporabo Velik Pametni Zaslon Vapor<\/h1>\n<p>&nbsp;<\/p>\n<div role=\"article\" data-tabster=\"{&quot;groupper&quot;:{&quot;tabbability&quot;:2},&quot;focusable&quot;:{}}\" data-content=\"ai-message\" aria-labelledby=\"64JRvXrTnY7mRmPkEQLLT-author 64JRvXrTnY7mRmPkEQLLT-content\">\n<div id=\"64JRvXrTnY7mRmPkEQLLT-content\">\n<p data-start=\"328\" data-end=\"622\">The <strong data-start=\"332\" data-end=\"376\">Bang Tornado 40000 Vpihov E-cigareta za Enkratno Uporabo<\/strong> je zasnovan za zmogljivost in napredno delovanje, zaradi \u010desar je mo\u010dna izbira za veleprodajne kupce in trgovine z e-cigaretami. Z <strong data-start=\"495\" data-end=\"528\">40 ml predhodno napolnjen rezervoar za e-teko\u010dino<\/strong> in do <strong data-start=\"539\" data-end=\"555\">40.000 vpihov<\/strong>, zagotavlja dolgotrajne seanse brez pogostih zamenjav.<\/p>\n<p data-start=\"624\" data-end=\"892\">Napaja ga <strong data-start=\"638\" data-end=\"669\">850 mAh baterijo za ponovno polnjenje<\/strong> z <strong data-start=\"675\" data-end=\"699\">hitro polnjenje Type-C<\/strong>, Bang Tornado 40K zagotavlja dosledno mo\u010d za dalj\u0161o uporabo. Njegova <strong data-start=\"770\" data-end=\"795\">0,5\u03a9 trojna mre\u017easta tuljava<\/strong> izbolj\u0161a gostoto pare in bogatost okusa z zagotavljanjem gladkega, enakomernega segrevanja pri vsakem vdihu.<\/p>\n<p data-start=\"894\" data-end=\"1089\">Oblikovan z <strong data-start=\"910\" data-end=\"940\">velik pametni zaslon<\/strong>, lahko uporabniki spremljajo mo\u010d in uporabo v realnem \u010dasu. Ergonomska izdelava in eleganten dizajn omogo\u010data prenosljivost, zanesljivost in priro\u010dnost za vsakodnevno uporabo.<\/p>\n<p data-start=\"1091\" data-end=\"1294\">Za trgovce na debelo in distributerje <strong data-start=\"1129\" data-end=\"1162\">Bang Tornado 40000 Vpihov E-cigareta<\/strong> zdru\u017euje visoko kapaciteto vpihov, u\u010dinkovitost polnjenja in vrhunsko kakovost izdelave, kar ponuja mo\u010dno tr\u017eno privla\u010dnost in donosnost.<\/p>\n<p><img fetchpriority=\"high\" decoding=\"async\" class=\"size-medium wp-image-2951\" src=\"https:\/\/vapestornado.com\/wp-content\/uploads\/2024\/12\/Wholesale-Disposable-Vape-265x300.jpg\" alt=\"Veleprodaja Vape za Enkratno Uporabo\" width=\"265\" height=\"300\" srcset=\"https:\/\/vapestornado.com\/wp-content\/uploads\/2024\/12\/Wholesale-Disposable-Vape-265x300.jpg 265w, https:\/\/vapestornado.com\/wp-content\/uploads\/2024\/12\/Wholesale-Disposable-Vape-768x871.jpg 768w, https:\/\/vapestornado.com\/wp-content\/uploads\/2024\/12\/Wholesale-Disposable-Vape-600x680.jpg 600w, https:\/\/vapestornado.com\/wp-content\/uploads\/2024\/12\/Wholesale-Disposable-Vape.jpg 823w\" sizes=\"(max-width: 265px) 100vw, 265px\" \/><\/p>\n<h5>Za Zni\u017eano Ceno se Obrnite na Mandy na WhatsApp<a href=\"https:\/\/wa.me\/8618077105796\" target=\"_blank\" rel=\"noopener\">+8618077105796<\/a><\/h5>\n<p>&nbsp;<\/p>\n<\/div>\n<\/div>\n<div class=\"mb-2 flex gap-3 empty:hidden -ml-2\">\n<h2 class=\"sr-proMainInfo-baseInfoH1 J-baseInfo-name\">\u00a0Bang 40000 Puffs e-cigareta za ponovno polnjenje Klju\u010dne zna\u010dilnosti:<\/h2>\n<ul>\n<li><strong>ki vas obve\u0161\u010da o \u017eivljenjski dobi baterije in nivojih e-teko\u010dine, kar zagotavlja, da imate vedno nadzor. Poleg tega<\/strong> za do <strong>40.000 vpihov<\/strong><\/li>\n<li><strong>850 mAh baterijo za ponovno polnjenje<\/strong> z <strong>priklju\u010dkom za polnjenje tipa C<\/strong><\/li>\n<li><strong>0,5-ohmska tuljava s tremi mre\u017eami<\/strong> za gladek vpliv in izbolj\u0161an okus<\/li>\n<li><strong>Nastavljiva mo\u010d<\/strong> za osebno izku\u0161njo<\/li>\n<li><strong>Dolgotrajen<\/strong> in priro\u010den za dolgotrajno uporabo<\/li>\n<li>Elegantna <strong>ergonomska zasnova<\/strong> za prenosljivost<\/li>\n<li>Idealno za prilo\u017enostne in izku\u0161ene uporabnike<\/li>\n<\/ul>\n<\/div>\n<h2 class=\"sr-proMainInfo-baseInfoH1 J-baseInfo-name\">Bang Tornado 40000 Puff Veleprodajni Okusi:<\/h2>\n<p>1. Jagodna lubenica<br \/>\n2. Lubenica<br \/>\n3. LJUBEZEN 66<br \/>\n4. Energijska pija\u010da<br \/>\n5. Jagoda kivi<br \/>\n6. Borovnica limona<br \/>\n7. Borovnica grozdje<br \/>\n8. Borovnica malina<br \/>\n9. Mango breskev<br \/>\n10. Trojno jagodi\u010devje<br \/>\n11. Dvojno jabolko<br \/>\n12. Breskev z ledom<\/p>\n<div role=\"article\" data-tabster=\"{&quot;groupper&quot;:{&quot;tabbability&quot;:2},&quot;focusable&quot;:{}}\" data-content=\"ai-message\" aria-labelledby=\"dARUyEWDoEYhnSPXFwx5A-author dARUyEWDoEYhnSPXFwx5A-content\">\n<div id=\"dARUyEWDoEYhnSPXFwx5A-content\">\n<h3><strong>Zakaj kupiti <\/strong>Bang Tornado 40k Puf vapor <strong>od vapestornado?<\/strong><\/h3>\n<div class=\"flex max-w-full flex-col flex-grow\">\n<div class=\"min-h-8 text-message flex w-full flex-col items-end gap-2 whitespace-normal break-words text-start [.text-message+&amp;]:mt-5\" dir=\"auto\" data-message-author-role=\"assistant\" data-message-id=\"8ec0866b-3616-4b38-8c41-2e75d00fce2d\" data-message-model-slug=\"gpt-4o-mini\">\n<div class=\"flex w-full flex-col gap-1 empty:hidden first:pt-[3px]\">\n<div class=\"markdown prose w-full break-words dark:prose-invert light\">\n<ul>\n<li><strong>Vrhunska kakovost<\/strong>: vapestornado ponuja pristne, visokokakovostne Bang Tornado 40000 Puffs, kar zagotavlja vrhunsko izku\u0161njo vapinga z gladko paro in bogatim okusom.<\/li>\n<li><strong>Konkuren\u010dne cene<\/strong>: U\u017eivajte v konkuren\u010dnih veleprodajnih cenah za nakupe v razsutem stanju, zaradi \u010desar je idealen tako za posamezne uporabnike kot za podjetja.<\/li>\n<li><strong>Hitra dostava<\/strong>: vapestornado zagotavlja hitro in zanesljivo dostavo, tako da lahko za\u010dnete u\u017eivati v svojem izdelku brez odla\u0161anja.<\/li>\n<li><strong>Odli\u010dna podpora strankam<\/strong>: Namenska ekipa za podporo je pripravljena pomagati pri kakr\u0161nih koli vpra\u0161anjih ali pomislekih, kar zagotavlja nemoteno nakupovalno izku\u0161njo.<\/li>\n<li><strong>\u0160irok izbor<\/strong>: vapestornado ponuja razli\u010dne okuse in mo\u017enosti, kar vam omogo\u010da, da izberete popolno ujemanje za va\u0161e \u017eelje.<\/li>\n<li><strong>Varno nakupovanje<\/strong>: Z zavezanostjo k varnosti strank, vapestornado zagotavlja varne mo\u017enosti pla\u010dila in transakcije.<\/li>\n<\/ul>\n<\/div>\n<\/div>\n<\/div>\n<\/div>\n<div class=\"mb-2 flex gap-3 empty:hidden -ml-2\">\n<div class=\"items-center justify-start rounded-xl p-1 flex\"><\/div>\n<\/div>\n<\/div>\n<\/div>\n<h3>Pogosta vpra\u0161anja o Bang Tornado puff 40000 vapi za enkratno uporabo<\/h3>\n<ul>\n<li><strong>Kako dolgo zdr\u017ei Bang tornado vape 40.000 vdihov?<\/strong><br \/>\nBang Tornado 40.000 vdihov zdr\u017ei do 40.000 vdihov, odvisno od uporabe. Z veliko prostornino 40 ml e-teko\u010dine ponuja podalj\u0161ano vaping izku\u0161njo brez pogostih zamenjav.<\/li>\n<li><strong>Kako napolnim Bang Tornado 40.000 Puffvapes?<\/strong><br \/>\nNaprava je opremljena z <strong>850 mAh baterijo za ponovno polnjenje<\/strong> in <strong>priklju\u010dkom za polnjenje tipa C<\/strong>, kar omogo\u010da hitro in u\u010dinkovito polnjenje, ko je baterija prazna.<\/li>\n<li><strong>Kak\u0161na je upornost tuljave v Bang vape Tornado 40.000 vdihov?<\/strong><br \/>\nNaprava uporablja <strong>0,5-ohmska tuljava s tremi mre\u017eami<\/strong> za bolj gladko proizvodnjo pare in izbolj\u0161an okus, kar zagotavlja vrhunsko izku\u0161njo vapinga.<\/li>\n<li><strong>S kak\u0161no jakostjo nikotina je na voljo Bang Tornado 40.000 vdihov s poceni ceno?<\/strong><br \/>\nBang Tornado 40.000 vdihov je obi\u010dajno na voljo v razli\u010dnih jakostih nikotina (obi\u010dajno 2% ali 5%), da ustreza razli\u010dnim \u017eeljam.<\/li>\n<\/ul>","protected":false},"excerpt":{"rendered":"<ul>\n<li><strong>Visoko kakovosten Bang Tornado 40K Puff e-cigaret za enkratno uporabo<\/strong><\/li>\n<li><strong>Vzdr\u017eljiv Bang Tornado 40K Puffs e-cigaret za ponovno polnjenje<\/strong><\/li>\n<li><strong>Bang Tornado 40K Puffs E-Cig z prilagodljivimi podi z okusom ledu<\/strong><\/li>\n<\/ul>\n<figure id=\"attachment_2951\" aria-describedby=\"caption-attachment-2951\" style=\"width: 265px\" class=\"wp-caption alignnone\"><img fetchpriority=\"high\" decoding=\"async\" class=\"size-medium wp-image-2951\" src=\"https:\/\/vapestornado.com\/wp-content\/uploads\/2024\/12\/Wholesale-Disposable-Vape-265x300.jpg\" alt=\"Veleprodaja Vape za Enkratno Uporabo\" width=\"265\" height=\"300\" srcset=\"https:\/\/vapestornado.com\/wp-content\/uploads\/2024\/12\/Wholesale-Disposable-Vape-265x300.jpg 265w, https:\/\/vapestornado.com\/wp-content\/uploads\/2024\/12\/Wholesale-Disposable-Vape-768x871.jpg 768w, https:\/\/vapestornado.com\/wp-content\/uploads\/2024\/12\/Wholesale-Disposable-Vape-600x680.jpg 600w, https:\/\/vapestornado.com\/wp-content\/uploads\/2024\/12\/Wholesale-Disposable-Vape.jpg 823w\" sizes=\"(max-width: 265px) 100vw, 265px\" \/><figcaption id=\"caption-attachment-2951\" class=\"wp-caption-text\">Za Zni\u017eano Ceno se Obrnite na Mandy na WhatsApp\u00a0 <a href=\"https:\/\/wa.me\/8618077105796\">+8618077105796<\/a><\/figcaption><\/figure>\n<p>&nbsp;<\/p>","protected":false},"featured_media":3746,"comment_status":"open","ping_status":"closed","template":"","meta":{"_acf_changed":false,"_uag_custom_page_level_css":"","_lmt_disableupdate":"no","_lmt_disable":"","_monsterinsights_skip_tracking":false,"_monsterinsights_sitenote_active":false,"_monsterinsights_sitenote_note":"","_monsterinsights_sitenote_category":0,"site-sidebar-layout":"default","site-content-layout":"","ast-site-content-layout":"default","site-content-style":"default","site-sidebar-style":"default","ast-global-header-display":"","ast-banner-title-visibility":"","ast-main-header-display":"","ast-hfb-above-header-display":"","ast-hfb-below-header-display":"","ast-hfb-mobile-header-display":"","site-post-title":"","ast-breadcrumbs-content":"","ast-featured-img":"","footer-sml-layout":"","ast-disable-related-posts":"","theme-transparent-header-meta":"default","adv-header-id-meta":"","stick-header-meta":"","header-above-stick-meta":"","header-main-stick-meta":"","header-below-stick-meta":"","astra-migrate-meta-layouts":"set","ast-page-background-enabled":"default","ast-page-background-meta":{"desktop":{"background-color":"","background-image":"","background-repeat":"repeat","background-position":"center center","background-size":"auto","background-attachment":"scroll","background-type":"","background-media":"","overlay-type":"","overlay-color":"","overlay-opacity":"","overlay-gradient":""},"tablet":{"background-color":"","background-image":"","background-repeat":"repeat","background-position":"center center","background-size":"auto","background-attachment":"scroll","background-type":"","background-media":"","overlay-type":"","overlay-color":"","overlay-opacity":"","overlay-gradient":""},"mobile":{"background-color":"","background-image":"","background-repeat":"repeat","background-position":"center center","background-size":"auto","background-attachment":"scroll","background-type":"","background-media":"","overlay-type":"","overlay-color":"","overlay-opacity":"","overlay-gradient":""}},"ast-content-background-meta":{"desktop":{"background-color":"var(--ast-global-color-5)","background-image":"","background-repeat":"repeat","background-position":"center center","background-size":"auto","background-attachment":"scroll","background-type":"","background-media":"","overlay-type":"","overlay-color":"","overlay-opacity":"","overlay-gradient":""},"tablet":{"background-color":"var(--ast-global-color-5)","background-image":"","background-repeat":"repeat","background-position":"center center","background-size":"auto","background-attachment":"scroll","background-type":"","background-media":"","overlay-type":"","overlay-color":"","overlay-opacity":"","overlay-gradient":""},"mobile":{"background-color":"var(--ast-global-color-5)","background-image":"","background-repeat":"repeat","background-position":"center center","background-size":"auto","background-attachment":"scroll","background-type":"","background-media":"","overlay-type":"","overlay-color":"","overlay-opacity":"","overlay-gradient":""}},"_joinchat":[]},"product_brand":[],"product_cat":[140,65,62,151,154,159,146,148],"product_tag":[212,97,98],"class_list":{"0":"post-3753","1":"product","2":"type-product","3":"status-publish","4":"has-post-thumbnail","6":"product_cat-big-puffs-disposable-vapes","7":"product_cat-40000-puff","8":"product_cat-bang-vape","9":"product_cat-buy-disposable-vapes-in-france","10":"product_cat-buy-disposable-vapes-in-netherlands","11":"product_cat-buy-disposable-vapes-in-sweden","12":"product_cat-rechargeable-disposable-vapes","13":"product_cat-tornado-disposable-vapes","14":"product_tag-bang-vape-40000","15":"product_tag-hot-sale-disposable-vape","16":"product_tag-wholesale-price-disposable-vape","17":"desktop-align-left","18":"tablet-align-left","19":"mobile-align-left","21":"first","22":"instock","23":"sale","24":"shipping-taxable","25":"purchasable","26":"product-type-simple"},"acf":[],"uagb_featured_image_src":{"full":["https:\/\/vapestornado.com\/wp-content\/uploads\/2025\/01\/Bang-Tornado-40K-Puff-Adjustable-Power-Disposable-Vape.webp",800,800,false],"thumbnail":["https:\/\/vapestornado.com\/wp-content\/uploads\/2025\/01\/Bang-Tornado-40K-Puff-Adjustable-Power-Disposable-Vape-150x150.webp",150,150,true],"medium":["https:\/\/vapestornado.com\/wp-content\/uploads\/2025\/01\/Bang-Tornado-40K-Puff-Adjustable-Power-Disposable-Vape-300x300.webp",300,300,true],"medium_large":["https:\/\/vapestornado.com\/wp-content\/uploads\/2025\/01\/Bang-Tornado-40K-Puff-Adjustable-Power-Disposable-Vape-768x768.webp",768,768,true],"large":["https:\/\/vapestornado.com\/wp-content\/uploads\/2025\/01\/Bang-Tornado-40K-Puff-Adjustable-Power-Disposable-Vape.webp",800,800,false],"1536x1536":["https:\/\/vapestornado.com\/wp-content\/uploads\/2025\/01\/Bang-Tornado-40K-Puff-Adjustable-Power-Disposable-Vape.webp",800,800,false],"2048x2048":["https:\/\/vapestornado.com\/wp-content\/uploads\/2025\/01\/Bang-Tornado-40K-Puff-Adjustable-Power-Disposable-Vape.webp",800,800,false],"trp-custom-language-flag":["https:\/\/vapestornado.com\/wp-content\/uploads\/2025\/01\/Bang-Tornado-40K-Puff-Adjustable-Power-Disposable-Vape.webp",12,12,false],"woocommerce_thumbnail":["https:\/\/vapestornado.com\/wp-content\/uploads\/2025\/01\/Bang-Tornado-40K-Puff-Adjustable-Power-Disposable-Vape-300x300.webp",300,300,true],"woocommerce_single":["https:\/\/vapestornado.com\/wp-content\/uploads\/2025\/01\/Bang-Tornado-40K-Puff-Adjustable-Power-Disposable-Vape-600x600.webp",600,600,true],"woocommerce_gallery_thumbnail":["https:\/\/vapestornado.com\/wp-content\/uploads\/2025\/01\/Bang-Tornado-40K-Puff-Adjustable-Power-Disposable-Vape-100x100.webp",100,100,true]},"uagb_author_info":{"display_name":"ESMANDY","author_link":"https:\/\/vapestornado.com\/sl\/author\/"},"uagb_comment_info":0,"uagb_excerpt":"High-End Bang Tornado 40K Puff Disposable Vape Pen Durable Bang Tornado 40K Puffs Rechargeable Vape Device Bang Tornado 40K Puffs E-Cig with Customizable Ice Flavor Pods [caption id=\"attachment_2951\" align=\"alignnone\" width=\"265\"] Pls Contact Mandy's WhatsApp For Discount Price\u00a0 +8618077105796[\/caption] &nbsp;","_links":{"self":[{"href":"https:\/\/vapestornado.com\/sl\/wp-json\/wp\/v2\/product\/3753","targetHints":{"allow":["GET"]}}],"collection":[{"href":"https:\/\/vapestornado.com\/sl\/wp-json\/wp\/v2\/product"}],"about":[{"href":"https:\/\/vapestornado.com\/sl\/wp-json\/wp\/v2\/types\/product"}],"replies":[{"embeddable":true,"href":"https:\/\/vapestornado.com\/sl\/wp-json\/wp\/v2\/comments?post=3753"}],"wp:featuredmedia":[{"embeddable":true,"href":"https:\/\/vapestornado.com\/sl\/wp-json\/wp\/v2\/media\/3746"}],"wp:attachment":[{"href":"https:\/\/vapestornado.com\/sl\/wp-json\/wp\/v2\/media?parent=3753"}],"wp:term":[{"taxonomy":"product_brand","embeddable":true,"href":"https:\/\/vapestornado.com\/sl\/wp-json\/wp\/v2\/product_brand?post=3753"},{"taxonomy":"product_cat","embeddable":true,"href":"https:\/\/vapestornado.com\/sl\/wp-json\/wp\/v2\/product_cat?post=3753"},{"taxonomy":"product_tag","embeddable":true,"href":"https:\/\/vapestornado.com\/sl\/wp-json\/wp\/v2\/product_tag?post=3753"}],"curies":[{"name":"wp","href":"https:\/\/api.w.org\/{rel}","templated":true}]}}