{"id":3745,"date":"2025-01-14T09:29:58","date_gmt":"2025-01-14T09:29:58","guid":{"rendered":"https:\/\/vapestornado.com\/?post_type=product&#038;p=3745"},"modified":"2025-08-23T09:30:57","modified_gmt":"2025-08-23T09:30:57","slug":"high-capacity-bang-28000-puffs-disposable-e-cigarette","status":"publish","type":"product","link":"https:\/\/vapestornado.com\/sl\/product\/high-capacity-bang-28000-puffs-disposable-e-cigarette\/","title":{"rendered":"Visokokapacitetna e-cigareta za enkratno uporabo Bang 28000 Vpihov"},"content":{"rendered":"<h1>Visokokapacitetna e-cigareta za enkratno uporabo Bang 28000 Vpihov<\/h1>\n<p>&nbsp;<\/p>\n<div role=\"article\" data-tabster=\"{&quot;groupper&quot;:{&quot;tabbability&quot;:2},&quot;focusable&quot;:{}}\" data-content=\"ai-message\" aria-labelledby=\"64JRvXrTnY7mRmPkEQLLT-author 64JRvXrTnY7mRmPkEQLLT-content\">\n<div id=\"64JRvXrTnY7mRmPkEQLLT-content\">\n<p data-start=\"313\" data-end=\"602\">The <strong data-start=\"317\" data-end=\"353\">Bang 28000 Puffs vape za enkratno uporabo<\/strong> zagotavlja raz\u0161irjeno zmogljivost in priro\u010dnost z ogromnim <strong data-start=\"415\" data-end=\"439\">zmogljivostjo 28.000 vdihov<\/strong> in <strong data-start=\"446\" data-end=\"479\">30 ml predhodno napolnjenega rezervoarja za e-teko\u010dino<\/strong>. Z uporabo <strong data-start=\"487\" data-end=\"520\">napredno tehnologijo mre\u017easte tuljave<\/strong>, zagotavlja dosleden okus in gladko proizvodnjo pare od za\u010detka do konca.<\/p>\n<p data-start=\"604\" data-end=\"814\">Na voljo v <strong data-start=\"617\" data-end=\"656\">0%, 2%, 3% in 5% mo\u017enosti nikotina<\/strong>, Bang 28K ustreza vsem \u017eeljam, medtem ko funkcija <strong data-start=\"708\" data-end=\"732\">nastavljive ravni ledu<\/strong> omogo\u010da uporabnikom prilagajanje intenzivnosti hlajenja za osve\u017eujo\u010d mentolni u\u010dinek.<\/p>\n<p data-start=\"816\" data-end=\"1116\">Napaja ga <strong data-start=\"829\" data-end=\"860\">650mAh polnilno baterijo<\/strong> z <strong data-start=\"866\" data-end=\"890\">hitro polnjenje Type-C<\/strong>, ta naprava zmanj\u0161uje \u010das nedelovanja in podpira zanesljivo celodnevno uporabo. Njegova <strong data-start=\"962\" data-end=\"1001\">pretok zraka neposredno v plju\u010da (DTL)<\/strong> proizvaja goste oblake pare in mo\u010dne okuse, zaradi \u010desar je idealen za vaperje, ki \u017eelijo tako kapaciteto kot zmogljivost.<\/p>\n<p data-start=\"1118\" data-end=\"1279\">Za trgovce na debelo in distributerje <strong data-start=\"1156\" data-end=\"1181\">Bang 28000 vdihov Vape<\/strong> ponuja mo\u010dno privla\u010dnost z visoko \u0161tevilko vpihov, mo\u017enostmi prilagajanja in zanesljivo kakovostjo izdelave.<\/p>\n<hr data-start=\"1281\" data-end=\"1284\" \/>\n<h3 data-start=\"1286\" data-end=\"1312\">SEO Meta Opis<\/h3>\n<\/div>\n<\/div>\n<div class=\"flex max-w-full flex-col flex-grow\">\n<div class=\"min-h-8 text-message flex w-full flex-col items-end gap-2 whitespace-normal break-words text-start [.text-message+&amp;]:mt-5\" dir=\"auto\" data-message-author-role=\"assistant\" data-message-id=\"cdb991c0-f594-4bff-b2d5-fbbdd7ce9e54\" data-message-model-slug=\"gpt-4o-mini\">\n<div class=\"flex w-full flex-col gap-1 empty:hidden first:pt-[3px]\">\n<div class=\"markdown prose w-full break-words dark:prose-invert light\"><\/div>\n<\/div>\n<\/div>\n<\/div>\n<div class=\"mb-2 flex gap-3 empty:hidden -ml-2\">\n<h2 class=\"sr-proMainInfo-baseInfoH1 J-baseInfo-name\">Najbolje prodajani VAPE za enkratno uporabo z 28000 vpihi. Klju\u010dne lastnosti:<\/h2>\n<ul>\n<li><strong>Ogromno \u0161tevilo vpihov<\/strong>: Zagotavlja do <strong>28.000 vpihov<\/strong>, kar omogo\u010da dalj\u0161e vaping seanse brez pogostih menjav.<\/li>\n<li><strong>Velika prostornina E-teko\u010dine<\/strong>: Predhodno napolnjen z <strong>30 ml visokokakovostne vape teko\u010dine<\/strong> za dosleden okus in gladko proizvodnjo pare.<\/li>\n<li><strong>Prilagodljive Mo\u010di Nikotina<\/strong>: Na voljo v <strong>0%, 2%, 3% ali 5% nikotina<\/strong>, ki ustreza razli\u010dnim preferencam in potrebam po vapingu.<\/li>\n<li><strong>Napredna Mre\u017ena Tuljava<\/strong>: Vsebuje <strong>Mre\u017ena tuljava 1,0 \u03a9<\/strong> za izbolj\u0161ano gostoto pare, drzne okuse in gladke vpihe.<\/li>\n<li><strong>Nastavljiva Stopnja Hladnosti<\/strong>: Prilagodite svojo izku\u0161njo vapinga z <strong>nastavljivim hladilnim u\u010dinkom<\/strong>, popolno za osve\u017eujo\u010d mentolni ob\u010dutek.<\/li>\n<li><strong>Polnilna baterija<\/strong>: Napaja ga <strong>650mAh polnilno baterijo<\/strong>, ki zagotavlja zanesljivo delovanje skozi celotno \u017eivljenjsko dobo naprave.<\/li>\n<li><strong>Hitro Polnjenje Type-C<\/strong>: Opremljen z <strong>tehnologijo hitrega polnjenja Type-C<\/strong> za minimalne izpade in u\u010dinkovito polnjenje.<\/li>\n<li><strong>Zra\u010dni tok neposredno v plju\u010da (DTL)<\/strong>: Zasnovano za <strong>DTL vaporiziranje<\/strong>, kar zagotavlja goste oblake in intenzivne okuse.<\/li>\n<li><strong>Prenosna in elegantna zasnova<\/strong>: Kompakten, lahek in eleganten, zaradi \u010desar je idealen za potovanja ali vsakodnevno uporabo.<\/li>\n<li><strong>Okolju prijazen in za enkratno uporabo<\/strong>: Zasnovan za udobje in trajnost, kar omogo\u010da preprosto odstranitev po uporabi.<\/li>\n<\/ul>\n<\/div>\n<p><img fetchpriority=\"high\" decoding=\"async\" class=\"wp-image-2951\" src=\"https:\/\/vapestornado.com\/wp-content\/uploads\/2024\/12\/Wholesale-Disposable-Vape-265x300.jpg\" alt=\"Veleprodaja Vape za Enkratno Uporabo\" width=\"313\" height=\"354\" srcset=\"https:\/\/vapestornado.com\/wp-content\/uploads\/2024\/12\/Wholesale-Disposable-Vape-265x300.jpg 265w, https:\/\/vapestornado.com\/wp-content\/uploads\/2024\/12\/Wholesale-Disposable-Vape-768x871.jpg 768w, https:\/\/vapestornado.com\/wp-content\/uploads\/2024\/12\/Wholesale-Disposable-Vape-600x680.jpg 600w, https:\/\/vapestornado.com\/wp-content\/uploads\/2024\/12\/Wholesale-Disposable-Vape.jpg 823w\" sizes=\"(max-width: 313px) 100vw, 313px\" \/><\/p>\n<h5>Za Zni\u017eano Ceno se Obrnite na Mandy na WhatsApp<a href=\"https:\/\/wa.me\/8618077105796\" target=\"_blank\" rel=\"noopener\">+8618077105796<\/a><\/h5>\n<p>&nbsp;<\/p>\n<h3 class=\"sr-proMainInfo-baseInfoH1 J-baseInfo-name\">bangvape 28k Puffs Veleprodaja okusov vejpanja:<\/h3>\n<p>1. Jagodna lubenica<br \/>\n2. Borovni\u010dni led<br \/>\n3.Kri in pesek<br \/>\n4.Ananas Kokos<br \/>\n5.Jagoda Banana<br \/>\n6.Me\u0161ano Sadje<br \/>\n7.Borovnice Maline<br \/>\n8.Breskev Led<br \/>\n9. Mango breskev<br \/>\n10.Lubica<br \/>\n11.Grozdje na ledu<br \/>\n12.Jagoda Kivi<\/p>\n<div role=\"article\" data-tabster=\"{&quot;groupper&quot;:{&quot;tabbability&quot;:2},&quot;focusable&quot;:{}}\" data-content=\"ai-message\" aria-labelledby=\"dARUyEWDoEYhnSPXFwx5A-author dARUyEWDoEYhnSPXFwx5A-content\">\n<div id=\"dARUyEWDoEYhnSPXFwx5A-content\">\n<h3><strong>Zakaj kupiti HQ Bang 28000 Puff <\/strong>\u00a0vejpe\u00a0<strong>od vapestornado?<\/strong><\/h3>\n<ul>\n<li><strong>Zagotovljeni pristni izdelki<\/strong><br \/>\nvapestornado zagotavlja, da prejmete pristne <strong>Bang 28000 Puffs Vejpe<\/strong>, ki zagotavljajo vrhunsko kakovost in zanesljivo delovanje pri vsakem nakupu.<\/li>\n<li><strong>Nepremagljive cene<\/strong><br \/>\nU\u017eivajte v konkuren\u010dnih cenah in ekskluzivnih ponudbah za visokokapacitetne vejpe za enkratno uporabo, zaradi \u010desar je vapestornado prava destinacija za mno\u017ei\u010dna ali posamezna naro\u010dila.<\/li>\n<li><strong>Hitro po\u0161iljanje po Sloveniji<\/strong><br \/>\nS poudarkom na udobju strank, vapestornado zagotavlja <strong>hitro in zanesljivo po\u0161iljanje<\/strong> po Sloveniji, kar zagotavlja pravo\u010dasno dostavo.<\/li>\n<li><strong>Podpora osredoto\u010dena na stranke<\/strong><br \/>\nIzkoristite <strong>namensko podporo strankam<\/strong> za pomo\u010d pri povpra\u0161evanju, kar bo zagotovilo nemoteno in enostavno nakupovalno izku\u0161njo.<\/li>\n<li><strong>Vrhunska izku\u0161nja vapinga<\/strong><br \/>\nBang 28000 Puffs vape imajo napredne <strong>tehnologijo mre\u017easte tuljave<\/strong>, <strong>nastavljive ravni ledu<\/strong>in <strong>Direct-to-Lung (DTL) pretok zraka<\/strong>, kar zagotavlja drzne okuse, goste oblake in prilagojene ob\u010dutke hlajenja.<\/li>\n<li><strong>Okolju prijazno in priro\u010dno<\/strong><br \/>\nvapestornado podpira okolju odgovorno uporabo z vrhunskimi vejpi za enkratno uporabo, zasnovanimi za enostavno uporabo in odstranjevanje.<\/li>\n<\/ul>\n<\/div>\n<\/div>\n<h3>Pogosta vpra\u0161anja o New Vape Bang 28000 Puffs<\/h3>\n<p><strong>1. Kako lahko sledim svojemu naro\u010dilu za Bang 28000 Puffs?<\/strong><br \/>\nSledenje naro\u010dilu je preprosto. Ko je va\u0161e naro\u010dilo potrjeno, boste prejeli sledilno \u0161tevilko prek WhatsAppa. Uporabite to \u0161tevilko na spletni strani dolo\u010denega prevoznika, da spremljate potek dostave va\u0161ega paketa. Za dodatno pomo\u010d se obrnite na na\u0161o ekipo za podporo strankam.<\/p>\n<p><strong>2. Ali lahko dolo\u010dim okuse za naklju\u010dno izbrane izdelke?<\/strong><br \/>\nDa, lahko! \u010ceprav nekateri paketi izdelkov vklju\u010dujejo vnaprej izbrane okuse, se trudimo ugoditi posebnim \u017eeljam glede okusov. Preprosto pustite opombo ob nakupu ali se z va\u0161o zahtevo obrnite na na\u0161o podporo strankam. Zagotovili bomo, da bodo va\u0161i \u017eeleni okusi vklju\u010deni, \u010de so na zalogi.<\/p>\n<p><strong>3. Zakaj so Bang 28000 Puffs vape edinstveni?<\/strong><br \/>\nThe <strong>Bang 28000 Puffs vape za enkratno uporabo<\/strong> ponuja ogromno \u0161tevilo vdihov, <strong>30 ml e-teko\u010dine<\/strong>, nastavljive ravni ledu in napredno tehnologijo mre\u017easte tuljave. Zasnovan je za priro\u010dnost, dolgotrajno uporabo in prilagodljivo izku\u0161njo vapinga.<\/p>","protected":false},"excerpt":{"rendered":"<ul>\n<li>Premium Bang 28000 Puffs Vape za enkratno uporabo<\/li>\n<li>Dolgotrajen Bang 28000 Puff Vape za ponovno polnjenje<\/li>\n<li>Elektronska cigareta Bang 28000 Puffs z nastavljivimi Ice Vape Pods<\/li>\n<\/ul>\n<figure id=\"attachment_2951\" aria-describedby=\"caption-attachment-2951\" style=\"width: 265px\" class=\"wp-caption alignnone\"><img decoding=\"async\" class=\"size-medium wp-image-2951\" src=\"https:\/\/vapestornado.com\/wp-content\/uploads\/2024\/12\/Wholesale-Disposable-Vape-265x300.jpg\" alt=\"Veleprodaja Vape za Enkratno Uporabo\" width=\"265\" height=\"300\" srcset=\"https:\/\/vapestornado.com\/wp-content\/uploads\/2024\/12\/Wholesale-Disposable-Vape-265x300.jpg 265w, https:\/\/vapestornado.com\/wp-content\/uploads\/2024\/12\/Wholesale-Disposable-Vape-768x871.jpg 768w, https:\/\/vapestornado.com\/wp-content\/uploads\/2024\/12\/Wholesale-Disposable-Vape-600x680.jpg 600w, https:\/\/vapestornado.com\/wp-content\/uploads\/2024\/12\/Wholesale-Disposable-Vape.jpg 823w\" sizes=\"(max-width: 265px) 100vw, 265px\" \/><figcaption id=\"caption-attachment-2951\" class=\"wp-caption-text\">Za Zni\u017eano Ceno se Obrnite na Mandy na WhatsApp\u00a0 <a href=\"https:\/\/wa.me\/8618077105796\">+8618077105796<\/a><\/figcaption><\/figure>\n<p>&nbsp;<\/p>","protected":false},"featured_media":3738,"comment_status":"open","ping_status":"closed","template":"","meta":{"_acf_changed":false,"_uag_custom_page_level_css":"","_lmt_disableupdate":"no","_lmt_disable":"","_monsterinsights_skip_tracking":false,"_monsterinsights_sitenote_active":false,"_monsterinsights_sitenote_note":"","_monsterinsights_sitenote_category":0,"site-sidebar-layout":"default","site-content-layout":"","ast-site-content-layout":"default","site-content-style":"default","site-sidebar-style":"default","ast-global-header-display":"","ast-banner-title-visibility":"","ast-main-header-display":"","ast-hfb-above-header-display":"","ast-hfb-below-header-display":"","ast-hfb-mobile-header-display":"","site-post-title":"","ast-breadcrumbs-content":"","ast-featured-img":"","footer-sml-layout":"","ast-disable-related-posts":"","theme-transparent-header-meta":"default","adv-header-id-meta":"","stick-header-meta":"","header-above-stick-meta":"","header-main-stick-meta":"","header-below-stick-meta":"","astra-migrate-meta-layouts":"set","ast-page-background-enabled":"default","ast-page-background-meta":{"desktop":{"background-color":"","background-image":"","background-repeat":"repeat","background-position":"center center","background-size":"auto","background-attachment":"scroll","background-type":"","background-media":"","overlay-type":"","overlay-color":"","overlay-opacity":"","overlay-gradient":""},"tablet":{"background-color":"","background-image":"","background-repeat":"repeat","background-position":"center center","background-size":"auto","background-attachment":"scroll","background-type":"","background-media":"","overlay-type":"","overlay-color":"","overlay-opacity":"","overlay-gradient":""},"mobile":{"background-color":"","background-image":"","background-repeat":"repeat","background-position":"center center","background-size":"auto","background-attachment":"scroll","background-type":"","background-media":"","overlay-type":"","overlay-color":"","overlay-opacity":"","overlay-gradient":""}},"ast-content-background-meta":{"desktop":{"background-color":"var(--ast-global-color-5)","background-image":"","background-repeat":"repeat","background-position":"center center","background-size":"auto","background-attachment":"scroll","background-type":"","background-media":"","overlay-type":"","overlay-color":"","overlay-opacity":"","overlay-gradient":""},"tablet":{"background-color":"var(--ast-global-color-5)","background-image":"","background-repeat":"repeat","background-position":"center center","background-size":"auto","background-attachment":"scroll","background-type":"","background-media":"","overlay-type":"","overlay-color":"","overlay-opacity":"","overlay-gradient":""},"mobile":{"background-color":"var(--ast-global-color-5)","background-image":"","background-repeat":"repeat","background-position":"center center","background-size":"auto","background-attachment":"scroll","background-type":"","background-media":"","overlay-type":"","overlay-color":"","overlay-opacity":"","overlay-gradient":""}},"_joinchat":{"telephone":"+8618077105796"}},"product_brand":[],"product_cat":[235,150,153,144],"product_tag":[236,97,98],"class_list":{"0":"post-3745","1":"product","2":"type-product","3":"status-publish","4":"has-post-thumbnail","6":"product_cat-28000-puff","7":"product_cat-buy-disposable-vapes-in-belgium","8":"product_cat-buy-disposable-vapes-in-italy","9":"product_cat-low-nicotine-disposable-vapes","10":"product_tag-bang-28000-puffs","11":"product_tag-hot-sale-disposable-vape","12":"product_tag-wholesale-price-disposable-vape","13":"desktop-align-left","14":"tablet-align-left","15":"mobile-align-left","17":"first","18":"instock","19":"sale","20":"shipping-taxable","21":"purchasable","22":"product-type-simple"},"acf":[],"uagb_featured_image_src":{"full":["https:\/\/vapestornado.com\/wp-content\/uploads\/2025\/01\/Bang-28000-Puffs-Ultimate-Long-Lasting-Vape.webp",800,800,false],"thumbnail":["https:\/\/vapestornado.com\/wp-content\/uploads\/2025\/01\/Bang-28000-Puffs-Ultimate-Long-Lasting-Vape-150x150.webp",150,150,true],"medium":["https:\/\/vapestornado.com\/wp-content\/uploads\/2025\/01\/Bang-28000-Puffs-Ultimate-Long-Lasting-Vape-300x300.webp",300,300,true],"medium_large":["https:\/\/vapestornado.com\/wp-content\/uploads\/2025\/01\/Bang-28000-Puffs-Ultimate-Long-Lasting-Vape-768x768.webp",768,768,true],"large":["https:\/\/vapestornado.com\/wp-content\/uploads\/2025\/01\/Bang-28000-Puffs-Ultimate-Long-Lasting-Vape.webp",800,800,false],"1536x1536":["https:\/\/vapestornado.com\/wp-content\/uploads\/2025\/01\/Bang-28000-Puffs-Ultimate-Long-Lasting-Vape.webp",800,800,false],"2048x2048":["https:\/\/vapestornado.com\/wp-content\/uploads\/2025\/01\/Bang-28000-Puffs-Ultimate-Long-Lasting-Vape.webp",800,800,false],"trp-custom-language-flag":["https:\/\/vapestornado.com\/wp-content\/uploads\/2025\/01\/Bang-28000-Puffs-Ultimate-Long-Lasting-Vape.webp",12,12,false],"woocommerce_thumbnail":["https:\/\/vapestornado.com\/wp-content\/uploads\/2025\/01\/Bang-28000-Puffs-Ultimate-Long-Lasting-Vape-300x300.webp",300,300,true],"woocommerce_single":["https:\/\/vapestornado.com\/wp-content\/uploads\/2025\/01\/Bang-28000-Puffs-Ultimate-Long-Lasting-Vape-600x600.webp",600,600,true],"woocommerce_gallery_thumbnail":["https:\/\/vapestornado.com\/wp-content\/uploads\/2025\/01\/Bang-28000-Puffs-Ultimate-Long-Lasting-Vape-100x100.webp",100,100,true]},"uagb_author_info":{"display_name":"ESMANDY","author_link":"https:\/\/vapestornado.com\/sl\/author\/"},"uagb_comment_info":0,"uagb_excerpt":"Premium Bang 28000 Puffs Disposable Vape Pen Long-Lasting Bang 28000 Puff Rechargeable Vape Bang 28000 Puffs E-Cigarette with Adjustable Ice Vape Pods [caption id=\"attachment_2951\" align=\"alignnone\" width=\"265\"] Pls Contact Mandy's WhatsApp For Discount Price\u00a0 +8618077105796[\/caption] &nbsp;","_links":{"self":[{"href":"https:\/\/vapestornado.com\/sl\/wp-json\/wp\/v2\/product\/3745","targetHints":{"allow":["GET"]}}],"collection":[{"href":"https:\/\/vapestornado.com\/sl\/wp-json\/wp\/v2\/product"}],"about":[{"href":"https:\/\/vapestornado.com\/sl\/wp-json\/wp\/v2\/types\/product"}],"replies":[{"embeddable":true,"href":"https:\/\/vapestornado.com\/sl\/wp-json\/wp\/v2\/comments?post=3745"}],"wp:featuredmedia":[{"embeddable":true,"href":"https:\/\/vapestornado.com\/sl\/wp-json\/wp\/v2\/media\/3738"}],"wp:attachment":[{"href":"https:\/\/vapestornado.com\/sl\/wp-json\/wp\/v2\/media?parent=3745"}],"wp:term":[{"taxonomy":"product_brand","embeddable":true,"href":"https:\/\/vapestornado.com\/sl\/wp-json\/wp\/v2\/product_brand?post=3745"},{"taxonomy":"product_cat","embeddable":true,"href":"https:\/\/vapestornado.com\/sl\/wp-json\/wp\/v2\/product_cat?post=3745"},{"taxonomy":"product_tag","embeddable":true,"href":"https:\/\/vapestornado.com\/sl\/wp-json\/wp\/v2\/product_tag?post=3745"}],"curies":[{"name":"wp","href":"https:\/\/api.w.org\/{rel}","templated":true}]}}