{"id":3734,"date":"2025-01-13T08:21:51","date_gmt":"2025-01-13T08:21:51","guid":{"rendered":"https:\/\/vapestornado.com\/?post_type=product&#038;p=3734"},"modified":"2025-08-23T09:32:47","modified_gmt":"2025-08-23T09:32:47","slug":"waspe-crystal-40000-puffs-40k-double-flavor-rechargeable-disposable-vapes-cheap-price","status":"publish","type":"product","link":"https:\/\/vapestornado.com\/sl\/product\/waspe-crystal-40000-puffs-40k-double-flavor-rechargeable-disposable-vapes-cheap-price\/","title":{"rendered":"WASPE Crystal 40000 Vdihov 40k Dvojni Okus Polnilni Vape za Enkratno Uporabo Poceni Cena"},"content":{"rendered":"<h1 class=\"product-title\">WASPE Crystal 40000 Vdihov 40k Dvojni Okus Polnilni Vape za Enkratno Uporabo Poceni Cena<\/h1>\n<p>The <strong>WASPE Crystal 40000 Vpihov<\/strong> je vrhunski <strong>ponovno polnljiva e-cigareta za enkratno uporabo<\/strong> zasnovan za uporabnike vape, ki i\u0161\u010dejo dolgotrajno, okusno in prilagodljivo izku\u0161njo. S svojo ogromno \u0161tevilko vpihov, <strong>nastavljivim pretokom zraka<\/strong>, in inovativno <strong>tehnologijo 2 okusa v 1<\/strong> izstopa med <strong>najbolj\u0161e blagovne znamke vape za enkratno uporabo<\/strong> po neverjetno <strong>poceni veleprodajni ceni<\/strong>.<\/p>\n<p>Z impresivnimi <strong>40.000 vpihov<\/strong>, ta naprava ponuja eno najvi\u0161jih zmogljivosti na trgu razpolo\u017eljivih vape, kar zagotavlja dolgotrajno u\u017eivanje brez pogostih zamenjav. The <strong>tehnologija dvojnega okusa<\/strong> zdru\u017euje dva komplementarna okusa v eni napravi, kar uporabnikom omogo\u010da preklapljanje med njima brez napora in u\u017eivanje v dinami\u010dni izku\u0161nji vapinga.<\/p>\n<p data-start=\"598\" data-end=\"841\">The <strong data-start=\"602\" data-end=\"624\">sistem z dvojnim okusom<\/strong> uporabnikom omogo\u010da preklapljanje med dvema me\u0161anicama v eni napravi, kar zagotavlja raznolikost in sve\u017eino pri vsaki uporabi. V kombinaciji z <strong data-start=\"744\" data-end=\"766\">nastavljivim pretokom zraka<\/strong>, omogo\u010da uporabnikom, da prilagodijo svoj poteg \u2013 od tesnih udarcev do bolj gladkih oblakov.<\/p>\n<p data-start=\"843\" data-end=\"1081\">Opremljen z <strong data-start=\"857\" data-end=\"881\">dvojne mre\u017easte tuljave 0,9 \u03a9<\/strong>, WASPE Crystal izbolj\u0161uje konsistentnost okusa in gostoto pare. Na voljo v <strong data-start=\"961\" data-end=\"998\">jakostih nikotina 0%, 2% in 5%<\/strong>, ustreza razli\u010dnim preferencam, od uporabe brez nikotina do mo\u010dnej\u0161ih udarcev v grlo.<\/p>\n<p data-start=\"1083\" data-end=\"1291\">Napaja ga <strong data-start=\"1097\" data-end=\"1128\">850 mAh baterijo za ponovno polnjenje<\/strong> z <strong data-start=\"1134\" data-end=\"1158\">hitro polnjenje Type-C<\/strong>, ta naprava zmanj\u0161uje \u010das nedelovanja. A <strong data-start=\"1194\" data-end=\"1217\">LED digitalni zaslon<\/strong> prikazuje nivo baterije in e-teko\u010dine v realnem \u010dasu, kar uporabnikom omogo\u010da popoln nadzor.<\/p>\n<p data-start=\"1293\" data-end=\"1484\">Za trgovce na debelo in drobno <strong data-start=\"1328\" data-end=\"1354\">WASPE Crystal 40K Vape<\/strong> je u\u010dinkovito pakiran z <strong data-start=\"1384\" data-end=\"1424\">200 kosi na karton in 10 na \u0161katlo<\/strong>, zaradi \u010desar je stro\u0161kovno u\u010dinkovita mo\u017enost za distribucijo v velikem obsegu.<\/p>\n<p>Za tiste, ki \u017eelijo <strong>kupiti v velikih koli\u010dinah<\/strong>, WASPE Crystal ponuja odli\u010dne mo\u017enosti veleprodaje s pakiranjem <strong>200 kosov na karton in 10 kosov na \u0161katlo<\/strong>, zaradi \u010desar je popoln za trgovce na drobno in distributerje. Skupna bruto te\u017ea 22,5 kg zagotavlja u\u010dinkovito in stro\u0161kovno u\u010dinkovito po\u0161iljanje za kupce v velikem obsegu.<\/p>\n<p><strong>Dodajte Amy na Whatsapp in prejmite takoj\u0161en odgovor ter kupon za vape!<\/strong><\/p>\n<p><img fetchpriority=\"high\" decoding=\"async\" class=\"size-full wp-image-2932\" src=\"https:\/\/vapestornado.com\/wp-content\/uploads\/2024\/12\/Vape-Wholesale.jpg\" alt=\"Vape Veleprodaja\" width=\"229\" height=\"300\" \/><\/p>\n<h3><a href=\"https:\/\/wa.me\/8617776015835\" target=\"_blank\" rel=\"noopener\"><span style=\"color: #ff0000;\"><strong>WhatsApp: +386 17776015835<\/strong><\/span><\/a><\/h3>\n<p>&nbsp;<\/p>\n<h2><strong>Lastnosti izdelka WASPE Crystal 40000<\/strong><\/h2>\n<ol>\n<li><strong>Najve\u010d vdihov<\/strong>: 40000<\/li>\n<li><strong>Dvojni okusi<\/strong>: 20000 vdihov + 20000 vdihov = 40000 vdihov<\/li>\n<li><strong>Vsebnost nikotina<\/strong>: 0% \/ 2% \/ 3% \/ 5%<\/li>\n<li><strong>Predhodno napolnjena prostornina<\/strong>: 32 ml<\/li>\n<li><strong>Kapaciteta Baterije<\/strong>: 850 mAh<\/li>\n<li><strong>Vrata za polnjenje<\/strong>: USB Tip-C<\/li>\n<li><strong>Delovanje<\/strong>: Aktivacija z vdihom<\/li>\n<li><strong>0.9ohm dvojna mre\u017easta tuljava<\/strong><\/li>\n<li><strong>LED Zaslon<\/strong><\/li>\n<li><strong>Indikator nivoja baterije<\/strong><\/li>\n<li><strong>Indikator nivoja e-teko\u010dine<\/strong><\/li>\n<\/ol>\n<h2 class=\"product-title\"><strong>Seznam okusov WASPE Crystal 40000<\/strong><\/h2>\n<p>1. Lubenica led<br \/>\n2. Red Bull led<br \/>\n3. Jagodna Red Bull<br \/>\n4. Bonbon iz borovnic<br \/>\n5. Jagoda kivi<br \/>\n6. Borovnica malina<br \/>\n7. Jagoda malina \u010de\u0161nja<br \/>\n8. Breskev led<br \/>\n9. Jagoda banana<br \/>\n10. Grozdni led<br \/>\n11. Me\u0161ano jagodi\u010devje<br \/>\n12. Borovni\u010dev led<\/p>\n<h3 class=\"product-title\"><strong>Podroben pregled seznama okusov WASPE Crystal 40000 Vpihov<\/strong><\/h3>\n<ol>\n<li><strong>Lubenica led<\/strong> \u2013 Osve\u017eujo\u010da me\u0161anica hladne lubenice s pikantnim pridihom limone in limete.<\/li>\n<li><strong>Borovni\u010dev led<\/strong> \u2013 Sladke borovnice se sre\u010dajo s pene\u010dim u\u017eitkom \u010de\u0161njeve kole z ledenim zaklju\u010dkom.<\/li>\n<li><strong>Me\u0161ano jagodi\u010devje<\/strong> \u2013 Sadna me\u0161anica me\u0161anega jagodi\u010devja s pikantnim okusom malinove limonade.<\/li>\n<li><strong>Grozdni led<\/strong> \u2013 So\u010den okus grozdja, zdru\u017een z eksoti\u010dnim mrazom \u010drnega zmajevega ledu.<\/li>\n<li><strong>Jagoda banana<\/strong> \u2013 Tropska me\u0161anica kremaste banane, sladke jagode in ledene ananasove kokosovega oreha.<\/li>\n<li><strong>Breskev Led<\/strong> \u2013 Gladek ledeni breskev, pome\u0161an s so\u010dno lubenico in mangom.<\/li>\n<li><strong>Jagoda Malina \u010ce\u0161nja<\/strong> \u2013 Slastna me\u0161anica jagod, malin, \u010de\u0161enj in skrivnostnega okusa Love 666.<\/li>\n<li><strong>Borovnica Malina<\/strong> \u2013 Sladke borovnice in maline, pome\u0161ane z ledeno breskovo jagodi\u010devjem.<\/li>\n<li><strong>Jagoda Kivi<\/strong> \u2013 \u010cudovita me\u0161anica sladkih jagod s pikantnim kivijem in \u010de\u0161njo.<\/li>\n<li><strong>Borovni\u010dni Bonbon<\/strong> \u2013 Sladkost borovnice, podobna bonbonom, v kombinaciji s so\u010dno jagodno lubenico.<\/li>\n<li><strong>Jagodni Red Bull<\/strong> \u2013 Edinstvena me\u0161anica po\u017eivljajo\u010dega okusa Red Bulla s sladko borovni\u010devo \u010de\u0161njo.<\/li>\n<li><strong>Red Bull Led<\/strong> \u2013 Osve\u017eujo\u010d Red Bull led, zdru\u017een s sladkim jagodnim mangom.<\/li>\n<\/ol>\n<h3>Zakaj izbrati vapestornado za veleprodajo WASPE Crystal 40000 Vape?<\/h3>\n<div class=\"flex-shrink-0 flex flex-col relative items-end\">\n<div class=\"pt-0\">\n<div class=\"gizmo-bot-avatar flex h-8 w-8 items-center justify-center overflow-hidden rounded-full\">\n<div class=\"relative p-1 rounded-sm flex items-center justify-center bg-token-main-surface-primary text-token-text-primary h-8 w-8\">\n<p>Dobrodo\u0161li v vapestornadu, va\u0161i zaupanja vredni spletni trgovini z veipi za vrhunske veipe za enkratno uporabo. Z ve\u010d kot 5-letnimi izku\u0161njami vam prina\u0161amo priljubljene blagovne znamke veipov za enkratno uporabo, kot so Fumot RandM Vape, <a href=\"https:\/\/vapestornado.com\/sl\/product\/vapme-crystal-7000-puffs-rechargeable-disposable-vape-wholesale-cheap-price\/\">Vapme<\/a>, Bang Vape, Waspe Vape in WGA Vape, itd.<\/p>\n<p>Na\u0161a ponudba vklju\u010duje vro\u010de prodajane veipe, kot je <a href=\"https:\/\/vapestornado.com\/sl\/product\/fumot-randm-tornado-15000-puffs-rechargeable-disposable-vape-wholesale\/\">RandM Tornado 15000<\/a>, in izbire, bogate z okusi, kot je <a href=\"https:\/\/vapestornado.com\/sl\/product\/waspe-40000-puffs-double-flavour-led-display-disposable-vape-wholesale\/\">WASPE Dvojni okus 40000 vdihov<\/a> Vsak izdelek je izbran s poudarkom na kakovosti, vrednosti in raznolikosti, kar zagotavlja, da boste na\u0161li popolno ujemanje za svoje potrebe. Odkrijte izjemno storitev in \u0161iroko paleto vrhunskih izdelkov po veleprodajni ceni pri vapestornado.<\/p>\n<\/div>\n<h3><\/h3>\n<div class=\"relative p-1 rounded-sm flex items-center justify-center bg-token-main-surface-primary text-token-text-primary h-8 w-8\">\n<h3>Pogosta vpra\u0161anja za WASPE Crystal 40000 Vape za enkratno uporabo<\/h3>\n<\/div>\n<\/div>\n<\/div>\n<\/div>\n<div class=\"flex-shrink-0 flex flex-col relative items-end\">\n<div class=\"pt-0\">\n<div class=\"gizmo-bot-avatar flex h-8 w-8 items-center justify-center overflow-hidden rounded-full\">\n<div class=\"relative p-1 rounded-sm flex items-center justify-center bg-token-main-surface-primary text-token-text-primary h-8 w-8\">\n<div class=\"mb-2 flex gap-3 empty:hidden -ml-2\">\n<ol>\n<li><strong>Koliko \u010dasa traja, da se WASPE Crystal popolnoma napolni?<\/strong>\n<ul>\n<li>S hitrim polnjenjem Type-C naprava potrebuje pribli\u017eno 1 uro, da se popolnoma napolni.<\/li>\n<\/ul>\n<\/li>\n<li><strong>Kje lahko kupim WASPE Crystal po veleprodajni ceni?<\/strong>\n<ul>\n<li>Kupite ga lahko po veleprodajnih cenah pri vapestornado, ki ponuja odli\u010dne ponudbe in mo\u017enosti za nakup v velikih koli\u010dinah.<\/li>\n<\/ul>\n<\/li>\n<li><strong>Kako deluje sistem z dvojnim okusom?<\/strong>\n<ul>\n<li>Preprosto prilagodite nastavitve pretoka zraka za nemoteno preklapljanje med dvema okusoma.<\/li>\n<\/ul>\n<\/li>\n<li><strong>Je WASPE Crystal primeren za za\u010detnike?<\/strong>\n<ul>\n<li>Da, je enostaven za uporabo in ponuja mo\u017enost nikotina 0%, zaradi \u010desar je popoln za za\u010detnike.<\/li>\n<\/ul>\n<\/li>\n<li><strong>Kak\u0161no vrsto polnjenja podpira WASPE Crystal?<\/strong>\n<ul>\n<li>Podpira polnjenje Type-C, zaradi \u010desar je zdru\u017eljiv z ve\u010dino sodobnih polnilnikov.<\/li>\n<\/ul>\n<\/li>\n<\/ol>\n<h2>Kako naro\u010diti?<\/h2>\n<p><strong>1. Katere na\u010dine pla\u010dila sprejemate?<\/strong><br \/>\nSprejemamo IBAN nakazila in <span style=\"font-size: 16px;\">Western Union<\/span>\u00a0za varne in priro\u010dne transakcije.<\/p>\n<p><strong>2. Kako lahko sledim svojemu naro\u010dilu?<\/strong><br \/>\nKo je va\u0161e naro\u010dilo odposlano, <span class=\"selectable-text copyable-text false\">vas bomo sproti obve\u0161\u010dali o sledenju tovora, dokler ga ne prejmete.<\/span>.<\/p>\n<p><strong>3. Kak\u0161en je predvideni \u010das po\u0161iljanja?<\/strong><\/p>\n<ul>\n<li>Po\u0161iljanje iz <strong>skladi\u0161\u010d na Kitajskem<\/strong> traja pribli\u017eno <strong>7-14 delovnih dni.<\/strong>.<\/li>\n<li>Po\u0161iljanje iz <strong>Evropska skladi\u0161\u010da<\/strong> obi\u010dajno trajajo <strong>3-6 delovnih dni.<\/strong>.<\/li>\n<\/ul>\n<p><strong>4. Kako lahko dobim hitrej\u0161o dostavo?<\/strong><br \/>\nZa hitrej\u0161o dostavo priporo\u010damo naro\u010danje iz na\u0161ega <strong>Evropskega skladi\u0161\u010da<\/strong>, ki ponuja hitrej\u0161e dobavne roke.<\/p>\n<p><strong>5. Kako vrnem izdelek?<\/strong><br \/>\nZa vra\u010dilo izdelka se obrnite na na\u0161o slu\u017ebo za pomo\u010d uporabnikom za podrobna navodila o postopku vra\u010dila.<\/p>\n<p><strong>6. Ali ponujate mednarodno po\u0161iljanje?<\/strong><br \/>\nDa, po\u0161iljamo v ve\u010dino dr\u017eav in uredimo <strong>carinjenje<\/strong> za nemoteno dostavo.<\/p>\n<p><strong>7. Kaj storiti, \u010de prejmem po\u0161kodovan ali pokvarjen izdelek?<\/strong><br \/>\n\u010ce je va\u0161 izdelek po\u0161kodovan ali pokvarjen, se obrnite na slu\u017ebo za pomo\u010d uporabnikom za <strong>zamenjavo ali povra\u010dilo kupnine<\/strong>.<\/p>\n<p><strong>8. Kako lahko stopim v stik s slu\u017ebo za pomo\u010d uporabnikom?<\/strong><br \/>\nDosegljivi smo preko <strong>e-po\u0161te, WhatsAppa ali klepeta v \u017eivo<\/strong> na na\u0161i spletni strani za kakr\u0161no koli pomo\u010d.<\/p>\n<\/div>\n<\/div>\n<\/div>\n<\/div>\n<\/div>","protected":false},"excerpt":{"rendered":"<p>Najbolj\u0161i Waspe Crystal Vape 40000 Vpihov Dvojni Okusi Nizka Vsebnost Nikotina Razpolo\u017eljivi Vape na Debelo<br \/>\nWASPE Crystal 40000 Vpihov Dvojni Okus LED Zaslon Razpolo\u017eljivi Vape Nakup v Razsutem Stanju<br \/>\nWASPE Crystal 40000 Vpihov 2 v 1 Okus Polnilni Razpolo\u017eljivi Vape Poceni Cena<\/p>\n<p><strong>Dodajte Amy na WhatsApp in prejmite takoj\u0161en odgovor ter kupon za vape!<\/strong><\/p>\n<p><img fetchpriority=\"high\" decoding=\"async\" class=\"size-full wp-image-2932\" src=\"https:\/\/vapestornado.com\/wp-content\/uploads\/2024\/12\/Vape-Wholesale.jpg\" alt=\"Vape Veleprodaja\" width=\"229\" height=\"300\" \/><\/p>\n<h3><a href=\"https:\/\/wa.me\/8617776015835\"><span style=\"color: #ff0000;\"><strong>WhatsApp: +386 17776015835<\/strong><\/span><\/a><\/h3>\n<p>&nbsp;<\/p>","protected":false},"featured_media":3756,"comment_status":"open","ping_status":"closed","template":"","meta":{"_acf_changed":false,"_uag_custom_page_level_css":"","_lmt_disableupdate":"no","_lmt_disable":"","_monsterinsights_skip_tracking":false,"_monsterinsights_sitenote_active":false,"_monsterinsights_sitenote_note":"","_monsterinsights_sitenote_category":0,"site-sidebar-layout":"default","site-content-layout":"","ast-site-content-layout":"default","site-content-style":"default","site-sidebar-style":"default","ast-global-header-display":"","ast-banner-title-visibility":"","ast-main-header-display":"","ast-hfb-above-header-display":"","ast-hfb-below-header-display":"","ast-hfb-mobile-header-display":"","site-post-title":"","ast-breadcrumbs-content":"","ast-featured-img":"","footer-sml-layout":"","ast-disable-related-posts":"","theme-transparent-header-meta":"default","adv-header-id-meta":"","stick-header-meta":"","header-above-stick-meta":"","header-main-stick-meta":"","header-below-stick-meta":"","astra-migrate-meta-layouts":"set","ast-page-background-enabled":"default","ast-page-background-meta":{"desktop":{"background-color":"","background-image":"","background-repeat":"repeat","background-position":"center center","background-size":"auto","background-attachment":"scroll","background-type":"","background-media":"","overlay-type":"","overlay-color":"","overlay-opacity":"","overlay-gradient":""},"tablet":{"background-color":"","background-image":"","background-repeat":"repeat","background-position":"center center","background-size":"auto","background-attachment":"scroll","background-type":"","background-media":"","overlay-type":"","overlay-color":"","overlay-opacity":"","overlay-gradient":""},"mobile":{"background-color":"","background-image":"","background-repeat":"repeat","background-position":"center center","background-size":"auto","background-attachment":"scroll","background-type":"","background-media":"","overlay-type":"","overlay-color":"","overlay-opacity":"","overlay-gradient":""}},"ast-content-background-meta":{"desktop":{"background-color":"var(--ast-global-color-5)","background-image":"","background-repeat":"repeat","background-position":"center center","background-size":"auto","background-attachment":"scroll","background-type":"","background-media":"","overlay-type":"","overlay-color":"","overlay-opacity":"","overlay-gradient":""},"tablet":{"background-color":"var(--ast-global-color-5)","background-image":"","background-repeat":"repeat","background-position":"center center","background-size":"auto","background-attachment":"scroll","background-type":"","background-media":"","overlay-type":"","overlay-color":"","overlay-opacity":"","overlay-gradient":""},"mobile":{"background-color":"var(--ast-global-color-5)","background-image":"","background-repeat":"repeat","background-position":"center center","background-size":"auto","background-attachment":"scroll","background-type":"","background-media":"","overlay-type":"","overlay-color":"","overlay-opacity":"","overlay-gradient":""}},"_joinchat":{"telephone":"+8617776015835"}},"product_brand":[],"product_cat":[19,65,140,153,155,141,142,60],"product_tag":[120,97,94,93,237,163],"class_list":{"0":"post-3734","1":"product","2":"type-product","3":"status-publish","4":"has-post-thumbnail","6":"product_cat-vapes","7":"product_cat-40000-puff","8":"product_cat-big-puffs-disposable-vapes","9":"product_cat-buy-disposable-vapes-in-italy","10":"product_cat-buy-disposable-vapes-in-norway","11":"product_cat-crystal-disposable-vapes","12":"product_cat-digital-box-disposable-vapes","13":"product_cat-waspe-fihp-vape","14":"product_tag-crystal-vape","15":"product_tag-hot-sale-disposable-vape","16":"product_tag-rechargeable-disposable-vape","17":"product_tag-vape-wholesale","18":"product_tag-waspe-crystal-40000","19":"product_tag-waspe-vape","20":"desktop-align-left","21":"tablet-align-left","22":"mobile-align-left","24":"first","25":"instock","26":"sale","27":"shipping-taxable","28":"purchasable","29":"product-type-simple"},"acf":[],"uagb_featured_image_src":{"full":["https:\/\/vapestornado.com\/wp-content\/uploads\/2025\/01\/WASPE-40000-Puffs-Crystal-Disposable-Vape-Wholesale-Price.webp",1000,1000,false],"thumbnail":["https:\/\/vapestornado.com\/wp-content\/uploads\/2025\/01\/WASPE-40000-Puffs-Crystal-Disposable-Vape-Wholesale-Price-150x150.webp",150,150,true],"medium":["https:\/\/vapestornado.com\/wp-content\/uploads\/2025\/01\/WASPE-40000-Puffs-Crystal-Disposable-Vape-Wholesale-Price-300x300.webp",300,300,true],"medium_large":["https:\/\/vapestornado.com\/wp-content\/uploads\/2025\/01\/WASPE-40000-Puffs-Crystal-Disposable-Vape-Wholesale-Price-768x768.webp",768,768,true],"large":["https:\/\/vapestornado.com\/wp-content\/uploads\/2025\/01\/WASPE-40000-Puffs-Crystal-Disposable-Vape-Wholesale-Price.webp",1000,1000,false],"1536x1536":["https:\/\/vapestornado.com\/wp-content\/uploads\/2025\/01\/WASPE-40000-Puffs-Crystal-Disposable-Vape-Wholesale-Price.webp",1000,1000,false],"2048x2048":["https:\/\/vapestornado.com\/wp-content\/uploads\/2025\/01\/WASPE-40000-Puffs-Crystal-Disposable-Vape-Wholesale-Price.webp",1000,1000,false],"trp-custom-language-flag":["https:\/\/vapestornado.com\/wp-content\/uploads\/2025\/01\/WASPE-40000-Puffs-Crystal-Disposable-Vape-Wholesale-Price.webp",12,12,false],"woocommerce_thumbnail":["https:\/\/vapestornado.com\/wp-content\/uploads\/2025\/01\/WASPE-40000-Puffs-Crystal-Disposable-Vape-Wholesale-Price-300x300.webp",300,300,true],"woocommerce_single":["https:\/\/vapestornado.com\/wp-content\/uploads\/2025\/01\/WASPE-40000-Puffs-Crystal-Disposable-Vape-Wholesale-Price-600x600.webp",600,600,true],"woocommerce_gallery_thumbnail":["https:\/\/vapestornado.com\/wp-content\/uploads\/2025\/01\/WASPE-40000-Puffs-Crystal-Disposable-Vape-Wholesale-Price-100x100.webp",100,100,true]},"uagb_author_info":{"display_name":"ESAMY","author_link":"https:\/\/vapestornado.com\/sl\/author\/"},"uagb_comment_info":0,"uagb_excerpt":"Best Waspe Crystal Vape 40000 Puffs Dual Flavors Low Nicotine Disposable Vape Wholesale WASPE Crystal 40000 Puffs Double Flavor LED Display Disposable Vape Bulk Buy WASPE Crystal 40000 Puffs 2 in 1 Flavor Rechargeable Disposable Vapes Cheap Price Add Amy's whatsapp get right reply and vape vape coupon! WhatsApp: +86 17776015835 &nbsp;","_links":{"self":[{"href":"https:\/\/vapestornado.com\/sl\/wp-json\/wp\/v2\/product\/3734","targetHints":{"allow":["GET"]}}],"collection":[{"href":"https:\/\/vapestornado.com\/sl\/wp-json\/wp\/v2\/product"}],"about":[{"href":"https:\/\/vapestornado.com\/sl\/wp-json\/wp\/v2\/types\/product"}],"replies":[{"embeddable":true,"href":"https:\/\/vapestornado.com\/sl\/wp-json\/wp\/v2\/comments?post=3734"}],"wp:featuredmedia":[{"embeddable":true,"href":"https:\/\/vapestornado.com\/sl\/wp-json\/wp\/v2\/media\/3756"}],"wp:attachment":[{"href":"https:\/\/vapestornado.com\/sl\/wp-json\/wp\/v2\/media?parent=3734"}],"wp:term":[{"taxonomy":"product_brand","embeddable":true,"href":"https:\/\/vapestornado.com\/sl\/wp-json\/wp\/v2\/product_brand?post=3734"},{"taxonomy":"product_cat","embeddable":true,"href":"https:\/\/vapestornado.com\/sl\/wp-json\/wp\/v2\/product_cat?post=3734"},{"taxonomy":"product_tag","embeddable":true,"href":"https:\/\/vapestornado.com\/sl\/wp-json\/wp\/v2\/product_tag?post=3734"}],"curies":[{"name":"wp","href":"https:\/\/api.w.org\/{rel}","templated":true}]}}