{"id":3726,"date":"2025-01-13T07:22:44","date_gmt":"2025-01-13T07:22:44","guid":{"rendered":"https:\/\/vapestornado.com\/?post_type=product&#038;p=3726"},"modified":"2025-08-23T12:33:57","modified_gmt":"2025-08-23T12:33:57","slug":"bang-king-35k-35000-puffs-2-in-1-dual-flavour-disposable-vape-wholesale-cheap-price","status":"publish","type":"product","link":"https:\/\/vapestornado.com\/sl\/product\/bang-king-35k-35000-puffs-2-in-1-dual-flavour-disposable-vape-wholesale-cheap-price\/","title":{"rendered":"Bang King 35K 35000 Vpihov 2 v 1 Dvojni Okus Vape za Enkratno Uporabo Veleprodajna Poceni Cena"},"content":{"rendered":"<h1 class=\"product-title\">Bang King 35K 35000 Vpihov 2 v 1 Dvojni Okus Vape za Enkratno Uporabo Veleprodajna Poceni Cena<\/h1>\n<p>&nbsp;<\/p>\n<p>Zakaj <strong>Bang King 35K 35000 Puffs 2 v 1 dvojni okus za enkratno uporabo<\/strong> postaja priljubljen? Ta naprava zdru\u017euje udobje, okus in dostopnost. Z elegantnim digitalnim zaslonom, impresivnim \u0161tevilom vdihov in dvema razli\u010dnima okusoma v eni napravi ta vape na novo definira, kaj lahko ponudijo vapi za enkratno uporabo.<\/p>\n<p>Poslovite se od pogostih zamenjav! Z osupljivimi <strong>35.000 vpihih<\/strong>, Bang King 35K zagotavlja dolgotrajno zadovoljstvo, zaradi \u010desar je eden najbolj <strong>priljubljenih vape za enkratno uporabo<\/strong> na trgu. Zakaj bi se zadovoljili z enim okusom, ko pa imate lahko dva? U\u017eivajte v <strong>dizajnu okusa 2 v 1<\/strong>, ki vam omogo\u010da preklapljanje med dvema neverjetnima okusoma v eni sami napravi. U\u017eivajte v dvojnem okusu, vse v enem elegantnem paketu. Ostanite pod nadzorom z <strong>LED zaslonom na dotik<\/strong>. Prikazuje \u017eivljenjsko dobo baterije, nivoje e-teko\u010dine in vam omogo\u010da, da prilagodite pretok zraka in nastavitve mo\u010di za prilagodljivo izku\u0161njo.<\/p>\n<p>S tremi na\u010dini pretoka zraka lahko enostavno prilagodite vleko svojim \u017eeljam. Ne glede na to, ali imate raje gladke ali mo\u010dne zadetke, se ta vape prilagodi vam. The <strong>700mAh polnilno baterijo<\/strong> in <strong>polnjenje tipa C<\/strong> zagotavlja hitro in u\u010dinkovito polnjenje, kar ohranja va\u0161o napravo napolnjeno ves dan. The <strong>35ML rezervoar za e-teko\u010dino<\/strong> zmanj\u0161a potrebo po pogostih ponovnih polnjenjih, kar ponuja ve\u010d neprekinjenega vapinga. Kot nala\u0161\u010d za kupce na debelo, je <strong>veleprodajni ceni<\/strong> idealen za preprodajalce in navdu\u0161ence nad vape, ki i\u0161\u010dejo najbolj\u0161o ponudbo.<\/p>\n<p><span style=\"color: #ff0000;\"><strong>Dodajte Amy na Whatsapp in prejmite takoj\u0161en odgovor ter kupon za vape!<\/strong><\/span><\/p>\n<p><img fetchpriority=\"high\" decoding=\"async\" class=\"size-full wp-image-2932\" src=\"https:\/\/vapestornado.com\/wp-content\/uploads\/2024\/12\/Vape-Wholesale.jpg\" alt=\"Vape Veleprodaja\" width=\"229\" height=\"300\" \/><\/p>\n<h3><a href=\"https:\/\/wa.me\/8617776015835\" target=\"_blank\" rel=\"noopener\"><span style=\"color: #ff0000;\"><strong>WhatsApp: +386 17776015835<\/strong><\/span><\/a><\/h3>\n<p>&nbsp;<\/p>\n<h2 class=\"product-title\"><strong>Lastnosti izdelka Bang King 35K<\/strong><\/h2>\n<div role=\"article\" data-tabster=\"{&quot;groupper&quot;:{&quot;tabbability&quot;:2},&quot;focusable&quot;:{}}\" data-content=\"ai-message\" aria-labelledby=\"juhNTJ6o7Gk1cgwZMJgv2-author juhNTJ6o7Gk1cgwZMJgv2-content\">\n<div id=\"juhNTJ6o7Gk1cgwZMJgv2-content\">\n<div role=\"article\" data-tabster=\"{&quot;groupper&quot;:{&quot;tabbability&quot;:2},&quot;focusable&quot;:{}}\" data-content=\"ai-message\" aria-labelledby=\"x4EZuCZWrTbh3weWUt7CU-author x4EZuCZWrTbh3weWUt7CU-content\">\n<div id=\"x4EZuCZWrTbh3weWUt7CU-content\">\n<div class=\"flex max-w-full flex-col flex-grow\">\n<div class=\"min-h-8 text-message flex w-full flex-col items-end gap-2 whitespace-normal break-words text-start [.text-message+&amp;]:mt-5\" dir=\"auto\" data-message-author-role=\"assistant\" data-message-id=\"52c6e00a-252f-4104-805d-2f1a84739c71\" data-message-model-slug=\"gpt-4o\">\n<div class=\"flex w-full flex-col gap-1 empty:hidden first:pt-[3px]\">\n<div class=\"markdown prose w-full break-words dark:prose-invert light\">\n<div class=\"flex max-w-full flex-col flex-grow\">\n<div class=\"min-h-8 text-message flex w-full flex-col items-end gap-2 whitespace-normal break-words text-start [.text-message+&amp;]:mt-5\" dir=\"auto\" data-message-author-role=\"assistant\" data-message-id=\"3c321776-aace-4a97-95f3-35c104de1c0a\" data-message-model-slug=\"gpt-4o\">\n<div class=\"flex w-full flex-col gap-1 empty:hidden first:pt-[3px]\">\n<div class=\"markdown prose w-full break-words dark:prose-invert light\">\n<h3><\/h3>\n<ul>\n<li><strong>Vpihi:<\/strong> Do 35.000 vdihov<\/li>\n<li><strong>Baterija:<\/strong> 700mAh ponovno polnjenje s polnjenjem Type-C<\/li>\n<li><strong>Okusi:<\/strong> Dva okusa v eni napravi<\/li>\n<li><strong>Pretok zraka:<\/strong> Prilagodljiv s tremi na\u010dini<\/li>\n<li><strong>Kapaciteta e-teko\u010dine:<\/strong> 35ML<\/li>\n<li><strong>Digitalni zaslon:<\/strong> LED zaslon na dotik za spremljanje in prilagoditve<\/li>\n<li><strong>Prenosljivost:<\/strong> Lahka zasnova, popolna za na poti<\/li>\n<\/ul>\n<\/div>\n<\/div>\n<\/div>\n<\/div>\n<\/div>\n<\/div>\n<\/div>\n<\/div>\n<div class=\"mb-2 flex gap-3 empty:hidden -ml-2\">\n<figure id=\"attachment_3733\" aria-describedby=\"caption-attachment-3733\" style=\"width: 800px\" class=\"wp-caption alignnone\"><img decoding=\"async\" class=\"wp-image-3733 size-full\" src=\"https:\/\/vapestornado.com\/wp-content\/uploads\/2025\/01\/Bangking-Vape-36000-Disposable-Vape-Wholesale.webp\" alt=\"Bangking Vape 35000 E-cigarete za enkratno uporabo Veleprodaja\" width=\"800\" height=\"800\" srcset=\"https:\/\/vapestornado.com\/wp-content\/uploads\/2025\/01\/Bangking-Vape-36000-Disposable-Vape-Wholesale.webp 800w, https:\/\/vapestornado.com\/wp-content\/uploads\/2025\/01\/Bangking-Vape-36000-Disposable-Vape-Wholesale-300x300.webp 300w, https:\/\/vapestornado.com\/wp-content\/uploads\/2025\/01\/Bangking-Vape-36000-Disposable-Vape-Wholesale-150x150.webp 150w, https:\/\/vapestornado.com\/wp-content\/uploads\/2025\/01\/Bangking-Vape-36000-Disposable-Vape-Wholesale-768x768.webp 768w, https:\/\/vapestornado.com\/wp-content\/uploads\/2025\/01\/Bangking-Vape-36000-Disposable-Vape-Wholesale-600x600.webp 600w, https:\/\/vapestornado.com\/wp-content\/uploads\/2025\/01\/Bangking-Vape-36000-Disposable-Vape-Wholesale-100x100.webp 100w\" sizes=\"(max-width: 800px) 100vw, 800px\" \/><figcaption id=\"caption-attachment-3733\" class=\"wp-caption-text\">Bangking Vape 35000 E-cigarete za enkratno uporabo Veleprodaja<\/figcaption><\/figure>\n<\/div>\n<\/div>\n<\/div>\n<\/div>\n<\/div>\n<h2 class=\"product-title\"><strong>Priljubljeni okusi za Bang King 35K<\/strong><strong>\u00a0<\/strong><strong>ve\u010dkratne vape<\/strong><\/h2>\n<p>Ne glede na to, ali imate raje tropski pobeg ali ledeno poslastico, <strong>Bangking 35000 Puffs Dva okusa E-cigareta za enkratno uporabo<\/strong> ima popolno kombinacijo, da bo va\u0161im brbon\u010dicam zadovoljno! Kateri je priljubljeni okus za BANG KING 35000 Vape? Prosimo, preberite, kaj pravijo na\u0161e stranke.<\/p>\n<p>1.Modra Malina Led + So\u010dna Breskev Led<br \/>\n2.Jagoda Lubenica + Lubenica Led <span style=\"color: #ff0000;\"><strong>&gt;&gt;&gt;&gt; Vro\u010de!<\/strong><\/span><br \/>\n3.Jagoda Banana + Dvojno Jabolko<br \/>\n4.Trojno Jagodi\u010dje Led + Tropsko Sadje<br \/>\n5.\u010ce\u0161njeva Bomba + Grozdje Led <span style=\"color: #ff0000;\"><strong>&gt;&gt;&gt;&gt; Vro\u010de!<\/strong><\/span><br \/>\n6.Breskev Mango + Jagoda Mango<br \/>\n7.Mango Limeta + Hladna Meta<br \/>\n8.\u010ce\u0161nja Pop + Mr Blue<br \/>\n9. Led \u010crni Zmaj + Jagoda Kivi<br \/>\n10. Rde\u010di bik + Breskva Jagodi\u010devje <span style=\"color: #ff0000;\"><strong>&gt;&gt;&gt;&gt; Vro\u010de!<\/strong><\/span><br \/>\n11. Roza Limona + Gospod Modri<br \/>\n12. Kivi Pasijonka Guava + Modra \u010ce\u0161nja Limona<\/p>\n<div class=\"flex-shrink-0 flex flex-col relative items-end\">\n<div class=\"pt-0\">\n<div class=\"gizmo-bot-avatar flex h-8 w-8 items-center justify-center overflow-hidden rounded-full\">\n<div class=\"relative p-1 rounded-sm flex items-center justify-center bg-token-main-surface-primary text-token-text-primary h-8 w-8\">\n<h3>Pogosta vpra\u0161anja za Bang King 35K Puffs ponovno polnjenje<strong>\u00a0<\/strong>Vape za enkratno uporabo<\/h3>\n<h3><\/h3>\n<p><strong>1. Kje lahko kupim Bang King 35K po veleprodajnih cenah v Sloveniji?<\/strong><br \/>\nLahko ga kupite na Vapestornado<strong>\u00a0spletna trgovina z vape izdelki<\/strong> ali preverite pri lokalnem distributerju za najbolj\u0161e ponudbe.<\/p>\n<p><strong>2. Kako vem, kdaj je e-teko\u010dine malo?<\/strong><br \/>\nThe <strong>digitalni zaslon<\/strong> prikazuje nivoje e-teko\u010dine, kar vas obve\u0161\u010da ves \u010das.<\/p>\n<p><strong>3. Kako napolnim Bang King 35000?<\/strong><br \/>\nPreprosto uporabite <strong>priklju\u010dkom za polnjenje tipa C<\/strong> za hitro polnjenje brez te\u017eav.<\/p>\n<p><strong>4. Zakaj ta vape Bang king 35k izstopa med drugimi znamkami vape za enkratno uporabo?<\/strong><br \/>\nThe <strong>zasnova z dvojnim okusom<\/strong>, <strong>prilagodljiv pretok zraka<\/strong>, in masivna <strong>35.000 vpihih<\/strong> ga lo\u010dita, zaradi \u010desar je eden izmed <strong>najbolj priljubljenih vapeov za enkratno uporabo<\/strong>.<\/p>\n<p><strong>5. Ali lahko prilagodim pretok zraka svojim \u017eeljam?<\/strong><br \/>\nDa! Naprava ponuja <strong>tri na\u010dine pretoka zraka<\/strong> za zagotovitev popolnega vleka vsaki\u010d.<\/p>\n<p><strong>6. Ali so okusi primerni za nizko vsebnost nikotina?<\/strong><br \/>\nSeveda. Bang King 35K je na voljo <strong>prilagodljive stopnje nikotina<\/strong> v 0%, 2% in 5%.<\/p>\n<div class=\"flex max-w-full flex-col flex-grow\">\n<div class=\"min-h-8 text-message flex w-full flex-col items-end gap-2 whitespace-normal break-words text-start [.text-message+&amp;]:mt-5\" dir=\"auto\" data-message-author-role=\"assistant\" data-message-id=\"4dc48248-df95-45bd-b800-6dedb43cf7f1\" data-message-model-slug=\"gpt-4o\">\n<div class=\"flex w-full flex-col gap-1 empty:hidden first:pt-[3px]\"><\/div>\n<\/div>\n<\/div>\n<\/div>\n<\/div>\n<\/div>\n<\/div>\n<div class=\"flex-shrink-0 flex flex-col relative items-end\">\n<div class=\"pt-0\">\n<div class=\"gizmo-bot-avatar flex h-8 w-8 items-center justify-center overflow-hidden rounded-full\">\n<div class=\"relative p-1 rounded-sm flex items-center justify-center bg-token-main-surface-primary text-token-text-primary h-8 w-8\">\n<div class=\"mb-2 flex gap-3 empty:hidden -ml-2\">\n<div role=\"article\" data-tabster=\"{&quot;groupper&quot;:{&quot;tabbability&quot;:2},&quot;focusable&quot;:{}}\" data-content=\"ai-message\" aria-labelledby=\"Vdt5ez4X7Tg813x6rFVha-author Vdt5ez4X7Tg813x6rFVha-content\">\n<div id=\"Vdt5ez4X7Tg813x6rFVha-content\">\n<div role=\"article\" data-tabster=\"{&quot;groupper&quot;:{&quot;tabbability&quot;:2},&quot;focusable&quot;:{}}\" data-content=\"ai-message\" aria-labelledby=\"o968oC7CEo2fGHsGdsRYC-author o968oC7CEo2fGHsGdsRYC-content\">\n<div id=\"o968oC7CEo2fGHsGdsRYC-content\">\n<h3>Zakaj izbrati vapestornado za Uwin Crystal 20000 Shisha Hookah Vape za enkratno uporabo na debelo?<\/h3>\n<div class=\"flex-shrink-0 flex flex-col relative items-end\">\n<div class=\"pt-0\">\n<div class=\"gizmo-bot-avatar flex h-8 w-8 items-center justify-center overflow-hidden rounded-full\">\n<div class=\"relative p-1 rounded-sm flex items-center justify-center bg-token-main-surface-primary text-token-text-primary h-8 w-8\">\n<p>V vse ve\u010dji konkurenci v industriji vapov za enkratno uporabo je vapestornado, vodilna svetovna platforma za veleprodajne re\u0161itve za e-cigarete, predstavila revolucionarni vape Bang King 35K Puffs za enkratno uporabo. S svojim privla\u010dnim kristalnim dizajnom in ve\u010dfunkcijskimi lastnostmi, ta inovativen izdelek zdru\u017euje stil s funkcionalnostjo. Ponuja \u0161irok izbor sadnih okusov in \u017eeli zadovoljiti raznolike okuse vaperjev.<\/p>\n<p>vapestornado je va\u0161a zaupanja vredna spletna trgovina za visokokakovostne vape za enkratno uporabo. Ponujamo vam priljubljene blagovne znamke vape za enkratno uporabo, kot so Waspe Vape, WGA Vape, Fumot RandM Vape, Vozol Vape, Bang Vape itd.<\/p>\n<p>Na\u0161a ponudba vklju\u010duje najbolj priljubljene vape za enkratno uporabo, kot so <a href=\"https:\/\/vapestornado.com\/sl\/product\/randm-tornado-30000-puffs-music-rechargeable-disposable-vape-pen-wholesale\/\">Randm Tornado 30000<\/a>, in izbire, bogate z okusi, kot je <a href=\"https:\/\/vapestornado.com\/sl\/product\/uwin-crystal-20000-shisha-hookah-20k-puffs-disposable-vape-factory-cheap-price\/\"> Uwin Crystal 20000 Vdihov<\/a> . Vsak izdelek je izbran s poudarkom na kakovosti, vrednosti in raznolikosti, kar vam zagotavlja, da boste na\u0161li popolno ujemanje za svoje potrebe. Odkrijte izjemno storitev in \u0161iroko paleto vrhunskih izdelkov po veleprodajni ceni pri vapestornado.<\/p>\n<\/div>\n<p>&nbsp;<\/p>\n<p><strong>Druge vro\u010de prodajane e-cigarete za enkratno uporabo<\/strong><\/p>\n<p><a href=\"https:\/\/vapestornado.com\/sl\/product\/fumot-randm-tornado-25000-puffs-touch-disposable-vape-wholesale-online\/\">Fumot 25000 Vdihov <span style=\"color: #ff0000;\"><strong>&gt;&gt;&gt;&gt; Pojdi !<\/strong><\/span><\/a><\/p>\n<p><a href=\"https:\/\/vapestornado.com\/sl\/product\/bang-36000-smart-disposable-vape-wholesale-shop-online\/\">Bang 36000 Vdihov<span style=\"color: #ff0000;\"><strong>&gt;&gt;&gt;&gt; Pojdi !<\/strong><\/span><\/a><\/p>\n<p><a href=\"https:\/\/vapestornado.com\/sl\/product\/randm-tornado-9000-puffs-rechargeable-disposable-vape-wholesale-online\/\">RandM Tornado 9000 <span style=\"color: #ff0000;\"><strong>&gt;&gt;&gt;&gt; Pojdi !<\/strong><\/span><\/a><\/p>\n<\/div>\n<\/div>\n<\/div>\n<p>&nbsp;<\/p>\n<\/div>\n<\/div>\n<\/div>\n<\/div>\n<\/div>\n<\/div>\n<\/div>\n<\/div>\n<\/div>","protected":false},"excerpt":{"rendered":"<p>Bang King 35000 Puffs pametni zaslon na debelo za enkratno uporabo<br \/>\n23 ml prostornine e-teko\u010dine<br \/>\nBang King Tornado 35000 35K Puffs vape pero za enkratno uporabo<\/p>\n<p><strong>Dodajte Amy na WhatsApp in prejmite takoj\u0161en odgovor ter kupon za vape!<\/strong><\/p>\n<p><img fetchpriority=\"high\" decoding=\"async\" class=\"size-full wp-image-2932\" src=\"https:\/\/vapestornado.com\/wp-content\/uploads\/2024\/12\/Vape-Wholesale.jpg\" alt=\"Vape Veleprodaja\" width=\"229\" height=\"300\" \/><\/p>\n<h3><a href=\"https:\/\/wa.me\/8617776015835\"><span style=\"color: #ff0000;\"><strong>WhatsApp: +386 17776015835<\/strong><\/span><\/a><\/h3>\n<p>&nbsp;<\/p>","protected":false},"featured_media":3731,"comment_status":"open","ping_status":"closed","template":"","meta":{"_acf_changed":false,"_uag_custom_page_level_css":"","_lmt_disableupdate":"no","_lmt_disable":"","_monsterinsights_skip_tracking":false,"_monsterinsights_sitenote_active":false,"_monsterinsights_sitenote_note":"","_monsterinsights_sitenote_category":0,"site-sidebar-layout":"default","site-content-layout":"","ast-site-content-layout":"default","site-content-style":"default","site-sidebar-style":"default","ast-global-header-display":"","ast-banner-title-visibility":"","ast-main-header-display":"","ast-hfb-above-header-display":"","ast-hfb-below-header-display":"","ast-hfb-mobile-header-display":"","site-post-title":"","ast-breadcrumbs-content":"","ast-featured-img":"","footer-sml-layout":"","ast-disable-related-posts":"","theme-transparent-header-meta":"default","adv-header-id-meta":"","stick-header-meta":"","header-above-stick-meta":"","header-main-stick-meta":"","header-below-stick-meta":"","astra-migrate-meta-layouts":"set","ast-page-background-enabled":"default","ast-page-background-meta":{"desktop":{"background-color":"","background-image":"","background-repeat":"repeat","background-position":"center center","background-size":"auto","background-attachment":"scroll","background-type":"","background-media":"","overlay-type":"","overlay-color":"","overlay-opacity":"","overlay-gradient":""},"tablet":{"background-color":"","background-image":"","background-repeat":"repeat","background-position":"center center","background-size":"auto","background-attachment":"scroll","background-type":"","background-media":"","overlay-type":"","overlay-color":"","overlay-opacity":"","overlay-gradient":""},"mobile":{"background-color":"","background-image":"","background-repeat":"repeat","background-position":"center center","background-size":"auto","background-attachment":"scroll","background-type":"","background-media":"","overlay-type":"","overlay-color":"","overlay-opacity":"","overlay-gradient":""}},"ast-content-background-meta":{"desktop":{"background-color":"var(--ast-global-color-5)","background-image":"","background-repeat":"repeat","background-position":"center center","background-size":"auto","background-attachment":"scroll","background-type":"","background-media":"","overlay-type":"","overlay-color":"","overlay-opacity":"","overlay-gradient":""},"tablet":{"background-color":"var(--ast-global-color-5)","background-image":"","background-repeat":"repeat","background-position":"center center","background-size":"auto","background-attachment":"scroll","background-type":"","background-media":"","overlay-type":"","overlay-color":"","overlay-opacity":"","overlay-gradient":""},"mobile":{"background-color":"var(--ast-global-color-5)","background-image":"","background-repeat":"repeat","background-position":"center center","background-size":"auto","background-attachment":"scroll","background-type":"","background-media":"","overlay-type":"","overlay-color":"","overlay-opacity":"","overlay-gradient":""}},"_joinchat":{"telephone":"+8617776015835"}},"product_brand":[],"product_cat":[175,63,153,155,159,143,146],"product_tag":[196,234,165,198,97,166,94],"class_list":{"0":"post-3726","1":"product","2":"type-product","3":"status-publish","4":"has-post-thumbnail","6":"product_cat-35000-puff","7":"product_cat-bangking","8":"product_cat-buy-disposable-vapes-in-italy","9":"product_cat-buy-disposable-vapes-in-norway","10":"product_cat-buy-disposable-vapes-in-sweden","11":"product_cat-dual-mesh-disposable-vapes","12":"product_cat-rechargeable-disposable-vapes","13":"product_tag-bang-vape","14":"product_tag-bangking-35000","15":"product_tag-cheap-vapes","16":"product_tag-double-flavor-disposable-vape","17":"product_tag-hot-sale-disposable-vape","18":"product_tag-low-nicotine-vape","19":"product_tag-rechargeable-disposable-vape","20":"desktop-align-left","21":"tablet-align-left","22":"mobile-align-left","24":"first","25":"instock","26":"sale","27":"shipping-taxable","28":"purchasable","29":"product-type-simple"},"acf":[],"uagb_featured_image_src":{"full":["https:\/\/vapestornado.com\/wp-content\/uploads\/2025\/01\/Bang-Vape-Bangking-36k-Disposable-Vape-Bulk-Price.webp",800,800,false],"thumbnail":["https:\/\/vapestornado.com\/wp-content\/uploads\/2025\/01\/Bang-Vape-Bangking-36k-Disposable-Vape-Bulk-Price-150x150.webp",150,150,true],"medium":["https:\/\/vapestornado.com\/wp-content\/uploads\/2025\/01\/Bang-Vape-Bangking-36k-Disposable-Vape-Bulk-Price-300x300.webp",300,300,true],"medium_large":["https:\/\/vapestornado.com\/wp-content\/uploads\/2025\/01\/Bang-Vape-Bangking-36k-Disposable-Vape-Bulk-Price-768x768.webp",768,768,true],"large":["https:\/\/vapestornado.com\/wp-content\/uploads\/2025\/01\/Bang-Vape-Bangking-36k-Disposable-Vape-Bulk-Price.webp",800,800,false],"1536x1536":["https:\/\/vapestornado.com\/wp-content\/uploads\/2025\/01\/Bang-Vape-Bangking-36k-Disposable-Vape-Bulk-Price.webp",800,800,false],"2048x2048":["https:\/\/vapestornado.com\/wp-content\/uploads\/2025\/01\/Bang-Vape-Bangking-36k-Disposable-Vape-Bulk-Price.webp",800,800,false],"trp-custom-language-flag":["https:\/\/vapestornado.com\/wp-content\/uploads\/2025\/01\/Bang-Vape-Bangking-36k-Disposable-Vape-Bulk-Price.webp",12,12,false],"woocommerce_thumbnail":["https:\/\/vapestornado.com\/wp-content\/uploads\/2025\/01\/Bang-Vape-Bangking-36k-Disposable-Vape-Bulk-Price-300x300.webp",300,300,true],"woocommerce_single":["https:\/\/vapestornado.com\/wp-content\/uploads\/2025\/01\/Bang-Vape-Bangking-36k-Disposable-Vape-Bulk-Price-600x600.webp",600,600,true],"woocommerce_gallery_thumbnail":["https:\/\/vapestornado.com\/wp-content\/uploads\/2025\/01\/Bang-Vape-Bangking-36k-Disposable-Vape-Bulk-Price-100x100.webp",100,100,true]},"uagb_author_info":{"display_name":"ESAMY","author_link":"https:\/\/vapestornado.com\/sl\/author\/"},"uagb_comment_info":0,"uagb_excerpt":"Bang King 35000 Puffs Smart Screen Wholesale Disposable Bang King 35000 Puffs Disposable Vape Bulk Buy Bang King Tornado 35000 35K Puffs Disposable Vape Pen Add Amy's whatsapp get right reply and vape coupon! WhatsApp: +86 17776015835 &nbsp;","_links":{"self":[{"href":"https:\/\/vapestornado.com\/sl\/wp-json\/wp\/v2\/product\/3726","targetHints":{"allow":["GET"]}}],"collection":[{"href":"https:\/\/vapestornado.com\/sl\/wp-json\/wp\/v2\/product"}],"about":[{"href":"https:\/\/vapestornado.com\/sl\/wp-json\/wp\/v2\/types\/product"}],"replies":[{"embeddable":true,"href":"https:\/\/vapestornado.com\/sl\/wp-json\/wp\/v2\/comments?post=3726"}],"wp:featuredmedia":[{"embeddable":true,"href":"https:\/\/vapestornado.com\/sl\/wp-json\/wp\/v2\/media\/3731"}],"wp:attachment":[{"href":"https:\/\/vapestornado.com\/sl\/wp-json\/wp\/v2\/media?parent=3726"}],"wp:term":[{"taxonomy":"product_brand","embeddable":true,"href":"https:\/\/vapestornado.com\/sl\/wp-json\/wp\/v2\/product_brand?post=3726"},{"taxonomy":"product_cat","embeddable":true,"href":"https:\/\/vapestornado.com\/sl\/wp-json\/wp\/v2\/product_cat?post=3726"},{"taxonomy":"product_tag","embeddable":true,"href":"https:\/\/vapestornado.com\/sl\/wp-json\/wp\/v2\/product_tag?post=3726"}],"curies":[{"name":"wp","href":"https:\/\/api.w.org\/{rel}","templated":true}]}}