{"id":3716,"date":"2025-01-08T09:49:40","date_gmt":"2025-01-08T09:49:40","guid":{"rendered":"https:\/\/vapestornado.com\/?post_type=product&#038;p=3716"},"modified":"2025-08-23T09:33:37","modified_gmt":"2025-08-23T09:33:37","slug":"bood-twins-46000-puff-display-disposable-vape-cheap-price","status":"publish","type":"product","link":"https:\/\/vapestornado.com\/sl\/product\/bood-twins-46000-puff-display-disposable-vape-cheap-price\/","title":{"rendered":"Bood Twins 46000 Puff Zaslon E-cigareta za Enkratno Uporabo Poceni Cena"},"content":{"rendered":"<h1>Bood Twins 46000 Puff Zaslon E-cigareta za Enkratno Uporabo Poceni Cena<\/h1>\n<p>&nbsp;<\/p>\n<div role=\"article\" data-tabster=\"{&quot;groupper&quot;:{&quot;tabbability&quot;:2},&quot;focusable&quot;:{}}\" data-content=\"ai-message\" aria-labelledby=\"64JRvXrTnY7mRmPkEQLLT-author 64JRvXrTnY7mRmPkEQLLT-content\">\n<div id=\"64JRvXrTnY7mRmPkEQLLT-content\">\n<p>The <strong data-start=\"341\" data-end=\"383\">Bood Twins 46000 Vpihov Vape za enkratno uporabo<\/strong> je zasnovan za kapaciteto, zmogljivost in vsestranskost. Z do <strong data-start=\"448\" data-end=\"464\">46.000 vdihov<\/strong> in <strong data-start=\"471\" data-end=\"493\">sistemom dvojnega okusa<\/strong>, uporabnikom omogo\u010da preklapljanje med dvema me\u0161anicama v eni napravi, kar zagotavlja raznolikost in dolgotrajno u\u017eivanje<\/p>\n<p>Opremljen z <strong>napredno mre\u017easto tuljavo<\/strong>, Bood Twins zagotavlja konsistentno, gladko in okusno paro z vsakim vdihom. Njegov <strong>eleganten zaslon na celotnem zaslonu<\/strong> dodaja dotik prefinjenosti in zagotavlja bistvene podrobnosti o uporabi, zaradi \u010desar je idealen za vaperje, ki se zavedajo stila. Baterija za ponovno polnjenje zagotavlja, da lahko naprava brez kompromisov odda polno zmogljivost vdihov, kar odpravlja potrebo po pogostih menjavah.<\/p>\n<p>Ta vrhunski vejp za enkratno uporabo je popoln za kupce na debelo, ki \u017eelijo svojim strankam ponuditi vrhunske izdelke. <strong>Bood Twins 46000 vdihov <\/strong>zdru\u017euje inovativno tehnologijo, eleganten dizajn in neprimerljivo zmogljivost, zaradi \u010desar je zelo iskana izbira v industriji vapinga. Za najbolj\u0161e ponudbe na debelo za Bood Twins 46000 Puffs obi\u0161\u010dite vapestornado<strong>.com<\/strong> in izbolj\u0161ajte svojo vejp zalogo \u0161e danes!<\/p>\n<\/div>\n<\/div>\n<p><img fetchpriority=\"high\" decoding=\"async\" class=\"alignleft wp-image-2951 size-medium\" src=\"https:\/\/vapestornado.com\/wp-content\/uploads\/2024\/12\/Wholesale-Disposable-Vape-265x300.jpg\" alt=\"Veleprodaja Vape za Enkratno Uporabo\" width=\"265\" height=\"300\" srcset=\"https:\/\/vapestornado.com\/wp-content\/uploads\/2024\/12\/Wholesale-Disposable-Vape-265x300.jpg 265w, https:\/\/vapestornado.com\/wp-content\/uploads\/2024\/12\/Wholesale-Disposable-Vape-768x871.jpg 768w, https:\/\/vapestornado.com\/wp-content\/uploads\/2024\/12\/Wholesale-Disposable-Vape-600x680.jpg 600w, https:\/\/vapestornado.com\/wp-content\/uploads\/2024\/12\/Wholesale-Disposable-Vape.jpg 823w\" sizes=\"(max-width: 265px) 100vw, 265px\" \/><\/p>\n<h5>Za Zni\u017eano Ceno se Obrnite na Mandy na WhatsApp<a href=\"https:\/\/wa.me\/8618077105796\" target=\"_blank\" rel=\"noopener\">+8618077105796<\/a><\/h5>\n<div class=\"flex max-w-full flex-col flex-grow\">\n<div class=\"min-h-8 text-message flex w-full flex-col items-end gap-2 whitespace-normal break-words text-start [.text-message+&amp;]:mt-5\" dir=\"auto\" data-message-author-role=\"assistant\" data-message-id=\"cdb991c0-f594-4bff-b2d5-fbbdd7ce9e54\" data-message-model-slug=\"gpt-4o-mini\">\n<div class=\"flex w-full flex-col gap-1 empty:hidden first:pt-[3px]\">\n<div class=\"markdown prose w-full break-words dark:prose-invert light\"><\/div>\n<\/div>\n<\/div>\n<\/div>\n<div class=\"mb-2 flex gap-3 empty:hidden -ml-2\">\n<h2 class=\"sr-proMainInfo-baseInfoH1 J-baseInfo-name\">Veleprodajni vejp Bood Twins 46000 Puf, klju\u010dne lastnosti:<\/h2>\n<ul>\n<li><strong>Ogromno \u0161tevilo vpihov<\/strong>: U\u017eivajte v do 46.000 vdihih, kar je idealno za dolgotrajno uporabo.<\/li>\n<li><strong>Dvojni okusi<\/strong>: Inovativna zasnova z dvojnim okusom v eni napravi za vsestransko izku\u0161njo vapinga.<\/li>\n<li><strong>Tehnologija Mre\u017easte Tuljave<\/strong>: Zagotavlja gladko, konsistentno proizvodnjo pare z izbolj\u0161ano dostavo okusa.<\/li>\n<li><strong>Zaslon \u010dez celo povr\u0161ino<\/strong>: Eleganten in sodoben dizajn z zaslonom, ki je enostaven za branje, za bistvene informacije.<\/li>\n<li><strong>Veleprodajna prednost<\/strong>: Idealno za nakupe na debelo za u\u010dinkovito zadovoljevanje povpra\u0161evanja strank.<\/li>\n<\/ul>\n<\/div>\n<h2 class=\"sr-proMainInfo-baseInfoH1 J-baseInfo-name\">Okus Bood Twins 46000Puff:<\/h2>\n<p>1. Lubenica<br \/>\n2. Jabolko<br \/>\n3. Limeta<br \/>\n4. Zeleno jabolko<br \/>\n5. Borovnica in kisla malina<br \/>\n6. \u010crni ribez in malina<br \/>\n7. Breskev in mango<br \/>\n8. Grozdje<br \/>\n9. Ro\u017enata limonada<br \/>\n10. Zeleno grozdje<\/p>\n<div role=\"article\" data-tabster=\"{&quot;groupper&quot;:{&quot;tabbability&quot;:2},&quot;focusable&quot;:{}}\" data-content=\"ai-message\" aria-labelledby=\"dARUyEWDoEYhnSPXFwx5A-author dARUyEWDoEYhnSPXFwx5A-content\">\n<div id=\"dARUyEWDoEYhnSPXFwx5A-content\">\n<h2><strong>Zakaj kupiti <\/strong>Vape Bood Twins 46000puff <strong>od vapestornado?<\/strong><\/h2>\n<ul>\n<li><strong>Nepremagljiva kakovost<\/strong>: Pri vapestornado zagotavljamo, da vsak vape za enkratno uporabo Bood Twins 46000 Puff ustreza najvi\u0161jim standardom kakovosti, kar zagotavlja vrhunsko izku\u0161njo vapinga z dvojnimi okusi in napredno tehnologijo mre\u017easte tuljave.<\/li>\n<li><strong>Konkuren\u010dne cene<\/strong>: U\u017eivajte v ekskluzivnih veleprodajnih cenah za mno\u017ei\u010dna naro\u010dila, zaradi \u010desar je vapestornado idealna izbira za trgovce na drobno in navdu\u0161ence nad vapenjem.<\/li>\n<li><strong>Mednarodna dostava<\/strong>: vapestornado ponuja zanesljivo in u\u010dinkovito mednarodno dostavo po vsej Evropi, kar zagotavlja pravo\u010dasno dostavo va\u0161ih najljub\u0161ih izdelkov.<\/li>\n<li><strong>Zajam\u010dena pristnost<\/strong>: Vsi izdelki, ki se prodajajo pri vapestornado, so 100% pristni in preverjeni glede kakovosti, kar vam daje mir ob vsakem nakupu.<\/li>\n<li><strong>Namenska podpora strankam<\/strong>: Na\u0161a strokovna in prijazna ekipa za podporo vam je na voljo za pomo\u010d pri vseh vpra\u0161anjih, kar zagotavlja nemoteno in zadovoljivo nakupovalno izku\u0161njo.<\/li>\n<\/ul>\n<\/div>\n<\/div>\n<h2>Pogosta vpra\u0161anja o Bood Twins 46000 puffs, veleprodajni nakup, vape za enkratno uporabo v EUR<\/h2>\n<ul>\n<li><strong>Kaj je vape za enkratno uporabo Bood Twins 46000 Puffs?<\/strong><br \/>\nBood Twins 46000 Puffs je vrhunski vape za enkratno uporabo z neverjetno kapaciteto 46.000 vdihov, dvojnimi okusi v eni napravi, mre\u017easto tuljavo za vrhunski okus in elegantnim zaslonom prek celotne povr\u0161ine.<\/li>\n<li><strong>Koliko stane veleprodajni nakup Bood Twins 46000 Puffs v EUR?<\/strong><br \/>\nCena veleprodajnih naro\u010dil je odvisna od kupljene koli\u010dine. vapestornado ponuja konkuren\u010dne veleprodajne cene v EUR, da zagotovi najbolj\u0161o vrednost za trgovce na drobno in veleprodajne kupce.<\/li>\n<li><strong>Ali lahko pla\u010dam za veleprodajna naro\u010dila v EUR?<\/strong><br \/>\nDa, vapestornado sprejema pla\u010dila v EUR za nakupe v razsutem stanju, kar je priro\u010dno za evropske stranke.<\/li>\n<li><strong>Kak\u0161ne so prednosti nakupa vape \u0161katle bood vape 46k puffs v razsutem stanju?<\/strong><br \/>\nNakup v razsutem stanju zagotavlja znatne prihranke stro\u0161kov, stalno razpolo\u017eljivost izdelkov in bolj\u0161e profitne mar\u017ee za podjetja.<\/li>\n<li><strong>Ali vapestornado po\u0161ilja v evropske dr\u017eave?<\/strong><br \/>\nSeveda! vapestornado zagotavlja hitro in zanesljivo po\u0161iljanje po vsej Evropi, vklju\u010dno z Nem\u010dijo, Francijo, \u0160panijo in Nizozemsko.<\/li>\n<li><strong>Ali so na voljo popusti za velika naro\u010dila?<\/strong><br \/>\nDa, vapestornado ponuja ve\u010dstopenjske cene in popuste za ve\u010dje koli\u010dine, kar zagotavlja najve\u010dje prihranke za kupce v razsutem stanju.<\/li>\n<li><strong>Kak\u0161na je najmanj\u0161a koli\u010dina naro\u010dila za veleprodajo?<\/strong><br \/>\nNajmanj\u0161a koli\u010dina naro\u010dila je 50 kosov. Za podrobnosti o zahtevah za nakup v razsutem stanju se obrnite na skupino za podporo strankam vapestornado.<\/li>\n<\/ul>","protected":false},"excerpt":{"rendered":"<p><strong>Bood Twins 46000 Puffs LED zaslon, za enkratno uporabo, Vejp<\/strong> po neprekosljivih cenah. U\u017eivajte v dvojnih okusih, elegantnem zaslonu na celotnem zaslonu in napredni mre\u017easti tehnologiji tuljave za vrhunsko izku\u0161njo vapinga.<\/p>\n<figure id=\"attachment_2951\" aria-describedby=\"caption-attachment-2951\" style=\"width: 265px\" class=\"wp-caption alignnone\"><img decoding=\"async\" class=\"size-medium wp-image-2951\" src=\"https:\/\/vapestornado.com\/wp-content\/uploads\/2024\/12\/Wholesale-Disposable-Vape-265x300.jpg\" alt=\"Veleprodaja Vape za Enkratno Uporabo\" width=\"265\" height=\"300\" srcset=\"https:\/\/vapestornado.com\/wp-content\/uploads\/2024\/12\/Wholesale-Disposable-Vape-265x300.jpg 265w, https:\/\/vapestornado.com\/wp-content\/uploads\/2024\/12\/Wholesale-Disposable-Vape-768x871.jpg 768w, https:\/\/vapestornado.com\/wp-content\/uploads\/2024\/12\/Wholesale-Disposable-Vape-600x680.jpg 600w, https:\/\/vapestornado.com\/wp-content\/uploads\/2024\/12\/Wholesale-Disposable-Vape.jpg 823w\" sizes=\"(max-width: 265px) 100vw, 265px\" \/><figcaption id=\"caption-attachment-2951\" class=\"wp-caption-text\">Za Zni\u017eano Ceno se Obrnite na Mandy na WhatsApp\u00a0 <a href=\"https:\/\/wa.me\/8618077105796\">+8618077105796<\/a><\/figcaption><\/figure>\n<p>&nbsp;<\/p>","protected":false},"featured_media":3713,"comment_status":"open","ping_status":"closed","template":"","meta":{"_acf_changed":false,"_uag_custom_page_level_css":"","_lmt_disableupdate":"no","_lmt_disable":"","_monsterinsights_skip_tracking":false,"_monsterinsights_sitenote_active":false,"_monsterinsights_sitenote_note":"","_monsterinsights_sitenote_category":0,"site-sidebar-layout":"default","site-content-layout":"","ast-site-content-layout":"default","site-content-style":"default","site-sidebar-style":"default","ast-global-header-display":"","ast-banner-title-visibility":"","ast-main-header-display":"","ast-hfb-above-header-display":"","ast-hfb-below-header-display":"","ast-hfb-mobile-header-display":"","site-post-title":"","ast-breadcrumbs-content":"","ast-featured-img":"","footer-sml-layout":"","ast-disable-related-posts":"","theme-transparent-header-meta":"default","adv-header-id-meta":"","stick-header-meta":"","header-above-stick-meta":"","header-main-stick-meta":"","header-below-stick-meta":"","astra-migrate-meta-layouts":"set","ast-page-background-enabled":"default","ast-page-background-meta":{"desktop":{"background-color":"","background-image":"","background-repeat":"repeat","background-position":"center center","background-size":"auto","background-attachment":"scroll","background-type":"","background-media":"","overlay-type":"","overlay-color":"","overlay-opacity":"","overlay-gradient":""},"tablet":{"background-color":"","background-image":"","background-repeat":"repeat","background-position":"center center","background-size":"auto","background-attachment":"scroll","background-type":"","background-media":"","overlay-type":"","overlay-color":"","overlay-opacity":"","overlay-gradient":""},"mobile":{"background-color":"","background-image":"","background-repeat":"repeat","background-position":"center center","background-size":"auto","background-attachment":"scroll","background-type":"","background-media":"","overlay-type":"","overlay-color":"","overlay-opacity":"","overlay-gradient":""}},"ast-content-background-meta":{"desktop":{"background-color":"var(--ast-global-color-5)","background-image":"","background-repeat":"repeat","background-position":"center center","background-size":"auto","background-attachment":"scroll","background-type":"","background-media":"","overlay-type":"","overlay-color":"","overlay-opacity":"","overlay-gradient":""},"tablet":{"background-color":"var(--ast-global-color-5)","background-image":"","background-repeat":"repeat","background-position":"center center","background-size":"auto","background-attachment":"scroll","background-type":"","background-media":"","overlay-type":"","overlay-color":"","overlay-opacity":"","overlay-gradient":""},"mobile":{"background-color":"var(--ast-global-color-5)","background-image":"","background-repeat":"repeat","background-position":"center center","background-size":"auto","background-attachment":"scroll","background-type":"","background-media":"","overlay-type":"","overlay-color":"","overlay-opacity":"","overlay-gradient":""}},"_joinchat":{"telephone":"+8618077105796"}},"product_brand":[],"product_cat":[230,193,149,160,146],"product_tag":[231,97,98],"class_list":{"0":"post-3716","1":"product","2":"type-product","3":"status-publish","4":"has-post-thumbnail","6":"product_cat-46000-puff","7":"product_cat-bood-disposable-vapes","8":"product_cat-buy-disposable-vapes-in-austria","9":"product_cat-buy-disposable-vapes-in-switzerland","10":"product_cat-rechargeable-disposable-vapes","11":"product_tag-bood-twins-46000-puff","12":"product_tag-hot-sale-disposable-vape","13":"product_tag-wholesale-price-disposable-vape","14":"desktop-align-left","15":"tablet-align-left","16":"mobile-align-left","18":"first","19":"instock","20":"sale","21":"shipping-taxable","22":"purchasable","23":"product-type-simple"},"acf":[],"uagb_featured_image_src":{"full":["https:\/\/vapestornado.com\/wp-content\/uploads\/2025\/01\/Bood-Twins-46000-Puffs-Top-Sale-Vape-In-Poland.webp",800,800,false],"thumbnail":["https:\/\/vapestornado.com\/wp-content\/uploads\/2025\/01\/Bood-Twins-46000-Puffs-Top-Sale-Vape-In-Poland-150x150.webp",150,150,true],"medium":["https:\/\/vapestornado.com\/wp-content\/uploads\/2025\/01\/Bood-Twins-46000-Puffs-Top-Sale-Vape-In-Poland-300x300.webp",300,300,true],"medium_large":["https:\/\/vapestornado.com\/wp-content\/uploads\/2025\/01\/Bood-Twins-46000-Puffs-Top-Sale-Vape-In-Poland-768x768.webp",768,768,true],"large":["https:\/\/vapestornado.com\/wp-content\/uploads\/2025\/01\/Bood-Twins-46000-Puffs-Top-Sale-Vape-In-Poland.webp",800,800,false],"1536x1536":["https:\/\/vapestornado.com\/wp-content\/uploads\/2025\/01\/Bood-Twins-46000-Puffs-Top-Sale-Vape-In-Poland.webp",800,800,false],"2048x2048":["https:\/\/vapestornado.com\/wp-content\/uploads\/2025\/01\/Bood-Twins-46000-Puffs-Top-Sale-Vape-In-Poland.webp",800,800,false],"trp-custom-language-flag":["https:\/\/vapestornado.com\/wp-content\/uploads\/2025\/01\/Bood-Twins-46000-Puffs-Top-Sale-Vape-In-Poland.webp",12,12,false],"woocommerce_thumbnail":["https:\/\/vapestornado.com\/wp-content\/uploads\/2025\/01\/Bood-Twins-46000-Puffs-Top-Sale-Vape-In-Poland-300x300.webp",300,300,true],"woocommerce_single":["https:\/\/vapestornado.com\/wp-content\/uploads\/2025\/01\/Bood-Twins-46000-Puffs-Top-Sale-Vape-In-Poland-600x600.webp",600,600,true],"woocommerce_gallery_thumbnail":["https:\/\/vapestornado.com\/wp-content\/uploads\/2025\/01\/Bood-Twins-46000-Puffs-Top-Sale-Vape-In-Poland-100x100.webp",100,100,true]},"uagb_author_info":{"display_name":"ESMANDY","author_link":"https:\/\/vapestornado.com\/sl\/author\/"},"uagb_comment_info":0,"uagb_excerpt":"Bood Twins 46000 Puffs LED Display Disposable Vape at unbeatable prices. Enjoy dual flavors, a sleek full-screen display, and advanced mesh coil technology for a premium vaping experience. [caption id=\"attachment_2951\" align=\"alignnone\" width=\"265\"] Pls Contact Mandy's WhatsApp For Discount Price\u00a0 +8618077105796[\/caption] &nbsp;","_links":{"self":[{"href":"https:\/\/vapestornado.com\/sl\/wp-json\/wp\/v2\/product\/3716","targetHints":{"allow":["GET"]}}],"collection":[{"href":"https:\/\/vapestornado.com\/sl\/wp-json\/wp\/v2\/product"}],"about":[{"href":"https:\/\/vapestornado.com\/sl\/wp-json\/wp\/v2\/types\/product"}],"replies":[{"embeddable":true,"href":"https:\/\/vapestornado.com\/sl\/wp-json\/wp\/v2\/comments?post=3716"}],"wp:featuredmedia":[{"embeddable":true,"href":"https:\/\/vapestornado.com\/sl\/wp-json\/wp\/v2\/media\/3713"}],"wp:attachment":[{"href":"https:\/\/vapestornado.com\/sl\/wp-json\/wp\/v2\/media?parent=3716"}],"wp:term":[{"taxonomy":"product_brand","embeddable":true,"href":"https:\/\/vapestornado.com\/sl\/wp-json\/wp\/v2\/product_brand?post=3716"},{"taxonomy":"product_cat","embeddable":true,"href":"https:\/\/vapestornado.com\/sl\/wp-json\/wp\/v2\/product_cat?post=3716"},{"taxonomy":"product_tag","embeddable":true,"href":"https:\/\/vapestornado.com\/sl\/wp-json\/wp\/v2\/product_tag?post=3716"}],"curies":[{"name":"wp","href":"https:\/\/api.w.org\/{rel}","templated":true}]}}