{"id":3700,"date":"2025-01-07T09:47:56","date_gmt":"2025-01-07T09:47:56","guid":{"rendered":"https:\/\/vapestornado.com\/?post_type=product&#038;p=3700"},"modified":"2025-08-23T09:34:23","modified_gmt":"2025-08-23T09:34:23","slug":"wholesale-price-bang-king-35000-puffs-tornado-vape","status":"publish","type":"product","link":"https:\/\/vapestornado.com\/sl\/product\/wholesale-price-bang-king-35000-puffs-tornado-vape\/","title":{"rendered":"Veleprodajna cena Bang King 35000 Puffs Tornado Vape"},"content":{"rendered":"<h1>Veleprodajna cena Bang King 35000 Puffs Tornado Vape<\/h1>\n<p>&nbsp;<\/p>\n<div role=\"article\" data-tabster=\"{&quot;groupper&quot;:{&quot;tabbability&quot;:2},&quot;focusable&quot;:{}}\" data-content=\"ai-message\" aria-labelledby=\"64JRvXrTnY7mRmPkEQLLT-author 64JRvXrTnY7mRmPkEQLLT-content\">\n<div id=\"64JRvXrTnY7mRmPkEQLLT-content\">\n<p data-start=\"302\" data-end=\"548\">The <strong data-start=\"306\" data-end=\"347\">Bang King 35000 Puffs Vape za enkratno uporabo<\/strong> zagotavlja zmogljivost, u\u010dinkovitost in gladek okus v eni napravi. Z do <strong data-start=\"424\" data-end=\"440\">35.000 vpihih<\/strong> in <strong data-start=\"447\" data-end=\"480\">23 ml predhodno napolnjene e-teko\u010dine<\/strong>zagotavlja dolgotrajno uporabo ob ohranjanju doslednega okusa.<\/p>\n<p data-start=\"550\" data-end=\"829\">Opremljen z <strong data-start=\"566\" data-end=\"584\">0.6\u03a9 mre\u017easta tuljava<\/strong>Bang King 35K zagotavlja bogato paro in enakomeren pretok zraka. A <strong data-start=\"645\" data-end=\"677\">baterija za ponovno polnjenje 1000 mAh<\/strong> z <strong data-start=\"683\" data-end=\"707\">hitro polnjenje Type-C<\/strong> podpira neprekinjene seje, medtem ko <strong data-start=\"747\" data-end=\"775\">za\u0161\u010dite pred suhim zgorevanjem<\/strong> prepre\u010duje suhe vdihe za zanesljivo izku\u0161njo vapinga.<\/p>\n<p data-start=\"831\" data-end=\"1092\">Na voljo v <strong data-start=\"844\" data-end=\"885\">0%, 2%, 3% in 5% jakosti nikotina<\/strong>primeren je tako za ob\u010dasne kot za redne uporabnike. Pakirano <strong data-start=\"933\" data-end=\"972\">10 kosov na \u0161katlo in 200 kosov na karton<\/strong>je Bang King 35000 idealen za veleprodajno distribucijo in kupce, ki i\u0161\u010dejo zelo iskano <strong data-start=\"1068\" data-end=\"1089\">Vape s 35.000 vdihi<\/strong><\/p>\n<p>Kupite zdaj na <strong>Vapebulkp.com<\/strong> in izkusite neprekosljivo zmogljivost in kakovost Bang King 35.000 Vpihov.<\/p>\n<\/div>\n<\/div>\n<p><img fetchpriority=\"high\" decoding=\"async\" class=\"alignleft wp-image-2951 size-medium\" src=\"https:\/\/vapestornado.com\/wp-content\/uploads\/2024\/12\/Wholesale-Disposable-Vape-265x300.jpg\" alt=\"Veleprodaja Vape za Enkratno Uporabo\" width=\"265\" height=\"300\" srcset=\"https:\/\/vapestornado.com\/wp-content\/uploads\/2024\/12\/Wholesale-Disposable-Vape-265x300.jpg 265w, https:\/\/vapestornado.com\/wp-content\/uploads\/2024\/12\/Wholesale-Disposable-Vape-768x871.jpg 768w, https:\/\/vapestornado.com\/wp-content\/uploads\/2024\/12\/Wholesale-Disposable-Vape-600x680.jpg 600w, https:\/\/vapestornado.com\/wp-content\/uploads\/2024\/12\/Wholesale-Disposable-Vape.jpg 823w\" sizes=\"(max-width: 265px) 100vw, 265px\" \/><\/p>\n<h5>Za Zni\u017eano Ceno se Obrnite na Mandy na WhatsApp<a href=\"https:\/\/wa.me\/8618077105796\" target=\"_blank\" rel=\"noopener\">+8618077105796<\/a><\/h5>\n<div class=\"flex max-w-full flex-col flex-grow\">\n<div class=\"min-h-8 text-message flex w-full flex-col items-end gap-2 whitespace-normal break-words text-start [.text-message+&amp;]:mt-5\" dir=\"auto\" data-message-author-role=\"assistant\" data-message-id=\"cdb991c0-f594-4bff-b2d5-fbbdd7ce9e54\" data-message-model-slug=\"gpt-4o-mini\">\n<div class=\"flex w-full flex-col gap-1 empty:hidden first:pt-[3px]\">\n<div class=\"markdown prose w-full break-words dark:prose-invert light\"><\/div>\n<\/div>\n<\/div>\n<\/div>\n<div class=\"mb-2 flex gap-3 empty:hidden -ml-2\">\n<h2 class=\"sr-proMainInfo-baseInfoH1 J-baseInfo-name\">Veleprodaja Pametni Vape Bang King 35k Vpihov Klju\u010dne Lastnosti:<\/h2>\n<ul>\n<li><strong>Neprimerljiva Kapaciteta Vpihov<\/strong>: U\u017eivajte v <strong>35.000 vpihih<\/strong>, kar je idealno za dolgotrajno uporabo brez pogostih zamenjav.<\/li>\n<li><strong>Velika Prostornina E-teko\u010dine<\/strong>: Predhodno napolnjen z <strong>23 ml vrhunskega e-soka<\/strong> za dosleden okus.<\/li>\n<li><strong>Polnilna baterija<\/strong>: Napaja ga <strong>1000mAh baterija<\/strong> z <strong>hitro polnjenje Type-C<\/strong>.<\/li>\n<li><strong>Tehnologija Mre\u017easte Tuljave<\/strong>: Napredna <strong>0.6\u03a9 mre\u017easta tuljava<\/strong> zagotavlja bogato, gladko in gosto paro.<\/li>\n<li><strong>Prilagodljive Mo\u010di Nikotina<\/strong>: Na voljo v <strong>Nikotinska sol 0%, 2%, 3% in 5%<\/strong> za vsak okus.<\/li>\n<li><strong>Za\u0161\u010dita pred suhim izgorevanjem<\/strong>: Prepre\u010duje pregrevanje in suhe v\u017eige za varnej\u0161o in bolj gladko izku\u0161njo vapinga.<\/li>\n<li><strong>Veleprodajno pakiranje<\/strong>: Priro\u010dno pakirano kot <strong>10 kosov na \u0161katlo in 200 kosov na karton<\/strong>, idealno za osebne kupce in kupce na debelo.<\/li>\n<\/ul>\n<\/div>\n<h2 class=\"sr-proMainInfo-baseInfoH1 J-baseInfo-name\">Okus BANGKING 35000PUFF VAPOR:<\/h2>\n<p>1.jagoda mango<br \/>\n2.love66<br \/>\n3.blue razz ice<br \/>\n4. jagoda lubenica<br \/>\n5. limona meta<br \/>\n6. dvojno jabolko<br \/>\n7. energijska pija\u010da<br \/>\n8. breskev led<br \/>\n9. jagoda kivi<br \/>\n10. grozdje led<br \/>\n11. borovnica led<br \/>\n12. lubenica<\/p>\n<div role=\"article\" data-tabster=\"{&quot;groupper&quot;:{&quot;tabbability&quot;:2},&quot;focusable&quot;:{}}\" data-content=\"ai-message\" aria-labelledby=\"dARUyEWDoEYhnSPXFwx5A-author dARUyEWDoEYhnSPXFwx5A-content\">\n<div id=\"dARUyEWDoEYhnSPXFwx5A-content\">\n<h2><strong>Zakaj kupiti Bang King 35000puff Vape pri vapestornado?<\/strong><\/h2>\n<ul>\n<li><strong>Zaupanja vredna kakovost<\/strong>: vapestornado je vodilni distributer <strong>vrhunskih vape za enkratno uporabo<\/strong>, ki zagotavlja, da prejmete pristne, visokokakovostne izdelke.<\/li>\n<li><strong>Konkuren\u010dne cene<\/strong>: Pridobite najbolj\u0161e veleprodajne ponudbe in cene za nakup v velikih koli\u010dinah za Bang King 35.000 Puffs.<\/li>\n<li><strong>Hitra dostava<\/strong>: Hitro dostavljamo po Evropi, kar zagotavlja, da va\u0161i izdelki prispejo pravo\u010dasno.<\/li>\n<li><strong>Izjemna podpora strankam<\/strong>: Na\u0161a ekipa je na voljo za pomo\u010d pri vpra\u0161anjih, kar zagotavlja nemoteno nakupovalno izku\u0161njo.<\/li>\n<li><strong>Obse\u017een izbor<\/strong>: Razi\u0161\u010dite \u0161iroko paleto <strong>vrhunske e-cigarete za enkratno uporabo<\/strong> za vsako \u017eeljo pri vejpanju.<\/li>\n<\/ul>\n<\/div>\n<\/div>\n<h2>Pogosta vpra\u0161anja o dolgotrajnih e-cigaretah za enkratno uporabo Bang Vape 35000 Puff<\/h2>\n<h4><strong>1. Kako dolgo zdr\u017ei Bang Vape King 35000 Puffs?<\/strong><\/h4>\n<p>Bang King je zasnovan tako, da zagotavlja do <strong>35.000 vpihih<\/strong>, zaradi \u010desar je eden najtrpe\u017enej\u0161ih vejperjev za enkratno uporabo na trgu. \u010cas uporabe je odvisen od pogostosti vejpanja in trajanja vdihov.<\/p>\n<h4><strong>2. Ali lahko ponovno napolnim Hot Sale Vape Bang King 35000 Puffs?<\/strong><\/h4>\n<p>Da, ta naprava ima <strong>priklju\u010dkom za polnjenje tipa C<\/strong> in <strong>baterija za ponovno polnjenje 1000 mAh<\/strong>funkcijo polnjenja<\/p>\n<h4><strong>, kar zagotavlja, da lahko u\u017eivate v vseh 35.000 vpihih brez prekinitev.<\/strong><\/h4>\n<p>3. Zakaj se Bang 35000 puffvape razlikuje od drugih vejperjev za enkratno uporabo? <strong>zmogljivostjo 35.000 vdihov<\/strong>, <strong>Njegova kombinacija<\/strong>, <strong>tehnologijo mre\u017easte tuljave<\/strong>in <strong>za\u0161\u010dite pred suhim zgorevanjem<\/strong> polnilne baterije in velike<\/p>","protected":false},"excerpt":{"rendered":"<p>Razi\u0161\u010dite veleprodajne cene za Bang King 35000 Puffs Tornado Vape na Vapebulkp.com. Vsebuje 35.000 vdihov, 23 ml e-teko\u010dine, baterijo 1000 mAh, polnjenje tipa C in tehnologijo proti suhemu zgorevanju. Idealen za mno\u017ei\u010dna naro\u010dila s prilagodljivimi mo\u017enostmi nikotina (0%, 2%, 3%, 5%). Kupite vrhunske vape za enkratno uporabo \u0161e danes!<\/p>\n<figure id=\"attachment_2951\" aria-describedby=\"caption-attachment-2951\" style=\"width: 265px\" class=\"wp-caption alignnone\"><img decoding=\"async\" class=\"size-medium wp-image-2951\" src=\"https:\/\/vapestornado.com\/wp-content\/uploads\/2024\/12\/Wholesale-Disposable-Vape-265x300.jpg\" alt=\"Veleprodaja Vape za Enkratno Uporabo\" width=\"265\" height=\"300\" srcset=\"https:\/\/vapestornado.com\/wp-content\/uploads\/2024\/12\/Wholesale-Disposable-Vape-265x300.jpg 265w, https:\/\/vapestornado.com\/wp-content\/uploads\/2024\/12\/Wholesale-Disposable-Vape-768x871.jpg 768w, https:\/\/vapestornado.com\/wp-content\/uploads\/2024\/12\/Wholesale-Disposable-Vape-600x680.jpg 600w, https:\/\/vapestornado.com\/wp-content\/uploads\/2024\/12\/Wholesale-Disposable-Vape.jpg 823w\" sizes=\"(max-width: 265px) 100vw, 265px\" \/><figcaption id=\"caption-attachment-2951\" class=\"wp-caption-text\">Za Zni\u017eano Ceno se Obrnite na Mandy na WhatsApp\u00a0 <a href=\"https:\/\/wa.me\/8618077105796\">+8618077105796<\/a><\/figcaption><\/figure>\n<p>&nbsp;<\/p>","protected":false},"featured_media":3702,"comment_status":"open","ping_status":"closed","template":"","meta":{"_acf_changed":false,"_uag_custom_page_level_css":"","_lmt_disableupdate":"no","_lmt_disable":"","_monsterinsights_skip_tracking":false,"_monsterinsights_sitenote_active":false,"_monsterinsights_sitenote_note":"","_monsterinsights_sitenote_category":0,"site-sidebar-layout":"default","site-content-layout":"","ast-site-content-layout":"default","site-content-style":"default","site-sidebar-style":"default","ast-global-header-display":"","ast-banner-title-visibility":"","ast-main-header-display":"","ast-hfb-above-header-display":"","ast-hfb-below-header-display":"","ast-hfb-mobile-header-display":"","site-post-title":"","ast-breadcrumbs-content":"","ast-featured-img":"","footer-sml-layout":"","ast-disable-related-posts":"","theme-transparent-header-meta":"default","adv-header-id-meta":"","stick-header-meta":"","header-above-stick-meta":"","header-main-stick-meta":"","header-below-stick-meta":"","astra-migrate-meta-layouts":"set","ast-page-background-enabled":"default","ast-page-background-meta":{"desktop":{"background-color":"","background-image":"","background-repeat":"repeat","background-position":"center center","background-size":"auto","background-attachment":"scroll","background-type":"","background-media":"","overlay-type":"","overlay-color":"","overlay-opacity":"","overlay-gradient":""},"tablet":{"background-color":"","background-image":"","background-repeat":"repeat","background-position":"center center","background-size":"auto","background-attachment":"scroll","background-type":"","background-media":"","overlay-type":"","overlay-color":"","overlay-opacity":"","overlay-gradient":""},"mobile":{"background-color":"","background-image":"","background-repeat":"repeat","background-position":"center center","background-size":"auto","background-attachment":"scroll","background-type":"","background-media":"","overlay-type":"","overlay-color":"","overlay-opacity":"","overlay-gradient":""}},"ast-content-background-meta":{"desktop":{"background-color":"var(--ast-global-color-5)","background-image":"","background-repeat":"repeat","background-position":"center center","background-size":"auto","background-attachment":"scroll","background-type":"","background-media":"","overlay-type":"","overlay-color":"","overlay-opacity":"","overlay-gradient":""},"tablet":{"background-color":"var(--ast-global-color-5)","background-image":"","background-repeat":"repeat","background-position":"center center","background-size":"auto","background-attachment":"scroll","background-type":"","background-media":"","overlay-type":"","overlay-color":"","overlay-opacity":"","overlay-gradient":""},"mobile":{"background-color":"var(--ast-global-color-5)","background-image":"","background-repeat":"repeat","background-position":"center center","background-size":"auto","background-attachment":"scroll","background-type":"","background-media":"","overlay-type":"","overlay-color":"","overlay-opacity":"","overlay-gradient":""}},"_joinchat":{"telephone":"+8618077105796"}},"product_brand":[],"product_cat":[175,63,140,158,159],"product_tag":[223,97,98],"class_list":{"0":"post-3700","1":"product","2":"type-product","3":"status-publish","4":"has-post-thumbnail","6":"product_cat-35000-puff","7":"product_cat-bangking","8":"product_cat-big-puffs-disposable-vapes","9":"product_cat-buy-disposable-vapes-in-spain","10":"product_cat-buy-disposable-vapes-in-sweden","11":"product_tag-bang-king-vape-35000","12":"product_tag-hot-sale-disposable-vape","13":"product_tag-wholesale-price-disposable-vape","14":"desktop-align-left","15":"tablet-align-left","16":"mobile-align-left","18":"first","19":"instock","20":"sale","21":"shipping-taxable","22":"purchasable","23":"product-type-simple"},"acf":[],"uagb_featured_image_src":{"full":["https:\/\/vapestornado.com\/wp-content\/uploads\/2025\/01\/Bang-Vape-35000-Puffs-Disposable-Vape-Hot-Sale-In-Germany.webp",800,800,false],"thumbnail":["https:\/\/vapestornado.com\/wp-content\/uploads\/2025\/01\/Bang-Vape-35000-Puffs-Disposable-Vape-Hot-Sale-In-Germany-150x150.webp",150,150,true],"medium":["https:\/\/vapestornado.com\/wp-content\/uploads\/2025\/01\/Bang-Vape-35000-Puffs-Disposable-Vape-Hot-Sale-In-Germany-300x300.webp",300,300,true],"medium_large":["https:\/\/vapestornado.com\/wp-content\/uploads\/2025\/01\/Bang-Vape-35000-Puffs-Disposable-Vape-Hot-Sale-In-Germany-768x768.webp",768,768,true],"large":["https:\/\/vapestornado.com\/wp-content\/uploads\/2025\/01\/Bang-Vape-35000-Puffs-Disposable-Vape-Hot-Sale-In-Germany.webp",800,800,false],"1536x1536":["https:\/\/vapestornado.com\/wp-content\/uploads\/2025\/01\/Bang-Vape-35000-Puffs-Disposable-Vape-Hot-Sale-In-Germany.webp",800,800,false],"2048x2048":["https:\/\/vapestornado.com\/wp-content\/uploads\/2025\/01\/Bang-Vape-35000-Puffs-Disposable-Vape-Hot-Sale-In-Germany.webp",800,800,false],"trp-custom-language-flag":["https:\/\/vapestornado.com\/wp-content\/uploads\/2025\/01\/Bang-Vape-35000-Puffs-Disposable-Vape-Hot-Sale-In-Germany.webp",12,12,false],"woocommerce_thumbnail":["https:\/\/vapestornado.com\/wp-content\/uploads\/2025\/01\/Bang-Vape-35000-Puffs-Disposable-Vape-Hot-Sale-In-Germany-300x300.webp",300,300,true],"woocommerce_single":["https:\/\/vapestornado.com\/wp-content\/uploads\/2025\/01\/Bang-Vape-35000-Puffs-Disposable-Vape-Hot-Sale-In-Germany-600x600.webp",600,600,true],"woocommerce_gallery_thumbnail":["https:\/\/vapestornado.com\/wp-content\/uploads\/2025\/01\/Bang-Vape-35000-Puffs-Disposable-Vape-Hot-Sale-In-Germany-100x100.webp",100,100,true]},"uagb_author_info":{"display_name":"ESMANDY","author_link":"https:\/\/vapestornado.com\/sl\/author\/"},"uagb_comment_info":0,"uagb_excerpt":"Explore wholesale prices for Bang King 35000 Puffs Tornado Vape at Vapebulkp.com. Featuring 35,000 puffs, 23ml e-liquid, 1000mAh battery, Type-C charging, and anti-dry burn technology. Ideal for bulk orders with customizable nicotine options (0%, 2%, 3%, 5%). Shop premium disposable vapes today! [caption id=\"attachment_2951\" align=\"alignnone\" width=\"265\"] Pls Contact Mandy's WhatsApp For Discount Price\u00a0 +8618077105796[\/caption] &nbsp;","_links":{"self":[{"href":"https:\/\/vapestornado.com\/sl\/wp-json\/wp\/v2\/product\/3700","targetHints":{"allow":["GET"]}}],"collection":[{"href":"https:\/\/vapestornado.com\/sl\/wp-json\/wp\/v2\/product"}],"about":[{"href":"https:\/\/vapestornado.com\/sl\/wp-json\/wp\/v2\/types\/product"}],"replies":[{"embeddable":true,"href":"https:\/\/vapestornado.com\/sl\/wp-json\/wp\/v2\/comments?post=3700"}],"wp:featuredmedia":[{"embeddable":true,"href":"https:\/\/vapestornado.com\/sl\/wp-json\/wp\/v2\/media\/3702"}],"wp:attachment":[{"href":"https:\/\/vapestornado.com\/sl\/wp-json\/wp\/v2\/media?parent=3700"}],"wp:term":[{"taxonomy":"product_brand","embeddable":true,"href":"https:\/\/vapestornado.com\/sl\/wp-json\/wp\/v2\/product_brand?post=3700"},{"taxonomy":"product_cat","embeddable":true,"href":"https:\/\/vapestornado.com\/sl\/wp-json\/wp\/v2\/product_cat?post=3700"},{"taxonomy":"product_tag","embeddable":true,"href":"https:\/\/vapestornado.com\/sl\/wp-json\/wp\/v2\/product_tag?post=3700"}],"curies":[{"name":"wp","href":"https:\/\/api.w.org\/{rel}","templated":true}]}}