{"id":3690,"date":"2025-01-06T09:55:58","date_gmt":"2025-01-06T09:55:58","guid":{"rendered":"https:\/\/vapestornado.com\/?post_type=product&#038;p=3690"},"modified":"2025-08-23T09:35:59","modified_gmt":"2025-08-23T09:35:59","slug":"wholesale-price-bang-beach-20000-puffs-high-quality-vape-pods","status":"publish","type":"product","link":"https:\/\/vapestornado.com\/sl\/product\/wholesale-price-bang-beach-20000-puffs-high-quality-vape-pods\/","title":{"rendered":"Veleprodajna cena Bang Beach 20000 Vpihov Visokokakovostne Vape Pod naprave"},"content":{"rendered":"<h1>Veleprodajna cena Bang Beach 20000 Vpihov Visokokakovostne Vape Pod naprave<\/h1>\n<p>&nbsp;<\/p>\n<div role=\"article\" data-tabster=\"{&quot;groupper&quot;:{&quot;tabbability&quot;:2},&quot;focusable&quot;:{}}\" data-content=\"ai-message\" aria-labelledby=\"64JRvXrTnY7mRmPkEQLLT-author 64JRvXrTnY7mRmPkEQLLT-content\">\n<div id=\"64JRvXrTnY7mRmPkEQLLT-content\">\n<p data-start=\"323\" data-end=\"588\">The <strong data-start=\"327\" data-end=\"369\">Bang Beach 20000 Vpihov za Enkratno Uporabo Vape<\/strong> zdru\u017euje veliko kapaciteto, pametno tehnologijo in eleganten dizajn za zanesljivo mo\u017enost vapinga. Z do <strong data-start=\"473\" data-end=\"489\">20.000 vdihov<\/strong> in <strong data-start=\"496\" data-end=\"529\">35 ml predhodno napolnjenega rezervoarja za e-teko\u010dino<\/strong>, zagotavlja dolgotrajno uporabo brez pogostih zamenjav.<\/p>\n<p data-start=\"590\" data-end=\"854\">Napaja ga <strong data-start=\"603\" data-end=\"634\">650mAh polnilno baterijo<\/strong> z <strong data-start=\"640\" data-end=\"664\">hitro polnjenje Type-C<\/strong>, Bang Beach 20K zagotavlja dosledno delovanje skozi ves dan. The <strong data-start=\"740\" data-end=\"767\">integriran pametni zaslon<\/strong> zagotavlja sprotne posodobitve o \u017eivljenjski dobi baterije in uporabi vpihov, kar uporabnikom omogo\u010da nadzor.<\/p>\n<p data-start=\"856\" data-end=\"1041\">Na voljo v <strong data-start=\"869\" data-end=\"910\">0%, 2%, 3% in 5% jakosti nikotina<\/strong>, ustreza razli\u010dnim \u017eeljam, medtem ko <strong data-start=\"958\" data-end=\"987\">ergonomska gradientna oblika<\/strong> poskrbi, da je privla\u010den in udoben za dr\u017eanje.<\/p>\n<p data-start=\"1043\" data-end=\"1235\">Za trgovce na debelo in drobno <strong data-start=\"1078\" data-end=\"1109\">Bang Beach 20000 Vpihov Vape<\/strong> ponuja mo\u010dno kombinacijo kapacitete, dizajna in veleprodajne vrednosti, zaradi \u010desar je konkuren\u010dna izbira na trgu vape za enkratno uporabo.<\/p>\n<figure id=\"attachment_3691\" aria-describedby=\"caption-attachment-3691\" style=\"width: 676px\" class=\"wp-caption alignnone\"><img fetchpriority=\"high\" decoding=\"async\" class=\"wp-image-3691\" src=\"https:\/\/vapestornado.com\/wp-content\/uploads\/2025\/01\/Bang-Beach-20000-puff-vape-best-sale-Germany.jpg\" alt=\"Bang Beach 20000 vpihov vape najbolj\u0161a prodaja Nem\u010dija\" width=\"676\" height=\"676\" srcset=\"https:\/\/vapestornado.com\/wp-content\/uploads\/2025\/01\/Bang-Beach-20000-puff-vape-best-sale-Germany.jpg 800w, https:\/\/vapestornado.com\/wp-content\/uploads\/2025\/01\/Bang-Beach-20000-puff-vape-best-sale-Germany-300x300.jpg 300w, https:\/\/vapestornado.com\/wp-content\/uploads\/2025\/01\/Bang-Beach-20000-puff-vape-best-sale-Germany-150x150.jpg 150w, https:\/\/vapestornado.com\/wp-content\/uploads\/2025\/01\/Bang-Beach-20000-puff-vape-best-sale-Germany-768x768.jpg 768w, https:\/\/vapestornado.com\/wp-content\/uploads\/2025\/01\/Bang-Beach-20000-puff-vape-best-sale-Germany-600x600.jpg 600w, https:\/\/vapestornado.com\/wp-content\/uploads\/2025\/01\/Bang-Beach-20000-puff-vape-best-sale-Germany-100x100.jpg 100w\" sizes=\"(max-width: 676px) 100vw, 676px\" \/><figcaption id=\"caption-attachment-3691\" class=\"wp-caption-text\">Bang Beach 20000 vpihov vape najbolj\u0161a prodaja Nem\u010dija<\/figcaption><\/figure>\n<\/div>\n<\/div>\n<p><img decoding=\"async\" class=\"alignleft wp-image-2951 size-medium\" src=\"https:\/\/vapestornado.com\/wp-content\/uploads\/2024\/12\/Wholesale-Disposable-Vape-265x300.jpg\" alt=\"Veleprodaja Vape za Enkratno Uporabo\" width=\"265\" height=\"300\" srcset=\"https:\/\/vapestornado.com\/wp-content\/uploads\/2024\/12\/Wholesale-Disposable-Vape-265x300.jpg 265w, https:\/\/vapestornado.com\/wp-content\/uploads\/2024\/12\/Wholesale-Disposable-Vape-768x871.jpg 768w, https:\/\/vapestornado.com\/wp-content\/uploads\/2024\/12\/Wholesale-Disposable-Vape-600x680.jpg 600w, https:\/\/vapestornado.com\/wp-content\/uploads\/2024\/12\/Wholesale-Disposable-Vape.jpg 823w\" sizes=\"(max-width: 265px) 100vw, 265px\" \/><\/p>\n<h5>Za Zni\u017eano Ceno se Obrnite na Mandy na WhatsApp<a href=\"https:\/\/wa.me\/8618077105796\" target=\"_blank\" rel=\"noopener\">+8618077105796<\/a><\/h5>\n<div class=\"flex max-w-full flex-col flex-grow\">\n<div class=\"min-h-8 text-message flex w-full flex-col items-end gap-2 whitespace-normal break-words text-start [.text-message+&amp;]:mt-5\" dir=\"auto\" data-message-author-role=\"assistant\" data-message-id=\"cdb991c0-f594-4bff-b2d5-fbbdd7ce9e54\" data-message-model-slug=\"gpt-4o-mini\">\n<div class=\"flex w-full flex-col gap-1 empty:hidden first:pt-[3px]\">\n<div class=\"markdown prose w-full break-words dark:prose-invert light\"><\/div>\n<\/div>\n<\/div>\n<\/div>\n<div class=\"mb-2 flex gap-3 empty:hidden -ml-2\">\n<h2>Bang Beach 20000 Vpihov Klju\u010dne Funkcije:<\/h2>\n<ul>\n<li>Podalj\u0161ane vaping seje z 20.000 vpihi.<\/li>\n<li>Velika 35 ml prostornina e-teko\u010dine za bogate, trajne okuse.<\/li>\n<li>Nastavljive ravni nikotina za osebno zadovoljstvo.<\/li>\n<li>Mo\u010dna 650 mAh baterija za dolgotrajno uporabo.<\/li>\n<li>Pametni zaslon za vpogled v uporabo v realnem \u010dasu.<\/li>\n<li>Eleganten, ergonomski dizajn z \u017eivahnimi gradientnimi barvami.<\/li>\n<\/ul>\n<\/div>\n<h2>Bang Beach 20000 Vpihov Okus:<\/h2>\n<p>1) Led s trojnimi jagodami<br \/>\n2) Roza limonada<br \/>\n3) Borovnica Malina<br \/>\n4) Me\u0161ano jagodi\u010devje<br \/>\n5) Jagodna lubenica<br \/>\n6) Jagodni led<br \/>\n7) Grozdni led<br \/>\n8) Breskev mango<br \/>\n9) Modri razz led<br \/>\n10) Kislo jabolko<br \/>\n11) Lubeni\u010dni led<br \/>\n12) Breskov led<\/p>\n<h2 data-pm-slice=\"1 1 []\">Zakaj Bang Beach Smart Screen 20000 puff vape izstopa?<\/h2>\n<p>The <strong>Bang Beach Pametni Zaslon 20000<\/strong> je ve\u010d kot le vape za enkratno uporabo; je visoko zmogljiva naprava, zasnovana za uporabnike, ki i\u0161\u010dejo vrhunsko kakovost in zanesljivost. Njegovo obse\u017eno \u0161tevilo vdihov, robustna baterija in prilagodljive jakosti nikotina ga naredijo vsestransko izbiro za vse \u017eelje pri vapingu. Ne glede na to, ali ste izku\u0161en uporabnik ali \u0161ele za\u010denjate, pametni zaslon in uporabniku prijazna zasnova izbolj\u0161ata va\u0161o izku\u0161njo vapinga.<\/p>\n<div role=\"article\" data-tabster=\"{&quot;groupper&quot;:{&quot;tabbability&quot;:2},&quot;focusable&quot;:{}}\" data-content=\"ai-message\" aria-labelledby=\"dARUyEWDoEYhnSPXFwx5A-author dARUyEWDoEYhnSPXFwx5A-content\">\n<div id=\"dARUyEWDoEYhnSPXFwx5A-content\">\n<h2>Zakaj izbrati Bang Beach Smart Screen 20000puff na <a href=\"https:\/\/vapestornado.com\/sl\/product\/bang-box-35k-puffs-high-capacity-long-lasting-disposable-vape\/\">vapestornado.com?<\/a><\/h2>\n<p>vapestornado.com je va\u0161a kon\u010dna destinacija za vrhunske izdelke za vaping, in <strong>Bang Beach Pametni Zaslon 20000 Vpihov<\/strong> ni nobena izjema. Tukaj je razlog, zakaj ta naprava izstopa in zakaj je vapestornado.com najbolj\u0161e mesto za nakup:<\/p>\n<h4><strong>*Neprimerljiva kakovost<\/strong><\/h4>\n<p>Na vapestornado.com ponujamo samo originalne in visokokakovostne izdelke za vaping. Bang Beach Smart Screen 20000 Puff je zasnovan z mislijo na vzdr\u017eljivost in zmogljivost, kar zagotavlja zanesljivo in prijetno izku\u0161njo pri vsaki uporabi.<\/p>\n<h4><strong>*Konkuren\u010dne cene<\/strong><\/h4>\n<p>vapestornado.com ponuja Bang Beach Smart Screen 20000 vdihov po zelo konkuren\u010dnih cenah, kar zagotavlja, da dobite odli\u010dno vrednost za vrhunski izdelek.<\/p>\n<h4><strong>*Hitro<\/strong><\/h4>\n<p>U\u017eivajte v hitri in zanesljivi dostavi po vsej Sloveniji, kar zagotavlja, da va\u0161a izku\u0161nja vapinga nikoli ne bo zamujala.<\/p>\n<h4><strong>*Podpora, osredoto\u010dena na stranke<\/strong><\/h4>\n<p>Na\u0161a predana ekipa za podporo vam je pripravljena pomagati pri vseh vpra\u0161anjih in zagotoviti nemoteno nakupovalno izku\u0161njo.<\/p>\n<p>Nadgradite svojo igro vapinga \u0161e danes z <strong>Bang Beach Vape 20k Puffs polnilnimi vape napravami<\/strong>, ki so na voljo izklju\u010dno na vapestornado.com\\u2014va\u0161 zanesljiv partner za vse, kar je povezano z vapingom!<\/p>\n<p>Nadgradite svojo igro vapinga \u0161e danes z <strong>Bang Beach 20000 Puff vape kapsule<\/strong>, ki so na voljo izklju\u010dno na vapestornado.com\\u2014va\u0161 zanesljiv partner za vse, kar je povezano z vapingom!<\/p>\n<\/div>\n<\/div>\n<h2>Pogosta vpra\u0161anja o nakupu vape naprav Bang Beach Vape 20000 Puffs v razsutem stanju<\/h2>\n<p><strong>1. Kako lahko oddam naro\u010dilo v razsutem stanju za Bang Beach vape 20000 Vpihov?<\/strong><br \/>\nObi\u0161\u010dite zaupanja vrednega dobavitelja, kot je vapestornado.com, prebrskajte stran izdelka Bang Beach Vape in izberite mo\u017enost koli\u010dine v razsutem stanju. Lahko pa se obrnete na njihovo slu\u017ebo za pomo\u010d uporabnikom za pomo\u010d pri velikih naro\u010dilih.<\/p>\n<p><strong>2. Kak\u0161ne so mo\u017enosti po\u0161iljanja za naro\u010dila v razsutem stanju za bangvape 20000puff?<\/strong><br \/>\nNaro\u010dila v razsutem stanju so varno odposlana, da se izdelek za\u0161\u010diti med prevozom. Mnogi dobavitelji ponujajo mo\u017enosti hitrega po\u0161iljanja in storitve sledenja, da zagotovijo pravo\u010dasno dostavo.<\/p>\n<p><strong>3. Ali je Bang Beach Vape 20000 vpihov primeren za veleprodajno distribucijo?<\/strong><br \/>\nSeveda. S svojimi naprednimi funkcijami, dolgotrajno zmogljivostjo in elegantnim dizajnom je Bang Beach Vape 20000 zelo privla\u010den za potro\u0161nike, zaradi \u010desar je odli\u010dna izbira za veleprodajno distribucijo.<\/p>\n<p><strong>4. Kako zagotovim, da kupujem originalne izdelke Bang Beach Vape?<\/strong><br \/>\nVedno kupujte pri zaupanja vrednih dobaviteljih ali poobla\u0161\u010denih distributerjih, kot je vapestornado.com, da zagotovite pristnost in kakovost. Izogibajte se nepreverjenim prodajalcem, da prepre\u010dite ponarejene izdelke.<\/p>","protected":false},"excerpt":{"rendered":"<p>Bang Beach 20000 Vpihov ponuja do 20.000 vpihov, 35 ml predhodno napolnjene e-teko\u010dine, prilagodljive ravni nikotina (0%, 2%, 3%, 5%), 650 mAh polnilno baterijo in pametni zaslon za sledenje uporabi. Eleganten in dolgotrajen vape, popoln za vsako potrebo po vapingu.<\/p>\n<figure id=\"attachment_2951\" aria-describedby=\"caption-attachment-2951\" style=\"width: 265px\" class=\"wp-caption alignnone\"><img decoding=\"async\" class=\"size-medium wp-image-2951\" src=\"https:\/\/vapestornado.com\/wp-content\/uploads\/2024\/12\/Wholesale-Disposable-Vape-265x300.jpg\" alt=\"Veleprodaja Vape za Enkratno Uporabo\" width=\"265\" height=\"300\" srcset=\"https:\/\/vapestornado.com\/wp-content\/uploads\/2024\/12\/Wholesale-Disposable-Vape-265x300.jpg 265w, https:\/\/vapestornado.com\/wp-content\/uploads\/2024\/12\/Wholesale-Disposable-Vape-768x871.jpg 768w, https:\/\/vapestornado.com\/wp-content\/uploads\/2024\/12\/Wholesale-Disposable-Vape-600x680.jpg 600w, https:\/\/vapestornado.com\/wp-content\/uploads\/2024\/12\/Wholesale-Disposable-Vape.jpg 823w\" sizes=\"(max-width: 265px) 100vw, 265px\" \/><figcaption id=\"caption-attachment-2951\" class=\"wp-caption-text\">Za Zni\u017eano Ceno se Obrnite na Mandy na WhatsApp\u00a0 <a href=\"https:\/\/wa.me\/8618077105796\">+8618077105796<\/a><\/figcaption><\/figure>\n<p>&nbsp;<\/p>","protected":false},"featured_media":3693,"comment_status":"open","ping_status":"closed","template":"","meta":{"_acf_changed":false,"_uag_custom_page_level_css":"","_lmt_disableupdate":"no","_lmt_disable":"","_monsterinsights_skip_tracking":false,"_monsterinsights_sitenote_active":false,"_monsterinsights_sitenote_note":"","_monsterinsights_sitenote_category":0,"site-sidebar-layout":"default","site-content-layout":"","ast-site-content-layout":"default","site-content-style":"default","site-sidebar-style":"default","ast-global-header-display":"","ast-banner-title-visibility":"","ast-main-header-display":"","ast-hfb-above-header-display":"","ast-hfb-below-header-display":"","ast-hfb-mobile-header-display":"","site-post-title":"","ast-breadcrumbs-content":"","ast-featured-img":"","footer-sml-layout":"","ast-disable-related-posts":"","theme-transparent-header-meta":"default","adv-header-id-meta":"","stick-header-meta":"","header-above-stick-meta":"","header-main-stick-meta":"","header-below-stick-meta":"","astra-migrate-meta-layouts":"set","ast-page-background-enabled":"default","ast-page-background-meta":{"desktop":{"background-color":"","background-image":"","background-repeat":"repeat","background-position":"center center","background-size":"auto","background-attachment":"scroll","background-type":"","background-media":"","overlay-type":"","overlay-color":"","overlay-opacity":"","overlay-gradient":""},"tablet":{"background-color":"","background-image":"","background-repeat":"repeat","background-position":"center center","background-size":"auto","background-attachment":"scroll","background-type":"","background-media":"","overlay-type":"","overlay-color":"","overlay-opacity":"","overlay-gradient":""},"mobile":{"background-color":"","background-image":"","background-repeat":"repeat","background-position":"center center","background-size":"auto","background-attachment":"scroll","background-type":"","background-media":"","overlay-type":"","overlay-color":"","overlay-opacity":"","overlay-gradient":""}},"ast-content-background-meta":{"desktop":{"background-color":"var(--ast-global-color-5)","background-image":"","background-repeat":"repeat","background-position":"center center","background-size":"auto","background-attachment":"scroll","background-type":"","background-media":"","overlay-type":"","overlay-color":"","overlay-opacity":"","overlay-gradient":""},"tablet":{"background-color":"var(--ast-global-color-5)","background-image":"","background-repeat":"repeat","background-position":"center center","background-size":"auto","background-attachment":"scroll","background-type":"","background-media":"","overlay-type":"","overlay-color":"","overlay-opacity":"","overlay-gradient":""},"mobile":{"background-color":"var(--ast-global-color-5)","background-image":"","background-repeat":"repeat","background-position":"center center","background-size":"auto","background-attachment":"scroll","background-type":"","background-media":"","overlay-type":"","overlay-color":"","overlay-opacity":"","overlay-gradient":""}},"_joinchat":{"telephone":"+8618077105796"}},"product_brand":[],"product_cat":[69,62,151,157],"product_tag":[229,97,98],"class_list":{"0":"post-3690","1":"product","2":"type-product","3":"status-publish","4":"has-post-thumbnail","6":"product_cat-20000-puff","7":"product_cat-bang-vape","8":"product_cat-buy-disposable-vapes-in-france","9":"product_cat-buy-disposable-vapes-in-portugal","10":"product_tag-bang-beach-20000-puffs","11":"product_tag-hot-sale-disposable-vape","12":"product_tag-wholesale-price-disposable-vape","13":"desktop-align-left","14":"tablet-align-left","15":"mobile-align-left","17":"first","18":"instock","19":"sale","20":"shipping-taxable","21":"purchasable","22":"product-type-simple"},"acf":[],"uagb_featured_image_src":{"full":["https:\/\/vapestornado.com\/wp-content\/uploads\/2025\/01\/Bang-Beach-20000-puff-vape-good-sale-Germany.webp",800,800,false],"thumbnail":["https:\/\/vapestornado.com\/wp-content\/uploads\/2025\/01\/Bang-Beach-20000-puff-vape-good-sale-Germany-150x150.webp",150,150,true],"medium":["https:\/\/vapestornado.com\/wp-content\/uploads\/2025\/01\/Bang-Beach-20000-puff-vape-good-sale-Germany-300x300.webp",300,300,true],"medium_large":["https:\/\/vapestornado.com\/wp-content\/uploads\/2025\/01\/Bang-Beach-20000-puff-vape-good-sale-Germany-768x768.webp",768,768,true],"large":["https:\/\/vapestornado.com\/wp-content\/uploads\/2025\/01\/Bang-Beach-20000-puff-vape-good-sale-Germany.webp",800,800,false],"1536x1536":["https:\/\/vapestornado.com\/wp-content\/uploads\/2025\/01\/Bang-Beach-20000-puff-vape-good-sale-Germany.webp",800,800,false],"2048x2048":["https:\/\/vapestornado.com\/wp-content\/uploads\/2025\/01\/Bang-Beach-20000-puff-vape-good-sale-Germany.webp",800,800,false],"trp-custom-language-flag":["https:\/\/vapestornado.com\/wp-content\/uploads\/2025\/01\/Bang-Beach-20000-puff-vape-good-sale-Germany.webp",12,12,false],"woocommerce_thumbnail":["https:\/\/vapestornado.com\/wp-content\/uploads\/2025\/01\/Bang-Beach-20000-puff-vape-good-sale-Germany-300x300.webp",300,300,true],"woocommerce_single":["https:\/\/vapestornado.com\/wp-content\/uploads\/2025\/01\/Bang-Beach-20000-puff-vape-good-sale-Germany-600x600.webp",600,600,true],"woocommerce_gallery_thumbnail":["https:\/\/vapestornado.com\/wp-content\/uploads\/2025\/01\/Bang-Beach-20000-puff-vape-good-sale-Germany-100x100.webp",100,100,true]},"uagb_author_info":{"display_name":"ESMANDY","author_link":"https:\/\/vapestornado.com\/sl\/author\/"},"uagb_comment_info":0,"uagb_excerpt":"Bang Beach 20000 Puffs offers up to 20,000 puffs, a 35ml pre-filled e-liquid, customizable nicotine levels (0%, 2%, 3%, 5%), a 650mAh rechargeable battery, and a smart screen for tracking usage. Stylish and long-lasting vape, perfect for every vaping need. [caption id=\"attachment_2951\" align=\"alignnone\" width=\"265\"] Pls Contact Mandy's WhatsApp For Discount Price\u00a0 +8618077105796[\/caption] &nbsp;","_links":{"self":[{"href":"https:\/\/vapestornado.com\/sl\/wp-json\/wp\/v2\/product\/3690","targetHints":{"allow":["GET"]}}],"collection":[{"href":"https:\/\/vapestornado.com\/sl\/wp-json\/wp\/v2\/product"}],"about":[{"href":"https:\/\/vapestornado.com\/sl\/wp-json\/wp\/v2\/types\/product"}],"replies":[{"embeddable":true,"href":"https:\/\/vapestornado.com\/sl\/wp-json\/wp\/v2\/comments?post=3690"}],"wp:featuredmedia":[{"embeddable":true,"href":"https:\/\/vapestornado.com\/sl\/wp-json\/wp\/v2\/media\/3693"}],"wp:attachment":[{"href":"https:\/\/vapestornado.com\/sl\/wp-json\/wp\/v2\/media?parent=3690"}],"wp:term":[{"taxonomy":"product_brand","embeddable":true,"href":"https:\/\/vapestornado.com\/sl\/wp-json\/wp\/v2\/product_brand?post=3690"},{"taxonomy":"product_cat","embeddable":true,"href":"https:\/\/vapestornado.com\/sl\/wp-json\/wp\/v2\/product_cat?post=3690"},{"taxonomy":"product_tag","embeddable":true,"href":"https:\/\/vapestornado.com\/sl\/wp-json\/wp\/v2\/product_tag?post=3690"}],"curies":[{"name":"wp","href":"https:\/\/api.w.org\/{rel}","templated":true}]}}