{"id":3683,"date":"2025-01-06T07:58:56","date_gmt":"2025-01-06T07:58:56","guid":{"rendered":"https:\/\/vapestornado.com\/?post_type=product&#038;p=3683"},"modified":"2025-12-05T07:32:09","modified_gmt":"2025-12-05T07:32:09","slug":"uwin-crystal-10000-puffs-wholesale-disposable-vape-puff-10k-low-nicotine-rechargeable-vapes-pen-bulk-buy-wholesalepuffs-disposable-vape-wholesale-price-copy","status":"publish","type":"product","link":"https:\/\/vapestornado.com\/sl\/product\/uwin-crystal-10000-puffs-wholesale-disposable-vape-puff-10k-low-nicotine-rechargeable-vapes-pen-bulk-buy-wholesalepuffs-disposable-vape-wholesale-price-copy\/","title":{"rendered":"Uwin Crystal 10000 Puffs Veleprodaja Disposable Vape Puff 10k Low Nicotine Polnilna Vapes Pen Nakup na veliko Veleprodaja"},"content":{"rendered":"<h1 class=\"product-title\">Uwin Crystal 10000 Puffs Veleprodaja Disposable Vape Puff 10k Low Nicotine Polnilna Vapes Pen Nakup na veliko Veleprodaja<\/h1>\n<p data-start=\"1245\" data-end=\"1398\">Uwin Crystal 10000 vdihov je kompaktna polnljiva enkratna naprava, ki omogo\u010da do 10.000 vdihov na napravo, ponuja mo\u017enosti nizke nikotinske vsebnosti od 0,2% do 3,5% in prihaja v ve\u010d okusih za enostavno dnevno zamenjavo cigaret.<\/p>\n<p data-start=\"603\" data-end=\"949\"><strong data-start=\"603\" data-end=\"643\">10.000 vdihov za resni\u010dno dnevno kilometrino.<\/strong><br data-start=\"643\" data-end=\"646\" \/>Z <strong data-start=\"653\" data-end=\"672\">Ocena 10K vdihov<\/strong>, Uwin Crystal spada v razred \u201cuporabi za nekaj \u010dasa, ne za vikend\u201d. Primeren je za ljudi, ki \u017eelijo napravo, ki zdr\u017ei delovne dni, vo\u017enje in ve\u010dere brez nenehnega dopolnjevanja. V <strong data-start=\"870\" data-end=\"900\">enkratna vape z 10.000 vdihov<\/strong> razred, to je bistvo: manj menjav, manj te\u017eav.<\/p>\n<p data-start=\"951\" data-end=\"1264\"><strong data-start=\"951\" data-end=\"994\">Nizke nikotinske jakosti, ki ne preve\u010d obremenjujejo.<\/strong><br data-start=\"994\" data-end=\"997\" \/>Uwin Crystal ponuja <strong data-start=\"1017\" data-end=\"1039\">0,2%\u20133,5% nikotina<\/strong> ravni, kar daje uporabnikom mo\u017enost izbire tistega, kar jim ustreza. Lahka nikotinska vsebnost je primerna za prilo\u017enostne uporabnike ali tiste, ki zmanj\u0161ujejo vnos, vi\u0161je pa ustreza vsakomur, ki \u017eeli opazen udarec brez prehoda na mo\u010dne soli.<\/p>\n<p data-start=\"1266\" data-end=\"1564\"><strong data-start=\"1266\" data-end=\"1329\">Polnljiva zasnova, ki prepre\u010duje, da bi naprava zgodaj odpovedala.<\/strong><br data-start=\"1329\" data-end=\"1332\" \/>To je <strong data-start=\"1342\" data-end=\"1399\">Uwin Crystal 10000 vdihov polnljiva enkratna vape<\/strong>. Polnjenje pomeni, da ni potrebno zavre\u010di naprave, \u010de se baterija izprazni, preden se teko\u010dina porabi. Gre za prakti\u010dno re\u0161itev za naprave z veliko vdihi.<\/p>\n<p data-start=\"1566\" data-end=\"1794\"><strong data-start=\"1566\" data-end=\"1599\">\u017depu prijazen kristalni ohi\u0161je.<\/strong><br data-start=\"1599\" data-end=\"1602\" \/>Zgradba je kompaktna in elegantna, enostavna za prena\u0161anje brez ob\u010dutka te\u017ee. To je oblika, ki se prilega \u017eepu jakne, avtomobilskemu predalu ali predalniku na mizi in je vedno pripravljena za hitre odmore.<\/p>\n<p data-start=\"1796\" data-end=\"2073\"><strong data-start=\"1796\" data-end=\"1834\">Raznolikost okusov, ki je preprosta.<\/strong><br data-start=\"1834\" data-end=\"1837\" \/>Na voljo je ve\u010d mo\u017enosti okusa, tako da lahko uporabniki ostanejo pri tem, kar jim je v\u0161e\u010d\u2014sadje, hladne me\u0161anice ali sladkaste profile\u2014brez potrebe po menjavi naprav za raznolikost. Za trgovine to pomeni, da je Uwin Crystal 10K enostaven za uskladitev z lokalnimi trendi okusa.<\/p>\n<h3><strong>Zakaj sodelovati z vapestornado?<\/strong><\/h3>\n<p>vapestornado je va\u0161 dobavitelj za najbolj\u0161e ponudbe na debelo za e-cigarete za enkratno uporabo, kot je Uwin Crystal 10000 vpihov. S konkuren\u010dnimi cenami, izjemnimi storitvami po\u0161iljanja in zavezanostjo kakovosti, zagotavljamo brezhibno nakupovalno izku\u0161njo za veleprodajne kupce po vsej Evropi.<\/p>\n<p>&nbsp;<\/p>\n<p><span style=\"color: #ff0000;\"><strong>Dodajte Amy na Whatsapp in prejmite takoj\u0161en odgovor ter kupon za vape!<\/strong><\/span><\/p>\n<p><img fetchpriority=\"high\" decoding=\"async\" class=\"size-full wp-image-2932\" src=\"https:\/\/vapestornado.com\/wp-content\/uploads\/2024\/12\/Vape-Wholesale.jpg\" alt=\"Vape Veleprodaja\" width=\"229\" height=\"300\" \/><\/p>\n<h3><a href=\"https:\/\/wa.me\/8617776015835\" target=\"_blank\" rel=\"noopener\"><span style=\"color: #ff0000;\"><strong>WhatsApp: +386 17776015835<\/strong><\/span><\/a><\/h3>\n<p>&nbsp;<\/p>\n<h2 class=\"product-title\"><strong>Lastnosti izdelka Uwin Crystal 10000<\/strong><\/h2>\n<div role=\"article\" data-tabster=\"{&quot;groupper&quot;:{&quot;tabbability&quot;:2},&quot;focusable&quot;:{}}\" data-content=\"ai-message\" aria-labelledby=\"juhNTJ6o7Gk1cgwZMJgv2-author juhNTJ6o7Gk1cgwZMJgv2-content\">\n<div id=\"juhNTJ6o7Gk1cgwZMJgv2-content\">\n<div role=\"article\" data-tabster=\"{&quot;groupper&quot;:{&quot;tabbability&quot;:2},&quot;focusable&quot;:{}}\" data-content=\"ai-message\" aria-labelledby=\"x4EZuCZWrTbh3weWUt7CU-author x4EZuCZWrTbh3weWUt7CU-content\">\n<div id=\"x4EZuCZWrTbh3weWUt7CU-content\">\n<div class=\"flex max-w-full flex-col flex-grow\">\n<div class=\"min-h-8 text-message flex w-full flex-col items-end gap-2 whitespace-normal break-words text-start [.text-message+&amp;]:mt-5\" dir=\"auto\" data-message-author-role=\"assistant\" data-message-id=\"52c6e00a-252f-4104-805d-2f1a84739c71\" data-message-model-slug=\"gpt-4o\">\n<div class=\"flex w-full flex-col gap-1 empty:hidden first:pt-[3px]\">\n<div class=\"markdown prose w-full break-words dark:prose-invert light\">\n<h3><\/h3>\n<table>\n<thead>\n<tr>\n<th>Zna\u010dilnost \/ Parameter<\/th>\n<th align=\"right\">Spec<\/th>\n<th>Razlaga<\/th>\n<\/tr>\n<\/thead>\n<tbody>\n<tr>\n<td>Ime izdelka<\/td>\n<td align=\"right\">Uwin Crystal 10000 Puffs e-cigareta za enkratno uporabo<\/td>\n<td>Jasno poimenovanje za ponovne naro\u010dila in iskanje.<\/td>\n<\/tr>\n<tr>\n<td>Zmogljivost vdihovanja<\/td>\n<td align=\"right\">Do 10.000 vdihov<\/td>\n<td>Dalj\u0161a uporaba kot standardni disposable; manj zamenjav.<\/td>\n<\/tr>\n<tr>\n<td>Vsebnost nikotina<\/td>\n<td align=\"right\">0,2% \u2013 3,5%<\/td>\n<td>Nizka nikotinska razred za la\u017ejo dnevno uporabo ali postopno zmanj\u0161evanje.<\/td>\n<\/tr>\n<tr>\n<td>Baterija<\/td>\n<td align=\"right\">Polnilna<\/td>\n<td>Pomaga vam dokon\u010dati teko\u010dino namesto izgube vdihov zaradi prazne baterije.<\/td>\n<\/tr>\n<tr>\n<td>Oblikovanje<\/td>\n<td align=\"right\">Kompakten kristalni stil telesa<\/td>\n<td>Enostavno za prena\u0161anje, \u010dist videz, primeren za dnevne rutine.<\/td>\n<\/tr>\n<tr>\n<td>Mo\u017enosti okusa<\/td>\n<td align=\"right\">Ve\u010d okusov<\/td>\n<td>Omogo\u010da uporabnikom, da izberejo svoj obi\u010dajen okus brez dodatnih naprav.<\/td>\n<\/tr>\n<tr>\n<td>Uporaba<\/td>\n<td align=\"right\">Aktivirano z vle\u010denjem<\/td>\n<td>Brez gumbov; vdihnite za vaping.<\/td>\n<\/tr>\n<\/tbody>\n<\/table>\n<\/div>\n<\/div>\n<\/div>\n<\/div>\n<div class=\"mb-2 flex gap-3 empty:hidden -ml-2\">\n<figure id=\"attachment_3662\" aria-describedby=\"caption-attachment-3662\" style=\"width: 800px\" class=\"wp-caption alignnone\"><img decoding=\"async\" class=\"wp-image-3662 size-full\" src=\"https:\/\/vapestornado.com\/wp-content\/uploads\/2025\/01\/UWIN-Crystal-10000-Puff-Disposable-Vape-Wholesale-Cheap-Price.webp\" alt=\"UWIN Crystal 10000 Puffs Veleprodajna ugodna cena\" width=\"800\" height=\"880\" srcset=\"https:\/\/vapestornado.com\/wp-content\/uploads\/2025\/01\/UWIN-Crystal-10000-Puff-Disposable-Vape-Wholesale-Cheap-Price.webp 800w, https:\/\/vapestornado.com\/wp-content\/uploads\/2025\/01\/UWIN-Crystal-10000-Puff-Disposable-Vape-Wholesale-Cheap-Price-273x300.webp 273w, https:\/\/vapestornado.com\/wp-content\/uploads\/2025\/01\/UWIN-Crystal-10000-Puff-Disposable-Vape-Wholesale-Cheap-Price-768x845.webp 768w, https:\/\/vapestornado.com\/wp-content\/uploads\/2025\/01\/UWIN-Crystal-10000-Puff-Disposable-Vape-Wholesale-Cheap-Price-600x660.webp 600w\" sizes=\"(max-width: 800px) 100vw, 800px\" \/><figcaption id=\"caption-attachment-3662\" class=\"wp-caption-text\">UWIN Crystal 10000 Puffs Veleprodajna ugodna cena<\/figcaption><\/figure>\n<\/div>\n<\/div>\n<\/div>\n<\/div>\n<\/div>\n<h2 class=\"product-title\"><strong>Priljubljeni okusi za Uwin Crystal 10000<\/strong><strong>\u00a0<\/strong><strong>ve\u010dkratne vape<\/strong><\/h2>\n<h2 class=\"product-title\"><\/h2>\n<p>Odkrijte svet okusov z Uwin Crystal 10000 Puffs. Od osve\u017eilne mete do sadnih u\u017eitkov, \u0161iroka paleta mo\u017enosti zagotavlja popolno ujemanje za vsako razpolo\u017eenje in okus. Poi\u0161\u010dite priljubljene okuse glede na datum prodaje in povratne informacije strank.<\/p>\n<p>1. Borovnica Malina <span style=\"color: #ff0000;\"><strong>&gt;&gt;&gt;&gt; Vro\u010de!<\/strong><\/span><br \/>\n2. Grozdni led<br \/>\n3. Jagodna lubenica<br \/>\n4. Borovnica na ledu<br \/>\n5. Lubeni\u010dni led <span style=\"color: #ff0000;\"><strong>&gt;&gt;&gt;&gt; Vro\u010de!<\/strong><\/span><br \/>\n6. \u010ce\u0161njev led<br \/>\n7. Jagoda malina \u010de\u0161nja <span style=\"color: #ff0000;\"><strong>&gt;&gt;&gt;&gt; Vro\u010de!<\/strong><\/span><br \/>\n8. Kivi pasijonka guava<br \/>\n9. Jagodni led<br \/>\n10. Breskov led<br \/>\n11. Jagoda kivi<br \/>\n12. Breskova jagoda<br \/>\n13. \u010ce\u0161njeva kola <span style=\"color: #ff0000;\"><strong>&gt;&gt;&gt;&gt; Vro\u010de!<\/strong><\/span><br \/>\n14. Me\u0161ano jagodi\u010devje<br \/>\n15. G. blue<br \/>\n16. Breskev, mango, ananas<br \/>\n17. Dve jabolki<br \/>\n18. Jagoda, brusnica, \u010de\u0161nja <span style=\"color: #ff0000;\"><strong>&gt;&gt;&gt;&gt; Najbolj\u0161e !<\/strong><\/span><br \/>\n19. Jagoda, banana<br \/>\n20. Lady Killa<br \/>\n21. Limonada z modro malino<br \/>\n22. Red Bull <span style=\"color: #ff0000;\"><strong>&gt;&gt;&gt;&gt; Vro\u010de!<\/strong><\/span><br \/>\n23.Jagoda grozdje<br \/>\n24.\u010ce\u0161nja jagodi\u010dje<br \/>\n25.Ljubezen 66<br \/>\n26.Pasijonka led<br \/>\n27.Kola led<br \/>\n28.Miami meta <span style=\"color: #ff0000;\"><strong>&gt;&gt;&gt;&gt; Vro\u010de!<\/strong><\/span><br \/>\n29.Vanilija led<br \/>\n30.Limona limeta<\/p>\n<div class=\"flex-shrink-0 flex flex-col relative items-end\">\n<div class=\"pt-0\">\n<div class=\"gizmo-bot-avatar flex h-8 w-8 items-center justify-center overflow-hidden rounded-full\">\n<div class=\"relative p-1 rounded-sm flex items-center justify-center bg-token-main-surface-primary text-token-text-primary h-8 w-8\">\n<h3>Pogosta vpra\u0161anja za Uwin Crystal 10000 ponovno polnjenje<strong>\u00a0<\/strong>Vape za enkratno uporabo<\/h3>\n<h3><\/h3>\n<p data-start=\"2904\" data-end=\"3222\"><strong data-start=\"2904\" data-end=\"3008\">1. Je Uwin Crystal 10000 vdihov enkratna e-cigaretka primerna za nekoga, ki prehaja s cigaret?<\/strong><br data-start=\"3008\" data-end=\"3011\" \/>Da. <strong data-start=\"3020\" data-end=\"3064\">Uwin Crystal 10000 vdihov enkratna e-cigaretka<\/strong> nudi dolgo delovanje in prilagodljiv niz nikotina, tako da lahko kadilci izberejo mo\u010d, ki je blizu njihovemu obi\u010dajnemu navadi, in se izognejo stalnim menjavam naprav.<\/p>\n<p data-start=\"3224\" data-end=\"3539\"><strong data-start=\"3224\" data-end=\"3311\">2. Koliko \u010dasa obi\u010dajno zdr\u017ei Uwin Crystal 10000 vdihov polnljiva enkratna e-cigaretka?<\/strong><br data-start=\"3311\" data-end=\"3314\" \/>\u017divljenjska doba je odvisna od pogostosti kajenja, vendar pri obi\u010dajni dnevni uporabi <strong data-start=\"3382\" data-end=\"3434\">Uwin Crystal 10000 vdihov polnjiva enkratna e-cigaretka<\/strong> obi\u010dajno traja precej dlje kot modeli s 3k\u20135k vdihi zaradi vi\u0161jega \u0161tevila vdihov in polnilne baterije.<\/p>\n<p data-start=\"3541\" data-end=\"3817\"><strong data-start=\"3541\" data-end=\"3619\">3. Kak\u0161no raven nikotina naj izberem za Uwin Crystal 10000 vdihov?<\/strong><br data-start=\"3619\" data-end=\"3622\" \/>\u010ce kadite rahlo ali \u017eelite manj nikotina, za\u010dnite pri <strong data-start=\"3677\" data-end=\"3688\">0.2%\u20131%<\/strong>. \u010ce ste bili te\u017eji kadilec, a \u0161e vedno \u017eelite zmeren odmerek, <strong data-start=\"3750\" data-end=\"3761\">2%\u20133.5%<\/strong> je obi\u010dajen razpon. Namen je nadzor, ne preobremenitev.<\/p>\n<p data-start=\"3819\" data-end=\"4073\"><strong data-start=\"3819\" data-end=\"3892\">4. Ali Uwin Crystal 10000 Puffs ohranja enak okus skozi \u010das?<\/strong><br data-start=\"3892\" data-end=\"3895\" \/>Visoki-odmerni naprave se lahko izpraznijo, \u010de tuljava ne more prenesti obremenitve. Uwin Crystal je narejen za redno dnevno uporabo, polnjenje pa pomaga vzdr\u017eevati dosledno delovanje, dokler teko\u010dina ni porabljena.<\/p>\n<p data-start=\"4075\" data-end=\"4309\"><strong data-start=\"4075\" data-end=\"4149\">5. Ali je Uwin Crystal 10000 Puffs enostaven za prena\u0161anje za delo ali potovanja?<\/strong><br data-start=\"4149\" data-end=\"4152\" \/>Da. Kompaktno telo je zasnovano za \u017eep in dnevne torbe. Je preprost za ljudi, ki \u017eelijo nekaj enostavnega med odmorom, brez no\u0161enja rezervne opreme.<\/p>\n<p data-start=\"4075\" data-end=\"4309\">\n<\/div>\n<\/div>\n<\/div>\n<\/div>\n<div class=\"flex-shrink-0 flex flex-col relative items-end\">\n<div class=\"pt-0\">\n<div class=\"gizmo-bot-avatar flex h-8 w-8 items-center justify-center overflow-hidden rounded-full\">\n<div class=\"relative p-1 rounded-sm flex items-center justify-center bg-token-main-surface-primary text-token-text-primary h-8 w-8\">\n<div class=\"mb-2 flex gap-3 empty:hidden -ml-2\">\n<div role=\"article\" data-tabster=\"{&quot;groupper&quot;:{&quot;tabbability&quot;:2},&quot;focusable&quot;:{}}\" data-content=\"ai-message\" aria-labelledby=\"Vdt5ez4X7Tg813x6rFVha-author Vdt5ez4X7Tg813x6rFVha-content\">\n<div id=\"Vdt5ez4X7Tg813x6rFVha-content\">\n<div role=\"article\" data-tabster=\"{&quot;groupper&quot;:{&quot;tabbability&quot;:2},&quot;focusable&quot;:{}}\" data-content=\"ai-message\" aria-labelledby=\"o968oC7CEo2fGHsGdsRYC-author o968oC7CEo2fGHsGdsRYC-content\">\n<div id=\"o968oC7CEo2fGHsGdsRYC-content\">\n<h3>Zakaj izbrati vapestornado za Uwin Crystal 10000 Puffs Disposable Vape na debelo?<\/h3>\n<div class=\"flex-shrink-0 flex flex-col relative items-end\">\n<div class=\"pt-0\">\n<div class=\"gizmo-bot-avatar flex h-8 w-8 items-center justify-center overflow-hidden rounded-full\">\n<div class=\"relative p-1 rounded-sm flex items-center justify-center bg-token-main-surface-primary text-token-text-primary h-8 w-8\">\n<p>Dobrodo\u0161li v vapestornado, va\u0161i zaupanja vredni spletni trgovini z vrhunskimi vape napravami za enkratno uporabo. Z ve\u010d kot 5 leti strokovnega znanja vam ponujamo priljubljene blagovne znamke vape naprav za enkratno uporabo, kot so Fumot RandM Vape, Vapme, Bang Vape, Waspe Vape in WGA Vape, itd.<\/p>\n<p>Na\u0161a ponudba vklju\u010duje vro\u010de prodajane veipe, kot je <a href=\"https:\/\/vapestornado.com\/sl\/product\/randm-12000-puffs-fumot-digital-disposable-vape-wholesale-price\/\">RandM Tornado 12000<\/a>, in izbire, bogate z okusi, kot je <a href=\"https:\/\/vapestornado.com\/sl\/product\/wga-crystal-pro-max-extra-15000-puffs-rechargeable-disposable-vape-wholesale-bulk-buy\/\">\u00a0WGA Kristal 15k Vdihov<\/a> Vsak izdelek je izbran s poudarkom na kakovosti, vrednosti in raznolikosti, kar zagotavlja, da boste na\u0161li popolno ujemanje za svoje potrebe. Odkrijte izjemno storitev in \u0161iroko paleto vrhunskih izdelkov po veleprodajni ceni pri vapestornado.<\/p>\n<\/div>\n<p>&nbsp;<\/p>\n<p><strong>Druge vro\u010de prodajane e-cigarete za enkratno uporabo<\/strong><\/p>\n<p><a href=\"https:\/\/vapestornado.com\/sl\/product\/vapsolo-tornado-pro-12000-puffs-2-5-low-nicotine-bulk-buy-rechargeable-disposable-vapes-pen-wholesale-price\/\">VapSolo Tornado Pro 12000 Vdihov <span style=\"color: #ff0000;\"><strong>&gt;&gt;&gt;&gt; Pojdi !<\/strong><\/span><\/a><\/p>\n<p><a href=\"https:\/\/vapestornado.com\/sl\/product\/jnr-mega-shisha-hookah-100000-puffs-disposable-vape-wholesale-price\/\">JNR Mega Shisha Duhanka 100 Vdihov<span style=\"color: #ff0000;\"><strong>&gt;&gt;&gt;&gt; Pojdi !<\/strong><\/span><\/a><\/p>\n<p><a href=\"https:\/\/vapestornado.com\/sl\/product\/tornado-vape-fihp-15000-puffs-2-low-nicotine-disposable-vape-wholesale\/\">Vihra Tornado FIHP 15000 <span style=\"color: #ff0000;\"><strong>&gt;&gt;&gt;&gt; Pojdi !<\/strong><\/span><\/a><\/p>\n<\/div>\n<\/div>\n<\/div>\n<p>&nbsp;<\/p>\n<\/div>\n<\/div>\n<\/div>\n<\/div>\n<\/div>\n<\/div>\n<\/div>\n<\/div>\n<\/div>","protected":false},"excerpt":{"rendered":"<p>Uwin Crystal 10000 vdihov enkratna vape za stalno dnevno uporabo<br \/>\nUwin Crystal 10K polnljiva enkratna z mo\u017enostmi nizke nikotinske vsebnosti<br \/>\nUwin Crystal 10000 vdihov bar z bogatimi okusi v kompaktni kristalni obliki<\/p>\n<p><strong>Dodajte Amy na WhatsApp in prejmite takoj\u0161en odgovor ter kupon za vape!<\/strong><\/p>\n<p><img fetchpriority=\"high\" decoding=\"async\" class=\"size-full wp-image-2932\" src=\"https:\/\/vapestornado.com\/wp-content\/uploads\/2024\/12\/Vape-Wholesale.jpg\" alt=\"Vape Veleprodaja\" width=\"229\" height=\"300\" \/><\/p>\n<h3><a href=\"https:\/\/wa.me\/8617776015835\"><span style=\"color: #ff0000;\"><strong>WhatsApp: +386 17776015835<\/strong><\/span><\/a><\/h3>\n<p>&nbsp;<\/p>","protected":false},"featured_media":3664,"comment_status":"open","ping_status":"closed","template":"","meta":{"_acf_changed":false,"_uag_custom_page_level_css":"","_lmt_disableupdate":"no","_lmt_disable":"","_monsterinsights_skip_tracking":false,"_monsterinsights_sitenote_active":false,"_monsterinsights_sitenote_note":"","_monsterinsights_sitenote_category":0,"site-sidebar-layout":"default","site-content-layout":"","ast-site-content-layout":"default","site-content-style":"default","site-sidebar-style":"default","ast-global-header-display":"","ast-banner-title-visibility":"","ast-main-header-display":"","ast-hfb-above-header-display":"","ast-hfb-below-header-display":"","ast-hfb-mobile-header-display":"","site-post-title":"","ast-breadcrumbs-content":"","ast-featured-img":"","footer-sml-layout":"","ast-disable-related-posts":"","theme-transparent-header-meta":"default","adv-header-id-meta":"","stick-header-meta":"","header-above-stick-meta":"","header-main-stick-meta":"","header-below-stick-meta":"","astra-migrate-meta-layouts":"set","ast-page-background-enabled":"default","ast-page-background-meta":{"desktop":{"background-color":"","background-image":"","background-repeat":"repeat","background-position":"center center","background-size":"auto","background-attachment":"scroll","background-type":"","background-media":"","overlay-type":"","overlay-color":"","overlay-opacity":"","overlay-gradient":""},"tablet":{"background-color":"","background-image":"","background-repeat":"repeat","background-position":"center center","background-size":"auto","background-attachment":"scroll","background-type":"","background-media":"","overlay-type":"","overlay-color":"","overlay-opacity":"","overlay-gradient":""},"mobile":{"background-color":"","background-image":"","background-repeat":"repeat","background-position":"center center","background-size":"auto","background-attachment":"scroll","background-type":"","background-media":"","overlay-type":"","overlay-color":"","overlay-opacity":"","overlay-gradient":""}},"ast-content-background-meta":{"desktop":{"background-color":"var(--ast-global-color-5)","background-image":"","background-repeat":"repeat","background-position":"center center","background-size":"auto","background-attachment":"scroll","background-type":"","background-media":"","overlay-type":"","overlay-color":"","overlay-opacity":"","overlay-gradient":""},"tablet":{"background-color":"var(--ast-global-color-5)","background-image":"","background-repeat":"repeat","background-position":"center center","background-size":"auto","background-attachment":"scroll","background-type":"","background-media":"","overlay-type":"","overlay-color":"","overlay-opacity":"","overlay-gradient":""},"mobile":{"background-color":"var(--ast-global-color-5)","background-image":"","background-repeat":"repeat","background-position":"center center","background-size":"auto","background-attachment":"scroll","background-type":"","background-media":"","overlay-type":"","overlay-color":"","overlay-opacity":"","overlay-gradient":""}},"_joinchat":{"telephone":"+8617776015835"}},"product_brand":[],"product_cat":[106,153,160,143,146,233],"product_tag":[165,120,97,166,94,227,477],"class_list":{"0":"post-3683","1":"product","2":"type-product","3":"status-publish","4":"has-post-thumbnail","6":"product_cat-10000-puff","7":"product_cat-buy-disposable-vapes-in-italy","8":"product_cat-buy-disposable-vapes-in-switzerland","9":"product_cat-dual-mesh-disposable-vapes","10":"product_cat-rechargeable-disposable-vapes","11":"product_cat-uwin-vape","12":"product_tag-cheap-vapes","13":"product_tag-crystal-vape","14":"product_tag-hot-sale-disposable-vape","15":"product_tag-low-nicotine-vape","16":"product_tag-rechargeable-disposable-vape","17":"product_tag-uwin-crystal-10000","18":"product_tag-vape-with-rgb-light","19":"desktop-align-left","20":"tablet-align-left","21":"mobile-align-left","23":"first","24":"instock","25":"sale","26":"shipping-taxable","27":"purchasable","28":"product-type-simple"},"acf":[],"uagb_featured_image_src":{"full":["https:\/\/vapestornado.com\/wp-content\/uploads\/2025\/01\/UWIN-Crystal-10000-Puffs-Disposable-Vape-Wholesale.webp",800,870,false],"thumbnail":["https:\/\/vapestornado.com\/wp-content\/uploads\/2025\/01\/UWIN-Crystal-10000-Puffs-Disposable-Vape-Wholesale-150x150.webp",150,150,true],"medium":["https:\/\/vapestornado.com\/wp-content\/uploads\/2025\/01\/UWIN-Crystal-10000-Puffs-Disposable-Vape-Wholesale-276x300.webp",276,300,true],"medium_large":["https:\/\/vapestornado.com\/wp-content\/uploads\/2025\/01\/UWIN-Crystal-10000-Puffs-Disposable-Vape-Wholesale-768x835.webp",768,835,true],"large":["https:\/\/vapestornado.com\/wp-content\/uploads\/2025\/01\/UWIN-Crystal-10000-Puffs-Disposable-Vape-Wholesale.webp",800,870,false],"1536x1536":["https:\/\/vapestornado.com\/wp-content\/uploads\/2025\/01\/UWIN-Crystal-10000-Puffs-Disposable-Vape-Wholesale.webp",800,870,false],"2048x2048":["https:\/\/vapestornado.com\/wp-content\/uploads\/2025\/01\/UWIN-Crystal-10000-Puffs-Disposable-Vape-Wholesale.webp",800,870,false],"trp-custom-language-flag":["https:\/\/vapestornado.com\/wp-content\/uploads\/2025\/01\/UWIN-Crystal-10000-Puffs-Disposable-Vape-Wholesale.webp",11,12,false],"woocommerce_thumbnail":["https:\/\/vapestornado.com\/wp-content\/uploads\/2025\/01\/UWIN-Crystal-10000-Puffs-Disposable-Vape-Wholesale-300x300.webp",300,300,true],"woocommerce_single":["https:\/\/vapestornado.com\/wp-content\/uploads\/2025\/01\/UWIN-Crystal-10000-Puffs-Disposable-Vape-Wholesale-600x653.webp",600,653,true],"woocommerce_gallery_thumbnail":["https:\/\/vapestornado.com\/wp-content\/uploads\/2025\/01\/UWIN-Crystal-10000-Puffs-Disposable-Vape-Wholesale-100x100.webp",100,100,true]},"uagb_author_info":{"display_name":"ESAMY","author_link":"https:\/\/vapestornado.com\/sl\/author\/"},"uagb_comment_info":0,"uagb_excerpt":"Uwin Crystal 10000 Puffs Disposable Vape for Steady Daily Use Uwin Crystal 10K Rechargeable Disposable with Low-Nicitube Options Uwin Crystal 10000 Puff Bar Rich Flavors in a Compact Crystal Body Add Amy's whatsapp get right reply and vape coupon! WhatsApp: +86 17776015835 &nbsp;","_links":{"self":[{"href":"https:\/\/vapestornado.com\/sl\/wp-json\/wp\/v2\/product\/3683","targetHints":{"allow":["GET"]}}],"collection":[{"href":"https:\/\/vapestornado.com\/sl\/wp-json\/wp\/v2\/product"}],"about":[{"href":"https:\/\/vapestornado.com\/sl\/wp-json\/wp\/v2\/types\/product"}],"replies":[{"embeddable":true,"href":"https:\/\/vapestornado.com\/sl\/wp-json\/wp\/v2\/comments?post=3683"}],"wp:featuredmedia":[{"embeddable":true,"href":"https:\/\/vapestornado.com\/sl\/wp-json\/wp\/v2\/media\/3664"}],"wp:attachment":[{"href":"https:\/\/vapestornado.com\/sl\/wp-json\/wp\/v2\/media?parent=3683"}],"wp:term":[{"taxonomy":"product_brand","embeddable":true,"href":"https:\/\/vapestornado.com\/sl\/wp-json\/wp\/v2\/product_brand?post=3683"},{"taxonomy":"product_cat","embeddable":true,"href":"https:\/\/vapestornado.com\/sl\/wp-json\/wp\/v2\/product_cat?post=3683"},{"taxonomy":"product_tag","embeddable":true,"href":"https:\/\/vapestornado.com\/sl\/wp-json\/wp\/v2\/product_tag?post=3683"}],"curies":[{"name":"wp","href":"https:\/\/api.w.org\/{rel}","templated":true}]}}