{"id":3661,"date":"2025-01-03T08:52:12","date_gmt":"2025-01-03T08:52:12","guid":{"rendered":"https:\/\/vapestornado.com\/?post_type=product&#038;p=3661"},"modified":"2025-08-23T09:37:36","modified_gmt":"2025-08-23T09:37:36","slug":"cheap-price-razz-bar-25000-puffs-wholesale-vape","status":"publish","type":"product","link":"https:\/\/vapestornado.com\/sl\/product\/cheap-price-razz-bar-25000-puffs-wholesale-vape\/","title":{"rendered":"Ugodna cena RAZZ BAR 25000 vdihov Veleprodajni Vape"},"content":{"rendered":"<h1>Ugodna cena RAZZ BAR 25000 vdihov Veleprodajni Vape<\/h1>\n<div role=\"article\" data-tabster=\"{&quot;groupper&quot;:{&quot;tabbability&quot;:2},&quot;focusable&quot;:{}}\" data-content=\"ai-message\" aria-labelledby=\"64JRvXrTnY7mRmPkEQLLT-author 64JRvXrTnY7mRmPkEQLLT-content\">\n<div id=\"64JRvXrTnY7mRmPkEQLLT-content\">\n<div role=\"article\" data-tabster=\"{&quot;groupper&quot;:{&quot;tabbability&quot;:2},&quot;focusable&quot;:{}}\" data-content=\"ai-message\" aria-labelledby=\"64JRvXrTnY7mRmPkEQLLT-author 64JRvXrTnY7mRmPkEQLLT-content\">\n<div id=\"64JRvXrTnY7mRmPkEQLLT-content\">\n<p>The <strong>RAZZ BAR 25000 Puffs Vape za enkratno uporabo<\/strong> je prelomnica za navdu\u0161ence nad vapingom in veletrgovce. Ta naprava z visoko zmogljivostjo, zasnovana z inovativnostjo v svojem jedru, ponuja brezhibno kombinacijo kakovosti, sloga in dostopnosti. Z impresivnim <strong>\u0161tevilom 25.000 vdihov<\/strong>, zagotavlja podalj\u0161ano u\u017eivanje, zaradi \u010desar je popolna za tiste, ki i\u0161\u010dejo dolgoro\u010dno vrednost.<\/p>\n<p>Vsaka enota ima <strong>650mAh polnilno baterijo<\/strong>, dopolnjeno s hitro in zanesljivo <strong>tehnologijo polnjenja Type-C<\/strong>, ki zagotavlja, da ostanete napolnjeni, kamorkoli greste. Njegova <strong>tehnologijo mre\u017easte tuljave<\/strong> oja\u010da vsak okus, kar zagotavlja gladke, goste oblake, ki izbolj\u0161ajo va\u0161e zadovoljstvo pri vapingu.<\/p>\n<p>Na voljo v <strong>16 neustavljivih okusov<\/strong> in prepojen s <strong>2% ali 5% nikotinske soli<\/strong>, RAZZ BAR ustreza razli\u010dnim okusom. Njegova lahka in prenosna zasnova je idealna tako za ob\u010dasne uporabnike kot za predane vaperje.<\/p>\n<p>Za podjetja je RAZZ BAR veleprodajne sanje, pakiran v <strong>200 kosi na karton<\/strong> za u\u010dinkovito distribucijo v razsutem stanju. S svojimi konkuren\u010dnimi cenami in vrhunskimi lastnostmi je ta izdelek obvezen za raz\u0161iritev va\u0161ega inventarja.<\/p>\n<p>Izbolj\u0161ajte svojo igro vapinga ali zalo\u017eite svoje police z <strong>RAZZ BAR 25000 Vdihov<\/strong>, popolnim ravnovesjem zmogljivosti in dostopnosti. Ne zamudite prilo\u017enosti, da ponudite izdelek, ki na novo definira trg vej\u010dkov za enkratno uporabo!<\/p>\n<\/div>\n<\/div>\n<figure id=\"attachment_3686\" aria-describedby=\"caption-attachment-3686\" style=\"width: 531px\" class=\"wp-caption alignnone\"><img fetchpriority=\"high\" decoding=\"async\" class=\"wp-image-3686\" src=\"https:\/\/vapestornado.com\/wp-content\/uploads\/2025\/01\/RAZZ-BAR-25000-Puffs-Lemon-Lime.webp\" alt=\"RAZZ BAR 25000 Vdihov Limona Limeta\" width=\"531\" height=\"531\" srcset=\"https:\/\/vapestornado.com\/wp-content\/uploads\/2025\/01\/RAZZ-BAR-25000-Puffs-Lemon-Lime.webp 800w, https:\/\/vapestornado.com\/wp-content\/uploads\/2025\/01\/RAZZ-BAR-25000-Puffs-Lemon-Lime-300x300.webp 300w, https:\/\/vapestornado.com\/wp-content\/uploads\/2025\/01\/RAZZ-BAR-25000-Puffs-Lemon-Lime-150x150.webp 150w, https:\/\/vapestornado.com\/wp-content\/uploads\/2025\/01\/RAZZ-BAR-25000-Puffs-Lemon-Lime-768x768.webp 768w, https:\/\/vapestornado.com\/wp-content\/uploads\/2025\/01\/RAZZ-BAR-25000-Puffs-Lemon-Lime-600x600.webp 600w, https:\/\/vapestornado.com\/wp-content\/uploads\/2025\/01\/RAZZ-BAR-25000-Puffs-Lemon-Lime-100x100.webp 100w\" sizes=\"(max-width: 531px) 100vw, 531px\" \/><figcaption id=\"caption-attachment-3686\" class=\"wp-caption-text\">RAZZ BAR 25000 Vdihov Limona Limeta<\/figcaption><\/figure>\n<\/div>\n<\/div>\n<p><img decoding=\"async\" class=\"alignleft wp-image-2951 size-medium\" src=\"https:\/\/vapestornado.com\/wp-content\/uploads\/2024\/12\/Wholesale-Disposable-Vape-265x300.jpg\" alt=\"Veleprodaja Vape za Enkratno Uporabo\" width=\"265\" height=\"300\" srcset=\"https:\/\/vapestornado.com\/wp-content\/uploads\/2024\/12\/Wholesale-Disposable-Vape-265x300.jpg 265w, https:\/\/vapestornado.com\/wp-content\/uploads\/2024\/12\/Wholesale-Disposable-Vape-768x871.jpg 768w, https:\/\/vapestornado.com\/wp-content\/uploads\/2024\/12\/Wholesale-Disposable-Vape-600x680.jpg 600w, https:\/\/vapestornado.com\/wp-content\/uploads\/2024\/12\/Wholesale-Disposable-Vape.jpg 823w\" sizes=\"(max-width: 265px) 100vw, 265px\" \/><\/p>\n<h5>Za Zni\u017eano Ceno se Obrnite na Mandy na WhatsApp<a href=\"https:\/\/wa.me\/8618077105796\" target=\"_blank\" rel=\"noopener\">+8618077105796<\/a><\/h5>\n<div class=\"flex max-w-full flex-col flex-grow\">\n<div class=\"min-h-8 text-message flex w-full flex-col items-end gap-2 whitespace-normal break-words text-start [.text-message+&amp;]:mt-5\" dir=\"auto\" data-message-author-role=\"assistant\" data-message-id=\"cdb991c0-f594-4bff-b2d5-fbbdd7ce9e54\" data-message-model-slug=\"gpt-4o-mini\">\n<div class=\"flex w-full flex-col gap-1 empty:hidden first:pt-[3px]\">\n<div class=\"markdown prose w-full break-words dark:prose-invert light\"><\/div>\n<\/div>\n<\/div>\n<\/div>\n<div class=\"mb-2 flex gap-3 empty:hidden -ml-2\">\n<h2>Razz bar 25000 puffs vapes Glavne zna\u010dilnosti:<\/h2>\n<ul>\n<li><strong>Vsebnost nikotina:<\/strong> Na voljo z 2% in 5% nikotinskimi solmi za prilagojeno izku\u0161njo vapinga.<\/li>\n<li><strong>\u0160tevilo vpihov:<\/strong> Do <strong>25.000 vpihov<\/strong>kar zagotavlja izjemno dolgo \u017eivljenjsko dobo.<\/li>\n<li><strong>Okusi:<\/strong> Izbirajte med <strong>16 vrhunskih okusov<\/strong>vsak ustvarjen za vrhunsko zadovoljstvo.<\/li>\n<li><strong>Baterija:<\/strong> <strong>650mAh polnilno baterijo<\/strong> z u\u010dinkovitim <strong>hitro polnjenje Type-C<\/strong> za neprekinjeno uporabo.<\/li>\n<li><strong>Tehnologija:<\/strong> Integrirana <strong>tehnologijo mre\u017easte tuljave<\/strong> zagotavlja konsistentno, gladko paro in intenziven okus.<\/li>\n<li><strong>Embala\u017ea:<\/strong> Priro\u010dno pakirano s <strong>200 kosi na karton<\/strong> za naro\u010dila v ve\u010djih koli\u010dinah.<\/li>\n<\/ul>\n<\/div>\n<h2>RAZZBAR 25000 Puffs Hot Sale Vape Pods Okusi:<\/h2>\n<p>1.So\u010dna breskev led<br \/>\n2.Jagoda banana<br \/>\n3.Red Bull grozdje<br \/>\n4.Borovnica led<br \/>\n5.Ledena lubenica<br \/>\n6.Slastni led<br \/>\n7.Tropsko sadje<br \/>\n8.Jagoda kivi<br \/>\n9.Jagodni led<br \/>\n10.Me\u0161ano jagodi\u010devje<br \/>\n11.Jagoda malina \u010de\u0161nja led<br \/>\n12. Love 66<br \/>\n13.\u010crni zmaj led<br \/>\n14. Limona Limeta<br \/>\n15.Borovnica kisla malina<br \/>\n16.Jagoda lubenica \u017eve\u010dilni gumi<\/p>\n<div role=\"article\" data-tabster=\"{&quot;groupper&quot;:{&quot;tabbability&quot;:2},&quot;focusable&quot;:{}}\" data-content=\"ai-message\" aria-labelledby=\"dARUyEWDoEYhnSPXFwx5A-author dARUyEWDoEYhnSPXFwx5A-content\">\n<div id=\"dARUyEWDoEYhnSPXFwx5A-content\">\n<h2>Zakaj izbrati RAZZ BAR 25000 Puffs <strong>\u00a0<\/strong>at <a href=\"https:\/\/vapestornado.com\/sl\/product\/bang-box-35k-puffs-high-capacity-long-lasting-disposable-vape\/\">vapestornado.com?<\/a><\/h2>\n<h4><strong>*Nepremagljiva dolgo\u017eivost<\/strong><\/h4>\n<p>The <strong>RAZZ BAR 25000 Vdihov<\/strong> je zasnovan za vzdr\u017eljivost in zagotavlja do <strong>25.000 vpihov<\/strong> na napravo. To ga naredi za vrhunsko izbiro za vaperje, ki dajejo prednost dolgotrajni zmogljivosti brez nenehnih menjav.<\/p>\n<h4><strong>*Vrhunska kakovost po konkuren\u010dnih cenah<\/strong><\/h4>\n<p>At <strong>vapestornado.si<\/strong>, ponujamo RAZZ BAR po neprekosljivih veleprodajnih cenah, kar ga naredi za stro\u0161kovno u\u010dinkovito mo\u017enost tako za trgovce kot za posamezne kupce. U\u017eivajte v vrhunski tehnologiji vapinga, ne da bi pri tem porabili preve\u010d denarja.<\/p>\n<h4><strong>*Raznolike mo\u017enosti okusov<\/strong><\/h4>\n<p>S <strong>16 \u017eivahnih okusov<\/strong> na voljo, se najde nekaj za vsakogar. Od sadnih me\u0161anic do osve\u017eilnega mentola, vsak okus je ustvarjen, da zagotovi bogato in zadovoljujo\u010do izku\u0161njo.<\/p>\n<h4><strong>*Napredne funkcije<\/strong><\/h4>\n<p>The <strong>650mAh polnilno baterijo<\/strong>, v kombinaciji z <strong>hitro polnjenje Type-C<\/strong> in <strong>tehnologijo mre\u017easte tuljave<\/strong>, zagotavlja dosledno delovanje, gladko proizvodnjo pare in mo\u010dno intenzivnost okusa z vsakim vdihom.<\/p>\n<h4><strong>*Zaupanja vreden veleprodajni partner<\/strong><\/h4>\n<p>vapestornado.com je zaupanja vreden dobavitelj v industriji vapinga, ki ponuja <strong>varnimi transakcijami<\/strong>, <strong>hitro po\u0161iljanje<\/strong>, in namensko podporo strankam. Z masovnim pakiranjem po <strong>200 kosi na karton<\/strong>, polnjenje va\u0161ega inventarja \u0161e nikoli ni bilo la\u017eje.<\/p>\n<h4><strong>*Okolju prijazen dizajn<\/strong><\/h4>\n<p>RAZZ BAR ima polnilno tehnologijo, ki zmanj\u0161uje odpadke in podpira bolj trajnosten na\u010din \u017eivljenja vapinga.<\/p>\n<p>Izberite <strong>RAZZ BAR 25000 Vdihov<\/strong> at <strong>vapestornado.si<\/strong> za vrhunsko re\u0161itev vapinga, ki ponuja izjemno vrednost, inovacije in okus v vsakem vdihu!<\/p>\n<\/div>\n<\/div>\n<h2>Pogosta vpra\u0161anja o RAZZ BAR VAPE 25000 Puffs<\/h2>\n<p><strong>1. Kako dolgo traja RAZZ BAR 25000 Puffs?<\/strong><br \/>\nRAZZ BAR 25000 Puffs zagotavlja do 25.000 vdihov, kar ga uvr\u0161\u010da med najbolj vzdr\u017eljive vape za enkratno uporabo na voljo. Njegova dolgo\u017eivost je odvisna od posameznih navad uporabe, vendar obi\u010dajno zdr\u017ei ve\u010d tednov ali celo mesecev za zmerne uporabnike.<\/p>\n<p><strong>2. Ali lahko ve\u010dkrat napolnim RAZZ BAR 25000 vape?<\/strong><br \/>\nDa, RAZZ BAR je opremljen z 650 mAh polnilno baterijo, ki jo je mogo\u010de ve\u010dkrat napolniti. Zasnovan je tako, da zagotavlja dosledno delovanje skozi celotno \u017eivljenjsko dobo, tako da ga lahko uporabljate, dokler se e-teko\u010dina popolnoma ne porabi.<\/p>\n<p><strong>3. Ali je polnilni priklju\u010dek Type-C prilo\u017een RAZZ BAR 25k puff?<\/strong><br \/>\nRAZZ BAR je opremljen z vgrajenim polnilnim priklju\u010dkom Type-C, ki omogo\u010da priro\u010dno in hitro polnjenje. Vendar paket ne vklju\u010duje polnilnega kabla, zato boste za polnjenje morali uporabiti standardni kabel Type-C.<\/p>\n<p><strong>4. Kako najbolje vzdr\u017eevati optimalno delovanje RAZZ BAR 25000 Puffs Vape?<\/strong><br \/>\nZa ohranjanje najbolj\u0161ega delovanja RAZZ BAR ga redno polnite s kablom Type-C in se izogibajte prekomernemu polnjenju baterije. Napravo shranjujte na hladnem in suhem mestu, stran od vro\u010dine ali neposredne son\u010dne svetlobe. Poskrbite, da bo polnilni priklju\u010dek \u010dist in brez prahu. Poleg tega pustite napravi, da si odpo\u010dije med dolgimi sejami vapinga, da prepre\u010dite pregrevanje.<\/p>","protected":false},"excerpt":{"rendered":"<p><strong>RAZZ BAR 25000 Puffs Veleprodaja Vape<\/strong> po nepremagljivih cenah. Ponuja 16 vrhunskih okusov, 650 mAh polnilno baterijo in 25.000 vdihov za dolgotrajno zadovoljstvo!<\/p>\n<figure id=\"attachment_2951\" aria-describedby=\"caption-attachment-2951\" style=\"width: 265px\" class=\"wp-caption alignnone\"><img decoding=\"async\" class=\"size-medium wp-image-2951\" src=\"https:\/\/vapestornado.com\/wp-content\/uploads\/2024\/12\/Wholesale-Disposable-Vape-265x300.jpg\" alt=\"Veleprodaja Vape za Enkratno Uporabo\" width=\"265\" height=\"300\" srcset=\"https:\/\/vapestornado.com\/wp-content\/uploads\/2024\/12\/Wholesale-Disposable-Vape-265x300.jpg 265w, https:\/\/vapestornado.com\/wp-content\/uploads\/2024\/12\/Wholesale-Disposable-Vape-768x871.jpg 768w, https:\/\/vapestornado.com\/wp-content\/uploads\/2024\/12\/Wholesale-Disposable-Vape-600x680.jpg 600w, https:\/\/vapestornado.com\/wp-content\/uploads\/2024\/12\/Wholesale-Disposable-Vape.jpg 823w\" sizes=\"(max-width: 265px) 100vw, 265px\" \/><figcaption id=\"caption-attachment-2951\" class=\"wp-caption-text\">Za Zni\u017eano Ceno se Obrnite na Mandy na WhatsApp\u00a0 <a href=\"https:\/\/wa.me\/8618077105796\">+8618077105796<\/a><\/figcaption><\/figure>\n<p>&nbsp;<\/p>","protected":false},"featured_media":3687,"comment_status":"open","ping_status":"closed","template":"","meta":{"_acf_changed":false,"_uag_custom_page_level_css":"","_lmt_disableupdate":"no","_lmt_disable":"","_monsterinsights_skip_tracking":false,"_monsterinsights_sitenote_active":false,"_monsterinsights_sitenote_note":"","_monsterinsights_sitenote_category":0,"site-sidebar-layout":"default","site-content-layout":"","ast-site-content-layout":"default","site-content-style":"default","site-sidebar-style":"default","ast-global-header-display":"","ast-banner-title-visibility":"","ast-main-header-display":"","ast-hfb-above-header-display":"","ast-hfb-below-header-display":"","ast-hfb-mobile-header-display":"","site-post-title":"","ast-breadcrumbs-content":"","ast-featured-img":"","footer-sml-layout":"","ast-disable-related-posts":"","theme-transparent-header-meta":"default","adv-header-id-meta":"","stick-header-meta":"","header-above-stick-meta":"","header-main-stick-meta":"","header-below-stick-meta":"","astra-migrate-meta-layouts":"set","ast-page-background-enabled":"default","ast-page-background-meta":{"desktop":{"background-color":"","background-image":"","background-repeat":"repeat","background-position":"center center","background-size":"auto","background-attachment":"scroll","background-type":"","background-media":"","overlay-type":"","overlay-color":"","overlay-opacity":"","overlay-gradient":""},"tablet":{"background-color":"","background-image":"","background-repeat":"repeat","background-position":"center center","background-size":"auto","background-attachment":"scroll","background-type":"","background-media":"","overlay-type":"","overlay-color":"","overlay-opacity":"","overlay-gradient":""},"mobile":{"background-color":"","background-image":"","background-repeat":"repeat","background-position":"center center","background-size":"auto","background-attachment":"scroll","background-type":"","background-media":"","overlay-type":"","overlay-color":"","overlay-opacity":"","overlay-gradient":""}},"ast-content-background-meta":{"desktop":{"background-color":"var(--ast-global-color-5)","background-image":"","background-repeat":"repeat","background-position":"center center","background-size":"auto","background-attachment":"scroll","background-type":"","background-media":"","overlay-type":"","overlay-color":"","overlay-opacity":"","overlay-gradient":""},"tablet":{"background-color":"var(--ast-global-color-5)","background-image":"","background-repeat":"repeat","background-position":"center center","background-size":"auto","background-attachment":"scroll","background-type":"","background-media":"","overlay-type":"","overlay-color":"","overlay-opacity":"","overlay-gradient":""},"mobile":{"background-color":"var(--ast-global-color-5)","background-image":"","background-repeat":"repeat","background-position":"center center","background-size":"auto","background-attachment":"scroll","background-type":"","background-media":"","overlay-type":"","overlay-color":"","overlay-opacity":"","overlay-gradient":""}},"_joinchat":{"telephone":"+8618077105796"}},"product_brand":[],"product_cat":[68,149,153,158,146],"product_tag":[97,228],"class_list":{"0":"post-3661","1":"product","2":"type-product","3":"status-publish","4":"has-post-thumbnail","6":"product_cat-25000-puff","7":"product_cat-buy-disposable-vapes-in-austria","8":"product_cat-buy-disposable-vapes-in-italy","9":"product_cat-buy-disposable-vapes-in-spain","10":"product_cat-rechargeable-disposable-vapes","11":"product_tag-hot-sale-disposable-vape","12":"product_tag-razz-bar-25000-puffs","13":"desktop-align-left","14":"tablet-align-left","15":"mobile-align-left","17":"first","18":"instock","19":"sale","20":"shipping-taxable","21":"purchasable","22":"product-type-simple"},"acf":[],"uagb_featured_image_src":{"full":["https:\/\/vapestornado.com\/wp-content\/uploads\/2025\/01\/RAZZ-BAR-25000-Puffs-Black-Dragon-ice-GEEK-BAR.webp",800,800,false],"thumbnail":["https:\/\/vapestornado.com\/wp-content\/uploads\/2025\/01\/RAZZ-BAR-25000-Puffs-Black-Dragon-ice-GEEK-BAR-150x150.webp",150,150,true],"medium":["https:\/\/vapestornado.com\/wp-content\/uploads\/2025\/01\/RAZZ-BAR-25000-Puffs-Black-Dragon-ice-GEEK-BAR-300x300.webp",300,300,true],"medium_large":["https:\/\/vapestornado.com\/wp-content\/uploads\/2025\/01\/RAZZ-BAR-25000-Puffs-Black-Dragon-ice-GEEK-BAR-768x768.webp",768,768,true],"large":["https:\/\/vapestornado.com\/wp-content\/uploads\/2025\/01\/RAZZ-BAR-25000-Puffs-Black-Dragon-ice-GEEK-BAR.webp",800,800,false],"1536x1536":["https:\/\/vapestornado.com\/wp-content\/uploads\/2025\/01\/RAZZ-BAR-25000-Puffs-Black-Dragon-ice-GEEK-BAR.webp",800,800,false],"2048x2048":["https:\/\/vapestornado.com\/wp-content\/uploads\/2025\/01\/RAZZ-BAR-25000-Puffs-Black-Dragon-ice-GEEK-BAR.webp",800,800,false],"trp-custom-language-flag":["https:\/\/vapestornado.com\/wp-content\/uploads\/2025\/01\/RAZZ-BAR-25000-Puffs-Black-Dragon-ice-GEEK-BAR.webp",12,12,false],"woocommerce_thumbnail":["https:\/\/vapestornado.com\/wp-content\/uploads\/2025\/01\/RAZZ-BAR-25000-Puffs-Black-Dragon-ice-GEEK-BAR-300x300.webp",300,300,true],"woocommerce_single":["https:\/\/vapestornado.com\/wp-content\/uploads\/2025\/01\/RAZZ-BAR-25000-Puffs-Black-Dragon-ice-GEEK-BAR-600x600.webp",600,600,true],"woocommerce_gallery_thumbnail":["https:\/\/vapestornado.com\/wp-content\/uploads\/2025\/01\/RAZZ-BAR-25000-Puffs-Black-Dragon-ice-GEEK-BAR-100x100.webp",100,100,true]},"uagb_author_info":{"display_name":"ESMANDY","author_link":"https:\/\/vapestornado.com\/sl\/author\/"},"uagb_comment_info":0,"uagb_excerpt":"RAZZ BAR 25000 Puffs Wholesale Vape at unbeatable prices. Offering 16 premium flavors, 650mAh rechargeable battery, and 25,000 puffs for long-lasting satisfaction! [caption id=\"attachment_2951\" align=\"alignnone\" width=\"265\"] Pls Contact Mandy's WhatsApp For Discount Price\u00a0 +8618077105796[\/caption] &nbsp;","_links":{"self":[{"href":"https:\/\/vapestornado.com\/sl\/wp-json\/wp\/v2\/product\/3661","targetHints":{"allow":["GET"]}}],"collection":[{"href":"https:\/\/vapestornado.com\/sl\/wp-json\/wp\/v2\/product"}],"about":[{"href":"https:\/\/vapestornado.com\/sl\/wp-json\/wp\/v2\/types\/product"}],"replies":[{"embeddable":true,"href":"https:\/\/vapestornado.com\/sl\/wp-json\/wp\/v2\/comments?post=3661"}],"wp:featuredmedia":[{"embeddable":true,"href":"https:\/\/vapestornado.com\/sl\/wp-json\/wp\/v2\/media\/3687"}],"wp:attachment":[{"href":"https:\/\/vapestornado.com\/sl\/wp-json\/wp\/v2\/media?parent=3661"}],"wp:term":[{"taxonomy":"product_brand","embeddable":true,"href":"https:\/\/vapestornado.com\/sl\/wp-json\/wp\/v2\/product_brand?post=3661"},{"taxonomy":"product_cat","embeddable":true,"href":"https:\/\/vapestornado.com\/sl\/wp-json\/wp\/v2\/product_cat?post=3661"},{"taxonomy":"product_tag","embeddable":true,"href":"https:\/\/vapestornado.com\/sl\/wp-json\/wp\/v2\/product_tag?post=3661"}],"curies":[{"name":"wp","href":"https:\/\/api.w.org\/{rel}","templated":true}]}}