{"id":3649,"date":"2025-01-03T07:00:39","date_gmt":"2025-01-03T07:00:39","guid":{"rendered":"https:\/\/vapestornado.com\/?post_type=product&#038;p=3649"},"modified":"2025-08-23T11:20:23","modified_gmt":"2025-08-23T11:20:23","slug":"jnr-mega-shisha-hookah-100000-puffs-disposable-vape-wholesale-price","status":"publish","type":"product","link":"https:\/\/vapestornado.com\/sl\/product\/jnr-mega-shisha-hookah-100000-puffs-disposable-vape-wholesale-price\/","title":{"rendered":"Veleprodajna cena JNR Mega Shisha Hookah 100000 Puffs Disposable Vape"},"content":{"rendered":"<h1 class=\"product-title\">Veleprodajna cena JNR Mega Shisha Hookah 100000 Puffs Disposable Vape<\/h1>\n<p data-start=\"194\" data-end=\"561\">The <strong data-start=\"198\" data-end=\"253\">JNR Mega Shisha Hookah 100000 Puffs Vape za enkratno uporabo<\/strong> postavlja novo merilo za naprave za enkratno uporabo z visoko kapaciteto, zaradi \u010desar je najbolj\u0161a izbira za <strong data-start=\"331\" data-end=\"371\">veleprodajne distributerje in trgovce na drobno<\/strong> ki i\u0161\u010dejo izjemne izdelke v Evropi. Z neverjetno <strong data-start=\"428\" data-end=\"453\">zmogljivostjo 100.000 vdihov<\/strong>ta model zagotavlja neprimerljivo vzdr\u017eljivost, idealen za trgovine, ki ciljajo na stranke, ki veliko uporabljajo in navdu\u0161ence nad hookah.<\/p>\n<p data-start=\"563\" data-end=\"850\">Napaja ga <strong data-start=\"576\" data-end=\"608\">2200 mAh polnilna baterija<\/strong> in je opremljen z <strong data-start=\"627\" data-end=\"655\">hitro polnjenje USB Type-C<\/strong>JNR 100K zagotavlja minimalne izpade in maksimalno uporabo. A <strong data-start=\"716\" data-end=\"743\">60 ml rezervoar za e-teko\u010dino<\/strong> zdru\u017eeno z <strong data-start=\"756\" data-end=\"780\">2% jakost nikotina<\/strong> zagotavlja dolge, zadovoljive seanse, zaradi katerih se stranke vra\u010dajo.<\/p>\n<p data-start=\"852\" data-end=\"1168\">Integriran <strong data-start=\"867\" data-end=\"883\">Pametni zaslon<\/strong> prikazuje \u0161tevilo vdihov, baterijo in nivo teko\u010dine, medtem ko <strong data-start=\"942\" data-end=\"968\">dizajn dihalne lu\u010di<\/strong> dodaja eleganten, privla\u010den element za mlaj\u0161e demografije. Z <strong data-start=\"1037\" data-end=\"1063\">pretok zraka neposredno v plju\u010da<\/strong> in nastavljivimi nastavitvami ponuja gosto paro, mo\u010dan okus in prilagodljivo izku\u0161njo.<\/p>\n<p data-start=\"1170\" data-end=\"1361\">Za veletrgovce <strong data-start=\"1191\" data-end=\"1215\">JNR Mega Shisha 100K<\/strong> zdru\u017euje <strong data-start=\"1225\" data-end=\"1302\">rekorden \u0161tevec vdihov, vrhunske funkcije in privla\u010dne cene za velike koli\u010dine<\/strong>, zaradi \u010desar je dodatek z visokim dobi\u010dkom za vsako zalogo vape.<\/p>\n<p><span style=\"color: #ff0000;\"><strong>Dodajte Amy na Whatsapp in prejmite takoj\u0161en odgovor ter kupon za vape!<\/strong><\/span><\/p>\n<p><img fetchpriority=\"high\" decoding=\"async\" class=\"size-full wp-image-2932\" src=\"https:\/\/vapestornado.com\/wp-content\/uploads\/2024\/12\/Vape-Wholesale.jpg\" alt=\"Vape Veleprodaja\" width=\"229\" height=\"300\" \/><\/p>\n<h3><a href=\"https:\/\/wa.me\/8617776015835\" target=\"_blank\" rel=\"noopener\"><span style=\"color: #ff0000;\"><strong>WhatsApp: +386 17776015835<\/strong><\/span><\/a><\/h3>\n<p>&nbsp;<\/p>\n<h2 class=\"product-title\"><strong>JNR Shisha Hookah 100000 Zna\u010dilnosti izdelka<\/strong><\/h2>\n<div role=\"article\" data-tabster=\"{&quot;groupper&quot;:{&quot;tabbability&quot;:2},&quot;focusable&quot;:{}}\" data-content=\"ai-message\" aria-labelledby=\"juhNTJ6o7Gk1cgwZMJgv2-author juhNTJ6o7Gk1cgwZMJgv2-content\">\n<div id=\"juhNTJ6o7Gk1cgwZMJgv2-content\">\n<div role=\"article\" data-tabster=\"{&quot;groupper&quot;:{&quot;tabbability&quot;:2},&quot;focusable&quot;:{}}\" data-content=\"ai-message\" aria-labelledby=\"x4EZuCZWrTbh3weWUt7CU-author x4EZuCZWrTbh3weWUt7CU-content\">\n<div id=\"x4EZuCZWrTbh3weWUt7CU-content\">\n<div class=\"flex max-w-full flex-col flex-grow\">\n<div class=\"min-h-8 text-message flex w-full flex-col items-end gap-2 whitespace-normal break-words text-start [.text-message+&amp;]:mt-5\" dir=\"auto\" data-message-author-role=\"assistant\" data-message-id=\"52c6e00a-252f-4104-805d-2f1a84739c71\" data-message-model-slug=\"gpt-4o\">\n<div class=\"flex w-full flex-col gap-1 empty:hidden first:pt-[3px]\">\n<div class=\"markdown prose w-full break-words dark:prose-invert light\">\n<h4><\/h4>\n<ol>\n<li><strong>Izjemna vzdr\u017eljivost<\/strong>: U\u017eivajte v do 100.000 vdihov na napravo.<\/li>\n<li><strong>Pametni zaslon<\/strong>: Bodite na teko\u010dem s podatki v realnem \u010dasu in u\u017eivajte v \u017eivahni, dinami\u010dni svetlobni predstavi.<\/li>\n<li><strong>Ogromna kapaciteta e-teko\u010dine<\/strong>: Predhodno napolnjeno s 60 ml za dolgotrajno uporabo.<\/li>\n<li><strong>Zmogljiva baterija<\/strong>: Polnilna 2200mAh baterija s podporo za USB Type-C.<\/li>\n<li><strong>Nastavljiv pretok zraka<\/strong>: Prilagodite svoj vlek za popolno DTL (neposredno v plju\u010da) uparjanje.<\/li>\n<\/ol>\n<\/div>\n<\/div>\n<\/div>\n<\/div>\n<div class=\"mb-2 flex gap-3 empty:hidden -ml-2\"><\/div>\n<\/div>\n<\/div>\n<\/div>\n<\/div>\n<h2 class=\"product-title\"><strong>Priljubljeni okusi za <\/strong><strong>\u0160i\u0161a Huka<\/strong><strong> 100k <\/strong><strong>ve\u010dkratne vape<\/strong><\/h2>\n<h2 class=\"product-title\"><\/h2>\n<p>Odkrijte svet okusov z JNR Mega Shisha Hookah. Od osve\u017eilne mete do sadnih u\u017eitkov, \u0161iroka paleta mo\u017enosti zagotavlja popolno ujemanje za vsako razpolo\u017eenje in okus. Priljubljene okuse najdete glede na na\u0161e prodajne podatke in povratne informacije strank.<\/p>\n<p>1. Dve jabolki<span style=\"color: #ff0000;\"><strong> &gt;&gt;&gt;&gt; Vro\u010de!<\/strong><\/span><br \/>\n2. Ledeni borovnici <span style=\"color: #ff0000;\"><strong>&gt;&gt;&gt;&gt; Vro\u010de!<\/strong><\/span><br \/>\n3. Grozdna meta<br \/>\n4. Havaji<br \/>\n5. Kivi Pasijonka Guava<br \/>\n6. Lady Killa <span style=\"color: #ff0000;\"><strong>&gt;&gt;&gt;&gt; Najbolj\u0161e !<\/strong><\/span><br \/>\n7. Ljubezen 66<br \/>\n8. Lush Ice<br \/>\n9. \u010carobna Ljubezen<br \/>\n10. Mi Amor <span style=\"color: #ff0000;\"><strong>&gt;&gt;&gt;&gt; Vro\u010de!<\/strong><\/span><br \/>\n11. Breskev Led<br \/>\n12. Jagodni udarec<\/p>\n<p><img decoding=\"async\" class=\"wp-image-3647 size-full\" src=\"https:\/\/vapestornado.com\/wp-content\/uploads\/2025\/01\/Shisha-Hookah-100000-Puffs-Disposable-Vape-JNR.webp\" alt=\"Shisha Hookah 100000 Puffs Vape za enkratno uporabo JNR\" width=\"800\" height=\"476\" srcset=\"https:\/\/vapestornado.com\/wp-content\/uploads\/2025\/01\/Shisha-Hookah-100000-Puffs-Disposable-Vape-JNR.webp 800w, https:\/\/vapestornado.com\/wp-content\/uploads\/2025\/01\/Shisha-Hookah-100000-Puffs-Disposable-Vape-JNR-300x179.webp 300w, https:\/\/vapestornado.com\/wp-content\/uploads\/2025\/01\/Shisha-Hookah-100000-Puffs-Disposable-Vape-JNR-768x457.webp 768w, https:\/\/vapestornado.com\/wp-content\/uploads\/2025\/01\/Shisha-Hookah-100000-Puffs-Disposable-Vape-JNR-600x357.webp 600w\" sizes=\"(max-width: 800px) 100vw, 800px\" \/><\/p>\n<div class=\"flex-shrink-0 flex flex-col relative items-end\">\n<div class=\"pt-0\">\n<div class=\"gizmo-bot-avatar flex h-8 w-8 items-center justify-center overflow-hidden rounded-full\">\n<div class=\"relative p-1 rounded-sm flex items-center justify-center bg-token-main-surface-primary text-token-text-primary h-8 w-8\">\n<h2>POGOSTO ZASTAVLJENA VPRA\u0160ANJA za JNR Shisha Hookah 100000 Smart<strong>\u00a0<\/strong>Vape za enkratno uporabo<\/h2>\n<h4><\/h4>\n<ol>\n<li><strong>Kako dolgo zdr\u017ei JNR Mega Shisha Hookah 100k?<\/strong><br \/>\nVsaka naprava omogo\u010da impresivnih 100.000 vdihov, zaradi \u010desar je popolna za dolgotrajno uporabo.<\/li>\n<li><strong>Kako napolnim napravo JNR Mega Shisha Hookah?<\/strong><br \/>\nNa voljo je z vgrajeno 2200 mAh baterijo, ki podpira hitro polnjenje prek USB Type-C.<\/li>\n<li><strong>Kak\u0161na je funkcija pametnega zaslona?<\/strong><br \/>\nPametni zaslon prikazuje bistvene podatke, kot sta \u017eivljenjska doba baterije in raven teko\u010dine, v kombinaciji s stilsko dihajo\u010do lu\u010dko za edinstveno izku\u0161njo vapinga.<\/li>\n<li><strong>Ali ga lahko uporabljam z namizno \u0161i\u0161a nargilo?<\/strong><br \/>\nSeveda! JNR Mega Shisha Hookah je popolnoma zdru\u017eljiv z namiznimi \u0161i\u0161a nargilami za vsestransko izku\u0161njo.<\/li>\n<li><strong>Kje ga lahko kupim po veleprodajni ceni?<\/strong><br \/>\nJNR Mega Shisha Hookah lahko kupite po najbolj\u0161i veleprodajni ceni pri <strong>spletni trgovini z veipi vapestornado<\/strong>.<\/li>\n<\/ol>\n<div class=\"flex max-w-full flex-col flex-grow\">\n<div class=\"min-h-8 text-message flex w-full flex-col items-end gap-2 whitespace-normal break-words text-start [.text-message+&amp;]:mt-5\" dir=\"auto\" data-message-author-role=\"assistant\" data-message-id=\"4dc48248-df95-45bd-b800-6dedb43cf7f1\" data-message-model-slug=\"gpt-4o\">\n<div class=\"flex w-full flex-col gap-1 empty:hidden first:pt-[3px]\"><\/div>\n<\/div>\n<\/div>\n<\/div>\n<\/div>\n<\/div>\n<\/div>\n<div class=\"flex-shrink-0 flex flex-col relative items-end\">\n<div class=\"pt-0\">\n<div class=\"gizmo-bot-avatar flex h-8 w-8 items-center justify-center overflow-hidden rounded-full\">\n<div class=\"relative p-1 rounded-sm flex items-center justify-center bg-token-main-surface-primary text-token-text-primary h-8 w-8\">\n<div class=\"mb-2 flex gap-3 empty:hidden -ml-2\">\n<div role=\"article\" data-tabster=\"{&quot;groupper&quot;:{&quot;tabbability&quot;:2},&quot;focusable&quot;:{}}\" data-content=\"ai-message\" aria-labelledby=\"Vdt5ez4X7Tg813x6rFVha-author Vdt5ez4X7Tg813x6rFVha-content\">\n<div id=\"Vdt5ez4X7Tg813x6rFVha-content\">\n<div role=\"article\" data-tabster=\"{&quot;groupper&quot;:{&quot;tabbability&quot;:2},&quot;focusable&quot;:{}}\" data-content=\"ai-message\" aria-labelledby=\"o968oC7CEo2fGHsGdsRYC-author o968oC7CEo2fGHsGdsRYC-content\">\n<div id=\"o968oC7CEo2fGHsGdsRYC-content\">\n<h2>Zakaj izbrati vapestornado za veleprodajo JNR Shisha Hookah 100000 Puffs Vape za enkratno uporabo?<\/h2>\n<div class=\"flex-shrink-0 flex flex-col relative items-end\">\n<div class=\"pt-0\">\n<div class=\"gizmo-bot-avatar flex h-8 w-8 items-center justify-center overflow-hidden rounded-full\">\n<div class=\"relative p-1 rounded-sm flex items-center justify-center bg-token-main-surface-primary text-token-text-primary h-8 w-8\">\n<p>Dobrodo\u0161li v vapestornadu, va\u0161i zaupanja vredni spletni trgovini z veipi za vrhunske veipe za enkratno uporabo. Z ve\u010d kot 5-letnimi izku\u0161njami vam prina\u0161amo priljubljene blagovne znamke veipov za enkratno uporabo, kot so Fumot RandM Vape, <a href=\"https:\/\/vapestornado.com\/sl\/product-category\/vapme-shisha\/\">Vapme<\/a>, Bang Vape, Waspe Vape in WGA Vape, itd.<\/p>\n<p>Na\u0161a ponudba vklju\u010duje vro\u010de prodajane veipe, kot je <a href=\"https:\/\/vapestornado.com\/sl\/product\/randm-12000-puffs-fumot-digital-disposable-vape-wholesale-price\/\">RandM Tornado 12000<\/a>, in izbire, bogate z okusi, kot je <a href=\"https:\/\/vapestornado.com\/sl\/product\/wga-crystal-pro-max-extra-15000-puffs-rechargeable-disposable-vape-wholesale-bulk-buy\/\">\u00a0WGA Kristal 15k Vdihov<\/a> Vsak izdelek je izbran s poudarkom na kakovosti, vrednosti in raznolikosti, kar zagotavlja, da boste na\u0161li popolno ujemanje za svoje potrebe. Odkrijte izjemno storitev in \u0161iroko paleto vrhunskih izdelkov po veleprodajni ceni pri vapestornado.<\/p>\n<\/div>\n<p>&nbsp;<\/p>\n<p><strong>Druge vro\u010de prodajane e-cigarete za enkratno uporabo<\/strong><\/p>\n<p><a href=\"https:\/\/vapestornado.com\/sl\/product\/vozol-star-20000-puffs-disposable-vape-2-low-nicotine-bulk-buy-wholesale-cheap-price\/\">VOZOL Star 20000 vdihov <span style=\"color: #ff0000;\"><strong>&gt;&gt;&gt;&gt; Pojdi !<\/strong><\/span><\/a><\/p>\n<p><a href=\"https:\/\/vapestornado.com\/sl\/product\/refillable-disposable-vape-bang-40000-puffs-with-smart-screen-display-wholesale\/\">Bang 40000 vdihov<span style=\"color: #ff0000;\"><strong>&gt;&gt;&gt;&gt; Pojdi !<\/strong><\/span><\/a><\/p>\n<p><a href=\"https:\/\/vapestornado.com\/sl\/product\/bang-king-vape-35000-puff-smart-digital-display-wholesale-disposable-electronic-cigarette-wholesale\/\">Bang King 35000 <span style=\"color: #ff0000;\"><strong>&gt;&gt;&gt;&gt; Pojdi !<\/strong><\/span><\/a><\/p>\n<\/div>\n<\/div>\n<\/div>\n<p>&nbsp;<\/p>\n<\/div>\n<\/div>\n<\/div>\n<\/div>\n<\/div>\n<\/div>\n<\/div>\n<\/div>\n<\/div>","protected":false},"excerpt":{"rendered":"<p>The <strong data-start=\"1405\" data-end=\"1436\">JNR Mega Shisha D\u017eb\u00e1n 100K<\/strong> zagotavlja neprimerljivih 100.000 vdihov, pametni zaslon in 60 ml rezervoar za e-teko\u010dino. Polnilna naprava za enkratno uporabo, narejena za <strong data-start=\"1548\" data-end=\"1583\">veleprodajne kupce v Evropi<\/strong>.<\/p>\n<p><strong>Dodajte Amy na WhatsApp in prejmite takoj\u0161en odgovor ter kupon za vape!<\/strong><\/p>\n<p><img fetchpriority=\"high\" decoding=\"async\" class=\"size-full wp-image-2932\" src=\"https:\/\/vapestornado.com\/wp-content\/uploads\/2024\/12\/Vape-Wholesale.jpg\" alt=\"Vape Veleprodaja\" width=\"229\" height=\"300\" \/><\/p>\n<h3><a href=\"https:\/\/wa.me\/8617776015835\"><span style=\"color: #ff0000;\"><strong>WhatsApp: +386 17776015835<\/strong><\/span><\/a><\/h3>\n<p>&nbsp;<\/p>","protected":false},"featured_media":3648,"comment_status":"open","ping_status":"closed","template":"","meta":{"_acf_changed":false,"_uag_custom_page_level_css":"","_lmt_disableupdate":"no","_lmt_disable":"","_monsterinsights_skip_tracking":false,"_monsterinsights_sitenote_active":false,"_monsterinsights_sitenote_note":"","_monsterinsights_sitenote_category":0,"site-sidebar-layout":"default","site-content-layout":"","ast-site-content-layout":"default","site-content-style":"default","site-sidebar-style":"default","ast-global-header-display":"","ast-banner-title-visibility":"","ast-main-header-display":"","ast-hfb-above-header-display":"","ast-hfb-below-header-display":"","ast-hfb-mobile-header-display":"","site-post-title":"","ast-breadcrumbs-content":"","ast-featured-img":"","footer-sml-layout":"","ast-disable-related-posts":"","theme-transparent-header-meta":"default","adv-header-id-meta":"","stick-header-meta":"","header-above-stick-meta":"","header-main-stick-meta":"","header-below-stick-meta":"","astra-migrate-meta-layouts":"set","ast-page-background-enabled":"default","ast-page-background-meta":{"desktop":{"background-color":"","background-image":"","background-repeat":"repeat","background-position":"center center","background-size":"auto","background-attachment":"scroll","background-type":"","background-media":"","overlay-type":"","overlay-color":"","overlay-opacity":"","overlay-gradient":""},"tablet":{"background-color":"","background-image":"","background-repeat":"repeat","background-position":"center center","background-size":"auto","background-attachment":"scroll","background-type":"","background-media":"","overlay-type":"","overlay-color":"","overlay-opacity":"","overlay-gradient":""},"mobile":{"background-color":"","background-image":"","background-repeat":"repeat","background-position":"center center","background-size":"auto","background-attachment":"scroll","background-type":"","background-media":"","overlay-type":"","overlay-color":"","overlay-opacity":"","overlay-gradient":""}},"ast-content-background-meta":{"desktop":{"background-color":"var(--ast-global-color-5)","background-image":"","background-repeat":"repeat","background-position":"center center","background-size":"auto","background-attachment":"scroll","background-type":"","background-media":"","overlay-type":"","overlay-color":"","overlay-opacity":"","overlay-gradient":""},"tablet":{"background-color":"var(--ast-global-color-5)","background-image":"","background-repeat":"repeat","background-position":"center center","background-size":"auto","background-attachment":"scroll","background-type":"","background-media":"","overlay-type":"","overlay-color":"","overlay-opacity":"","overlay-gradient":""},"mobile":{"background-color":"var(--ast-global-color-5)","background-image":"","background-repeat":"repeat","background-position":"center center","background-size":"auto","background-attachment":"scroll","background-type":"","background-media":"","overlay-type":"","overlay-color":"","overlay-opacity":"","overlay-gradient":""}},"_joinchat":{"telephone":"+8617776015835"}},"product_brand":[],"product_cat":[140,154,142,76,147],"product_tag":[165,105,97,225,166,94,131,226],"class_list":{"0":"post-3649","1":"product","2":"type-product","3":"status-publish","4":"has-post-thumbnail","6":"product_cat-big-puffs-disposable-vapes","7":"product_cat-buy-disposable-vapes-in-netherlands","8":"product_cat-digital-box-disposable-vapes","9":"product_cat-jnr-vape","10":"product_cat-shisha-hookah-disposable-vapes","11":"product_tag-cheap-vapes","12":"product_tag-digital-disposable-vape","13":"product_tag-hot-sale-disposable-vape","14":"product_tag-jnr-shisha-hookah-100000","15":"product_tag-low-nicotine-vape","16":"product_tag-rechargeable-disposable-vape","17":"product_tag-shisha-hookah","18":"product_tag-shisha-hookah-disposable-vapes","19":"desktop-align-left","20":"tablet-align-left","21":"mobile-align-left","23":"first","24":"instock","25":"sale","26":"shipping-taxable","27":"purchasable","28":"product-type-simple"},"acf":[],"uagb_featured_image_src":{"full":["https:\/\/vapestornado.com\/wp-content\/uploads\/2025\/01\/Shisha-Hookah-Disposable-Vape-100000-JNR.jpg",800,800,false],"thumbnail":["https:\/\/vapestornado.com\/wp-content\/uploads\/2025\/01\/Shisha-Hookah-Disposable-Vape-100000-JNR-150x150.jpg",150,150,true],"medium":["https:\/\/vapestornado.com\/wp-content\/uploads\/2025\/01\/Shisha-Hookah-Disposable-Vape-100000-JNR-300x300.jpg",300,300,true],"medium_large":["https:\/\/vapestornado.com\/wp-content\/uploads\/2025\/01\/Shisha-Hookah-Disposable-Vape-100000-JNR-768x768.jpg",768,768,true],"large":["https:\/\/vapestornado.com\/wp-content\/uploads\/2025\/01\/Shisha-Hookah-Disposable-Vape-100000-JNR.jpg",800,800,false],"1536x1536":["https:\/\/vapestornado.com\/wp-content\/uploads\/2025\/01\/Shisha-Hookah-Disposable-Vape-100000-JNR.jpg",800,800,false],"2048x2048":["https:\/\/vapestornado.com\/wp-content\/uploads\/2025\/01\/Shisha-Hookah-Disposable-Vape-100000-JNR.jpg",800,800,false],"trp-custom-language-flag":["https:\/\/vapestornado.com\/wp-content\/uploads\/2025\/01\/Shisha-Hookah-Disposable-Vape-100000-JNR.jpg",12,12,false],"woocommerce_thumbnail":["https:\/\/vapestornado.com\/wp-content\/uploads\/2025\/01\/Shisha-Hookah-Disposable-Vape-100000-JNR-300x300.jpg",300,300,true],"woocommerce_single":["https:\/\/vapestornado.com\/wp-content\/uploads\/2025\/01\/Shisha-Hookah-Disposable-Vape-100000-JNR-600x600.jpg",600,600,true],"woocommerce_gallery_thumbnail":["https:\/\/vapestornado.com\/wp-content\/uploads\/2025\/01\/Shisha-Hookah-Disposable-Vape-100000-JNR-100x100.jpg",100,100,true]},"uagb_author_info":{"display_name":"ESAMY","author_link":"https:\/\/vapestornado.com\/sl\/author\/"},"uagb_comment_info":0,"uagb_excerpt":"The JNR Mega Shisha Hookah 100K delivers an unmatched 100,000 puffs, smart screen, and 60ml e-liquid tank. A rechargeable disposable built for wholesale bulk buyers in Europe. Add Amy's whatsapp get right reply and vape coupon! WhatsApp: +86 17776015835 &nbsp;","_links":{"self":[{"href":"https:\/\/vapestornado.com\/sl\/wp-json\/wp\/v2\/product\/3649","targetHints":{"allow":["GET"]}}],"collection":[{"href":"https:\/\/vapestornado.com\/sl\/wp-json\/wp\/v2\/product"}],"about":[{"href":"https:\/\/vapestornado.com\/sl\/wp-json\/wp\/v2\/types\/product"}],"replies":[{"embeddable":true,"href":"https:\/\/vapestornado.com\/sl\/wp-json\/wp\/v2\/comments?post=3649"}],"wp:featuredmedia":[{"embeddable":true,"href":"https:\/\/vapestornado.com\/sl\/wp-json\/wp\/v2\/media\/3648"}],"wp:attachment":[{"href":"https:\/\/vapestornado.com\/sl\/wp-json\/wp\/v2\/media?parent=3649"}],"wp:term":[{"taxonomy":"product_brand","embeddable":true,"href":"https:\/\/vapestornado.com\/sl\/wp-json\/wp\/v2\/product_brand?post=3649"},{"taxonomy":"product_cat","embeddable":true,"href":"https:\/\/vapestornado.com\/sl\/wp-json\/wp\/v2\/product_cat?post=3649"},{"taxonomy":"product_tag","embeddable":true,"href":"https:\/\/vapestornado.com\/sl\/wp-json\/wp\/v2\/product_tag?post=3649"}],"curies":[{"name":"wp","href":"https:\/\/api.w.org\/{rel}","templated":true}]}}